{"id":12809,"date":"2023-08-18T11:43:12","date_gmt":"2023-08-18T06:13:12","guid":{"rendered":"https:\/\/conexmetals.com\/?post_type=product&#038;p=12809"},"modified":"2025-01-07T14:08:43","modified_gmt":"2025-01-07T08:38:43","slug":"anschlussdosen","status":"publish","type":"product","link":"https:\/\/conexmetals.com\/de\/produkt\/anschlussdosen\/","title":{"rendered":"Anschlussdosen"},"content":{"rendered":"","protected":false},"excerpt":{"rendered":"<table id=\"tablepress-401\" class=\"tablepress tablepress-id-401\">\n<caption>\u00a0<\/caption>\n<thead>\n<tr class=\"row-1 odd\">\n<th class=\"column-1\" colspan=\"2\"><strong><span>Technisches Datenblatt<\/span><\/strong><\/th>\n<\/tr>\n<\/thead>\n<tbody class=\"row-hover\">\n<tr class=\"row-2 even\">\n<td class=\"column-1\"><strong><span>Material<\/span><\/strong><\/td>\n<td class=\"column-2\"><span>Temperguss<\/span><\/td>\n<\/tr>\n<tr class=\"row-3 odd\">\n<td class=\"column-1\"><strong><span>Beenden<\/span><\/strong><\/td>\n<td class=\"column-2\"><span>Verzinkt<\/span><\/td>\n<\/tr>\n<tr class=\"row-4 even\">\n<td class=\"column-1\"><strong><span>Standard<\/span><\/strong><\/td>\n<td class=\"column-2\"><span>BS EN 50086 und BS EN 61386<\/span><\/td>\n<\/tr>\n<tr class=\"row-5 odd\">\n<td class=\"column-1\"><strong><span>Faden<\/span><\/strong><\/td>\n<td class=\"column-2\"><span>Innenma\u00df Metrisch<\/span><\/td>\n<\/tr>\n<tr class=\"row-6 even\">\n<td class=\"column-1\"><strong><span>Gr\u00f6\u00dfe<\/span><\/strong><\/td>\n<td class=\"column-2\"><span>20 25 32 mm, 3\/4 Zoll, 1 Zoll 1-1\/4 Zoll<\/span><\/td>\n<\/tr>\n<tr class=\"row-7 odd\">\n<td class=\"column-1\"><strong><span>Verwendung<\/span><\/strong><\/td>\n<td class=\"column-2\"><span>Passend f\u00fcr BS4568\/BS31 GI Conduit Kabelmanagementsystem<\/span><\/td>\n<\/tr>\n<\/tbody>\n<\/table>\n<p><span>Anschlussdosen sind wichtige Komponenten in Elektroinstallationen, die elektrische Verbindungen, Splei\u00dfe und Anschl\u00fcsse aufnehmen und sch\u00fctzen. Sie sind f\u00fcr die Sicherheit und Organisation elektrischer Systeme von entscheidender Bedeutung, da sie eine sichere Ummantelung der Verkabelung und Anschl\u00fcsse bieten, w\u00e4hrend sie gleichzeitig versehentlichen Kontakt verhindern und das Risiko elektrischer Gefahren minimieren.<\/span><\/p>\n<p><span>Zu den wichtigsten Merkmalen und Einsatzm\u00f6glichkeiten von Anschlussdosen geh\u00f6ren:<\/span><\/p>\n<ol>\n<li><span>Geh\u00e4use: Anschlussdosen bestehen normalerweise aus Metall oder nichtmetallischen Materialien und sind in verschiedenen Formen und Gr\u00f6\u00dfen erh\u00e4ltlich, um verschiedenen Verdrahtungskonfigurationen und Installationsanforderungen gerecht zu werden.<\/span><\/li>\n<li><span>Kabelknotenpunkte: Sie dienen als Treffpunkte, an denen mehrere elektrische Kabel oder Leitungen zusammengef\u00fchrt werden k\u00f6nnen, wodurch ein zentraler Ort f\u00fcr Verbindungen entsteht.<\/span><\/li>\n<li><span>Splei\u00dfe und Anschl\u00fcsse: Anschlussk\u00e4sten erm\u00f6glichen das sichere Splei\u00dfen und Anschlie\u00dfen elektrischer Leiter und gew\u00e4hrleisten so eine zuverl\u00e4ssige und dauerhafte Verbindung.<\/span><\/li>\n<li><span>Schutz: Das geschlossene Design der Anschlussk\u00e4sten sch\u00fctzt die elektrischen Verbindungen vor Staub, Schmutz, Feuchtigkeit und physischen Sch\u00e4den und verl\u00e4ngert so die Lebensdauer des elektrischen Systems.<\/span><\/li>\n<li><span>Sicherheit: Anschlussdosen verhindern den versehentlichen Kontakt mit stromf\u00fchrenden Leitungen und verringern so die Gefahr eines Stromschlags oder Kurzschlusses.<\/span><\/li>\n<li><span>Einfacher Zugriff: Viele Anschlussk\u00e4sten verf\u00fcgen \u00fcber abnehmbare Abdeckungen, die einen einfachen Zugriff f\u00fcr Inspektion, Wartung oder zuk\u00fcnftige \u00c4nderungen an den elektrischen Anschl\u00fcssen erm\u00f6glichen.<\/span><\/li>\n<\/ol>\n<p><span>Anschlussdosen werden in verschiedenen elektrischen Anwendungen verwendet, darunter im Wohn-, Gewerbe- und Industriebereich. Sie k\u00f6nnen je nach Installationsanforderungen an W\u00e4nden, Decken oder in elektrischen Geh\u00e4usen montiert werden. Anschlussdosen finden sich in verschiedenen Teilen elektrischer Systeme, beispielsweise entlang von Leitungsrohren, auf Dachb\u00f6den, in Kriechkellern und in verborgenen R\u00e4umen.<\/span><\/p>\n","protected":false},"featured_media":12805,"template":"","meta":[],"product_brand":[],"product_cat":[384],"product_tag":[],"class_list":{"0":"post-12809","1":"product","2":"type-product","3":"status-publish","4":"has-post-thumbnail","6":"product_cat-verzinkte-gi-stahlrohrfittings","8":"first","9":"instock","10":"shipping-taxable","11":"product-type-simple"},"yoast_head":"<!-- This site is optimized with the Yoast SEO plugin v27.3 - https:\/\/yoast.com\/product\/yoast-seo-wordpress\/ -->\n<title>Anschlussdosen<\/title>\n<meta name=\"description\" content=\"Conex Metals bietet hochwertige Anschlussdosen, darunter elektrische Anschlussdosen und wasserdichte Boxen. Unsere industriellen Elektrogeh\u00e4use und witterungsbest\u00e4ndigen Anschlussdosenabdeckungen gew\u00e4hrleisten sichere elektrische Verbindungen in verschiedenen Umgebungen. F\u00fchrender Hersteller, Exporteur und Lieferant aus Indien.\" \/>\n<meta name=\"robots\" content=\"index, follow, max-snippet:-1, max-image-preview:large, max-video-preview:-1\" \/>\n<link rel=\"canonical\" href=\"https:\/\/conexmetals.com\/de\/produkt\/anschlussdosen\/\" \/>\n<script type=\"application\/ld+json\" class=\"yoast-schema-graph\">{\"@context\":\"https:\\\/\\\/schema.org\",\"@graph\":[{\"@type\":\"WebPage\",\"@id\":\"https:\\\/\\\/conexmetals.com\\\/de\\\/produkt\\\/anschlussdosen\\\/\",\"url\":\"https:\\\/\\\/conexmetals.com\\\/de\\\/produkt\\\/anschlussdosen\\\/\",\"name\":\"Anschlussdosen\",\"isPartOf\":{\"@id\":\"https:\\\/\\\/conexmetals.com\\\/de\\\/#website\"},\"primaryImageOfPage\":{\"@id\":\"https:\\\/\\\/conexmetals.com\\\/de\\\/produkt\\\/anschlussdosen\\\/#primaryimage\"},\"image\":{\"@id\":\"https:\\\/\\\/conexmetals.com\\\/de\\\/produkt\\\/anschlussdosen\\\/#primaryimage\"},\"thumbnailUrl\":\"https:\\\/\\\/conexmetals.com\\\/wp-content\\\/uploads\\\/2025\\\/01\\\/Anschlussdosen.webp\",\"datePublished\":\"2023-08-18T06:13:12+00:00\",\"dateModified\":\"2025-01-07T08:38:43+00:00\",\"description\":\"Conex Metals bietet hochwertige Anschlussdosen, darunter elektrische Anschlussdosen und wasserdichte Boxen. Unsere industriellen Elektrogeh\u00e4use und witterungsbest\u00e4ndigen Anschlussdosenabdeckungen gew\u00e4hrleisten sichere elektrische Verbindungen in verschiedenen Umgebungen. F\u00fchrender Hersteller, Exporteur und Lieferant aus Indien.\",\"breadcrumb\":{\"@id\":\"https:\\\/\\\/conexmetals.com\\\/de\\\/produkt\\\/anschlussdosen\\\/#breadcrumb\"},\"inLanguage\":\"de\",\"potentialAction\":[{\"@type\":\"ReadAction\",\"target\":[\"https:\\\/\\\/conexmetals.com\\\/de\\\/produkt\\\/anschlussdosen\\\/\"]}]},{\"@type\":\"ImageObject\",\"inLanguage\":\"de\",\"@id\":\"https:\\\/\\\/conexmetals.com\\\/de\\\/produkt\\\/anschlussdosen\\\/#primaryimage\",\"url\":\"https:\\\/\\\/conexmetals.com\\\/wp-content\\\/uploads\\\/2025\\\/01\\\/Anschlussdosen.webp\",\"contentUrl\":\"https:\\\/\\\/conexmetals.com\\\/wp-content\\\/uploads\\\/2025\\\/01\\\/Anschlussdosen.webp\",\"width\":300,\"height\":300,\"caption\":\"Anschlussdosen\"},{\"@type\":\"BreadcrumbList\",\"@id\":\"https:\\\/\\\/conexmetals.com\\\/de\\\/produkt\\\/anschlussdosen\\\/#breadcrumb\",\"itemListElement\":[{\"@type\":\"ListItem\",\"position\":1,\"name\":\"Home\",\"item\":\"https:\\\/\\\/conexmetals.com\\\/de\\\/heim\\\/\"},{\"@type\":\"ListItem\",\"position\":2,\"name\":\"Products\",\"item\":\"https:\\\/\\\/conexmetals.com\\\/products\\\/\"},{\"@type\":\"ListItem\",\"position\":3,\"name\":\"Anschlussdosen\"}]},{\"@type\":\"WebSite\",\"@id\":\"https:\\\/\\\/conexmetals.com\\\/de\\\/#website\",\"url\":\"https:\\\/\\\/conexmetals.com\\\/de\\\/\",\"name\":\"Conex Metals Brass Fittings Brass Parts Copper Parts Brass Components Brass Plumbing Fittings India\",\"description\":\"Manufacturer of Bronze Fittings casting Copper Brass parts components\",\"publisher\":{\"@id\":\"https:\\\/\\\/conexmetals.com\\\/de\\\/#organization\"},\"potentialAction\":[{\"@type\":\"SearchAction\",\"target\":{\"@type\":\"EntryPoint\",\"urlTemplate\":\"https:\\\/\\\/conexmetals.com\\\/de\\\/?s={search_term_string}\"},\"query-input\":{\"@type\":\"PropertyValueSpecification\",\"valueRequired\":true,\"valueName\":\"search_term_string\"}}],\"inLanguage\":\"de\"},{\"@type\":\"Organization\",\"@id\":\"https:\\\/\\\/conexmetals.com\\\/de\\\/#organization\",\"name\":\"Conex Metals Brass Fittings Brass Parts Copper Parts Brass Components Brass Plumbing Fittings India\",\"url\":\"https:\\\/\\\/conexmetals.com\\\/de\\\/\",\"logo\":{\"@type\":\"ImageObject\",\"inLanguage\":\"de\",\"@id\":\"https:\\\/\\\/conexmetals.com\\\/de\\\/#\\\/schema\\\/logo\\\/image\\\/\",\"url\":\"https:\\\/\\\/conexmetals.com\\\/wp-content\\\/uploads\\\/2024\\\/03\\\/conex-metals-logo.webp\",\"contentUrl\":\"https:\\\/\\\/conexmetals.com\\\/wp-content\\\/uploads\\\/2024\\\/03\\\/conex-metals-logo.webp\",\"width\":300,\"height\":121,\"caption\":\"Conex Metals Brass Fittings Brass Parts Copper Parts Brass Components Brass Plumbing Fittings India\"},\"image\":{\"@id\":\"https:\\\/\\\/conexmetals.com\\\/de\\\/#\\\/schema\\\/logo\\\/image\\\/\"},\"sameAs\":[\"https:\\\/\\\/www.facebook.com\\\/conexbrass\",\"https:\\\/\\\/x.com\\\/conexindia\",\"https:\\\/\\\/www.linkedin.com\\\/company\\\/conex-metals-india\\\/\",\"https:\\\/\\\/www.instagram.com\\\/conexindia\\\/\"]}]}<\/script>\n<!-- \/ Yoast SEO plugin. -->","yoast_head_json":{"title":"Anschlussdosen","description":"Conex Metals bietet hochwertige Anschlussdosen, darunter elektrische Anschlussdosen und wasserdichte Boxen. Unsere industriellen Elektrogeh\u00e4use und witterungsbest\u00e4ndigen Anschlussdosenabdeckungen gew\u00e4hrleisten sichere elektrische Verbindungen in verschiedenen Umgebungen. F\u00fchrender Hersteller, Exporteur und Lieferant aus Indien.","robots":{"index":"index","follow":"follow","max-snippet":"max-snippet:-1","max-image-preview":"max-image-preview:large","max-video-preview":"max-video-preview:-1"},"canonical":"https:\/\/conexmetals.com\/de\/produkt\/anschlussdosen\/","schema":{"@context":"https:\/\/schema.org","@graph":[{"@type":"WebPage","@id":"https:\/\/conexmetals.com\/de\/produkt\/anschlussdosen\/","url":"https:\/\/conexmetals.com\/de\/produkt\/anschlussdosen\/","name":"Anschlussdosen","isPartOf":{"@id":"https:\/\/conexmetals.com\/de\/#website"},"primaryImageOfPage":{"@id":"https:\/\/conexmetals.com\/de\/produkt\/anschlussdosen\/#primaryimage"},"image":{"@id":"https:\/\/conexmetals.com\/de\/produkt\/anschlussdosen\/#primaryimage"},"thumbnailUrl":"https:\/\/conexmetals.com\/wp-content\/uploads\/2025\/01\/Anschlussdosen.webp","datePublished":"2023-08-18T06:13:12+00:00","dateModified":"2025-01-07T08:38:43+00:00","description":"Conex Metals bietet hochwertige Anschlussdosen, darunter elektrische Anschlussdosen und wasserdichte Boxen. Unsere industriellen Elektrogeh\u00e4use und witterungsbest\u00e4ndigen Anschlussdosenabdeckungen gew\u00e4hrleisten sichere elektrische Verbindungen in verschiedenen Umgebungen. F\u00fchrender Hersteller, Exporteur und Lieferant aus Indien.","breadcrumb":{"@id":"https:\/\/conexmetals.com\/de\/produkt\/anschlussdosen\/#breadcrumb"},"inLanguage":"de","potentialAction":[{"@type":"ReadAction","target":["https:\/\/conexmetals.com\/de\/produkt\/anschlussdosen\/"]}]},{"@type":"ImageObject","inLanguage":"de","@id":"https:\/\/conexmetals.com\/de\/produkt\/anschlussdosen\/#primaryimage","url":"https:\/\/conexmetals.com\/wp-content\/uploads\/2025\/01\/Anschlussdosen.webp","contentUrl":"https:\/\/conexmetals.com\/wp-content\/uploads\/2025\/01\/Anschlussdosen.webp","width":300,"height":300,"caption":"Anschlussdosen"},{"@type":"BreadcrumbList","@id":"https:\/\/conexmetals.com\/de\/produkt\/anschlussdosen\/#breadcrumb","itemListElement":[{"@type":"ListItem","position":1,"name":"Home","item":"https:\/\/conexmetals.com\/de\/heim\/"},{"@type":"ListItem","position":2,"name":"Products","item":"https:\/\/conexmetals.com\/products\/"},{"@type":"ListItem","position":3,"name":"Anschlussdosen"}]},{"@type":"WebSite","@id":"https:\/\/conexmetals.com\/de\/#website","url":"https:\/\/conexmetals.com\/de\/","name":"Conex Metals Brass Fittings Brass Parts Copper Parts Brass Components Brass Plumbing Fittings India","description":"Manufacturer of Bronze Fittings casting Copper Brass parts components","publisher":{"@id":"https:\/\/conexmetals.com\/de\/#organization"},"potentialAction":[{"@type":"SearchAction","target":{"@type":"EntryPoint","urlTemplate":"https:\/\/conexmetals.com\/de\/?s={search_term_string}"},"query-input":{"@type":"PropertyValueSpecification","valueRequired":true,"valueName":"search_term_string"}}],"inLanguage":"de"},{"@type":"Organization","@id":"https:\/\/conexmetals.com\/de\/#organization","name":"Conex Metals Brass Fittings Brass Parts Copper Parts Brass Components Brass Plumbing Fittings India","url":"https:\/\/conexmetals.com\/de\/","logo":{"@type":"ImageObject","inLanguage":"de","@id":"https:\/\/conexmetals.com\/de\/#\/schema\/logo\/image\/","url":"https:\/\/conexmetals.com\/wp-content\/uploads\/2024\/03\/conex-metals-logo.webp","contentUrl":"https:\/\/conexmetals.com\/wp-content\/uploads\/2024\/03\/conex-metals-logo.webp","width":300,"height":121,"caption":"Conex Metals Brass Fittings Brass Parts Copper Parts Brass Components Brass Plumbing Fittings India"},"image":{"@id":"https:\/\/conexmetals.com\/de\/#\/schema\/logo\/image\/"},"sameAs":["https:\/\/www.facebook.com\/conexbrass","https:\/\/x.com\/conexindia","https:\/\/www.linkedin.com\/company\/conex-metals-india\/","https:\/\/www.instagram.com\/conexindia\/"]}]}},"_links":{"self":[{"href":"https:\/\/conexmetals.com\/de\/wp-json\/wp\/v2\/product\/12809","targetHints":{"allow":["GET"]}}],"collection":[{"href":"https:\/\/conexmetals.com\/de\/wp-json\/wp\/v2\/product"}],"about":[{"href":"https:\/\/conexmetals.com\/de\/wp-json\/wp\/v2\/types\/product"}],"wp:featuredmedia":[{"embeddable":true,"href":"https:\/\/conexmetals.com\/de\/wp-json\/wp\/v2\/media\/12805"}],"wp:attachment":[{"href":"https:\/\/conexmetals.com\/de\/wp-json\/wp\/v2\/media?parent=12809"}],"wp:term":[{"taxonomy":"product_brand","embeddable":true,"href":"https:\/\/conexmetals.com\/de\/wp-json\/wp\/v2\/product_brand?post=12809"},{"taxonomy":"product_cat","embeddable":true,"href":"https:\/\/conexmetals.com\/de\/wp-json\/wp\/v2\/product_cat?post=12809"},{"taxonomy":"product_tag","embeddable":true,"href":"https:\/\/conexmetals.com\/de\/wp-json\/wp\/v2\/product_tag?post=12809"}],"curies":[{"name":"wp","href":"https:\/\/api.w.org\/{rel}","templated":true}]}}