{"id":12850,"date":"2023-08-18T11:40:42","date_gmt":"2023-08-18T06:10:42","guid":{"rendered":"https:\/\/conexmetals.com\/?post_type=product&#038;p=12850"},"modified":"2025-01-07T15:14:06","modified_gmt":"2025-01-07T09:44:06","slug":"gepresste-kabeldosen","status":"publish","type":"product","link":"https:\/\/conexmetals.com\/de\/produkt\/gepresste-kabeldosen\/","title":{"rendered":"Gepresste Kabeldosen"},"content":{"rendered":"","protected":false},"excerpt":{"rendered":"<p><strong><span>Box Wall 1-Gang Standard-Gleitmutter<\/span><\/strong><\/p>\n<p><img fetchpriority=\"high\" decoding=\"async\" class=\"alignnone size-medium wp-image-12369 lazy loaded\" src=\"https:\/\/conexmetals.com\/wp-content\/uploads\/2023\/08\/Pressed-Conduit-Boxes-1-gang-300x300.webp\" alt=\"\" width=\"300\" height=\"300\" data-src=\"https:\/\/conexmetals.com\/wp-content\/uploads\/2023\/08\/Pressed-Conduit-Boxes-1-gang-300x300.webp\" data-was-processed=\"true\" srcset=\"https:\/\/conexmetals.com\/wp-content\/uploads\/2023\/08\/Pressed-Conduit-Boxes-1-gang-300x300.webp 300w, https:\/\/conexmetals.com\/wp-content\/uploads\/2023\/08\/Pressed-Conduit-Boxes-1-gang-150x150.webp 150w, https:\/\/conexmetals.com\/wp-content\/uploads\/2023\/08\/Pressed-Conduit-Boxes-1-gang-100x100.webp 100w, https:\/\/conexmetals.com\/wp-content\/uploads\/2023\/08\/Pressed-Conduit-Boxes-1-gang.webp 369w\" sizes=\"(max-width: 300px) 100vw, 300px\" \/><\/p>\n<table id=\"tablepress-407\" class=\"tablepress tablepress-id-407\">\n<caption>\u00a0<\/caption>\n<thead>\n<tr class=\"row-1 odd\">\n<th class=\"column-1\" colspan=\"2\"><strong><span>Technisches Datenblatt<\/span><\/strong><\/th>\n<\/tr>\n<\/thead>\n<tbody class=\"row-hover\">\n<tr class=\"row-2 even\">\n<td class=\"column-1\"><strong><span>Form<\/span><\/strong><\/td>\n<td class=\"column-2\"><span>Rechteckig<\/span><\/td>\n<\/tr>\n<tr class=\"row-3 odd\">\n<td class=\"column-1\"><strong><span>Anzahl der Banden<\/span><\/strong><\/td>\n<td class=\"column-2\"><span>1 Gang<\/span><\/td>\n<\/tr>\n<tr class=\"row-4 even\">\n<td class=\"column-1\"><strong><span>Kabeleinf\u00fchrungsnummer<\/span><\/strong><\/td>\n<td class=\"column-2\"><span>11<\/span><\/td>\n<\/tr>\n<tr class=\"row-5 odd\">\n<td class=\"column-1\"><strong><span>Material<\/span><\/strong><\/td>\n<td class=\"column-2\"><span>Stahl<\/span><\/td>\n<\/tr>\n<tr class=\"row-6 even\">\n<td class=\"column-1\"><strong><span>Oberfl\u00e4chenbehandlung<\/span><\/strong><\/td>\n<td class=\"column-2\"><span>Galvanisch verzinkt<\/span><\/td>\n<\/tr>\n<tr class=\"row-7 odd\">\n<td class=\"column-1\"><strong><span>L\u00e4nge<\/span><\/strong><\/td>\n<td class=\"column-2\"><span>94 mm<\/span><\/td>\n<\/tr>\n<tr class=\"row-8 even\">\n<td class=\"column-1\"><strong><span>Breite<\/span><\/strong><\/td>\n<td class=\"column-2\"><span>54 mm<\/span><\/td>\n<\/tr>\n<tr class=\"row-9 odd\">\n<td class=\"column-1\"><strong><span>Tiefe<\/span><\/strong><\/td>\n<td class=\"column-2\"><span>39 mm<\/span><\/td>\n<\/tr>\n<tr class=\"row-10 even\">\n<td class=\"column-1\"><strong><span>Standort der Verbindung<\/span><\/strong><\/td>\n<td class=\"column-2\"><span>Hinteren<\/span><\/td>\n<\/tr>\n<\/tbody>\n<\/table>\n<p><strong><span>Montagezubeh\u00f6r, Wanddosen<\/span><\/strong><br \/>\n<strong><span>Metall, 2-fach<\/span><\/strong><\/p>\n<p><img decoding=\"async\" class=\"alignnone size-medium wp-image-12374 lazy loaded\" src=\"https:\/\/conexmetals.com\/wp-content\/uploads\/2023\/08\/Pressed-Conduit-Boxes-2-gang-300x300.webp\" alt=\"Gepresste Leitungsdosen, 2-fach\" width=\"300\" height=\"300\" data-src=\"https:\/\/conexmetals.com\/wp-content\/uploads\/2023\/08\/Pressed-Conduit-Boxes-2-gang-300x300.webp\" data-was-processed=\"true\" srcset=\"https:\/\/conexmetals.com\/wp-content\/uploads\/2023\/08\/Pressed-Conduit-Boxes-2-gang-300x300.webp 300w, https:\/\/conexmetals.com\/wp-content\/uploads\/2023\/08\/Pressed-Conduit-Boxes-2-gang-150x150.webp 150w, https:\/\/conexmetals.com\/wp-content\/uploads\/2023\/08\/Pressed-Conduit-Boxes-2-gang-100x100.webp 100w, https:\/\/conexmetals.com\/wp-content\/uploads\/2023\/08\/Pressed-Conduit-Boxes-2-gang.webp 369w\" sizes=\"(max-width: 300px) 100vw, 300px\" \/><\/p>\n<table id=\"tablepress-406\" class=\"tablepress tablepress-id-406\">\n<caption>\u00a0<\/caption>\n<thead>\n<tr class=\"row-1 odd\">\n<th class=\"column-1\" colspan=\"2\"><strong><span>Technisches Datenblatt<\/span><\/strong><\/th>\n<\/tr>\n<\/thead>\n<tbody class=\"row-hover\">\n<tr class=\"row-2 even\">\n<td class=\"column-1\"><strong><span>Form<\/span><\/strong><\/td>\n<td class=\"column-2\"><span>Rechteckig<\/span><\/td>\n<\/tr>\n<tr class=\"row-3 odd\">\n<td class=\"column-1\"><strong><span>Anzahl der Banden<\/span><\/strong><\/td>\n<td class=\"column-2\"><span>2 Banden<\/span><\/td>\n<\/tr>\n<tr class=\"row-4 even\">\n<td class=\"column-1\"><strong><span>Kabeleinf\u00fchrungsnummer<\/span><\/strong><\/td>\n<td class=\"column-2\"><span>16<\/span><\/td>\n<\/tr>\n<tr class=\"row-5 odd\">\n<td class=\"column-1\"><strong><span>Material<\/span><\/strong><\/td>\n<td class=\"column-2\"><span>Stahl<\/span><\/td>\n<\/tr>\n<tr class=\"row-6 even\">\n<td class=\"column-1\"><strong><span>Oberfl\u00e4chenbehandlung<\/span><\/strong><\/td>\n<td class=\"column-2\"><span>Galvanisch verzinkt<\/span><\/td>\n<\/tr>\n<tr class=\"row-7 odd\">\n<td class=\"column-1\"><strong><span>L\u00e4nge<\/span><\/strong><\/td>\n<td class=\"column-2\"><span>97 mm<\/span><\/td>\n<\/tr>\n<tr class=\"row-8 even\">\n<td class=\"column-1\"><strong><span>Breite<\/span><\/strong><\/td>\n<td class=\"column-2\"><span>95 mm<\/span><\/td>\n<\/tr>\n<tr class=\"row-9 odd\">\n<td class=\"column-1\"><strong><span>Tiefe<\/span><\/strong><\/td>\n<td class=\"column-2\"><span>39 mm<\/span><\/td>\n<\/tr>\n<tr class=\"row-10 even\">\n<td class=\"column-1\"><strong><span>Standort der Verbindung<\/span><\/strong><\/td>\n<td class=\"column-2\"><span>Hinteren<\/span><\/td>\n<\/tr>\n<\/tbody>\n<\/table>\n<p><span>Gepresste Kabelkan\u00e4le, auch bekannt als gepresste Kabelkan\u00e4le aus Stahl oder gepresste Kabelkan\u00e4le aus Metall, sind elektrische Geh\u00e4use, die in elektrischen Anlagen zum Schutz und zur Unterbringung elektrischer Verbindungen, Splei\u00dfe und Anschl\u00fcsse verwendet werden. Diese Kan\u00e4le bestehen normalerweise aus Stahlblech, das in eine Kastenform geformt oder \u201egepresst\u201c wird.<\/span><\/p>\n<p><span>Zu den wichtigsten Merkmalen und Einsatzm\u00f6glichkeiten von gepressten Kabelkan\u00e4len geh\u00f6ren:<\/span><\/p>\n<ol>\n<li><span>Material: Gepresste Kabelkan\u00e4le werden \u00fcblicherweise aus verzinktem Stahl hergestellt, der Korrosionsbest\u00e4ndigkeit und Langlebigkeit bietet.<\/span><\/li>\n<li><span>Form und Gr\u00f6\u00dfe: Diese Boxen sind in verschiedenen Formen und Gr\u00f6\u00dfen erh\u00e4ltlich, beispielsweise rechteckig, quadratisch oder rund, um verschiedenen Verdrahtungskonfigurationen und Installationsanforderungen gerecht zu werden.<\/span><\/li>\n<li><span>Ausbrech\u00f6ffnungen: Gepresste Kabeldosen haben vorgestanzte Ausbrech\u00f6ffnungen, mit denen Elektriker problemlos \u00d6ffnungen f\u00fcr Kabelein- und -ausg\u00e4nge schaffen k\u00f6nnen. Diese Funktion bietet Flexibilit\u00e4t bei der Verlegung von elektrischen Kabeln und Leitungen.<\/span><\/li>\n<li><span>Abdeckung: Die meisten gepressten Abzweigdosen werden mit einer abnehmbaren Abdeckung geliefert, die mit Schrauben befestigt werden kann. Die Abdeckung sch\u00fctzt die eingeschlossenen elektrischen Komponenten vor Staub, Feuchtigkeit und anderen Umwelteinfl\u00fcssen.<\/span><\/li>\n<li><span>Montage: Gepresste Abzweigdosen verf\u00fcgen normalerweise \u00fcber Montagel\u00f6cher oder -\u00f6sen, die eine einfache Befestigung an W\u00e4nden, Decken oder anderen Strukturen erm\u00f6glichen.<\/span><\/li>\n<li><span>Kabelkanaleinf\u00fchrungen: Sie k\u00f6nnen mehrere Kabelkanaleinf\u00fchrungspunkte auf verschiedenen Seiten haben, was vielseitige Verkabelungskonfigurationen erm\u00f6glicht.<\/span><\/li>\n<\/ol>\n<p><span>Gepresste Kabelkan\u00e4le werden h\u00e4ufig in elektrischen Installationen in Wohngeb\u00e4uden und Gewerbegeb\u00e4uden verwendet und bieten eine sichere und geordnete M\u00f6glichkeit, elektrische Verbindungen und Abzweigungen unterzubringen. Sie werden \u00fcblicherweise entlang von Kabelkan\u00e4len, an Abzweigungen oder \u00fcberall dort installiert, wo elektrische Verbindungen und Abschl\u00fcsse gesch\u00fctzt und gesch\u00fctzt werden m\u00fcssen.<\/span><\/p>\n","protected":false},"featured_media":12846,"template":"","meta":[],"product_brand":[],"product_cat":[384],"product_tag":[],"class_list":{"0":"post-12850","1":"product","2":"type-product","3":"status-publish","4":"has-post-thumbnail","6":"product_cat-verzinkte-gi-stahlrohrfittings","8":"first","9":"instock","10":"shipping-taxable","11":"product-type-simple"},"yoast_head":"<!-- This site is optimized with the Yoast SEO plugin v27.3 - https:\/\/yoast.com\/product\/yoast-seo-wordpress\/ -->\n<title>Gepresste Kabeldosen<\/title>\n<meta name=\"description\" content=\"Conex Metals ist spezialisiert auf gepresste Kabeldosen, einschlie\u00dflich elektrischer Verteilerdosen und verzinkter Stahl-Kabeldosen. Unsere sicheren elektrischen Geh\u00e4use und wandmontierten Verteilerdosen bieten zuverl\u00e4ssige und langlebige Kabelkanal-Armaturen. F\u00fchrender Hersteller, Exporteur und Lieferant aus Indien\" \/>\n<meta name=\"robots\" content=\"index, follow, max-snippet:-1, max-image-preview:large, max-video-preview:-1\" \/>\n<link rel=\"canonical\" href=\"https:\/\/conexmetals.com\/de\/produkt\/gepresste-kabeldosen\/\" \/>\n<script type=\"application\/ld+json\" class=\"yoast-schema-graph\">{\"@context\":\"https:\\\/\\\/schema.org\",\"@graph\":[{\"@type\":\"WebPage\",\"@id\":\"https:\\\/\\\/conexmetals.com\\\/de\\\/produkt\\\/gepresste-kabeldosen\\\/\",\"url\":\"https:\\\/\\\/conexmetals.com\\\/de\\\/produkt\\\/gepresste-kabeldosen\\\/\",\"name\":\"Gepresste Kabeldosen\",\"isPartOf\":{\"@id\":\"https:\\\/\\\/conexmetals.com\\\/de\\\/#website\"},\"primaryImageOfPage\":{\"@id\":\"https:\\\/\\\/conexmetals.com\\\/de\\\/produkt\\\/gepresste-kabeldosen\\\/#primaryimage\"},\"image\":{\"@id\":\"https:\\\/\\\/conexmetals.com\\\/de\\\/produkt\\\/gepresste-kabeldosen\\\/#primaryimage\"},\"thumbnailUrl\":\"https:\\\/\\\/conexmetals.com\\\/wp-content\\\/uploads\\\/2025\\\/01\\\/Gepresste-Kabeldosen.webp\",\"datePublished\":\"2023-08-18T06:10:42+00:00\",\"dateModified\":\"2025-01-07T09:44:06+00:00\",\"description\":\"Conex Metals ist spezialisiert auf gepresste Kabeldosen, einschlie\u00dflich elektrischer Verteilerdosen und verzinkter Stahl-Kabeldosen. Unsere sicheren elektrischen Geh\u00e4use und wandmontierten Verteilerdosen bieten zuverl\u00e4ssige und langlebige Kabelkanal-Armaturen. F\u00fchrender Hersteller, Exporteur und Lieferant aus Indien\",\"breadcrumb\":{\"@id\":\"https:\\\/\\\/conexmetals.com\\\/de\\\/produkt\\\/gepresste-kabeldosen\\\/#breadcrumb\"},\"inLanguage\":\"de\",\"potentialAction\":[{\"@type\":\"ReadAction\",\"target\":[\"https:\\\/\\\/conexmetals.com\\\/de\\\/produkt\\\/gepresste-kabeldosen\\\/\"]}]},{\"@type\":\"ImageObject\",\"inLanguage\":\"de\",\"@id\":\"https:\\\/\\\/conexmetals.com\\\/de\\\/produkt\\\/gepresste-kabeldosen\\\/#primaryimage\",\"url\":\"https:\\\/\\\/conexmetals.com\\\/wp-content\\\/uploads\\\/2025\\\/01\\\/Gepresste-Kabeldosen.webp\",\"contentUrl\":\"https:\\\/\\\/conexmetals.com\\\/wp-content\\\/uploads\\\/2025\\\/01\\\/Gepresste-Kabeldosen.webp\",\"width\":300,\"height\":300,\"caption\":\"Gepresste Kabeldosen\"},{\"@type\":\"BreadcrumbList\",\"@id\":\"https:\\\/\\\/conexmetals.com\\\/de\\\/produkt\\\/gepresste-kabeldosen\\\/#breadcrumb\",\"itemListElement\":[{\"@type\":\"ListItem\",\"position\":1,\"name\":\"Home\",\"item\":\"https:\\\/\\\/conexmetals.com\\\/de\\\/heim\\\/\"},{\"@type\":\"ListItem\",\"position\":2,\"name\":\"Products\",\"item\":\"https:\\\/\\\/conexmetals.com\\\/products\\\/\"},{\"@type\":\"ListItem\",\"position\":3,\"name\":\"Gepresste Kabeldosen\"}]},{\"@type\":\"WebSite\",\"@id\":\"https:\\\/\\\/conexmetals.com\\\/de\\\/#website\",\"url\":\"https:\\\/\\\/conexmetals.com\\\/de\\\/\",\"name\":\"Conex Metals Brass Fittings Brass Parts Copper Parts Brass Components Brass Plumbing Fittings India\",\"description\":\"Manufacturer of Bronze Fittings casting Copper Brass parts components\",\"publisher\":{\"@id\":\"https:\\\/\\\/conexmetals.com\\\/de\\\/#organization\"},\"potentialAction\":[{\"@type\":\"SearchAction\",\"target\":{\"@type\":\"EntryPoint\",\"urlTemplate\":\"https:\\\/\\\/conexmetals.com\\\/de\\\/?s={search_term_string}\"},\"query-input\":{\"@type\":\"PropertyValueSpecification\",\"valueRequired\":true,\"valueName\":\"search_term_string\"}}],\"inLanguage\":\"de\"},{\"@type\":\"Organization\",\"@id\":\"https:\\\/\\\/conexmetals.com\\\/de\\\/#organization\",\"name\":\"Conex Metals Brass Fittings Brass Parts Copper Parts Brass Components Brass Plumbing Fittings India\",\"url\":\"https:\\\/\\\/conexmetals.com\\\/de\\\/\",\"logo\":{\"@type\":\"ImageObject\",\"inLanguage\":\"de\",\"@id\":\"https:\\\/\\\/conexmetals.com\\\/de\\\/#\\\/schema\\\/logo\\\/image\\\/\",\"url\":\"https:\\\/\\\/conexmetals.com\\\/wp-content\\\/uploads\\\/2024\\\/03\\\/conex-metals-logo.webp\",\"contentUrl\":\"https:\\\/\\\/conexmetals.com\\\/wp-content\\\/uploads\\\/2024\\\/03\\\/conex-metals-logo.webp\",\"width\":300,\"height\":121,\"caption\":\"Conex Metals Brass Fittings Brass Parts Copper Parts Brass Components Brass Plumbing Fittings India\"},\"image\":{\"@id\":\"https:\\\/\\\/conexmetals.com\\\/de\\\/#\\\/schema\\\/logo\\\/image\\\/\"},\"sameAs\":[\"https:\\\/\\\/www.facebook.com\\\/conexbrass\",\"https:\\\/\\\/x.com\\\/conexindia\",\"https:\\\/\\\/www.linkedin.com\\\/company\\\/conex-metals-india\\\/\",\"https:\\\/\\\/www.instagram.com\\\/conexindia\\\/\"]}]}<\/script>\n<!-- \/ Yoast SEO plugin. -->","yoast_head_json":{"title":"Gepresste Kabeldosen","description":"Conex Metals ist spezialisiert auf gepresste Kabeldosen, einschlie\u00dflich elektrischer Verteilerdosen und verzinkter Stahl-Kabeldosen. Unsere sicheren elektrischen Geh\u00e4use und wandmontierten Verteilerdosen bieten zuverl\u00e4ssige und langlebige Kabelkanal-Armaturen. F\u00fchrender Hersteller, Exporteur und Lieferant aus Indien","robots":{"index":"index","follow":"follow","max-snippet":"max-snippet:-1","max-image-preview":"max-image-preview:large","max-video-preview":"max-video-preview:-1"},"canonical":"https:\/\/conexmetals.com\/de\/produkt\/gepresste-kabeldosen\/","schema":{"@context":"https:\/\/schema.org","@graph":[{"@type":"WebPage","@id":"https:\/\/conexmetals.com\/de\/produkt\/gepresste-kabeldosen\/","url":"https:\/\/conexmetals.com\/de\/produkt\/gepresste-kabeldosen\/","name":"Gepresste Kabeldosen","isPartOf":{"@id":"https:\/\/conexmetals.com\/de\/#website"},"primaryImageOfPage":{"@id":"https:\/\/conexmetals.com\/de\/produkt\/gepresste-kabeldosen\/#primaryimage"},"image":{"@id":"https:\/\/conexmetals.com\/de\/produkt\/gepresste-kabeldosen\/#primaryimage"},"thumbnailUrl":"https:\/\/conexmetals.com\/wp-content\/uploads\/2025\/01\/Gepresste-Kabeldosen.webp","datePublished":"2023-08-18T06:10:42+00:00","dateModified":"2025-01-07T09:44:06+00:00","description":"Conex Metals ist spezialisiert auf gepresste Kabeldosen, einschlie\u00dflich elektrischer Verteilerdosen und verzinkter Stahl-Kabeldosen. Unsere sicheren elektrischen Geh\u00e4use und wandmontierten Verteilerdosen bieten zuverl\u00e4ssige und langlebige Kabelkanal-Armaturen. F\u00fchrender Hersteller, Exporteur und Lieferant aus Indien","breadcrumb":{"@id":"https:\/\/conexmetals.com\/de\/produkt\/gepresste-kabeldosen\/#breadcrumb"},"inLanguage":"de","potentialAction":[{"@type":"ReadAction","target":["https:\/\/conexmetals.com\/de\/produkt\/gepresste-kabeldosen\/"]}]},{"@type":"ImageObject","inLanguage":"de","@id":"https:\/\/conexmetals.com\/de\/produkt\/gepresste-kabeldosen\/#primaryimage","url":"https:\/\/conexmetals.com\/wp-content\/uploads\/2025\/01\/Gepresste-Kabeldosen.webp","contentUrl":"https:\/\/conexmetals.com\/wp-content\/uploads\/2025\/01\/Gepresste-Kabeldosen.webp","width":300,"height":300,"caption":"Gepresste Kabeldosen"},{"@type":"BreadcrumbList","@id":"https:\/\/conexmetals.com\/de\/produkt\/gepresste-kabeldosen\/#breadcrumb","itemListElement":[{"@type":"ListItem","position":1,"name":"Home","item":"https:\/\/conexmetals.com\/de\/heim\/"},{"@type":"ListItem","position":2,"name":"Products","item":"https:\/\/conexmetals.com\/products\/"},{"@type":"ListItem","position":3,"name":"Gepresste Kabeldosen"}]},{"@type":"WebSite","@id":"https:\/\/conexmetals.com\/de\/#website","url":"https:\/\/conexmetals.com\/de\/","name":"Conex Metals Brass Fittings Brass Parts Copper Parts Brass Components Brass Plumbing Fittings India","description":"Manufacturer of Bronze Fittings casting Copper Brass parts components","publisher":{"@id":"https:\/\/conexmetals.com\/de\/#organization"},"potentialAction":[{"@type":"SearchAction","target":{"@type":"EntryPoint","urlTemplate":"https:\/\/conexmetals.com\/de\/?s={search_term_string}"},"query-input":{"@type":"PropertyValueSpecification","valueRequired":true,"valueName":"search_term_string"}}],"inLanguage":"de"},{"@type":"Organization","@id":"https:\/\/conexmetals.com\/de\/#organization","name":"Conex Metals Brass Fittings Brass Parts Copper Parts Brass Components Brass Plumbing Fittings India","url":"https:\/\/conexmetals.com\/de\/","logo":{"@type":"ImageObject","inLanguage":"de","@id":"https:\/\/conexmetals.com\/de\/#\/schema\/logo\/image\/","url":"https:\/\/conexmetals.com\/wp-content\/uploads\/2024\/03\/conex-metals-logo.webp","contentUrl":"https:\/\/conexmetals.com\/wp-content\/uploads\/2024\/03\/conex-metals-logo.webp","width":300,"height":121,"caption":"Conex Metals Brass Fittings Brass Parts Copper Parts Brass Components Brass Plumbing Fittings India"},"image":{"@id":"https:\/\/conexmetals.com\/de\/#\/schema\/logo\/image\/"},"sameAs":["https:\/\/www.facebook.com\/conexbrass","https:\/\/x.com\/conexindia","https:\/\/www.linkedin.com\/company\/conex-metals-india\/","https:\/\/www.instagram.com\/conexindia\/"]}]}},"_links":{"self":[{"href":"https:\/\/conexmetals.com\/de\/wp-json\/wp\/v2\/product\/12850","targetHints":{"allow":["GET"]}}],"collection":[{"href":"https:\/\/conexmetals.com\/de\/wp-json\/wp\/v2\/product"}],"about":[{"href":"https:\/\/conexmetals.com\/de\/wp-json\/wp\/v2\/types\/product"}],"wp:featuredmedia":[{"embeddable":true,"href":"https:\/\/conexmetals.com\/de\/wp-json\/wp\/v2\/media\/12846"}],"wp:attachment":[{"href":"https:\/\/conexmetals.com\/de\/wp-json\/wp\/v2\/media?parent=12850"}],"wp:term":[{"taxonomy":"product_brand","embeddable":true,"href":"https:\/\/conexmetals.com\/de\/wp-json\/wp\/v2\/product_brand?post=12850"},{"taxonomy":"product_cat","embeddable":true,"href":"https:\/\/conexmetals.com\/de\/wp-json\/wp\/v2\/product_cat?post=12850"},{"taxonomy":"product_tag","embeddable":true,"href":"https:\/\/conexmetals.com\/de\/wp-json\/wp\/v2\/product_tag?post=12850"}],"curies":[{"name":"wp","href":"https:\/\/api.w.org\/{rel}","templated":true}]}}