{"id":12860,"date":"2023-08-18T10:45:20","date_gmt":"2023-08-18T05:15:20","guid":{"rendered":"https:\/\/conexmetals.com\/?post_type=product&#038;p=12860"},"modified":"2025-01-07T15:28:17","modified_gmt":"2025-01-07T09:58:17","slug":"abstandshalter-sattel","status":"publish","type":"product","link":"https:\/\/conexmetals.com\/de\/produkt\/abstandshalter-sattel\/","title":{"rendered":"Abstandshalter-Sattel"},"content":{"rendered":"","protected":false},"excerpt":{"rendered":"<table id=\"tablepress-360\" class=\"tablepress tablepress-id-360\">\n<caption>\u00a0<\/caption>\n<thead>\n<tr class=\"row-1 odd\">\n<th class=\"column-1\" colspan=\"11\"><strong><span>Distanzstangensattel<\/span><\/strong><\/th>\n<\/tr>\n<\/thead>\n<tbody class=\"row-hover\">\n<tr class=\"row-2 even\">\n<td class=\"column-1\" rowspan=\"2\"><strong><span>Beschreibung<\/span><\/strong><\/td>\n<td class=\"column-2\" rowspan=\"2\"><strong><span>Material<\/span><\/strong><\/td>\n<td class=\"column-3\" rowspan=\"2\"><strong><span>Nenngr\u00f6\u00dfe<\/span><\/strong><\/td>\n<td class=\"column-4\" rowspan=\"2\"><strong><span>Beenden<\/span><\/strong><\/td>\n<td class=\"column-5\" rowspan=\"2\"><strong><span>Eine Minute.<\/span><\/strong><\/td>\n<td class=\"column-6\" rowspan=\"2\"><strong><span>B min.<\/span><\/strong><\/td>\n<td class=\"column-7\"><strong><span>C (Durchm.)<\/span><\/strong><\/td>\n<td class=\"column-8\"><\/td>\n<td class=\"column-9\" rowspan=\"2\"><strong><span>Mindestens D.<\/span><\/strong><\/td>\n<td class=\"column-10\" rowspan=\"2\"><strong><span>F min.<\/span><\/strong><\/td>\n<td class=\"column-11\" rowspan=\"2\"><strong><span>F min<\/span><\/strong><\/td>\n<\/tr>\n<tr class=\"row-3 odd\">\n<td class=\"column-7\"><strong><span>Mindest.<\/span><\/strong><\/td>\n<td class=\"column-8\"><strong><span>Max.<\/span><\/strong><\/td>\n<\/tr>\n<tr class=\"row-4 even\">\n<td class=\"column-1\" rowspan=\"2\"><span>Distanzst\u00fcck Sattelstange 25mm, schwarz, PK5<\/span><\/td>\n<td class=\"column-2\" rowspan=\"2\"><span>Stahl<\/span><\/td>\n<td class=\"column-3\" rowspan=\"2\"><span>25<\/span><\/td>\n<td class=\"column-4\"><span>Schwarz<\/span><\/td>\n<td class=\"column-5\" rowspan=\"2\"><span>61<\/span><\/td>\n<td class=\"column-6\" rowspan=\"2\"><span>19<\/span><\/td>\n<td class=\"column-7\" rowspan=\"2\"><span>25<\/span><\/td>\n<td class=\"column-8\" rowspan=\"2\"><span>25.4<\/span><\/td>\n<td class=\"column-9\" rowspan=\"2\"><span>0,87<\/span><\/td>\n<td class=\"column-10\" rowspan=\"2\"><span>45<\/span><\/td>\n<td class=\"column-11\" rowspan=\"2\"><span>3.3<\/span><\/td>\n<\/tr>\n<tr class=\"row-5 odd\">\n<td class=\"column-4\"><span>verzinkt<\/span><\/td>\n<\/tr>\n<\/tbody>\n<\/table>\n<p><img fetchpriority=\"high\" decoding=\"async\" class=\"alignright wp-image-6815 size-full lazy loaded\" src=\"https:\/\/conexmetals.com\/wp-content\/uploads\/2023\/08\/Space-Bar-Distance-Saddles-line-drawing.png\" alt=\"Leertaste Abstand S\u00e4ttel Strichzeichnung\" width=\"563\" height=\"449\" data-src=\"https:\/\/conexmetals.com\/wp-content\/uploads\/2023\/08\/Space-Bar-Distance-Saddles-line-drawing.png\" data-was-processed=\"true\" srcset=\"https:\/\/conexmetals.com\/wp-content\/uploads\/2023\/08\/Space-Bar-Distance-Saddles-line-drawing.png 563w, https:\/\/conexmetals.com\/wp-content\/uploads\/2023\/08\/Space-Bar-Distance-Saddles-line-drawing-300x239.png 300w\" sizes=\"(max-width: 563px) 100vw, 563px\" \/><\/p>\n<p><span>Space Bar Distanzs\u00e4ttel sind robuste und zuverl\u00e4ssige Komponenten f\u00fcr Leitungs- und Kabelmanagementsysteme. Diese S\u00e4ttel sorgen f\u00fcr den richtigen Abstand und die sichere Befestigung von Leitungen und verbessern so die Gesamteffizienz und Organisation elektrischer Installationen. Sie werden aus hochwertigem Stahl hergestellt und sind in schwarzer und verzinkter Ausf\u00fchrung erh\u00e4ltlich, um eine \u00fcberragende Haltbarkeit und Korrosionsbest\u00e4ndigkeit zu bieten.<\/span><\/p>\n<p><strong><span>Hauptmerkmale:<\/span><\/strong><\/p>\n<ul>\n<li><span>Hergestellt aus hochwertigem Stahl f\u00fcr St\u00e4rke und Haltbarkeit.<\/span><\/li>\n<li><span>Erh\u00e4ltlich in schwarzer und verzinkter Ausf\u00fchrung zum Korrosionsschutz.<\/span><\/li>\n<li><span>Ausgelegt f\u00fcr Rohrgr\u00f6\u00dfen von 25 mm Nenngr\u00f6\u00dfe.<\/span><\/li>\n<li><span>Pr\u00e4zisionsgefertigte Abmessungen f\u00fcr eine sichere und genaue Installation.<\/span><\/li>\n<\/ul>\n<p><strong><span>Anwendungen:<\/span><\/strong><\/p>\n<ul>\n<li><span>Installation von Elektroinstallationsrohren.<\/span><\/li>\n<li><span>Kabelmanagement in industriellen, gewerblichen und privaten Umgebungen.<\/span><\/li>\n<li><span>Bauprojekte, die eine geordnete Kabelverlegung erfordern.<\/span><\/li>\n<\/ul>\n<p><strong><span>Warum Sie sich f\u00fcr uns entscheiden sollten?<\/span><\/strong><br \/>\n<span>Unsere Space Bar Distanzs\u00e4ttel erf\u00fcllen die h\u00f6chsten Qualit\u00e4tsstandards und gew\u00e4hrleisten eine zuverl\u00e4ssige Leistung in anspruchsvollen Umgebungen. Mit ihrer langlebigen Konstruktion und ihrem pr\u00e4zisen Design sind sie eine unverzichtbare Erg\u00e4nzung f\u00fcr jedes Kabelmanagement- oder Elektroleitungssystem.<\/span><\/p>\n","protected":false},"featured_media":12856,"template":"","meta":[],"product_brand":[],"product_cat":[384],"product_tag":[],"class_list":{"0":"post-12860","1":"product","2":"type-product","3":"status-publish","4":"has-post-thumbnail","6":"product_cat-verzinkte-gi-stahlrohrfittings","8":"first","9":"instock","10":"shipping-taxable","11":"product-type-simple"},"yoast_head":"<!-- This site is optimized with the Yoast SEO plugin v27.3 - https:\/\/yoast.com\/product\/yoast-seo-wordpress\/ -->\n<title>Abstandshalter-Sattel<\/title>\n<meta name=\"description\" content=\"Entdecken Sie die Abstandshalter-Sattel von Conex Metals, einschlie\u00dflich Zwischenraum-Sattel und galvanisierte Kabelkanal-Sattel. Unsere elektrischen Kabelkanal-St\u00fctzsattel und industriellen Kabelkanal-Abstandsklemmen gew\u00e4hrleisten eine dauerhafte und sichere Kabelkanalinstallation. Vertrauensw\u00fcrdiger Hersteller, Exporteur und Lieferant aus Indien\" \/>\n<meta name=\"robots\" content=\"index, follow, max-snippet:-1, max-image-preview:large, max-video-preview:-1\" \/>\n<link rel=\"canonical\" href=\"https:\/\/conexmetals.com\/de\/produkt\/abstandshalter-sattel\/\" \/>\n<script type=\"application\/ld+json\" class=\"yoast-schema-graph\">{\"@context\":\"https:\\\/\\\/schema.org\",\"@graph\":[{\"@type\":\"WebPage\",\"@id\":\"https:\\\/\\\/conexmetals.com\\\/de\\\/produkt\\\/abstandshalter-sattel\\\/\",\"url\":\"https:\\\/\\\/conexmetals.com\\\/de\\\/produkt\\\/abstandshalter-sattel\\\/\",\"name\":\"Abstandshalter-Sattel\",\"isPartOf\":{\"@id\":\"https:\\\/\\\/conexmetals.com\\\/de\\\/#website\"},\"primaryImageOfPage\":{\"@id\":\"https:\\\/\\\/conexmetals.com\\\/de\\\/produkt\\\/abstandshalter-sattel\\\/#primaryimage\"},\"image\":{\"@id\":\"https:\\\/\\\/conexmetals.com\\\/de\\\/produkt\\\/abstandshalter-sattel\\\/#primaryimage\"},\"thumbnailUrl\":\"https:\\\/\\\/conexmetals.com\\\/wp-content\\\/uploads\\\/2025\\\/01\\\/Abstandshalter-Sattel.webp\",\"datePublished\":\"2023-08-18T05:15:20+00:00\",\"dateModified\":\"2025-01-07T09:58:17+00:00\",\"description\":\"Entdecken Sie die Abstandshalter-Sattel von Conex Metals, einschlie\u00dflich Zwischenraum-Sattel und galvanisierte Kabelkanal-Sattel. Unsere elektrischen Kabelkanal-St\u00fctzsattel und industriellen Kabelkanal-Abstandsklemmen gew\u00e4hrleisten eine dauerhafte und sichere Kabelkanalinstallation. Vertrauensw\u00fcrdiger Hersteller, Exporteur und Lieferant aus Indien\",\"breadcrumb\":{\"@id\":\"https:\\\/\\\/conexmetals.com\\\/de\\\/produkt\\\/abstandshalter-sattel\\\/#breadcrumb\"},\"inLanguage\":\"de\",\"potentialAction\":[{\"@type\":\"ReadAction\",\"target\":[\"https:\\\/\\\/conexmetals.com\\\/de\\\/produkt\\\/abstandshalter-sattel\\\/\"]}]},{\"@type\":\"ImageObject\",\"inLanguage\":\"de\",\"@id\":\"https:\\\/\\\/conexmetals.com\\\/de\\\/produkt\\\/abstandshalter-sattel\\\/#primaryimage\",\"url\":\"https:\\\/\\\/conexmetals.com\\\/wp-content\\\/uploads\\\/2025\\\/01\\\/Abstandshalter-Sattel.webp\",\"contentUrl\":\"https:\\\/\\\/conexmetals.com\\\/wp-content\\\/uploads\\\/2025\\\/01\\\/Abstandshalter-Sattel.webp\",\"width\":236,\"height\":236,\"caption\":\"Abstandshalter-Sattel\"},{\"@type\":\"BreadcrumbList\",\"@id\":\"https:\\\/\\\/conexmetals.com\\\/de\\\/produkt\\\/abstandshalter-sattel\\\/#breadcrumb\",\"itemListElement\":[{\"@type\":\"ListItem\",\"position\":1,\"name\":\"Home\",\"item\":\"https:\\\/\\\/conexmetals.com\\\/de\\\/heim\\\/\"},{\"@type\":\"ListItem\",\"position\":2,\"name\":\"Products\",\"item\":\"https:\\\/\\\/conexmetals.com\\\/products\\\/\"},{\"@type\":\"ListItem\",\"position\":3,\"name\":\"Abstandshalter-Sattel\"}]},{\"@type\":\"WebSite\",\"@id\":\"https:\\\/\\\/conexmetals.com\\\/de\\\/#website\",\"url\":\"https:\\\/\\\/conexmetals.com\\\/de\\\/\",\"name\":\"Conex Metals Brass Fittings Brass Parts Copper Parts Brass Components Brass Plumbing Fittings India\",\"description\":\"Manufacturer of Bronze Fittings casting Copper Brass parts components\",\"publisher\":{\"@id\":\"https:\\\/\\\/conexmetals.com\\\/de\\\/#organization\"},\"potentialAction\":[{\"@type\":\"SearchAction\",\"target\":{\"@type\":\"EntryPoint\",\"urlTemplate\":\"https:\\\/\\\/conexmetals.com\\\/de\\\/?s={search_term_string}\"},\"query-input\":{\"@type\":\"PropertyValueSpecification\",\"valueRequired\":true,\"valueName\":\"search_term_string\"}}],\"inLanguage\":\"de\"},{\"@type\":\"Organization\",\"@id\":\"https:\\\/\\\/conexmetals.com\\\/de\\\/#organization\",\"name\":\"Conex Metals Brass Fittings Brass Parts Copper Parts Brass Components Brass Plumbing Fittings India\",\"url\":\"https:\\\/\\\/conexmetals.com\\\/de\\\/\",\"logo\":{\"@type\":\"ImageObject\",\"inLanguage\":\"de\",\"@id\":\"https:\\\/\\\/conexmetals.com\\\/de\\\/#\\\/schema\\\/logo\\\/image\\\/\",\"url\":\"https:\\\/\\\/conexmetals.com\\\/wp-content\\\/uploads\\\/2024\\\/03\\\/conex-metals-logo.webp\",\"contentUrl\":\"https:\\\/\\\/conexmetals.com\\\/wp-content\\\/uploads\\\/2024\\\/03\\\/conex-metals-logo.webp\",\"width\":300,\"height\":121,\"caption\":\"Conex Metals Brass Fittings Brass Parts Copper Parts Brass Components Brass Plumbing Fittings India\"},\"image\":{\"@id\":\"https:\\\/\\\/conexmetals.com\\\/de\\\/#\\\/schema\\\/logo\\\/image\\\/\"},\"sameAs\":[\"https:\\\/\\\/www.facebook.com\\\/conexbrass\",\"https:\\\/\\\/x.com\\\/conexindia\",\"https:\\\/\\\/www.linkedin.com\\\/company\\\/conex-metals-india\\\/\",\"https:\\\/\\\/www.instagram.com\\\/conexindia\\\/\"]}]}<\/script>\n<!-- \/ Yoast SEO plugin. -->","yoast_head_json":{"title":"Abstandshalter-Sattel","description":"Entdecken Sie die Abstandshalter-Sattel von Conex Metals, einschlie\u00dflich Zwischenraum-Sattel und galvanisierte Kabelkanal-Sattel. Unsere elektrischen Kabelkanal-St\u00fctzsattel und industriellen Kabelkanal-Abstandsklemmen gew\u00e4hrleisten eine dauerhafte und sichere Kabelkanalinstallation. Vertrauensw\u00fcrdiger Hersteller, Exporteur und Lieferant aus Indien","robots":{"index":"index","follow":"follow","max-snippet":"max-snippet:-1","max-image-preview":"max-image-preview:large","max-video-preview":"max-video-preview:-1"},"canonical":"https:\/\/conexmetals.com\/de\/produkt\/abstandshalter-sattel\/","schema":{"@context":"https:\/\/schema.org","@graph":[{"@type":"WebPage","@id":"https:\/\/conexmetals.com\/de\/produkt\/abstandshalter-sattel\/","url":"https:\/\/conexmetals.com\/de\/produkt\/abstandshalter-sattel\/","name":"Abstandshalter-Sattel","isPartOf":{"@id":"https:\/\/conexmetals.com\/de\/#website"},"primaryImageOfPage":{"@id":"https:\/\/conexmetals.com\/de\/produkt\/abstandshalter-sattel\/#primaryimage"},"image":{"@id":"https:\/\/conexmetals.com\/de\/produkt\/abstandshalter-sattel\/#primaryimage"},"thumbnailUrl":"https:\/\/conexmetals.com\/wp-content\/uploads\/2025\/01\/Abstandshalter-Sattel.webp","datePublished":"2023-08-18T05:15:20+00:00","dateModified":"2025-01-07T09:58:17+00:00","description":"Entdecken Sie die Abstandshalter-Sattel von Conex Metals, einschlie\u00dflich Zwischenraum-Sattel und galvanisierte Kabelkanal-Sattel. Unsere elektrischen Kabelkanal-St\u00fctzsattel und industriellen Kabelkanal-Abstandsklemmen gew\u00e4hrleisten eine dauerhafte und sichere Kabelkanalinstallation. Vertrauensw\u00fcrdiger Hersteller, Exporteur und Lieferant aus Indien","breadcrumb":{"@id":"https:\/\/conexmetals.com\/de\/produkt\/abstandshalter-sattel\/#breadcrumb"},"inLanguage":"de","potentialAction":[{"@type":"ReadAction","target":["https:\/\/conexmetals.com\/de\/produkt\/abstandshalter-sattel\/"]}]},{"@type":"ImageObject","inLanguage":"de","@id":"https:\/\/conexmetals.com\/de\/produkt\/abstandshalter-sattel\/#primaryimage","url":"https:\/\/conexmetals.com\/wp-content\/uploads\/2025\/01\/Abstandshalter-Sattel.webp","contentUrl":"https:\/\/conexmetals.com\/wp-content\/uploads\/2025\/01\/Abstandshalter-Sattel.webp","width":236,"height":236,"caption":"Abstandshalter-Sattel"},{"@type":"BreadcrumbList","@id":"https:\/\/conexmetals.com\/de\/produkt\/abstandshalter-sattel\/#breadcrumb","itemListElement":[{"@type":"ListItem","position":1,"name":"Home","item":"https:\/\/conexmetals.com\/de\/heim\/"},{"@type":"ListItem","position":2,"name":"Products","item":"https:\/\/conexmetals.com\/products\/"},{"@type":"ListItem","position":3,"name":"Abstandshalter-Sattel"}]},{"@type":"WebSite","@id":"https:\/\/conexmetals.com\/de\/#website","url":"https:\/\/conexmetals.com\/de\/","name":"Conex Metals Brass Fittings Brass Parts Copper Parts Brass Components Brass Plumbing Fittings India","description":"Manufacturer of Bronze Fittings casting Copper Brass parts components","publisher":{"@id":"https:\/\/conexmetals.com\/de\/#organization"},"potentialAction":[{"@type":"SearchAction","target":{"@type":"EntryPoint","urlTemplate":"https:\/\/conexmetals.com\/de\/?s={search_term_string}"},"query-input":{"@type":"PropertyValueSpecification","valueRequired":true,"valueName":"search_term_string"}}],"inLanguage":"de"},{"@type":"Organization","@id":"https:\/\/conexmetals.com\/de\/#organization","name":"Conex Metals Brass Fittings Brass Parts Copper Parts Brass Components Brass Plumbing Fittings India","url":"https:\/\/conexmetals.com\/de\/","logo":{"@type":"ImageObject","inLanguage":"de","@id":"https:\/\/conexmetals.com\/de\/#\/schema\/logo\/image\/","url":"https:\/\/conexmetals.com\/wp-content\/uploads\/2024\/03\/conex-metals-logo.webp","contentUrl":"https:\/\/conexmetals.com\/wp-content\/uploads\/2024\/03\/conex-metals-logo.webp","width":300,"height":121,"caption":"Conex Metals Brass Fittings Brass Parts Copper Parts Brass Components Brass Plumbing Fittings India"},"image":{"@id":"https:\/\/conexmetals.com\/de\/#\/schema\/logo\/image\/"},"sameAs":["https:\/\/www.facebook.com\/conexbrass","https:\/\/x.com\/conexindia","https:\/\/www.linkedin.com\/company\/conex-metals-india\/","https:\/\/www.instagram.com\/conexindia\/"]}]}},"_links":{"self":[{"href":"https:\/\/conexmetals.com\/de\/wp-json\/wp\/v2\/product\/12860","targetHints":{"allow":["GET"]}}],"collection":[{"href":"https:\/\/conexmetals.com\/de\/wp-json\/wp\/v2\/product"}],"about":[{"href":"https:\/\/conexmetals.com\/de\/wp-json\/wp\/v2\/types\/product"}],"wp:featuredmedia":[{"embeddable":true,"href":"https:\/\/conexmetals.com\/de\/wp-json\/wp\/v2\/media\/12856"}],"wp:attachment":[{"href":"https:\/\/conexmetals.com\/de\/wp-json\/wp\/v2\/media?parent=12860"}],"wp:term":[{"taxonomy":"product_brand","embeddable":true,"href":"https:\/\/conexmetals.com\/de\/wp-json\/wp\/v2\/product_brand?post=12860"},{"taxonomy":"product_cat","embeddable":true,"href":"https:\/\/conexmetals.com\/de\/wp-json\/wp\/v2\/product_cat?post=12860"},{"taxonomy":"product_tag","embeddable":true,"href":"https:\/\/conexmetals.com\/de\/wp-json\/wp\/v2\/product_tag?post=12860"}],"curies":[{"name":"wp","href":"https:\/\/api.w.org\/{rel}","templated":true}]}}