{"id":12972,"date":"2023-08-18T12:48:18","date_gmt":"2023-08-18T07:18:18","guid":{"rendered":"https:\/\/conexmetals.com\/?post_type=product&#038;p=12972"},"modified":"2025-01-07T18:34:46","modified_gmt":"2025-01-07T13:04:46","slug":"bronze-heissleiterklemmen","status":"publish","type":"product","link":"https:\/\/conexmetals.com\/de\/produkt\/bronze-heissleiterklemmen\/","title":{"rendered":"Bronze-Hei\u00dfleiterklemmen"},"content":{"rendered":"","protected":false},"excerpt":{"rendered":"<table id=\"tablepress-276\" class=\"tablepress tablepress-id-276\">\n<caption>\u00a0<\/caption>\n<thead>\n<tr class=\"row-1 odd\">\n<th class=\"column-1\" colspan=\"6\"><strong><span>Bronzene Hotline-Klemmen<\/span><\/strong><\/th>\n<\/tr>\n<\/thead>\n<tbody class=\"row-hover\">\n<tr class=\"row-2 even\">\n<td class=\"column-1\"><strong><span>Verbindungstyp Ausf\u00fchren<\/span><\/strong><\/td>\n<td class=\"column-2\"><strong><span>F\u00fchren Sie Dia aus.<\/span><\/strong><\/td>\n<td class=\"column-3\"><strong><span>Laufen<\/span><\/strong><\/td>\n<td class=\"column-4\"><strong><span>A (in)<\/span><\/strong><\/td>\n<td class=\"column-5\"><strong><span>B (in)<\/span><\/strong><\/td>\n<td class=\"column-6\"><strong><span>C (in)<\/span><\/strong><\/td>\n<\/tr>\n<tr class=\"row-3 odd\">\n<td class=\"column-1\"><span>CU<\/span><\/td>\n<td class=\"column-2\"><span>0,128\u20130,414<\/span><\/td>\n<td class=\"column-3\"><span>#8 Sol-2\/0 Str<\/span><\/td>\n<td class=\"column-4\"><span>4.5<\/span><\/td>\n<td class=\"column-5\"><span>1,25<\/span><\/td>\n<td class=\"column-6\"><span>2,75<\/span><\/td>\n<\/tr>\n<tr class=\"row-4 even\">\n<td class=\"column-1\"><span>CU<\/span><\/td>\n<td class=\"column-2\"><span>0,162\u20130,745<\/span><\/td>\n<td class=\"column-3\"><span>#6 Sol-400 MCM<\/span><\/td>\n<td class=\"column-4\"><span>6.5<\/span><\/td>\n<td class=\"column-5\"><span>1,75<\/span><\/td>\n<td class=\"column-6\"><span>2.5<\/span><\/td>\n<\/tr>\n<tr class=\"row-5 odd\">\n<td class=\"column-1\"><span>CU<\/span><\/td>\n<td class=\"column-2\"><span>0,162\u20130,745<\/span><\/td>\n<td class=\"column-3\"><span>#6 Sol-400 MCM<\/span><\/td>\n<td class=\"column-4\"><span>6.5<\/span><\/td>\n<td class=\"column-5\"><span>1,75<\/span><\/td>\n<td class=\"column-6\"><span>2.5<\/span><\/td>\n<\/tr>\n<\/tbody>\n<\/table>\n<p><img fetchpriority=\"high\" decoding=\"async\" class=\"size-full wp-image-5637 alignright lazy loaded\" src=\"https:\/\/conexmetals.com\/wp-content\/uploads\/2023\/08\/Bronze-hot-line-clamps.png\" alt=\"Bronzene Hotline-Klemmen\" width=\"295\" height=\"300\" data-src=\"https:\/\/conexmetals.com\/wp-content\/uploads\/2023\/08\/Bronze-hot-line-clamps.png\" data-was-processed=\"true\" \/><\/p>\n<p><span>Bronzene Hotline-Klemmen, auch Hotline-Abgriffe oder bronzene Hotline-Verbindungsst\u00fccke genannt, sind elektrische Verbindungsst\u00fccke, die eine sichere und zuverl\u00e4ssige Befestigung elektrischer Leiter an unter Spannung stehenden Stromleitungen oder Sammelschienen erm\u00f6glichen. Diese Klemmen werden normalerweise von Versorgungsarbeitern und Elektrikern verwendet, um vor\u00fcbergehende elektrische Verbindungen herzustellen, w\u00e4hrend sie an stromf\u00fchrenden elektrischen Systemen wie Hochspannungsleitungen oder Verteilungsnetzen arbeiten. Sie werden mithilfe von Hotsticks verwendet.<\/span><\/p>\n<p><span>Zu den Hauptmerkmalen der Bronze-Hotline-Klemmen geh\u00f6ren:<\/span><\/p>\n<ol>\n<li><strong><span>Bronzekonstruktion:<\/span><\/strong><span>\u00a0Diese Klemmen bestehen aus Bronze, einem Metall, das f\u00fcr seine hervorragende elektrische Leitf\u00e4higkeit und Korrosionsbest\u00e4ndigkeit bekannt ist. Das Bronzematerial stellt sicher, dass die Klemmen elektrischen Strom sicher leiten und rauen Au\u00dfenbedingungen standhalten k\u00f6nnen.<\/span><\/li>\n<li><strong><span>Isolierte Griffe:<\/span><\/strong><span>\u00a0Leitungsklemmen haben normalerweise isolierte Griffe, die den Benutzer beim Herstellen von Verbindungen zu stromf\u00fchrenden Leitungen vor einem Stromschlag sch\u00fctzen.<\/span><\/li>\n<li><strong><span>Federmechanismus:<\/span><\/strong><span>\u00a0Die Klemmen verf\u00fcgen h\u00e4ufig \u00fcber eine Federkonstruktion, sodass sie bei der Installation problemlos mit einer Hand ge\u00f6ffnet und geschlossen werden k\u00f6nnen.<\/span><\/li>\n<li><strong><span>Gezahnte Backen:<\/span><\/strong><span>\u00a0Die Backen der Klemmen sind gezahnt bzw. geriffelt, um einen sicheren Halt am Leiter oder der Sammelschiene zu gew\u00e4hrleisten.<\/span><\/li>\n<li><strong><span>Sicherheitsmerkmale:<\/span><\/strong><span>\u00a0Bronzene Leitungsklemmen k\u00f6nnen \u00fcber zus\u00e4tzliche Sicherheitsmerkmale verf\u00fcgen, wie z. B. eine ausfallsichere Konstruktion oder einen Verriegelungsmechanismus, um ein versehentliches L\u00f6sen vom Leiter zu verhindern.<\/span><\/li>\n<\/ol>\n<p><strong><br \/>\n<span>Material: Der K\u00f6rper kann aus verschiedenen Bronzesorten wie C836, C844, C956 usw. hergestellt werden.<\/span><\/strong><\/p>\n<p><strong><span>Der bronzene Ringbolzen besteht immer aus einer starken Bronzesorte mit hohem Drehmoment, beispielsweise C95500.<\/span><\/strong><\/p>\n<p><strong><span>Die Befestigungselemente sind alle aus Edelstahl 304, einschlie\u00dflich des Schl\u00fcssels\/Ringbolzens.<\/span><\/strong><\/p>\n","protected":false},"featured_media":12881,"template":"","meta":[],"product_brand":[],"product_cat":[327],"product_tag":[],"class_list":{"0":"post-12972","1":"product","2":"type-product","3":"status-publish","4":"has-post-thumbnail","6":"product_cat-transformator-und-stromleitungshardware","8":"first","9":"instock","10":"shipping-taxable","11":"product-type-simple"},"yoast_head":"<!-- This site is optimized with the Yoast SEO plugin v27.3 - https:\/\/yoast.com\/product\/yoast-seo-wordpress\/ -->\n<title>Bronze-Hei\u00dfleiterklemmen<\/title>\n<meta name=\"description\" content=\"Conex Metals bietet hochwertige Bronze-Hei\u00dfleiterklemmen, CDA 955 Bronzeklemmen und Bronze-Leitungsklemmen an und ist ein f\u00fchrender Hersteller, Exporteur und Lieferant in Indien\" \/>\n<meta name=\"robots\" content=\"index, follow, max-snippet:-1, max-image-preview:large, max-video-preview:-1\" \/>\n<link rel=\"canonical\" href=\"https:\/\/conexmetals.com\/de\/produkt\/bronze-heissleiterklemmen\/\" \/>\n<script type=\"application\/ld+json\" class=\"yoast-schema-graph\">{\"@context\":\"https:\\\/\\\/schema.org\",\"@graph\":[{\"@type\":\"WebPage\",\"@id\":\"https:\\\/\\\/conexmetals.com\\\/de\\\/produkt\\\/bronze-heissleiterklemmen\\\/\",\"url\":\"https:\\\/\\\/conexmetals.com\\\/de\\\/produkt\\\/bronze-heissleiterklemmen\\\/\",\"name\":\"Bronze-Hei\u00dfleiterklemmen\",\"isPartOf\":{\"@id\":\"https:\\\/\\\/conexmetals.com\\\/de\\\/#website\"},\"primaryImageOfPage\":{\"@id\":\"https:\\\/\\\/conexmetals.com\\\/de\\\/produkt\\\/bronze-heissleiterklemmen\\\/#primaryimage\"},\"image\":{\"@id\":\"https:\\\/\\\/conexmetals.com\\\/de\\\/produkt\\\/bronze-heissleiterklemmen\\\/#primaryimage\"},\"thumbnailUrl\":\"https:\\\/\\\/conexmetals.com\\\/wp-content\\\/uploads\\\/2025\\\/01\\\/Bronze-Heisleiterklemmen.webp\",\"datePublished\":\"2023-08-18T07:18:18+00:00\",\"dateModified\":\"2025-01-07T13:04:46+00:00\",\"description\":\"Conex Metals bietet hochwertige Bronze-Hei\u00dfleiterklemmen, CDA 955 Bronzeklemmen und Bronze-Leitungsklemmen an und ist ein f\u00fchrender Hersteller, Exporteur und Lieferant in Indien\",\"breadcrumb\":{\"@id\":\"https:\\\/\\\/conexmetals.com\\\/de\\\/produkt\\\/bronze-heissleiterklemmen\\\/#breadcrumb\"},\"inLanguage\":\"de\",\"potentialAction\":[{\"@type\":\"ReadAction\",\"target\":[\"https:\\\/\\\/conexmetals.com\\\/de\\\/produkt\\\/bronze-heissleiterklemmen\\\/\"]}]},{\"@type\":\"ImageObject\",\"inLanguage\":\"de\",\"@id\":\"https:\\\/\\\/conexmetals.com\\\/de\\\/produkt\\\/bronze-heissleiterklemmen\\\/#primaryimage\",\"url\":\"https:\\\/\\\/conexmetals.com\\\/wp-content\\\/uploads\\\/2025\\\/01\\\/Bronze-Heisleiterklemmen.webp\",\"contentUrl\":\"https:\\\/\\\/conexmetals.com\\\/wp-content\\\/uploads\\\/2025\\\/01\\\/Bronze-Heisleiterklemmen.webp\",\"width\":350,\"height\":350,\"caption\":\"Bronze-Hei\u00dfleiterklemmen\"},{\"@type\":\"BreadcrumbList\",\"@id\":\"https:\\\/\\\/conexmetals.com\\\/de\\\/produkt\\\/bronze-heissleiterklemmen\\\/#breadcrumb\",\"itemListElement\":[{\"@type\":\"ListItem\",\"position\":1,\"name\":\"Home\",\"item\":\"https:\\\/\\\/conexmetals.com\\\/de\\\/heim\\\/\"},{\"@type\":\"ListItem\",\"position\":2,\"name\":\"Products\",\"item\":\"https:\\\/\\\/conexmetals.com\\\/products\\\/\"},{\"@type\":\"ListItem\",\"position\":3,\"name\":\"Bronze-Hei\u00dfleiterklemmen\"}]},{\"@type\":\"WebSite\",\"@id\":\"https:\\\/\\\/conexmetals.com\\\/de\\\/#website\",\"url\":\"https:\\\/\\\/conexmetals.com\\\/de\\\/\",\"name\":\"Conex Metals Brass Fittings Brass Parts Copper Parts Brass Components Brass Plumbing Fittings India\",\"description\":\"Manufacturer of Bronze Fittings casting Copper Brass parts components\",\"publisher\":{\"@id\":\"https:\\\/\\\/conexmetals.com\\\/de\\\/#organization\"},\"potentialAction\":[{\"@type\":\"SearchAction\",\"target\":{\"@type\":\"EntryPoint\",\"urlTemplate\":\"https:\\\/\\\/conexmetals.com\\\/de\\\/?s={search_term_string}\"},\"query-input\":{\"@type\":\"PropertyValueSpecification\",\"valueRequired\":true,\"valueName\":\"search_term_string\"}}],\"inLanguage\":\"de\"},{\"@type\":\"Organization\",\"@id\":\"https:\\\/\\\/conexmetals.com\\\/de\\\/#organization\",\"name\":\"Conex Metals Brass Fittings Brass Parts Copper Parts Brass Components Brass Plumbing Fittings India\",\"url\":\"https:\\\/\\\/conexmetals.com\\\/de\\\/\",\"logo\":{\"@type\":\"ImageObject\",\"inLanguage\":\"de\",\"@id\":\"https:\\\/\\\/conexmetals.com\\\/de\\\/#\\\/schema\\\/logo\\\/image\\\/\",\"url\":\"https:\\\/\\\/conexmetals.com\\\/wp-content\\\/uploads\\\/2024\\\/03\\\/conex-metals-logo.webp\",\"contentUrl\":\"https:\\\/\\\/conexmetals.com\\\/wp-content\\\/uploads\\\/2024\\\/03\\\/conex-metals-logo.webp\",\"width\":300,\"height\":121,\"caption\":\"Conex Metals Brass Fittings Brass Parts Copper Parts Brass Components Brass Plumbing Fittings India\"},\"image\":{\"@id\":\"https:\\\/\\\/conexmetals.com\\\/de\\\/#\\\/schema\\\/logo\\\/image\\\/\"},\"sameAs\":[\"https:\\\/\\\/www.facebook.com\\\/conexbrass\",\"https:\\\/\\\/x.com\\\/conexindia\",\"https:\\\/\\\/www.linkedin.com\\\/company\\\/conex-metals-india\\\/\",\"https:\\\/\\\/www.instagram.com\\\/conexindia\\\/\"]}]}<\/script>\n<!-- \/ Yoast SEO plugin. -->","yoast_head_json":{"title":"Bronze-Hei\u00dfleiterklemmen","description":"Conex Metals bietet hochwertige Bronze-Hei\u00dfleiterklemmen, CDA 955 Bronzeklemmen und Bronze-Leitungsklemmen an und ist ein f\u00fchrender Hersteller, Exporteur und Lieferant in Indien","robots":{"index":"index","follow":"follow","max-snippet":"max-snippet:-1","max-image-preview":"max-image-preview:large","max-video-preview":"max-video-preview:-1"},"canonical":"https:\/\/conexmetals.com\/de\/produkt\/bronze-heissleiterklemmen\/","schema":{"@context":"https:\/\/schema.org","@graph":[{"@type":"WebPage","@id":"https:\/\/conexmetals.com\/de\/produkt\/bronze-heissleiterklemmen\/","url":"https:\/\/conexmetals.com\/de\/produkt\/bronze-heissleiterklemmen\/","name":"Bronze-Hei\u00dfleiterklemmen","isPartOf":{"@id":"https:\/\/conexmetals.com\/de\/#website"},"primaryImageOfPage":{"@id":"https:\/\/conexmetals.com\/de\/produkt\/bronze-heissleiterklemmen\/#primaryimage"},"image":{"@id":"https:\/\/conexmetals.com\/de\/produkt\/bronze-heissleiterklemmen\/#primaryimage"},"thumbnailUrl":"https:\/\/conexmetals.com\/wp-content\/uploads\/2025\/01\/Bronze-Heisleiterklemmen.webp","datePublished":"2023-08-18T07:18:18+00:00","dateModified":"2025-01-07T13:04:46+00:00","description":"Conex Metals bietet hochwertige Bronze-Hei\u00dfleiterklemmen, CDA 955 Bronzeklemmen und Bronze-Leitungsklemmen an und ist ein f\u00fchrender Hersteller, Exporteur und Lieferant in Indien","breadcrumb":{"@id":"https:\/\/conexmetals.com\/de\/produkt\/bronze-heissleiterklemmen\/#breadcrumb"},"inLanguage":"de","potentialAction":[{"@type":"ReadAction","target":["https:\/\/conexmetals.com\/de\/produkt\/bronze-heissleiterklemmen\/"]}]},{"@type":"ImageObject","inLanguage":"de","@id":"https:\/\/conexmetals.com\/de\/produkt\/bronze-heissleiterklemmen\/#primaryimage","url":"https:\/\/conexmetals.com\/wp-content\/uploads\/2025\/01\/Bronze-Heisleiterklemmen.webp","contentUrl":"https:\/\/conexmetals.com\/wp-content\/uploads\/2025\/01\/Bronze-Heisleiterklemmen.webp","width":350,"height":350,"caption":"Bronze-Hei\u00dfleiterklemmen"},{"@type":"BreadcrumbList","@id":"https:\/\/conexmetals.com\/de\/produkt\/bronze-heissleiterklemmen\/#breadcrumb","itemListElement":[{"@type":"ListItem","position":1,"name":"Home","item":"https:\/\/conexmetals.com\/de\/heim\/"},{"@type":"ListItem","position":2,"name":"Products","item":"https:\/\/conexmetals.com\/products\/"},{"@type":"ListItem","position":3,"name":"Bronze-Hei\u00dfleiterklemmen"}]},{"@type":"WebSite","@id":"https:\/\/conexmetals.com\/de\/#website","url":"https:\/\/conexmetals.com\/de\/","name":"Conex Metals Brass Fittings Brass Parts Copper Parts Brass Components Brass Plumbing Fittings India","description":"Manufacturer of Bronze Fittings casting Copper Brass parts components","publisher":{"@id":"https:\/\/conexmetals.com\/de\/#organization"},"potentialAction":[{"@type":"SearchAction","target":{"@type":"EntryPoint","urlTemplate":"https:\/\/conexmetals.com\/de\/?s={search_term_string}"},"query-input":{"@type":"PropertyValueSpecification","valueRequired":true,"valueName":"search_term_string"}}],"inLanguage":"de"},{"@type":"Organization","@id":"https:\/\/conexmetals.com\/de\/#organization","name":"Conex Metals Brass Fittings Brass Parts Copper Parts Brass Components Brass Plumbing Fittings India","url":"https:\/\/conexmetals.com\/de\/","logo":{"@type":"ImageObject","inLanguage":"de","@id":"https:\/\/conexmetals.com\/de\/#\/schema\/logo\/image\/","url":"https:\/\/conexmetals.com\/wp-content\/uploads\/2024\/03\/conex-metals-logo.webp","contentUrl":"https:\/\/conexmetals.com\/wp-content\/uploads\/2024\/03\/conex-metals-logo.webp","width":300,"height":121,"caption":"Conex Metals Brass Fittings Brass Parts Copper Parts Brass Components Brass Plumbing Fittings India"},"image":{"@id":"https:\/\/conexmetals.com\/de\/#\/schema\/logo\/image\/"},"sameAs":["https:\/\/www.facebook.com\/conexbrass","https:\/\/x.com\/conexindia","https:\/\/www.linkedin.com\/company\/conex-metals-india\/","https:\/\/www.instagram.com\/conexindia\/"]}]}},"_links":{"self":[{"href":"https:\/\/conexmetals.com\/de\/wp-json\/wp\/v2\/product\/12972","targetHints":{"allow":["GET"]}}],"collection":[{"href":"https:\/\/conexmetals.com\/de\/wp-json\/wp\/v2\/product"}],"about":[{"href":"https:\/\/conexmetals.com\/de\/wp-json\/wp\/v2\/types\/product"}],"wp:featuredmedia":[{"embeddable":true,"href":"https:\/\/conexmetals.com\/de\/wp-json\/wp\/v2\/media\/12881"}],"wp:attachment":[{"href":"https:\/\/conexmetals.com\/de\/wp-json\/wp\/v2\/media?parent=12972"}],"wp:term":[{"taxonomy":"product_brand","embeddable":true,"href":"https:\/\/conexmetals.com\/de\/wp-json\/wp\/v2\/product_brand?post=12972"},{"taxonomy":"product_cat","embeddable":true,"href":"https:\/\/conexmetals.com\/de\/wp-json\/wp\/v2\/product_cat?post=12972"},{"taxonomy":"product_tag","embeddable":true,"href":"https:\/\/conexmetals.com\/de\/wp-json\/wp\/v2\/product_tag?post=12972"}],"curies":[{"name":"wp","href":"https:\/\/api.w.org\/{rel}","templated":true}]}}