{"id":12977,"date":"2023-08-18T12:46:05","date_gmt":"2023-08-18T07:16:05","guid":{"rendered":"https:\/\/conexmetals.com\/?post_type=product&#038;p=12977"},"modified":"2025-01-11T11:44:38","modified_gmt":"2025-01-11T06:14:38","slug":"bronze-flachstecker-transformator-flachstecker-flachstecker","status":"publish","type":"product","link":"https:\/\/conexmetals.com\/de\/produkt\/bronze-flachstecker-transformator-flachstecker-flachstecker\/","title":{"rendered":"Bronze-Flachstecker, Transformator-Flachstecker, Flachstecker"},"content":{"rendered":"","protected":false},"excerpt":{"rendered":"<hr \/>\n<p><img fetchpriority=\"high\" decoding=\"async\" class=\"alignnone wp-image-6254 size-full lazy loaded\" src=\"https:\/\/conexmetals.com\/wp-content\/uploads\/2024\/07\/Bronze-spades-diagram.jpg\" alt=\"Bronze-Pik-Diagramm\" width=\"2263\" height=\"796\" data-src=\"https:\/\/conexmetals.com\/wp-content\/uploads\/2024\/07\/Bronze-spades-diagram.jpg\" data-was-processed=\"true\" srcset=\"https:\/\/conexmetals.com\/wp-content\/uploads\/2024\/07\/Bronze-spades-diagram.jpg 2263w, https:\/\/conexmetals.com\/wp-content\/uploads\/2024\/07\/Bronze-spades-diagram-300x106.jpg 300w, https:\/\/conexmetals.com\/wp-content\/uploads\/2024\/07\/Bronze-spades-diagram-1024x360.jpg 1024w, https:\/\/conexmetals.com\/wp-content\/uploads\/2024\/07\/Bronze-spades-diagram-768x270.jpg 768w, https:\/\/conexmetals.com\/wp-content\/uploads\/2024\/07\/Bronze-spades-diagram-1536x540.jpg 1536w, https:\/\/conexmetals.com\/wp-content\/uploads\/2024\/07\/Bronze-spades-diagram-2048x720.jpg 2048w, https:\/\/conexmetals.com\/wp-content\/uploads\/2024\/07\/Bronze-spades-diagram-700x246.jpg 700w\" sizes=\"(max-width: 2263px) 100vw, 2263px\" \/><\/p>\n<table id=\"tablepress-315\" class=\"tablepress tablepress-id-315\">\n<caption>\u00a0<\/caption>\n<thead>\n<tr class=\"row-1 odd\">\n<th class=\"column-1\" colspan=\"9\"><strong><span>Bronzene Transformator-Flachstecker<\/span><\/strong><\/th>\n<\/tr>\n<\/thead>\n<tbody class=\"row-hover\">\n<tr class=\"row-2 even\">\n<td class=\"column-1\" rowspan=\"2\"><strong><span>Seriennummer<\/span><\/strong><\/td>\n<td class=\"column-2\" rowspan=\"2\"><strong><span>Abbildungsnummer<\/span><\/strong><\/td>\n<td class=\"column-3\" colspan=\"7\"><strong><span>Ungef\u00e4hre Abmessungen<\/span><\/strong><\/td>\n<\/tr>\n<tr class=\"row-3 odd\">\n<td class=\"column-3\"><strong><span>A<\/span><\/strong><\/td>\n<td class=\"column-4\"><strong><span>B<\/span><\/strong><\/td>\n<td class=\"column-5\"><strong><span>C<\/span><\/strong><\/td>\n<td class=\"column-6\"><strong><span>D<\/span><\/strong><\/td>\n<td class=\"column-7\"><strong><span>M<\/span><\/strong><\/td>\n<td class=\"column-8\"><strong><span>T<\/span><\/strong><\/td>\n<td class=\"column-9\"><strong><span>B<\/span><\/strong><\/td>\n<\/tr>\n<tr class=\"row-4 even\">\n<td class=\"column-1\"><span>1<\/span><\/td>\n<td class=\"column-2\"><span>1<\/span><\/td>\n<td class=\"column-3\"><span>3\/8 &#8211; 16<\/span><\/td>\n<td class=\"column-4\"><span>0,88<\/span><\/td>\n<td class=\"column-5\"><span>0,63<\/span><\/td>\n<td class=\"column-6\"><span>2.38<\/span><\/td>\n<td class=\"column-7\"><span>4<\/span><\/td>\n<td class=\"column-8\"><span>0,25<\/span><\/td>\n<td class=\"column-9\"><span>3.5<\/span><\/td>\n<\/tr>\n<tr class=\"row-5 odd\">\n<td class=\"column-1\"><span>2<\/span><\/td>\n<td class=\"column-2\"><span>2<\/span><\/td>\n<td class=\"column-3\"><span>3\/8 &#8211; 16<\/span><\/td>\n<td class=\"column-4\"><span>0,88<\/span><\/td>\n<td class=\"column-5\"><span>0,75<\/span><\/td>\n<td class=\"column-6\"><span>3.5<\/span><\/td>\n<td class=\"column-7\"><span>5.06<\/span><\/td>\n<td class=\"column-8\"><span>0,31<\/span><\/td>\n<td class=\"column-9\"><span>1,38<\/span><\/td>\n<\/tr>\n<tr class=\"row-6 even\">\n<td class=\"column-1\"><span>3<\/span><\/td>\n<td class=\"column-2\"><span>3<\/span><\/td>\n<td class=\"column-3\"><span>3\/8 &#8211; 16<\/span><\/td>\n<td class=\"column-4\"><span>0,88<\/span><\/td>\n<td class=\"column-5\"><span>0,63<\/span><\/td>\n<td class=\"column-6\"><span>4.13<\/span><\/td>\n<td class=\"column-7\"><span>5,75<\/span><\/td>\n<td class=\"column-8\"><span>0,25<\/span><\/td>\n<td class=\"column-9\"><span>3.5<\/span><\/td>\n<\/tr>\n<tr class=\"row-7 odd\">\n<td class=\"column-1\"><span>4<\/span><\/td>\n<td class=\"column-2\"><span>5<\/span><\/td>\n<td class=\"column-3\"><span>3\/8 &#8211; 16<\/span><\/td>\n<td class=\"column-4\"><span>0,88<\/span><\/td>\n<td class=\"column-5\"><span>0,75<\/span><\/td>\n<td class=\"column-6\"><span>6,81<\/span><\/td>\n<td class=\"column-7\"><span>8.38<\/span><\/td>\n<td class=\"column-8\"><span>0,31<\/span><\/td>\n<td class=\"column-9\"><span>1,38<\/span><\/td>\n<\/tr>\n<tr class=\"row-8 even\">\n<td class=\"column-1\"><span>5<\/span><\/td>\n<td class=\"column-2\"><span>1<\/span><\/td>\n<td class=\"column-3\"><span>1\/2 &#8211; 13<\/span><\/td>\n<td class=\"column-4\"><span>0,88<\/span><\/td>\n<td class=\"column-5\"><span>0,63<\/span><\/td>\n<td class=\"column-6\"><span>2.38<\/span><\/td>\n<td class=\"column-7\"><span>4<\/span><\/td>\n<td class=\"column-8\"><span>0,25<\/span><\/td>\n<td class=\"column-9\"><span>3.5<\/span><\/td>\n<\/tr>\n<tr class=\"row-9 odd\">\n<td class=\"column-1\"><span>6<\/span><\/td>\n<td class=\"column-2\"><span>2<\/span><\/td>\n<td class=\"column-3\"><span>1\/2 &#8211; 13<\/span><\/td>\n<td class=\"column-4\"><span>0,88<\/span><\/td>\n<td class=\"column-5\"><span>0,75<\/span><\/td>\n<td class=\"column-6\"><span>3.5<\/span><\/td>\n<td class=\"column-7\"><span>5.06<\/span><\/td>\n<td class=\"column-8\"><span>0,31<\/span><\/td>\n<td class=\"column-9\"><span>1,38<\/span><\/td>\n<\/tr>\n<tr class=\"row-10 even\">\n<td class=\"column-1\"><span>7<\/span><\/td>\n<td class=\"column-2\"><span>3<\/span><\/td>\n<td class=\"column-3\"><span>1\/2 &#8211; 13<\/span><\/td>\n<td class=\"column-4\"><span>0,88<\/span><\/td>\n<td class=\"column-5\"><span>0,63<\/span><\/td>\n<td class=\"column-6\"><span>4.13<\/span><\/td>\n<td class=\"column-7\"><span>5,75<\/span><\/td>\n<td class=\"column-8\"><span>0,25<\/span><\/td>\n<td class=\"column-9\"><span>3.5<\/span><\/td>\n<\/tr>\n<tr class=\"row-11 odd\">\n<td class=\"column-1\"><span>8<\/span><\/td>\n<td class=\"column-2\"><span>5<\/span><\/td>\n<td class=\"column-3\"><span>1\/2 &#8211; 13<\/span><\/td>\n<td class=\"column-4\"><span>0,88<\/span><\/td>\n<td class=\"column-5\"><span>0,75<\/span><\/td>\n<td class=\"column-6\"><span>7<\/span><\/td>\n<td class=\"column-7\"><span>8.38<\/span><\/td>\n<td class=\"column-8\"><span>0,31<\/span><\/td>\n<td class=\"column-9\"><span>1,38<\/span><\/td>\n<\/tr>\n<tr class=\"row-12 even\">\n<td class=\"column-1\"><span>9<\/span><\/td>\n<td class=\"column-2\"><span>1<\/span><\/td>\n<td class=\"column-3\"><span>5\/8 &#8211; 11<\/span><\/td>\n<td class=\"column-4\"><span>0,88<\/span><\/td>\n<td class=\"column-5\"><span>0,63<\/span><\/td>\n<td class=\"column-6\"><span>2.38<\/span><\/td>\n<td class=\"column-7\"><span>4<\/span><\/td>\n<td class=\"column-8\"><span>0,25<\/span><\/td>\n<td class=\"column-9\"><span>3.5<\/span><\/td>\n<\/tr>\n<tr class=\"row-13 odd\">\n<td class=\"column-1\"><span>10<\/span><\/td>\n<td class=\"column-2\"><span>2<\/span><\/td>\n<td class=\"column-3\"><span>5\/8 &#8211; 11<\/span><\/td>\n<td class=\"column-4\"><span>0,88<\/span><\/td>\n<td class=\"column-5\"><span>0,75<\/span><\/td>\n<td class=\"column-6\"><span>3.5<\/span><\/td>\n<td class=\"column-7\"><span>5.06<\/span><\/td>\n<td class=\"column-8\"><span>0,31<\/span><\/td>\n<td class=\"column-9\"><span>1,38<\/span><\/td>\n<\/tr>\n<tr class=\"row-14 even\">\n<td class=\"column-1\"><span>11<\/span><\/td>\n<td class=\"column-2\"><span>3<\/span><\/td>\n<td class=\"column-3\"><span>5\/8 &#8211; 11<\/span><\/td>\n<td class=\"column-4\"><span>0,88<\/span><\/td>\n<td class=\"column-5\"><span>0,63<\/span><\/td>\n<td class=\"column-6\"><span>4.13<\/span><\/td>\n<td class=\"column-7\"><span>5,75<\/span><\/td>\n<td class=\"column-8\"><span>0,25<\/span><\/td>\n<td class=\"column-9\"><span>3.5<\/span><\/td>\n<\/tr>\n<tr class=\"row-15 odd\">\n<td class=\"column-1\"><span>12<\/span><\/td>\n<td class=\"column-2\"><span>5<\/span><\/td>\n<td class=\"column-3\"><span>5\/8 &#8211; 11<\/span><\/td>\n<td class=\"column-4\"><span>0,88<\/span><\/td>\n<td class=\"column-5\"><span>0,75<\/span><\/td>\n<td class=\"column-6\"><span>7<\/span><\/td>\n<td class=\"column-7\"><span>8.38<\/span><\/td>\n<td class=\"column-8\"><span>0,31<\/span><\/td>\n<td class=\"column-9\"><span>1,38<\/span><\/td>\n<\/tr>\n<tr class=\"row-16 even\">\n<td class=\"column-1\"><span>13<\/span><\/td>\n<td class=\"column-2\"><span>1<\/span><\/td>\n<td class=\"column-3\"><span>1 &#8211; 14<\/span><\/td>\n<td class=\"column-4\"><span>1,38<\/span><\/td>\n<td class=\"column-5\"><span>0,63<\/span><\/td>\n<td class=\"column-6\"><span>2.38<\/span><\/td>\n<td class=\"column-7\"><span>4<\/span><\/td>\n<td class=\"column-8\"><span>0,38<\/span><\/td>\n<td class=\"column-9\"><span>3.5<\/span><\/td>\n<\/tr>\n<tr class=\"row-17 odd\">\n<td class=\"column-1\"><span>14<\/span><\/td>\n<td class=\"column-2\"><span>2<\/span><\/td>\n<td class=\"column-3\"><span>1 &#8211; 14<\/span><\/td>\n<td class=\"column-4\"><span>1,38<\/span><\/td>\n<td class=\"column-5\"><span>0,75<\/span><\/td>\n<td class=\"column-6\"><span>3,56<\/span><\/td>\n<td class=\"column-7\"><span>5.13<\/span><\/td>\n<td class=\"column-8\"><span>0,34<\/span><\/td>\n<td class=\"column-9\"><span>1,94<\/span><\/td>\n<\/tr>\n<tr class=\"row-18 even\">\n<td class=\"column-1\"><span>15<\/span><\/td>\n<td class=\"column-2\"><span>3<\/span><\/td>\n<td class=\"column-3\"><span>1 &#8211; 14<\/span><\/td>\n<td class=\"column-4\"><span>1,38<\/span><\/td>\n<td class=\"column-5\"><span>0,63<\/span><\/td>\n<td class=\"column-6\"><span>4.13<\/span><\/td>\n<td class=\"column-7\"><span>5,75<\/span><\/td>\n<td class=\"column-8\"><span>0,38<\/span><\/td>\n<td class=\"column-9\"><span>3.5<\/span><\/td>\n<\/tr>\n<tr class=\"row-19 odd\">\n<td class=\"column-1\"><span>16<\/span><\/td>\n<td class=\"column-2\"><span>5<\/span><\/td>\n<td class=\"column-3\"><span>1 &#8211; 14<\/span><\/td>\n<td class=\"column-4\"><span>1,44<\/span><\/td>\n<td class=\"column-5\"><span>0,75<\/span><\/td>\n<td class=\"column-6\"><span>7.06<\/span><\/td>\n<td class=\"column-7\"><span>9.44<\/span><\/td>\n<td class=\"column-8\"><span>0,34<\/span><\/td>\n<td class=\"column-9\"><span>1,94<\/span><\/td>\n<\/tr>\n<tr class=\"row-20 even\">\n<td class=\"column-1\"><span>17<\/span><\/td>\n<td class=\"column-2\"><span>4<\/span><\/td>\n<td class=\"column-3\"><span>1 &#8211; 14<\/span><\/td>\n<td class=\"column-4\"><span>1,38<\/span><\/td>\n<td class=\"column-5\"><span>0,63<\/span><\/td>\n<td class=\"column-6\"><span>5.13<\/span><\/td>\n<td class=\"column-7\"><span>6,69<\/span><\/td>\n<td class=\"column-8\"><span>0,38<\/span><\/td>\n<td class=\"column-9\"><span>3.5<\/span><\/td>\n<\/tr>\n<tr class=\"row-21 odd\">\n<td class=\"column-1\"><span>18<\/span><\/td>\n<td class=\"column-2\"><span>6<\/span><\/td>\n<td class=\"column-3\"><span>1 &#8211; 14<\/span><\/td>\n<td class=\"column-4\"><span>1,38<\/span><\/td>\n<td class=\"column-5\"><span>0,63<\/span><\/td>\n<td class=\"column-6\"><span>6,88<\/span><\/td>\n<td class=\"column-7\"><span>9.44<\/span><\/td>\n<td class=\"column-8\"><span>0,38<\/span><\/td>\n<td class=\"column-9\"><span>3.5<\/span><\/td>\n<\/tr>\n<\/tbody>\n<\/table>\n<p>&nbsp;<\/p>\n<p><span>Bronze-Flachstecker (auch bekannt als Bronze-Flachstecker \/ Flachstecker-Steckverbinder f\u00fcr Transformatoren) sind eine Art elektrischer Steckverbinder, der zum Herstellen von Verbindungen zwischen Komponenten oder Leitern in Transformatoren oder Stromverteilungssystemen verwendet wird. Diese Flachstecker werden h\u00e4ufig verwendet, um sichere und zuverl\u00e4ssige elektrische Verbindungen zwischen Dr\u00e4hten, Leitern und Anschl\u00fcssen herzustellen. Unsere Bronzegie\u00dferei in Indien gie\u00dft und bearbeitet Bronze-Flachstecker und -Anschl\u00fcsse mit CNC-Maschinen.<\/span><\/p>\n<p><span>Bronzene Flachsteckverbinder \u2013 Flachsteckverbinder werden f\u00fcr vertikale Abzweigungen und Verbindungen von Bolzen zu einzelnen oder mehreren Sammelschienen verwendet.<\/span><strong><br \/>\n<\/strong><\/p>\n<p><strong><span>Eigenschaften von Bronzespaten:<\/span><\/strong><\/p>\n<ul>\n<li><span>Hergestellt aus einer Legierung mit hohem Kupferanteil und verzinnt<\/span><\/li>\n<li><span>Zur Verwendung mit Aluminium- oder Kupfer-Kompressions- oder Schraub\u00f6sen<\/span><\/li>\n<li><span>Die Befestigungsl\u00f6cher f\u00fcr die Flachsteckh\u00fclsen der Flachsteckh\u00fclsen haben einen Durchmesser von 9\/16 Zoll und einen Abstand von 1-3\/4 Zoll gem\u00e4\u00df NEMA (National Electrical Manufacturers Association).<\/span><\/li>\n<li><span>Bronze-Spaten K\u00f6nnen mit an die Klemme angeschlossenen Bolzen geliefert werden<\/span><\/li>\n<li><span>Wir gie\u00dfen und bieten Bronzespaten in den G\u00fcten CDA 833, CDA 836, CDA 954, CDA 955, CDA 956 oder jeder gew\u00fcnschten Speziallegierung an.<\/span><\/li>\n<li><span>Diese Flachsteckverbinder k\u00f6nnen mit Stellschrauben zur Bolzenverriegelung geliefert werden (k\u00f6nnen mit Stellschrauben zur Bolzenverriegelung angeboten werden).<\/span><\/li>\n<\/ul>\n<p>&nbsp;<\/p>\n<p><strong><span>Bronze ist eine Metalllegierung, die f\u00fcr ihre elektrische Leitf\u00e4higkeit, Korrosionsbest\u00e4ndigkeit und Haltbarkeit bekannt ist. Flachsteckverbinder aus Bronze k\u00f6nnen in verschiedenen Anwendungen innerhalb des Stromverteilungssystems verwendet werden, darunter:<\/span><\/strong><\/p>\n<ul>\n<li><strong><span>Abschlussleiter:<\/span><\/strong><span>\u00a0Mit Flachsteckverbindern aus Bronze k\u00f6nnen die Enden von Stromkabeln oder Leitern abgeschlossen werden. Sie werden auf die Dr\u00e4hte gecrimpt oder gel\u00f6tet, um eine solide elektrische Verbindung herzustellen, die sich leicht an Klemmen oder andere Komponenten anschlie\u00dfen l\u00e4sst.<\/span><\/li>\n<li><strong><span>Transformatoranschl\u00fcsse:<\/span><\/strong><span>\u00a0Bronzene Flachsteckh\u00fclsen k\u00f6nnen verwendet werden, um die Verkabelung von Transformatoren mit Verteilungsleitungen oder anderen Teilen des Stromnetzes zu verbinden. Diese Steckverbinder sorgen f\u00fcr effiziente und sichere Verbindungen bei der Strom\u00fcbertragung.<\/span><\/li>\n<li><strong><span>Schaltanlagen und Leistungsschalter:<\/span><\/strong><span>\u00a0In Schaltanlagen- und Leistungsschalterfeldern k\u00f6nnen Bronze-Flachstecker verwendet werden, um Steuerkabel, Signalkabel oder Stromleiter mit verschiedenen Komponenten innerhalb des Systems zu verbinden.<\/span><\/li>\n<li><strong><span>Erdungsanwendungen:<\/span><\/strong><span>\u00a0Flachsteckverbinder aus Bronze k\u00f6nnen auch in Erdungsanwendungen verwendet werden und helfen dabei, zuverl\u00e4ssige Verbindungen zwischen Erdungsleitern und Ger\u00e4ten herzustellen.<\/span><\/li>\n<\/ul>\n<p><span>Es ist wichtig zu beachten, dass Bronze aufgrund seiner Leitf\u00e4higkeit und Haltbarkeit zwar ein geeignetes Material f\u00fcr bestimmte elektrische Anwendungen ist, moderne elektrische Steckverbinder jedoch auch aus anderen Materialien wie Kupfer, Aluminium oder verschiedenen Legierungen hergestellt werden k\u00f6nnen.<\/span><\/p>\n","protected":false},"featured_media":12886,"template":"","meta":[],"product_brand":[],"product_cat":[327],"product_tag":[],"class_list":{"0":"post-12977","1":"product","2":"type-product","3":"status-publish","4":"has-post-thumbnail","6":"product_cat-transformator-und-stromleitungshardware","8":"first","9":"instock","10":"shipping-taxable","11":"product-type-simple"},"yoast_head":"<!-- This site is optimized with the Yoast SEO plugin v27.3 - https:\/\/yoast.com\/product\/yoast-seo-wordpress\/ -->\n<title>Bronze-Flachstecker, Transformator-Flachstecker, Flachstecker<\/title>\n<meta name=\"description\" content=\"Conex Metals bietet Guss von Bronze-Spaten, Spatenklemmen, Spatenverbindern, Transformatorspaten, Weibliche Spatenverbinder und Elektrische Spatenverbinder an und ist eine f\u00fchrende Gie\u00dferei sowie Hersteller, Exporteur und Lieferant in Indien.\" \/>\n<meta name=\"robots\" content=\"index, follow, max-snippet:-1, max-image-preview:large, max-video-preview:-1\" \/>\n<link rel=\"canonical\" href=\"https:\/\/conexmetals.com\/de\/produkt\/bronze-flachstecker-transformator-flachstecker-flachstecker\/\" \/>\n<script type=\"application\/ld+json\" class=\"yoast-schema-graph\">{\"@context\":\"https:\\\/\\\/schema.org\",\"@graph\":[{\"@type\":\"WebPage\",\"@id\":\"https:\\\/\\\/conexmetals.com\\\/de\\\/produkt\\\/bronze-flachstecker-transformator-flachstecker-flachstecker\\\/\",\"url\":\"https:\\\/\\\/conexmetals.com\\\/de\\\/produkt\\\/bronze-flachstecker-transformator-flachstecker-flachstecker\\\/\",\"name\":\"Bronze-Flachstecker, Transformator-Flachstecker, Flachstecker\",\"isPartOf\":{\"@id\":\"https:\\\/\\\/conexmetals.com\\\/de\\\/#website\"},\"primaryImageOfPage\":{\"@id\":\"https:\\\/\\\/conexmetals.com\\\/de\\\/produkt\\\/bronze-flachstecker-transformator-flachstecker-flachstecker\\\/#primaryimage\"},\"image\":{\"@id\":\"https:\\\/\\\/conexmetals.com\\\/de\\\/produkt\\\/bronze-flachstecker-transformator-flachstecker-flachstecker\\\/#primaryimage\"},\"thumbnailUrl\":\"https:\\\/\\\/conexmetals.com\\\/wp-content\\\/uploads\\\/2025\\\/01\\\/Bronze-Spaten.webp\",\"datePublished\":\"2023-08-18T07:16:05+00:00\",\"dateModified\":\"2025-01-11T06:14:38+00:00\",\"description\":\"Conex Metals bietet Guss von Bronze-Spaten, Spatenklemmen, Spatenverbindern, Transformatorspaten, Weibliche Spatenverbinder und Elektrische Spatenverbinder an und ist eine f\u00fchrende Gie\u00dferei sowie Hersteller, Exporteur und Lieferant in Indien.\",\"breadcrumb\":{\"@id\":\"https:\\\/\\\/conexmetals.com\\\/de\\\/produkt\\\/bronze-flachstecker-transformator-flachstecker-flachstecker\\\/#breadcrumb\"},\"inLanguage\":\"de\",\"potentialAction\":[{\"@type\":\"ReadAction\",\"target\":[\"https:\\\/\\\/conexmetals.com\\\/de\\\/produkt\\\/bronze-flachstecker-transformator-flachstecker-flachstecker\\\/\"]}]},{\"@type\":\"ImageObject\",\"inLanguage\":\"de\",\"@id\":\"https:\\\/\\\/conexmetals.com\\\/de\\\/produkt\\\/bronze-flachstecker-transformator-flachstecker-flachstecker\\\/#primaryimage\",\"url\":\"https:\\\/\\\/conexmetals.com\\\/wp-content\\\/uploads\\\/2025\\\/01\\\/Bronze-Spaten.webp\",\"contentUrl\":\"https:\\\/\\\/conexmetals.com\\\/wp-content\\\/uploads\\\/2025\\\/01\\\/Bronze-Spaten.webp\",\"width\":350,\"height\":350,\"caption\":\"Bronze-Spaten\"},{\"@type\":\"BreadcrumbList\",\"@id\":\"https:\\\/\\\/conexmetals.com\\\/de\\\/produkt\\\/bronze-flachstecker-transformator-flachstecker-flachstecker\\\/#breadcrumb\",\"itemListElement\":[{\"@type\":\"ListItem\",\"position\":1,\"name\":\"Home\",\"item\":\"https:\\\/\\\/conexmetals.com\\\/de\\\/heim\\\/\"},{\"@type\":\"ListItem\",\"position\":2,\"name\":\"Products\",\"item\":\"https:\\\/\\\/conexmetals.com\\\/products\\\/\"},{\"@type\":\"ListItem\",\"position\":3,\"name\":\"Bronze-Flachstecker, Transformator-Flachstecker, Flachstecker\"}]},{\"@type\":\"WebSite\",\"@id\":\"https:\\\/\\\/conexmetals.com\\\/de\\\/#website\",\"url\":\"https:\\\/\\\/conexmetals.com\\\/de\\\/\",\"name\":\"Conex Metals Brass Fittings Brass Parts Copper Parts Brass Components Brass Plumbing Fittings India\",\"description\":\"Manufacturer of Bronze Fittings casting Copper Brass parts components\",\"publisher\":{\"@id\":\"https:\\\/\\\/conexmetals.com\\\/de\\\/#organization\"},\"potentialAction\":[{\"@type\":\"SearchAction\",\"target\":{\"@type\":\"EntryPoint\",\"urlTemplate\":\"https:\\\/\\\/conexmetals.com\\\/de\\\/?s={search_term_string}\"},\"query-input\":{\"@type\":\"PropertyValueSpecification\",\"valueRequired\":true,\"valueName\":\"search_term_string\"}}],\"inLanguage\":\"de\"},{\"@type\":\"Organization\",\"@id\":\"https:\\\/\\\/conexmetals.com\\\/de\\\/#organization\",\"name\":\"Conex Metals Brass Fittings Brass Parts Copper Parts Brass Components Brass Plumbing Fittings India\",\"url\":\"https:\\\/\\\/conexmetals.com\\\/de\\\/\",\"logo\":{\"@type\":\"ImageObject\",\"inLanguage\":\"de\",\"@id\":\"https:\\\/\\\/conexmetals.com\\\/de\\\/#\\\/schema\\\/logo\\\/image\\\/\",\"url\":\"https:\\\/\\\/conexmetals.com\\\/wp-content\\\/uploads\\\/2024\\\/03\\\/conex-metals-logo.webp\",\"contentUrl\":\"https:\\\/\\\/conexmetals.com\\\/wp-content\\\/uploads\\\/2024\\\/03\\\/conex-metals-logo.webp\",\"width\":300,\"height\":121,\"caption\":\"Conex Metals Brass Fittings Brass Parts Copper Parts Brass Components Brass Plumbing Fittings India\"},\"image\":{\"@id\":\"https:\\\/\\\/conexmetals.com\\\/de\\\/#\\\/schema\\\/logo\\\/image\\\/\"},\"sameAs\":[\"https:\\\/\\\/www.facebook.com\\\/conexbrass\",\"https:\\\/\\\/x.com\\\/conexindia\",\"https:\\\/\\\/www.linkedin.com\\\/company\\\/conex-metals-india\\\/\",\"https:\\\/\\\/www.instagram.com\\\/conexindia\\\/\"]}]}<\/script>\n<!-- \/ Yoast SEO plugin. -->","yoast_head_json":{"title":"Bronze-Flachstecker, Transformator-Flachstecker, Flachstecker","description":"Conex Metals bietet Guss von Bronze-Spaten, Spatenklemmen, Spatenverbindern, Transformatorspaten, Weibliche Spatenverbinder und Elektrische Spatenverbinder an und ist eine f\u00fchrende Gie\u00dferei sowie Hersteller, Exporteur und Lieferant in Indien.","robots":{"index":"index","follow":"follow","max-snippet":"max-snippet:-1","max-image-preview":"max-image-preview:large","max-video-preview":"max-video-preview:-1"},"canonical":"https:\/\/conexmetals.com\/de\/produkt\/bronze-flachstecker-transformator-flachstecker-flachstecker\/","schema":{"@context":"https:\/\/schema.org","@graph":[{"@type":"WebPage","@id":"https:\/\/conexmetals.com\/de\/produkt\/bronze-flachstecker-transformator-flachstecker-flachstecker\/","url":"https:\/\/conexmetals.com\/de\/produkt\/bronze-flachstecker-transformator-flachstecker-flachstecker\/","name":"Bronze-Flachstecker, Transformator-Flachstecker, Flachstecker","isPartOf":{"@id":"https:\/\/conexmetals.com\/de\/#website"},"primaryImageOfPage":{"@id":"https:\/\/conexmetals.com\/de\/produkt\/bronze-flachstecker-transformator-flachstecker-flachstecker\/#primaryimage"},"image":{"@id":"https:\/\/conexmetals.com\/de\/produkt\/bronze-flachstecker-transformator-flachstecker-flachstecker\/#primaryimage"},"thumbnailUrl":"https:\/\/conexmetals.com\/wp-content\/uploads\/2025\/01\/Bronze-Spaten.webp","datePublished":"2023-08-18T07:16:05+00:00","dateModified":"2025-01-11T06:14:38+00:00","description":"Conex Metals bietet Guss von Bronze-Spaten, Spatenklemmen, Spatenverbindern, Transformatorspaten, Weibliche Spatenverbinder und Elektrische Spatenverbinder an und ist eine f\u00fchrende Gie\u00dferei sowie Hersteller, Exporteur und Lieferant in Indien.","breadcrumb":{"@id":"https:\/\/conexmetals.com\/de\/produkt\/bronze-flachstecker-transformator-flachstecker-flachstecker\/#breadcrumb"},"inLanguage":"de","potentialAction":[{"@type":"ReadAction","target":["https:\/\/conexmetals.com\/de\/produkt\/bronze-flachstecker-transformator-flachstecker-flachstecker\/"]}]},{"@type":"ImageObject","inLanguage":"de","@id":"https:\/\/conexmetals.com\/de\/produkt\/bronze-flachstecker-transformator-flachstecker-flachstecker\/#primaryimage","url":"https:\/\/conexmetals.com\/wp-content\/uploads\/2025\/01\/Bronze-Spaten.webp","contentUrl":"https:\/\/conexmetals.com\/wp-content\/uploads\/2025\/01\/Bronze-Spaten.webp","width":350,"height":350,"caption":"Bronze-Spaten"},{"@type":"BreadcrumbList","@id":"https:\/\/conexmetals.com\/de\/produkt\/bronze-flachstecker-transformator-flachstecker-flachstecker\/#breadcrumb","itemListElement":[{"@type":"ListItem","position":1,"name":"Home","item":"https:\/\/conexmetals.com\/de\/heim\/"},{"@type":"ListItem","position":2,"name":"Products","item":"https:\/\/conexmetals.com\/products\/"},{"@type":"ListItem","position":3,"name":"Bronze-Flachstecker, Transformator-Flachstecker, Flachstecker"}]},{"@type":"WebSite","@id":"https:\/\/conexmetals.com\/de\/#website","url":"https:\/\/conexmetals.com\/de\/","name":"Conex Metals Brass Fittings Brass Parts Copper Parts Brass Components Brass Plumbing Fittings India","description":"Manufacturer of Bronze Fittings casting Copper Brass parts components","publisher":{"@id":"https:\/\/conexmetals.com\/de\/#organization"},"potentialAction":[{"@type":"SearchAction","target":{"@type":"EntryPoint","urlTemplate":"https:\/\/conexmetals.com\/de\/?s={search_term_string}"},"query-input":{"@type":"PropertyValueSpecification","valueRequired":true,"valueName":"search_term_string"}}],"inLanguage":"de"},{"@type":"Organization","@id":"https:\/\/conexmetals.com\/de\/#organization","name":"Conex Metals Brass Fittings Brass Parts Copper Parts Brass Components Brass Plumbing Fittings India","url":"https:\/\/conexmetals.com\/de\/","logo":{"@type":"ImageObject","inLanguage":"de","@id":"https:\/\/conexmetals.com\/de\/#\/schema\/logo\/image\/","url":"https:\/\/conexmetals.com\/wp-content\/uploads\/2024\/03\/conex-metals-logo.webp","contentUrl":"https:\/\/conexmetals.com\/wp-content\/uploads\/2024\/03\/conex-metals-logo.webp","width":300,"height":121,"caption":"Conex Metals Brass Fittings Brass Parts Copper Parts Brass Components Brass Plumbing Fittings India"},"image":{"@id":"https:\/\/conexmetals.com\/de\/#\/schema\/logo\/image\/"},"sameAs":["https:\/\/www.facebook.com\/conexbrass","https:\/\/x.com\/conexindia","https:\/\/www.linkedin.com\/company\/conex-metals-india\/","https:\/\/www.instagram.com\/conexindia\/"]}]}},"_links":{"self":[{"href":"https:\/\/conexmetals.com\/de\/wp-json\/wp\/v2\/product\/12977","targetHints":{"allow":["GET"]}}],"collection":[{"href":"https:\/\/conexmetals.com\/de\/wp-json\/wp\/v2\/product"}],"about":[{"href":"https:\/\/conexmetals.com\/de\/wp-json\/wp\/v2\/types\/product"}],"wp:featuredmedia":[{"embeddable":true,"href":"https:\/\/conexmetals.com\/de\/wp-json\/wp\/v2\/media\/12886"}],"wp:attachment":[{"href":"https:\/\/conexmetals.com\/de\/wp-json\/wp\/v2\/media?parent=12977"}],"wp:term":[{"taxonomy":"product_brand","embeddable":true,"href":"https:\/\/conexmetals.com\/de\/wp-json\/wp\/v2\/product_brand?post=12977"},{"taxonomy":"product_cat","embeddable":true,"href":"https:\/\/conexmetals.com\/de\/wp-json\/wp\/v2\/product_cat?post=12977"},{"taxonomy":"product_tag","embeddable":true,"href":"https:\/\/conexmetals.com\/de\/wp-json\/wp\/v2\/product_tag?post=12977"}],"curies":[{"name":"wp","href":"https:\/\/api.w.org\/{rel}","templated":true}]}}