{"id":12983,"date":"2023-08-18T12:49:25","date_gmt":"2023-08-18T07:19:25","guid":{"rendered":"https:\/\/conexmetals.com\/?post_type=product&#038;p=12983"},"modified":"2025-01-11T11:59:31","modified_gmt":"2025-01-11T06:29:31","slug":"bronze-schraubstock-verbinder","status":"publish","type":"product","link":"https:\/\/conexmetals.com\/de\/produkt\/bronze-schraubstock-verbinder\/","title":{"rendered":"Bronze-Schraubstock-Verbinder"},"content":{"rendered":"","protected":false},"excerpt":{"rendered":"<p><img decoding=\"async\" class=\"size-medium wp-image-6268 alignright lazy loaded\" src=\"https:\/\/conexmetals.com\/wp-content\/uploads\/2023\/08\/Bronze-Vise-Connectors-300x159.png\" alt=\"Schraubstockverbinder aus Bronze\" width=\"300\" height=\"159\" data-src=\"https:\/\/conexmetals.com\/wp-content\/uploads\/2023\/08\/Bronze-Vise-Connectors-300x159.png\" data-was-processed=\"true\" srcset=\"https:\/\/conexmetals.com\/wp-content\/uploads\/2023\/08\/Bronze-Vise-Connectors-300x159.png 300w, https:\/\/conexmetals.com\/wp-content\/uploads\/2023\/08\/Bronze-Vise-Connectors.png 350w\" sizes=\"(max-width: 300px) 100vw, 300px\" \/><span>Conex India ist ein f\u00fchrender Hersteller, Lieferant und Exporteur hochwertiger Schraubstockverbinder aus Bronze und anderer Bronzekomponenten. Unsere Schraubstockverbinder bieten eine zuverl\u00e4ssige, l\u00f6tfreie Verbindung zwischen Erdungskabeln und gew\u00e4hrleisten eine sichere und vibrationsfeste Verbindung. Unsere Verbinder bestehen aus korrosionsbest\u00e4ndiger, hochfester Bronze und verf\u00fcgen \u00fcber ein einzigartiges V-Nut-Design, das die Leiter f\u00fcr maximale Haftung richtig ausrichtet.<\/span><\/p>\n<table id=\"tablepress-316\" class=\"tablepress tablepress-id-316\">\n<caption>\u00a0<\/caption>\n<thead>\n<tr class=\"row-1 odd\">\n<th class=\"column-1\" colspan=\"8\"><strong><span>Schraubstockverbinder aus Bronze<\/span><\/strong><\/th>\n<\/tr>\n<\/thead>\n<tbody class=\"row-hover\">\n<tr class=\"row-2 even\">\n<td class=\"column-1\"><strong><span>Seriennummer<\/span><\/strong><\/td>\n<td class=\"column-2\"><strong><span>A (in)<\/span><\/strong><\/td>\n<td class=\"column-3\"><strong><span>B (in)<\/span><\/strong><\/td>\n<td class=\"column-4\"><strong><span>C (in)<\/span><\/strong><\/td>\n<td class=\"column-5\"><strong><span>Standardpaket<\/span><\/strong><\/td>\n<td class=\"column-6\"><strong><span>Leiterdurchmesserbereich<\/span><\/strong><\/td>\n<td class=\"column-7\"><strong><span>Bolzengewindegr\u00f6\u00dfe<\/span><\/strong><\/td>\n<td class=\"column-8\"><strong><span>Gr\u00f6\u00dfe des Sechskantkopfes der Schraube<\/span><\/strong><\/td>\n<\/tr>\n<tr class=\"row-3 odd\">\n<td class=\"column-1\"><span>1<\/span><\/td>\n<td class=\"column-2\"><span>1,33<\/span><\/td>\n<td class=\"column-3\"><span>0,81<\/span><\/td>\n<td class=\"column-4\"><span>0,93<\/span><\/td>\n<td class=\"column-5\"><span>200<\/span><\/td>\n<td class=\"column-6\"><span>6 Sol &#8211; 2 Sol<\/span><\/td>\n<td class=\"column-7\"><span>5\/16 Zoll<\/span><\/td>\n<td class=\"column-8\"><span>9\/16 Zoll<\/span><\/td>\n<\/tr>\n<tr class=\"row-4 even\">\n<td class=\"column-1\"><span>2<\/span><\/td>\n<td class=\"column-2\"><span>1,72<\/span><\/td>\n<td class=\"column-3\"><span>0,8<\/span><\/td>\n<td class=\"column-4\"><span>1.03<\/span><\/td>\n<td class=\"column-5\"><span>100<\/span><\/td>\n<td class=\"column-6\"><span>4 Sol &#8211; 1\/0 Str<\/span><\/td>\n<td class=\"column-7\"><span>5\/16 Zoll<\/span><\/td>\n<td class=\"column-8\"><span>9\/16 Zoll<\/span><\/td>\n<\/tr>\n<tr class=\"row-5 odd\">\n<td class=\"column-1\"><span>3<\/span><\/td>\n<td class=\"column-2\"><span>1,91<\/span><\/td>\n<td class=\"column-3\"><span>0,94<\/span><\/td>\n<td class=\"column-4\"><span>1.19<\/span><\/td>\n<td class=\"column-5\"><span>100<\/span><\/td>\n<td class=\"column-6\"><span>3 Sol \u2013 2\/0 Str<\/span><\/td>\n<td class=\"column-7\"><span>3\/8 Zoll<\/span><\/td>\n<td class=\"column-8\"><span>9\/16 Zoll<\/span><\/td>\n<\/tr>\n<tr class=\"row-6 even\">\n<td class=\"column-1\"><span>4<\/span><\/td>\n<td class=\"column-2\"><span>1,52<\/span><\/td>\n<td class=\"column-3\"><span>0,79<\/span><\/td>\n<td class=\"column-4\"><span>0,93<\/span><\/td>\n<td class=\"column-5\"><span>200<\/span><\/td>\n<td class=\"column-6\"><span>5 Sol &#8211; 2 Str<\/span><\/td>\n<td class=\"column-7\"><span>5\/16 Zoll<\/span><\/td>\n<td class=\"column-8\"><span>9\/16 Zoll<\/span><\/td>\n<\/tr>\n<tr class=\"row-7 odd\">\n<td class=\"column-1\"><span>5<\/span><\/td>\n<td class=\"column-2\"><span>1.13<\/span><\/td>\n<td class=\"column-3\"><span>0,73<\/span><\/td>\n<td class=\"column-4\"><span>0,83<\/span><\/td>\n<td class=\"column-5\"><span>200<\/span><\/td>\n<td class=\"column-6\"><span>8 Sol &#8211; 4 Str<\/span><\/td>\n<td class=\"column-7\"><span>5\/16 Zoll<\/span><\/td>\n<td class=\"column-8\"><span>9\/16 Zoll<\/span><\/td>\n<\/tr>\n<tr class=\"row-8 even\">\n<td class=\"column-1\"><span>6<\/span><\/td>\n<td class=\"column-2\"><span>2.14<\/span><\/td>\n<td class=\"column-3\"><span>0,95<\/span><\/td>\n<td class=\"column-4\"><span>1.27<\/span><\/td>\n<td class=\"column-5\"><span>80<\/span><\/td>\n<td class=\"column-6\"><span>1\/0 St\u00e4rke \u2013 4\/0 St\u00e4rke<\/span><\/td>\n<td class=\"column-7\"><span>3\/8 Zoll<\/span><\/td>\n<td class=\"column-8\"><span>9\/16 Zoll<\/span><\/td>\n<\/tr>\n<tr class=\"row-9 odd\">\n<td class=\"column-1\"><span>7<\/span><\/td>\n<td class=\"column-2\"><span>0,88<\/span><\/td>\n<td class=\"column-3\"><span>0,64<\/span><\/td>\n<td class=\"column-4\"><span>0,73<\/span><\/td>\n<td class=\"column-5\"><span>200<\/span><\/td>\n<td class=\"column-6\"><span>10 Sol \u2013 6 Str<\/span><\/td>\n<td class=\"column-7\"><span>1\/4 Zoll<\/span><\/td>\n<td class=\"column-8\"><span>3\/8 Zoll<\/span><\/td>\n<\/tr>\n<\/tbody>\n<\/table>\n<p>&nbsp;<\/p>\n<p><img fetchpriority=\"high\" decoding=\"async\" class=\"size-medium wp-image-6275 alignleft lazy loaded\" src=\"https:\/\/conexmetals.com\/wp-content\/uploads\/2023\/08\/Bronze-Vise-Connector-2-1-300x198.jpg\" alt=\"Strichzeichnung des Schraubstockverbinders aus Bronze\" width=\"300\" height=\"198\" data-src=\"https:\/\/conexmetals.com\/wp-content\/uploads\/2023\/08\/Bronze-Vise-Connector-2-1-300x198.jpg\" data-was-processed=\"true\" srcset=\"https:\/\/conexmetals.com\/wp-content\/uploads\/2023\/08\/Bronze-Vise-Connector-2-1-300x198.jpg 300w, https:\/\/conexmetals.com\/wp-content\/uploads\/2023\/08\/Bronze-Vise-Connector-2-1.jpg 463w\" sizes=\"(max-width: 300px) 100vw, 300px\" \/><span>Unsere Steckverbinder sind f\u00fcr eine schnelle und einfache Installation ausgelegt. Sie bestehen aus einem St\u00fcck und haben eine seitliche \u00d6ffnung, wodurch lose Teile und \u00dcberkreuzungen vermieden werden und die Installation an laufenden Leitern vereinfacht wird. Die Klemmen werden aus der Kupferlegierung C955 im pr\u00e4zisen Schalenformverfahren hergestellt.<\/span><\/p>\n<p><span>Unsere Bronze-Schraubstockverbinder sind vielseitig einsetzbar und k\u00f6nnen zum Verbinden von Erdungsleitern verschiedener Gr\u00f6\u00dfen sowie von Polleitungsger\u00e4ten mit Erdungsleitern verwendet werden. Wir legen Wert auf Qualit\u00e4tskontrolle und befolgen in allen Phasen der Herstellung und Nachbearbeitung strikt ein getestetes und bew\u00e4hrtes System. Nur Produkte, die diese Qualit\u00e4tspr\u00fcfungen bestehen, werden an unsere Kunden exportiert.<\/span><\/p>\n<table id=\"tablepress-317\" class=\"tablepress tablepress-id-317\">\n<caption>\u00a0<\/caption>\n<thead>\n<tr class=\"row-1 odd\">\n<th class=\"column-1\" colspan=\"9\"><strong><span>Schraubstockverbinder aus Bronze<\/span><\/strong><\/th>\n<\/tr>\n<\/thead>\n<tbody class=\"row-hover\">\n<tr class=\"row-2 even\">\n<td class=\"column-1\"><strong><span>Seriennummer<\/span><\/strong><\/td>\n<td class=\"column-2\"><strong><span>A (in)<\/span><\/strong><\/td>\n<td class=\"column-3\"><strong><span>B (in)<\/span><\/strong><\/td>\n<td class=\"column-4\"><strong><span>C (in)<\/span><\/strong><\/td>\n<td class=\"column-5\"><strong><span>D<\/span><\/strong><\/td>\n<td class=\"column-6\"><strong><span>Standardpaket<\/span><\/strong><\/td>\n<td class=\"column-7\"><strong><span>Leiterdurchmesserbereich<\/span><\/strong><\/td>\n<td class=\"column-8\"><strong><span>Bolzengewindegr\u00f6\u00dfe<\/span><\/strong><\/td>\n<td class=\"column-9\"><strong><span>Gr\u00f6\u00dfe des Sechskantkopfes der Schraube<\/span><\/strong><\/td>\n<\/tr>\n<tr class=\"row-3 odd\">\n<td class=\"column-1\"><span>1<\/span><\/td>\n<td class=\"column-2\"><span>1.02<\/span><\/td>\n<td class=\"column-3\"><span>0,77<\/span><\/td>\n<td class=\"column-4\"><span>2<\/span><\/td>\n<td class=\"column-5\"><span>1\/2&#8243; &#8211; 13<\/span><\/td>\n<td class=\"column-6\"><span>100<\/span><\/td>\n<td class=\"column-7\"><span>8 Sol &#8211; 1\/0 Str<\/span><\/td>\n<td class=\"column-8\"><span>5\/16 Zoll<\/span><\/td>\n<td class=\"column-9\"><span>9\/16 Zoll<\/span><\/td>\n<\/tr>\n<tr class=\"row-4 even\">\n<td class=\"column-1\"><span>2<\/span><\/td>\n<td class=\"column-2\"><span>1.02<\/span><\/td>\n<td class=\"column-3\"><span>0,77<\/span><\/td>\n<td class=\"column-4\"><span>1.5<\/span><\/td>\n<td class=\"column-5\"><span>1\/2&#8243; &#8211; 13<\/span><\/td>\n<td class=\"column-6\"><span>100<\/span><\/td>\n<td class=\"column-7\"><span>8 Sol &#8211; 1\/0 Str<\/span><\/td>\n<td class=\"column-8\"><span>5\/16 Zoll<\/span><\/td>\n<td class=\"column-9\"><span>9\/16 Zoll<\/span><\/td>\n<\/tr>\n<tr class=\"row-5 odd\">\n<td class=\"column-1\"><span>3<\/span><\/td>\n<td class=\"column-2\"><span>1.02<\/span><\/td>\n<td class=\"column-3\"><span>0,77<\/span><\/td>\n<td class=\"column-4\"><span>2<\/span><\/td>\n<td class=\"column-5\"><span>3\/8&#8243; &#8211; 16<\/span><\/td>\n<td class=\"column-6\"><span>100<\/span><\/td>\n<td class=\"column-7\"><span>8 Sol &#8211; 1\/0 Str<\/span><\/td>\n<td class=\"column-8\"><span>5\/16 Zoll<\/span><\/td>\n<td class=\"column-9\"><span>9\/16 Zoll<\/span><\/td>\n<\/tr>\n<tr class=\"row-6 even\">\n<td class=\"column-1\"><span>4<\/span><\/td>\n<td class=\"column-2\"><span>1.02<\/span><\/td>\n<td class=\"column-3\"><span>0,77<\/span><\/td>\n<td class=\"column-4\"><span>1,75<\/span><\/td>\n<td class=\"column-5\"><span>1\/2&#8243; &#8211; 13<\/span><\/td>\n<td class=\"column-6\"><span>100<\/span><\/td>\n<td class=\"column-7\"><span>8 Sol &#8211; 1\/0 Str<\/span><\/td>\n<td class=\"column-8\"><span>5\/16 Zoll<\/span><\/td>\n<td class=\"column-9\"><span>9\/16 Zoll<\/span><\/td>\n<\/tr>\n<\/tbody>\n<\/table>\n<p><img decoding=\"async\" class=\"size-full wp-image-6267 alignright lazy loaded\" src=\"https:\/\/conexmetals.com\/wp-content\/uploads\/2023\/08\/Bronze-Vise-Connector-3.png\" alt=\"Schraubstockverbinder aus Bronze\" width=\"300\" height=\"185\" data-src=\"https:\/\/conexmetals.com\/wp-content\/uploads\/2023\/08\/Bronze-Vise-Connector-3.png\" data-was-processed=\"true\" \/><span>Wir bieten auch die Herstellung kundenspezifischer Teile nach Kundenzeichnungen und -spezifikationen an, wobei Endbearbeitungsoptionen zur Erf\u00fcllung der Kundenanforderungen verf\u00fcgbar sind. Vertrauen Sie auf Conex India f\u00fcr zuverl\u00e4ssige, hochwertige Schraubstockverbinder aus Bronze und au\u00dfergew\u00f6hnlichen Kundenservice.<\/span><\/p>\n<table id=\"tablepress-318\" class=\"tablepress tablepress-id-318\">\n<caption>\u00a0<\/caption>\n<thead>\n<tr class=\"row-1 odd\">\n<th class=\"column-1\" colspan=\"9\"><strong><span>Schraubstockverbinder aus Bronze<\/span><\/strong><\/th>\n<\/tr>\n<\/thead>\n<tbody class=\"row-hover\">\n<tr class=\"row-2 even\">\n<td class=\"column-1\"><span>Seriennummer<\/span><\/td>\n<td class=\"column-2\"><span>A (in)<\/span><\/td>\n<td class=\"column-3\"><span>B (in)<\/span><\/td>\n<td class=\"column-4\"><span>C (in)<\/span><\/td>\n<td class=\"column-5\"><span>Standardpaket<\/span><\/td>\n<td class=\"column-6\"><span>Messenger-Durchmesserbereich<\/span><\/td>\n<td class=\"column-7\"><span>Durchmesser des Erdungsanschlusses<\/span><\/td>\n<td class=\"column-8\"><span>Bolzengewindegr\u00f6\u00dfe<\/span><\/td>\n<td class=\"column-9\"><span>Gr\u00f6\u00dfe des Sechskantkopfes der Schraube<\/span><\/td>\n<\/tr>\n<tr class=\"row-3 odd\">\n<td class=\"column-1\"><span>1<\/span><\/td>\n<td class=\"column-2\"><span>1,56<\/span><\/td>\n<td class=\"column-3\"><span>0,89<\/span><\/td>\n<td class=\"column-4\"><span>1.27<\/span><\/td>\n<td class=\"column-5\"><span>25<\/span><\/td>\n<td class=\"column-6\"><span>.146 &#8211; .312<\/span><\/td>\n<td class=\"column-7\"><span>.146 &#8211; .312<\/span><\/td>\n<td class=\"column-8\"><span>5\/16 Zoll<\/span><\/td>\n<td class=\"column-9\"><span>9\/16 Zoll<\/span><\/td>\n<\/tr>\n<\/tbody>\n<\/table>\n<p>&nbsp;<\/p>\n","protected":false},"featured_media":12891,"template":"","meta":[],"product_brand":[],"product_cat":[327],"product_tag":[],"class_list":{"0":"post-12983","1":"product","2":"type-product","3":"status-publish","4":"has-post-thumbnail","6":"product_cat-transformator-und-stromleitungshardware","8":"first","9":"instock","10":"shipping-taxable","11":"product-type-simple"},"yoast_head":"<!-- This site is optimized with the Yoast SEO plugin v27.3 - https:\/\/yoast.com\/product\/yoast-seo-wordpress\/ -->\n<title>Bronze-Schraubstock-Verbinder<\/title>\n<meta name=\"description\" content=\"Conex Metals bietet robuste Bronze-Schraubstock-Verbinder, Erdungsstabklemmen, Schraubstockklemmen, Elektrische Erdungsklemmen und Bronzeklemmen als f\u00fchrender Hersteller, Exporteur und Lieferant in Indien\" \/>\n<meta name=\"robots\" content=\"index, follow, max-snippet:-1, max-image-preview:large, max-video-preview:-1\" \/>\n<link rel=\"canonical\" href=\"https:\/\/conexmetals.com\/de\/produkt\/bronze-schraubstock-verbinder\/\" \/>\n<script type=\"application\/ld+json\" class=\"yoast-schema-graph\">{\"@context\":\"https:\\\/\\\/schema.org\",\"@graph\":[{\"@type\":\"WebPage\",\"@id\":\"https:\\\/\\\/conexmetals.com\\\/de\\\/produkt\\\/bronze-schraubstock-verbinder\\\/\",\"url\":\"https:\\\/\\\/conexmetals.com\\\/de\\\/produkt\\\/bronze-schraubstock-verbinder\\\/\",\"name\":\"Bronze-Schraubstock-Verbinder\",\"isPartOf\":{\"@id\":\"https:\\\/\\\/conexmetals.com\\\/de\\\/#website\"},\"primaryImageOfPage\":{\"@id\":\"https:\\\/\\\/conexmetals.com\\\/de\\\/produkt\\\/bronze-schraubstock-verbinder\\\/#primaryimage\"},\"image\":{\"@id\":\"https:\\\/\\\/conexmetals.com\\\/de\\\/produkt\\\/bronze-schraubstock-verbinder\\\/#primaryimage\"},\"thumbnailUrl\":\"https:\\\/\\\/conexmetals.com\\\/wp-content\\\/uploads\\\/2025\\\/01\\\/Bronze-Schraubklemmen.webp\",\"datePublished\":\"2023-08-18T07:19:25+00:00\",\"dateModified\":\"2025-01-11T06:29:31+00:00\",\"description\":\"Conex Metals bietet robuste Bronze-Schraubstock-Verbinder, Erdungsstabklemmen, Schraubstockklemmen, Elektrische Erdungsklemmen und Bronzeklemmen als f\u00fchrender Hersteller, Exporteur und Lieferant in Indien\",\"breadcrumb\":{\"@id\":\"https:\\\/\\\/conexmetals.com\\\/de\\\/produkt\\\/bronze-schraubstock-verbinder\\\/#breadcrumb\"},\"inLanguage\":\"de\",\"potentialAction\":[{\"@type\":\"ReadAction\",\"target\":[\"https:\\\/\\\/conexmetals.com\\\/de\\\/produkt\\\/bronze-schraubstock-verbinder\\\/\"]}]},{\"@type\":\"ImageObject\",\"inLanguage\":\"de\",\"@id\":\"https:\\\/\\\/conexmetals.com\\\/de\\\/produkt\\\/bronze-schraubstock-verbinder\\\/#primaryimage\",\"url\":\"https:\\\/\\\/conexmetals.com\\\/wp-content\\\/uploads\\\/2025\\\/01\\\/Bronze-Schraubklemmen.webp\",\"contentUrl\":\"https:\\\/\\\/conexmetals.com\\\/wp-content\\\/uploads\\\/2025\\\/01\\\/Bronze-Schraubklemmen.webp\",\"width\":300,\"height\":300,\"caption\":\"Bronze-Schraubklemmen\"},{\"@type\":\"BreadcrumbList\",\"@id\":\"https:\\\/\\\/conexmetals.com\\\/de\\\/produkt\\\/bronze-schraubstock-verbinder\\\/#breadcrumb\",\"itemListElement\":[{\"@type\":\"ListItem\",\"position\":1,\"name\":\"Home\",\"item\":\"https:\\\/\\\/conexmetals.com\\\/de\\\/heim\\\/\"},{\"@type\":\"ListItem\",\"position\":2,\"name\":\"Products\",\"item\":\"https:\\\/\\\/conexmetals.com\\\/products\\\/\"},{\"@type\":\"ListItem\",\"position\":3,\"name\":\"Bronze-Schraubstock-Verbinder\"}]},{\"@type\":\"WebSite\",\"@id\":\"https:\\\/\\\/conexmetals.com\\\/de\\\/#website\",\"url\":\"https:\\\/\\\/conexmetals.com\\\/de\\\/\",\"name\":\"Conex Metals Brass Fittings Brass Parts Copper Parts Brass Components Brass Plumbing Fittings India\",\"description\":\"Manufacturer of Bronze Fittings casting Copper Brass parts components\",\"publisher\":{\"@id\":\"https:\\\/\\\/conexmetals.com\\\/de\\\/#organization\"},\"potentialAction\":[{\"@type\":\"SearchAction\",\"target\":{\"@type\":\"EntryPoint\",\"urlTemplate\":\"https:\\\/\\\/conexmetals.com\\\/de\\\/?s={search_term_string}\"},\"query-input\":{\"@type\":\"PropertyValueSpecification\",\"valueRequired\":true,\"valueName\":\"search_term_string\"}}],\"inLanguage\":\"de\"},{\"@type\":\"Organization\",\"@id\":\"https:\\\/\\\/conexmetals.com\\\/de\\\/#organization\",\"name\":\"Conex Metals Brass Fittings Brass Parts Copper Parts Brass Components Brass Plumbing Fittings India\",\"url\":\"https:\\\/\\\/conexmetals.com\\\/de\\\/\",\"logo\":{\"@type\":\"ImageObject\",\"inLanguage\":\"de\",\"@id\":\"https:\\\/\\\/conexmetals.com\\\/de\\\/#\\\/schema\\\/logo\\\/image\\\/\",\"url\":\"https:\\\/\\\/conexmetals.com\\\/wp-content\\\/uploads\\\/2024\\\/03\\\/conex-metals-logo.webp\",\"contentUrl\":\"https:\\\/\\\/conexmetals.com\\\/wp-content\\\/uploads\\\/2024\\\/03\\\/conex-metals-logo.webp\",\"width\":300,\"height\":121,\"caption\":\"Conex Metals Brass Fittings Brass Parts Copper Parts Brass Components Brass Plumbing Fittings India\"},\"image\":{\"@id\":\"https:\\\/\\\/conexmetals.com\\\/de\\\/#\\\/schema\\\/logo\\\/image\\\/\"},\"sameAs\":[\"https:\\\/\\\/www.facebook.com\\\/conexbrass\",\"https:\\\/\\\/x.com\\\/conexindia\",\"https:\\\/\\\/www.linkedin.com\\\/company\\\/conex-metals-india\\\/\",\"https:\\\/\\\/www.instagram.com\\\/conexindia\\\/\"]}]}<\/script>\n<!-- \/ Yoast SEO plugin. -->","yoast_head_json":{"title":"Bronze-Schraubstock-Verbinder","description":"Conex Metals bietet robuste Bronze-Schraubstock-Verbinder, Erdungsstabklemmen, Schraubstockklemmen, Elektrische Erdungsklemmen und Bronzeklemmen als f\u00fchrender Hersteller, Exporteur und Lieferant in Indien","robots":{"index":"index","follow":"follow","max-snippet":"max-snippet:-1","max-image-preview":"max-image-preview:large","max-video-preview":"max-video-preview:-1"},"canonical":"https:\/\/conexmetals.com\/de\/produkt\/bronze-schraubstock-verbinder\/","schema":{"@context":"https:\/\/schema.org","@graph":[{"@type":"WebPage","@id":"https:\/\/conexmetals.com\/de\/produkt\/bronze-schraubstock-verbinder\/","url":"https:\/\/conexmetals.com\/de\/produkt\/bronze-schraubstock-verbinder\/","name":"Bronze-Schraubstock-Verbinder","isPartOf":{"@id":"https:\/\/conexmetals.com\/de\/#website"},"primaryImageOfPage":{"@id":"https:\/\/conexmetals.com\/de\/produkt\/bronze-schraubstock-verbinder\/#primaryimage"},"image":{"@id":"https:\/\/conexmetals.com\/de\/produkt\/bronze-schraubstock-verbinder\/#primaryimage"},"thumbnailUrl":"https:\/\/conexmetals.com\/wp-content\/uploads\/2025\/01\/Bronze-Schraubklemmen.webp","datePublished":"2023-08-18T07:19:25+00:00","dateModified":"2025-01-11T06:29:31+00:00","description":"Conex Metals bietet robuste Bronze-Schraubstock-Verbinder, Erdungsstabklemmen, Schraubstockklemmen, Elektrische Erdungsklemmen und Bronzeklemmen als f\u00fchrender Hersteller, Exporteur und Lieferant in Indien","breadcrumb":{"@id":"https:\/\/conexmetals.com\/de\/produkt\/bronze-schraubstock-verbinder\/#breadcrumb"},"inLanguage":"de","potentialAction":[{"@type":"ReadAction","target":["https:\/\/conexmetals.com\/de\/produkt\/bronze-schraubstock-verbinder\/"]}]},{"@type":"ImageObject","inLanguage":"de","@id":"https:\/\/conexmetals.com\/de\/produkt\/bronze-schraubstock-verbinder\/#primaryimage","url":"https:\/\/conexmetals.com\/wp-content\/uploads\/2025\/01\/Bronze-Schraubklemmen.webp","contentUrl":"https:\/\/conexmetals.com\/wp-content\/uploads\/2025\/01\/Bronze-Schraubklemmen.webp","width":300,"height":300,"caption":"Bronze-Schraubklemmen"},{"@type":"BreadcrumbList","@id":"https:\/\/conexmetals.com\/de\/produkt\/bronze-schraubstock-verbinder\/#breadcrumb","itemListElement":[{"@type":"ListItem","position":1,"name":"Home","item":"https:\/\/conexmetals.com\/de\/heim\/"},{"@type":"ListItem","position":2,"name":"Products","item":"https:\/\/conexmetals.com\/products\/"},{"@type":"ListItem","position":3,"name":"Bronze-Schraubstock-Verbinder"}]},{"@type":"WebSite","@id":"https:\/\/conexmetals.com\/de\/#website","url":"https:\/\/conexmetals.com\/de\/","name":"Conex Metals Brass Fittings Brass Parts Copper Parts Brass Components Brass Plumbing Fittings India","description":"Manufacturer of Bronze Fittings casting Copper Brass parts components","publisher":{"@id":"https:\/\/conexmetals.com\/de\/#organization"},"potentialAction":[{"@type":"SearchAction","target":{"@type":"EntryPoint","urlTemplate":"https:\/\/conexmetals.com\/de\/?s={search_term_string}"},"query-input":{"@type":"PropertyValueSpecification","valueRequired":true,"valueName":"search_term_string"}}],"inLanguage":"de"},{"@type":"Organization","@id":"https:\/\/conexmetals.com\/de\/#organization","name":"Conex Metals Brass Fittings Brass Parts Copper Parts Brass Components Brass Plumbing Fittings India","url":"https:\/\/conexmetals.com\/de\/","logo":{"@type":"ImageObject","inLanguage":"de","@id":"https:\/\/conexmetals.com\/de\/#\/schema\/logo\/image\/","url":"https:\/\/conexmetals.com\/wp-content\/uploads\/2024\/03\/conex-metals-logo.webp","contentUrl":"https:\/\/conexmetals.com\/wp-content\/uploads\/2024\/03\/conex-metals-logo.webp","width":300,"height":121,"caption":"Conex Metals Brass Fittings Brass Parts Copper Parts Brass Components Brass Plumbing Fittings India"},"image":{"@id":"https:\/\/conexmetals.com\/de\/#\/schema\/logo\/image\/"},"sameAs":["https:\/\/www.facebook.com\/conexbrass","https:\/\/x.com\/conexindia","https:\/\/www.linkedin.com\/company\/conex-metals-india\/","https:\/\/www.instagram.com\/conexindia\/"]}]}},"_links":{"self":[{"href":"https:\/\/conexmetals.com\/de\/wp-json\/wp\/v2\/product\/12983","targetHints":{"allow":["GET"]}}],"collection":[{"href":"https:\/\/conexmetals.com\/de\/wp-json\/wp\/v2\/product"}],"about":[{"href":"https:\/\/conexmetals.com\/de\/wp-json\/wp\/v2\/types\/product"}],"wp:featuredmedia":[{"embeddable":true,"href":"https:\/\/conexmetals.com\/de\/wp-json\/wp\/v2\/media\/12891"}],"wp:attachment":[{"href":"https:\/\/conexmetals.com\/de\/wp-json\/wp\/v2\/media?parent=12983"}],"wp:term":[{"taxonomy":"product_brand","embeddable":true,"href":"https:\/\/conexmetals.com\/de\/wp-json\/wp\/v2\/product_brand?post=12983"},{"taxonomy":"product_cat","embeddable":true,"href":"https:\/\/conexmetals.com\/de\/wp-json\/wp\/v2\/product_cat?post=12983"},{"taxonomy":"product_tag","embeddable":true,"href":"https:\/\/conexmetals.com\/de\/wp-json\/wp\/v2\/product_tag?post=12983"}],"curies":[{"name":"wp","href":"https:\/\/api.w.org\/{rel}","templated":true}]}}