{"id":12994,"date":"2023-08-18T07:51:45","date_gmt":"2023-08-18T02:21:45","guid":{"rendered":"https:\/\/conexmetals.com\/?post_type=product&#038;p=12994"},"modified":"2025-01-11T12:56:21","modified_gmt":"2025-01-11T07:26:21","slug":"transformatortank-verbinder","status":"publish","type":"product","link":"https:\/\/conexmetals.com\/de\/produkt\/transformatortank-verbinder\/","title":{"rendered":"Transformatortank-Verbinder"},"content":{"rendered":"","protected":false},"excerpt":{"rendered":"<p><img fetchpriority=\"high\" decoding=\"async\" class=\"alignnone wp-image-6142 size-full lazy loaded\" src=\"https:\/\/conexmetals.com\/wp-content\/uploads\/2024\/07\/Transformer-Tank-Connectors.png\" alt=\"Transformatorkessel-Steckverbinder\" width=\"704\" height=\"174\" data-src=\"https:\/\/conexmetals.com\/wp-content\/uploads\/2024\/07\/Transformer-Tank-Connectors.png\" data-was-processed=\"true\" srcset=\"https:\/\/conexmetals.com\/wp-content\/uploads\/2024\/07\/Transformer-Tank-Connectors.png 704w, https:\/\/conexmetals.com\/wp-content\/uploads\/2024\/07\/Transformer-Tank-Connectors-300x74.png 300w, https:\/\/conexmetals.com\/wp-content\/uploads\/2024\/07\/Transformer-Tank-Connectors-700x173.png 700w\" sizes=\"(max-width: 704px) 100vw, 704px\" \/><\/p>\n<table id=\"tablepress-277\" class=\"tablepress tablepress-id-277\">\n<caption>\u00a0<\/caption>\n<thead>\n<tr class=\"row-1 odd\">\n<th class=\"column-1\" colspan=\"6\"><strong>Leiterbereich<\/strong><\/th>\n<\/tr>\n<\/thead>\n<tbody class=\"row-hover\">\n<tr class=\"row-2 even\">\n<td class=\"column-1\" colspan=\"3\"><strong>Leiterbereich<\/strong><\/td>\n<td class=\"column-4\" colspan=\"3\"><strong>Abmessungen (in.)<\/strong><\/td>\n<\/tr>\n<tr class=\"row-3 odd\">\n<td class=\"column-1\"><strong>Max. (AWG)<\/strong><\/td>\n<td class=\"column-2\"><strong>Min. (AWG)<\/strong><\/td>\n<td class=\"column-3\"><strong>Bolzengewindegr\u00f6\u00dfe UNC-2A<\/strong><\/td>\n<td class=\"column-4\"><strong>A<\/strong><\/td>\n<td class=\"column-5\"><strong>B<\/strong><\/td>\n<td class=\"column-6\"><strong>C<\/strong><\/td>\n<\/tr>\n<tr class=\"row-4 even\">\n<td class=\"column-1\">2\/0 str.<\/td>\n<td class=\"column-2\">#8 Sol.<\/td>\n<td class=\"column-3\">\u00bd Zoll\u201313<\/td>\n<td class=\"column-4\">1 51\u204464<\/td>\n<td class=\"column-5\">1 9\u204464<\/td>\n<td class=\"column-6\">1 21\u204432<\/td>\n<\/tr>\n<tr class=\"row-5 odd\">\n<td class=\"column-1\">#1 str.<\/td>\n<td class=\"column-2\">#10 Sol.<\/td>\n<td class=\"column-3\">\u00bd Zoll\u201313<\/td>\n<td class=\"column-4\">1 3\u20448<\/td>\n<td class=\"column-5\">1 3\u204464<\/td>\n<td class=\"column-6\">1 9\u204416<\/td>\n<\/tr>\n<tr class=\"row-6 even\">\n<td class=\"column-1\">#1 str.<\/td>\n<td class=\"column-2\">#10 Sol.<\/td>\n<td class=\"column-3\">\u00bd Zoll\u201313<\/td>\n<td class=\"column-4\">1 1\u20444<\/td>\n<td class=\"column-5\">7\u20448<\/td>\n<td class=\"column-6\">1 3\u20448<\/td>\n<\/tr>\n<tr class=\"row-7 odd\">\n<td class=\"column-1\">2\/0 str.<\/td>\n<td class=\"column-2\">#8 Sol.<\/td>\n<td class=\"column-3\">\u00bd Zoll\u201313<\/td>\n<td class=\"column-4\">1 51\u204464<\/td>\n<td class=\"column-5\">1 9\u204464<\/td>\n<td class=\"column-6\">1 21\u204432<\/td>\n<\/tr>\n<tr class=\"row-8 even\">\n<td class=\"column-1\">#1 str.<\/td>\n<td class=\"column-2\">#10 Sol.<\/td>\n<td class=\"column-3\">\u00bd Zoll\u201313<\/td>\n<td class=\"column-4\">1 3\u20448<\/td>\n<td class=\"column-5\">1 3\u204464<\/td>\n<td class=\"column-6\">1 9\u204416<\/td>\n<\/tr>\n<tr class=\"row-9 odd\">\n<td class=\"column-1\">#1 str.<\/td>\n<td class=\"column-2\">#10 Sol.<\/td>\n<td class=\"column-3\">\u00bd Zoll\u201313<\/td>\n<td class=\"column-4\">1 1\u20444<\/td>\n<td class=\"column-5\">7\u20448<\/td>\n<td class=\"column-6\">1 3\u20448<\/td>\n<\/tr>\n<\/tbody>\n<\/table>\n<p>Transformatorkesselverbinder sind Komponenten, die den Transformatorkessel mit anderen Teilen des elektrischen Systems verbinden. Transformatoren sind wichtige Ger\u00e4te, die zum Erh\u00f6hen oder Verringern von Spannungen in elektrischen Energiesystemen verwendet werden. Der Transformatorkessel beherbergt den Kern und die Wicklungen und ist mit Isolier\u00f6l gef\u00fcllt, um f\u00fcr K\u00fchlung und Isolierung zu sorgen.<\/p>\n<p>Erdungsanschl\u00fcsse f\u00fcr Transformatoren werden aus Bronze mit hoher Leitf\u00e4higkeit gegossen, beispielsweise CDA 955, C956 usw.<\/p>\n<p>Der 1 \u20442 Zoll\u201313 Bolzen passt auf alle standardm\u00e4\u00dfigen EEI-NEMA-Verteilungstransformatoren. Der Ringbolzen am TTC2 ist drehbar, um Kabel in vertikaler oder horizontaler Richtung aufzunehmen.<\/p>\n<p>Ein Stecker in Einheitsgr\u00f6\u00dfe f\u00fcr die gesamte Palette an Erdungsleitern von Nr. 8 bis 2\/0 AWG str.<\/p>\n","protected":false},"featured_media":12901,"template":"","meta":[],"product_brand":[],"product_cat":[327],"product_tag":[],"class_list":{"0":"post-12994","1":"product","2":"type-product","3":"status-publish","4":"has-post-thumbnail","6":"product_cat-transformator-und-stromleitungshardware","8":"first","9":"instock","10":"shipping-taxable","11":"product-type-simple"},"yoast_head":"<!-- This site is optimized with the Yoast SEO plugin v27.3 - https:\/\/yoast.com\/product\/yoast-seo-wordpress\/ -->\n<title>Transformatortank-Verbinder<\/title>\n<meta name=\"description\" content=\"Conex Metals, ein f\u00fchrender indischer Hersteller, ist spezialisiert auf Transformatortank-Verbinder, Transformator-Verbinder und Tank-Verbinder. Wir bieten auch Transformatortank-Erdungsl\u00f6sungen an und erf\u00fcllen die Anforderungen von Industrien in ganz Indien mit hochwertigen und zuverl\u00e4ssigen Produkten\" \/>\n<meta name=\"robots\" content=\"index, follow, max-snippet:-1, max-image-preview:large, max-video-preview:-1\" \/>\n<link rel=\"canonical\" href=\"https:\/\/conexmetals.com\/de\/produkt\/transformatortank-verbinder\/\" \/>\n<script type=\"application\/ld+json\" class=\"yoast-schema-graph\">{\"@context\":\"https:\\\/\\\/schema.org\",\"@graph\":[{\"@type\":\"WebPage\",\"@id\":\"https:\\\/\\\/conexmetals.com\\\/de\\\/produkt\\\/transformatortank-verbinder\\\/\",\"url\":\"https:\\\/\\\/conexmetals.com\\\/de\\\/produkt\\\/transformatortank-verbinder\\\/\",\"name\":\"Transformatortank-Verbinder\",\"isPartOf\":{\"@id\":\"https:\\\/\\\/conexmetals.com\\\/de\\\/#website\"},\"primaryImageOfPage\":{\"@id\":\"https:\\\/\\\/conexmetals.com\\\/de\\\/produkt\\\/transformatortank-verbinder\\\/#primaryimage\"},\"image\":{\"@id\":\"https:\\\/\\\/conexmetals.com\\\/de\\\/produkt\\\/transformatortank-verbinder\\\/#primaryimage\"},\"thumbnailUrl\":\"https:\\\/\\\/conexmetals.com\\\/wp-content\\\/uploads\\\/2025\\\/01\\\/Transformatortank-Anschlusse.webp\",\"datePublished\":\"2023-08-18T02:21:45+00:00\",\"dateModified\":\"2025-01-11T07:26:21+00:00\",\"description\":\"Conex Metals, ein f\u00fchrender indischer Hersteller, ist spezialisiert auf Transformatortank-Verbinder, Transformator-Verbinder und Tank-Verbinder. Wir bieten auch Transformatortank-Erdungsl\u00f6sungen an und erf\u00fcllen die Anforderungen von Industrien in ganz Indien mit hochwertigen und zuverl\u00e4ssigen Produkten\",\"breadcrumb\":{\"@id\":\"https:\\\/\\\/conexmetals.com\\\/de\\\/produkt\\\/transformatortank-verbinder\\\/#breadcrumb\"},\"inLanguage\":\"de\",\"potentialAction\":[{\"@type\":\"ReadAction\",\"target\":[\"https:\\\/\\\/conexmetals.com\\\/de\\\/produkt\\\/transformatortank-verbinder\\\/\"]}]},{\"@type\":\"ImageObject\",\"inLanguage\":\"de\",\"@id\":\"https:\\\/\\\/conexmetals.com\\\/de\\\/produkt\\\/transformatortank-verbinder\\\/#primaryimage\",\"url\":\"https:\\\/\\\/conexmetals.com\\\/wp-content\\\/uploads\\\/2025\\\/01\\\/Transformatortank-Anschlusse.webp\",\"contentUrl\":\"https:\\\/\\\/conexmetals.com\\\/wp-content\\\/uploads\\\/2025\\\/01\\\/Transformatortank-Anschlusse.webp\",\"width\":350,\"height\":350,\"caption\":\"Transformatortank-Anschl\u00fcsse\"},{\"@type\":\"BreadcrumbList\",\"@id\":\"https:\\\/\\\/conexmetals.com\\\/de\\\/produkt\\\/transformatortank-verbinder\\\/#breadcrumb\",\"itemListElement\":[{\"@type\":\"ListItem\",\"position\":1,\"name\":\"Home\",\"item\":\"https:\\\/\\\/conexmetals.com\\\/de\\\/heim\\\/\"},{\"@type\":\"ListItem\",\"position\":2,\"name\":\"Products\",\"item\":\"https:\\\/\\\/conexmetals.com\\\/products\\\/\"},{\"@type\":\"ListItem\",\"position\":3,\"name\":\"Transformatortank-Verbinder\"}]},{\"@type\":\"WebSite\",\"@id\":\"https:\\\/\\\/conexmetals.com\\\/de\\\/#website\",\"url\":\"https:\\\/\\\/conexmetals.com\\\/de\\\/\",\"name\":\"Conex Metals Brass Fittings Brass Parts Copper Parts Brass Components Brass Plumbing Fittings India\",\"description\":\"Manufacturer of Bronze Fittings casting Copper Brass parts components\",\"publisher\":{\"@id\":\"https:\\\/\\\/conexmetals.com\\\/de\\\/#organization\"},\"potentialAction\":[{\"@type\":\"SearchAction\",\"target\":{\"@type\":\"EntryPoint\",\"urlTemplate\":\"https:\\\/\\\/conexmetals.com\\\/de\\\/?s={search_term_string}\"},\"query-input\":{\"@type\":\"PropertyValueSpecification\",\"valueRequired\":true,\"valueName\":\"search_term_string\"}}],\"inLanguage\":\"de\"},{\"@type\":\"Organization\",\"@id\":\"https:\\\/\\\/conexmetals.com\\\/de\\\/#organization\",\"name\":\"Conex Metals Brass Fittings Brass Parts Copper Parts Brass Components Brass Plumbing Fittings India\",\"url\":\"https:\\\/\\\/conexmetals.com\\\/de\\\/\",\"logo\":{\"@type\":\"ImageObject\",\"inLanguage\":\"de\",\"@id\":\"https:\\\/\\\/conexmetals.com\\\/de\\\/#\\\/schema\\\/logo\\\/image\\\/\",\"url\":\"https:\\\/\\\/conexmetals.com\\\/wp-content\\\/uploads\\\/2024\\\/03\\\/conex-metals-logo.webp\",\"contentUrl\":\"https:\\\/\\\/conexmetals.com\\\/wp-content\\\/uploads\\\/2024\\\/03\\\/conex-metals-logo.webp\",\"width\":300,\"height\":121,\"caption\":\"Conex Metals Brass Fittings Brass Parts Copper Parts Brass Components Brass Plumbing Fittings India\"},\"image\":{\"@id\":\"https:\\\/\\\/conexmetals.com\\\/de\\\/#\\\/schema\\\/logo\\\/image\\\/\"},\"sameAs\":[\"https:\\\/\\\/www.facebook.com\\\/conexbrass\",\"https:\\\/\\\/x.com\\\/conexindia\",\"https:\\\/\\\/www.linkedin.com\\\/company\\\/conex-metals-india\\\/\",\"https:\\\/\\\/www.instagram.com\\\/conexindia\\\/\"]}]}<\/script>\n<!-- \/ Yoast SEO plugin. -->","yoast_head_json":{"title":"Transformatortank-Verbinder","description":"Conex Metals, ein f\u00fchrender indischer Hersteller, ist spezialisiert auf Transformatortank-Verbinder, Transformator-Verbinder und Tank-Verbinder. Wir bieten auch Transformatortank-Erdungsl\u00f6sungen an und erf\u00fcllen die Anforderungen von Industrien in ganz Indien mit hochwertigen und zuverl\u00e4ssigen Produkten","robots":{"index":"index","follow":"follow","max-snippet":"max-snippet:-1","max-image-preview":"max-image-preview:large","max-video-preview":"max-video-preview:-1"},"canonical":"https:\/\/conexmetals.com\/de\/produkt\/transformatortank-verbinder\/","schema":{"@context":"https:\/\/schema.org","@graph":[{"@type":"WebPage","@id":"https:\/\/conexmetals.com\/de\/produkt\/transformatortank-verbinder\/","url":"https:\/\/conexmetals.com\/de\/produkt\/transformatortank-verbinder\/","name":"Transformatortank-Verbinder","isPartOf":{"@id":"https:\/\/conexmetals.com\/de\/#website"},"primaryImageOfPage":{"@id":"https:\/\/conexmetals.com\/de\/produkt\/transformatortank-verbinder\/#primaryimage"},"image":{"@id":"https:\/\/conexmetals.com\/de\/produkt\/transformatortank-verbinder\/#primaryimage"},"thumbnailUrl":"https:\/\/conexmetals.com\/wp-content\/uploads\/2025\/01\/Transformatortank-Anschlusse.webp","datePublished":"2023-08-18T02:21:45+00:00","dateModified":"2025-01-11T07:26:21+00:00","description":"Conex Metals, ein f\u00fchrender indischer Hersteller, ist spezialisiert auf Transformatortank-Verbinder, Transformator-Verbinder und Tank-Verbinder. Wir bieten auch Transformatortank-Erdungsl\u00f6sungen an und erf\u00fcllen die Anforderungen von Industrien in ganz Indien mit hochwertigen und zuverl\u00e4ssigen Produkten","breadcrumb":{"@id":"https:\/\/conexmetals.com\/de\/produkt\/transformatortank-verbinder\/#breadcrumb"},"inLanguage":"de","potentialAction":[{"@type":"ReadAction","target":["https:\/\/conexmetals.com\/de\/produkt\/transformatortank-verbinder\/"]}]},{"@type":"ImageObject","inLanguage":"de","@id":"https:\/\/conexmetals.com\/de\/produkt\/transformatortank-verbinder\/#primaryimage","url":"https:\/\/conexmetals.com\/wp-content\/uploads\/2025\/01\/Transformatortank-Anschlusse.webp","contentUrl":"https:\/\/conexmetals.com\/wp-content\/uploads\/2025\/01\/Transformatortank-Anschlusse.webp","width":350,"height":350,"caption":"Transformatortank-Anschl\u00fcsse"},{"@type":"BreadcrumbList","@id":"https:\/\/conexmetals.com\/de\/produkt\/transformatortank-verbinder\/#breadcrumb","itemListElement":[{"@type":"ListItem","position":1,"name":"Home","item":"https:\/\/conexmetals.com\/de\/heim\/"},{"@type":"ListItem","position":2,"name":"Products","item":"https:\/\/conexmetals.com\/products\/"},{"@type":"ListItem","position":3,"name":"Transformatortank-Verbinder"}]},{"@type":"WebSite","@id":"https:\/\/conexmetals.com\/de\/#website","url":"https:\/\/conexmetals.com\/de\/","name":"Conex Metals Brass Fittings Brass Parts Copper Parts Brass Components Brass Plumbing Fittings India","description":"Manufacturer of Bronze Fittings casting Copper Brass parts components","publisher":{"@id":"https:\/\/conexmetals.com\/de\/#organization"},"potentialAction":[{"@type":"SearchAction","target":{"@type":"EntryPoint","urlTemplate":"https:\/\/conexmetals.com\/de\/?s={search_term_string}"},"query-input":{"@type":"PropertyValueSpecification","valueRequired":true,"valueName":"search_term_string"}}],"inLanguage":"de"},{"@type":"Organization","@id":"https:\/\/conexmetals.com\/de\/#organization","name":"Conex Metals Brass Fittings Brass Parts Copper Parts Brass Components Brass Plumbing Fittings India","url":"https:\/\/conexmetals.com\/de\/","logo":{"@type":"ImageObject","inLanguage":"de","@id":"https:\/\/conexmetals.com\/de\/#\/schema\/logo\/image\/","url":"https:\/\/conexmetals.com\/wp-content\/uploads\/2024\/03\/conex-metals-logo.webp","contentUrl":"https:\/\/conexmetals.com\/wp-content\/uploads\/2024\/03\/conex-metals-logo.webp","width":300,"height":121,"caption":"Conex Metals Brass Fittings Brass Parts Copper Parts Brass Components Brass Plumbing Fittings India"},"image":{"@id":"https:\/\/conexmetals.com\/de\/#\/schema\/logo\/image\/"},"sameAs":["https:\/\/www.facebook.com\/conexbrass","https:\/\/x.com\/conexindia","https:\/\/www.linkedin.com\/company\/conex-metals-india\/","https:\/\/www.instagram.com\/conexindia\/"]}]}},"_links":{"self":[{"href":"https:\/\/conexmetals.com\/de\/wp-json\/wp\/v2\/product\/12994","targetHints":{"allow":["GET"]}}],"collection":[{"href":"https:\/\/conexmetals.com\/de\/wp-json\/wp\/v2\/product"}],"about":[{"href":"https:\/\/conexmetals.com\/de\/wp-json\/wp\/v2\/types\/product"}],"wp:featuredmedia":[{"embeddable":true,"href":"https:\/\/conexmetals.com\/de\/wp-json\/wp\/v2\/media\/12901"}],"wp:attachment":[{"href":"https:\/\/conexmetals.com\/de\/wp-json\/wp\/v2\/media?parent=12994"}],"wp:term":[{"taxonomy":"product_brand","embeddable":true,"href":"https:\/\/conexmetals.com\/de\/wp-json\/wp\/v2\/product_brand?post=12994"},{"taxonomy":"product_cat","embeddable":true,"href":"https:\/\/conexmetals.com\/de\/wp-json\/wp\/v2\/product_cat?post=12994"},{"taxonomy":"product_tag","embeddable":true,"href":"https:\/\/conexmetals.com\/de\/wp-json\/wp\/v2\/product_tag?post=12994"}],"curies":[{"name":"wp","href":"https:\/\/api.w.org\/{rel}","templated":true}]}}