{"id":13397,"date":"2023-08-18T13:02:03","date_gmt":"2023-08-18T07:32:03","guid":{"rendered":"https:\/\/conexmetals.com\/?post_type=product&#038;p=13397"},"modified":"2025-01-18T14:51:31","modified_gmt":"2025-01-18T09:21:31","slug":"messing-kabelverschraubung-zubehoer-kontermuttern","status":"publish","type":"product","link":"https:\/\/conexmetals.com\/de\/produkt\/messing-kabelverschraubung-zubehoer-kontermuttern\/","title":{"rendered":"Messing-Kabelverschraubung Zubeh\u00f6r Kontermuttern"},"content":{"rendered":"","protected":false},"excerpt":{"rendered":"<div class=\"elementor-element elementor-element-672075d elementor-widget__width-initial e-transform elementor-widget-mobile__width-initial elementor-widget elementor-widget-woocommerce-product-images\" data-id=\"672075d\" data-element_type=\"widget\" data-settings=\"{&quot;_transform_scale_effect&quot;:{&quot;unit&quot;:&quot;px&quot;,&quot;size&quot;:1,&quot;sizes&quot;:[]},&quot;_transform_scale_effect_tablet&quot;:{&quot;unit&quot;:&quot;px&quot;,&quot;size&quot;:&quot;&quot;,&quot;sizes&quot;:[]},&quot;_transform_scale_effect_mobile&quot;:{&quot;unit&quot;:&quot;px&quot;,&quot;size&quot;:&quot;&quot;,&quot;sizes&quot;:[]}}\" data-widget_type=\"woocommerce-product-images.default\">\n<div class=\"elementor-widget-container\">\n<div class=\"woocommerce-product-gallery woocommerce-product-gallery--with-images woocommerce-product-gallery--columns-4 images\" data-columns=\"4\">\n<div class=\"woocommerce-product-gallery__wrapper\">\n<div class=\"woocommerce-product-gallery__image\" data-thumb=\"https:\/\/conexmetals.com\/wp-content\/uploads\/2023\/08\/Cable-Gland-Accessories-Lock-Nuts-100x100.webp\" data-thumb-alt=\"Cable-Gland-Accessories-Lock-Nuts\" data-thumb-srcset=\"https:\/\/conexmetals.com\/wp-content\/uploads\/2023\/08\/Cable-Gland-Accessories-Lock-Nuts-100x100.webp 100w, https:\/\/conexmetals.com\/wp-content\/uploads\/2023\/08\/Cable-Gland-Accessories-Lock-Nuts-300x300.webp 300w, https:\/\/conexmetals.com\/wp-content\/uploads\/2023\/08\/Cable-Gland-Accessories-Lock-Nuts-150x150.webp 150w, https:\/\/conexmetals.com\/wp-content\/uploads\/2023\/08\/Cable-Gland-Accessories-Lock-Nuts.webp 350w\"><\/div>\n<\/div>\n<\/div>\n<\/div>\n<\/div>\n<div class=\"elementor-element elementor-element-36d2ab8 elementor-widget elementor-widget-woocommerce-product-short-description\" data-id=\"36d2ab8\" data-element_type=\"widget\" data-widget_type=\"woocommerce-product-short-description.default\">\n<div class=\"elementor-widget-container\">\n<div class=\"woocommerce-product-details__short-description\">\n<table id=\"tablepress-413\" class=\"tablepress tablepress-id-413\">\n<caption>\u00a0<\/caption>\n<tbody class=\"row-hover\">\n<tr class=\"row-1 odd\">\n<td class=\"column-1\"><span>Gewindetyp<\/span><\/td>\n<td class=\"column-2\"><span>Gewindedurchmesser (\u201eA\u201c)<\/span><\/td>\n<td class=\"column-3\"><span>Nominale Dicke<\/span><\/td>\n<td class=\"column-4\"><span>Schl\u00fcsselweite (&#8222;B&#8220;)<\/span><\/td>\n<td class=\"column-5\"><span>Durchmesser \u00fcber Eck (\u201eC\u201c)<\/span><\/td>\n<\/tr>\n<tr class=\"row-2 even\">\n<td class=\"column-1\"><span>Metrisch<\/span><\/td>\n<td class=\"column-2\"><span>M16 x 1,5<\/span><\/td>\n<td class=\"column-3\"><span>3.2<\/span><\/td>\n<td class=\"column-4\"><span>22,0<\/span><\/td>\n<td class=\"column-5\"><span>25.4<\/span><\/td>\n<\/tr>\n<tr class=\"row-3 odd\">\n<td class=\"column-1\"><span>Metrisch (Schwer)<\/span><\/td>\n<td class=\"column-2\"><span>M16 x 1,5<\/span><\/td>\n<td class=\"column-3\"><span>4.7<\/span><\/td>\n<td class=\"column-4\"><span>22,0<\/span><\/td>\n<td class=\"column-5\"><span>25.4<\/span><\/td>\n<\/tr>\n<tr class=\"row-4 even\">\n<td class=\"column-1\"><span>Metrisch<\/span><\/td>\n<td class=\"column-2\"><span>M20 x 1,5<\/span><\/td>\n<td class=\"column-3\"><span>3.2<\/span><\/td>\n<td class=\"column-4\"><span>24,0<\/span><\/td>\n<td class=\"column-5\"><span>27,7<\/span><\/td>\n<\/tr>\n<tr class=\"row-5 odd\">\n<td class=\"column-1\"><span>Metrisch (Schwer)<\/span><\/td>\n<td class=\"column-2\"><span>M20 x 1,5<\/span><\/td>\n<td class=\"column-3\"><span>4.7<\/span><\/td>\n<td class=\"column-4\"><span>24,0<\/span><\/td>\n<td class=\"column-5\"><span>27,7<\/span><\/td>\n<\/tr>\n<tr class=\"row-6 even\">\n<td class=\"column-1\"><span>Metrisch<\/span><\/td>\n<td class=\"column-2\"><span>M25 x 1,5<\/span><\/td>\n<td class=\"column-3\"><span>3.2<\/span><\/td>\n<td class=\"column-4\"><span>30,0<\/span><\/td>\n<td class=\"column-5\"><span>34,6<\/span><\/td>\n<\/tr>\n<tr class=\"row-7 odd\">\n<td class=\"column-1\"><span>Metrisch (Schwer)<\/span><\/td>\n<td class=\"column-2\"><span>M25 x 1,5<\/span><\/td>\n<td class=\"column-3\"><span>4.7<\/span><\/td>\n<td class=\"column-4\"><span>30,0<\/span><\/td>\n<td class=\"column-5\"><span>34,6<\/span><\/td>\n<\/tr>\n<tr class=\"row-8 even\">\n<td class=\"column-1\"><span>Metrisch<\/span><\/td>\n<td class=\"column-2\"><span>M32 x 1,5<\/span><\/td>\n<td class=\"column-3\"><span>3.2<\/span><\/td>\n<td class=\"column-4\"><span>36,0<\/span><\/td>\n<td class=\"column-5\"><span>41,6<\/span><\/td>\n<\/tr>\n<tr class=\"row-9 odd\">\n<td class=\"column-1\"><span>Metrisch (Schwer)<\/span><\/td>\n<td class=\"column-2\"><span>M32 x 1,5<\/span><\/td>\n<td class=\"column-3\"><span>4.7<\/span><\/td>\n<td class=\"column-4\"><span>36,0<\/span><\/td>\n<td class=\"column-5\"><span>41,6<\/span><\/td>\n<\/tr>\n<tr class=\"row-10 even\">\n<td class=\"column-1\"><span>Metrisch<\/span><\/td>\n<td class=\"column-2\"><span>M40 x 1,5<\/span><\/td>\n<td class=\"column-3\"><span>4.8<\/span><\/td>\n<td class=\"column-4\"><span>46,0<\/span><\/td>\n<td class=\"column-5\"><span>53.1<\/span><\/td>\n<\/tr>\n<tr class=\"row-11 odd\">\n<td class=\"column-1\"><span>Metrisch<\/span><\/td>\n<td class=\"column-2\"><span>M50 x 1,5<\/span><\/td>\n<td class=\"column-3\"><span>6.3<\/span><\/td>\n<td class=\"column-4\"><span>55,0<\/span><\/td>\n<td class=\"column-5\"><span>63,5<\/span><\/td>\n<\/tr>\n<tr class=\"row-12 even\">\n<td class=\"column-1\"><span>Metrisch<\/span><\/td>\n<td class=\"column-2\"><span>M63 x 1,5<\/span><\/td>\n<td class=\"column-3\"><span>6.3<\/span><\/td>\n<td class=\"column-4\"><span>70,0<\/span><\/td>\n<td class=\"column-5\"><span>80,8<\/span><\/td>\n<\/tr>\n<tr class=\"row-13 odd\">\n<td class=\"column-1\"><span>Metrisch<\/span><\/td>\n<td class=\"column-2\"><span>M75 x 1,5<\/span><\/td>\n<td class=\"column-3\"><span>6.3<\/span><\/td>\n<td class=\"column-4\"><span>84,0<\/span><\/td>\n<td class=\"column-5\"><span>97,0<\/span><\/td>\n<\/tr>\n<tr class=\"row-14 even\">\n<td class=\"column-1\"><span>Metrisch<\/span><\/td>\n<td class=\"column-2\"><span>M90 x 2,0<\/span><\/td>\n<td class=\"column-3\"><span>9,5<\/span><\/td>\n<td class=\"column-4\"><span>106,0<\/span><\/td>\n<td class=\"column-5\"><span>122,4<\/span><\/td>\n<\/tr>\n<tr class=\"row-15 odd\">\n<td class=\"column-1\"><span>Metrisch<\/span><\/td>\n<td class=\"column-2\"><span>M100 x 2,0<\/span><\/td>\n<td class=\"column-3\"><span>9,5<\/span><\/td>\n<td class=\"column-4\"><span>123,0<\/span><\/td>\n<td class=\"column-5\"><span>142,0<\/span><\/td>\n<\/tr>\n<\/tbody>\n<\/table>\n<p><img fetchpriority=\"high\" decoding=\"async\" class=\"size-medium wp-image-13038 alignright lazy loaded\" src=\"https:\/\/conexmetals.com\/wp-content\/uploads\/2023\/08\/Cable-Gland-Accessories-Lock-Nuts-line-drawing-300x241.webp\" alt=\"Kabelverschraubungszubeh\u00f6r Kontermuttern Strichzeichnung\" width=\"300\" height=\"241\" data-src=\"https:\/\/conexmetals.com\/wp-content\/uploads\/2023\/08\/Cable-Gland-Accessories-Lock-Nuts-line-drawing-300x241.webp\" data-was-processed=\"true\" srcset=\"https:\/\/conexmetals.com\/wp-content\/uploads\/2023\/08\/Cable-Gland-Accessories-Lock-Nuts-line-drawing-300x241.webp 300w, https:\/\/conexmetals.com\/wp-content\/uploads\/2023\/08\/Cable-Gland-Accessories-Lock-Nuts-line-drawing.webp 551w\" sizes=\"(max-width: 300px) 100vw, 300px\" \/><span>Kontermuttern sind h\u00e4ufig verwendetes Kabelverschraubungszubeh\u00f6r, das eine wichtige Rolle bei der Befestigung von Kabelverschraubungen an Geh\u00e4usen, Anschlussk\u00e4sten oder Ger\u00e4ten spielt. Diese Muttern sind Gewindekomponenten, die zus\u00e4tzliche Stabilit\u00e4t bieten und verhindern, dass sich Kabelverschraubungen aufgrund von Vibrationen, Bewegung oder Umweltfaktoren l\u00f6sen. Kontermuttern werden h\u00e4ufig in Verbindung mit Kabelverschraubungen verwendet, um eine sichere und zuverl\u00e4ssige Kabelmanagementl\u00f6sung zu gew\u00e4hrleisten.<\/span><\/p>\n<p><span>Und so funktionieren Gegenmuttern als Kabelverschraubungszubeh\u00f6r:<\/span><\/p>\n<p><strong><b><span>Funktion als Kabelverschraubungszubeh\u00f6r:<\/span><\/b><\/strong><span>\u00a0\u00a0Kontermuttern dienen zum Verschlie\u00dfen oder Befestigen von Kabelverschraubungen an den Eintrittspunkten von Geh\u00e4usen oder Ger\u00e4ten. Sie bieten folgende Funktionen:<\/span><\/p>\n<ol>\n<li><b><\/b><strong><b><span>Sicherungsmechanismus:<\/span><\/b><\/strong><span>\u00a0Auf den Gewindeabschnitt der Kabelverschraubung werden Kontermuttern geschraubt, die eine sichere mechanische Verbindung zwischen der Verschraubung und dem Eintrittspunkt herstellen.<\/span><\/li>\n<li><b><\/b><strong><b><span>Verhindern des L\u00f6sens:<\/span><\/b><\/strong><span>\u00a0Kontermuttern verhindern, dass sich Kabelverschraubungen im Laufe der Zeit aufgrund von Vibrationen, Bewegungen oder Temperaturschwankungen l\u00f6sen.<\/span><\/li>\n<li><b><\/b><strong><b><span>Verbesserte Stabilit\u00e4t:<\/span><\/b><\/strong><span>\u00a0Durch das Hinzuf\u00fcgen einer zus\u00e4tzlichen Befestigungsebene verbessern Kontermuttern die Stabilit\u00e4t der Kabelverschraubungsinstallation und verringern das Risiko einer Kabeltrennung oder -besch\u00e4digung.<\/span><\/li>\n<\/ol>\n<p><strong><b><span>Anwendungen:<\/span><\/b><\/strong><span>\u00a0\u00a0Gegenmuttern als Zubeh\u00f6r f\u00fcr Kabelverschraubungen werden in verschiedenen Branchen und Anwendungen eingesetzt:<\/span><\/p>\n<ol>\n<li><b><\/b><strong><b><span>Elektroinstallationen:<\/span><\/b><\/strong><span>\u00a0Bei Elektroinstallationen sichern Kontermuttern Kabelverschraubungen an Schalttafeln, Anschlussk\u00e4sten, Schaltschr\u00e4nken und anderen Geh\u00e4usen.<\/span><\/li>\n<li><b><\/b><strong><b><span>Industriemaschinen:<\/span><\/b><\/strong><span>\u00a0Kontermuttern werden zum Befestigen von Kabelverschraubungen verwendet, die Kabeleinf\u00fchrungspunkte f\u00fcr Maschinen und Ger\u00e4te bieten.<\/span><\/li>\n<li><b><\/b><strong><b><span>Telekommunikation:<\/span><\/b><\/strong><span>\u00a0Sie dienen zur Befestigung von Kabelverschraubungen an Schr\u00e4nken und Geh\u00e4usen in Telekommunikationsanlagen.<\/span><\/li>\n<li><b><\/b><strong><b><span>Raue Umgebungen:<\/span><\/b><\/strong><span>\u00a0Sicherungsmuttern sind in Umgebungen mit Vibrationen, wie z. B. Produktionsanlagen oder Maschinenr\u00e4umen, wertvoll.<\/span><\/li>\n<\/ol>\n<p><strong><b><span>Typen und Materialien:<\/span><\/b><\/strong><span>\u00a0\u00a0Kontermuttern sind in verschiedenen Typen und Materialien erh\u00e4ltlich, beispielsweise aus Messing oder Edelstahl. Die Materialauswahl h\u00e4ngt von Faktoren wie Umgebung, Anwendung und Kompatibilit\u00e4t mit der Kabelverschraubung ab.<\/span><\/p>\n<\/div>\n<\/div>\n<\/div>\n","protected":false},"featured_media":13235,"template":"","meta":[],"product_brand":[],"product_cat":[368],"product_tag":[],"class_list":{"0":"post-13397","1":"product","2":"type-product","3":"status-publish","4":"has-post-thumbnail","6":"product_cat-zubehor-fur-kabelverschraubungen","8":"first","9":"instock","10":"shipping-taxable","11":"product-type-simple"},"yoast_head":"<!-- This site is optimized with the Yoast SEO plugin v27.3 - https:\/\/yoast.com\/product\/yoast-seo-wordpress\/ -->\n<title>Messing-Kabelverschraubung Zubeh\u00f6r Kontermuttern<\/title>\n<meta name=\"description\" content=\"Conex Metals, ein herausragender indischer Hersteller und Lieferant, zeichnet sich durch die Herstellung von Kabelzubeh\u00f6r, Kabelverschraubung Zubeh\u00f6r, Messing-Kabelverschraubungen, Messing-Kontermuttern und mehr aus. Unsere fachm\u00e4nnisch gefertigten Produkte sind die erste Wahl f\u00fcr qualit\u00e4tsbewusste Kunden weltweit.\" \/>\n<meta name=\"robots\" content=\"index, follow, max-snippet:-1, max-image-preview:large, max-video-preview:-1\" \/>\n<link rel=\"canonical\" href=\"https:\/\/conexmetals.com\/de\/produkt\/messing-kabelverschraubung-zubehoer-kontermuttern\/\" \/>\n<script type=\"application\/ld+json\" class=\"yoast-schema-graph\">{\"@context\":\"https:\\\/\\\/schema.org\",\"@graph\":[{\"@type\":\"WebPage\",\"@id\":\"https:\\\/\\\/conexmetals.com\\\/de\\\/produkt\\\/messing-kabelverschraubung-zubehoer-kontermuttern\\\/\",\"url\":\"https:\\\/\\\/conexmetals.com\\\/de\\\/produkt\\\/messing-kabelverschraubung-zubehoer-kontermuttern\\\/\",\"name\":\"Messing-Kabelverschraubung Zubeh\u00f6r Kontermuttern\",\"isPartOf\":{\"@id\":\"https:\\\/\\\/conexmetals.com\\\/de\\\/#website\"},\"primaryImageOfPage\":{\"@id\":\"https:\\\/\\\/conexmetals.com\\\/de\\\/produkt\\\/messing-kabelverschraubung-zubehoer-kontermuttern\\\/#primaryimage\"},\"image\":{\"@id\":\"https:\\\/\\\/conexmetals.com\\\/de\\\/produkt\\\/messing-kabelverschraubung-zubehoer-kontermuttern\\\/#primaryimage\"},\"thumbnailUrl\":\"https:\\\/\\\/conexmetals.com\\\/wp-content\\\/uploads\\\/2025\\\/01\\\/Messing-Kabelverschraubung-Zubehor-Kontermuttern-1.webp\",\"datePublished\":\"2023-08-18T07:32:03+00:00\",\"dateModified\":\"2025-01-18T09:21:31+00:00\",\"description\":\"Conex Metals, ein herausragender indischer Hersteller und Lieferant, zeichnet sich durch die Herstellung von Kabelzubeh\u00f6r, Kabelverschraubung Zubeh\u00f6r, Messing-Kabelverschraubungen, Messing-Kontermuttern und mehr aus. Unsere fachm\u00e4nnisch gefertigten Produkte sind die erste Wahl f\u00fcr qualit\u00e4tsbewusste Kunden weltweit.\",\"breadcrumb\":{\"@id\":\"https:\\\/\\\/conexmetals.com\\\/de\\\/produkt\\\/messing-kabelverschraubung-zubehoer-kontermuttern\\\/#breadcrumb\"},\"inLanguage\":\"de\",\"potentialAction\":[{\"@type\":\"ReadAction\",\"target\":[\"https:\\\/\\\/conexmetals.com\\\/de\\\/produkt\\\/messing-kabelverschraubung-zubehoer-kontermuttern\\\/\"]}]},{\"@type\":\"ImageObject\",\"inLanguage\":\"de\",\"@id\":\"https:\\\/\\\/conexmetals.com\\\/de\\\/produkt\\\/messing-kabelverschraubung-zubehoer-kontermuttern\\\/#primaryimage\",\"url\":\"https:\\\/\\\/conexmetals.com\\\/wp-content\\\/uploads\\\/2025\\\/01\\\/Messing-Kabelverschraubung-Zubehor-Kontermuttern-1.webp\",\"contentUrl\":\"https:\\\/\\\/conexmetals.com\\\/wp-content\\\/uploads\\\/2025\\\/01\\\/Messing-Kabelverschraubung-Zubehor-Kontermuttern-1.webp\",\"width\":350,\"height\":350,\"caption\":\"Messing-Kabelverschraubung Zubeh\u00f6r Kontermuttern\"},{\"@type\":\"BreadcrumbList\",\"@id\":\"https:\\\/\\\/conexmetals.com\\\/de\\\/produkt\\\/messing-kabelverschraubung-zubehoer-kontermuttern\\\/#breadcrumb\",\"itemListElement\":[{\"@type\":\"ListItem\",\"position\":1,\"name\":\"Home\",\"item\":\"https:\\\/\\\/conexmetals.com\\\/de\\\/heim\\\/\"},{\"@type\":\"ListItem\",\"position\":2,\"name\":\"Products\",\"item\":\"https:\\\/\\\/conexmetals.com\\\/products\\\/\"},{\"@type\":\"ListItem\",\"position\":3,\"name\":\"Messing-Kabelverschraubung Zubeh\u00f6r Kontermuttern\"}]},{\"@type\":\"WebSite\",\"@id\":\"https:\\\/\\\/conexmetals.com\\\/de\\\/#website\",\"url\":\"https:\\\/\\\/conexmetals.com\\\/de\\\/\",\"name\":\"Conex Metals Brass Fittings Brass Parts Copper Parts Brass Components Brass Plumbing Fittings India\",\"description\":\"Manufacturer of Bronze Fittings casting Copper Brass parts components\",\"publisher\":{\"@id\":\"https:\\\/\\\/conexmetals.com\\\/de\\\/#organization\"},\"potentialAction\":[{\"@type\":\"SearchAction\",\"target\":{\"@type\":\"EntryPoint\",\"urlTemplate\":\"https:\\\/\\\/conexmetals.com\\\/de\\\/?s={search_term_string}\"},\"query-input\":{\"@type\":\"PropertyValueSpecification\",\"valueRequired\":true,\"valueName\":\"search_term_string\"}}],\"inLanguage\":\"de\"},{\"@type\":\"Organization\",\"@id\":\"https:\\\/\\\/conexmetals.com\\\/de\\\/#organization\",\"name\":\"Conex Metals Brass Fittings Brass Parts Copper Parts Brass Components Brass Plumbing Fittings India\",\"url\":\"https:\\\/\\\/conexmetals.com\\\/de\\\/\",\"logo\":{\"@type\":\"ImageObject\",\"inLanguage\":\"de\",\"@id\":\"https:\\\/\\\/conexmetals.com\\\/de\\\/#\\\/schema\\\/logo\\\/image\\\/\",\"url\":\"https:\\\/\\\/conexmetals.com\\\/wp-content\\\/uploads\\\/2024\\\/03\\\/conex-metals-logo.webp\",\"contentUrl\":\"https:\\\/\\\/conexmetals.com\\\/wp-content\\\/uploads\\\/2024\\\/03\\\/conex-metals-logo.webp\",\"width\":300,\"height\":121,\"caption\":\"Conex Metals Brass Fittings Brass Parts Copper Parts Brass Components Brass Plumbing Fittings India\"},\"image\":{\"@id\":\"https:\\\/\\\/conexmetals.com\\\/de\\\/#\\\/schema\\\/logo\\\/image\\\/\"},\"sameAs\":[\"https:\\\/\\\/www.facebook.com\\\/conexbrass\",\"https:\\\/\\\/x.com\\\/conexindia\",\"https:\\\/\\\/www.linkedin.com\\\/company\\\/conex-metals-india\\\/\",\"https:\\\/\\\/www.instagram.com\\\/conexindia\\\/\"]}]}<\/script>\n<!-- \/ Yoast SEO plugin. -->","yoast_head_json":{"title":"Messing-Kabelverschraubung Zubeh\u00f6r Kontermuttern","description":"Conex Metals, ein herausragender indischer Hersteller und Lieferant, zeichnet sich durch die Herstellung von Kabelzubeh\u00f6r, Kabelverschraubung Zubeh\u00f6r, Messing-Kabelverschraubungen, Messing-Kontermuttern und mehr aus. Unsere fachm\u00e4nnisch gefertigten Produkte sind die erste Wahl f\u00fcr qualit\u00e4tsbewusste Kunden weltweit.","robots":{"index":"index","follow":"follow","max-snippet":"max-snippet:-1","max-image-preview":"max-image-preview:large","max-video-preview":"max-video-preview:-1"},"canonical":"https:\/\/conexmetals.com\/de\/produkt\/messing-kabelverschraubung-zubehoer-kontermuttern\/","schema":{"@context":"https:\/\/schema.org","@graph":[{"@type":"WebPage","@id":"https:\/\/conexmetals.com\/de\/produkt\/messing-kabelverschraubung-zubehoer-kontermuttern\/","url":"https:\/\/conexmetals.com\/de\/produkt\/messing-kabelverschraubung-zubehoer-kontermuttern\/","name":"Messing-Kabelverschraubung Zubeh\u00f6r Kontermuttern","isPartOf":{"@id":"https:\/\/conexmetals.com\/de\/#website"},"primaryImageOfPage":{"@id":"https:\/\/conexmetals.com\/de\/produkt\/messing-kabelverschraubung-zubehoer-kontermuttern\/#primaryimage"},"image":{"@id":"https:\/\/conexmetals.com\/de\/produkt\/messing-kabelverschraubung-zubehoer-kontermuttern\/#primaryimage"},"thumbnailUrl":"https:\/\/conexmetals.com\/wp-content\/uploads\/2025\/01\/Messing-Kabelverschraubung-Zubehor-Kontermuttern-1.webp","datePublished":"2023-08-18T07:32:03+00:00","dateModified":"2025-01-18T09:21:31+00:00","description":"Conex Metals, ein herausragender indischer Hersteller und Lieferant, zeichnet sich durch die Herstellung von Kabelzubeh\u00f6r, Kabelverschraubung Zubeh\u00f6r, Messing-Kabelverschraubungen, Messing-Kontermuttern und mehr aus. Unsere fachm\u00e4nnisch gefertigten Produkte sind die erste Wahl f\u00fcr qualit\u00e4tsbewusste Kunden weltweit.","breadcrumb":{"@id":"https:\/\/conexmetals.com\/de\/produkt\/messing-kabelverschraubung-zubehoer-kontermuttern\/#breadcrumb"},"inLanguage":"de","potentialAction":[{"@type":"ReadAction","target":["https:\/\/conexmetals.com\/de\/produkt\/messing-kabelverschraubung-zubehoer-kontermuttern\/"]}]},{"@type":"ImageObject","inLanguage":"de","@id":"https:\/\/conexmetals.com\/de\/produkt\/messing-kabelverschraubung-zubehoer-kontermuttern\/#primaryimage","url":"https:\/\/conexmetals.com\/wp-content\/uploads\/2025\/01\/Messing-Kabelverschraubung-Zubehor-Kontermuttern-1.webp","contentUrl":"https:\/\/conexmetals.com\/wp-content\/uploads\/2025\/01\/Messing-Kabelverschraubung-Zubehor-Kontermuttern-1.webp","width":350,"height":350,"caption":"Messing-Kabelverschraubung Zubeh\u00f6r Kontermuttern"},{"@type":"BreadcrumbList","@id":"https:\/\/conexmetals.com\/de\/produkt\/messing-kabelverschraubung-zubehoer-kontermuttern\/#breadcrumb","itemListElement":[{"@type":"ListItem","position":1,"name":"Home","item":"https:\/\/conexmetals.com\/de\/heim\/"},{"@type":"ListItem","position":2,"name":"Products","item":"https:\/\/conexmetals.com\/products\/"},{"@type":"ListItem","position":3,"name":"Messing-Kabelverschraubung Zubeh\u00f6r Kontermuttern"}]},{"@type":"WebSite","@id":"https:\/\/conexmetals.com\/de\/#website","url":"https:\/\/conexmetals.com\/de\/","name":"Conex Metals Brass Fittings Brass Parts Copper Parts Brass Components Brass Plumbing Fittings India","description":"Manufacturer of Bronze Fittings casting Copper Brass parts components","publisher":{"@id":"https:\/\/conexmetals.com\/de\/#organization"},"potentialAction":[{"@type":"SearchAction","target":{"@type":"EntryPoint","urlTemplate":"https:\/\/conexmetals.com\/de\/?s={search_term_string}"},"query-input":{"@type":"PropertyValueSpecification","valueRequired":true,"valueName":"search_term_string"}}],"inLanguage":"de"},{"@type":"Organization","@id":"https:\/\/conexmetals.com\/de\/#organization","name":"Conex Metals Brass Fittings Brass Parts Copper Parts Brass Components Brass Plumbing Fittings India","url":"https:\/\/conexmetals.com\/de\/","logo":{"@type":"ImageObject","inLanguage":"de","@id":"https:\/\/conexmetals.com\/de\/#\/schema\/logo\/image\/","url":"https:\/\/conexmetals.com\/wp-content\/uploads\/2024\/03\/conex-metals-logo.webp","contentUrl":"https:\/\/conexmetals.com\/wp-content\/uploads\/2024\/03\/conex-metals-logo.webp","width":300,"height":121,"caption":"Conex Metals Brass Fittings Brass Parts Copper Parts Brass Components Brass Plumbing Fittings India"},"image":{"@id":"https:\/\/conexmetals.com\/de\/#\/schema\/logo\/image\/"},"sameAs":["https:\/\/www.facebook.com\/conexbrass","https:\/\/x.com\/conexindia","https:\/\/www.linkedin.com\/company\/conex-metals-india\/","https:\/\/www.instagram.com\/conexindia\/"]}]}},"_links":{"self":[{"href":"https:\/\/conexmetals.com\/de\/wp-json\/wp\/v2\/product\/13397","targetHints":{"allow":["GET"]}}],"collection":[{"href":"https:\/\/conexmetals.com\/de\/wp-json\/wp\/v2\/product"}],"about":[{"href":"https:\/\/conexmetals.com\/de\/wp-json\/wp\/v2\/types\/product"}],"wp:featuredmedia":[{"embeddable":true,"href":"https:\/\/conexmetals.com\/de\/wp-json\/wp\/v2\/media\/13235"}],"wp:attachment":[{"href":"https:\/\/conexmetals.com\/de\/wp-json\/wp\/v2\/media?parent=13397"}],"wp:term":[{"taxonomy":"product_brand","embeddable":true,"href":"https:\/\/conexmetals.com\/de\/wp-json\/wp\/v2\/product_brand?post=13397"},{"taxonomy":"product_cat","embeddable":true,"href":"https:\/\/conexmetals.com\/de\/wp-json\/wp\/v2\/product_cat?post=13397"},{"taxonomy":"product_tag","embeddable":true,"href":"https:\/\/conexmetals.com\/de\/wp-json\/wp\/v2\/product_tag?post=13397"}],"curies":[{"name":"wp","href":"https:\/\/api.w.org\/{rel}","templated":true}]}}