{"id":13401,"date":"2023-08-18T13:00:24","date_gmt":"2023-08-18T07:30:24","guid":{"rendered":"https:\/\/conexmetals.com\/?post_type=product&#038;p=13401"},"modified":"2025-01-21T18:27:09","modified_gmt":"2025-01-21T12:57:09","slug":"messing-kabelverschraubung-querschnittsdiagramm","status":"publish","type":"product","link":"https:\/\/conexmetals.com\/de\/produkt\/messing-kabelverschraubung-querschnittsdiagramm\/","title":{"rendered":"Messing-Kabelverschraubung-Querschnittsdiagramm"},"content":{"rendered":"","protected":false},"excerpt":{"rendered":"<p>Messingkabelverschraubungen spielen eine entscheidende Rolle bei der Sicherung und dem Schutz elektrischer Kabel, indem sie mechanischen Halt gew\u00e4hrleisten und die elektrische Kontinuit\u00e4t aufrechterhalten. Die folgende Tabelle enth\u00e4lt eine detaillierte Auswahltabelle, die bei der Auswahl der richtigen Messingverschraubungsgr\u00f6\u00dfe f\u00fcr verschiedene Kabelkonfigurationen und Leitergr\u00f6\u00dfen hilft.<\/p>\n<p><strong>Hauptmerkmale von Kabelverschraubungen aus Messing:<\/strong><\/p>\n<ul>\n<li><strong>Haltbarkeit<\/strong>\u00a0: Hergestellt aus hochwertigem Messing f\u00fcr lang anhaltende Leistung.<\/li>\n<li><strong>Gro\u00dfes Sortiment<\/strong>\u00a0: Geeignet f\u00fcr verschiedene Kabelgr\u00f6\u00dfen und Leitertypen.<\/li>\n<li><strong>Anwendungen<\/strong>\u00a0: Ideal f\u00fcr industrielle und gewerbliche Elektroinstallationen.<\/li>\n<\/ul>\n<p>&nbsp;<\/p>\n<table id=\"tablepress-1\" class=\"tablepress tablepress-id-1\">\n<caption>\u00a0<\/caption>\n<thead>\n<tr class=\"row-1 odd\">\n<th class=\"column-1\" colspan=\"2\"><\/th>\n<th class=\"column-3\" colspan=\"13\">Auswahltabelle f\u00fcr Kabelverschraubungen aus Messing<\/th>\n<\/tr>\n<\/thead>\n<tbody class=\"row-hover\">\n<tr class=\"row-2 even\">\n<td class=\"column-1\" colspan=\"6\">Kabelgr\u00f6\u00dfe Leiter<\/td>\n<td class=\"column-7\" colspan=\"9\">Anzahl der Kerne<\/td>\n<\/tr>\n<tr class=\"row-3 odd\">\n<td class=\"column-1\">Nennquerschnitt\u00a0mm\u00b2<br \/>\n\u200b<\/td>\n<td class=\"column-2\">Neutral<\/td>\n<td class=\"column-3\">1<\/td>\n<td class=\"column-4\">2<\/td>\n<td class=\"column-5\">3<\/td>\n<td class=\"column-6\">3 \u00bd<\/td>\n<td class=\"column-7\">4<\/td>\n<td class=\"column-8\">5<\/td>\n<td class=\"column-9\">7<\/td>\n<td class=\"column-10\">10<\/td>\n<td class=\"column-11\">12<\/td>\n<td class=\"column-12\">19<\/td>\n<td class=\"column-13\">27<\/td>\n<td class=\"column-14\">37<\/td>\n<td class=\"column-15\">4<\/td>\n<\/tr>\n<tr class=\"row-4 even\">\n<td class=\"column-1\">1.5<\/td>\n<td class=\"column-2\">\u2013<\/td>\n<td class=\"column-3\">\u2013<\/td>\n<td class=\"column-4\">16<\/td>\n<td class=\"column-5\">16<\/td>\n<td class=\"column-6\">\u2013<\/td>\n<td class=\"column-7\">20er Jahre<\/td>\n<td class=\"column-8\">20er Jahre<\/td>\n<td class=\"column-9\">20er Jahre<\/td>\n<td class=\"column-10\">20<\/td>\n<td class=\"column-11\">20<\/td>\n<td class=\"column-12\">25<\/td>\n<td class=\"column-13\">25<\/td>\n<td class=\"column-14\">32<\/td>\n<td class=\"column-15\">32<\/td>\n<\/tr>\n<tr class=\"row-5 odd\">\n<td class=\"column-1\">2.5<\/td>\n<td class=\"column-2\">\u2013<\/td>\n<td class=\"column-3\">\u2013<\/td>\n<td class=\"column-4\">20er Jahre<\/td>\n<td class=\"column-5\">20er Jahre<\/td>\n<td class=\"column-6\">\u2013<\/td>\n<td class=\"column-7\">20er Jahre<\/td>\n<td class=\"column-8\">20er Jahre<\/td>\n<td class=\"column-9\">20<\/td>\n<td class=\"column-10\">25<\/td>\n<td class=\"column-11\">25<\/td>\n<td class=\"column-12\">25<\/td>\n<td class=\"column-13\">32<\/td>\n<td class=\"column-14\">32<\/td>\n<td class=\"column-15\">40<\/td>\n<\/tr>\n<tr class=\"row-6 even\">\n<td class=\"column-1\">4<\/td>\n<td class=\"column-2\">\u2013<\/td>\n<td class=\"column-3\">\u2013<\/td>\n<td class=\"column-4\">20er Jahre<\/td>\n<td class=\"column-5\">20<\/td>\n<td class=\"column-6\">\u2013<\/td>\n<td class=\"column-7\">20<\/td>\n<td class=\"column-8\">20<\/td>\n<td class=\"column-9\">25<\/td>\n<td class=\"column-10\">25<\/td>\n<td class=\"column-11\">32<\/td>\n<td class=\"column-12\">32<\/td>\n<td class=\"column-13\">40<\/td>\n<td class=\"column-14\"><\/td>\n<td class=\"column-15\"><\/td>\n<\/tr>\n<tr class=\"row-7 odd\">\n<td class=\"column-1\">6<\/td>\n<td class=\"column-2\">\u2013<\/td>\n<td class=\"column-3\">\u2013<\/td>\n<td class=\"column-4\">20<\/td>\n<td class=\"column-5\">20<\/td>\n<td class=\"column-6\">\u2013<\/td>\n<td class=\"column-7\">20<\/td>\n<td class=\"column-8\"><\/td>\n<td class=\"column-9\"><\/td>\n<td class=\"column-10\"><\/td>\n<td class=\"column-11\"><\/td>\n<td class=\"column-12\"><\/td>\n<td class=\"column-13\"><\/td>\n<td class=\"column-14\"><\/td>\n<td class=\"column-15\"><\/td>\n<\/tr>\n<tr class=\"row-8 even\">\n<td class=\"column-1\">10<\/td>\n<td class=\"column-2\">\u2013<\/td>\n<td class=\"column-3\">\u2013<\/td>\n<td class=\"column-4\">25<\/td>\n<td class=\"column-5\">25<\/td>\n<td class=\"column-6\">\u2013<\/td>\n<td class=\"column-7\">25<\/td>\n<td class=\"column-8\"><\/td>\n<td class=\"column-9\"><\/td>\n<td class=\"column-10\"><\/td>\n<td class=\"column-11\"><\/td>\n<td class=\"column-12\"><\/td>\n<td class=\"column-13\"><\/td>\n<td class=\"column-14\"><\/td>\n<td class=\"column-15\"><\/td>\n<\/tr>\n<tr class=\"row-9 odd\">\n<td class=\"column-1\">16<\/td>\n<td class=\"column-2\">\u2013<\/td>\n<td class=\"column-3\">\u2013<\/td>\n<td class=\"column-4\">25<\/td>\n<td class=\"column-5\">25<\/td>\n<td class=\"column-6\">\u2013<\/td>\n<td class=\"column-7\">25<\/td>\n<td class=\"column-8\"><\/td>\n<td class=\"column-9\"><\/td>\n<td class=\"column-10\"><\/td>\n<td class=\"column-11\"><\/td>\n<td class=\"column-12\"><\/td>\n<td class=\"column-13\"><\/td>\n<td class=\"column-14\"><\/td>\n<td class=\"column-15\"><\/td>\n<\/tr>\n<tr class=\"row-10 even\">\n<td class=\"column-1\">25<\/td>\n<td class=\"column-2\">16<\/td>\n<td class=\"column-3\">\u2013<\/td>\n<td class=\"column-4\">32<br \/>\n25<\/td>\n<td class=\"column-5\">32<br \/>\n25<\/td>\n<td class=\"column-6\">32<\/td>\n<td class=\"column-7\">32<br \/>\n32<\/td>\n<td class=\"column-8\"><\/td>\n<td class=\"column-9\"><\/td>\n<td class=\"column-10\"><\/td>\n<td class=\"column-11\"><\/td>\n<td class=\"column-12\"><\/td>\n<td class=\"column-13\"><\/td>\n<td class=\"column-14\"><\/td>\n<td class=\"column-15\"><\/td>\n<\/tr>\n<tr class=\"row-11 odd\">\n<td class=\"column-1\">35<\/td>\n<td class=\"column-2\">16<\/td>\n<td class=\"column-3\">\u2013<\/td>\n<td class=\"column-4\">32<br \/>\n25<\/td>\n<td class=\"column-5\">32<br \/>\n32<\/td>\n<td class=\"column-6\">32<\/td>\n<td class=\"column-7\">40<br \/>\n32<\/td>\n<td class=\"column-8\"><\/td>\n<td class=\"column-9\"><\/td>\n<td class=\"column-10\"><\/td>\n<td class=\"column-11\"><\/td>\n<td class=\"column-12\"><\/td>\n<td class=\"column-13\"><\/td>\n<td class=\"column-14\"><\/td>\n<td class=\"column-15\"><\/td>\n<\/tr>\n<tr class=\"row-12 even\">\n<td class=\"column-1\">50<\/td>\n<td class=\"column-2\">25<\/td>\n<td class=\"column-3\">25<\/td>\n<td class=\"column-4\">32<\/td>\n<td class=\"column-5\">32<\/td>\n<td class=\"column-6\">32<\/td>\n<td class=\"column-7\">40<\/td>\n<td class=\"column-8\"><\/td>\n<td class=\"column-9\"><\/td>\n<td class=\"column-10\"><\/td>\n<td class=\"column-11\"><\/td>\n<td class=\"column-12\"><\/td>\n<td class=\"column-13\"><\/td>\n<td class=\"column-14\"><\/td>\n<td class=\"column-15\"><\/td>\n<\/tr>\n<tr class=\"row-13 odd\">\n<td class=\"column-1\">70<\/td>\n<td class=\"column-2\">35<\/td>\n<td class=\"column-3\">25<\/td>\n<td class=\"column-4\">32<\/td>\n<td class=\"column-5\">40<\/td>\n<td class=\"column-6\">40<\/td>\n<td class=\"column-7\">40<\/td>\n<td class=\"column-8\"><\/td>\n<td class=\"column-9\"><\/td>\n<td class=\"column-10\"><\/td>\n<td class=\"column-11\"><\/td>\n<td class=\"column-12\"><\/td>\n<td class=\"column-13\"><\/td>\n<td class=\"column-14\"><\/td>\n<td class=\"column-15\"><\/td>\n<\/tr>\n<tr class=\"row-14 even\">\n<td class=\"column-1\">95<\/td>\n<td class=\"column-2\">50<\/td>\n<td class=\"column-3\">25<\/td>\n<td class=\"column-4\">40<\/td>\n<td class=\"column-5\">40<\/td>\n<td class=\"column-6\">50er Jahre<\/td>\n<td class=\"column-7\">50er Jahre<\/td>\n<td class=\"column-8\"><\/td>\n<td class=\"column-9\"><\/td>\n<td class=\"column-10\"><\/td>\n<td class=\"column-11\"><\/td>\n<td class=\"column-12\"><\/td>\n<td class=\"column-13\"><\/td>\n<td class=\"column-14\"><\/td>\n<td class=\"column-15\"><\/td>\n<\/tr>\n<tr class=\"row-15 odd\">\n<td class=\"column-1\">120<\/td>\n<td class=\"column-2\">70<\/td>\n<td class=\"column-3\">32<\/td>\n<td class=\"column-4\">40<\/td>\n<td class=\"column-5\">50er Jahre<\/td>\n<td class=\"column-6\">50<\/td>\n<td class=\"column-7\">50<\/td>\n<td class=\"column-8\"><\/td>\n<td class=\"column-9\"><\/td>\n<td class=\"column-10\"><\/td>\n<td class=\"column-11\"><\/td>\n<td class=\"column-12\"><\/td>\n<td class=\"column-13\"><\/td>\n<td class=\"column-14\"><\/td>\n<td class=\"column-15\"><\/td>\n<\/tr>\n<tr class=\"row-16 even\">\n<td class=\"column-1\">150<\/td>\n<td class=\"column-2\">70<\/td>\n<td class=\"column-3\">32<\/td>\n<td class=\"column-4\">50er Jahre<\/td>\n<td class=\"column-5\">50<\/td>\n<td class=\"column-6\">50<\/td>\n<td class=\"column-7\">63S<\/td>\n<td class=\"column-8\"><\/td>\n<td class=\"column-9\"><\/td>\n<td class=\"column-10\"><\/td>\n<td class=\"column-11\"><\/td>\n<td class=\"column-12\"><\/td>\n<td class=\"column-13\"><\/td>\n<td class=\"column-14\"><\/td>\n<td class=\"column-15\"><\/td>\n<\/tr>\n<tr class=\"row-17 odd\">\n<td class=\"column-1\">185<\/td>\n<td class=\"column-2\">95<\/td>\n<td class=\"column-3\">32<\/td>\n<td class=\"column-4\">50<\/td>\n<td class=\"column-5\">50<\/td>\n<td class=\"column-6\">63S<\/td>\n<td class=\"column-7\">63<\/td>\n<td class=\"column-8\"><\/td>\n<td class=\"column-9\"><\/td>\n<td class=\"column-10\"><\/td>\n<td class=\"column-11\"><\/td>\n<td class=\"column-12\"><\/td>\n<td class=\"column-13\"><\/td>\n<td class=\"column-14\"><\/td>\n<td class=\"column-15\"><\/td>\n<\/tr>\n<tr class=\"row-18 even\">\n<td class=\"column-1\">240<\/td>\n<td class=\"column-2\">120<\/td>\n<td class=\"column-3\">40<\/td>\n<td class=\"column-4\">50<\/td>\n<td class=\"column-5\">63S<\/td>\n<td class=\"column-6\">63<\/td>\n<td class=\"column-7\">75S<\/td>\n<td class=\"column-8\"><\/td>\n<td class=\"column-9\"><\/td>\n<td class=\"column-10\"><\/td>\n<td class=\"column-11\"><\/td>\n<td class=\"column-12\"><\/td>\n<td class=\"column-13\"><\/td>\n<td class=\"column-14\"><\/td>\n<td class=\"column-15\"><\/td>\n<\/tr>\n<tr class=\"row-19 odd\">\n<td class=\"column-1\">300<\/td>\n<td class=\"column-2\">150<\/td>\n<td class=\"column-3\">40<\/td>\n<td class=\"column-4\">63S<\/td>\n<td class=\"column-5\">63<\/td>\n<td class=\"column-6\">75S<\/td>\n<td class=\"column-7\">75<\/td>\n<td class=\"column-8\"><\/td>\n<td class=\"column-9\"><\/td>\n<td class=\"column-10\"><\/td>\n<td class=\"column-11\"><\/td>\n<td class=\"column-12\"><\/td>\n<td class=\"column-13\"><\/td>\n<td class=\"column-14\"><\/td>\n<td class=\"column-15\"><\/td>\n<\/tr>\n<tr class=\"row-20 even\">\n<td class=\"column-1\">300<\/td>\n<td class=\"column-2\">185<\/td>\n<td class=\"column-3\">\u2013<\/td>\n<td class=\"column-4\">\u2013<\/td>\n<td class=\"column-5\">\u2013<\/td>\n<td class=\"column-6\">75<\/td>\n<td class=\"column-7\">\u2013<\/td>\n<td class=\"column-8\"><\/td>\n<td class=\"column-9\"><\/td>\n<td class=\"column-10\"><\/td>\n<td class=\"column-11\"><\/td>\n<td class=\"column-12\"><\/td>\n<td class=\"column-13\"><\/td>\n<td class=\"column-14\"><\/td>\n<td class=\"column-15\"><\/td>\n<\/tr>\n<tr class=\"row-21 odd\">\n<td class=\"column-1\">400<\/td>\n<td class=\"column-2\">185<\/td>\n<td class=\"column-3\">50er Jahre<\/td>\n<td class=\"column-4\">63<\/td>\n<td class=\"column-5\">75S<\/td>\n<td class=\"column-6\">90<\/td>\n<td class=\"column-7\">90<\/td>\n<td class=\"column-8\"><\/td>\n<td class=\"column-9\"><\/td>\n<td class=\"column-10\"><\/td>\n<td class=\"column-11\"><\/td>\n<td class=\"column-12\"><\/td>\n<td class=\"column-13\"><\/td>\n<td class=\"column-14\"><\/td>\n<td class=\"column-15\"><\/td>\n<\/tr>\n<tr class=\"row-22 even\">\n<td class=\"column-1\">500<\/td>\n<td class=\"column-2\">\u2013<\/td>\n<td class=\"column-3\">50<\/td>\n<td class=\"column-4\">\u2013<\/td>\n<td class=\"column-5\"><\/td>\n<td class=\"column-6\"><\/td>\n<td class=\"column-7\"><\/td>\n<td class=\"column-8\"><\/td>\n<td class=\"column-9\"><\/td>\n<td class=\"column-10\"><\/td>\n<td class=\"column-11\"><\/td>\n<td class=\"column-12\"><\/td>\n<td class=\"column-13\"><\/td>\n<td class=\"column-14\"><\/td>\n<td class=\"column-15\"><\/td>\n<\/tr>\n<tr class=\"row-23 odd\">\n<td class=\"column-1\">630<\/td>\n<td class=\"column-2\">\u2013<\/td>\n<td class=\"column-3\">50<\/td>\n<td class=\"column-4\">\u2013<\/td>\n<td class=\"column-5\"><\/td>\n<td class=\"column-6\"><\/td>\n<td class=\"column-7\"><\/td>\n<td class=\"column-8\"><\/td>\n<td class=\"column-9\"><\/td>\n<td class=\"column-10\"><\/td>\n<td class=\"column-11\"><\/td>\n<td class=\"column-12\"><\/td>\n<td class=\"column-13\"><\/td>\n<td class=\"column-14\"><\/td>\n<td class=\"column-15\"><\/td>\n<\/tr>\n<tr class=\"row-24 even\">\n<td class=\"column-1\">800<\/td>\n<td class=\"column-2\">\u2013<\/td>\n<td class=\"column-3\">63S<\/td>\n<\/tr>\n<\/tbody>\n<\/table>\n","protected":false},"featured_media":13213,"template":"","meta":[],"product_brand":[],"product_cat":[368],"product_tag":[],"class_list":{"0":"post-13401","1":"product","2":"type-product","3":"status-publish","4":"has-post-thumbnail","6":"product_cat-zubehor-fur-kabelverschraubungen","8":"first","9":"instock","10":"shipping-taxable","11":"product-type-simple"},"yoast_head":"<!-- This site is optimized with the Yoast SEO plugin v27.3 - https:\/\/yoast.com\/product\/yoast-seo-wordpress\/ -->\n<title>Messing-Kabelverschraubung-Querschnittsdiagramm<\/title>\n<meta name=\"description\" content=\"Conex Metals bietet ein umfassendes Messing-Kabelverschraubung-Querschnittsdiagramm, Kabelverschraubungen, Wasserdichte Kabelverschraubungen, verschiedene Kabelverschraubungstypen und Messing-Kabelverschraubungen als renommierter Hersteller, Exporteur und Lieferant in Indien an.\" \/>\n<meta name=\"robots\" content=\"index, follow, max-snippet:-1, max-image-preview:large, max-video-preview:-1\" \/>\n<link rel=\"canonical\" href=\"https:\/\/conexmetals.com\/de\/produkt\/messing-kabelverschraubung-querschnittsdiagramm\/\" \/>\n<script type=\"application\/ld+json\" class=\"yoast-schema-graph\">{\"@context\":\"https:\\\/\\\/schema.org\",\"@graph\":[{\"@type\":\"WebPage\",\"@id\":\"https:\\\/\\\/conexmetals.com\\\/de\\\/produkt\\\/messing-kabelverschraubung-querschnittsdiagramm\\\/\",\"url\":\"https:\\\/\\\/conexmetals.com\\\/de\\\/produkt\\\/messing-kabelverschraubung-querschnittsdiagramm\\\/\",\"name\":\"Messing-Kabelverschraubung-Querschnittsdiagramm\",\"isPartOf\":{\"@id\":\"https:\\\/\\\/conexmetals.com\\\/de\\\/#website\"},\"primaryImageOfPage\":{\"@id\":\"https:\\\/\\\/conexmetals.com\\\/de\\\/produkt\\\/messing-kabelverschraubung-querschnittsdiagramm\\\/#primaryimage\"},\"image\":{\"@id\":\"https:\\\/\\\/conexmetals.com\\\/de\\\/produkt\\\/messing-kabelverschraubung-querschnittsdiagramm\\\/#primaryimage\"},\"thumbnailUrl\":\"https:\\\/\\\/conexmetals.com\\\/wp-content\\\/uploads\\\/2025\\\/01\\\/Messing-Kabelverschraubung-Querschnittsdiagramm.webp\",\"datePublished\":\"2023-08-18T07:30:24+00:00\",\"dateModified\":\"2025-01-21T12:57:09+00:00\",\"description\":\"Conex Metals bietet ein umfassendes Messing-Kabelverschraubung-Querschnittsdiagramm, Kabelverschraubungen, Wasserdichte Kabelverschraubungen, verschiedene Kabelverschraubungstypen und Messing-Kabelverschraubungen als renommierter Hersteller, Exporteur und Lieferant in Indien an.\",\"breadcrumb\":{\"@id\":\"https:\\\/\\\/conexmetals.com\\\/de\\\/produkt\\\/messing-kabelverschraubung-querschnittsdiagramm\\\/#breadcrumb\"},\"inLanguage\":\"de\",\"potentialAction\":[{\"@type\":\"ReadAction\",\"target\":[\"https:\\\/\\\/conexmetals.com\\\/de\\\/produkt\\\/messing-kabelverschraubung-querschnittsdiagramm\\\/\"]}]},{\"@type\":\"ImageObject\",\"inLanguage\":\"de\",\"@id\":\"https:\\\/\\\/conexmetals.com\\\/de\\\/produkt\\\/messing-kabelverschraubung-querschnittsdiagramm\\\/#primaryimage\",\"url\":\"https:\\\/\\\/conexmetals.com\\\/wp-content\\\/uploads\\\/2025\\\/01\\\/Messing-Kabelverschraubung-Querschnittsdiagramm.webp\",\"contentUrl\":\"https:\\\/\\\/conexmetals.com\\\/wp-content\\\/uploads\\\/2025\\\/01\\\/Messing-Kabelverschraubung-Querschnittsdiagramm.webp\",\"width\":350,\"height\":350,\"caption\":\"Messing-Kabelverschraubung-Querschnittsdiagramm\"},{\"@type\":\"BreadcrumbList\",\"@id\":\"https:\\\/\\\/conexmetals.com\\\/de\\\/produkt\\\/messing-kabelverschraubung-querschnittsdiagramm\\\/#breadcrumb\",\"itemListElement\":[{\"@type\":\"ListItem\",\"position\":1,\"name\":\"Home\",\"item\":\"https:\\\/\\\/conexmetals.com\\\/de\\\/heim\\\/\"},{\"@type\":\"ListItem\",\"position\":2,\"name\":\"Products\",\"item\":\"https:\\\/\\\/conexmetals.com\\\/products\\\/\"},{\"@type\":\"ListItem\",\"position\":3,\"name\":\"Messing-Kabelverschraubung-Querschnittsdiagramm\"}]},{\"@type\":\"WebSite\",\"@id\":\"https:\\\/\\\/conexmetals.com\\\/de\\\/#website\",\"url\":\"https:\\\/\\\/conexmetals.com\\\/de\\\/\",\"name\":\"Conex Metals Brass Fittings Brass Parts Copper Parts Brass Components Brass Plumbing Fittings India\",\"description\":\"Manufacturer of Bronze Fittings casting Copper Brass parts components\",\"publisher\":{\"@id\":\"https:\\\/\\\/conexmetals.com\\\/de\\\/#organization\"},\"potentialAction\":[{\"@type\":\"SearchAction\",\"target\":{\"@type\":\"EntryPoint\",\"urlTemplate\":\"https:\\\/\\\/conexmetals.com\\\/de\\\/?s={search_term_string}\"},\"query-input\":{\"@type\":\"PropertyValueSpecification\",\"valueRequired\":true,\"valueName\":\"search_term_string\"}}],\"inLanguage\":\"de\"},{\"@type\":\"Organization\",\"@id\":\"https:\\\/\\\/conexmetals.com\\\/de\\\/#organization\",\"name\":\"Conex Metals Brass Fittings Brass Parts Copper Parts Brass Components Brass Plumbing Fittings India\",\"url\":\"https:\\\/\\\/conexmetals.com\\\/de\\\/\",\"logo\":{\"@type\":\"ImageObject\",\"inLanguage\":\"de\",\"@id\":\"https:\\\/\\\/conexmetals.com\\\/de\\\/#\\\/schema\\\/logo\\\/image\\\/\",\"url\":\"https:\\\/\\\/conexmetals.com\\\/wp-content\\\/uploads\\\/2024\\\/03\\\/conex-metals-logo.webp\",\"contentUrl\":\"https:\\\/\\\/conexmetals.com\\\/wp-content\\\/uploads\\\/2024\\\/03\\\/conex-metals-logo.webp\",\"width\":300,\"height\":121,\"caption\":\"Conex Metals Brass Fittings Brass Parts Copper Parts Brass Components Brass Plumbing Fittings India\"},\"image\":{\"@id\":\"https:\\\/\\\/conexmetals.com\\\/de\\\/#\\\/schema\\\/logo\\\/image\\\/\"},\"sameAs\":[\"https:\\\/\\\/www.facebook.com\\\/conexbrass\",\"https:\\\/\\\/x.com\\\/conexindia\",\"https:\\\/\\\/www.linkedin.com\\\/company\\\/conex-metals-india\\\/\",\"https:\\\/\\\/www.instagram.com\\\/conexindia\\\/\"]}]}<\/script>\n<!-- \/ Yoast SEO plugin. -->","yoast_head_json":{"title":"Messing-Kabelverschraubung-Querschnittsdiagramm","description":"Conex Metals bietet ein umfassendes Messing-Kabelverschraubung-Querschnittsdiagramm, Kabelverschraubungen, Wasserdichte Kabelverschraubungen, verschiedene Kabelverschraubungstypen und Messing-Kabelverschraubungen als renommierter Hersteller, Exporteur und Lieferant in Indien an.","robots":{"index":"index","follow":"follow","max-snippet":"max-snippet:-1","max-image-preview":"max-image-preview:large","max-video-preview":"max-video-preview:-1"},"canonical":"https:\/\/conexmetals.com\/de\/produkt\/messing-kabelverschraubung-querschnittsdiagramm\/","schema":{"@context":"https:\/\/schema.org","@graph":[{"@type":"WebPage","@id":"https:\/\/conexmetals.com\/de\/produkt\/messing-kabelverschraubung-querschnittsdiagramm\/","url":"https:\/\/conexmetals.com\/de\/produkt\/messing-kabelverschraubung-querschnittsdiagramm\/","name":"Messing-Kabelverschraubung-Querschnittsdiagramm","isPartOf":{"@id":"https:\/\/conexmetals.com\/de\/#website"},"primaryImageOfPage":{"@id":"https:\/\/conexmetals.com\/de\/produkt\/messing-kabelverschraubung-querschnittsdiagramm\/#primaryimage"},"image":{"@id":"https:\/\/conexmetals.com\/de\/produkt\/messing-kabelverschraubung-querschnittsdiagramm\/#primaryimage"},"thumbnailUrl":"https:\/\/conexmetals.com\/wp-content\/uploads\/2025\/01\/Messing-Kabelverschraubung-Querschnittsdiagramm.webp","datePublished":"2023-08-18T07:30:24+00:00","dateModified":"2025-01-21T12:57:09+00:00","description":"Conex Metals bietet ein umfassendes Messing-Kabelverschraubung-Querschnittsdiagramm, Kabelverschraubungen, Wasserdichte Kabelverschraubungen, verschiedene Kabelverschraubungstypen und Messing-Kabelverschraubungen als renommierter Hersteller, Exporteur und Lieferant in Indien an.","breadcrumb":{"@id":"https:\/\/conexmetals.com\/de\/produkt\/messing-kabelverschraubung-querschnittsdiagramm\/#breadcrumb"},"inLanguage":"de","potentialAction":[{"@type":"ReadAction","target":["https:\/\/conexmetals.com\/de\/produkt\/messing-kabelverschraubung-querschnittsdiagramm\/"]}]},{"@type":"ImageObject","inLanguage":"de","@id":"https:\/\/conexmetals.com\/de\/produkt\/messing-kabelverschraubung-querschnittsdiagramm\/#primaryimage","url":"https:\/\/conexmetals.com\/wp-content\/uploads\/2025\/01\/Messing-Kabelverschraubung-Querschnittsdiagramm.webp","contentUrl":"https:\/\/conexmetals.com\/wp-content\/uploads\/2025\/01\/Messing-Kabelverschraubung-Querschnittsdiagramm.webp","width":350,"height":350,"caption":"Messing-Kabelverschraubung-Querschnittsdiagramm"},{"@type":"BreadcrumbList","@id":"https:\/\/conexmetals.com\/de\/produkt\/messing-kabelverschraubung-querschnittsdiagramm\/#breadcrumb","itemListElement":[{"@type":"ListItem","position":1,"name":"Home","item":"https:\/\/conexmetals.com\/de\/heim\/"},{"@type":"ListItem","position":2,"name":"Products","item":"https:\/\/conexmetals.com\/products\/"},{"@type":"ListItem","position":3,"name":"Messing-Kabelverschraubung-Querschnittsdiagramm"}]},{"@type":"WebSite","@id":"https:\/\/conexmetals.com\/de\/#website","url":"https:\/\/conexmetals.com\/de\/","name":"Conex Metals Brass Fittings Brass Parts Copper Parts Brass Components Brass Plumbing Fittings India","description":"Manufacturer of Bronze Fittings casting Copper Brass parts components","publisher":{"@id":"https:\/\/conexmetals.com\/de\/#organization"},"potentialAction":[{"@type":"SearchAction","target":{"@type":"EntryPoint","urlTemplate":"https:\/\/conexmetals.com\/de\/?s={search_term_string}"},"query-input":{"@type":"PropertyValueSpecification","valueRequired":true,"valueName":"search_term_string"}}],"inLanguage":"de"},{"@type":"Organization","@id":"https:\/\/conexmetals.com\/de\/#organization","name":"Conex Metals Brass Fittings Brass Parts Copper Parts Brass Components Brass Plumbing Fittings India","url":"https:\/\/conexmetals.com\/de\/","logo":{"@type":"ImageObject","inLanguage":"de","@id":"https:\/\/conexmetals.com\/de\/#\/schema\/logo\/image\/","url":"https:\/\/conexmetals.com\/wp-content\/uploads\/2024\/03\/conex-metals-logo.webp","contentUrl":"https:\/\/conexmetals.com\/wp-content\/uploads\/2024\/03\/conex-metals-logo.webp","width":300,"height":121,"caption":"Conex Metals Brass Fittings Brass Parts Copper Parts Brass Components Brass Plumbing Fittings India"},"image":{"@id":"https:\/\/conexmetals.com\/de\/#\/schema\/logo\/image\/"},"sameAs":["https:\/\/www.facebook.com\/conexbrass","https:\/\/x.com\/conexindia","https:\/\/www.linkedin.com\/company\/conex-metals-india\/","https:\/\/www.instagram.com\/conexindia\/"]}]}},"_links":{"self":[{"href":"https:\/\/conexmetals.com\/de\/wp-json\/wp\/v2\/product\/13401","targetHints":{"allow":["GET"]}}],"collection":[{"href":"https:\/\/conexmetals.com\/de\/wp-json\/wp\/v2\/product"}],"about":[{"href":"https:\/\/conexmetals.com\/de\/wp-json\/wp\/v2\/types\/product"}],"wp:featuredmedia":[{"embeddable":true,"href":"https:\/\/conexmetals.com\/de\/wp-json\/wp\/v2\/media\/13213"}],"wp:attachment":[{"href":"https:\/\/conexmetals.com\/de\/wp-json\/wp\/v2\/media?parent=13401"}],"wp:term":[{"taxonomy":"product_brand","embeddable":true,"href":"https:\/\/conexmetals.com\/de\/wp-json\/wp\/v2\/product_brand?post=13401"},{"taxonomy":"product_cat","embeddable":true,"href":"https:\/\/conexmetals.com\/de\/wp-json\/wp\/v2\/product_cat?post=13401"},{"taxonomy":"product_tag","embeddable":true,"href":"https:\/\/conexmetals.com\/de\/wp-json\/wp\/v2\/product_tag?post=13401"}],"curies":[{"name":"wp","href":"https:\/\/api.w.org\/{rel}","templated":true}]}}