{"id":13406,"date":"2023-08-18T12:54:51","date_gmt":"2023-08-18T07:24:51","guid":{"rendered":"https:\/\/conexmetals.com\/?post_type=product&#038;p=13406"},"modified":"2025-01-21T18:06:00","modified_gmt":"2025-01-21T12:36:00","slug":"a1a2-industrielle-messing-kabelverschraubungen","status":"publish","type":"product","link":"https:\/\/conexmetals.com\/de\/produkt\/a1a2-industrielle-messing-kabelverschraubungen\/","title":{"rendered":"A1A2 Industrielle Messing-Kabelverschraubungen"},"content":{"rendered":"","protected":false},"excerpt":{"rendered":"<p class=\"product_title entry-title elementor-heading-title elementor-size-default\">\n<p><img decoding=\"async\" class=\"alignnone size-medium wp-image-13005 lazy loaded\" src=\"https:\/\/conexmetals.com\/wp-content\/uploads\/2023\/08\/A1A2-Industrial-Cable-Glands-line-Drawing-300x120.png\" alt=\"A1A2 Strichzeichnung f\u00fcr industrielle Kabelverschraubungen\" width=\"300\" height=\"120\" data-src=\"https:\/\/conexmetals.com\/wp-content\/uploads\/2023\/08\/A1A2-Industrial-Cable-Glands-line-Drawing-300x120.png\" data-was-processed=\"true\" srcset=\"https:\/\/conexmetals.com\/wp-content\/uploads\/2023\/08\/A1A2-Industrial-Cable-Glands-line-Drawing-300x120.png 300w, https:\/\/conexmetals.com\/wp-content\/uploads\/2023\/08\/A1A2-Industrial-Cable-Glands-line-Drawing.png 528w\" sizes=\"(max-width: 300px) 100vw, 300px\" \/><\/p>\n<div class=\"elementor-element elementor-element-36d2ab8 elementor-widget elementor-widget-woocommerce-product-short-description\" data-id=\"36d2ab8\" data-element_type=\"widget\" data-widget_type=\"woocommerce-product-short-description.default\">\n<div class=\"elementor-widget-container\">\n<div class=\"woocommerce-product-details__short-description\">\n<table id=\"tablepress-409\" class=\"tablepress tablepress-id-409\">\n<caption>\u00a0<\/caption>\n<thead>\n<tr class=\"row-1 odd\">\n<th class=\"column-1\" colspan=\"8\"><strong>Technisches Datenblatt<\/strong><\/th>\n<\/tr>\n<\/thead>\n<tbody class=\"row-hover\">\n<tr class=\"row-2 even\">\n<td class=\"column-1\" rowspan=\"3\"><strong>Kabelverschraubungstyp<\/strong><\/td>\n<td class=\"column-2\" colspan=\"2\" rowspan=\"2\"><strong>Max. Gesamtkabeldurchmesser (B)<\/strong><\/td>\n<td class=\"column-4\" colspan=\"5\"><strong>Abmessungen der Verschraubung<\/strong><\/td>\n<\/tr>\n<tr class=\"row-3 odd\">\n<td class=\"column-4\" colspan=\"2\"><strong>ISO-Eintragsthread<\/strong><\/td>\n<td class=\"column-6\" rowspan=\"2\"><strong>Ungef\u00e4hre L\u00e4nge ab Schulter (F)<\/strong><\/td>\n<td class=\"column-7\" colspan=\"2\"><strong>Sechskantgr\u00f6\u00dfe<\/strong><\/td>\n<\/tr>\n<tr class=\"row-4 even\">\n<td class=\"column-2\"><strong>Min. Durchmesser (mm)<\/strong><\/td>\n<td class=\"column-3\"><strong>Max. Durchmesser (mm) Kegel-Innendurchmesser<\/strong><\/td>\n<td class=\"column-4\"><strong>ISO-Eingangsgewindedurchmesser (D)<\/strong><\/td>\n<td class=\"column-5\"><strong>ISO-Eingangsgewindel\u00e4nge (E)<\/strong><\/td>\n<td class=\"column-7\"><strong>Schl\u00fcsselweite (G mm)<\/strong><\/td>\n<td class=\"column-8\"><strong>\u00dcber Eck (H mm)<\/strong><\/td>\n<\/tr>\n<tr class=\"row-5 odd\">\n<td class=\"column-1\">A1A2-16S<\/td>\n<td class=\"column-2\">3.5<\/td>\n<td class=\"column-3\">6.5<\/td>\n<td class=\"column-4\">16<\/td>\n<td class=\"column-5\">10<\/td>\n<td class=\"column-6\">20<\/td>\n<td class=\"column-7\">22<\/td>\n<td class=\"column-8\">24,5<\/td>\n<\/tr>\n<tr class=\"row-6 even\">\n<td class=\"column-1\">A1A2-16L<\/td>\n<td class=\"column-2\">4<\/td>\n<td class=\"column-3\">8<\/td>\n<td class=\"column-4\">16<\/td>\n<td class=\"column-5\">10<\/td>\n<td class=\"column-6\">20<\/td>\n<td class=\"column-7\">22<\/td>\n<td class=\"column-8\">24,5<\/td>\n<\/tr>\n<tr class=\"row-7 odd\">\n<td class=\"column-1\">A1A2-20S<\/td>\n<td class=\"column-2\">8,5<\/td>\n<td class=\"column-3\">12<\/td>\n<td class=\"column-4\">20<\/td>\n<td class=\"column-5\">15<\/td>\n<td class=\"column-6\">22<\/td>\n<td class=\"column-7\">24<\/td>\n<td class=\"column-8\">26<\/td>\n<\/tr>\n<tr class=\"row-8 even\">\n<td class=\"column-1\">A1A2-20L<\/td>\n<td class=\"column-2\">8<\/td>\n<td class=\"column-3\">13<\/td>\n<td class=\"column-4\">20<\/td>\n<td class=\"column-5\">15<\/td>\n<td class=\"column-6\">22<\/td>\n<td class=\"column-7\">26<\/td>\n<td class=\"column-8\">29<\/td>\n<\/tr>\n<tr class=\"row-9 odd\">\n<td class=\"column-1\">A1A2-25S<\/td>\n<td class=\"column-2\">9<\/td>\n<td class=\"column-3\">17,5<\/td>\n<td class=\"column-4\">25<\/td>\n<td class=\"column-5\">15<\/td>\n<td class=\"column-6\">25<\/td>\n<td class=\"column-7\">30<\/td>\n<td class=\"column-8\">33<\/td>\n<\/tr>\n<tr class=\"row-10 even\">\n<td class=\"column-1\">A1A2-25L<\/td>\n<td class=\"column-2\">12<\/td>\n<td class=\"column-3\">21<\/td>\n<td class=\"column-4\">25<\/td>\n<td class=\"column-5\">15<\/td>\n<td class=\"column-6\">26<\/td>\n<td class=\"column-7\">33,5<\/td>\n<td class=\"column-8\">37<\/td>\n<\/tr>\n<tr class=\"row-11 odd\">\n<td class=\"column-1\">A1A2-32S<\/td>\n<td class=\"column-2\">18<\/td>\n<td class=\"column-3\">25<\/td>\n<td class=\"column-4\">32<\/td>\n<td class=\"column-5\">15<\/td>\n<td class=\"column-6\">30<\/td>\n<td class=\"column-7\">41<\/td>\n<td class=\"column-8\">45,5<\/td>\n<\/tr>\n<tr class=\"row-12 even\">\n<td class=\"column-1\">A1A2-32L<\/td>\n<td class=\"column-2\">18,5<\/td>\n<td class=\"column-3\">26.2<\/td>\n<td class=\"column-4\">32<\/td>\n<td class=\"column-5\">15<\/td>\n<td class=\"column-6\">30<\/td>\n<td class=\"column-7\">41<\/td>\n<td class=\"column-8\">45,5<\/td>\n<\/tr>\n<tr class=\"row-13 odd\">\n<td class=\"column-1\">A1A2-40S<\/td>\n<td class=\"column-2\">20<\/td>\n<td class=\"column-3\">31<\/td>\n<td class=\"column-4\">40<\/td>\n<td class=\"column-5\">15<\/td>\n<td class=\"column-6\">31<\/td>\n<td class=\"column-7\">50<\/td>\n<td class=\"column-8\">55,5<\/td>\n<\/tr>\n<tr class=\"row-14 even\">\n<td class=\"column-1\">A1A2-40L<\/td>\n<td class=\"column-2\">23<\/td>\n<td class=\"column-3\">33<\/td>\n<td class=\"column-4\">40<\/td>\n<td class=\"column-5\">15<\/td>\n<td class=\"column-6\">31<\/td>\n<td class=\"column-7\">50<\/td>\n<td class=\"column-8\">55,5<\/td>\n<\/tr>\n<tr class=\"row-15 odd\">\n<td class=\"column-1\">A1A2-50S<\/td>\n<td class=\"column-2\">31<\/td>\n<td class=\"column-3\">38<\/td>\n<td class=\"column-4\">50<\/td>\n<td class=\"column-5\">15<\/td>\n<td class=\"column-6\">33<\/td>\n<td class=\"column-7\">55<\/td>\n<td class=\"column-8\">60,5<\/td>\n<\/tr>\n<tr class=\"row-16 even\">\n<td class=\"column-1\">A1A2-50L<\/td>\n<td class=\"column-2\">35<\/td>\n<td class=\"column-3\">44.1<\/td>\n<td class=\"column-4\">50<\/td>\n<td class=\"column-5\">15<\/td>\n<td class=\"column-6\">33<\/td>\n<td class=\"column-7\">59,5<\/td>\n<td class=\"column-8\">67<\/td>\n<\/tr>\n<tr class=\"row-17 odd\">\n<td class=\"column-1\">A1A2-63S<\/td>\n<td class=\"column-2\">39<\/td>\n<td class=\"column-3\">49,3<\/td>\n<td class=\"column-4\">63<\/td>\n<td class=\"column-5\">15<\/td>\n<td class=\"column-6\">35<\/td>\n<td class=\"column-7\">70<\/td>\n<td class=\"column-8\">77<\/td>\n<\/tr>\n<tr class=\"row-18 even\">\n<td class=\"column-1\">A1A2-63L<\/td>\n<td class=\"column-2\">46<\/td>\n<td class=\"column-3\">53,5<\/td>\n<td class=\"column-4\">63<\/td>\n<td class=\"column-5\">15<\/td>\n<td class=\"column-6\">35<\/td>\n<td class=\"column-7\">74<\/td>\n<td class=\"column-8\">80<\/td>\n<\/tr>\n<tr class=\"row-19 odd\">\n<td class=\"column-1\">A1A2-75S<\/td>\n<td class=\"column-2\">53<\/td>\n<td class=\"column-3\">61,5<\/td>\n<td class=\"column-4\">75<\/td>\n<td class=\"column-5\">15<\/td>\n<td class=\"column-6\">35<\/td>\n<td class=\"column-7\">82<\/td>\n<td class=\"column-8\">90,5<\/td>\n<\/tr>\n<tr class=\"row-20 even\">\n<td class=\"column-1\">A1A2-75L<\/td>\n<td class=\"column-2\">60<\/td>\n<td class=\"column-3\">67,4<\/td>\n<td class=\"column-4\">75<\/td>\n<td class=\"column-5\">15<\/td>\n<td class=\"column-6\">40<\/td>\n<td class=\"column-7\">84<\/td>\n<td class=\"column-8\">94<\/td>\n<\/tr>\n<tr class=\"row-21 odd\">\n<td class=\"column-1\">A1A2-90S<\/td>\n<td class=\"column-2\">64<\/td>\n<td class=\"column-3\">72,8<\/td>\n<td class=\"column-4\">90<\/td>\n<td class=\"column-5\">20<\/td>\n<td class=\"column-6\">50<\/td>\n<td class=\"column-7\">101<\/td>\n<td class=\"column-8\">114<\/td>\n<\/tr>\n<tr class=\"row-22 even\">\n<td class=\"column-1\">A1A2-90L<\/td>\n<td class=\"column-2\">68<\/td>\n<td class=\"column-3\">78<\/td>\n<td class=\"column-4\">90<\/td>\n<td class=\"column-5\">20<\/td>\n<td class=\"column-6\">50<\/td>\n<td class=\"column-7\">101<\/td>\n<td class=\"column-8\">114<\/td>\n<\/tr>\n<\/tbody>\n<\/table>\n<p><strong>Verschraubungsgr\u00f6\u00dfen<\/strong>\u00a0: Erh\u00e4ltlich in Gr\u00f6\u00dfen von 16 mm bis 90 mm.<br \/>\n<strong>Anwendungen<\/strong>\u00a0: Geeignet f\u00fcr Innen- und Au\u00dfeninstallationen, bietet eine sichere Abdichtung der Kabelau\u00dfenh\u00fclle und sorgt f\u00fcr mechanischen Halt.<br \/>\n<strong>Schutzart<\/strong>\u00a0: Schutzklasse IP66 zum Schutz vor Staub und Wasser.<br \/>\n<strong>Material<\/strong>\u00a0: Hergestellt aus hochwertigem Messing (CuZn 39Pb3\/IS 319). Edelstahl oder Aluminium<br \/>\n<strong>Betriebstemperatur<\/strong>\u00a0:<\/p>\n<ul>\n<li><strong>Gummidichtung<\/strong>\u00a0:\n<ul>\n<li>Nat\u00fcrlich: -5\u00b0C bis +60\u00b0C<\/li>\n<li>Neopren: -5\u00b0C bis +90\u00b0C<\/li>\n<li>Silikon: -10\u00b0C bis +175\u00b0C<\/li>\n<\/ul>\n<\/li>\n<\/ul>\n<p><strong>Ausf\u00fchrung<\/strong>\u00a0: Erh\u00e4ltlich in Naturmessing oder vernickelt.<br \/>\n<strong>Kompatible Kabeltypen<\/strong>\u00a0: Ausgelegt f\u00fcr ungepanzerte Kabel.<br \/>\n<strong>Zubeh\u00f6r<\/strong>\u00a0: Enth\u00e4lt Kontermutter, Erdungsstecker, Abdeckungen, gezahnte Unterlegscheibe und Adapter\/Reduzierst\u00fcck f\u00fcr zus\u00e4tzlichen Komfort.<\/p>\n<\/div>\n<\/div>\n<\/div>\n","protected":false},"featured_media":13198,"template":"","meta":[],"product_brand":[],"product_cat":[364],"product_tag":[],"class_list":{"0":"post-13406","1":"product","2":"type-product","3":"status-publish","4":"has-post-thumbnail","6":"product_cat-kabelverschraubungen","8":"first","9":"instock","10":"shipping-taxable","11":"product-type-simple"},"yoast_head":"<!-- This site is optimized with the Yoast SEO plugin v27.3 - https:\/\/yoast.com\/product\/yoast-seo-wordpress\/ -->\n<title>A1A2 Industrielle Messing-Kabelverschraubungen<\/title>\n<meta name=\"description\" content=\"Conex Metals liefert A1A2 Industrielle Kabelverschraubungen, einschlie\u00dflich Doppel-Kompressions-Kabelverschraubungen, 16mm Kabelverschraubungen und verschiedene Arten von elektrischen Kabelverschraubungen. Als vertrauensw\u00fcrdiger Hersteller, Exporteur und Lieferant in Indien liefert Conex Metals hochwertige A1 A2 Industrielle Kabelverschraubungen und Messing-Kabelverschraubungen.\" \/>\n<meta name=\"robots\" content=\"index, follow, max-snippet:-1, max-image-preview:large, max-video-preview:-1\" \/>\n<link rel=\"canonical\" href=\"https:\/\/conexmetals.com\/de\/produkt\/a1a2-industrielle-messing-kabelverschraubungen\/\" \/>\n<script type=\"application\/ld+json\" class=\"yoast-schema-graph\">{\"@context\":\"https:\\\/\\\/schema.org\",\"@graph\":[{\"@type\":\"WebPage\",\"@id\":\"https:\\\/\\\/conexmetals.com\\\/de\\\/produkt\\\/a1a2-industrielle-messing-kabelverschraubungen\\\/\",\"url\":\"https:\\\/\\\/conexmetals.com\\\/de\\\/produkt\\\/a1a2-industrielle-messing-kabelverschraubungen\\\/\",\"name\":\"A1A2 Industrielle Messing-Kabelverschraubungen\",\"isPartOf\":{\"@id\":\"https:\\\/\\\/conexmetals.com\\\/de\\\/#website\"},\"primaryImageOfPage\":{\"@id\":\"https:\\\/\\\/conexmetals.com\\\/de\\\/produkt\\\/a1a2-industrielle-messing-kabelverschraubungen\\\/#primaryimage\"},\"image\":{\"@id\":\"https:\\\/\\\/conexmetals.com\\\/de\\\/produkt\\\/a1a2-industrielle-messing-kabelverschraubungen\\\/#primaryimage\"},\"thumbnailUrl\":\"https:\\\/\\\/conexmetals.com\\\/wp-content\\\/uploads\\\/2025\\\/01\\\/A1A2-Industrielle-Messing-Kabelverschraubungen.webp\",\"datePublished\":\"2023-08-18T07:24:51+00:00\",\"dateModified\":\"2025-01-21T12:36:00+00:00\",\"description\":\"Conex Metals liefert A1A2 Industrielle Kabelverschraubungen, einschlie\u00dflich Doppel-Kompressions-Kabelverschraubungen, 16mm Kabelverschraubungen und verschiedene Arten von elektrischen Kabelverschraubungen. Als vertrauensw\u00fcrdiger Hersteller, Exporteur und Lieferant in Indien liefert Conex Metals hochwertige A1 A2 Industrielle Kabelverschraubungen und Messing-Kabelverschraubungen.\",\"breadcrumb\":{\"@id\":\"https:\\\/\\\/conexmetals.com\\\/de\\\/produkt\\\/a1a2-industrielle-messing-kabelverschraubungen\\\/#breadcrumb\"},\"inLanguage\":\"de\",\"potentialAction\":[{\"@type\":\"ReadAction\",\"target\":[\"https:\\\/\\\/conexmetals.com\\\/de\\\/produkt\\\/a1a2-industrielle-messing-kabelverschraubungen\\\/\"]}]},{\"@type\":\"ImageObject\",\"inLanguage\":\"de\",\"@id\":\"https:\\\/\\\/conexmetals.com\\\/de\\\/produkt\\\/a1a2-industrielle-messing-kabelverschraubungen\\\/#primaryimage\",\"url\":\"https:\\\/\\\/conexmetals.com\\\/wp-content\\\/uploads\\\/2025\\\/01\\\/A1A2-Industrielle-Messing-Kabelverschraubungen.webp\",\"contentUrl\":\"https:\\\/\\\/conexmetals.com\\\/wp-content\\\/uploads\\\/2025\\\/01\\\/A1A2-Industrielle-Messing-Kabelverschraubungen.webp\",\"width\":350,\"height\":350,\"caption\":\"A1A2 Industrielle Messing-Kabelverschraubungen\"},{\"@type\":\"BreadcrumbList\",\"@id\":\"https:\\\/\\\/conexmetals.com\\\/de\\\/produkt\\\/a1a2-industrielle-messing-kabelverschraubungen\\\/#breadcrumb\",\"itemListElement\":[{\"@type\":\"ListItem\",\"position\":1,\"name\":\"Home\",\"item\":\"https:\\\/\\\/conexmetals.com\\\/de\\\/heim\\\/\"},{\"@type\":\"ListItem\",\"position\":2,\"name\":\"Products\",\"item\":\"https:\\\/\\\/conexmetals.com\\\/products\\\/\"},{\"@type\":\"ListItem\",\"position\":3,\"name\":\"A1A2 Industrielle Messing-Kabelverschraubungen\"}]},{\"@type\":\"WebSite\",\"@id\":\"https:\\\/\\\/conexmetals.com\\\/de\\\/#website\",\"url\":\"https:\\\/\\\/conexmetals.com\\\/de\\\/\",\"name\":\"Conex Metals Brass Fittings Brass Parts Copper Parts Brass Components Brass Plumbing Fittings India\",\"description\":\"Manufacturer of Bronze Fittings casting Copper Brass parts components\",\"publisher\":{\"@id\":\"https:\\\/\\\/conexmetals.com\\\/de\\\/#organization\"},\"potentialAction\":[{\"@type\":\"SearchAction\",\"target\":{\"@type\":\"EntryPoint\",\"urlTemplate\":\"https:\\\/\\\/conexmetals.com\\\/de\\\/?s={search_term_string}\"},\"query-input\":{\"@type\":\"PropertyValueSpecification\",\"valueRequired\":true,\"valueName\":\"search_term_string\"}}],\"inLanguage\":\"de\"},{\"@type\":\"Organization\",\"@id\":\"https:\\\/\\\/conexmetals.com\\\/de\\\/#organization\",\"name\":\"Conex Metals Brass Fittings Brass Parts Copper Parts Brass Components Brass Plumbing Fittings India\",\"url\":\"https:\\\/\\\/conexmetals.com\\\/de\\\/\",\"logo\":{\"@type\":\"ImageObject\",\"inLanguage\":\"de\",\"@id\":\"https:\\\/\\\/conexmetals.com\\\/de\\\/#\\\/schema\\\/logo\\\/image\\\/\",\"url\":\"https:\\\/\\\/conexmetals.com\\\/wp-content\\\/uploads\\\/2024\\\/03\\\/conex-metals-logo.webp\",\"contentUrl\":\"https:\\\/\\\/conexmetals.com\\\/wp-content\\\/uploads\\\/2024\\\/03\\\/conex-metals-logo.webp\",\"width\":300,\"height\":121,\"caption\":\"Conex Metals Brass Fittings Brass Parts Copper Parts Brass Components Brass Plumbing Fittings India\"},\"image\":{\"@id\":\"https:\\\/\\\/conexmetals.com\\\/de\\\/#\\\/schema\\\/logo\\\/image\\\/\"},\"sameAs\":[\"https:\\\/\\\/www.facebook.com\\\/conexbrass\",\"https:\\\/\\\/x.com\\\/conexindia\",\"https:\\\/\\\/www.linkedin.com\\\/company\\\/conex-metals-india\\\/\",\"https:\\\/\\\/www.instagram.com\\\/conexindia\\\/\"]}]}<\/script>\n<!-- \/ Yoast SEO plugin. -->","yoast_head_json":{"title":"A1A2 Industrielle Messing-Kabelverschraubungen","description":"Conex Metals liefert A1A2 Industrielle Kabelverschraubungen, einschlie\u00dflich Doppel-Kompressions-Kabelverschraubungen, 16mm Kabelverschraubungen und verschiedene Arten von elektrischen Kabelverschraubungen. Als vertrauensw\u00fcrdiger Hersteller, Exporteur und Lieferant in Indien liefert Conex Metals hochwertige A1 A2 Industrielle Kabelverschraubungen und Messing-Kabelverschraubungen.","robots":{"index":"index","follow":"follow","max-snippet":"max-snippet:-1","max-image-preview":"max-image-preview:large","max-video-preview":"max-video-preview:-1"},"canonical":"https:\/\/conexmetals.com\/de\/produkt\/a1a2-industrielle-messing-kabelverschraubungen\/","schema":{"@context":"https:\/\/schema.org","@graph":[{"@type":"WebPage","@id":"https:\/\/conexmetals.com\/de\/produkt\/a1a2-industrielle-messing-kabelverschraubungen\/","url":"https:\/\/conexmetals.com\/de\/produkt\/a1a2-industrielle-messing-kabelverschraubungen\/","name":"A1A2 Industrielle Messing-Kabelverschraubungen","isPartOf":{"@id":"https:\/\/conexmetals.com\/de\/#website"},"primaryImageOfPage":{"@id":"https:\/\/conexmetals.com\/de\/produkt\/a1a2-industrielle-messing-kabelverschraubungen\/#primaryimage"},"image":{"@id":"https:\/\/conexmetals.com\/de\/produkt\/a1a2-industrielle-messing-kabelverschraubungen\/#primaryimage"},"thumbnailUrl":"https:\/\/conexmetals.com\/wp-content\/uploads\/2025\/01\/A1A2-Industrielle-Messing-Kabelverschraubungen.webp","datePublished":"2023-08-18T07:24:51+00:00","dateModified":"2025-01-21T12:36:00+00:00","description":"Conex Metals liefert A1A2 Industrielle Kabelverschraubungen, einschlie\u00dflich Doppel-Kompressions-Kabelverschraubungen, 16mm Kabelverschraubungen und verschiedene Arten von elektrischen Kabelverschraubungen. Als vertrauensw\u00fcrdiger Hersteller, Exporteur und Lieferant in Indien liefert Conex Metals hochwertige A1 A2 Industrielle Kabelverschraubungen und Messing-Kabelverschraubungen.","breadcrumb":{"@id":"https:\/\/conexmetals.com\/de\/produkt\/a1a2-industrielle-messing-kabelverschraubungen\/#breadcrumb"},"inLanguage":"de","potentialAction":[{"@type":"ReadAction","target":["https:\/\/conexmetals.com\/de\/produkt\/a1a2-industrielle-messing-kabelverschraubungen\/"]}]},{"@type":"ImageObject","inLanguage":"de","@id":"https:\/\/conexmetals.com\/de\/produkt\/a1a2-industrielle-messing-kabelverschraubungen\/#primaryimage","url":"https:\/\/conexmetals.com\/wp-content\/uploads\/2025\/01\/A1A2-Industrielle-Messing-Kabelverschraubungen.webp","contentUrl":"https:\/\/conexmetals.com\/wp-content\/uploads\/2025\/01\/A1A2-Industrielle-Messing-Kabelverschraubungen.webp","width":350,"height":350,"caption":"A1A2 Industrielle Messing-Kabelverschraubungen"},{"@type":"BreadcrumbList","@id":"https:\/\/conexmetals.com\/de\/produkt\/a1a2-industrielle-messing-kabelverschraubungen\/#breadcrumb","itemListElement":[{"@type":"ListItem","position":1,"name":"Home","item":"https:\/\/conexmetals.com\/de\/heim\/"},{"@type":"ListItem","position":2,"name":"Products","item":"https:\/\/conexmetals.com\/products\/"},{"@type":"ListItem","position":3,"name":"A1A2 Industrielle Messing-Kabelverschraubungen"}]},{"@type":"WebSite","@id":"https:\/\/conexmetals.com\/de\/#website","url":"https:\/\/conexmetals.com\/de\/","name":"Conex Metals Brass Fittings Brass Parts Copper Parts Brass Components Brass Plumbing Fittings India","description":"Manufacturer of Bronze Fittings casting Copper Brass parts components","publisher":{"@id":"https:\/\/conexmetals.com\/de\/#organization"},"potentialAction":[{"@type":"SearchAction","target":{"@type":"EntryPoint","urlTemplate":"https:\/\/conexmetals.com\/de\/?s={search_term_string}"},"query-input":{"@type":"PropertyValueSpecification","valueRequired":true,"valueName":"search_term_string"}}],"inLanguage":"de"},{"@type":"Organization","@id":"https:\/\/conexmetals.com\/de\/#organization","name":"Conex Metals Brass Fittings Brass Parts Copper Parts Brass Components Brass Plumbing Fittings India","url":"https:\/\/conexmetals.com\/de\/","logo":{"@type":"ImageObject","inLanguage":"de","@id":"https:\/\/conexmetals.com\/de\/#\/schema\/logo\/image\/","url":"https:\/\/conexmetals.com\/wp-content\/uploads\/2024\/03\/conex-metals-logo.webp","contentUrl":"https:\/\/conexmetals.com\/wp-content\/uploads\/2024\/03\/conex-metals-logo.webp","width":300,"height":121,"caption":"Conex Metals Brass Fittings Brass Parts Copper Parts Brass Components Brass Plumbing Fittings India"},"image":{"@id":"https:\/\/conexmetals.com\/de\/#\/schema\/logo\/image\/"},"sameAs":["https:\/\/www.facebook.com\/conexbrass","https:\/\/x.com\/conexindia","https:\/\/www.linkedin.com\/company\/conex-metals-india\/","https:\/\/www.instagram.com\/conexindia\/"]}]}},"_links":{"self":[{"href":"https:\/\/conexmetals.com\/de\/wp-json\/wp\/v2\/product\/13406","targetHints":{"allow":["GET"]}}],"collection":[{"href":"https:\/\/conexmetals.com\/de\/wp-json\/wp\/v2\/product"}],"about":[{"href":"https:\/\/conexmetals.com\/de\/wp-json\/wp\/v2\/types\/product"}],"wp:featuredmedia":[{"embeddable":true,"href":"https:\/\/conexmetals.com\/de\/wp-json\/wp\/v2\/media\/13198"}],"wp:attachment":[{"href":"https:\/\/conexmetals.com\/de\/wp-json\/wp\/v2\/media?parent=13406"}],"wp:term":[{"taxonomy":"product_brand","embeddable":true,"href":"https:\/\/conexmetals.com\/de\/wp-json\/wp\/v2\/product_brand?post=13406"},{"taxonomy":"product_cat","embeddable":true,"href":"https:\/\/conexmetals.com\/de\/wp-json\/wp\/v2\/product_cat?post=13406"},{"taxonomy":"product_tag","embeddable":true,"href":"https:\/\/conexmetals.com\/de\/wp-json\/wp\/v2\/product_tag?post=13406"}],"curies":[{"name":"wp","href":"https:\/\/api.w.org\/{rel}","templated":true}]}}