{"id":13412,"date":"2023-08-18T12:53:51","date_gmt":"2023-08-18T07:23:51","guid":{"rendered":"https:\/\/conexmetals.com\/?post_type=product&#038;p=13412"},"modified":"2025-01-21T18:21:30","modified_gmt":"2025-01-21T12:51:30","slug":"alco-typ-messing-kabelverschraubungen","status":"publish","type":"product","link":"https:\/\/conexmetals.com\/de\/produkt\/alco-typ-messing-kabelverschraubungen\/","title":{"rendered":"ALCO-Typ Messing-Kabelverschraubungen"},"content":{"rendered":"","protected":false},"excerpt":{"rendered":"<p><strong><b><img decoding=\"async\" class=\"size-medium wp-image-13012 lazy loaded alignleft\" src=\"https:\/\/conexmetals.com\/wp-content\/uploads\/2023\/08\/Alco-Type-Cable-Glands-line-drawing-300x164.png\" alt=\"Strichzeichnung Kabelverschraubungen Typ Alco\" width=\"300\" height=\"164\" data-src=\"https:\/\/conexmetals.com\/wp-content\/uploads\/2023\/08\/Alco-Type-Cable-Glands-line-drawing-300x164.png\" data-was-processed=\"true\" srcset=\"https:\/\/conexmetals.com\/wp-content\/uploads\/2023\/08\/Alco-Type-Cable-Glands-line-drawing-300x164.png 300w, https:\/\/conexmetals.com\/wp-content\/uploads\/2023\/08\/Alco-Type-Cable-Glands-line-drawing.png 598w\" sizes=\"(max-width: 300px) 100vw, 300px\" \/>Standard\u00a0: Entspricht BS 6121.<br \/>\n<\/b><\/strong>Schutzart (IP)\u00a0: IP30, geeignet f\u00fcr trockene Umgebungen.<br \/>\nMaterial\u00a0: Hochwertiges Messing (BS 2874 CZ121 Pb3).<br \/>\nOberfl\u00e4chenoptionen\u00a0: Erh\u00e4ltlich in Naturmessing oder vernickelt.<br \/>\nAnwendung\u00a0: Konzipiert f\u00fcr den Einsatz in trockenen Innenr\u00e4umen mit allen Arten von SWA-Kabeln.<br \/>\nBetriebstemperatur\u00a0: H\u00e4lt Temperaturen von -80 \u00b0C bis +600 \u00b0C stand.<br \/>\nFunktion\u00a0: Gew\u00e4hrleistet eine sichere mechanische Kabelhalterung und h\u00e4lt die elektrische Kontinuit\u00e4t durch die gepanzerten Dr\u00e4hte aufrecht.<\/p>\n","protected":false},"featured_media":13208,"template":"","meta":[],"product_brand":[],"product_cat":[364],"product_tag":[],"class_list":{"0":"post-13412","1":"product","2":"type-product","3":"status-publish","4":"has-post-thumbnail","6":"product_cat-kabelverschraubungen","8":"first","9":"instock","10":"shipping-taxable","11":"product-type-simple"},"yoast_head":"<!-- This site is optimized with the Yoast SEO plugin v27.3 - https:\/\/yoast.com\/product\/yoast-seo-wordpress\/ -->\n<title>ALCO-Typ Messing-Kabelverschraubungen<\/title>\n<meta name=\"description\" content=\"Conex Metals ist spezialisiert auf ALCO-Typ Messing-Kabelverschraubungen und bietet ein robustes Sortiment f\u00fcr Innenanwendungen. Unsere Messing-Verschraubungen aus Jamnagar, Indien, erf\u00fcllen vielf\u00e4ltige Anforderungen mit Optionen wie SWA-, XLPE- und metrischen Kabelverschraubungen, die von Herstellern, Lieferanten und Exporteuren weltweit gesch\u00e4tzt werden\" \/>\n<meta name=\"robots\" content=\"index, follow, max-snippet:-1, max-image-preview:large, max-video-preview:-1\" \/>\n<link rel=\"canonical\" href=\"https:\/\/conexmetals.com\/de\/produkt\/alco-typ-messing-kabelverschraubungen\/\" \/>\n<script type=\"application\/ld+json\" class=\"yoast-schema-graph\">{\"@context\":\"https:\\\/\\\/schema.org\",\"@graph\":[{\"@type\":\"WebPage\",\"@id\":\"https:\\\/\\\/conexmetals.com\\\/de\\\/produkt\\\/alco-typ-messing-kabelverschraubungen\\\/\",\"url\":\"https:\\\/\\\/conexmetals.com\\\/de\\\/produkt\\\/alco-typ-messing-kabelverschraubungen\\\/\",\"name\":\"ALCO-Typ Messing-Kabelverschraubungen\",\"isPartOf\":{\"@id\":\"https:\\\/\\\/conexmetals.com\\\/de\\\/#website\"},\"primaryImageOfPage\":{\"@id\":\"https:\\\/\\\/conexmetals.com\\\/de\\\/produkt\\\/alco-typ-messing-kabelverschraubungen\\\/#primaryimage\"},\"image\":{\"@id\":\"https:\\\/\\\/conexmetals.com\\\/de\\\/produkt\\\/alco-typ-messing-kabelverschraubungen\\\/#primaryimage\"},\"thumbnailUrl\":\"https:\\\/\\\/conexmetals.com\\\/wp-content\\\/uploads\\\/2025\\\/01\\\/ALCO-Typ-Messing-Kabelverschraubunge.webp\",\"datePublished\":\"2023-08-18T07:23:51+00:00\",\"dateModified\":\"2025-01-21T12:51:30+00:00\",\"description\":\"Conex Metals ist spezialisiert auf ALCO-Typ Messing-Kabelverschraubungen und bietet ein robustes Sortiment f\u00fcr Innenanwendungen. Unsere Messing-Verschraubungen aus Jamnagar, Indien, erf\u00fcllen vielf\u00e4ltige Anforderungen mit Optionen wie SWA-, XLPE- und metrischen Kabelverschraubungen, die von Herstellern, Lieferanten und Exporteuren weltweit gesch\u00e4tzt werden\",\"breadcrumb\":{\"@id\":\"https:\\\/\\\/conexmetals.com\\\/de\\\/produkt\\\/alco-typ-messing-kabelverschraubungen\\\/#breadcrumb\"},\"inLanguage\":\"de\",\"potentialAction\":[{\"@type\":\"ReadAction\",\"target\":[\"https:\\\/\\\/conexmetals.com\\\/de\\\/produkt\\\/alco-typ-messing-kabelverschraubungen\\\/\"]}]},{\"@type\":\"ImageObject\",\"inLanguage\":\"de\",\"@id\":\"https:\\\/\\\/conexmetals.com\\\/de\\\/produkt\\\/alco-typ-messing-kabelverschraubungen\\\/#primaryimage\",\"url\":\"https:\\\/\\\/conexmetals.com\\\/wp-content\\\/uploads\\\/2025\\\/01\\\/ALCO-Typ-Messing-Kabelverschraubunge.webp\",\"contentUrl\":\"https:\\\/\\\/conexmetals.com\\\/wp-content\\\/uploads\\\/2025\\\/01\\\/ALCO-Typ-Messing-Kabelverschraubunge.webp\",\"width\":300,\"height\":300,\"caption\":\"ALCO-Typ Messing-Kabelverschraubunge\"},{\"@type\":\"BreadcrumbList\",\"@id\":\"https:\\\/\\\/conexmetals.com\\\/de\\\/produkt\\\/alco-typ-messing-kabelverschraubungen\\\/#breadcrumb\",\"itemListElement\":[{\"@type\":\"ListItem\",\"position\":1,\"name\":\"Home\",\"item\":\"https:\\\/\\\/conexmetals.com\\\/de\\\/heim\\\/\"},{\"@type\":\"ListItem\",\"position\":2,\"name\":\"Products\",\"item\":\"https:\\\/\\\/conexmetals.com\\\/products\\\/\"},{\"@type\":\"ListItem\",\"position\":3,\"name\":\"ALCO-Typ Messing-Kabelverschraubungen\"}]},{\"@type\":\"WebSite\",\"@id\":\"https:\\\/\\\/conexmetals.com\\\/de\\\/#website\",\"url\":\"https:\\\/\\\/conexmetals.com\\\/de\\\/\",\"name\":\"Conex Metals Brass Fittings Brass Parts Copper Parts Brass Components Brass Plumbing Fittings India\",\"description\":\"Manufacturer of Bronze Fittings casting Copper Brass parts components\",\"publisher\":{\"@id\":\"https:\\\/\\\/conexmetals.com\\\/de\\\/#organization\"},\"potentialAction\":[{\"@type\":\"SearchAction\",\"target\":{\"@type\":\"EntryPoint\",\"urlTemplate\":\"https:\\\/\\\/conexmetals.com\\\/de\\\/?s={search_term_string}\"},\"query-input\":{\"@type\":\"PropertyValueSpecification\",\"valueRequired\":true,\"valueName\":\"search_term_string\"}}],\"inLanguage\":\"de\"},{\"@type\":\"Organization\",\"@id\":\"https:\\\/\\\/conexmetals.com\\\/de\\\/#organization\",\"name\":\"Conex Metals Brass Fittings Brass Parts Copper Parts Brass Components Brass Plumbing Fittings India\",\"url\":\"https:\\\/\\\/conexmetals.com\\\/de\\\/\",\"logo\":{\"@type\":\"ImageObject\",\"inLanguage\":\"de\",\"@id\":\"https:\\\/\\\/conexmetals.com\\\/de\\\/#\\\/schema\\\/logo\\\/image\\\/\",\"url\":\"https:\\\/\\\/conexmetals.com\\\/wp-content\\\/uploads\\\/2024\\\/03\\\/conex-metals-logo.webp\",\"contentUrl\":\"https:\\\/\\\/conexmetals.com\\\/wp-content\\\/uploads\\\/2024\\\/03\\\/conex-metals-logo.webp\",\"width\":300,\"height\":121,\"caption\":\"Conex Metals Brass Fittings Brass Parts Copper Parts Brass Components Brass Plumbing Fittings India\"},\"image\":{\"@id\":\"https:\\\/\\\/conexmetals.com\\\/de\\\/#\\\/schema\\\/logo\\\/image\\\/\"},\"sameAs\":[\"https:\\\/\\\/www.facebook.com\\\/conexbrass\",\"https:\\\/\\\/x.com\\\/conexindia\",\"https:\\\/\\\/www.linkedin.com\\\/company\\\/conex-metals-india\\\/\",\"https:\\\/\\\/www.instagram.com\\\/conexindia\\\/\"]}]}<\/script>\n<!-- \/ Yoast SEO plugin. -->","yoast_head_json":{"title":"ALCO-Typ Messing-Kabelverschraubungen","description":"Conex Metals ist spezialisiert auf ALCO-Typ Messing-Kabelverschraubungen und bietet ein robustes Sortiment f\u00fcr Innenanwendungen. Unsere Messing-Verschraubungen aus Jamnagar, Indien, erf\u00fcllen vielf\u00e4ltige Anforderungen mit Optionen wie SWA-, XLPE- und metrischen Kabelverschraubungen, die von Herstellern, Lieferanten und Exporteuren weltweit gesch\u00e4tzt werden","robots":{"index":"index","follow":"follow","max-snippet":"max-snippet:-1","max-image-preview":"max-image-preview:large","max-video-preview":"max-video-preview:-1"},"canonical":"https:\/\/conexmetals.com\/de\/produkt\/alco-typ-messing-kabelverschraubungen\/","schema":{"@context":"https:\/\/schema.org","@graph":[{"@type":"WebPage","@id":"https:\/\/conexmetals.com\/de\/produkt\/alco-typ-messing-kabelverschraubungen\/","url":"https:\/\/conexmetals.com\/de\/produkt\/alco-typ-messing-kabelverschraubungen\/","name":"ALCO-Typ Messing-Kabelverschraubungen","isPartOf":{"@id":"https:\/\/conexmetals.com\/de\/#website"},"primaryImageOfPage":{"@id":"https:\/\/conexmetals.com\/de\/produkt\/alco-typ-messing-kabelverschraubungen\/#primaryimage"},"image":{"@id":"https:\/\/conexmetals.com\/de\/produkt\/alco-typ-messing-kabelverschraubungen\/#primaryimage"},"thumbnailUrl":"https:\/\/conexmetals.com\/wp-content\/uploads\/2025\/01\/ALCO-Typ-Messing-Kabelverschraubunge.webp","datePublished":"2023-08-18T07:23:51+00:00","dateModified":"2025-01-21T12:51:30+00:00","description":"Conex Metals ist spezialisiert auf ALCO-Typ Messing-Kabelverschraubungen und bietet ein robustes Sortiment f\u00fcr Innenanwendungen. Unsere Messing-Verschraubungen aus Jamnagar, Indien, erf\u00fcllen vielf\u00e4ltige Anforderungen mit Optionen wie SWA-, XLPE- und metrischen Kabelverschraubungen, die von Herstellern, Lieferanten und Exporteuren weltweit gesch\u00e4tzt werden","breadcrumb":{"@id":"https:\/\/conexmetals.com\/de\/produkt\/alco-typ-messing-kabelverschraubungen\/#breadcrumb"},"inLanguage":"de","potentialAction":[{"@type":"ReadAction","target":["https:\/\/conexmetals.com\/de\/produkt\/alco-typ-messing-kabelverschraubungen\/"]}]},{"@type":"ImageObject","inLanguage":"de","@id":"https:\/\/conexmetals.com\/de\/produkt\/alco-typ-messing-kabelverschraubungen\/#primaryimage","url":"https:\/\/conexmetals.com\/wp-content\/uploads\/2025\/01\/ALCO-Typ-Messing-Kabelverschraubunge.webp","contentUrl":"https:\/\/conexmetals.com\/wp-content\/uploads\/2025\/01\/ALCO-Typ-Messing-Kabelverschraubunge.webp","width":300,"height":300,"caption":"ALCO-Typ Messing-Kabelverschraubunge"},{"@type":"BreadcrumbList","@id":"https:\/\/conexmetals.com\/de\/produkt\/alco-typ-messing-kabelverschraubungen\/#breadcrumb","itemListElement":[{"@type":"ListItem","position":1,"name":"Home","item":"https:\/\/conexmetals.com\/de\/heim\/"},{"@type":"ListItem","position":2,"name":"Products","item":"https:\/\/conexmetals.com\/products\/"},{"@type":"ListItem","position":3,"name":"ALCO-Typ Messing-Kabelverschraubungen"}]},{"@type":"WebSite","@id":"https:\/\/conexmetals.com\/de\/#website","url":"https:\/\/conexmetals.com\/de\/","name":"Conex Metals Brass Fittings Brass Parts Copper Parts Brass Components Brass Plumbing Fittings India","description":"Manufacturer of Bronze Fittings casting Copper Brass parts components","publisher":{"@id":"https:\/\/conexmetals.com\/de\/#organization"},"potentialAction":[{"@type":"SearchAction","target":{"@type":"EntryPoint","urlTemplate":"https:\/\/conexmetals.com\/de\/?s={search_term_string}"},"query-input":{"@type":"PropertyValueSpecification","valueRequired":true,"valueName":"search_term_string"}}],"inLanguage":"de"},{"@type":"Organization","@id":"https:\/\/conexmetals.com\/de\/#organization","name":"Conex Metals Brass Fittings Brass Parts Copper Parts Brass Components Brass Plumbing Fittings India","url":"https:\/\/conexmetals.com\/de\/","logo":{"@type":"ImageObject","inLanguage":"de","@id":"https:\/\/conexmetals.com\/de\/#\/schema\/logo\/image\/","url":"https:\/\/conexmetals.com\/wp-content\/uploads\/2024\/03\/conex-metals-logo.webp","contentUrl":"https:\/\/conexmetals.com\/wp-content\/uploads\/2024\/03\/conex-metals-logo.webp","width":300,"height":121,"caption":"Conex Metals Brass Fittings Brass Parts Copper Parts Brass Components Brass Plumbing Fittings India"},"image":{"@id":"https:\/\/conexmetals.com\/de\/#\/schema\/logo\/image\/"},"sameAs":["https:\/\/www.facebook.com\/conexbrass","https:\/\/x.com\/conexindia","https:\/\/www.linkedin.com\/company\/conex-metals-india\/","https:\/\/www.instagram.com\/conexindia\/"]}]}},"_links":{"self":[{"href":"https:\/\/conexmetals.com\/de\/wp-json\/wp\/v2\/product\/13412","targetHints":{"allow":["GET"]}}],"collection":[{"href":"https:\/\/conexmetals.com\/de\/wp-json\/wp\/v2\/product"}],"about":[{"href":"https:\/\/conexmetals.com\/de\/wp-json\/wp\/v2\/types\/product"}],"wp:featuredmedia":[{"embeddable":true,"href":"https:\/\/conexmetals.com\/de\/wp-json\/wp\/v2\/media\/13208"}],"wp:attachment":[{"href":"https:\/\/conexmetals.com\/de\/wp-json\/wp\/v2\/media?parent=13412"}],"wp:term":[{"taxonomy":"product_brand","embeddable":true,"href":"https:\/\/conexmetals.com\/de\/wp-json\/wp\/v2\/product_brand?post=13412"},{"taxonomy":"product_cat","embeddable":true,"href":"https:\/\/conexmetals.com\/de\/wp-json\/wp\/v2\/product_cat?post=13412"},{"taxonomy":"product_tag","embeddable":true,"href":"https:\/\/conexmetals.com\/de\/wp-json\/wp\/v2\/product_tag?post=13412"}],"curies":[{"name":"wp","href":"https:\/\/api.w.org\/{rel}","templated":true}]}}