{"id":13416,"date":"2023-08-18T12:52:39","date_gmt":"2023-08-18T07:22:39","guid":{"rendered":"https:\/\/conexmetals.com\/?post_type=product&#038;p=13416"},"modified":"2025-01-21T18:23:49","modified_gmt":"2025-01-21T12:53:49","slug":"bw-3-teilige-messing-kabelverschraubungen","status":"publish","type":"product","link":"https:\/\/conexmetals.com\/de\/produkt\/bw-3-teilige-messing-kabelverschraubungen\/","title":{"rendered":"BW 3-teilige Messing-Kabelverschraubungen"},"content":{"rendered":"","protected":false},"excerpt":{"rendered":"<p><img fetchpriority=\"high\" decoding=\"async\" class=\"alignnone wp-image-13020 size-full\" src=\"https:\/\/conexmetals.com\/wp-content\/uploads\/2023\/08\/BW2-Parts-Cable-Glands.webp\" alt=\"BW2-Parts-Cable-Glands\" width=\"704\" height=\"350\" srcset=\"https:\/\/conexmetals.com\/wp-content\/uploads\/2023\/08\/BW2-Parts-Cable-Glands.webp 704w, https:\/\/conexmetals.com\/wp-content\/uploads\/2023\/08\/BW2-Parts-Cable-Glands-300x149.webp 300w, https:\/\/conexmetals.com\/wp-content\/uploads\/2023\/08\/BW2-Parts-Cable-Glands-700x348.webp 700w\" sizes=\"(max-width: 704px) 100vw, 704px\" \/><\/p>\n<table id=\"tablepress-411\" class=\"tablepress tablepress-id-411\">\n<thead>\n<tr class=\"row-1 odd\">\n<th class=\"column-1\" colspan=\"7\"><strong>Technisches Datenblatt<\/strong><\/th>\n<\/tr>\n<\/thead>\n<tbody class=\"row-hover\">\n<tr class=\"row-2 even\">\n<td class=\"column-1\"><strong>Gr\u00f6\u00dfe<\/strong><\/td>\n<td class=\"column-2\"><strong>Faden<\/strong><\/td>\n<td class=\"column-3\"><strong>L\u00e4nge<\/strong><\/td>\n<td class=\"column-4\"><strong>A<\/strong><\/td>\n<td class=\"column-5\"><strong>B<\/strong><\/td>\n<td class=\"column-6\"><strong>A\/F<\/strong><\/td>\n<td class=\"column-7\"><strong>Klimaanlage<\/strong><\/td>\n<\/tr>\n<tr class=\"row-3 odd\">\n<td class=\"column-1\">20er Jahre<\/td>\n<td class=\"column-2\">M20<\/td>\n<td class=\"column-3\">10<\/td>\n<td class=\"column-4\">13<\/td>\n<td class=\"column-5\">18<\/td>\n<td class=\"column-6\">23,5<\/td>\n<td class=\"column-7\">26<\/td>\n<\/tr>\n<tr class=\"row-4 even\">\n<td class=\"column-1\">20 Liter<\/td>\n<td class=\"column-2\">M20<\/td>\n<td class=\"column-3\">10<\/td>\n<td class=\"column-4\">14<\/td>\n<td class=\"column-5\">21<\/td>\n<td class=\"column-6\">25<\/td>\n<td class=\"column-7\">28<\/td>\n<\/tr>\n<tr class=\"row-5 odd\">\n<td class=\"column-1\">25 Sekunden<\/td>\n<td class=\"column-2\">M25<\/td>\n<td class=\"column-3\">10<\/td>\n<td class=\"column-4\">18<\/td>\n<td class=\"column-5\">24<\/td>\n<td class=\"column-6\">31<\/td>\n<td class=\"column-7\">35,5<\/td>\n<\/tr>\n<tr class=\"row-6 even\">\n<td class=\"column-1\">25 Liter<\/td>\n<td class=\"column-2\">M25<\/td>\n<td class=\"column-3\">10<\/td>\n<td class=\"column-4\">20,5<\/td>\n<td class=\"column-5\">27<\/td>\n<td class=\"column-6\">33<\/td>\n<td class=\"column-7\">37<\/td>\n<\/tr>\n<tr class=\"row-7 odd\">\n<td class=\"column-1\">32S<\/td>\n<td class=\"column-2\">M32<\/td>\n<td class=\"column-3\">10<\/td>\n<td class=\"column-4\">27<\/td>\n<td class=\"column-5\">33,5<\/td>\n<td class=\"column-6\">40,5<\/td>\n<td class=\"column-7\">45,5<\/td>\n<\/tr>\n<tr class=\"row-8 even\">\n<td class=\"column-1\">32 Liter<\/td>\n<td class=\"column-2\">M32<\/td>\n<td class=\"column-3\">10<\/td>\n<td class=\"column-4\">27<\/td>\n<td class=\"column-5\">33,5<\/td>\n<td class=\"column-6\">40,5<\/td>\n<td class=\"column-7\">45,5<\/td>\n<\/tr>\n<tr class=\"row-9 odd\">\n<td class=\"column-1\">40er Jahre<\/td>\n<td class=\"column-2\">M40<\/td>\n<td class=\"column-3\">13<\/td>\n<td class=\"column-4\">31,5<\/td>\n<td class=\"column-5\">39,5<\/td>\n<td class=\"column-6\">45,5<\/td>\n<td class=\"column-7\">50,5<\/td>\n<\/tr>\n<tr class=\"row-10 even\">\n<td class=\"column-1\">40 Liter<\/td>\n<td class=\"column-2\">M40<\/td>\n<td class=\"column-3\">13<\/td>\n<td class=\"column-4\">33<\/td>\n<td class=\"column-5\">41,5<\/td>\n<td class=\"column-6\">49<\/td>\n<td class=\"column-7\">55<\/td>\n<\/tr>\n<tr class=\"row-11 odd\">\n<td class=\"column-1\">50er Jahre<\/td>\n<td class=\"column-2\">M50<\/td>\n<td class=\"column-3\">13<\/td>\n<td class=\"column-4\">39,5<\/td>\n<td class=\"column-5\">48,5<\/td>\n<td class=\"column-6\">56,5<\/td>\n<td class=\"column-7\">63,5<\/td>\n<\/tr>\n<tr class=\"row-12 even\">\n<td class=\"column-1\">50 Liter<\/td>\n<td class=\"column-2\">M50<\/td>\n<td class=\"column-3\">13<\/td>\n<td class=\"column-4\">44,5<\/td>\n<td class=\"column-5\">54,5<\/td>\n<td class=\"column-6\">62,5<\/td>\n<td class=\"column-7\">70,5<\/td>\n<\/tr>\n<tr class=\"row-13 odd\">\n<td class=\"column-1\">63S<\/td>\n<td class=\"column-2\">M63<\/td>\n<td class=\"column-3\">14<\/td>\n<td class=\"column-4\">50,2<\/td>\n<td class=\"column-5\">59,2<\/td>\n<td class=\"column-6\">68,8<\/td>\n<td class=\"column-7\">77<\/td>\n<\/tr>\n<tr class=\"row-14 even\">\n<td class=\"column-1\">63 Liter<\/td>\n<td class=\"column-2\">M63<\/td>\n<td class=\"column-3\">13.5<\/td>\n<td class=\"column-4\">56,5<\/td>\n<td class=\"column-5\">65,5<\/td>\n<td class=\"column-6\">76<\/td>\n<td class=\"column-7\">86<\/td>\n<\/tr>\n<tr class=\"row-15 odd\">\n<td class=\"column-1\">75S<\/td>\n<td class=\"column-2\">M75<\/td>\n<td class=\"column-3\">15<\/td>\n<td class=\"column-4\">63,5<\/td>\n<td class=\"column-5\">72<\/td>\n<td class=\"column-6\">84<\/td>\n<td class=\"column-7\">94,5<\/td>\n<\/tr>\n<tr class=\"row-16 even\">\n<td class=\"column-1\">75 Liter<\/td>\n<td class=\"column-2\">M75<\/td>\n<td class=\"column-3\">15<\/td>\n<td class=\"column-4\">69,5<\/td>\n<td class=\"column-5\">78,5<\/td>\n<td class=\"column-6\">90<\/td>\n<td class=\"column-7\">101<\/td>\n<\/tr>\n<tr class=\"row-17 odd\">\n<td class=\"column-1\">90er Jahre<\/td>\n<td class=\"column-2\">M90<\/td>\n<td class=\"column-3\">20<\/td>\n<td class=\"column-4\">76<\/td>\n<td class=\"column-5\">85<\/td>\n<td class=\"column-6\">100<\/td>\n<td class=\"column-7\">111.2<\/td>\n<\/tr>\n<tr class=\"row-18 even\">\n<td class=\"column-1\">90 Liter<\/td>\n<td class=\"column-2\">M90<\/td>\n<td class=\"column-3\">18<\/td>\n<td class=\"column-4\">78,4<\/td>\n<td class=\"column-5\">90,5<\/td>\n<td class=\"column-6\">103<\/td>\n<td class=\"column-7\">115<\/td>\n<\/tr>\n<\/tbody>\n<\/table>\n<p><img decoding=\"async\" class=\"size-full wp-image-13024 alignright lazy loaded\" src=\"https:\/\/conexmetals.com\/wp-content\/uploads\/2023\/08\/bw3-cable-gland-diagram.jpg\" alt=\"bw3-kabelverschraubungsdiagramm\" width=\"115\" height=\"200\" data-src=\"https:\/\/conexmetals.com\/wp-content\/uploads\/2023\/08\/bw3-cable-gland-diagram.jpg\" data-was-processed=\"true\" \/>BW 3-teilige Kabelverschraubungen sind ein spezieller Kabelverschraubungstyp, der h\u00e4ufig in industriellen und kommerziellen Anwendungen verwendet wird, um Kabeleinf\u00fchrungspunkte in Geh\u00e4use, Anschlussk\u00e4sten und Ger\u00e4te bereitzustellen. Die Bezeichnung \u201eBW\u201c weist auf einen bestimmten Typ oder Standard einer Kabelverschraubung hin, und \u201e3-teilig\u201c bezieht sich auf ihre Konstruktion, die aus drei Hauptkomponenten besteht. Diese Kabelverschraubungen sind so konzipiert, dass sie eine zuverl\u00e4ssige Kabelabdichtung und Zugentlastung in Umgebungen bieten, in denen Staub, Feuchtigkeit und andere Verunreinigungen vorhanden sein k\u00f6nnen.<\/p>\n<p>Hier sind einige wichtige Punkte zu BW 3-teiligen Kabelverschraubungen:<\/p>\n<p><strong><b>Funktion:<\/b><\/strong>\u00a0\u00a0BW 3-teilige Kabelverschraubungen erf\u00fcllen mehrere Funktionen:<\/p>\n<ol>\n<li><b><\/b><strong><b>Kabeleinf\u00fchrung:<\/b><\/strong>\u00a0Sie bieten einen sicheren Eintrittspunkt f\u00fcr Kabel in Geh\u00e4use oder Ger\u00e4te und wirken gleichzeitig dicht, um das Eindringen von Staub, Feuchtigkeit und anderen Verunreinigungen zu verhindern.<\/li>\n<li><b><\/b><strong><b>Zugentlastung:<\/b><\/strong>\u00a0Kabelverschraubungen bieten mechanische Unterst\u00fctzung, um \u00fcberm\u00e4\u00dfiges Biegen oder Zug auf dem Kabel an der Stelle zu verhindern, an der es in das Geh\u00e4use eintritt. Dies tr\u00e4gt zum Schutz des Kabels und zur Wahrung seiner Integrit\u00e4t bei.<\/li>\n<\/ol>\n<p><strong><b>Aufbau:<\/b><\/strong>\u00a0\u00a0Der Aspekt \u201e3-teilig\u201c bei BW 3-teiligen Kabelverschraubungen bezieht sich auf deren Aufbau, der typischerweise aus den folgenden Komponenten besteht:<\/p>\n<ol>\n<li><b><\/b><strong><b>Stopfbuchsenk\u00f6rper:<\/b><\/strong>\u00a0Der Hauptk\u00f6rper der Stopfbuchse, der mit einem Gewinde versehen ist und das Kabel beherbergt.<\/li>\n<li><b><\/b><strong><b>Kontermutter:<\/b><\/strong>\u00a0Eine Gewindemutter, die den Stopfbuchsenk\u00f6rper am Geh\u00e4use oder Ger\u00e4t befestigt und so einen dichten Sitz gew\u00e4hrleistet.<\/li>\n<li><b><\/b><strong><b>Dichteinsatz:<\/b><\/strong>\u00a0Dieses Bauteil sorgt f\u00fcr die Abdichtung zwischen Kabel und Verschraubungsk\u00f6rper. Es verhindert das Eindringen von Feuchtigkeit, Staub und anderen Verunreinigungen.<\/li>\n<\/ol>\n<p><strong><b>Merkmale:<\/b><\/strong>\u00a0\u00a0BW 3-teilige Kabelverschraubungen verf\u00fcgen h\u00e4ufig \u00fcber folgende Merkmale:<\/p>\n<ol>\n<li><b><\/b><strong><b>Gewindedesign:<\/b><\/strong>\u00a0Das Gewindedesign erm\u00f6glicht eine einfache Installation durch Einschrauben der Stopfbuchse in das Geh\u00e4use oder Ger\u00e4t.<\/li>\n<li><b><\/b><strong><b>Dichtungsringe:<\/b><\/strong>\u00a0Dichtungseins\u00e4tze bestehen typischerweise aus elastischen Materialien wie Gummi oder Silikon, die eine wasserdichte Abdichtung um das Kabel bilden.<\/li>\n<li><b><\/b><strong><b>Gro\u00dfe Auswahl an Kabelgr\u00f6\u00dfen:<\/b><\/strong>\u00a0Diese Kabelverschraubungen k\u00f6nnen eine Reihe von Kabeldurchmessern aufnehmen und sind daher vielseitig f\u00fcr unterschiedliche Kabelgr\u00f6\u00dfen einsetzbar.<\/li>\n<li><b><\/b><strong><b>Wetterbest\u00e4ndigkeit:<\/b><\/strong>\u00a0BW-Kabelverschraubungen sind h\u00e4ufig wetterfest und k\u00f6nnen daher im Au\u00dfenbereich und in exponierten Umgebungen verwendet werden.<\/li>\n<\/ol>\n<p><strong><b>Anwendungen:<\/b><\/strong>\u00a0\u00a0BW 3-teilige Kabelverschraubungen werden h\u00e4ufig in verschiedenen Branchen eingesetzt, darunter Fertigung, Prozessindustrie, Bauwesen und mehr. Sie eignen sich f\u00fcr Anwendungen, bei denen eine zuverl\u00e4ssige Kabelabdichtung und ein zuverl\u00e4ssiger Kabelschutz erforderlich sind.<\/p>\n","protected":false},"featured_media":13223,"template":"","meta":[],"product_brand":[],"product_cat":[364],"product_tag":[],"class_list":{"0":"post-13416","1":"product","2":"type-product","3":"status-publish","4":"has-post-thumbnail","6":"product_cat-kabelverschraubungen","8":"first","9":"instock","10":"shipping-taxable","11":"product-type-simple"},"yoast_head":"<!-- This site is optimized with the Yoast SEO plugin v27.3 - https:\/\/yoast.com\/product\/yoast-seo-wordpress\/ -->\n<title>BW 3-teilige Messing-Kabelverschraubungen<\/title>\n<meta name=\"description\" content=\"Entdecken Sie die BW 3-teiligen Messing-Kabelverschraubungen von Conex Metals, den Inbegriff von Pr\u00e4zision und Qualit\u00e4t. Unsere Messing-BW-Kabelverschraubungen und Messing-Kabelverschraubungen sind f\u00fcr optimale Leistung ausgelegt. Als renommierter Hersteller in Jamnagar, Indien, bieten wir eine Vielzahl von Gr\u00f6\u00dfen an, darunter 20 mm, 25 mm und 32 mm, und erf\u00fcllen damit die Anforderungen von Lieferanten und Exporteuren.\" \/>\n<meta name=\"robots\" content=\"index, follow, max-snippet:-1, max-image-preview:large, max-video-preview:-1\" \/>\n<link rel=\"canonical\" href=\"https:\/\/conexmetals.com\/de\/produkt\/bw-3-teilige-messing-kabelverschraubungen\/\" \/>\n<script type=\"application\/ld+json\" class=\"yoast-schema-graph\">{\"@context\":\"https:\\\/\\\/schema.org\",\"@graph\":[{\"@type\":\"WebPage\",\"@id\":\"https:\\\/\\\/conexmetals.com\\\/de\\\/produkt\\\/bw-3-teilige-messing-kabelverschraubungen\\\/\",\"url\":\"https:\\\/\\\/conexmetals.com\\\/de\\\/produkt\\\/bw-3-teilige-messing-kabelverschraubungen\\\/\",\"name\":\"BW 3-teilige Messing-Kabelverschraubungen\",\"isPartOf\":{\"@id\":\"https:\\\/\\\/conexmetals.com\\\/de\\\/#website\"},\"primaryImageOfPage\":{\"@id\":\"https:\\\/\\\/conexmetals.com\\\/de\\\/produkt\\\/bw-3-teilige-messing-kabelverschraubungen\\\/#primaryimage\"},\"image\":{\"@id\":\"https:\\\/\\\/conexmetals.com\\\/de\\\/produkt\\\/bw-3-teilige-messing-kabelverschraubungen\\\/#primaryimage\"},\"thumbnailUrl\":\"https:\\\/\\\/conexmetals.com\\\/wp-content\\\/uploads\\\/2025\\\/01\\\/BW-3-teilige-Messing-Kabelverschraubungen.webp\",\"datePublished\":\"2023-08-18T07:22:39+00:00\",\"dateModified\":\"2025-01-21T12:53:49+00:00\",\"description\":\"Entdecken Sie die BW 3-teiligen Messing-Kabelverschraubungen von Conex Metals, den Inbegriff von Pr\u00e4zision und Qualit\u00e4t. Unsere Messing-BW-Kabelverschraubungen und Messing-Kabelverschraubungen sind f\u00fcr optimale Leistung ausgelegt. Als renommierter Hersteller in Jamnagar, Indien, bieten wir eine Vielzahl von Gr\u00f6\u00dfen an, darunter 20 mm, 25 mm und 32 mm, und erf\u00fcllen damit die Anforderungen von Lieferanten und Exporteuren.\",\"breadcrumb\":{\"@id\":\"https:\\\/\\\/conexmetals.com\\\/de\\\/produkt\\\/bw-3-teilige-messing-kabelverschraubungen\\\/#breadcrumb\"},\"inLanguage\":\"de\",\"potentialAction\":[{\"@type\":\"ReadAction\",\"target\":[\"https:\\\/\\\/conexmetals.com\\\/de\\\/produkt\\\/bw-3-teilige-messing-kabelverschraubungen\\\/\"]}]},{\"@type\":\"ImageObject\",\"inLanguage\":\"de\",\"@id\":\"https:\\\/\\\/conexmetals.com\\\/de\\\/produkt\\\/bw-3-teilige-messing-kabelverschraubungen\\\/#primaryimage\",\"url\":\"https:\\\/\\\/conexmetals.com\\\/wp-content\\\/uploads\\\/2025\\\/01\\\/BW-3-teilige-Messing-Kabelverschraubungen.webp\",\"contentUrl\":\"https:\\\/\\\/conexmetals.com\\\/wp-content\\\/uploads\\\/2025\\\/01\\\/BW-3-teilige-Messing-Kabelverschraubungen.webp\",\"width\":300,\"height\":300,\"caption\":\"BW 3-teilige Messing-Kabelverschraubungen\"},{\"@type\":\"BreadcrumbList\",\"@id\":\"https:\\\/\\\/conexmetals.com\\\/de\\\/produkt\\\/bw-3-teilige-messing-kabelverschraubungen\\\/#breadcrumb\",\"itemListElement\":[{\"@type\":\"ListItem\",\"position\":1,\"name\":\"Home\",\"item\":\"https:\\\/\\\/conexmetals.com\\\/de\\\/heim\\\/\"},{\"@type\":\"ListItem\",\"position\":2,\"name\":\"Products\",\"item\":\"https:\\\/\\\/conexmetals.com\\\/products\\\/\"},{\"@type\":\"ListItem\",\"position\":3,\"name\":\"BW 3-teilige Messing-Kabelverschraubungen\"}]},{\"@type\":\"WebSite\",\"@id\":\"https:\\\/\\\/conexmetals.com\\\/de\\\/#website\",\"url\":\"https:\\\/\\\/conexmetals.com\\\/de\\\/\",\"name\":\"Conex Metals Brass Fittings Brass Parts Copper Parts Brass Components Brass Plumbing Fittings India\",\"description\":\"Manufacturer of Bronze Fittings casting Copper Brass parts components\",\"publisher\":{\"@id\":\"https:\\\/\\\/conexmetals.com\\\/de\\\/#organization\"},\"potentialAction\":[{\"@type\":\"SearchAction\",\"target\":{\"@type\":\"EntryPoint\",\"urlTemplate\":\"https:\\\/\\\/conexmetals.com\\\/de\\\/?s={search_term_string}\"},\"query-input\":{\"@type\":\"PropertyValueSpecification\",\"valueRequired\":true,\"valueName\":\"search_term_string\"}}],\"inLanguage\":\"de\"},{\"@type\":\"Organization\",\"@id\":\"https:\\\/\\\/conexmetals.com\\\/de\\\/#organization\",\"name\":\"Conex Metals Brass Fittings Brass Parts Copper Parts Brass Components Brass Plumbing Fittings India\",\"url\":\"https:\\\/\\\/conexmetals.com\\\/de\\\/\",\"logo\":{\"@type\":\"ImageObject\",\"inLanguage\":\"de\",\"@id\":\"https:\\\/\\\/conexmetals.com\\\/de\\\/#\\\/schema\\\/logo\\\/image\\\/\",\"url\":\"https:\\\/\\\/conexmetals.com\\\/wp-content\\\/uploads\\\/2024\\\/03\\\/conex-metals-logo.webp\",\"contentUrl\":\"https:\\\/\\\/conexmetals.com\\\/wp-content\\\/uploads\\\/2024\\\/03\\\/conex-metals-logo.webp\",\"width\":300,\"height\":121,\"caption\":\"Conex Metals Brass Fittings Brass Parts Copper Parts Brass Components Brass Plumbing Fittings India\"},\"image\":{\"@id\":\"https:\\\/\\\/conexmetals.com\\\/de\\\/#\\\/schema\\\/logo\\\/image\\\/\"},\"sameAs\":[\"https:\\\/\\\/www.facebook.com\\\/conexbrass\",\"https:\\\/\\\/x.com\\\/conexindia\",\"https:\\\/\\\/www.linkedin.com\\\/company\\\/conex-metals-india\\\/\",\"https:\\\/\\\/www.instagram.com\\\/conexindia\\\/\"]}]}<\/script>\n<!-- \/ Yoast SEO plugin. -->","yoast_head_json":{"title":"BW 3-teilige Messing-Kabelverschraubungen","description":"Entdecken Sie die BW 3-teiligen Messing-Kabelverschraubungen von Conex Metals, den Inbegriff von Pr\u00e4zision und Qualit\u00e4t. Unsere Messing-BW-Kabelverschraubungen und Messing-Kabelverschraubungen sind f\u00fcr optimale Leistung ausgelegt. Als renommierter Hersteller in Jamnagar, Indien, bieten wir eine Vielzahl von Gr\u00f6\u00dfen an, darunter 20 mm, 25 mm und 32 mm, und erf\u00fcllen damit die Anforderungen von Lieferanten und Exporteuren.","robots":{"index":"index","follow":"follow","max-snippet":"max-snippet:-1","max-image-preview":"max-image-preview:large","max-video-preview":"max-video-preview:-1"},"canonical":"https:\/\/conexmetals.com\/de\/produkt\/bw-3-teilige-messing-kabelverschraubungen\/","schema":{"@context":"https:\/\/schema.org","@graph":[{"@type":"WebPage","@id":"https:\/\/conexmetals.com\/de\/produkt\/bw-3-teilige-messing-kabelverschraubungen\/","url":"https:\/\/conexmetals.com\/de\/produkt\/bw-3-teilige-messing-kabelverschraubungen\/","name":"BW 3-teilige Messing-Kabelverschraubungen","isPartOf":{"@id":"https:\/\/conexmetals.com\/de\/#website"},"primaryImageOfPage":{"@id":"https:\/\/conexmetals.com\/de\/produkt\/bw-3-teilige-messing-kabelverschraubungen\/#primaryimage"},"image":{"@id":"https:\/\/conexmetals.com\/de\/produkt\/bw-3-teilige-messing-kabelverschraubungen\/#primaryimage"},"thumbnailUrl":"https:\/\/conexmetals.com\/wp-content\/uploads\/2025\/01\/BW-3-teilige-Messing-Kabelverschraubungen.webp","datePublished":"2023-08-18T07:22:39+00:00","dateModified":"2025-01-21T12:53:49+00:00","description":"Entdecken Sie die BW 3-teiligen Messing-Kabelverschraubungen von Conex Metals, den Inbegriff von Pr\u00e4zision und Qualit\u00e4t. Unsere Messing-BW-Kabelverschraubungen und Messing-Kabelverschraubungen sind f\u00fcr optimale Leistung ausgelegt. Als renommierter Hersteller in Jamnagar, Indien, bieten wir eine Vielzahl von Gr\u00f6\u00dfen an, darunter 20 mm, 25 mm und 32 mm, und erf\u00fcllen damit die Anforderungen von Lieferanten und Exporteuren.","breadcrumb":{"@id":"https:\/\/conexmetals.com\/de\/produkt\/bw-3-teilige-messing-kabelverschraubungen\/#breadcrumb"},"inLanguage":"de","potentialAction":[{"@type":"ReadAction","target":["https:\/\/conexmetals.com\/de\/produkt\/bw-3-teilige-messing-kabelverschraubungen\/"]}]},{"@type":"ImageObject","inLanguage":"de","@id":"https:\/\/conexmetals.com\/de\/produkt\/bw-3-teilige-messing-kabelverschraubungen\/#primaryimage","url":"https:\/\/conexmetals.com\/wp-content\/uploads\/2025\/01\/BW-3-teilige-Messing-Kabelverschraubungen.webp","contentUrl":"https:\/\/conexmetals.com\/wp-content\/uploads\/2025\/01\/BW-3-teilige-Messing-Kabelverschraubungen.webp","width":300,"height":300,"caption":"BW 3-teilige Messing-Kabelverschraubungen"},{"@type":"BreadcrumbList","@id":"https:\/\/conexmetals.com\/de\/produkt\/bw-3-teilige-messing-kabelverschraubungen\/#breadcrumb","itemListElement":[{"@type":"ListItem","position":1,"name":"Home","item":"https:\/\/conexmetals.com\/de\/heim\/"},{"@type":"ListItem","position":2,"name":"Products","item":"https:\/\/conexmetals.com\/products\/"},{"@type":"ListItem","position":3,"name":"BW 3-teilige Messing-Kabelverschraubungen"}]},{"@type":"WebSite","@id":"https:\/\/conexmetals.com\/de\/#website","url":"https:\/\/conexmetals.com\/de\/","name":"Conex Metals Brass Fittings Brass Parts Copper Parts Brass Components Brass Plumbing Fittings India","description":"Manufacturer of Bronze Fittings casting Copper Brass parts components","publisher":{"@id":"https:\/\/conexmetals.com\/de\/#organization"},"potentialAction":[{"@type":"SearchAction","target":{"@type":"EntryPoint","urlTemplate":"https:\/\/conexmetals.com\/de\/?s={search_term_string}"},"query-input":{"@type":"PropertyValueSpecification","valueRequired":true,"valueName":"search_term_string"}}],"inLanguage":"de"},{"@type":"Organization","@id":"https:\/\/conexmetals.com\/de\/#organization","name":"Conex Metals Brass Fittings Brass Parts Copper Parts Brass Components Brass Plumbing Fittings India","url":"https:\/\/conexmetals.com\/de\/","logo":{"@type":"ImageObject","inLanguage":"de","@id":"https:\/\/conexmetals.com\/de\/#\/schema\/logo\/image\/","url":"https:\/\/conexmetals.com\/wp-content\/uploads\/2024\/03\/conex-metals-logo.webp","contentUrl":"https:\/\/conexmetals.com\/wp-content\/uploads\/2024\/03\/conex-metals-logo.webp","width":300,"height":121,"caption":"Conex Metals Brass Fittings Brass Parts Copper Parts Brass Components Brass Plumbing Fittings India"},"image":{"@id":"https:\/\/conexmetals.com\/de\/#\/schema\/logo\/image\/"},"sameAs":["https:\/\/www.facebook.com\/conexbrass","https:\/\/x.com\/conexindia","https:\/\/www.linkedin.com\/company\/conex-metals-india\/","https:\/\/www.instagram.com\/conexindia\/"]}]}},"_links":{"self":[{"href":"https:\/\/conexmetals.com\/de\/wp-json\/wp\/v2\/product\/13416","targetHints":{"allow":["GET"]}}],"collection":[{"href":"https:\/\/conexmetals.com\/de\/wp-json\/wp\/v2\/product"}],"about":[{"href":"https:\/\/conexmetals.com\/de\/wp-json\/wp\/v2\/types\/product"}],"wp:featuredmedia":[{"embeddable":true,"href":"https:\/\/conexmetals.com\/de\/wp-json\/wp\/v2\/media\/13223"}],"wp:attachment":[{"href":"https:\/\/conexmetals.com\/de\/wp-json\/wp\/v2\/media?parent=13416"}],"wp:term":[{"taxonomy":"product_brand","embeddable":true,"href":"https:\/\/conexmetals.com\/de\/wp-json\/wp\/v2\/product_brand?post=13416"},{"taxonomy":"product_cat","embeddable":true,"href":"https:\/\/conexmetals.com\/de\/wp-json\/wp\/v2\/product_cat?post=13416"},{"taxonomy":"product_tag","embeddable":true,"href":"https:\/\/conexmetals.com\/de\/wp-json\/wp\/v2\/product_tag?post=13416"}],"curies":[{"name":"wp","href":"https:\/\/api.w.org\/{rel}","templated":true}]}}