{"id":13420,"date":"2023-08-18T12:57:28","date_gmt":"2023-08-18T07:27:28","guid":{"rendered":"https:\/\/conexmetals.com\/?post_type=product&#038;p=13420"},"modified":"2025-01-21T18:22:10","modified_gmt":"2025-01-21T12:52:10","slug":"bw-2-teilige-messing-kabelverschraubungen","status":"publish","type":"product","link":"https:\/\/conexmetals.com\/de\/produkt\/bw-2-teilige-messing-kabelverschraubungen\/","title":{"rendered":"BW 2-teilige Messing-Kabelverschraubungen"},"content":{"rendered":"","protected":false},"excerpt":{"rendered":"<table id=\"tablepress-374\" class=\"tablepress tablepress-id-374\">\n<thead>\n<tr class=\"row-1 odd\">\n<th class=\"column-1\" colspan=\"7\"><strong>BW Kabelverschraubung<\/strong><\/th>\n<\/tr>\n<\/thead>\n<tbody class=\"row-hover\">\n<tr class=\"row-2 even\">\n<td class=\"column-1\"><strong>Stopfbuchsengr\u00f6\u00dfe<\/strong><\/td>\n<td class=\"column-2\"><strong>Metrisches Gewinde \u201eC\u201c<\/strong><\/td>\n<td class=\"column-3\"><strong>Minimale Gewindel\u00e4nge \u201eD\u201c<\/strong><\/td>\n<td class=\"column-4\"><strong>Kabeldurchmesser \u201eA\u201c Max.<\/strong><\/td>\n<td class=\"column-5\"><strong>Kabeldurchmesser \u201eB\u201c Max.<\/strong><\/td>\n<td class=\"column-6\"><strong>Panzerdraht-Durchmesser<\/strong><\/td>\n<td class=\"column-7\"><strong>Hauptquereckdurchmesser \u201eE\u201c<\/strong><\/td>\n<\/tr>\n<tr class=\"row-3 odd\">\n<td class=\"column-1\">20er Jahre<\/td>\n<td class=\"column-2\">20<\/td>\n<td class=\"column-3\">10<\/td>\n<td class=\"column-4\">11.6<\/td>\n<td class=\"column-5\">16.1<\/td>\n<td class=\"column-6\">0,9\/1,25<\/td>\n<td class=\"column-7\">24.4<\/td>\n<\/tr>\n<tr class=\"row-4 even\">\n<td class=\"column-1\">20<\/td>\n<td class=\"column-2\">20<\/td>\n<td class=\"column-3\">10<\/td>\n<td class=\"column-4\">13.9<\/td>\n<td class=\"column-5\">21.1<\/td>\n<td class=\"column-6\">0,9\/1,25<\/td>\n<td class=\"column-7\">30<\/td>\n<\/tr>\n<tr class=\"row-5 odd\">\n<td class=\"column-1\">25<\/td>\n<td class=\"column-2\">25<\/td>\n<td class=\"column-3\">10<\/td>\n<td class=\"column-4\">19,9<\/td>\n<td class=\"column-5\">27.4<\/td>\n<td class=\"column-6\">1,25\/1,60<\/td>\n<td class=\"column-7\">36<\/td>\n<\/tr>\n<tr class=\"row-6 even\">\n<td class=\"column-1\">32<\/td>\n<td class=\"column-2\">32<\/td>\n<td class=\"column-3\">10<\/td>\n<td class=\"column-4\">26.2<\/td>\n<td class=\"column-5\">34.4<\/td>\n<td class=\"column-6\">1,60\/2,00<\/td>\n<td class=\"column-7\">44,5<\/td>\n<\/tr>\n<tr class=\"row-7 odd\">\n<td class=\"column-1\">40<\/td>\n<td class=\"column-2\">40<\/td>\n<td class=\"column-3\">15<\/td>\n<td class=\"column-4\">32.1<\/td>\n<td class=\"column-5\">42,4<\/td>\n<td class=\"column-6\">1,60\/2,00<\/td>\n<td class=\"column-7\">56,3<\/td>\n<\/tr>\n<tr class=\"row-8 even\">\n<td class=\"column-1\">50er Jahre<\/td>\n<td class=\"column-2\">50<\/td>\n<td class=\"column-3\">15<\/td>\n<td class=\"column-4\">38.1<\/td>\n<td class=\"column-5\">50.1<\/td>\n<td class=\"column-6\">2,00\/2,50<\/td>\n<td class=\"column-7\">63,4<\/td>\n<\/tr>\n<tr class=\"row-9 odd\">\n<td class=\"column-1\">50<\/td>\n<td class=\"column-2\">50<\/td>\n<td class=\"column-3\">15<\/td>\n<td class=\"column-4\">44<\/td>\n<td class=\"column-5\">55,7<\/td>\n<td class=\"column-6\">2,00\/2,50<\/td>\n<td class=\"column-7\">72.1<\/td>\n<\/tr>\n<tr class=\"row-10 even\">\n<td class=\"column-1\">63S<\/td>\n<td class=\"column-2\">63<\/td>\n<td class=\"column-3\">15<\/td>\n<td class=\"column-4\">50<\/td>\n<td class=\"column-5\">62,4<\/td>\n<td class=\"column-6\">2.5<\/td>\n<td class=\"column-7\">83,7<\/td>\n<\/tr>\n<tr class=\"row-11 odd\">\n<td class=\"column-1\">63<\/td>\n<td class=\"column-2\">63<\/td>\n<td class=\"column-3\">15<\/td>\n<td class=\"column-4\">55,9<\/td>\n<td class=\"column-5\">68,2<\/td>\n<td class=\"column-6\">2.5<\/td>\n<td class=\"column-7\">88,7<\/td>\n<\/tr>\n<tr class=\"row-12 even\">\n<td class=\"column-1\">75S<\/td>\n<td class=\"column-2\">75<\/td>\n<td class=\"column-3\">15<\/td>\n<td class=\"column-4\">61,9<\/td>\n<td class=\"column-5\">76,8<\/td>\n<td class=\"column-6\">2.5<\/td>\n<td class=\"column-7\">99,8<\/td>\n<\/tr>\n<tr class=\"row-13 odd\">\n<td class=\"column-1\">75<\/td>\n<td class=\"column-2\">75<\/td>\n<td class=\"column-3\">15<\/td>\n<td class=\"column-4\">67,9<\/td>\n<td class=\"column-5\">82,9<\/td>\n<td class=\"column-6\">2,50\/3,15<\/td>\n<td class=\"column-7\">105,3<\/td>\n<\/tr>\n<tr class=\"row-14 even\">\n<td class=\"column-1\" colspan=\"7\"><strong>Alle Ma\u00dfe in Millimeter<\/strong><\/td>\n<\/tr>\n<\/tbody>\n<\/table>\n<p><img fetchpriority=\"high\" decoding=\"async\" class=\"size-full wp-image-10900 alignright lazy loaded\" src=\"https:\/\/conexmetals.com\/wp-content\/uploads\/2023\/08\/BW2-Parts-Cable-Glands-line-drawing.png\" alt=\"BW2 Teile Kabelverschraubungen Strichzeichnung\" width=\"300\" height=\"300\" data-src=\"https:\/\/conexmetals.com\/wp-content\/uploads\/2023\/08\/BW2-Parts-Cable-Glands-line-drawing.png\" data-was-processed=\"true\" srcset=\"https:\/\/conexmetals.com\/wp-content\/uploads\/2023\/08\/BW2-Parts-Cable-Glands-line-drawing.png 300w, https:\/\/conexmetals.com\/wp-content\/uploads\/2023\/08\/BW2-Parts-Cable-Glands-line-drawing-150x150.png 150w, https:\/\/conexmetals.com\/wp-content\/uploads\/2023\/08\/BW2-Parts-Cable-Glands-line-drawing-100x100.png 100w\" sizes=\"(max-width: 300px) 100vw, 300px\" \/><\/p>\n<p><strong>Merkmale:<\/strong>\u00a0BW-Kabelverschraubungen Messing BW-Kabelverschraubungen 2 Kabelverschraubungen Teil nach BS 6121 Teil 1, am besten geeignet f\u00fcr einadrig gepanzerte, mit Kunststoff oder Gummi (Elastomer) ummantelte Kabel. Verwendung in trockenen Innenr\u00e4umen. Keine losen Teile und einfach zu installieren. Spart Zeit und Geld. Kann mit integrierter Erdungseinrichtung geliefert werden. Innenanwendungen zur Verwendung mit SWA-Kabeln und gepanzerten Drahtkabeln.<\/p>\n<p><strong>Stopfbuchsengr\u00f6\u00dfe:<\/strong>\u00a020 mm 25 mm 32 mm 40 mm 16 mm 50 mm 63 mm 75 mm 90 mm 1\/2 3\/4 1 11\/4 11\/2 2 2\/12 NPT-Kabelverschraubungen mit Gewinde Metrische Anschl\u00fcsse<\/p>\n<p><strong>IP-Schutzart:<\/strong>\u00a0IP 54<\/p>\n<p>BW2-Teile-Kabelverschraubungen dienen dazu, sichere und wasserdichte Kabeleinf\u00fchrungspunkte in Geh\u00e4use, Anschlussk\u00e4sten oder Ger\u00e4te zu schaffen und gleichzeitig vor Umwelteinfl\u00fcssen wie Staub, Feuchtigkeit und mechanischer Belastung zu sch\u00fctzen. Die Bezeichnung \u201eBW2-Teile\u201c deutet darauf hin, dass diese Kabelverschraubungen aus mehreren Komponenten bestehen.<\/p>\n<p>Hier sind einige wichtige Punkte zu den Kabelverschraubungen von BW2 Parts:<\/p>\n<p><strong><b>Funktion:<\/b><\/strong>\u00a0\u00a0BW2-Teile-Kabelverschraubungen erf\u00fcllen \u00e4hnliche Funktionen wie andere Kabelverschraubungen:<\/p>\n<ol>\n<li><b><\/b><strong><b>Kabeleinf\u00fchrung:<\/b><\/strong>\u00a0Sie schaffen einen abgedichteten Eintrittspunkt f\u00fcr Kabel in Geh\u00e4use und verhindern so das Eindringen von Staub, Feuchtigkeit und Verunreinigungen.<\/li>\n<li><b><\/b><strong><b>Zugentlastung:<\/b><\/strong>\u00a0Diese Verschraubungen bieten mechanische Unterst\u00fctzung f\u00fcr Kabel, reduzieren die Belastung und verhindern \u00fcberm\u00e4\u00dfiges Biegen oder Ziehen an der Eintrittsstelle.<\/li>\n<\/ol>\n<p><strong><b>Aufbau:<\/b><\/strong>\u00a0\u00a0Die Bezeichnung \u201eBW2-Teile\u201c weist darauf hin, dass diese Kabelverschraubungen aus mehreren Komponenten bestehen, die gemeinsam die gew\u00fcnschten Kabeleinf\u00fchrungs- und Abdichtungsfunktionen gew\u00e4hrleisten.<\/p>\n<p><strong><b>Merkmale:<\/b><\/strong>\u00a0\u00a0BW2-Teile-Kabelverschraubungen verf\u00fcgen typischerweise \u00fcber folgende Merkmale:<\/p>\n<ol>\n<li><b><\/b><strong><b>Mehrere Komponenten:<\/b><\/strong>\u00a0Diese Stopfbuchsen bestehen aus mehreren Komponenten, darunter m\u00f6glicherweise der Hauptk\u00f6rper der Stopfbuchse, eine Kontermutter, ein Dichtungseinsatz und andere Teile, die zur Funktionalit\u00e4t der Stopfbuchse beitragen.<\/li>\n<li><b><\/b><strong><b>Dichtungsmechanismus:<\/b><\/strong>\u00a0Sie verf\u00fcgen \u00fcber Dichtungsmechanismen wie Gummidichtungen, O-Ringe oder andere Dichtungsmaterialien, um eine wasser- und wetterfeste Abdichtung um das Kabel herum zu schaffen.<\/li>\n<li><b><\/b><strong><b>Gro\u00dfe Auswahl an Gr\u00f6\u00dfen:<\/b><\/strong>\u00a0Kabelverschraubungen von BW2 Parts sind in verschiedenen Gr\u00f6\u00dfen erh\u00e4ltlich, um unterschiedlichen Kabeldurchmessern gerecht zu werden.<\/li>\n<\/ol>\n<p><strong><b>Anwendungen:<\/b><\/strong>\u00a0\u00a0Kabelverschraubungen von BW2 Parts werden in verschiedenen Branchen eingesetzt, darunter Fertigung, Maschinenbau, Automatisierung und Telekommunikation. Sie sind wertvoll in Anwendungen, in denen Kabel vor rauen Umgebungsbedingungen gesch\u00fctzt werden m\u00fcssen und eine sichere Kabeleinf\u00fchrung unerl\u00e4sslich ist.<\/p>\n","protected":false},"featured_media":13218,"template":"","meta":[],"product_brand":[],"product_cat":[364],"product_tag":[],"class_list":{"0":"post-13420","1":"product","2":"type-product","3":"status-publish","4":"has-post-thumbnail","6":"product_cat-kabelverschraubungen","8":"first","9":"instock","10":"shipping-taxable","11":"product-type-simple"},"yoast_head":"<!-- This site is optimized with the Yoast SEO plugin v27.3 - https:\/\/yoast.com\/product\/yoast-seo-wordpress\/ -->\n<title>BW 2-teilige Messing-Kabelverschraubungen<\/title>\n<meta name=\"description\" content=\"Conex Metals, f\u00fchrende indische Hersteller und Exporteure von BW-Kabelverschraubungen und Messing-BW-Kabelverschraubungen. Bietet 2-teilige Kabelverschraubungen, Kabelverschraubungss\u00e4tze und Messing-Kabelverschraubungspacks in den Gr\u00f6\u00dfen 20 mm bis 75 mm und NPT-Armaturen an. Zuverl\u00e4ssige Lieferanten aus Indien.\" \/>\n<meta name=\"robots\" content=\"index, follow, max-snippet:-1, max-image-preview:large, max-video-preview:-1\" \/>\n<link rel=\"canonical\" href=\"https:\/\/conexmetals.com\/de\/produkt\/bw-2-teilige-messing-kabelverschraubungen\/\" \/>\n<script type=\"application\/ld+json\" class=\"yoast-schema-graph\">{\"@context\":\"https:\\\/\\\/schema.org\",\"@graph\":[{\"@type\":\"WebPage\",\"@id\":\"https:\\\/\\\/conexmetals.com\\\/de\\\/produkt\\\/bw-2-teilige-messing-kabelverschraubungen\\\/\",\"url\":\"https:\\\/\\\/conexmetals.com\\\/de\\\/produkt\\\/bw-2-teilige-messing-kabelverschraubungen\\\/\",\"name\":\"BW 2-teilige Messing-Kabelverschraubungen\",\"isPartOf\":{\"@id\":\"https:\\\/\\\/conexmetals.com\\\/de\\\/#website\"},\"primaryImageOfPage\":{\"@id\":\"https:\\\/\\\/conexmetals.com\\\/de\\\/produkt\\\/bw-2-teilige-messing-kabelverschraubungen\\\/#primaryimage\"},\"image\":{\"@id\":\"https:\\\/\\\/conexmetals.com\\\/de\\\/produkt\\\/bw-2-teilige-messing-kabelverschraubungen\\\/#primaryimage\"},\"thumbnailUrl\":\"https:\\\/\\\/conexmetals.com\\\/wp-content\\\/uploads\\\/2025\\\/01\\\/BW-2-teilige-Messing-Kabelverschraubungen.webp\",\"datePublished\":\"2023-08-18T07:27:28+00:00\",\"dateModified\":\"2025-01-21T12:52:10+00:00\",\"description\":\"Conex Metals, f\u00fchrende indische Hersteller und Exporteure von BW-Kabelverschraubungen und Messing-BW-Kabelverschraubungen. Bietet 2-teilige Kabelverschraubungen, Kabelverschraubungss\u00e4tze und Messing-Kabelverschraubungspacks in den Gr\u00f6\u00dfen 20 mm bis 75 mm und NPT-Armaturen an. Zuverl\u00e4ssige Lieferanten aus Indien.\",\"breadcrumb\":{\"@id\":\"https:\\\/\\\/conexmetals.com\\\/de\\\/produkt\\\/bw-2-teilige-messing-kabelverschraubungen\\\/#breadcrumb\"},\"inLanguage\":\"de\",\"potentialAction\":[{\"@type\":\"ReadAction\",\"target\":[\"https:\\\/\\\/conexmetals.com\\\/de\\\/produkt\\\/bw-2-teilige-messing-kabelverschraubungen\\\/\"]}]},{\"@type\":\"ImageObject\",\"inLanguage\":\"de\",\"@id\":\"https:\\\/\\\/conexmetals.com\\\/de\\\/produkt\\\/bw-2-teilige-messing-kabelverschraubungen\\\/#primaryimage\",\"url\":\"https:\\\/\\\/conexmetals.com\\\/wp-content\\\/uploads\\\/2025\\\/01\\\/BW-2-teilige-Messing-Kabelverschraubungen.webp\",\"contentUrl\":\"https:\\\/\\\/conexmetals.com\\\/wp-content\\\/uploads\\\/2025\\\/01\\\/BW-2-teilige-Messing-Kabelverschraubungen.webp\",\"width\":300,\"height\":300,\"caption\":\"BW 2-teilige Messing-Kabelverschraubungen\"},{\"@type\":\"BreadcrumbList\",\"@id\":\"https:\\\/\\\/conexmetals.com\\\/de\\\/produkt\\\/bw-2-teilige-messing-kabelverschraubungen\\\/#breadcrumb\",\"itemListElement\":[{\"@type\":\"ListItem\",\"position\":1,\"name\":\"Home\",\"item\":\"https:\\\/\\\/conexmetals.com\\\/de\\\/heim\\\/\"},{\"@type\":\"ListItem\",\"position\":2,\"name\":\"Products\",\"item\":\"https:\\\/\\\/conexmetals.com\\\/products\\\/\"},{\"@type\":\"ListItem\",\"position\":3,\"name\":\"BW 2-teilige Messing-Kabelverschraubungen\"}]},{\"@type\":\"WebSite\",\"@id\":\"https:\\\/\\\/conexmetals.com\\\/de\\\/#website\",\"url\":\"https:\\\/\\\/conexmetals.com\\\/de\\\/\",\"name\":\"Conex Metals Brass Fittings Brass Parts Copper Parts Brass Components Brass Plumbing Fittings India\",\"description\":\"Manufacturer of Bronze Fittings casting Copper Brass parts components\",\"publisher\":{\"@id\":\"https:\\\/\\\/conexmetals.com\\\/de\\\/#organization\"},\"potentialAction\":[{\"@type\":\"SearchAction\",\"target\":{\"@type\":\"EntryPoint\",\"urlTemplate\":\"https:\\\/\\\/conexmetals.com\\\/de\\\/?s={search_term_string}\"},\"query-input\":{\"@type\":\"PropertyValueSpecification\",\"valueRequired\":true,\"valueName\":\"search_term_string\"}}],\"inLanguage\":\"de\"},{\"@type\":\"Organization\",\"@id\":\"https:\\\/\\\/conexmetals.com\\\/de\\\/#organization\",\"name\":\"Conex Metals Brass Fittings Brass Parts Copper Parts Brass Components Brass Plumbing Fittings India\",\"url\":\"https:\\\/\\\/conexmetals.com\\\/de\\\/\",\"logo\":{\"@type\":\"ImageObject\",\"inLanguage\":\"de\",\"@id\":\"https:\\\/\\\/conexmetals.com\\\/de\\\/#\\\/schema\\\/logo\\\/image\\\/\",\"url\":\"https:\\\/\\\/conexmetals.com\\\/wp-content\\\/uploads\\\/2024\\\/03\\\/conex-metals-logo.webp\",\"contentUrl\":\"https:\\\/\\\/conexmetals.com\\\/wp-content\\\/uploads\\\/2024\\\/03\\\/conex-metals-logo.webp\",\"width\":300,\"height\":121,\"caption\":\"Conex Metals Brass Fittings Brass Parts Copper Parts Brass Components Brass Plumbing Fittings India\"},\"image\":{\"@id\":\"https:\\\/\\\/conexmetals.com\\\/de\\\/#\\\/schema\\\/logo\\\/image\\\/\"},\"sameAs\":[\"https:\\\/\\\/www.facebook.com\\\/conexbrass\",\"https:\\\/\\\/x.com\\\/conexindia\",\"https:\\\/\\\/www.linkedin.com\\\/company\\\/conex-metals-india\\\/\",\"https:\\\/\\\/www.instagram.com\\\/conexindia\\\/\"]}]}<\/script>\n<!-- \/ Yoast SEO plugin. -->","yoast_head_json":{"title":"BW 2-teilige Messing-Kabelverschraubungen","description":"Conex Metals, f\u00fchrende indische Hersteller und Exporteure von BW-Kabelverschraubungen und Messing-BW-Kabelverschraubungen. Bietet 2-teilige Kabelverschraubungen, Kabelverschraubungss\u00e4tze und Messing-Kabelverschraubungspacks in den Gr\u00f6\u00dfen 20 mm bis 75 mm und NPT-Armaturen an. Zuverl\u00e4ssige Lieferanten aus Indien.","robots":{"index":"index","follow":"follow","max-snippet":"max-snippet:-1","max-image-preview":"max-image-preview:large","max-video-preview":"max-video-preview:-1"},"canonical":"https:\/\/conexmetals.com\/de\/produkt\/bw-2-teilige-messing-kabelverschraubungen\/","schema":{"@context":"https:\/\/schema.org","@graph":[{"@type":"WebPage","@id":"https:\/\/conexmetals.com\/de\/produkt\/bw-2-teilige-messing-kabelverschraubungen\/","url":"https:\/\/conexmetals.com\/de\/produkt\/bw-2-teilige-messing-kabelverschraubungen\/","name":"BW 2-teilige Messing-Kabelverschraubungen","isPartOf":{"@id":"https:\/\/conexmetals.com\/de\/#website"},"primaryImageOfPage":{"@id":"https:\/\/conexmetals.com\/de\/produkt\/bw-2-teilige-messing-kabelverschraubungen\/#primaryimage"},"image":{"@id":"https:\/\/conexmetals.com\/de\/produkt\/bw-2-teilige-messing-kabelverschraubungen\/#primaryimage"},"thumbnailUrl":"https:\/\/conexmetals.com\/wp-content\/uploads\/2025\/01\/BW-2-teilige-Messing-Kabelverschraubungen.webp","datePublished":"2023-08-18T07:27:28+00:00","dateModified":"2025-01-21T12:52:10+00:00","description":"Conex Metals, f\u00fchrende indische Hersteller und Exporteure von BW-Kabelverschraubungen und Messing-BW-Kabelverschraubungen. Bietet 2-teilige Kabelverschraubungen, Kabelverschraubungss\u00e4tze und Messing-Kabelverschraubungspacks in den Gr\u00f6\u00dfen 20 mm bis 75 mm und NPT-Armaturen an. Zuverl\u00e4ssige Lieferanten aus Indien.","breadcrumb":{"@id":"https:\/\/conexmetals.com\/de\/produkt\/bw-2-teilige-messing-kabelverschraubungen\/#breadcrumb"},"inLanguage":"de","potentialAction":[{"@type":"ReadAction","target":["https:\/\/conexmetals.com\/de\/produkt\/bw-2-teilige-messing-kabelverschraubungen\/"]}]},{"@type":"ImageObject","inLanguage":"de","@id":"https:\/\/conexmetals.com\/de\/produkt\/bw-2-teilige-messing-kabelverschraubungen\/#primaryimage","url":"https:\/\/conexmetals.com\/wp-content\/uploads\/2025\/01\/BW-2-teilige-Messing-Kabelverschraubungen.webp","contentUrl":"https:\/\/conexmetals.com\/wp-content\/uploads\/2025\/01\/BW-2-teilige-Messing-Kabelverschraubungen.webp","width":300,"height":300,"caption":"BW 2-teilige Messing-Kabelverschraubungen"},{"@type":"BreadcrumbList","@id":"https:\/\/conexmetals.com\/de\/produkt\/bw-2-teilige-messing-kabelverschraubungen\/#breadcrumb","itemListElement":[{"@type":"ListItem","position":1,"name":"Home","item":"https:\/\/conexmetals.com\/de\/heim\/"},{"@type":"ListItem","position":2,"name":"Products","item":"https:\/\/conexmetals.com\/products\/"},{"@type":"ListItem","position":3,"name":"BW 2-teilige Messing-Kabelverschraubungen"}]},{"@type":"WebSite","@id":"https:\/\/conexmetals.com\/de\/#website","url":"https:\/\/conexmetals.com\/de\/","name":"Conex Metals Brass Fittings Brass Parts Copper Parts Brass Components Brass Plumbing Fittings India","description":"Manufacturer of Bronze Fittings casting Copper Brass parts components","publisher":{"@id":"https:\/\/conexmetals.com\/de\/#organization"},"potentialAction":[{"@type":"SearchAction","target":{"@type":"EntryPoint","urlTemplate":"https:\/\/conexmetals.com\/de\/?s={search_term_string}"},"query-input":{"@type":"PropertyValueSpecification","valueRequired":true,"valueName":"search_term_string"}}],"inLanguage":"de"},{"@type":"Organization","@id":"https:\/\/conexmetals.com\/de\/#organization","name":"Conex Metals Brass Fittings Brass Parts Copper Parts Brass Components Brass Plumbing Fittings India","url":"https:\/\/conexmetals.com\/de\/","logo":{"@type":"ImageObject","inLanguage":"de","@id":"https:\/\/conexmetals.com\/de\/#\/schema\/logo\/image\/","url":"https:\/\/conexmetals.com\/wp-content\/uploads\/2024\/03\/conex-metals-logo.webp","contentUrl":"https:\/\/conexmetals.com\/wp-content\/uploads\/2024\/03\/conex-metals-logo.webp","width":300,"height":121,"caption":"Conex Metals Brass Fittings Brass Parts Copper Parts Brass Components Brass Plumbing Fittings India"},"image":{"@id":"https:\/\/conexmetals.com\/de\/#\/schema\/logo\/image\/"},"sameAs":["https:\/\/www.facebook.com\/conexbrass","https:\/\/x.com\/conexindia","https:\/\/www.linkedin.com\/company\/conex-metals-india\/","https:\/\/www.instagram.com\/conexindia\/"]}]}},"_links":{"self":[{"href":"https:\/\/conexmetals.com\/de\/wp-json\/wp\/v2\/product\/13420","targetHints":{"allow":["GET"]}}],"collection":[{"href":"https:\/\/conexmetals.com\/de\/wp-json\/wp\/v2\/product"}],"about":[{"href":"https:\/\/conexmetals.com\/de\/wp-json\/wp\/v2\/types\/product"}],"wp:featuredmedia":[{"embeddable":true,"href":"https:\/\/conexmetals.com\/de\/wp-json\/wp\/v2\/media\/13218"}],"wp:attachment":[{"href":"https:\/\/conexmetals.com\/de\/wp-json\/wp\/v2\/media?parent=13420"}],"wp:term":[{"taxonomy":"product_brand","embeddable":true,"href":"https:\/\/conexmetals.com\/de\/wp-json\/wp\/v2\/product_brand?post=13420"},{"taxonomy":"product_cat","embeddable":true,"href":"https:\/\/conexmetals.com\/de\/wp-json\/wp\/v2\/product_cat?post=13420"},{"taxonomy":"product_tag","embeddable":true,"href":"https:\/\/conexmetals.com\/de\/wp-json\/wp\/v2\/product_tag?post=13420"}],"curies":[{"name":"wp","href":"https:\/\/api.w.org\/{rel}","templated":true}]}}