{"id":13430,"date":"2023-08-18T13:02:45","date_gmt":"2023-08-18T07:32:45","guid":{"rendered":"https:\/\/conexmetals.com\/?post_type=product&#038;p=13430"},"modified":"2025-01-20T16:37:43","modified_gmt":"2025-01-20T11:07:43","slug":"kabelverschraubung-kit-packung","status":"publish","type":"product","link":"https:\/\/conexmetals.com\/de\/produkt\/kabelverschraubung-kit-packung\/","title":{"rendered":"Kabelverschraubung-Kit-Packung"},"content":{"rendered":"","protected":false},"excerpt":{"rendered":"<p><span>Ein Kabelverschraubungs-Kit ist eine umfassende L\u00f6sung, die alle wichtigen Komponenten f\u00fcr Kabelanschl\u00fcsse enth\u00e4lt, darunter Kabelverschraubungen, Kontermuttern, Erdungsklemmen und PVC-Ummantelungen. Jedes Kit enth\u00e4lt zwei Sets f\u00fcr Gr\u00f6\u00dfen bis zu 32 mm und ein Set f\u00fcr gr\u00f6\u00dfere Gr\u00f6\u00dfen. Dieses praktische Paket stellt sicher, dass Benutzer alle notwendigen Teile f\u00fcr einen vollst\u00e4ndigen und zuverl\u00e4ssigen Kabelanschluss haben.<\/span><\/p>\n<p><strong><span>Zus\u00e4tzliche Funktionen:<\/span><\/strong><\/p>\n<ul>\n<li><span>Individuelle Kopfkarten mit Ihrem Namen und Logo sind kostenlos erh\u00e4ltlich.<\/span><\/li>\n<li><span>LSF-Abdeckungen (Low Smoke &amp; Fume) k\u00f6nnen auf Anfrage bereitgestellt werden.<\/span><\/li>\n<\/ul>\n<table id=\"tablepress-415\" class=\"tablepress tablepress-id-415\">\n<caption>\u00a0<\/caption>\n<thead>\n<tr class=\"row-1 odd\">\n<th class=\"column-1\" colspan=\"2\"><strong><span>Kit Details<\/span><\/strong><\/th>\n<\/tr>\n<\/thead>\n<tbody class=\"row-hover\">\n<tr class=\"row-2 even\">\n<td class=\"column-1\"><strong><span>Gr\u00f6\u00dfe<\/span><\/strong><\/td>\n<td class=\"column-2\"><strong><span>Komponenten pro Kit<\/span><\/strong><\/td>\n<\/tr>\n<tr class=\"row-3 odd\">\n<td class=\"column-1\"><span>20 \u2013 25<\/span><\/td>\n<td class=\"column-2\"><span>Je 2: Verschraubungen, Kontermuttern, Erdungsfahnen, PVC-Abdeckungen, Schrauben<\/span><\/td>\n<\/tr>\n<tr class=\"row-4 even\">\n<td class=\"column-1\"><span>32 \u2013 90<\/span><\/td>\n<td class=\"column-2\"><span>Je 1: Stopfbuchse, Kontermutter, Erdungsanschluss, PVC-Ummantelung, Schraube<\/span><\/td>\n<\/tr>\n<\/tbody>\n<\/table>\n<p><span>Ein Kabelverschraubungs-Kit, oft auch als Kabelverschraubungs-Kit oder Kabelverschraubungs-Paket bezeichnet, ist eine Zusammenstellung von Komponenten, die Kabelverschraubungen sowie verschiedene zugeh\u00f6rige Zubeh\u00f6rteile und Elemente enth\u00e4lt, die f\u00fcr die Kabeleinf\u00fchrung und -verwaltung erforderlich sind. Diese Kits sind als umfassende L\u00f6sung f\u00fcr die Sicherung, Abdichtung und Verwaltung von Kabeln beim Eintritt in Geh\u00e4use, Anschlussk\u00e4sten oder Ger\u00e4te konzipiert.<\/span><\/p>\n<p><span>Folgendes k\u00f6nnte in einem typischen Kabelverschraubungssatz enthalten sein:<\/span><\/p>\n<ol>\n<li><b><\/b><strong><b><span>Kabelverschraubungen:<\/span><\/b><\/strong><span>\u00a0Die zentrale Komponente des Kits sind die Kabelverschraubungen selbst. Dabei handelt es sich um Gewindekomponenten, die einen sicheren und abgedichteten Eintrittspunkt f\u00fcr Kabel schaffen.<\/span><\/li>\n<li><b><\/b><strong><b><span>Kontermuttern:<\/span><\/b><\/strong><span>\u00a0Kontermuttern sind im Lieferumfang enthalten, um die Kabelverschraubungen am Geh\u00e4use oder Ger\u00e4t zu befestigen und zu verhindern, dass sie sich durch Vibrationen oder Bewegungen l\u00f6sen.<\/span><\/li>\n<li><b><\/b><strong><b><span>Dichtscheiben oder O-Ringe:<\/span><\/b><\/strong><span>\u00a0Dieses Zubeh\u00f6r verbessert die Dichtungseigenschaften der Kabelverschraubungen und gew\u00e4hrleistet eine wasser- und wetterfeste Abdichtung rund um den Kabeleintrittspunkt.<\/span><\/li>\n<li><b><\/b><strong><b><span>Abdeckungen:<\/span><\/b><\/strong><span>\u00a0Abdeckungen dienen zum zus\u00e4tzlichen Schutz des Kabeleintrittspunkts und schirmen ihn vor Umwelteinfl\u00fcssen wie Staub, Feuchtigkeit und physischen Sch\u00e4den ab.<\/span><\/li>\n<li><b><\/b><strong><b><span>Erdungsanschl\u00fcsse:<\/span><\/b><\/strong><span>\u00a0Einige Kabelverschraubungss\u00e4tze k\u00f6nnen Erdungsanschl\u00fcsse enthalten, die eine Erdungsverbindung f\u00fcr die elektrische Sicherheit bereitstellen.<\/span><\/li>\n<li><b><\/b><strong><b><span>Verriegelungsvorrichtungen:<\/span><\/b><\/strong><span>\u00a0Verriegelungsvorrichtungen k\u00f6nnen integriert werden, um die Kabelverschraubungen zu sichern und unbefugten Zugriff oder Manipulation zu verhindern.<\/span><\/li>\n<li><b><\/b><strong><b><span>Gewindekonverter:<\/span><\/b><\/strong><span>\u00a0Bei Bedarf k\u00f6nnen Gewindekonverter oder Adapter mitgeliefert werden, um die gemeinsame Verwendung unterschiedlicher Gewindegr\u00f6\u00dfen oder -typen zu erm\u00f6glichen.<\/span><\/li>\n<\/ol>\n<p><span>Kabelverschraubungs-Kits sind praktisch und stellen sicher, dass alle erforderlichen Komponenten f\u00fcr einen Kabeleinf\u00fchrungspunkt in einem einzigen Paket verf\u00fcgbar sind. Sie werden h\u00e4ufig in verschiedenen industriellen, kommerziellen und privaten Anwendungen verwendet, um Kabelmanagement- und Installationsprozesse zu vereinfachen.<\/span><\/p>\n","protected":false},"featured_media":13241,"template":"","meta":[],"product_brand":[],"product_cat":[368],"product_tag":[],"class_list":{"0":"post-13430","1":"product","2":"type-product","3":"status-publish","4":"has-post-thumbnail","6":"product_cat-zubehor-fur-kabelverschraubungen","8":"first","9":"instock","10":"shipping-taxable","11":"product-type-simple"},"yoast_head":"<!-- This site is optimized with the Yoast SEO plugin v27.3 - https:\/\/yoast.com\/product\/yoast-seo-wordpress\/ -->\n<title>Kabelverschraubung-Kit-Packung<\/title>\n<meta name=\"description\" content=\"Conex Metals bietet ein umfassendes Kabelverschraubung-Kit-Packung an, einschlie\u00dflich SWA-Kabelverschraubung, Panzerkabelverschraubungen, Messing-Kabelverschraubung, m20 Kabelverschraubung, a2 Kabelverschraubung, bw Kabelverschraubung, IP67 Kabelverschraubung und 4mm Kabelverschraubung. Als f\u00fchrende Hersteller, Exporteure und Lieferanten in Indien stellt Conex Metals Produkte von h\u00f6chster Qualit\u00e4t sicher\" \/>\n<meta name=\"robots\" content=\"index, follow, max-snippet:-1, max-image-preview:large, max-video-preview:-1\" \/>\n<link rel=\"canonical\" href=\"https:\/\/conexmetals.com\/de\/produkt\/kabelverschraubung-kit-packung\/\" \/>\n<script type=\"application\/ld+json\" class=\"yoast-schema-graph\">{\"@context\":\"https:\\\/\\\/schema.org\",\"@graph\":[{\"@type\":\"WebPage\",\"@id\":\"https:\\\/\\\/conexmetals.com\\\/de\\\/produkt\\\/kabelverschraubung-kit-packung\\\/\",\"url\":\"https:\\\/\\\/conexmetals.com\\\/de\\\/produkt\\\/kabelverschraubung-kit-packung\\\/\",\"name\":\"Kabelverschraubung-Kit-Packung\",\"isPartOf\":{\"@id\":\"https:\\\/\\\/conexmetals.com\\\/de\\\/#website\"},\"primaryImageOfPage\":{\"@id\":\"https:\\\/\\\/conexmetals.com\\\/de\\\/produkt\\\/kabelverschraubung-kit-packung\\\/#primaryimage\"},\"image\":{\"@id\":\"https:\\\/\\\/conexmetals.com\\\/de\\\/produkt\\\/kabelverschraubung-kit-packung\\\/#primaryimage\"},\"thumbnailUrl\":\"https:\\\/\\\/conexmetals.com\\\/wp-content\\\/uploads\\\/2025\\\/01\\\/Kabelverschraubung-Kit-Packung.webp\",\"datePublished\":\"2023-08-18T07:32:45+00:00\",\"dateModified\":\"2025-01-20T11:07:43+00:00\",\"description\":\"Conex Metals bietet ein umfassendes Kabelverschraubung-Kit-Packung an, einschlie\u00dflich SWA-Kabelverschraubung, Panzerkabelverschraubungen, Messing-Kabelverschraubung, m20 Kabelverschraubung, a2 Kabelverschraubung, bw Kabelverschraubung, IP67 Kabelverschraubung und 4mm Kabelverschraubung. Als f\u00fchrende Hersteller, Exporteure und Lieferanten in Indien stellt Conex Metals Produkte von h\u00f6chster Qualit\u00e4t sicher\",\"breadcrumb\":{\"@id\":\"https:\\\/\\\/conexmetals.com\\\/de\\\/produkt\\\/kabelverschraubung-kit-packung\\\/#breadcrumb\"},\"inLanguage\":\"de\",\"potentialAction\":[{\"@type\":\"ReadAction\",\"target\":[\"https:\\\/\\\/conexmetals.com\\\/de\\\/produkt\\\/kabelverschraubung-kit-packung\\\/\"]}]},{\"@type\":\"ImageObject\",\"inLanguage\":\"de\",\"@id\":\"https:\\\/\\\/conexmetals.com\\\/de\\\/produkt\\\/kabelverschraubung-kit-packung\\\/#primaryimage\",\"url\":\"https:\\\/\\\/conexmetals.com\\\/wp-content\\\/uploads\\\/2025\\\/01\\\/Kabelverschraubung-Kit-Packung.webp\",\"contentUrl\":\"https:\\\/\\\/conexmetals.com\\\/wp-content\\\/uploads\\\/2025\\\/01\\\/Kabelverschraubung-Kit-Packung.webp\",\"width\":300,\"height\":300,\"caption\":\"Kabelverschraubung-Kit-Packung\"},{\"@type\":\"BreadcrumbList\",\"@id\":\"https:\\\/\\\/conexmetals.com\\\/de\\\/produkt\\\/kabelverschraubung-kit-packung\\\/#breadcrumb\",\"itemListElement\":[{\"@type\":\"ListItem\",\"position\":1,\"name\":\"Home\",\"item\":\"https:\\\/\\\/conexmetals.com\\\/de\\\/heim\\\/\"},{\"@type\":\"ListItem\",\"position\":2,\"name\":\"Products\",\"item\":\"https:\\\/\\\/conexmetals.com\\\/products\\\/\"},{\"@type\":\"ListItem\",\"position\":3,\"name\":\"Kabelverschraubung-Kit-Packung\"}]},{\"@type\":\"WebSite\",\"@id\":\"https:\\\/\\\/conexmetals.com\\\/de\\\/#website\",\"url\":\"https:\\\/\\\/conexmetals.com\\\/de\\\/\",\"name\":\"Conex Metals Brass Fittings Brass Parts Copper Parts Brass Components Brass Plumbing Fittings India\",\"description\":\"Manufacturer of Bronze Fittings casting Copper Brass parts components\",\"publisher\":{\"@id\":\"https:\\\/\\\/conexmetals.com\\\/de\\\/#organization\"},\"potentialAction\":[{\"@type\":\"SearchAction\",\"target\":{\"@type\":\"EntryPoint\",\"urlTemplate\":\"https:\\\/\\\/conexmetals.com\\\/de\\\/?s={search_term_string}\"},\"query-input\":{\"@type\":\"PropertyValueSpecification\",\"valueRequired\":true,\"valueName\":\"search_term_string\"}}],\"inLanguage\":\"de\"},{\"@type\":\"Organization\",\"@id\":\"https:\\\/\\\/conexmetals.com\\\/de\\\/#organization\",\"name\":\"Conex Metals Brass Fittings Brass Parts Copper Parts Brass Components Brass Plumbing Fittings India\",\"url\":\"https:\\\/\\\/conexmetals.com\\\/de\\\/\",\"logo\":{\"@type\":\"ImageObject\",\"inLanguage\":\"de\",\"@id\":\"https:\\\/\\\/conexmetals.com\\\/de\\\/#\\\/schema\\\/logo\\\/image\\\/\",\"url\":\"https:\\\/\\\/conexmetals.com\\\/wp-content\\\/uploads\\\/2024\\\/03\\\/conex-metals-logo.webp\",\"contentUrl\":\"https:\\\/\\\/conexmetals.com\\\/wp-content\\\/uploads\\\/2024\\\/03\\\/conex-metals-logo.webp\",\"width\":300,\"height\":121,\"caption\":\"Conex Metals Brass Fittings Brass Parts Copper Parts Brass Components Brass Plumbing Fittings India\"},\"image\":{\"@id\":\"https:\\\/\\\/conexmetals.com\\\/de\\\/#\\\/schema\\\/logo\\\/image\\\/\"},\"sameAs\":[\"https:\\\/\\\/www.facebook.com\\\/conexbrass\",\"https:\\\/\\\/x.com\\\/conexindia\",\"https:\\\/\\\/www.linkedin.com\\\/company\\\/conex-metals-india\\\/\",\"https:\\\/\\\/www.instagram.com\\\/conexindia\\\/\"]}]}<\/script>\n<!-- \/ Yoast SEO plugin. -->","yoast_head_json":{"title":"Kabelverschraubung-Kit-Packung","description":"Conex Metals bietet ein umfassendes Kabelverschraubung-Kit-Packung an, einschlie\u00dflich SWA-Kabelverschraubung, Panzerkabelverschraubungen, Messing-Kabelverschraubung, m20 Kabelverschraubung, a2 Kabelverschraubung, bw Kabelverschraubung, IP67 Kabelverschraubung und 4mm Kabelverschraubung. Als f\u00fchrende Hersteller, Exporteure und Lieferanten in Indien stellt Conex Metals Produkte von h\u00f6chster Qualit\u00e4t sicher","robots":{"index":"index","follow":"follow","max-snippet":"max-snippet:-1","max-image-preview":"max-image-preview:large","max-video-preview":"max-video-preview:-1"},"canonical":"https:\/\/conexmetals.com\/de\/produkt\/kabelverschraubung-kit-packung\/","schema":{"@context":"https:\/\/schema.org","@graph":[{"@type":"WebPage","@id":"https:\/\/conexmetals.com\/de\/produkt\/kabelverschraubung-kit-packung\/","url":"https:\/\/conexmetals.com\/de\/produkt\/kabelverschraubung-kit-packung\/","name":"Kabelverschraubung-Kit-Packung","isPartOf":{"@id":"https:\/\/conexmetals.com\/de\/#website"},"primaryImageOfPage":{"@id":"https:\/\/conexmetals.com\/de\/produkt\/kabelverschraubung-kit-packung\/#primaryimage"},"image":{"@id":"https:\/\/conexmetals.com\/de\/produkt\/kabelverschraubung-kit-packung\/#primaryimage"},"thumbnailUrl":"https:\/\/conexmetals.com\/wp-content\/uploads\/2025\/01\/Kabelverschraubung-Kit-Packung.webp","datePublished":"2023-08-18T07:32:45+00:00","dateModified":"2025-01-20T11:07:43+00:00","description":"Conex Metals bietet ein umfassendes Kabelverschraubung-Kit-Packung an, einschlie\u00dflich SWA-Kabelverschraubung, Panzerkabelverschraubungen, Messing-Kabelverschraubung, m20 Kabelverschraubung, a2 Kabelverschraubung, bw Kabelverschraubung, IP67 Kabelverschraubung und 4mm Kabelverschraubung. Als f\u00fchrende Hersteller, Exporteure und Lieferanten in Indien stellt Conex Metals Produkte von h\u00f6chster Qualit\u00e4t sicher","breadcrumb":{"@id":"https:\/\/conexmetals.com\/de\/produkt\/kabelverschraubung-kit-packung\/#breadcrumb"},"inLanguage":"de","potentialAction":[{"@type":"ReadAction","target":["https:\/\/conexmetals.com\/de\/produkt\/kabelverschraubung-kit-packung\/"]}]},{"@type":"ImageObject","inLanguage":"de","@id":"https:\/\/conexmetals.com\/de\/produkt\/kabelverschraubung-kit-packung\/#primaryimage","url":"https:\/\/conexmetals.com\/wp-content\/uploads\/2025\/01\/Kabelverschraubung-Kit-Packung.webp","contentUrl":"https:\/\/conexmetals.com\/wp-content\/uploads\/2025\/01\/Kabelverschraubung-Kit-Packung.webp","width":300,"height":300,"caption":"Kabelverschraubung-Kit-Packung"},{"@type":"BreadcrumbList","@id":"https:\/\/conexmetals.com\/de\/produkt\/kabelverschraubung-kit-packung\/#breadcrumb","itemListElement":[{"@type":"ListItem","position":1,"name":"Home","item":"https:\/\/conexmetals.com\/de\/heim\/"},{"@type":"ListItem","position":2,"name":"Products","item":"https:\/\/conexmetals.com\/products\/"},{"@type":"ListItem","position":3,"name":"Kabelverschraubung-Kit-Packung"}]},{"@type":"WebSite","@id":"https:\/\/conexmetals.com\/de\/#website","url":"https:\/\/conexmetals.com\/de\/","name":"Conex Metals Brass Fittings Brass Parts Copper Parts Brass Components Brass Plumbing Fittings India","description":"Manufacturer of Bronze Fittings casting Copper Brass parts components","publisher":{"@id":"https:\/\/conexmetals.com\/de\/#organization"},"potentialAction":[{"@type":"SearchAction","target":{"@type":"EntryPoint","urlTemplate":"https:\/\/conexmetals.com\/de\/?s={search_term_string}"},"query-input":{"@type":"PropertyValueSpecification","valueRequired":true,"valueName":"search_term_string"}}],"inLanguage":"de"},{"@type":"Organization","@id":"https:\/\/conexmetals.com\/de\/#organization","name":"Conex Metals Brass Fittings Brass Parts Copper Parts Brass Components Brass Plumbing Fittings India","url":"https:\/\/conexmetals.com\/de\/","logo":{"@type":"ImageObject","inLanguage":"de","@id":"https:\/\/conexmetals.com\/de\/#\/schema\/logo\/image\/","url":"https:\/\/conexmetals.com\/wp-content\/uploads\/2024\/03\/conex-metals-logo.webp","contentUrl":"https:\/\/conexmetals.com\/wp-content\/uploads\/2024\/03\/conex-metals-logo.webp","width":300,"height":121,"caption":"Conex Metals Brass Fittings Brass Parts Copper Parts Brass Components Brass Plumbing Fittings India"},"image":{"@id":"https:\/\/conexmetals.com\/de\/#\/schema\/logo\/image\/"},"sameAs":["https:\/\/www.facebook.com\/conexbrass","https:\/\/x.com\/conexindia","https:\/\/www.linkedin.com\/company\/conex-metals-india\/","https:\/\/www.instagram.com\/conexindia\/"]}]}},"_links":{"self":[{"href":"https:\/\/conexmetals.com\/de\/wp-json\/wp\/v2\/product\/13430","targetHints":{"allow":["GET"]}}],"collection":[{"href":"https:\/\/conexmetals.com\/de\/wp-json\/wp\/v2\/product"}],"about":[{"href":"https:\/\/conexmetals.com\/de\/wp-json\/wp\/v2\/types\/product"}],"wp:featuredmedia":[{"embeddable":true,"href":"https:\/\/conexmetals.com\/de\/wp-json\/wp\/v2\/media\/13241"}],"wp:attachment":[{"href":"https:\/\/conexmetals.com\/de\/wp-json\/wp\/v2\/media?parent=13430"}],"wp:term":[{"taxonomy":"product_brand","embeddable":true,"href":"https:\/\/conexmetals.com\/de\/wp-json\/wp\/v2\/product_brand?post=13430"},{"taxonomy":"product_cat","embeddable":true,"href":"https:\/\/conexmetals.com\/de\/wp-json\/wp\/v2\/product_cat?post=13430"},{"taxonomy":"product_tag","embeddable":true,"href":"https:\/\/conexmetals.com\/de\/wp-json\/wp\/v2\/product_tag?post=13430"}],"curies":[{"name":"wp","href":"https:\/\/api.w.org\/{rel}","templated":true}]}}