{"id":13447,"date":"2023-08-18T12:51:19","date_gmt":"2023-08-18T07:21:19","guid":{"rendered":"https:\/\/conexmetals.com\/?post_type=product&#038;p=13447"},"modified":"2025-01-20T18:44:00","modified_gmt":"2025-01-20T13:14:00","slug":"e1w-industrielle-messing-kabelverschraubungen","status":"publish","type":"product","link":"https:\/\/conexmetals.com\/de\/produkt\/e1w-industrielle-messing-kabelverschraubungen\/","title":{"rendered":"E1W Industrielle Messing-Kabelverschraubungen"},"content":{"rendered":"","protected":false},"excerpt":{"rendered":"<div class=\"elementor-element elementor-element-672075d elementor-widget__width-initial e-transform elementor-widget-mobile__width-initial elementor-widget elementor-widget-woocommerce-product-images\" data-id=\"672075d\" data-element_type=\"widget\" data-settings=\"{&quot;_transform_scale_effect&quot;:{&quot;unit&quot;:&quot;px&quot;,&quot;size&quot;:1,&quot;sizes&quot;:[]},&quot;_transform_scale_effect_tablet&quot;:{&quot;unit&quot;:&quot;px&quot;,&quot;size&quot;:&quot;&quot;,&quot;sizes&quot;:[]},&quot;_transform_scale_effect_mobile&quot;:{&quot;unit&quot;:&quot;px&quot;,&quot;size&quot;:&quot;&quot;,&quot;sizes&quot;:[]}}\" data-widget_type=\"woocommerce-product-images.default\">\n<div class=\"elementor-widget-container\">\n<div class=\"woocommerce-product-gallery woocommerce-product-gallery--with-images woocommerce-product-gallery--columns-4 images\" data-columns=\"4\">\n<div class=\"woocommerce-product-gallery__wrapper\">\n<div class=\"woocommerce-product-gallery__image\" data-thumb=\"https:\/\/conexmetals.com\/wp-content\/uploads\/2023\/08\/E1W-Industrial-Cable-Gland-1-100x100.webp\" data-thumb-alt=\"E1W-Industrial-Cable-Gland\" data-thumb-srcset=\"https:\/\/conexmetals.com\/wp-content\/uploads\/2023\/08\/E1W-Industrial-Cable-Gland-1-100x100.webp 100w, https:\/\/conexmetals.com\/wp-content\/uploads\/2023\/08\/E1W-Industrial-Cable-Gland-1-300x300.webp 300w, https:\/\/conexmetals.com\/wp-content\/uploads\/2023\/08\/E1W-Industrial-Cable-Gland-1-150x150.webp 150w, https:\/\/conexmetals.com\/wp-content\/uploads\/2023\/08\/E1W-Industrial-Cable-Gland-1.webp 350w\"><\/div>\n<\/div>\n<\/div>\n<\/div>\n<\/div>\n<div class=\"elementor-element elementor-element-36d2ab8 elementor-widget elementor-widget-woocommerce-product-short-description\" data-id=\"36d2ab8\" data-element_type=\"widget\" data-widget_type=\"woocommerce-product-short-description.default\">\n<div class=\"elementor-widget-container\">\n<div class=\"woocommerce-product-details__short-description\">\n<table id=\"tablepress-418\" class=\"tablepress tablepress-id-418\">\n<caption>\u00a0<\/caption>\n<thead>\n<tr class=\"row-1 odd\">\n<th class=\"column-1\" colspan=\"8\"><strong><span>Technisches Datenblatt<\/span><\/strong><\/th>\n<\/tr>\n<\/thead>\n<tbody class=\"row-hover\">\n<tr class=\"row-2 even\">\n<td class=\"column-1\" rowspan=\"2\"><strong><span>Stopfbuchsengr\u00f6\u00dfe<\/span><\/strong><\/td>\n<td class=\"column-2\" rowspan=\"2\"><strong><span>\u00dcber Falt<\/span><\/strong><\/td>\n<td class=\"column-3\" rowspan=\"2\"><strong><span>\u00dcber die Ecke<\/span><\/strong><\/td>\n<td class=\"column-4\" colspan=\"3\"><strong><span>Details zur Kabelakzeptanz<\/span><\/strong><\/td>\n<td class=\"column-7\" colspan=\"2\"><strong><span>Eintrag hier<\/span><\/strong><\/td>\n<\/tr>\n<tr class=\"row-3 odd\">\n<td class=\"column-4\"><span>DIA MAX.<\/span><\/td>\n<td class=\"column-5\"><span>DIA MAX.<\/span><\/td>\n<td class=\"column-6\"><span>R\u00fcstungsdia<\/span><\/td>\n<td class=\"column-7\"><span>DIA<\/span><\/td>\n<td class=\"column-8\"><span>L\u00e4nge Minimum<\/span><\/td>\n<\/tr>\n<tr class=\"row-4 even\">\n<td class=\"column-1\"><span>20 S<\/span><\/td>\n<td class=\"column-2\"><span>24<\/span><\/td>\n<td class=\"column-3\"><span>27<\/span><\/td>\n<td class=\"column-4\"><span>8.00 &#8211; 11.80<\/span><\/td>\n<td class=\"column-5\"><span>12.90 &#8211; 17.20<\/span><\/td>\n<td class=\"column-6\"><span>0,90\/1,25<\/span><\/td>\n<td class=\"column-7\"><span>20<\/span><\/td>\n<td class=\"column-8\"><span>10<\/span><\/td>\n<\/tr>\n<tr class=\"row-5 odd\">\n<td class=\"column-1\"><span>20 Liter<\/span><\/td>\n<td class=\"column-2\"><span>27,7<\/span><\/td>\n<td class=\"column-3\"><span>31<\/span><\/td>\n<td class=\"column-4\"><span>11.00 &#8211; 14.00<\/span><\/td>\n<td class=\"column-5\"><span>15,50 &#8211; 20,80<\/span><\/td>\n<td class=\"column-6\"><span>0,90\/1,25<\/span><\/td>\n<td class=\"column-7\"><span>20<\/span><\/td>\n<td class=\"column-8\"><span>10<\/span><\/td>\n<\/tr>\n<tr class=\"row-6 even\">\n<td class=\"column-1\"><span>25 S<\/span><\/td>\n<td class=\"column-2\"><span>31,5<\/span><\/td>\n<td class=\"column-3\"><span>35<\/span><\/td>\n<td class=\"column-4\"><span>12.00 &#8211; 17.00<\/span><\/td>\n<td class=\"column-5\"><span>17.50 &#8211; 24.00<\/span><\/td>\n<td class=\"column-6\"><span>1,25\/1,60<\/span><\/td>\n<td class=\"column-7\"><span>25<\/span><\/td>\n<td class=\"column-8\"><span>10<\/span><\/td>\n<\/tr>\n<tr class=\"row-7 odd\">\n<td class=\"column-1\"><span>25 Liter<\/span><\/td>\n<td class=\"column-2\"><span>35<\/span><\/td>\n<td class=\"column-3\"><span>39<\/span><\/td>\n<td class=\"column-4\"><span>13.00 &#8211; 20.30<\/span><\/td>\n<td class=\"column-5\"><span>24.00 &#8211; 27.20<\/span><\/td>\n<td class=\"column-6\"><span>1,25\/1,60<\/span><\/td>\n<td class=\"column-7\"><span>25<\/span><\/td>\n<td class=\"column-8\"><span>10<\/span><\/td>\n<\/tr>\n<tr class=\"row-8 even\">\n<td class=\"column-1\"><span>32 S<\/span><\/td>\n<td class=\"column-2\"><span>43<\/span><\/td>\n<td class=\"column-3\"><span>47,5<\/span><\/td>\n<td class=\"column-4\"><span>17.00 &#8211; 24.00<\/span><\/td>\n<td class=\"column-5\"><span>25.00 &#8211; 31.00<\/span><\/td>\n<td class=\"column-6\"><span>1,60\/2,00<\/span><\/td>\n<td class=\"column-7\"><span>32<\/span><\/td>\n<td class=\"column-8\"><span>10<\/span><\/td>\n<\/tr>\n<tr class=\"row-9 odd\">\n<td class=\"column-1\"><span>32 Liter<\/span><\/td>\n<td class=\"column-2\"><span>43<\/span><\/td>\n<td class=\"column-3\"><span>47,5<\/span><\/td>\n<td class=\"column-4\"><span>19.00- 26.20<\/span><\/td>\n<td class=\"column-5\"><span>26,70 &#8211; 34,00<\/span><\/td>\n<td class=\"column-6\"><span>1,60\/2,00<\/span><\/td>\n<td class=\"column-7\"><span>32<\/span><\/td>\n<td class=\"column-8\"><span>10<\/span><\/td>\n<\/tr>\n<tr class=\"row-10 even\">\n<td class=\"column-1\"><span>40 S<\/span><\/td>\n<td class=\"column-2\"><span>51,5<\/span><\/td>\n<td class=\"column-3\"><span>57<\/span><\/td>\n<td class=\"column-4\"><span>23.00 &#8211; 30.00<\/span><\/td>\n<td class=\"column-5\"><span>31.00 &#8211; 38.50<\/span><\/td>\n<td class=\"column-6\"><span>1,60\/2,00<\/span><\/td>\n<td class=\"column-7\"><span>40<\/span><\/td>\n<td class=\"column-8\"><span>15<\/span><\/td>\n<\/tr>\n<tr class=\"row-11 odd\">\n<td class=\"column-1\"><span>40 Liter<\/span><\/td>\n<td class=\"column-2\"><span>51,5<\/span><\/td>\n<td class=\"column-3\"><span>57<\/span><\/td>\n<td class=\"column-4\"><span>25.00 &#8211; 32.20<\/span><\/td>\n<td class=\"column-5\"><span>33.00 &#8211; 40.50<\/span><\/td>\n<td class=\"column-6\"><span>1,60\/2,00<\/span><\/td>\n<td class=\"column-7\"><span>40<\/span><\/td>\n<td class=\"column-8\"><span>15<\/span><\/td>\n<\/tr>\n<tr class=\"row-12 even\">\n<td class=\"column-1\"><span>50 S<\/span><\/td>\n<td class=\"column-2\"><span>58,5<\/span><\/td>\n<td class=\"column-3\"><span>65<\/span><\/td>\n<td class=\"column-4\"><span>31,50 &#8211; 38,20<\/span><\/td>\n<td class=\"column-5\"><span>39,40 &#8211; 46,80<\/span><\/td>\n<td class=\"column-6\"><span>2,00\/2,50<\/span><\/td>\n<td class=\"column-7\"><span>50<\/span><\/td>\n<td class=\"column-8\"><span>15<\/span><\/td>\n<\/tr>\n<tr class=\"row-13 odd\">\n<td class=\"column-1\"><span>50 Liter<\/span><\/td>\n<td class=\"column-2\"><span>66<\/span><\/td>\n<td class=\"column-3\"><span>73<\/span><\/td>\n<td class=\"column-4\"><span>36,50 &#8211; 44,00<\/span><\/td>\n<td class=\"column-5\"><span>45,70 &#8211; 53,20<\/span><\/td>\n<td class=\"column-6\"><span>2,00\/2,50<\/span><\/td>\n<td class=\"column-7\"><span>50<\/span><\/td>\n<td class=\"column-8\"><span>15<\/span><\/td>\n<\/tr>\n<tr class=\"row-14 even\">\n<td class=\"column-1\"><span>63 S<\/span><\/td>\n<td class=\"column-2\"><span>72<\/span><\/td>\n<td class=\"column-3\"><span>80<\/span><\/td>\n<td class=\"column-4\"><span>42,50 &#8211; 50,00<\/span><\/td>\n<td class=\"column-5\"><span>52.10 &#8211; 59.00<\/span><\/td>\n<td class=\"column-6\"><span>2.5<\/span><\/td>\n<td class=\"column-7\"><span>63<\/span><\/td>\n<td class=\"column-8\"><span>15<\/span><\/td>\n<\/tr>\n<tr class=\"row-15 odd\">\n<td class=\"column-1\"><span>63 Liter<\/span><\/td>\n<td class=\"column-2\"><span>80<\/span><\/td>\n<td class=\"column-3\"><span>89<\/span><\/td>\n<td class=\"column-4\"><span>49,10 &#8211; 56,00<\/span><\/td>\n<td class=\"column-5\"><span>58,40 &#8211; 66,00<\/span><\/td>\n<td class=\"column-6\"><span>2.5<\/span><\/td>\n<td class=\"column-7\"><span>63<\/span><\/td>\n<td class=\"column-8\"><span>15<\/span><\/td>\n<\/tr>\n<tr class=\"row-16 even\">\n<td class=\"column-1\"><span>75 S<\/span><\/td>\n<td class=\"column-2\"><span>86,5<\/span><\/td>\n<td class=\"column-3\"><span>97<\/span><\/td>\n<td class=\"column-4\"><span>54,50 &#8211; 62,00<\/span><\/td>\n<td class=\"column-5\"><span>64,80 &#8211; 72,00<\/span><\/td>\n<td class=\"column-6\"><span>2.5<\/span><\/td>\n<td class=\"column-7\"><span>75<\/span><\/td>\n<td class=\"column-8\"><span>17<\/span><\/td>\n<\/tr>\n<tr class=\"row-17 odd\">\n<td class=\"column-1\"><span>75 Liter<\/span><\/td>\n<td class=\"column-2\"><span>94<\/span><\/td>\n<td class=\"column-3\"><span>105<\/span><\/td>\n<td class=\"column-4\"><span>60,50 &#8211; 68,00<\/span><\/td>\n<td class=\"column-5\"><span>71.10 &#8211; 78.00<\/span><\/td>\n<td class=\"column-6\"><span>2.5<\/span><\/td>\n<td class=\"column-7\"><span>75<\/span><\/td>\n<td class=\"column-8\"><span>17<\/span><\/td>\n<\/tr>\n<tr class=\"row-18 even\">\n<td class=\"column-1\"><span>90 Liter<\/span><\/td>\n<td class=\"column-2\"><span>106<\/span><\/td>\n<td class=\"column-3\"><span>118<\/span><\/td>\n<td class=\"column-4\"><span>66.00 &#8211; 79.00<\/span><\/td>\n<td class=\"column-5\"><span>77.00 &#8211; 90.00<\/span><\/td>\n<td class=\"column-6\"><span>2,50\/3,15<\/span><\/td>\n<td class=\"column-7\"><span>90<\/span><\/td>\n<td class=\"column-8\"><span>20<\/span><\/td>\n<\/tr>\n<\/tbody>\n<\/table>\n<p><img fetchpriority=\"high\" decoding=\"async\" class=\"alignright wp-image-13068 size-full lazy loaded\" src=\"https:\/\/conexmetals.com\/wp-content\/uploads\/2023\/08\/E1W-Industrial-Cable-Glands.jpg\" alt=\"E1W Industrielle Kabelverschraubungen\" width=\"500\" height=\"220\" data-src=\"https:\/\/conexmetals.com\/wp-content\/uploads\/2023\/08\/E1W-Industrial-Cable-Glands.jpg\" data-was-processed=\"true\" srcset=\"https:\/\/conexmetals.com\/wp-content\/uploads\/2023\/08\/E1W-Industrial-Cable-Glands.jpg 500w, https:\/\/conexmetals.com\/wp-content\/uploads\/2023\/08\/E1W-Industrial-Cable-Glands-300x132.jpg 300w\" sizes=\"(max-width: 500px) 100vw, 500px\" \/><span>E1W-Industriekabelverschraubungen sind ein spezieller Kabelverschraubungstyp, der h\u00e4ufig in industriellen Umgebungen verwendet wird, um sichere und wasserdichte Verbindungen f\u00fcr Kabel zu gew\u00e4hrleisten. Die Bezeichnung \u201eE1W\u201c weist auf einen bestimmten Standard oder eine bestimmte Spezifikation f\u00fcr diese Kabelverschraubungen hin. Diese Verschraubungen sind so konzipiert, dass sie Schutz vor Umwelteinfl\u00fcssen wie Staub, Feuchtigkeit und Wasser bieten und sind daher f\u00fcr den Einsatz in anspruchsvollen und rauen Industrieumgebungen geeignet.<\/span><\/p>\n<p><span>Hier sind einige wichtige Punkte zu den industriellen Kabelverschraubungen E1W:<\/span><\/p>\n<p><strong><b><span>Funktion:<\/span><\/b><\/strong><span>\u00a0\u00a0E1W-Kabelverschraubungen erf\u00fcllen dieselben grundlegenden Funktionen wie andere Kabelverschraubungen, darunter Kabeleinf\u00fchrung, Zugentlastung und Abdichtung gegen Umwelteinfl\u00fcsse. Sie sind speziell f\u00fcr den Schutz bei Anwendungen konzipiert, bei denen das Eindringen von Wasser ein Problem darstellen k\u00f6nnte.<\/span><\/p>\n<p><strong><b><span>Merkmale:<\/span><\/b><\/strong><span>\u00a0\u00a0E1W-Kabelverschraubungen verf\u00fcgen typischerweise \u00fcber folgende Merkmale:<\/span><\/p>\n<ol>\n<li><b><\/b><strong><b><span>Doppelte Kompressionsdichtung:<\/span><\/b><\/strong><span>\u00a0Eines der herausragenden Merkmale der E1W-Kabelverschraubungen ist das doppelte Kompressionsdichtungssystem. Dieses Design gew\u00e4hrleistet eine zuverl\u00e4ssige und wasserdichte Abdichtung um das Kabel herum und bietet so verbesserten Schutz gegen das Eindringen von Wasser.<\/span><\/li>\n<li><b><\/b><strong><b><span>Innere und \u00e4u\u00dfere Dichtung:<\/span><\/b><\/strong><span>\u00a0Die doppelte Kompressionsdichtung besteht aus einer inneren und einer \u00e4u\u00dferen Dichtung, wobei die innere Dichtung das Eindringen von Feuchtigkeit in das Kabel verhindert und die \u00e4u\u00dfere Dichtung f\u00fcr zus\u00e4tzlichen Schutz sorgt.<\/span><\/li>\n<li><b><\/b><strong><b><span>Wetterfestes Design:<\/span><\/b><\/strong><span>\u00a0E1W-Kabelverschraubungen sind h\u00e4ufig wetterfest und daher f\u00fcr den Au\u00dfenbereich und exponierte Umgebungen geeignet.<\/span><\/li>\n<li><b><\/b><strong><b><span>Materialauswahl:<\/span><\/b><\/strong><span>\u00a0Diese Verschraubungen k\u00f6nnen je nach Anwendungsanforderungen und Umgebungsbedingungen aus verschiedenen Materialien wie Messing oder Edelstahl hergestellt werden.<\/span><\/li>\n<\/ol>\n<p><strong><b><span>Anwendungen:<\/span><\/b><\/strong><span>\u00a0\u00a0E1W-Industriekabelverschraubungen werden h\u00e4ufig in verschiedenen Branchen verwendet, darunter Fertigung, \u00d6l und Gas, Chemieanlagen, Schifffahrt und andere Umgebungen, in denen Wasserbest\u00e4ndigkeit und Umweltschutz von wesentlicher Bedeutung sind.<\/span><\/p>\n<p><span>Zusammenfassend sind die industriellen Kabelverschraubungen E1W so konzipiert, dass sie eine robuste und wasserdichte Kabeleinf\u00fchrungsl\u00f6sung f\u00fcr industrielle Anwendungen bieten. Ihr Design mit doppelter Kompressionsdichtung bietet verbesserten Schutz gegen das Eindringen von Feuchtigkeit und Wasser und ist daher f\u00fcr anspruchsvolle Umgebungen geeignet.<\/span><\/p>\n<\/div>\n<\/div>\n<\/div>\n","protected":false},"featured_media":13264,"template":"","meta":[],"product_brand":[],"product_cat":[364],"product_tag":[],"class_list":{"0":"post-13447","1":"product","2":"type-product","3":"status-publish","4":"has-post-thumbnail","6":"product_cat-kabelverschraubungen","8":"first","9":"instock","10":"shipping-taxable","11":"product-type-simple"},"yoast_head":"<!-- This site is optimized with the Yoast SEO plugin v27.3 - https:\/\/yoast.com\/product\/yoast-seo-wordpress\/ -->\n<title>E1W Industrielle Messing-Kabelverschraubungen<\/title>\n<meta name=\"description\" content=\"Finden Sie hochwertige E1W Industrielle Messing-Kabelverschraubungen bei Conex Metals. Unsere Auswahl umfasst Panzerkabelverschraubungen, Messing-Kabelverschraubungen, Doppel-Kompressions-Kabelverschraubungen und explosionsgesch\u00fctzte Kabelverschraubungen. Als f\u00fchrender Hersteller, Exporteur und Lieferant in Indien stellt Conex Metals zuverl\u00e4ssige 32mm Kabelverschraubungen und Kabelcrimper sicher.\" \/>\n<meta name=\"robots\" content=\"index, follow, max-snippet:-1, max-image-preview:large, max-video-preview:-1\" \/>\n<link rel=\"canonical\" href=\"https:\/\/conexmetals.com\/de\/produkt\/e1w-industrielle-messing-kabelverschraubungen\/\" \/>\n<script type=\"application\/ld+json\" class=\"yoast-schema-graph\">{\"@context\":\"https:\\\/\\\/schema.org\",\"@graph\":[{\"@type\":\"WebPage\",\"@id\":\"https:\\\/\\\/conexmetals.com\\\/de\\\/produkt\\\/e1w-industrielle-messing-kabelverschraubungen\\\/\",\"url\":\"https:\\\/\\\/conexmetals.com\\\/de\\\/produkt\\\/e1w-industrielle-messing-kabelverschraubungen\\\/\",\"name\":\"E1W Industrielle Messing-Kabelverschraubungen\",\"isPartOf\":{\"@id\":\"https:\\\/\\\/conexmetals.com\\\/de\\\/#website\"},\"primaryImageOfPage\":{\"@id\":\"https:\\\/\\\/conexmetals.com\\\/de\\\/produkt\\\/e1w-industrielle-messing-kabelverschraubungen\\\/#primaryimage\"},\"image\":{\"@id\":\"https:\\\/\\\/conexmetals.com\\\/de\\\/produkt\\\/e1w-industrielle-messing-kabelverschraubungen\\\/#primaryimage\"},\"thumbnailUrl\":\"https:\\\/\\\/conexmetals.com\\\/wp-content\\\/uploads\\\/2025\\\/01\\\/E1W-Industrielle-Messing-Kabelverschraubungen-1.webp\",\"datePublished\":\"2023-08-18T07:21:19+00:00\",\"dateModified\":\"2025-01-20T13:14:00+00:00\",\"description\":\"Finden Sie hochwertige E1W Industrielle Messing-Kabelverschraubungen bei Conex Metals. Unsere Auswahl umfasst Panzerkabelverschraubungen, Messing-Kabelverschraubungen, Doppel-Kompressions-Kabelverschraubungen und explosionsgesch\u00fctzte Kabelverschraubungen. Als f\u00fchrender Hersteller, Exporteur und Lieferant in Indien stellt Conex Metals zuverl\u00e4ssige 32mm Kabelverschraubungen und Kabelcrimper sicher.\",\"breadcrumb\":{\"@id\":\"https:\\\/\\\/conexmetals.com\\\/de\\\/produkt\\\/e1w-industrielle-messing-kabelverschraubungen\\\/#breadcrumb\"},\"inLanguage\":\"de\",\"potentialAction\":[{\"@type\":\"ReadAction\",\"target\":[\"https:\\\/\\\/conexmetals.com\\\/de\\\/produkt\\\/e1w-industrielle-messing-kabelverschraubungen\\\/\"]}]},{\"@type\":\"ImageObject\",\"inLanguage\":\"de\",\"@id\":\"https:\\\/\\\/conexmetals.com\\\/de\\\/produkt\\\/e1w-industrielle-messing-kabelverschraubungen\\\/#primaryimage\",\"url\":\"https:\\\/\\\/conexmetals.com\\\/wp-content\\\/uploads\\\/2025\\\/01\\\/E1W-Industrielle-Messing-Kabelverschraubungen-1.webp\",\"contentUrl\":\"https:\\\/\\\/conexmetals.com\\\/wp-content\\\/uploads\\\/2025\\\/01\\\/E1W-Industrielle-Messing-Kabelverschraubungen-1.webp\",\"width\":300,\"height\":300,\"caption\":\"E1W Industrielle Messing-Kabelverschraubungen\"},{\"@type\":\"BreadcrumbList\",\"@id\":\"https:\\\/\\\/conexmetals.com\\\/de\\\/produkt\\\/e1w-industrielle-messing-kabelverschraubungen\\\/#breadcrumb\",\"itemListElement\":[{\"@type\":\"ListItem\",\"position\":1,\"name\":\"Home\",\"item\":\"https:\\\/\\\/conexmetals.com\\\/de\\\/heim\\\/\"},{\"@type\":\"ListItem\",\"position\":2,\"name\":\"Products\",\"item\":\"https:\\\/\\\/conexmetals.com\\\/products\\\/\"},{\"@type\":\"ListItem\",\"position\":3,\"name\":\"E1W Industrielle Messing-Kabelverschraubungen\"}]},{\"@type\":\"WebSite\",\"@id\":\"https:\\\/\\\/conexmetals.com\\\/de\\\/#website\",\"url\":\"https:\\\/\\\/conexmetals.com\\\/de\\\/\",\"name\":\"Conex Metals Brass Fittings Brass Parts Copper Parts Brass Components Brass Plumbing Fittings India\",\"description\":\"Manufacturer of Bronze Fittings casting Copper Brass parts components\",\"publisher\":{\"@id\":\"https:\\\/\\\/conexmetals.com\\\/de\\\/#organization\"},\"potentialAction\":[{\"@type\":\"SearchAction\",\"target\":{\"@type\":\"EntryPoint\",\"urlTemplate\":\"https:\\\/\\\/conexmetals.com\\\/de\\\/?s={search_term_string}\"},\"query-input\":{\"@type\":\"PropertyValueSpecification\",\"valueRequired\":true,\"valueName\":\"search_term_string\"}}],\"inLanguage\":\"de\"},{\"@type\":\"Organization\",\"@id\":\"https:\\\/\\\/conexmetals.com\\\/de\\\/#organization\",\"name\":\"Conex Metals Brass Fittings Brass Parts Copper Parts Brass Components Brass Plumbing Fittings India\",\"url\":\"https:\\\/\\\/conexmetals.com\\\/de\\\/\",\"logo\":{\"@type\":\"ImageObject\",\"inLanguage\":\"de\",\"@id\":\"https:\\\/\\\/conexmetals.com\\\/de\\\/#\\\/schema\\\/logo\\\/image\\\/\",\"url\":\"https:\\\/\\\/conexmetals.com\\\/wp-content\\\/uploads\\\/2024\\\/03\\\/conex-metals-logo.webp\",\"contentUrl\":\"https:\\\/\\\/conexmetals.com\\\/wp-content\\\/uploads\\\/2024\\\/03\\\/conex-metals-logo.webp\",\"width\":300,\"height\":121,\"caption\":\"Conex Metals Brass Fittings Brass Parts Copper Parts Brass Components Brass Plumbing Fittings India\"},\"image\":{\"@id\":\"https:\\\/\\\/conexmetals.com\\\/de\\\/#\\\/schema\\\/logo\\\/image\\\/\"},\"sameAs\":[\"https:\\\/\\\/www.facebook.com\\\/conexbrass\",\"https:\\\/\\\/x.com\\\/conexindia\",\"https:\\\/\\\/www.linkedin.com\\\/company\\\/conex-metals-india\\\/\",\"https:\\\/\\\/www.instagram.com\\\/conexindia\\\/\"]}]}<\/script>\n<!-- \/ Yoast SEO plugin. -->","yoast_head_json":{"title":"E1W Industrielle Messing-Kabelverschraubungen","description":"Finden Sie hochwertige E1W Industrielle Messing-Kabelverschraubungen bei Conex Metals. Unsere Auswahl umfasst Panzerkabelverschraubungen, Messing-Kabelverschraubungen, Doppel-Kompressions-Kabelverschraubungen und explosionsgesch\u00fctzte Kabelverschraubungen. Als f\u00fchrender Hersteller, Exporteur und Lieferant in Indien stellt Conex Metals zuverl\u00e4ssige 32mm Kabelverschraubungen und Kabelcrimper sicher.","robots":{"index":"index","follow":"follow","max-snippet":"max-snippet:-1","max-image-preview":"max-image-preview:large","max-video-preview":"max-video-preview:-1"},"canonical":"https:\/\/conexmetals.com\/de\/produkt\/e1w-industrielle-messing-kabelverschraubungen\/","schema":{"@context":"https:\/\/schema.org","@graph":[{"@type":"WebPage","@id":"https:\/\/conexmetals.com\/de\/produkt\/e1w-industrielle-messing-kabelverschraubungen\/","url":"https:\/\/conexmetals.com\/de\/produkt\/e1w-industrielle-messing-kabelverschraubungen\/","name":"E1W Industrielle Messing-Kabelverschraubungen","isPartOf":{"@id":"https:\/\/conexmetals.com\/de\/#website"},"primaryImageOfPage":{"@id":"https:\/\/conexmetals.com\/de\/produkt\/e1w-industrielle-messing-kabelverschraubungen\/#primaryimage"},"image":{"@id":"https:\/\/conexmetals.com\/de\/produkt\/e1w-industrielle-messing-kabelverschraubungen\/#primaryimage"},"thumbnailUrl":"https:\/\/conexmetals.com\/wp-content\/uploads\/2025\/01\/E1W-Industrielle-Messing-Kabelverschraubungen-1.webp","datePublished":"2023-08-18T07:21:19+00:00","dateModified":"2025-01-20T13:14:00+00:00","description":"Finden Sie hochwertige E1W Industrielle Messing-Kabelverschraubungen bei Conex Metals. Unsere Auswahl umfasst Panzerkabelverschraubungen, Messing-Kabelverschraubungen, Doppel-Kompressions-Kabelverschraubungen und explosionsgesch\u00fctzte Kabelverschraubungen. Als f\u00fchrender Hersteller, Exporteur und Lieferant in Indien stellt Conex Metals zuverl\u00e4ssige 32mm Kabelverschraubungen und Kabelcrimper sicher.","breadcrumb":{"@id":"https:\/\/conexmetals.com\/de\/produkt\/e1w-industrielle-messing-kabelverschraubungen\/#breadcrumb"},"inLanguage":"de","potentialAction":[{"@type":"ReadAction","target":["https:\/\/conexmetals.com\/de\/produkt\/e1w-industrielle-messing-kabelverschraubungen\/"]}]},{"@type":"ImageObject","inLanguage":"de","@id":"https:\/\/conexmetals.com\/de\/produkt\/e1w-industrielle-messing-kabelverschraubungen\/#primaryimage","url":"https:\/\/conexmetals.com\/wp-content\/uploads\/2025\/01\/E1W-Industrielle-Messing-Kabelverschraubungen-1.webp","contentUrl":"https:\/\/conexmetals.com\/wp-content\/uploads\/2025\/01\/E1W-Industrielle-Messing-Kabelverschraubungen-1.webp","width":300,"height":300,"caption":"E1W Industrielle Messing-Kabelverschraubungen"},{"@type":"BreadcrumbList","@id":"https:\/\/conexmetals.com\/de\/produkt\/e1w-industrielle-messing-kabelverschraubungen\/#breadcrumb","itemListElement":[{"@type":"ListItem","position":1,"name":"Home","item":"https:\/\/conexmetals.com\/de\/heim\/"},{"@type":"ListItem","position":2,"name":"Products","item":"https:\/\/conexmetals.com\/products\/"},{"@type":"ListItem","position":3,"name":"E1W Industrielle Messing-Kabelverschraubungen"}]},{"@type":"WebSite","@id":"https:\/\/conexmetals.com\/de\/#website","url":"https:\/\/conexmetals.com\/de\/","name":"Conex Metals Brass Fittings Brass Parts Copper Parts Brass Components Brass Plumbing Fittings India","description":"Manufacturer of Bronze Fittings casting Copper Brass parts components","publisher":{"@id":"https:\/\/conexmetals.com\/de\/#organization"},"potentialAction":[{"@type":"SearchAction","target":{"@type":"EntryPoint","urlTemplate":"https:\/\/conexmetals.com\/de\/?s={search_term_string}"},"query-input":{"@type":"PropertyValueSpecification","valueRequired":true,"valueName":"search_term_string"}}],"inLanguage":"de"},{"@type":"Organization","@id":"https:\/\/conexmetals.com\/de\/#organization","name":"Conex Metals Brass Fittings Brass Parts Copper Parts Brass Components Brass Plumbing Fittings India","url":"https:\/\/conexmetals.com\/de\/","logo":{"@type":"ImageObject","inLanguage":"de","@id":"https:\/\/conexmetals.com\/de\/#\/schema\/logo\/image\/","url":"https:\/\/conexmetals.com\/wp-content\/uploads\/2024\/03\/conex-metals-logo.webp","contentUrl":"https:\/\/conexmetals.com\/wp-content\/uploads\/2024\/03\/conex-metals-logo.webp","width":300,"height":121,"caption":"Conex Metals Brass Fittings Brass Parts Copper Parts Brass Components Brass Plumbing Fittings India"},"image":{"@id":"https:\/\/conexmetals.com\/de\/#\/schema\/logo\/image\/"},"sameAs":["https:\/\/www.facebook.com\/conexbrass","https:\/\/x.com\/conexindia","https:\/\/www.linkedin.com\/company\/conex-metals-india\/","https:\/\/www.instagram.com\/conexindia\/"]}]}},"_links":{"self":[{"href":"https:\/\/conexmetals.com\/de\/wp-json\/wp\/v2\/product\/13447","targetHints":{"allow":["GET"]}}],"collection":[{"href":"https:\/\/conexmetals.com\/de\/wp-json\/wp\/v2\/product"}],"about":[{"href":"https:\/\/conexmetals.com\/de\/wp-json\/wp\/v2\/types\/product"}],"wp:featuredmedia":[{"embeddable":true,"href":"https:\/\/conexmetals.com\/de\/wp-json\/wp\/v2\/media\/13264"}],"wp:attachment":[{"href":"https:\/\/conexmetals.com\/de\/wp-json\/wp\/v2\/media?parent=13447"}],"wp:term":[{"taxonomy":"product_brand","embeddable":true,"href":"https:\/\/conexmetals.com\/de\/wp-json\/wp\/v2\/product_brand?post=13447"},{"taxonomy":"product_cat","embeddable":true,"href":"https:\/\/conexmetals.com\/de\/wp-json\/wp\/v2\/product_cat?post=13447"},{"taxonomy":"product_tag","embeddable":true,"href":"https:\/\/conexmetals.com\/de\/wp-json\/wp\/v2\/product_tag?post=13447"}],"curies":[{"name":"wp","href":"https:\/\/api.w.org\/{rel}","templated":true}]}}