{"id":13451,"date":"2023-08-18T12:58:45","date_gmt":"2023-08-18T07:28:45","guid":{"rendered":"https:\/\/conexmetals.com\/?post_type=product&#038;p=13451"},"modified":"2025-01-20T19:09:19","modified_gmt":"2025-01-20T13:39:19","slug":"e1z-industrielle-messing-kabelverschraubungen","status":"publish","type":"product","link":"https:\/\/conexmetals.com\/de\/produkt\/e1z-industrielle-messing-kabelverschraubungen\/","title":{"rendered":"E1Z Industrielle Messing-Kabelverschraubungen"},"content":{"rendered":"","protected":false},"excerpt":{"rendered":"<p><span>E1Z-Industriekabelverschraubungen sind f\u00fcr die zuverl\u00e4ssige und effiziente Kabelterminierung in anspruchsvollen Industrieanwendungen konzipiert. Diese Verschraubungen sind auf hohe Leistung und Haltbarkeit ausgelegt.<\/span><\/p>\n<p><strong><span>Technische Daten:<\/span><\/strong><\/p>\n<ul>\n<li><strong><span>Typ:<\/span><\/strong><span>\u00a0E1Z<\/span><\/li>\n<li><strong><span>Entwurfsspezifikation:<\/span><\/strong><span>\u00a0BS 6121: Teil I: 1989<\/span><\/li>\n<li><strong><span>Material:<\/span><\/strong><span>\u00a0Messing<\/span><\/li>\n<li><strong><span>Schutzart:<\/span><\/strong><span>\u00a0IP 66<\/span><\/li>\n<li><strong><span>Oberfl\u00e4chenoptionen:<\/span><\/strong><span>\u00a0Messing blank oder vernickelt<\/span><\/li>\n<li><strong><span>Dichtungsmaterial:<\/span><\/strong><span>\u00a0Thermoplastisches Elastomer<\/span><\/li>\n<li><strong><span>Kompatibler Kabeltyp:<\/span><\/strong><span>\u00a0Stahlpanzerband<\/span><\/li>\n<li><strong><span>Panzerklemmung:<\/span><\/strong><span>\u00a03-teiliges Panzerschloss<\/span><\/li>\n<li><strong><span>Dichtungstechnik:<\/span><\/strong><span>\u00a0Kompressions- und Verdr\u00e4ngungstyp<\/span><\/li>\n<li><strong><span>Dichtungsbereich:<\/span><\/strong><span>\u00a0Innen- und Au\u00dfenmantel<\/span><\/li>\n<\/ul>\n<p>&nbsp;<\/p>\n<table id=\"tablepress-375\" class=\"tablepress tablepress-id-375\">\n<caption>\u00a0<\/caption>\n<thead>\n<tr class=\"row-1 odd\">\n<th class=\"column-1\"><\/th>\n<th class=\"column-2\" colspan=\"5\"><strong><span>M\u00f6gliche Kabelabmessungen<\/span><\/strong><\/th>\n<th class=\"column-7\" colspan=\"5\"><span>Abmessungen der Verschraubung<\/span><\/th>\n<\/tr>\n<\/thead>\n<tbody class=\"row-hover\">\n<tr class=\"row-2 even\">\n<td class=\"column-1\" rowspan=\"2\"><strong><span>Stopfbuchsengr\u00f6\u00dfe<\/span><\/strong><\/td>\n<td class=\"column-2\" colspan=\"2\"><strong><span>Under Armour Dia.<\/span><\/strong><\/td>\n<td class=\"column-4\" colspan=\"2\"><strong><span>Gesamtdurchmesser.<\/span><\/strong><\/td>\n<td class=\"column-6\" rowspan=\"2\"><strong><span>Stahlbanddicke<\/span><\/strong><\/td>\n<td class=\"column-7\" rowspan=\"2\"><strong><span>Durchm. \u201eA\u201c<\/span><\/strong><\/td>\n<td class=\"column-8\" rowspan=\"2\"><strong><span>Durchm. \u201eB\u201c<\/span><\/strong><\/td>\n<td class=\"column-9\" rowspan=\"2\"><strong><span>Metrisches Anschlussgewinde \u201eC\u201c<\/span><\/strong><\/td>\n<td class=\"column-10\" rowspan=\"2\"><strong><span>Minimale Gewindel\u00e4nge \u201eD\u201c<\/span><\/strong><\/td>\n<td class=\"column-11\" rowspan=\"2\"><span>\u00dcber flaches \u201eE\u201c Max.<\/span><\/td>\n<\/tr>\n<tr class=\"row-3 odd\">\n<td class=\"column-2\"><strong><span>Mindest.<\/span><\/strong><\/td>\n<td class=\"column-3\"><strong><span>Max.<\/span><\/strong><\/td>\n<td class=\"column-4\"><strong><span>Mindest<\/span><\/strong><\/td>\n<td class=\"column-5\"><strong><span>Max.<\/span><\/strong><\/td>\n<\/tr>\n<tr class=\"row-4 even\">\n<td class=\"column-1\"><span>16<\/span><\/td>\n<td class=\"column-2\"><span>6.3<\/span><\/td>\n<td class=\"column-3\"><span>8.6<\/span><\/td>\n<td class=\"column-4\"><span>8<\/span><\/td>\n<td class=\"column-5\"><span>13.2<\/span><\/td>\n<td class=\"column-6\"><span>0,15\/0,35<\/span><\/td>\n<td class=\"column-7\"><span>11.9<\/span><\/td>\n<td class=\"column-8\"><span>17<\/span><\/td>\n<td class=\"column-9\"><span>16<\/span><\/td>\n<td class=\"column-10\"><span>15<\/span><\/td>\n<td class=\"column-11\"><span>24.1<\/span><\/td>\n<\/tr>\n<tr class=\"row-5 odd\">\n<td class=\"column-1\"><span>20 S<\/span><\/td>\n<td class=\"column-2\"><span>7.8<\/span><\/td>\n<td class=\"column-3\"><span>11.6<\/span><\/td>\n<td class=\"column-4\"><span>8,8<\/span><\/td>\n<td class=\"column-5\"><span>15.8<\/span><\/td>\n<td class=\"column-6\"><span>0,15\/0,35<\/span><\/td>\n<td class=\"column-7\"><span>11.9<\/span><\/td>\n<td class=\"column-8\"><span>17<\/span><\/td>\n<td class=\"column-9\"><span>20<\/span><\/td>\n<td class=\"column-10\"><span>15<\/span><\/td>\n<td class=\"column-11\"><span>24.1<\/span><\/td>\n<\/tr>\n<tr class=\"row-6 even\">\n<td class=\"column-1\"><span>20 Liter<\/span><\/td>\n<td class=\"column-2\"><span>11.8<\/span><\/td>\n<td class=\"column-3\"><span>13.9<\/span><\/td>\n<td class=\"column-4\"><span>11.7<\/span><\/td>\n<td class=\"column-5\"><span>19,5<\/span><\/td>\n<td class=\"column-6\"><span>0,15\/0,5<\/span><\/td>\n<td class=\"column-7\"><span>14.5<\/span><\/td>\n<td class=\"column-8\"><span>20.3<\/span><\/td>\n<td class=\"column-9\"><span>20<\/span><\/td>\n<td class=\"column-10\"><span>15<\/span><\/td>\n<td class=\"column-11\"><span>27.17<\/span><\/td>\n<\/tr>\n<tr class=\"row-7 odd\">\n<td class=\"column-1\"><span>25 S<\/span><\/td>\n<td class=\"column-2\"><span>13<\/span><\/td>\n<td class=\"column-3\"><span>15.5<\/span><\/td>\n<td class=\"column-4\"><span>17<\/span><\/td>\n<td class=\"column-5\"><span>25,8<\/span><\/td>\n<td class=\"column-6\"><span>0,15\/0,5<\/span><\/td>\n<td class=\"column-7\"><span>16,5<\/span><\/td>\n<td class=\"column-8\"><span>26.4<\/span><\/td>\n<td class=\"column-9\"><span>25<\/span><\/td>\n<td class=\"column-10\"><span>15<\/span><\/td>\n<td class=\"column-11\"><span>32,75<\/span><\/td>\n<\/tr>\n<tr class=\"row-8 even\">\n<td class=\"column-1\"><span>25 Liter<\/span><\/td>\n<td class=\"column-2\"><span>14<\/span><\/td>\n<td class=\"column-3\"><span>19,9<\/span><\/td>\n<td class=\"column-4\"><span>17<\/span><\/td>\n<td class=\"column-5\"><span>26<\/span><\/td>\n<td class=\"column-6\"><span>0,15\/0,5<\/span><\/td>\n<td class=\"column-7\"><span>20,7<\/span><\/td>\n<td class=\"column-8\"><span>27.4<\/span><\/td>\n<td class=\"column-9\"><span>25<\/span><\/td>\n<td class=\"column-10\"><span>15<\/span><\/td>\n<td class=\"column-11\"><span>35,85<\/span><\/td>\n<\/tr>\n<tr class=\"row-9 odd\">\n<td class=\"column-1\"><span>32<\/span><\/td>\n<td class=\"column-2\"><span>19,7<\/span><\/td>\n<td class=\"column-3\"><span>25.2<\/span><\/td>\n<td class=\"column-4\"><span>23,5<\/span><\/td>\n<td class=\"column-5\"><span>33,5<\/span><\/td>\n<td class=\"column-6\"><span>0,15\/0,55<\/span><\/td>\n<td class=\"column-7\"><span>26,9<\/span><\/td>\n<td class=\"column-8\"><span>34.1<\/span><\/td>\n<td class=\"column-9\"><span>32<\/span><\/td>\n<td class=\"column-10\"><span>15<\/span><\/td>\n<td class=\"column-11\"><span>42,9<\/span><\/td>\n<\/tr>\n<tr class=\"row-10 even\">\n<td class=\"column-1\"><span>40 S<\/span><\/td>\n<td class=\"column-2\"><span>26,5<\/span><\/td>\n<td class=\"column-3\"><span>29.4<\/span><\/td>\n<td class=\"column-4\"><span>29<\/span><\/td>\n<td class=\"column-5\"><span>38,5<\/span><\/td>\n<td class=\"column-6\"><span>0,2\/0,6<\/span><\/td>\n<td class=\"column-7\"><span>29,6<\/span><\/td>\n<td class=\"column-8\"><span>39,6<\/span><\/td>\n<td class=\"column-9\"><span>40<\/span><\/td>\n<td class=\"column-10\"><span>15<\/span><\/td>\n<td class=\"column-11\"><span>49,3<\/span><\/td>\n<\/tr>\n<tr class=\"row-11 odd\">\n<td class=\"column-1\"><span>40 Liter<\/span><\/td>\n<td class=\"column-2\"><span>32.1<\/span><\/td>\n<td class=\"column-3\"><span>32.1<\/span><\/td>\n<td class=\"column-4\"><span>39,9<\/span><\/td>\n<td class=\"column-5\"><span>39,9<\/span><\/td>\n<td class=\"column-6\"><span>0,2\/0,6<\/span><\/td>\n<td class=\"column-7\"><span>32,5<\/span><\/td>\n<td class=\"column-8\"><span>41,8<\/span><\/td>\n<td class=\"column-9\"><span>40<\/span><\/td>\n<td class=\"column-10\"><span>15<\/span><\/td>\n<td class=\"column-11\"><span>50,8<\/span><\/td>\n<\/tr>\n<tr class=\"row-12 even\">\n<td class=\"column-1\"><span>50 S<\/span><\/td>\n<td class=\"column-2\"><span>32.2<\/span><\/td>\n<td class=\"column-3\"><span>38.1<\/span><\/td>\n<td class=\"column-4\"><span>38<\/span><\/td>\n<td class=\"column-5\"><span>46<\/span><\/td>\n<td class=\"column-6\"><span>0,5\/0,8<\/span><\/td>\n<td class=\"column-7\"><span>38,6<\/span><\/td>\n<td class=\"column-8\"><span>50,2<\/span><\/td>\n<td class=\"column-9\"><span>50<\/span><\/td>\n<td class=\"column-10\"><span>15<\/span><\/td>\n<td class=\"column-11\"><span>61,7<\/span><\/td>\n<\/tr>\n<tr class=\"row-13 odd\">\n<td class=\"column-1\"><span>50 Liter<\/span><\/td>\n<td class=\"column-2\"><span>38,4<\/span><\/td>\n<td class=\"column-3\"><span>43.2<\/span><\/td>\n<td class=\"column-4\"><span>39,5<\/span><\/td>\n<td class=\"column-5\"><span>51<\/span><\/td>\n<td class=\"column-6\"><span>0,5\/0,8<\/span><\/td>\n<td class=\"column-7\"><span>44<\/span><\/td>\n<td class=\"column-8\"><span>52,8<\/span><\/td>\n<td class=\"column-9\"><span>50<\/span><\/td>\n<td class=\"column-10\"><span>15<\/span><\/td>\n<td class=\"column-11\"><span>63,75<\/span><\/td>\n<\/tr>\n<tr class=\"row-14 even\">\n<td class=\"column-1\"><span>63 S<\/span><\/td>\n<td class=\"column-2\"><span>44.1<\/span><\/td>\n<td class=\"column-3\"><span>50<\/span><\/td>\n<td class=\"column-4\"><span>50<\/span><\/td>\n<td class=\"column-5\"><span>58,9<\/span><\/td>\n<td class=\"column-6\"><span>0,5\/0,8<\/span><\/td>\n<td class=\"column-7\"><span>50,3<\/span><\/td>\n<td class=\"column-8\"><span>61,9<\/span><\/td>\n<td class=\"column-9\"><span>63<\/span><\/td>\n<td class=\"column-10\"><span>15<\/span><\/td>\n<td class=\"column-11\"><span>73,9<\/span><\/td>\n<\/tr>\n<tr class=\"row-15 odd\">\n<td class=\"column-1\"><span>63 Liter<\/span><\/td>\n<td class=\"column-2\"><span>50.1<\/span><\/td>\n<td class=\"column-3\"><span>55,9<\/span><\/td>\n<td class=\"column-4\"><span>51,3<\/span><\/td>\n<td class=\"column-5\"><span>65,3<\/span><\/td>\n<td class=\"column-6\"><span>0,5\/0,8<\/span><\/td>\n<td class=\"column-7\"><span>56,4<\/span><\/td>\n<td class=\"column-8\"><span>66,5<\/span><\/td>\n<td class=\"column-9\"><span>63<\/span><\/td>\n<td class=\"column-10\"><span>15<\/span><\/td>\n<td class=\"column-11\"><span>78,5<\/span><\/td>\n<\/tr>\n<tr class=\"row-16 even\">\n<td class=\"column-1\"><span>75 S<\/span><\/td>\n<td class=\"column-2\"><span>56<\/span><\/td>\n<td class=\"column-3\"><span>61,9<\/span><\/td>\n<td class=\"column-4\"><span>62,2<\/span><\/td>\n<td class=\"column-5\"><span>71,6<\/span><\/td>\n<td class=\"column-6\"><span>0,5\/1,0<\/span><\/td>\n<td class=\"column-7\"><span>62,2<\/span><\/td>\n<td class=\"column-8\"><span>74,2<\/span><\/td>\n<td class=\"column-9\"><span>75<\/span><\/td>\n<td class=\"column-10\"><span>15<\/span><\/td>\n<td class=\"column-11\"><span>87,4<\/span><\/td>\n<\/tr>\n<tr class=\"row-17 odd\">\n<td class=\"column-1\"><span>75 Liter<\/span><\/td>\n<td class=\"column-2\"><span>62<\/span><\/td>\n<td class=\"column-3\"><span>67,9<\/span><\/td>\n<td class=\"column-4\"><span>62,5<\/span><\/td>\n<td class=\"column-5\"><span>78<\/span><\/td>\n<td class=\"column-6\"><span>0,5\/1,0<\/span><\/td>\n<td class=\"column-7\"><span>68,3<\/span><\/td>\n<td class=\"column-8\"><span>78,5<\/span><\/td>\n<td class=\"column-9\"><span>75<\/span><\/td>\n<td class=\"column-10\"><span>15<\/span><\/td>\n<td class=\"column-11\"><span>96<\/span><\/td>\n<\/tr>\n<tr class=\"row-18 even\">\n<td class=\"column-1\"><span>90<\/span><\/td>\n<td class=\"column-2\"><span>68<\/span><\/td>\n<td class=\"column-3\"><span>74<\/span><\/td>\n<td class=\"column-4\"><span>68<\/span><\/td>\n<td class=\"column-5\"><span>88<\/span><\/td>\n<td class=\"column-6\"><span>0,5\/1,0<\/span><\/td>\n<td class=\"column-7\"><span>80,3<\/span><\/td>\n<td class=\"column-8\"><span>90,2<\/span><\/td>\n<td class=\"column-9\"><span>90<\/span><\/td>\n<td class=\"column-10\"><span>20<\/span><\/td>\n<td class=\"column-11\"><span>105,3<\/span><\/td>\n<\/tr>\n<tr class=\"row-19 odd\">\n<td class=\"column-1\" colspan=\"11\"><strong><span>Ma\u00dfe in mm<\/span><\/strong><\/td>\n<\/tr>\n<\/tbody>\n<\/table>\n<p><img decoding=\"async\" class=\"size-medium wp-image-10927 alignright lazy loaded\" src=\"https:\/\/conexmetals.com\/wp-content\/uploads\/2023\/08\/E1Z-Industrial-Cable-Glands-300x149.jpg\" alt=\"E1Z Industrielle Kabelverschraubungen\" width=\"300\" height=\"149\" data-src=\"https:\/\/conexmetals.com\/wp-content\/uploads\/2023\/08\/E1Z-Industrial-Cable-Glands-300x149.jpg\" data-was-processed=\"true\" srcset=\"https:\/\/conexmetals.com\/wp-content\/uploads\/2023\/08\/E1Z-Industrial-Cable-Glands-300x149.jpg 300w, https:\/\/conexmetals.com\/wp-content\/uploads\/2023\/08\/E1Z-Industrial-Cable-Glands.jpg 462w\" sizes=\"(max-width: 300px) 100vw, 300px\" \/><\/p>\n<p><strong><span>Hauptanwendungen:<\/span><\/strong><\/p>\n<ol>\n<li><strong><span>Strom- und Elektroinstallationen<\/span><\/strong>\n<ul>\n<li><span>Ideal zur Sicherung von Kabeln in Schaltanlagen, Transformatoren und Stromverteilungssystemen.<\/span><\/li>\n<\/ul>\n<\/li>\n<li><strong><span>\u00d6l-, Gas- und Petrochemieindustrie<\/span><\/strong>\n<ul>\n<li><span>Perfekt f\u00fcr den Einsatz in explosiven und gef\u00e4hrlichen Umgebungen und gew\u00e4hrleistet sichere Kabelanschl\u00fcsse.<\/span><\/li>\n<\/ul>\n<\/li>\n<li><strong><span>Schwermaschinen und Industrieanlagen<\/span><\/strong>\n<ul>\n<li><span>Wird in Produktionsst\u00e4tten verwendet, um sichere und langlebige Kabelverbindungen bereitzustellen.<\/span><\/li>\n<\/ul>\n<\/li>\n<li><strong><span>Marine- und Offshore-Anwendungen<\/span><\/strong>\n<ul>\n<li><span>Geeignet f\u00fcr raue Meeresumgebungen und bietet hohen Schutz gegen das Eindringen von Wasser und Staub.<\/span><\/li>\n<\/ul>\n<\/li>\n<li><strong><span>Projekte f\u00fcr erneuerbare Energien<\/span><\/strong>\n<ul>\n<li><span>Wird in Solar- und Windkraftanlagen zur Sicherung von Kabeln f\u00fcr Wechselrichter und Bedienfelder eingesetzt.<\/span><\/li>\n<\/ul>\n<\/li>\n<li><strong><span>Bau und Infrastruktur<\/span><\/strong>\n<ul>\n<li><span>Wird in der Geb\u00e4udeelektrik f\u00fcr sichere und langlebige Installationen verwendet.<\/span><\/li>\n<\/ul>\n<\/li>\n<li><strong><span>Bergbau und Industrieautomatisierung<\/span><\/strong>\n<ul>\n<li><span>Entwickelt f\u00fcr den Einsatz unter rauen Bedingungen und gew\u00e4hrleistet zuverl\u00e4ssige Leistung im Bergbau und in der Schwerindustrie.<\/span><\/li>\n<\/ul>\n<\/li>\n<\/ol>\n<p><strong><span>Vorteile in der Anwendung:<\/span><\/strong><\/p>\n<ul>\n<li><span>Hoher Schutz vor Eindringen von Staub und Wasser\u00a0<strong>(IP66) .<\/strong><\/span><\/li>\n<li><strong><span>Robustes Material:<\/span><\/strong><span>\u00a0Messingkonstruktion f\u00fcr hervorragende Festigkeit und Korrosionsbest\u00e4ndigkeit.<\/span><\/li>\n<li><strong><span>Fortschrittliche Versiegelung:<\/span><\/strong><span>\u00a0Kompressions- und Verdr\u00e4ngungstechniken gew\u00e4hrleisten eine sichere Versiegelung sowohl der inneren als auch der \u00e4u\u00dferen Ummantelung.<\/span><\/li>\n<li><strong><span>Normenkonformit\u00e4t:<\/span><\/strong><span>\u00a0Erf\u00fcllt BS 6121: Teil I: 1989 und gew\u00e4hrleistet Sicherheit und Zuverl\u00e4ssigkeit.<\/span><\/li>\n<\/ul>\n<p><span>E1Z-Industriekabelverschraubungen sind die ideale Wahl f\u00fcr Branchen, die Hochleistungskabelendverschl\u00fcsse in anspruchsvollen Umgebungen ben\u00f6tigen.<\/span><\/p>\n","protected":false},"featured_media":13269,"template":"","meta":[],"product_brand":[],"product_cat":[364],"product_tag":[],"class_list":{"0":"post-13451","1":"product","2":"type-product","3":"status-publish","4":"has-post-thumbnail","6":"product_cat-kabelverschraubungen","8":"first","9":"instock","10":"shipping-taxable","11":"product-type-simple"},"yoast_head":"<!-- This site is optimized with the Yoast SEO plugin v27.3 - https:\/\/yoast.com\/product\/yoast-seo-wordpress\/ -->\n<title>E1Z Industrielle Messing-Kabelverschraubungen<\/title>\n<meta name=\"description\" content=\"Conex Metals, ein vertrauensw\u00fcrdiger Hersteller und Exporteur aus Indien, bietet E1Z Industrielle Messing-Kabelverschraubungen, Aluminium-Kabelverschraubungen und elektrische geteilte Kabelverschraubungen an. Lieferung langlebiger Kabelzubeh\u00f6rteile, einschlie\u00dflich SS- und Gummi-Kabelverschraubungen, f\u00fcr industrielle Anwendungen.\" \/>\n<meta name=\"robots\" content=\"index, follow, max-snippet:-1, max-image-preview:large, max-video-preview:-1\" \/>\n<link rel=\"canonical\" href=\"https:\/\/conexmetals.com\/de\/produkt\/e1z-industrielle-messing-kabelverschraubungen\/\" \/>\n<script type=\"application\/ld+json\" class=\"yoast-schema-graph\">{\"@context\":\"https:\\\/\\\/schema.org\",\"@graph\":[{\"@type\":\"WebPage\",\"@id\":\"https:\\\/\\\/conexmetals.com\\\/de\\\/produkt\\\/e1z-industrielle-messing-kabelverschraubungen\\\/\",\"url\":\"https:\\\/\\\/conexmetals.com\\\/de\\\/produkt\\\/e1z-industrielle-messing-kabelverschraubungen\\\/\",\"name\":\"E1Z Industrielle Messing-Kabelverschraubungen\",\"isPartOf\":{\"@id\":\"https:\\\/\\\/conexmetals.com\\\/de\\\/#website\"},\"primaryImageOfPage\":{\"@id\":\"https:\\\/\\\/conexmetals.com\\\/de\\\/produkt\\\/e1z-industrielle-messing-kabelverschraubungen\\\/#primaryimage\"},\"image\":{\"@id\":\"https:\\\/\\\/conexmetals.com\\\/de\\\/produkt\\\/e1z-industrielle-messing-kabelverschraubungen\\\/#primaryimage\"},\"thumbnailUrl\":\"https:\\\/\\\/conexmetals.com\\\/wp-content\\\/uploads\\\/2025\\\/01\\\/E1Z-Industrielle-Messing-Kabelverschraubungen.webp\",\"datePublished\":\"2023-08-18T07:28:45+00:00\",\"dateModified\":\"2025-01-20T13:39:19+00:00\",\"description\":\"Conex Metals, ein vertrauensw\u00fcrdiger Hersteller und Exporteur aus Indien, bietet E1Z Industrielle Messing-Kabelverschraubungen, Aluminium-Kabelverschraubungen und elektrische geteilte Kabelverschraubungen an. Lieferung langlebiger Kabelzubeh\u00f6rteile, einschlie\u00dflich SS- und Gummi-Kabelverschraubungen, f\u00fcr industrielle Anwendungen.\",\"breadcrumb\":{\"@id\":\"https:\\\/\\\/conexmetals.com\\\/de\\\/produkt\\\/e1z-industrielle-messing-kabelverschraubungen\\\/#breadcrumb\"},\"inLanguage\":\"de\",\"potentialAction\":[{\"@type\":\"ReadAction\",\"target\":[\"https:\\\/\\\/conexmetals.com\\\/de\\\/produkt\\\/e1z-industrielle-messing-kabelverschraubungen\\\/\"]}]},{\"@type\":\"ImageObject\",\"inLanguage\":\"de\",\"@id\":\"https:\\\/\\\/conexmetals.com\\\/de\\\/produkt\\\/e1z-industrielle-messing-kabelverschraubungen\\\/#primaryimage\",\"url\":\"https:\\\/\\\/conexmetals.com\\\/wp-content\\\/uploads\\\/2025\\\/01\\\/E1Z-Industrielle-Messing-Kabelverschraubungen.webp\",\"contentUrl\":\"https:\\\/\\\/conexmetals.com\\\/wp-content\\\/uploads\\\/2025\\\/01\\\/E1Z-Industrielle-Messing-Kabelverschraubungen.webp\",\"width\":300,\"height\":300,\"caption\":\"E1Z Industrielle Messing-Kabelverschraubungen\"},{\"@type\":\"BreadcrumbList\",\"@id\":\"https:\\\/\\\/conexmetals.com\\\/de\\\/produkt\\\/e1z-industrielle-messing-kabelverschraubungen\\\/#breadcrumb\",\"itemListElement\":[{\"@type\":\"ListItem\",\"position\":1,\"name\":\"Home\",\"item\":\"https:\\\/\\\/conexmetals.com\\\/de\\\/heim\\\/\"},{\"@type\":\"ListItem\",\"position\":2,\"name\":\"Products\",\"item\":\"https:\\\/\\\/conexmetals.com\\\/products\\\/\"},{\"@type\":\"ListItem\",\"position\":3,\"name\":\"E1Z Industrielle Messing-Kabelverschraubungen\"}]},{\"@type\":\"WebSite\",\"@id\":\"https:\\\/\\\/conexmetals.com\\\/de\\\/#website\",\"url\":\"https:\\\/\\\/conexmetals.com\\\/de\\\/\",\"name\":\"Conex Metals Brass Fittings Brass Parts Copper Parts Brass Components Brass Plumbing Fittings India\",\"description\":\"Manufacturer of Bronze Fittings casting Copper Brass parts components\",\"publisher\":{\"@id\":\"https:\\\/\\\/conexmetals.com\\\/de\\\/#organization\"},\"potentialAction\":[{\"@type\":\"SearchAction\",\"target\":{\"@type\":\"EntryPoint\",\"urlTemplate\":\"https:\\\/\\\/conexmetals.com\\\/de\\\/?s={search_term_string}\"},\"query-input\":{\"@type\":\"PropertyValueSpecification\",\"valueRequired\":true,\"valueName\":\"search_term_string\"}}],\"inLanguage\":\"de\"},{\"@type\":\"Organization\",\"@id\":\"https:\\\/\\\/conexmetals.com\\\/de\\\/#organization\",\"name\":\"Conex Metals Brass Fittings Brass Parts Copper Parts Brass Components Brass Plumbing Fittings India\",\"url\":\"https:\\\/\\\/conexmetals.com\\\/de\\\/\",\"logo\":{\"@type\":\"ImageObject\",\"inLanguage\":\"de\",\"@id\":\"https:\\\/\\\/conexmetals.com\\\/de\\\/#\\\/schema\\\/logo\\\/image\\\/\",\"url\":\"https:\\\/\\\/conexmetals.com\\\/wp-content\\\/uploads\\\/2024\\\/03\\\/conex-metals-logo.webp\",\"contentUrl\":\"https:\\\/\\\/conexmetals.com\\\/wp-content\\\/uploads\\\/2024\\\/03\\\/conex-metals-logo.webp\",\"width\":300,\"height\":121,\"caption\":\"Conex Metals Brass Fittings Brass Parts Copper Parts Brass Components Brass Plumbing Fittings India\"},\"image\":{\"@id\":\"https:\\\/\\\/conexmetals.com\\\/de\\\/#\\\/schema\\\/logo\\\/image\\\/\"},\"sameAs\":[\"https:\\\/\\\/www.facebook.com\\\/conexbrass\",\"https:\\\/\\\/x.com\\\/conexindia\",\"https:\\\/\\\/www.linkedin.com\\\/company\\\/conex-metals-india\\\/\",\"https:\\\/\\\/www.instagram.com\\\/conexindia\\\/\"]}]}<\/script>\n<!-- \/ Yoast SEO plugin. -->","yoast_head_json":{"title":"E1Z Industrielle Messing-Kabelverschraubungen","description":"Conex Metals, ein vertrauensw\u00fcrdiger Hersteller und Exporteur aus Indien, bietet E1Z Industrielle Messing-Kabelverschraubungen, Aluminium-Kabelverschraubungen und elektrische geteilte Kabelverschraubungen an. Lieferung langlebiger Kabelzubeh\u00f6rteile, einschlie\u00dflich SS- und Gummi-Kabelverschraubungen, f\u00fcr industrielle Anwendungen.","robots":{"index":"index","follow":"follow","max-snippet":"max-snippet:-1","max-image-preview":"max-image-preview:large","max-video-preview":"max-video-preview:-1"},"canonical":"https:\/\/conexmetals.com\/de\/produkt\/e1z-industrielle-messing-kabelverschraubungen\/","schema":{"@context":"https:\/\/schema.org","@graph":[{"@type":"WebPage","@id":"https:\/\/conexmetals.com\/de\/produkt\/e1z-industrielle-messing-kabelverschraubungen\/","url":"https:\/\/conexmetals.com\/de\/produkt\/e1z-industrielle-messing-kabelverschraubungen\/","name":"E1Z Industrielle Messing-Kabelverschraubungen","isPartOf":{"@id":"https:\/\/conexmetals.com\/de\/#website"},"primaryImageOfPage":{"@id":"https:\/\/conexmetals.com\/de\/produkt\/e1z-industrielle-messing-kabelverschraubungen\/#primaryimage"},"image":{"@id":"https:\/\/conexmetals.com\/de\/produkt\/e1z-industrielle-messing-kabelverschraubungen\/#primaryimage"},"thumbnailUrl":"https:\/\/conexmetals.com\/wp-content\/uploads\/2025\/01\/E1Z-Industrielle-Messing-Kabelverschraubungen.webp","datePublished":"2023-08-18T07:28:45+00:00","dateModified":"2025-01-20T13:39:19+00:00","description":"Conex Metals, ein vertrauensw\u00fcrdiger Hersteller und Exporteur aus Indien, bietet E1Z Industrielle Messing-Kabelverschraubungen, Aluminium-Kabelverschraubungen und elektrische geteilte Kabelverschraubungen an. Lieferung langlebiger Kabelzubeh\u00f6rteile, einschlie\u00dflich SS- und Gummi-Kabelverschraubungen, f\u00fcr industrielle Anwendungen.","breadcrumb":{"@id":"https:\/\/conexmetals.com\/de\/produkt\/e1z-industrielle-messing-kabelverschraubungen\/#breadcrumb"},"inLanguage":"de","potentialAction":[{"@type":"ReadAction","target":["https:\/\/conexmetals.com\/de\/produkt\/e1z-industrielle-messing-kabelverschraubungen\/"]}]},{"@type":"ImageObject","inLanguage":"de","@id":"https:\/\/conexmetals.com\/de\/produkt\/e1z-industrielle-messing-kabelverschraubungen\/#primaryimage","url":"https:\/\/conexmetals.com\/wp-content\/uploads\/2025\/01\/E1Z-Industrielle-Messing-Kabelverschraubungen.webp","contentUrl":"https:\/\/conexmetals.com\/wp-content\/uploads\/2025\/01\/E1Z-Industrielle-Messing-Kabelverschraubungen.webp","width":300,"height":300,"caption":"E1Z Industrielle Messing-Kabelverschraubungen"},{"@type":"BreadcrumbList","@id":"https:\/\/conexmetals.com\/de\/produkt\/e1z-industrielle-messing-kabelverschraubungen\/#breadcrumb","itemListElement":[{"@type":"ListItem","position":1,"name":"Home","item":"https:\/\/conexmetals.com\/de\/heim\/"},{"@type":"ListItem","position":2,"name":"Products","item":"https:\/\/conexmetals.com\/products\/"},{"@type":"ListItem","position":3,"name":"E1Z Industrielle Messing-Kabelverschraubungen"}]},{"@type":"WebSite","@id":"https:\/\/conexmetals.com\/de\/#website","url":"https:\/\/conexmetals.com\/de\/","name":"Conex Metals Brass Fittings Brass Parts Copper Parts Brass Components Brass Plumbing Fittings India","description":"Manufacturer of Bronze Fittings casting Copper Brass parts components","publisher":{"@id":"https:\/\/conexmetals.com\/de\/#organization"},"potentialAction":[{"@type":"SearchAction","target":{"@type":"EntryPoint","urlTemplate":"https:\/\/conexmetals.com\/de\/?s={search_term_string}"},"query-input":{"@type":"PropertyValueSpecification","valueRequired":true,"valueName":"search_term_string"}}],"inLanguage":"de"},{"@type":"Organization","@id":"https:\/\/conexmetals.com\/de\/#organization","name":"Conex Metals Brass Fittings Brass Parts Copper Parts Brass Components Brass Plumbing Fittings India","url":"https:\/\/conexmetals.com\/de\/","logo":{"@type":"ImageObject","inLanguage":"de","@id":"https:\/\/conexmetals.com\/de\/#\/schema\/logo\/image\/","url":"https:\/\/conexmetals.com\/wp-content\/uploads\/2024\/03\/conex-metals-logo.webp","contentUrl":"https:\/\/conexmetals.com\/wp-content\/uploads\/2024\/03\/conex-metals-logo.webp","width":300,"height":121,"caption":"Conex Metals Brass Fittings Brass Parts Copper Parts Brass Components Brass Plumbing Fittings India"},"image":{"@id":"https:\/\/conexmetals.com\/de\/#\/schema\/logo\/image\/"},"sameAs":["https:\/\/www.facebook.com\/conexbrass","https:\/\/x.com\/conexindia","https:\/\/www.linkedin.com\/company\/conex-metals-india\/","https:\/\/www.instagram.com\/conexindia\/"]}]}},"_links":{"self":[{"href":"https:\/\/conexmetals.com\/de\/wp-json\/wp\/v2\/product\/13451","targetHints":{"allow":["GET"]}}],"collection":[{"href":"https:\/\/conexmetals.com\/de\/wp-json\/wp\/v2\/product"}],"about":[{"href":"https:\/\/conexmetals.com\/de\/wp-json\/wp\/v2\/types\/product"}],"wp:featuredmedia":[{"embeddable":true,"href":"https:\/\/conexmetals.com\/de\/wp-json\/wp\/v2\/media\/13269"}],"wp:attachment":[{"href":"https:\/\/conexmetals.com\/de\/wp-json\/wp\/v2\/media?parent=13451"}],"wp:term":[{"taxonomy":"product_brand","embeddable":true,"href":"https:\/\/conexmetals.com\/de\/wp-json\/wp\/v2\/product_brand?post=13451"},{"taxonomy":"product_cat","embeddable":true,"href":"https:\/\/conexmetals.com\/de\/wp-json\/wp\/v2\/product_cat?post=13451"},{"taxonomy":"product_tag","embeddable":true,"href":"https:\/\/conexmetals.com\/de\/wp-json\/wp\/v2\/product_tag?post=13451"}],"curies":[{"name":"wp","href":"https:\/\/api.w.org\/{rel}","templated":true}]}}