{"id":13456,"date":"2023-08-18T12:55:21","date_gmt":"2023-08-18T07:25:21","guid":{"rendered":"https:\/\/conexmetals.com\/?post_type=product&#038;p=13456"},"modified":"2025-01-21T16:03:48","modified_gmt":"2025-01-21T10:33:48","slug":"marine-kabelverschraubungen","status":"publish","type":"product","link":"https:\/\/conexmetals.com\/de\/produkt\/marine-kabelverschraubungen\/","title":{"rendered":"Marine-Kabelverschraubungen"},"content":{"rendered":"","protected":false},"excerpt":{"rendered":"<div class=\"elementor-element elementor-element-672075d elementor-widget__width-initial e-transform elementor-widget-mobile__width-initial elementor-widget elementor-widget-woocommerce-product-images\" data-id=\"672075d\" data-element_type=\"widget\" data-settings=\"{&quot;_transform_scale_effect&quot;:{&quot;unit&quot;:&quot;px&quot;,&quot;size&quot;:1,&quot;sizes&quot;:[]},&quot;_transform_scale_effect_tablet&quot;:{&quot;unit&quot;:&quot;px&quot;,&quot;size&quot;:&quot;&quot;,&quot;sizes&quot;:[]},&quot;_transform_scale_effect_mobile&quot;:{&quot;unit&quot;:&quot;px&quot;,&quot;size&quot;:&quot;&quot;,&quot;sizes&quot;:[]}}\" data-widget_type=\"woocommerce-product-images.default\">\n<div class=\"elementor-widget-container\">\n<div class=\"woocommerce-product-gallery woocommerce-product-gallery--with-images woocommerce-product-gallery--columns-4 images\" data-columns=\"4\">\n<div class=\"woocommerce-product-gallery__wrapper\">\n<div class=\"woocommerce-product-gallery__image\" data-thumb=\"https:\/\/conexmetals.com\/wp-content\/uploads\/2023\/08\/Marine-Cable-Glands-100x100.webp\" data-thumb-alt=\"Marine-Cable-Glands\" data-thumb-srcset=\"https:\/\/conexmetals.com\/wp-content\/uploads\/2023\/08\/Marine-Cable-Glands-100x100.webp 100w, https:\/\/conexmetals.com\/wp-content\/uploads\/2023\/08\/Marine-Cable-Glands-300x300.webp 300w, https:\/\/conexmetals.com\/wp-content\/uploads\/2023\/08\/Marine-Cable-Glands-150x150.webp 150w, https:\/\/conexmetals.com\/wp-content\/uploads\/2023\/08\/Marine-Cable-Glands.webp 350w\"><\/div>\n<\/div>\n<\/div>\n<\/div>\n<\/div>\n<div class=\"elementor-element elementor-element-36d2ab8 elementor-widget elementor-widget-woocommerce-product-short-description\" data-id=\"36d2ab8\" data-element_type=\"widget\" data-widget_type=\"woocommerce-product-short-description.default\">\n<div class=\"elementor-widget-container\">\n<div class=\"woocommerce-product-details__short-description\">\n<table id=\"tablepress-420\" class=\"tablepress tablepress-id-420\">\n<caption>\u00a0<\/caption>\n<thead>\n<tr class=\"row-1 odd\">\n<th class=\"column-1\" colspan=\"5\"><strong><span>Technisches Datenblatt<\/span><\/strong><\/th>\n<\/tr>\n<\/thead>\n<tbody class=\"row-hover\">\n<tr class=\"row-2 even\">\n<td class=\"column-1\"><strong><span>Stopfbuchsengr\u00f6\u00dfe<\/span><\/strong><\/td>\n<td class=\"column-2\"><strong><span>Gewindel\u00e4nge (in mm) &#8218;D&#8216;<\/span><\/strong><\/td>\n<td class=\"column-3\"><strong><span>&#8218;A&#8216;<\/span><\/strong><\/td>\n<td class=\"column-4\"><strong><span>&#8218;B&#8216;<\/span><\/strong><\/td>\n<td class=\"column-5\"><strong><span>&#8218;C&#8216;<\/span><\/strong><\/td>\n<\/tr>\n<tr class=\"row-3 odd\">\n<td class=\"column-1\"><span>10<\/span><\/td>\n<td class=\"column-2\"><span>11<\/span><\/td>\n<td class=\"column-3\"><span>45<\/span><\/td>\n<td class=\"column-4\"><span>10<\/span><\/td>\n<td class=\"column-5\"><span>3\/8\u2033 BSP<\/span><\/td>\n<\/tr>\n<tr class=\"row-4 even\">\n<td class=\"column-1\"><span>15<\/span><\/td>\n<td class=\"column-2\"><span>10<\/span><\/td>\n<td class=\"column-3\"><span>50<\/span><\/td>\n<td class=\"column-4\"><span>15<\/span><\/td>\n<td class=\"column-5\"><span>\u00bd\u201d BSP<\/span><\/td>\n<\/tr>\n<tr class=\"row-5 odd\">\n<td class=\"column-1\"><span>20<\/span><\/td>\n<td class=\"column-2\"><span>11<\/span><\/td>\n<td class=\"column-3\"><span>53<\/span><\/td>\n<td class=\"column-4\"><span>20<\/span><\/td>\n<td class=\"column-5\"><span>3\/4\u2033 BSP<\/span><\/td>\n<\/tr>\n<tr class=\"row-6 even\">\n<td class=\"column-1\"><span>25<\/span><\/td>\n<td class=\"column-2\"><span>12<\/span><\/td>\n<td class=\"column-3\"><span>60<\/span><\/td>\n<td class=\"column-4\"><span>25<\/span><\/td>\n<td class=\"column-5\"><span>1\u2033 BSP<\/span><\/td>\n<\/tr>\n<tr class=\"row-7 odd\">\n<td class=\"column-1\"><span>30<\/span><\/td>\n<td class=\"column-2\"><span>12<\/span><\/td>\n<td class=\"column-3\"><span>65<\/span><\/td>\n<td class=\"column-4\"><span>30<\/span><\/td>\n<td class=\"column-5\"><span>1\u00bc\u201d BSP<\/span><\/td>\n<\/tr>\n<tr class=\"row-8 even\">\n<td class=\"column-1\"><span>35<\/span><\/td>\n<td class=\"column-2\"><span>12<\/span><\/td>\n<td class=\"column-3\"><span>70<\/span><\/td>\n<td class=\"column-4\"><span>40<\/span><\/td>\n<td class=\"column-5\"><span>1\u00bd\u201d BSP<\/span><\/td>\n<\/tr>\n<tr class=\"row-9 odd\">\n<td class=\"column-1\"><span>40<\/span><\/td>\n<td class=\"column-2\"><span>12<\/span><\/td>\n<td class=\"column-3\"><span>70<\/span><\/td>\n<td class=\"column-4\"><span>40<\/span><\/td>\n<td class=\"column-5\"><span>1\u00bd\u201d BSP<\/span><\/td>\n<\/tr>\n<tr class=\"row-10 even\">\n<td class=\"column-1\"><span>45<\/span><\/td>\n<td class=\"column-2\"><span>12<\/span><\/td>\n<td class=\"column-3\"><span>85<\/span><\/td>\n<td class=\"column-4\"><span>50<\/span><\/td>\n<td class=\"column-5\"><span>2\u2033 BSP<\/span><\/td>\n<\/tr>\n<tr class=\"row-11 odd\">\n<td class=\"column-1\"><span>50<\/span><\/td>\n<td class=\"column-2\"><span>12<\/span><\/td>\n<td class=\"column-3\"><span>85<\/span><\/td>\n<td class=\"column-4\"><span>50<\/span><\/td>\n<td class=\"column-5\"><span>2\u2033 BSP<\/span><\/td>\n<\/tr>\n<tr class=\"row-12 even\">\n<td class=\"column-1\"><span>55<\/span><\/td>\n<td class=\"column-2\"><span>12<\/span><\/td>\n<td class=\"column-3\"><span>87<\/span><\/td>\n<td class=\"column-4\"><span>60<\/span><\/td>\n<td class=\"column-5\"><span>2\u00bd\u201d BSP<\/span><\/td>\n<\/tr>\n<tr class=\"row-13 odd\">\n<td class=\"column-1\"><span>60<\/span><\/td>\n<td class=\"column-2\"><span>12<\/span><\/td>\n<td class=\"column-3\"><span>88<\/span><\/td>\n<td class=\"column-4\"><span>60<\/span><\/td>\n<td class=\"column-5\"><span>2\u00bd\u201d BSP<\/span><\/td>\n<\/tr>\n<tr class=\"row-14 even\">\n<td class=\"column-1\"><span>65<\/span><\/td>\n<td class=\"column-2\"><span>14<\/span><\/td>\n<td class=\"column-3\"><span>100<\/span><\/td>\n<td class=\"column-4\"><span>70<\/span><\/td>\n<td class=\"column-5\"><span>3\u2033 BSP<\/span><\/td>\n<\/tr>\n<tr class=\"row-15 odd\">\n<td class=\"column-1\"><span>70<\/span><\/td>\n<td class=\"column-2\"><span>14<\/span><\/td>\n<td class=\"column-3\"><span>110<\/span><\/td>\n<td class=\"column-4\"><span>70<\/span><\/td>\n<td class=\"column-5\"><span>3\u2033 BSP<\/span><\/td>\n<\/tr>\n<\/tbody>\n<\/table>\n<p><img fetchpriority=\"high\" decoding=\"async\" class=\"size-full wp-image-13085 alignright lazy loaded\" src=\"https:\/\/conexmetals.com\/wp-content\/uploads\/2023\/08\/MARINE-CABLE-GLANDS-line-drawing.jpg\" alt=\"Zeichnung f\u00fcr Marine-Kabelverschraubungen\" width=\"273\" height=\"206\" data-src=\"https:\/\/conexmetals.com\/wp-content\/uploads\/2023\/08\/MARINE-CABLE-GLANDS-line-drawing.jpg\" data-was-processed=\"true\" \/><span>Kabelverschraubungen f\u00fcr den Schiffsbau sind spezielle Armaturen, die sichere und wasserdichte Kabeleinf\u00fchrungen auf Schiffen, Booten, Offshore-Plattformen und anderen Schiffsger\u00e4ten erm\u00f6glichen. Diese Verschraubungen sind so konzipiert, dass sie den rauen Bedingungen der Meeresumwelt standhalten, einschlie\u00dflich der Einwirkung von Salzwasser, Feuchtigkeit, Vibrationen und mechanischer Beanspruchung. Sie spielen eine entscheidende Rolle bei der Gew\u00e4hrleistung zuverl\u00e4ssiger elektrischer Verbindungen und des Schutzes vor Umwelteinfl\u00fcssen.<\/span><\/p>\n<p><span>Hier sind einige wichtige Punkte zu Kabelverschraubungen f\u00fcr den Schiffsbau:<\/span><\/p>\n<p><strong><b><span>Funktion:<\/span><\/b><\/strong><span>\u00a0\u00a0Marine-Kabelverschraubungen erf\u00fcllen mehrere wichtige Funktionen:<\/span><\/p>\n<ol>\n<li><b><\/b><strong><b><span>Wasserdichte Abdichtung:<\/span><\/b><\/strong><span>\u00a0Eine der Hauptfunktionen von Kabelverschraubungen f\u00fcr Schiffe besteht darin, eine wasserdichte Abdichtung um Kabel herum zu schaffen, wenn diese durch Schotten, Decks oder Geh\u00e4use gef\u00fchrt werden. Dadurch wird verhindert, dass Wasser, Feuchtigkeit und Verunreinigungen in empfindliche Ger\u00e4tebereiche eindringen.<\/span><\/li>\n<li><b><\/b><strong><b><span>Kabelmanagement:<\/span><\/b><\/strong><span>\u00a0Kabelverschraubungen dienen zur Zugentlastung und Unterst\u00fctzung von Kabeln, reduzieren die mechanische Belastung und verhindern Sch\u00e4den an Kabelisolierung und Leitern.<\/span><\/li>\n<li><b><\/b><strong><b><span>Elektrische Kontinuit\u00e4t:<\/span><\/b><\/strong><span>\u00a0Marine-Kabelverschraubungen helfen dabei, die elektrische Kontinuit\u00e4t zwischen Kabeln und Ger\u00e4ten aufrechtzuerhalten und gew\u00e4hrleisten eine zuverl\u00e4ssige und unterbrechungsfreie elektrische Verbindung.<\/span><\/li>\n<\/ol>\n<p><strong><b><span>Merkmale:<\/span><\/b><\/strong><span>\u00a0\u00a0Kabelverschraubungen f\u00fcr den Schiffsbau verf\u00fcgen in der Regel \u00fcber Merkmale, die sie f\u00fcr den Einsatz in Meeresumgebungen geeignet machen:<\/span><\/p>\n<ol>\n<li><b><\/b><strong><b><span>Korrosionsbest\u00e4ndigkeit:<\/span><\/b><\/strong><span>\u00a0Diese Stopfbuchsen werden h\u00e4ufig aus korrosionsbest\u00e4ndigen Materialien wie Edelstahl oder Messing in Marinequalit\u00e4t hergestellt, um dem Einfluss von Salzwasser und Meeresbedingungen standzuhalten.<\/span><\/li>\n<li><b><\/b><strong><b><span>Wetterfest:<\/span><\/b><\/strong><span>\u00a0Kabelverschraubungen f\u00fcr den Schiffsbau sind wetterfest und UV-best\u00e4ndig und sch\u00fctzen Kabel und Ger\u00e4te vor Sonne, Regen und anderen Witterungseinfl\u00fcssen.<\/span><\/li>\n<li><b><\/b><strong><b><span>Dichtungsmechanismus:<\/span><\/b><\/strong><span>\u00a0Hierzu geh\u00f6ren Dichtungsmechanismen wie Dichtungsringe, O-Ringe oder andere Dichtungsmaterialien, die eine dichte Abdichtung um den Kabeleintrittspunkt herum erzeugen.<\/span><\/li>\n<li><b><\/b><strong><b><span>Druckbest\u00e4ndigkeit:<\/span><\/b><\/strong><span>\u00a0Einige Kabelverschraubungen f\u00fcr die Schifffahrt sind so konzipiert, dass sie den Druckunterschieden beim Untertauchen oder in Offshore-Umgebungen standhalten.<\/span><\/li>\n<\/ol>\n<p><strong><b><span>Arten von Kabelverschraubungen f\u00fcr den Schiffsbau:<\/span><\/b><\/strong><span>\u00a0\u00a0Es gibt verschiedene Arten von Kabelverschraubungen f\u00fcr den Schiffsbau, die f\u00fcr bestimmte Anwendungen entwickelt wurden:<\/span><\/p>\n<ol>\n<li><b><\/b><strong><b><span>Standard-Schiffskabelverschraubungen:<\/span><\/b><\/strong><span>\u00a0Dies sind universelle Schiffskabelverschraubungen, die f\u00fcr verschiedene Kabelgr\u00f6\u00dfen und Anwendungen geeignet sind.<\/span><\/li>\n<li><b><\/b><strong><b><span>Gepanzerte Kabelverschraubungen:<\/span><\/b><\/strong><span>\u00a0Diese f\u00fcr gepanzerte Kabel konzipierten Verschraubungen bieten zus\u00e4tzlichen Schutz und Zugentlastung f\u00fcr Kabel mit Metallpanzerung.<\/span><\/li>\n<li><b><\/b><strong><b><span>Ex-e-Verschraubungen:<\/span><\/b><\/strong><span>\u00a0Explosionsgesch\u00fctzte (Ex-e) Verschraubungen werden in Gefahrenbereichen eingesetzt, um die Ausbreitung von Explosionen zu verhindern.<\/span><\/li>\n<li><b><\/b><strong><b><span>Tauchbare Stopfbuchsen:<\/span><\/b><\/strong><span>\u00a0Diese Stopfbuchsen sind so konzipiert, dass sie auch unter Wasser wasserdicht bleiben und sind daher f\u00fcr den Einsatz unter Wasser geeignet.<\/span><\/li>\n<\/ol>\n<p><strong><b><span>Anwendungen:<\/span><\/b><\/strong><span>\u00a0Marine-Kabelverschraubungen werden in gro\u00dfem Umfang in verschiedenen Marine- und Offshore-Anwendungen eingesetzt, darunter auf Schiffen, Booten, Yachten, Offshore-\u00d6l- und Gasplattformen, Unterwasserfahrzeugen und in der K\u00fcsteninfrastruktur.<\/span><\/p>\n<\/div>\n<\/div>\n<\/div>\n","protected":false},"featured_media":13284,"template":"","meta":[],"product_brand":[],"product_cat":[364],"product_tag":[],"class_list":{"0":"post-13456","1":"product","2":"type-product","3":"status-publish","4":"has-post-thumbnail","6":"product_cat-kabelverschraubungen","8":"first","9":"instock","10":"shipping-taxable","11":"product-type-simple"},"yoast_head":"<!-- This site is optimized with the Yoast SEO plugin v27.3 - https:\/\/yoast.com\/product\/yoast-seo-wordpress\/ -->\n<title>Marine-Kabelverschraubungen<\/title>\n<meta name=\"description\" content=\"Entdecken Sie Marine-Kabelverschraubungen bei Conex Metals, mit Doppel-Kompressions-Kabelverschraubungen, Marine-Elektrokabeln und Flach-Kabelverschraubungen. Als f\u00fchrende Hersteller, Exporteure und Lieferanten in Indien bieten wir erstklassige Marine-Kabelverbinder, Metall-Kabelverschraubungen und Messing-Kabelverschraubungen an.\" \/>\n<meta name=\"robots\" content=\"index, follow, max-snippet:-1, max-image-preview:large, max-video-preview:-1\" \/>\n<link rel=\"canonical\" href=\"https:\/\/conexmetals.com\/de\/produkt\/marine-kabelverschraubungen\/\" \/>\n<script type=\"application\/ld+json\" class=\"yoast-schema-graph\">{\"@context\":\"https:\\\/\\\/schema.org\",\"@graph\":[{\"@type\":\"WebPage\",\"@id\":\"https:\\\/\\\/conexmetals.com\\\/de\\\/produkt\\\/marine-kabelverschraubungen\\\/\",\"url\":\"https:\\\/\\\/conexmetals.com\\\/de\\\/produkt\\\/marine-kabelverschraubungen\\\/\",\"name\":\"Marine-Kabelverschraubungen\",\"isPartOf\":{\"@id\":\"https:\\\/\\\/conexmetals.com\\\/de\\\/#website\"},\"primaryImageOfPage\":{\"@id\":\"https:\\\/\\\/conexmetals.com\\\/de\\\/produkt\\\/marine-kabelverschraubungen\\\/#primaryimage\"},\"image\":{\"@id\":\"https:\\\/\\\/conexmetals.com\\\/de\\\/produkt\\\/marine-kabelverschraubungen\\\/#primaryimage\"},\"thumbnailUrl\":\"https:\\\/\\\/conexmetals.com\\\/wp-content\\\/uploads\\\/2025\\\/01\\\/Marine-Kabelverschraubungen.webp\",\"datePublished\":\"2023-08-18T07:25:21+00:00\",\"dateModified\":\"2025-01-21T10:33:48+00:00\",\"description\":\"Entdecken Sie Marine-Kabelverschraubungen bei Conex Metals, mit Doppel-Kompressions-Kabelverschraubungen, Marine-Elektrokabeln und Flach-Kabelverschraubungen. Als f\u00fchrende Hersteller, Exporteure und Lieferanten in Indien bieten wir erstklassige Marine-Kabelverbinder, Metall-Kabelverschraubungen und Messing-Kabelverschraubungen an.\",\"breadcrumb\":{\"@id\":\"https:\\\/\\\/conexmetals.com\\\/de\\\/produkt\\\/marine-kabelverschraubungen\\\/#breadcrumb\"},\"inLanguage\":\"de\",\"potentialAction\":[{\"@type\":\"ReadAction\",\"target\":[\"https:\\\/\\\/conexmetals.com\\\/de\\\/produkt\\\/marine-kabelverschraubungen\\\/\"]}]},{\"@type\":\"ImageObject\",\"inLanguage\":\"de\",\"@id\":\"https:\\\/\\\/conexmetals.com\\\/de\\\/produkt\\\/marine-kabelverschraubungen\\\/#primaryimage\",\"url\":\"https:\\\/\\\/conexmetals.com\\\/wp-content\\\/uploads\\\/2025\\\/01\\\/Marine-Kabelverschraubungen.webp\",\"contentUrl\":\"https:\\\/\\\/conexmetals.com\\\/wp-content\\\/uploads\\\/2025\\\/01\\\/Marine-Kabelverschraubungen.webp\",\"width\":300,\"height\":300,\"caption\":\"Marine-Kabelverschraubungen\"},{\"@type\":\"BreadcrumbList\",\"@id\":\"https:\\\/\\\/conexmetals.com\\\/de\\\/produkt\\\/marine-kabelverschraubungen\\\/#breadcrumb\",\"itemListElement\":[{\"@type\":\"ListItem\",\"position\":1,\"name\":\"Home\",\"item\":\"https:\\\/\\\/conexmetals.com\\\/de\\\/heim\\\/\"},{\"@type\":\"ListItem\",\"position\":2,\"name\":\"Products\",\"item\":\"https:\\\/\\\/conexmetals.com\\\/products\\\/\"},{\"@type\":\"ListItem\",\"position\":3,\"name\":\"Marine-Kabelverschraubungen\"}]},{\"@type\":\"WebSite\",\"@id\":\"https:\\\/\\\/conexmetals.com\\\/de\\\/#website\",\"url\":\"https:\\\/\\\/conexmetals.com\\\/de\\\/\",\"name\":\"Conex Metals Brass Fittings Brass Parts Copper Parts Brass Components Brass Plumbing Fittings India\",\"description\":\"Manufacturer of Bronze Fittings casting Copper Brass parts components\",\"publisher\":{\"@id\":\"https:\\\/\\\/conexmetals.com\\\/de\\\/#organization\"},\"potentialAction\":[{\"@type\":\"SearchAction\",\"target\":{\"@type\":\"EntryPoint\",\"urlTemplate\":\"https:\\\/\\\/conexmetals.com\\\/de\\\/?s={search_term_string}\"},\"query-input\":{\"@type\":\"PropertyValueSpecification\",\"valueRequired\":true,\"valueName\":\"search_term_string\"}}],\"inLanguage\":\"de\"},{\"@type\":\"Organization\",\"@id\":\"https:\\\/\\\/conexmetals.com\\\/de\\\/#organization\",\"name\":\"Conex Metals Brass Fittings Brass Parts Copper Parts Brass Components Brass Plumbing Fittings India\",\"url\":\"https:\\\/\\\/conexmetals.com\\\/de\\\/\",\"logo\":{\"@type\":\"ImageObject\",\"inLanguage\":\"de\",\"@id\":\"https:\\\/\\\/conexmetals.com\\\/de\\\/#\\\/schema\\\/logo\\\/image\\\/\",\"url\":\"https:\\\/\\\/conexmetals.com\\\/wp-content\\\/uploads\\\/2024\\\/03\\\/conex-metals-logo.webp\",\"contentUrl\":\"https:\\\/\\\/conexmetals.com\\\/wp-content\\\/uploads\\\/2024\\\/03\\\/conex-metals-logo.webp\",\"width\":300,\"height\":121,\"caption\":\"Conex Metals Brass Fittings Brass Parts Copper Parts Brass Components Brass Plumbing Fittings India\"},\"image\":{\"@id\":\"https:\\\/\\\/conexmetals.com\\\/de\\\/#\\\/schema\\\/logo\\\/image\\\/\"},\"sameAs\":[\"https:\\\/\\\/www.facebook.com\\\/conexbrass\",\"https:\\\/\\\/x.com\\\/conexindia\",\"https:\\\/\\\/www.linkedin.com\\\/company\\\/conex-metals-india\\\/\",\"https:\\\/\\\/www.instagram.com\\\/conexindia\\\/\"]}]}<\/script>\n<!-- \/ Yoast SEO plugin. -->","yoast_head_json":{"title":"Marine-Kabelverschraubungen","description":"Entdecken Sie Marine-Kabelverschraubungen bei Conex Metals, mit Doppel-Kompressions-Kabelverschraubungen, Marine-Elektrokabeln und Flach-Kabelverschraubungen. Als f\u00fchrende Hersteller, Exporteure und Lieferanten in Indien bieten wir erstklassige Marine-Kabelverbinder, Metall-Kabelverschraubungen und Messing-Kabelverschraubungen an.","robots":{"index":"index","follow":"follow","max-snippet":"max-snippet:-1","max-image-preview":"max-image-preview:large","max-video-preview":"max-video-preview:-1"},"canonical":"https:\/\/conexmetals.com\/de\/produkt\/marine-kabelverschraubungen\/","schema":{"@context":"https:\/\/schema.org","@graph":[{"@type":"WebPage","@id":"https:\/\/conexmetals.com\/de\/produkt\/marine-kabelverschraubungen\/","url":"https:\/\/conexmetals.com\/de\/produkt\/marine-kabelverschraubungen\/","name":"Marine-Kabelverschraubungen","isPartOf":{"@id":"https:\/\/conexmetals.com\/de\/#website"},"primaryImageOfPage":{"@id":"https:\/\/conexmetals.com\/de\/produkt\/marine-kabelverschraubungen\/#primaryimage"},"image":{"@id":"https:\/\/conexmetals.com\/de\/produkt\/marine-kabelverschraubungen\/#primaryimage"},"thumbnailUrl":"https:\/\/conexmetals.com\/wp-content\/uploads\/2025\/01\/Marine-Kabelverschraubungen.webp","datePublished":"2023-08-18T07:25:21+00:00","dateModified":"2025-01-21T10:33:48+00:00","description":"Entdecken Sie Marine-Kabelverschraubungen bei Conex Metals, mit Doppel-Kompressions-Kabelverschraubungen, Marine-Elektrokabeln und Flach-Kabelverschraubungen. Als f\u00fchrende Hersteller, Exporteure und Lieferanten in Indien bieten wir erstklassige Marine-Kabelverbinder, Metall-Kabelverschraubungen und Messing-Kabelverschraubungen an.","breadcrumb":{"@id":"https:\/\/conexmetals.com\/de\/produkt\/marine-kabelverschraubungen\/#breadcrumb"},"inLanguage":"de","potentialAction":[{"@type":"ReadAction","target":["https:\/\/conexmetals.com\/de\/produkt\/marine-kabelverschraubungen\/"]}]},{"@type":"ImageObject","inLanguage":"de","@id":"https:\/\/conexmetals.com\/de\/produkt\/marine-kabelverschraubungen\/#primaryimage","url":"https:\/\/conexmetals.com\/wp-content\/uploads\/2025\/01\/Marine-Kabelverschraubungen.webp","contentUrl":"https:\/\/conexmetals.com\/wp-content\/uploads\/2025\/01\/Marine-Kabelverschraubungen.webp","width":300,"height":300,"caption":"Marine-Kabelverschraubungen"},{"@type":"BreadcrumbList","@id":"https:\/\/conexmetals.com\/de\/produkt\/marine-kabelverschraubungen\/#breadcrumb","itemListElement":[{"@type":"ListItem","position":1,"name":"Home","item":"https:\/\/conexmetals.com\/de\/heim\/"},{"@type":"ListItem","position":2,"name":"Products","item":"https:\/\/conexmetals.com\/products\/"},{"@type":"ListItem","position":3,"name":"Marine-Kabelverschraubungen"}]},{"@type":"WebSite","@id":"https:\/\/conexmetals.com\/de\/#website","url":"https:\/\/conexmetals.com\/de\/","name":"Conex Metals Brass Fittings Brass Parts Copper Parts Brass Components Brass Plumbing Fittings India","description":"Manufacturer of Bronze Fittings casting Copper Brass parts components","publisher":{"@id":"https:\/\/conexmetals.com\/de\/#organization"},"potentialAction":[{"@type":"SearchAction","target":{"@type":"EntryPoint","urlTemplate":"https:\/\/conexmetals.com\/de\/?s={search_term_string}"},"query-input":{"@type":"PropertyValueSpecification","valueRequired":true,"valueName":"search_term_string"}}],"inLanguage":"de"},{"@type":"Organization","@id":"https:\/\/conexmetals.com\/de\/#organization","name":"Conex Metals Brass Fittings Brass Parts Copper Parts Brass Components Brass Plumbing Fittings India","url":"https:\/\/conexmetals.com\/de\/","logo":{"@type":"ImageObject","inLanguage":"de","@id":"https:\/\/conexmetals.com\/de\/#\/schema\/logo\/image\/","url":"https:\/\/conexmetals.com\/wp-content\/uploads\/2024\/03\/conex-metals-logo.webp","contentUrl":"https:\/\/conexmetals.com\/wp-content\/uploads\/2024\/03\/conex-metals-logo.webp","width":300,"height":121,"caption":"Conex Metals Brass Fittings Brass Parts Copper Parts Brass Components Brass Plumbing Fittings India"},"image":{"@id":"https:\/\/conexmetals.com\/de\/#\/schema\/logo\/image\/"},"sameAs":["https:\/\/www.facebook.com\/conexbrass","https:\/\/x.com\/conexindia","https:\/\/www.linkedin.com\/company\/conex-metals-india\/","https:\/\/www.instagram.com\/conexindia\/"]}]}},"_links":{"self":[{"href":"https:\/\/conexmetals.com\/de\/wp-json\/wp\/v2\/product\/13456","targetHints":{"allow":["GET"]}}],"collection":[{"href":"https:\/\/conexmetals.com\/de\/wp-json\/wp\/v2\/product"}],"about":[{"href":"https:\/\/conexmetals.com\/de\/wp-json\/wp\/v2\/types\/product"}],"wp:featuredmedia":[{"embeddable":true,"href":"https:\/\/conexmetals.com\/de\/wp-json\/wp\/v2\/media\/13284"}],"wp:attachment":[{"href":"https:\/\/conexmetals.com\/de\/wp-json\/wp\/v2\/media?parent=13456"}],"wp:term":[{"taxonomy":"product_brand","embeddable":true,"href":"https:\/\/conexmetals.com\/de\/wp-json\/wp\/v2\/product_brand?post=13456"},{"taxonomy":"product_cat","embeddable":true,"href":"https:\/\/conexmetals.com\/de\/wp-json\/wp\/v2\/product_cat?post=13456"},{"taxonomy":"product_tag","embeddable":true,"href":"https:\/\/conexmetals.com\/de\/wp-json\/wp\/v2\/product_tag?post=13456"}],"curies":[{"name":"wp","href":"https:\/\/api.w.org\/{rel}","templated":true}]}}