{"id":13467,"date":"2023-08-18T13:01:30","date_gmt":"2023-08-18T07:31:30","guid":{"rendered":"https:\/\/conexmetals.com\/?post_type=product&#038;p=13467"},"modified":"2025-01-21T16:37:07","modified_gmt":"2025-01-21T11:07:07","slug":"erdungsschilder","status":"publish","type":"product","link":"https:\/\/conexmetals.com\/de\/produkt\/erdungsschilder\/","title":{"rendered":"Erdungsschilder"},"content":{"rendered":"","protected":false},"excerpt":{"rendered":"<div class=\"elementor-element elementor-element-672075d elementor-widget__width-initial e-transform elementor-widget-mobile__width-initial elementor-widget elementor-widget-woocommerce-product-images\" data-id=\"672075d\" data-element_type=\"widget\" data-settings=\"{&quot;_transform_scale_effect&quot;:{&quot;unit&quot;:&quot;px&quot;,&quot;size&quot;:1,&quot;sizes&quot;:[]},&quot;_transform_scale_effect_tablet&quot;:{&quot;unit&quot;:&quot;px&quot;,&quot;size&quot;:&quot;&quot;,&quot;sizes&quot;:[]},&quot;_transform_scale_effect_mobile&quot;:{&quot;unit&quot;:&quot;px&quot;,&quot;size&quot;:&quot;&quot;,&quot;sizes&quot;:[]}}\" data-widget_type=\"woocommerce-product-images.default\">\n<div class=\"elementor-widget-container\">\n<div class=\"woocommerce-product-gallery woocommerce-product-gallery--with-images woocommerce-product-gallery--columns-4 images\" data-columns=\"4\">\n<div class=\"woocommerce-product-gallery__wrapper\">\n<div class=\"woocommerce-product-gallery__image\" data-thumb=\"https:\/\/conexmetals.com\/wp-content\/uploads\/2023\/08\/Cable-Gland-Accessories-Earth-Tags-100x100.webp\" data-thumb-alt=\"Cable-Gland-Accessories-Earth-Tags\" data-thumb-srcset=\"https:\/\/conexmetals.com\/wp-content\/uploads\/2023\/08\/Cable-Gland-Accessories-Earth-Tags-100x100.webp 100w, https:\/\/conexmetals.com\/wp-content\/uploads\/2023\/08\/Cable-Gland-Accessories-Earth-Tags-300x300.webp 300w, https:\/\/conexmetals.com\/wp-content\/uploads\/2023\/08\/Cable-Gland-Accessories-Earth-Tags-150x150.webp 150w, https:\/\/conexmetals.com\/wp-content\/uploads\/2023\/08\/Cable-Gland-Accessories-Earth-Tags.webp 350w\"><\/div>\n<\/div>\n<\/div>\n<\/div>\n<\/div>\n<div class=\"elementor-element elementor-element-36d2ab8 elementor-widget elementor-widget-woocommerce-product-short-description\" data-id=\"36d2ab8\" data-element_type=\"widget\" data-widget_type=\"woocommerce-product-short-description.default\">\n<div class=\"elementor-widget-container\">\n<div class=\"woocommerce-product-details__short-description\">\n<table id=\"tablepress-419\" class=\"tablepress tablepress-id-419\">\n<caption>\u00a0<\/caption>\n<thead>\n<tr class=\"row-1 odd\">\n<th class=\"column-1\" colspan=\"6\"><strong><span>Technisches Datenblatt<\/span><\/strong><\/th>\n<\/tr>\n<\/thead>\n<tbody class=\"row-hover\">\n<tr class=\"row-2 even\">\n<td class=\"column-1\"><strong><span>GR\u00d6SSE<\/span><\/strong><\/td>\n<td class=\"column-2\"><strong><span>A<\/span><\/strong><\/td>\n<td class=\"column-3\"><strong><span>B<\/span><\/strong><\/td>\n<td class=\"column-4\"><strong><span>(NPT) &#8218;B&#8216;<\/span><\/strong><\/td>\n<td class=\"column-5\"><strong><span>F<\/span><\/strong><\/td>\n<td class=\"column-6\"><strong><span>GR\u00d6SSE<\/span><\/strong><\/td>\n<\/tr>\n<tr class=\"row-3 odd\">\n<td class=\"column-1\"><span>M20<\/span><\/td>\n<td class=\"column-2\"><span>27<\/span><\/td>\n<td class=\"column-3\"><span>21<\/span><\/td>\n<td class=\"column-4\"><span>22<\/span><\/td>\n<td class=\"column-5\"><span>1.5<\/span><\/td>\n<td class=\"column-6\"><span>1\/2\u2033NPT<\/span><\/td>\n<\/tr>\n<tr class=\"row-4 even\">\n<td class=\"column-1\"><span>M25<\/span><\/td>\n<td class=\"column-2\"><span>33<\/span><\/td>\n<td class=\"column-3\"><span>27<\/span><\/td>\n<td class=\"column-4\"><span>27<\/span><\/td>\n<td class=\"column-5\"><span>1.5<\/span><\/td>\n<td class=\"column-6\"><span>3\/4\u2033NPT<\/span><\/td>\n<\/tr>\n<tr class=\"row-5 odd\">\n<td class=\"column-1\"><span>M32<\/span><\/td>\n<td class=\"column-2\"><span>36<\/span><\/td>\n<td class=\"column-3\"><span>34<\/span><\/td>\n<td class=\"column-4\"><span>34<\/span><\/td>\n<td class=\"column-5\"><span>1.5<\/span><\/td>\n<td class=\"column-6\"><span>1\u2033NPT<\/span><\/td>\n<\/tr>\n<tr class=\"row-6 even\">\n<td class=\"column-1\"><span>M40<\/span><\/td>\n<td class=\"column-2\"><span>44<\/span><\/td>\n<td class=\"column-3\"><span>41<\/span><\/td>\n<td class=\"column-4\"><span>43<\/span><\/td>\n<td class=\"column-5\"><span>1.5<\/span><\/td>\n<td class=\"column-6\"><span>1,1\/4\u2033NPT<\/span><\/td>\n<\/tr>\n<tr class=\"row-7 odd\">\n<td class=\"column-1\"><span>M50<\/span><\/td>\n<td class=\"column-2\"><span>50<\/span><\/td>\n<td class=\"column-3\"><span>51<\/span><\/td>\n<td class=\"column-4\"><span>49<\/span><\/td>\n<td class=\"column-5\"><span>1.5<\/span><\/td>\n<td class=\"column-6\"><span>1,1\/2\u2033NPT<\/span><\/td>\n<\/tr>\n<tr class=\"row-8 even\">\n<td class=\"column-1\"><span>M63<\/span><\/td>\n<td class=\"column-2\"><span>65<\/span><\/td>\n<td class=\"column-3\"><span>64<\/span><\/td>\n<td class=\"column-4\"><span>61<\/span><\/td>\n<td class=\"column-5\"><span>1.5<\/span><\/td>\n<td class=\"column-6\"><span>2\u2033NPT<\/span><\/td>\n<\/tr>\n<tr class=\"row-9 odd\">\n<td class=\"column-1\"><span>M75<\/span><\/td>\n<td class=\"column-2\"><span>58<\/span><\/td>\n<td class=\"column-3\"><span>77<\/span><\/td>\n<td class=\"column-4\"><span>77<\/span><\/td>\n<td class=\"column-5\"><span>1.5<\/span><\/td>\n<td class=\"column-6\"><span>2,1\/2\u2033NPT<\/span><\/td>\n<\/tr>\n<tr class=\"row-10 even\">\n<td class=\"column-1\"><span>M90<\/span><\/td>\n<td class=\"column-2\"><span>71<\/span><\/td>\n<td class=\"column-3\"><span>91<\/span><\/td>\n<td class=\"column-4\"><span>89<\/span><\/td>\n<td class=\"column-5\"><span>1.5<\/span><\/td>\n<td class=\"column-6\"><span>3\u2033NPT<\/span><\/td>\n<\/tr>\n<tr class=\"row-11 odd\">\n<td class=\"column-1\"><span>M100<\/span><\/td>\n<td class=\"column-2\"><span>81<\/span><\/td>\n<td class=\"column-3\"><span>101<\/span><\/td>\n<td class=\"column-4\"><span>115<\/span><\/td>\n<td class=\"column-5\"><span>1.5<\/span><\/td>\n<td class=\"column-6\"><span>4\u2033NPT<\/span><\/td>\n<\/tr>\n<\/tbody>\n<\/table>\n<p><img decoding=\"async\" class=\"size-medium wp-image-13078 alignright lazy loaded\" src=\"https:\/\/conexmetals.com\/wp-content\/uploads\/2023\/08\/Earth-Tag-line-drawing-300x162.jpg\" alt=\"Erde-Tag-Linienzeichnung\" width=\"300\" height=\"162\" data-src=\"https:\/\/conexmetals.com\/wp-content\/uploads\/2023\/08\/Earth-Tag-line-drawing-300x162.jpg\" data-was-processed=\"true\" srcset=\"https:\/\/conexmetals.com\/wp-content\/uploads\/2023\/08\/Earth-Tag-line-drawing-300x162.jpg 300w, https:\/\/conexmetals.com\/wp-content\/uploads\/2023\/08\/Earth-Tag-line-drawing.jpg 400w\" sizes=\"(max-width: 300px) 100vw, 300px\" \/><span>Erdungslaschen sind Metallkomponenten, die h\u00e4ufig als Kabelverschraubungszubeh\u00f6r in elektrischen und elektronischen Anlagen verwendet werden, um eine zuverl\u00e4ssige Erdungsverbindung zu gew\u00e4hrleisten. Dieses Zubeh\u00f6r spielt eine entscheidende Rolle bei der Gew\u00e4hrleistung der elektrischen Sicherheit, indem es einen Pfad mit geringem Widerstand f\u00fcr den Abfluss elektrischer Str\u00f6me zur Erde schafft und so dazu beitr\u00e4gt, Stromschl\u00e4ge und Gefahren zu verhindern.<\/span><\/p>\n<p><span>Und so funktionieren Erdungslaschen als Zubeh\u00f6r f\u00fcr Kabelverschraubungen:<\/span><\/p>\n<p><strong><b><span>Funktion als Kabelverschraubungszubeh\u00f6r:<\/span><\/b><\/strong><span>\u00a0\u00a0Erdungslaschen werden normalerweise am Metallk\u00f6rper einer Kabelverschraubung oder eines Ger\u00e4ts angebracht. Wenn sie als Kabelverschraubungszubeh\u00f6r verwendet werden, erf\u00fcllen sie die folgenden Funktionen:<\/span><\/p>\n<ol>\n<li><b><\/b><strong><b><span>Erdungsanschluss:<\/span><\/b><\/strong><span>\u00a0Erdungsfahnen bieten einen Anschlusspunkt f\u00fcr Erdungsleiter oder -kabel. Sie stellen eine elektrische Verbindung zwischen den metallischen Teilen der Kabelverschraubung oder des Ger\u00e4ts und dem Erdungssystem her und stellen sicher, dass alle m\u00f6glichen elektrischen Fehler oder Str\u00f6me sicher zur Erde geleitet werden.<\/span><\/li>\n<li><b><\/b><strong><b><span>Elektrische Sicherheit:<\/span><\/b><\/strong><span>\u00a0Durch die Erdung metallischer Teile tragen Erdungsfahnen dazu bei, die Entstehung statischer Elektrizit\u00e4t zu verhindern, das Risiko eines Stromschlags zu verringern und die elektrische Sicherheit insgesamt zu verbessern.<\/span><\/li>\n<\/ol>\n<p><strong><b><span>Anwendungen:<\/span><\/b><\/strong><span>\u00a0\u00a0Erdungsfahnen als Zubeh\u00f6r f\u00fcr Kabelverschraubungen werden h\u00e4ufig in verschiedenen Anwendungen eingesetzt, darunter:<\/span><\/p>\n<ol>\n<li><b><\/b><strong><b><span>Schalttafeln:<\/span><\/b><\/strong><span>\u00a0In elektrischen Verteilertafeln, Schaltanlagen und Bedienfeldern werden Erdungsfahnen verwendet, um eine ordnungsgem\u00e4\u00dfe Erdung von Kabelverschraubungen und Ger\u00e4ten sicherzustellen.<\/span><\/li>\n<li><b><\/b><strong><b><span>Industriemaschinen:<\/span><\/b><\/strong><span>\u00a0Erdungsklemmen werden in industriellen Umgebungen verwendet, um Kabelverschraubungen an Maschinen, Motoren und anderen Ger\u00e4ten zu erden.<\/span><\/li>\n<li><b><\/b><strong><b><span>Telekommunikation:<\/span><\/b><\/strong><span>\u00a0Sie werden in Telekommunikationsanlagen verwendet, um die Erdung von Kabeleinf\u00fchrungen in Schr\u00e4nken und Geh\u00e4usen sicherzustellen.<\/span><\/li>\n<li><b><\/b><strong><b><span>Gef\u00e4hrliche Bereiche:<\/span><\/b><\/strong><span>\u00a0In gef\u00e4hrlichen Umgebungen sind Erdungsanschl\u00fcsse von entscheidender Bedeutung, um die Entstehung statischer Elektrizit\u00e4t zu verhindern und das Risiko von Explosionen oder Br\u00e4nden zu verringern.<\/span><\/li>\n<\/ol>\n<\/div>\n<\/div>\n<\/div>\n","protected":false},"featured_media":13274,"template":"","meta":[],"product_brand":[],"product_cat":[368],"product_tag":[],"class_list":{"0":"post-13467","1":"product","2":"type-product","3":"status-publish","4":"has-post-thumbnail","6":"product_cat-zubehor-fur-kabelverschraubungen","8":"first","9":"instock","10":"shipping-taxable","11":"product-type-simple"},"yoast_head":"<!-- This site is optimized with the Yoast SEO plugin v27.3 - https:\/\/yoast.com\/product\/yoast-seo-wordpress\/ -->\n<title>Erdungsschilder<\/title>\n<meta name=\"description\" content=\"Entdecken Sie hochwertige Kabelverschraubung Zubeh\u00f6r Erdungsschilder bei Conex Metals. Unser Sortiment umfasst Erdungsb\u00e4nder, Kabelschneider, Kabelverbinder und Kabelverschraubung Erdungsl\u00f6sungen. Vertrauen Sie auf Conex Metals, einen f\u00fchrenden Hersteller, Exporteur und Lieferanten in Indien, f\u00fcr zuverl\u00e4ssige SWA Kabel Erdungsprodukte.\" \/>\n<meta name=\"robots\" content=\"index, follow, max-snippet:-1, max-image-preview:large, max-video-preview:-1\" \/>\n<link rel=\"canonical\" href=\"https:\/\/conexmetals.com\/de\/produkt\/erdungsschilder\/\" \/>\n<script type=\"application\/ld+json\" class=\"yoast-schema-graph\">{\"@context\":\"https:\\\/\\\/schema.org\",\"@graph\":[{\"@type\":\"WebPage\",\"@id\":\"https:\\\/\\\/conexmetals.com\\\/de\\\/produkt\\\/erdungsschilder\\\/\",\"url\":\"https:\\\/\\\/conexmetals.com\\\/de\\\/produkt\\\/erdungsschilder\\\/\",\"name\":\"Erdungsschilder\",\"isPartOf\":{\"@id\":\"https:\\\/\\\/conexmetals.com\\\/de\\\/#website\"},\"primaryImageOfPage\":{\"@id\":\"https:\\\/\\\/conexmetals.com\\\/de\\\/produkt\\\/erdungsschilder\\\/#primaryimage\"},\"image\":{\"@id\":\"https:\\\/\\\/conexmetals.com\\\/de\\\/produkt\\\/erdungsschilder\\\/#primaryimage\"},\"thumbnailUrl\":\"https:\\\/\\\/conexmetals.com\\\/wp-content\\\/uploads\\\/2025\\\/01\\\/Erdungsschilder.webp\",\"datePublished\":\"2023-08-18T07:31:30+00:00\",\"dateModified\":\"2025-01-21T11:07:07+00:00\",\"description\":\"Entdecken Sie hochwertige Kabelverschraubung Zubeh\u00f6r Erdungsschilder bei Conex Metals. Unser Sortiment umfasst Erdungsb\u00e4nder, Kabelschneider, Kabelverbinder und Kabelverschraubung Erdungsl\u00f6sungen. Vertrauen Sie auf Conex Metals, einen f\u00fchrenden Hersteller, Exporteur und Lieferanten in Indien, f\u00fcr zuverl\u00e4ssige SWA Kabel Erdungsprodukte.\",\"breadcrumb\":{\"@id\":\"https:\\\/\\\/conexmetals.com\\\/de\\\/produkt\\\/erdungsschilder\\\/#breadcrumb\"},\"inLanguage\":\"de\",\"potentialAction\":[{\"@type\":\"ReadAction\",\"target\":[\"https:\\\/\\\/conexmetals.com\\\/de\\\/produkt\\\/erdungsschilder\\\/\"]}]},{\"@type\":\"ImageObject\",\"inLanguage\":\"de\",\"@id\":\"https:\\\/\\\/conexmetals.com\\\/de\\\/produkt\\\/erdungsschilder\\\/#primaryimage\",\"url\":\"https:\\\/\\\/conexmetals.com\\\/wp-content\\\/uploads\\\/2025\\\/01\\\/Erdungsschilder.webp\",\"contentUrl\":\"https:\\\/\\\/conexmetals.com\\\/wp-content\\\/uploads\\\/2025\\\/01\\\/Erdungsschilder.webp\",\"width\":300,\"height\":300,\"caption\":\"Erdungsschilder\"},{\"@type\":\"BreadcrumbList\",\"@id\":\"https:\\\/\\\/conexmetals.com\\\/de\\\/produkt\\\/erdungsschilder\\\/#breadcrumb\",\"itemListElement\":[{\"@type\":\"ListItem\",\"position\":1,\"name\":\"Home\",\"item\":\"https:\\\/\\\/conexmetals.com\\\/de\\\/heim\\\/\"},{\"@type\":\"ListItem\",\"position\":2,\"name\":\"Products\",\"item\":\"https:\\\/\\\/conexmetals.com\\\/products\\\/\"},{\"@type\":\"ListItem\",\"position\":3,\"name\":\"Erdungsschilder\"}]},{\"@type\":\"WebSite\",\"@id\":\"https:\\\/\\\/conexmetals.com\\\/de\\\/#website\",\"url\":\"https:\\\/\\\/conexmetals.com\\\/de\\\/\",\"name\":\"Conex Metals Brass Fittings Brass Parts Copper Parts Brass Components Brass Plumbing Fittings India\",\"description\":\"Manufacturer of Bronze Fittings casting Copper Brass parts components\",\"publisher\":{\"@id\":\"https:\\\/\\\/conexmetals.com\\\/de\\\/#organization\"},\"potentialAction\":[{\"@type\":\"SearchAction\",\"target\":{\"@type\":\"EntryPoint\",\"urlTemplate\":\"https:\\\/\\\/conexmetals.com\\\/de\\\/?s={search_term_string}\"},\"query-input\":{\"@type\":\"PropertyValueSpecification\",\"valueRequired\":true,\"valueName\":\"search_term_string\"}}],\"inLanguage\":\"de\"},{\"@type\":\"Organization\",\"@id\":\"https:\\\/\\\/conexmetals.com\\\/de\\\/#organization\",\"name\":\"Conex Metals Brass Fittings Brass Parts Copper Parts Brass Components Brass Plumbing Fittings India\",\"url\":\"https:\\\/\\\/conexmetals.com\\\/de\\\/\",\"logo\":{\"@type\":\"ImageObject\",\"inLanguage\":\"de\",\"@id\":\"https:\\\/\\\/conexmetals.com\\\/de\\\/#\\\/schema\\\/logo\\\/image\\\/\",\"url\":\"https:\\\/\\\/conexmetals.com\\\/wp-content\\\/uploads\\\/2024\\\/03\\\/conex-metals-logo.webp\",\"contentUrl\":\"https:\\\/\\\/conexmetals.com\\\/wp-content\\\/uploads\\\/2024\\\/03\\\/conex-metals-logo.webp\",\"width\":300,\"height\":121,\"caption\":\"Conex Metals Brass Fittings Brass Parts Copper Parts Brass Components Brass Plumbing Fittings India\"},\"image\":{\"@id\":\"https:\\\/\\\/conexmetals.com\\\/de\\\/#\\\/schema\\\/logo\\\/image\\\/\"},\"sameAs\":[\"https:\\\/\\\/www.facebook.com\\\/conexbrass\",\"https:\\\/\\\/x.com\\\/conexindia\",\"https:\\\/\\\/www.linkedin.com\\\/company\\\/conex-metals-india\\\/\",\"https:\\\/\\\/www.instagram.com\\\/conexindia\\\/\"]}]}<\/script>\n<!-- \/ Yoast SEO plugin. -->","yoast_head_json":{"title":"Erdungsschilder","description":"Entdecken Sie hochwertige Kabelverschraubung Zubeh\u00f6r Erdungsschilder bei Conex Metals. Unser Sortiment umfasst Erdungsb\u00e4nder, Kabelschneider, Kabelverbinder und Kabelverschraubung Erdungsl\u00f6sungen. Vertrauen Sie auf Conex Metals, einen f\u00fchrenden Hersteller, Exporteur und Lieferanten in Indien, f\u00fcr zuverl\u00e4ssige SWA Kabel Erdungsprodukte.","robots":{"index":"index","follow":"follow","max-snippet":"max-snippet:-1","max-image-preview":"max-image-preview:large","max-video-preview":"max-video-preview:-1"},"canonical":"https:\/\/conexmetals.com\/de\/produkt\/erdungsschilder\/","schema":{"@context":"https:\/\/schema.org","@graph":[{"@type":"WebPage","@id":"https:\/\/conexmetals.com\/de\/produkt\/erdungsschilder\/","url":"https:\/\/conexmetals.com\/de\/produkt\/erdungsschilder\/","name":"Erdungsschilder","isPartOf":{"@id":"https:\/\/conexmetals.com\/de\/#website"},"primaryImageOfPage":{"@id":"https:\/\/conexmetals.com\/de\/produkt\/erdungsschilder\/#primaryimage"},"image":{"@id":"https:\/\/conexmetals.com\/de\/produkt\/erdungsschilder\/#primaryimage"},"thumbnailUrl":"https:\/\/conexmetals.com\/wp-content\/uploads\/2025\/01\/Erdungsschilder.webp","datePublished":"2023-08-18T07:31:30+00:00","dateModified":"2025-01-21T11:07:07+00:00","description":"Entdecken Sie hochwertige Kabelverschraubung Zubeh\u00f6r Erdungsschilder bei Conex Metals. Unser Sortiment umfasst Erdungsb\u00e4nder, Kabelschneider, Kabelverbinder und Kabelverschraubung Erdungsl\u00f6sungen. Vertrauen Sie auf Conex Metals, einen f\u00fchrenden Hersteller, Exporteur und Lieferanten in Indien, f\u00fcr zuverl\u00e4ssige SWA Kabel Erdungsprodukte.","breadcrumb":{"@id":"https:\/\/conexmetals.com\/de\/produkt\/erdungsschilder\/#breadcrumb"},"inLanguage":"de","potentialAction":[{"@type":"ReadAction","target":["https:\/\/conexmetals.com\/de\/produkt\/erdungsschilder\/"]}]},{"@type":"ImageObject","inLanguage":"de","@id":"https:\/\/conexmetals.com\/de\/produkt\/erdungsschilder\/#primaryimage","url":"https:\/\/conexmetals.com\/wp-content\/uploads\/2025\/01\/Erdungsschilder.webp","contentUrl":"https:\/\/conexmetals.com\/wp-content\/uploads\/2025\/01\/Erdungsschilder.webp","width":300,"height":300,"caption":"Erdungsschilder"},{"@type":"BreadcrumbList","@id":"https:\/\/conexmetals.com\/de\/produkt\/erdungsschilder\/#breadcrumb","itemListElement":[{"@type":"ListItem","position":1,"name":"Home","item":"https:\/\/conexmetals.com\/de\/heim\/"},{"@type":"ListItem","position":2,"name":"Products","item":"https:\/\/conexmetals.com\/products\/"},{"@type":"ListItem","position":3,"name":"Erdungsschilder"}]},{"@type":"WebSite","@id":"https:\/\/conexmetals.com\/de\/#website","url":"https:\/\/conexmetals.com\/de\/","name":"Conex Metals Brass Fittings Brass Parts Copper Parts Brass Components Brass Plumbing Fittings India","description":"Manufacturer of Bronze Fittings casting Copper Brass parts components","publisher":{"@id":"https:\/\/conexmetals.com\/de\/#organization"},"potentialAction":[{"@type":"SearchAction","target":{"@type":"EntryPoint","urlTemplate":"https:\/\/conexmetals.com\/de\/?s={search_term_string}"},"query-input":{"@type":"PropertyValueSpecification","valueRequired":true,"valueName":"search_term_string"}}],"inLanguage":"de"},{"@type":"Organization","@id":"https:\/\/conexmetals.com\/de\/#organization","name":"Conex Metals Brass Fittings Brass Parts Copper Parts Brass Components Brass Plumbing Fittings India","url":"https:\/\/conexmetals.com\/de\/","logo":{"@type":"ImageObject","inLanguage":"de","@id":"https:\/\/conexmetals.com\/de\/#\/schema\/logo\/image\/","url":"https:\/\/conexmetals.com\/wp-content\/uploads\/2024\/03\/conex-metals-logo.webp","contentUrl":"https:\/\/conexmetals.com\/wp-content\/uploads\/2024\/03\/conex-metals-logo.webp","width":300,"height":121,"caption":"Conex Metals Brass Fittings Brass Parts Copper Parts Brass Components Brass Plumbing Fittings India"},"image":{"@id":"https:\/\/conexmetals.com\/de\/#\/schema\/logo\/image\/"},"sameAs":["https:\/\/www.facebook.com\/conexbrass","https:\/\/x.com\/conexindia","https:\/\/www.linkedin.com\/company\/conex-metals-india\/","https:\/\/www.instagram.com\/conexindia\/"]}]}},"_links":{"self":[{"href":"https:\/\/conexmetals.com\/de\/wp-json\/wp\/v2\/product\/13467","targetHints":{"allow":["GET"]}}],"collection":[{"href":"https:\/\/conexmetals.com\/de\/wp-json\/wp\/v2\/product"}],"about":[{"href":"https:\/\/conexmetals.com\/de\/wp-json\/wp\/v2\/types\/product"}],"wp:featuredmedia":[{"embeddable":true,"href":"https:\/\/conexmetals.com\/de\/wp-json\/wp\/v2\/media\/13274"}],"wp:attachment":[{"href":"https:\/\/conexmetals.com\/de\/wp-json\/wp\/v2\/media?parent=13467"}],"wp:term":[{"taxonomy":"product_brand","embeddable":true,"href":"https:\/\/conexmetals.com\/de\/wp-json\/wp\/v2\/product_brand?post=13467"},{"taxonomy":"product_cat","embeddable":true,"href":"https:\/\/conexmetals.com\/de\/wp-json\/wp\/v2\/product_cat?post=13467"},{"taxonomy":"product_tag","embeddable":true,"href":"https:\/\/conexmetals.com\/de\/wp-json\/wp\/v2\/product_tag?post=13467"}],"curies":[{"name":"wp","href":"https:\/\/api.w.org\/{rel}","templated":true}]}}