{"id":13471,"date":"2023-08-18T12:54:18","date_gmt":"2023-08-18T07:24:18","guid":{"rendered":"https:\/\/conexmetals.com\/?post_type=product&#038;p=13471"},"modified":"2025-01-21T17:22:47","modified_gmt":"2025-01-21T11:52:47","slug":"pg-typ-kabelverschraubungen","status":"publish","type":"product","link":"https:\/\/conexmetals.com\/de\/produkt\/pg-typ-kabelverschraubungen\/","title":{"rendered":"PG-Typ Kabelverschraubungen"},"content":{"rendered":"","protected":false},"excerpt":{"rendered":"<div class=\"elementor-element elementor-element-672075d elementor-widget__width-initial e-transform elementor-widget-mobile__width-initial elementor-widget elementor-widget-woocommerce-product-images\" data-id=\"672075d\" data-element_type=\"widget\" data-settings=\"{&quot;_transform_scale_effect&quot;:{&quot;unit&quot;:&quot;px&quot;,&quot;size&quot;:1,&quot;sizes&quot;:[]},&quot;_transform_scale_effect_tablet&quot;:{&quot;unit&quot;:&quot;px&quot;,&quot;size&quot;:&quot;&quot;,&quot;sizes&quot;:[]},&quot;_transform_scale_effect_mobile&quot;:{&quot;unit&quot;:&quot;px&quot;,&quot;size&quot;:&quot;&quot;,&quot;sizes&quot;:[]}}\" data-widget_type=\"woocommerce-product-images.default\">\n<div class=\"elementor-widget-container\">\n<div class=\"woocommerce-product-gallery woocommerce-product-gallery--with-images woocommerce-product-gallery--columns-4 images\" data-columns=\"4\">\n<div class=\"woocommerce-product-gallery__wrapper\">\n<div class=\"woocommerce-product-gallery__image\" data-thumb=\"https:\/\/conexmetals.com\/wp-content\/uploads\/2023\/08\/PG-Type-Cable-Glands-100x100.webp\" data-thumb-alt=\"PG-Type-Cable-Glands\" data-thumb-srcset=\"https:\/\/conexmetals.com\/wp-content\/uploads\/2023\/08\/PG-Type-Cable-Glands-100x100.webp 100w, https:\/\/conexmetals.com\/wp-content\/uploads\/2023\/08\/PG-Type-Cable-Glands-300x300.webp 300w, https:\/\/conexmetals.com\/wp-content\/uploads\/2023\/08\/PG-Type-Cable-Glands-150x150.webp 150w, https:\/\/conexmetals.com\/wp-content\/uploads\/2023\/08\/PG-Type-Cable-Glands.webp 350w\"><\/div>\n<\/div>\n<\/div>\n<\/div>\n<\/div>\n<div class=\"elementor-element elementor-element-36d2ab8 elementor-widget elementor-widget-woocommerce-product-short-description\" data-id=\"36d2ab8\" data-element_type=\"widget\" data-widget_type=\"woocommerce-product-short-description.default\">\n<div class=\"elementor-widget-container\">\n<div class=\"woocommerce-product-details__short-description\">\n<table id=\"tablepress-423\" class=\"tablepress tablepress-id-423\">\n<caption>\u00a0<\/caption>\n<thead>\n<tr class=\"row-1 odd\">\n<th class=\"column-1\" colspan=\"7\"><strong><span>Technisches Datenblatt<\/span><\/strong><\/th>\n<\/tr>\n<\/thead>\n<tbody class=\"row-hover\">\n<tr class=\"row-2 even\">\n<td class=\"column-1\" colspan=\"2\"><strong><span>Stopfbuchsengr\u00f6\u00dfe<\/span><\/strong><\/td>\n<td class=\"column-3\" colspan=\"2\"><strong><span>Kabelbereich \u201eA\u201c<\/span><\/strong><\/td>\n<td class=\"column-5\" colspan=\"2\"><strong><span>Gewindegr\u00f6\u00dfe \u201eB\u201c<\/span><\/strong><\/td>\n<td class=\"column-7\" rowspan=\"2\"><strong><span>Gewindel\u00e4nge \u201eC\u201c (in mm)<\/span><\/strong><\/td>\n<\/tr>\n<tr class=\"row-3 odd\">\n<td class=\"column-1\"><strong><span>PG<\/span><\/strong><\/td>\n<td class=\"column-2\"><strong><span>METRISCH<\/span><\/strong><\/td>\n<td class=\"column-3\"><strong><span>MIN.<\/span><\/strong><\/td>\n<td class=\"column-4\"><strong><span>MAX.<\/span><\/strong><\/td>\n<td class=\"column-5\"><strong><span>PG<\/span><\/strong><\/td>\n<td class=\"column-6\"><strong><span>METRISCH<\/span><\/strong><\/td>\n<\/tr>\n<tr class=\"row-4 even\">\n<td class=\"column-1\"><span>PG7<\/span><\/td>\n<td class=\"column-2\"><span>M12<\/span><\/td>\n<td class=\"column-3\"><span>4<\/span><\/td>\n<td class=\"column-4\"><span>6<\/span><\/td>\n<td class=\"column-5\"><span>PG7<\/span><\/td>\n<td class=\"column-6\"><span>M12<\/span><\/td>\n<td class=\"column-7\"><span>5<\/span><\/td>\n<\/tr>\n<tr class=\"row-5 odd\">\n<td class=\"column-1\"><span>PG9<\/span><\/td>\n<td class=\"column-2\"><span>M16<\/span><\/td>\n<td class=\"column-3\"><span>6<\/span><\/td>\n<td class=\"column-4\"><span>10<\/span><\/td>\n<td class=\"column-5\"><span>PG9<\/span><\/td>\n<td class=\"column-6\"><span>M16<\/span><\/td>\n<td class=\"column-7\"><span>6<\/span><\/td>\n<\/tr>\n<tr class=\"row-6 even\">\n<td class=\"column-1\"><span>PG11<\/span><\/td>\n<td class=\"column-2\"><span>\u2013<\/span><\/td>\n<td class=\"column-3\"><span>8<\/span><\/td>\n<td class=\"column-4\"><span>10<\/span><\/td>\n<td class=\"column-5\"><span>PG11<\/span><\/td>\n<td class=\"column-6\"><span>\u2013<\/span><\/td>\n<td class=\"column-7\"><span>6.5<\/span><\/td>\n<\/tr>\n<tr class=\"row-7 odd\">\n<td class=\"column-1\"><span>PG13.5<\/span><\/td>\n<td class=\"column-2\"><span>M20<\/span><\/td>\n<td class=\"column-3\"><span>10<\/span><\/td>\n<td class=\"column-4\"><span>12<\/span><\/td>\n<td class=\"column-5\"><span>PG13.5<\/span><\/td>\n<td class=\"column-6\"><span>M20<\/span><\/td>\n<td class=\"column-7\"><span>7.1<\/span><\/td>\n<\/tr>\n<tr class=\"row-8 even\">\n<td class=\"column-1\"><span>PG16<\/span><\/td>\n<td class=\"column-2\"><span>\u2013<\/span><\/td>\n<td class=\"column-3\"><span>11<\/span><\/td>\n<td class=\"column-4\"><span>14<\/span><\/td>\n<td class=\"column-5\"><span>PG16<\/span><\/td>\n<td class=\"column-6\"><span>\u2013<\/span><\/td>\n<td class=\"column-7\"><span>6.5<\/span><\/td>\n<\/tr>\n<tr class=\"row-9 odd\">\n<td class=\"column-1\"><span>PG21<\/span><\/td>\n<td class=\"column-2\"><span>M25<\/span><\/td>\n<td class=\"column-3\"><span>14<\/span><\/td>\n<td class=\"column-4\"><span>18<\/span><\/td>\n<td class=\"column-5\"><span>PG21<\/span><\/td>\n<td class=\"column-6\"><span>M25<\/span><\/td>\n<td class=\"column-7\"><span>7.1<\/span><\/td>\n<\/tr>\n<tr class=\"row-10 even\">\n<td class=\"column-1\"><span>PG29<\/span><\/td>\n<td class=\"column-2\"><span>M32<\/span><\/td>\n<td class=\"column-3\"><span>18<\/span><\/td>\n<td class=\"column-4\"><span>25<\/span><\/td>\n<td class=\"column-5\"><span>PG29<\/span><\/td>\n<td class=\"column-6\"><span>M32<\/span><\/td>\n<td class=\"column-7\"><span>8,5<\/span><\/td>\n<\/tr>\n<tr class=\"row-11 odd\">\n<td class=\"column-1\"><span>PG36<\/span><\/td>\n<td class=\"column-2\"><span>M40<\/span><\/td>\n<td class=\"column-3\"><span>25<\/span><\/td>\n<td class=\"column-4\"><span>32<\/span><\/td>\n<td class=\"column-5\"><span>PG36<\/span><\/td>\n<td class=\"column-6\"><span>M40<\/span><\/td>\n<td class=\"column-7\"><span>10<\/span><\/td>\n<\/tr>\n<tr class=\"row-12 even\">\n<td class=\"column-1\"><span>PG42<\/span><\/td>\n<td class=\"column-2\"><span>M50<\/span><\/td>\n<td class=\"column-3\"><span>30<\/span><\/td>\n<td class=\"column-4\"><span>38<\/span><\/td>\n<td class=\"column-5\"><span>PG42<\/span><\/td>\n<td class=\"column-6\"><span>M50<\/span><\/td>\n<td class=\"column-7\"><span>10<\/span><\/td>\n<\/tr>\n<tr class=\"row-13 odd\">\n<td class=\"column-1\"><span>PG48<\/span><\/td>\n<td class=\"column-2\"><span>M63<\/span><\/td>\n<td class=\"column-3\"><span>33<\/span><\/td>\n<td class=\"column-4\"><span>42,5<\/span><\/td>\n<td class=\"column-5\"><span>PG48<\/span><\/td>\n<td class=\"column-6\"><span>M63<\/span><\/td>\n<td class=\"column-7\"><span>10<\/span><\/td>\n<\/tr>\n<\/tbody>\n<\/table>\n<p><img fetchpriority=\"high\" decoding=\"async\" class=\"size-medium wp-image-13098 alignright lazy loaded\" src=\"https:\/\/conexmetals.com\/wp-content\/uploads\/2023\/08\/PG-Type-Cable-Glands-line-drawing-300x175.png\" alt=\"Strichzeichnung der Kabelverschraubungen vom Typ PG\" width=\"300\" height=\"175\" data-src=\"https:\/\/conexmetals.com\/wp-content\/uploads\/2023\/08\/PG-Type-Cable-Glands-line-drawing-300x175.png\" data-was-processed=\"true\" srcset=\"https:\/\/conexmetals.com\/wp-content\/uploads\/2023\/08\/PG-Type-Cable-Glands-line-drawing-300x175.png 300w, https:\/\/conexmetals.com\/wp-content\/uploads\/2023\/08\/PG-Type-Cable-Glands-line-drawing.png 312w\" sizes=\"(max-width: 300px) 100vw, 300px\" \/><span>Kabelverschraubungen vom Typ PG sind ein weit verbreiteter Kabelverschraubungstyp, der dem PG-Gewindestandard (Panzer-Gewinde) entspricht, einem deutschen Standard f\u00fcr Gewinde, die in Kabelverschraubungen und anderen Anwendungen verwendet werden. PG-Kabelverschraubungen sind so konzipiert, dass sie sichere und wasserdichte Kabeleinf\u00fchrungspunkte in Geh\u00e4use, Anschlussk\u00e4sten oder Ger\u00e4te bieten und gleichzeitig vor Umwelteinfl\u00fcssen wie Staub, Feuchtigkeit und mechanischer Belastung sch\u00fctzen.<\/span><\/p>\n<p><span>Hier sind einige wichtige Punkte zu Kabelverschraubungen vom Typ PG:<\/span><\/p>\n<p><strong><b><span>Gewindenorm:<\/span><\/b><\/strong><span>\u00a0\u00a0PG steht f\u00fcr \u201ePanzer-Gewinde\u201c, was auf Englisch \u201egepanzertes Gewinde\u201c bedeutet. Die PG-Gewindenorm definiert die Abmessungen und Spezifikationen f\u00fcr die Gewinde, die in Kabelverschraubungen und anderen zugeh\u00f6rigen Komponenten verwendet werden.<\/span><\/p>\n<p><strong><b><span>Funktionen und Merkmale:<\/span><\/b><\/strong><span>\u00a0\u00a0Kabelverschraubungen vom Typ PG bieten \u00e4hnliche Funktionen wie andere Kabelverschraubungen:<\/span><\/p>\n<ol>\n<li><b><\/b><strong><b><span>Kabeleinf\u00fchrung:<\/span><\/b><\/strong><span>\u00a0Sie schaffen einen abgedichteten Eintrittspunkt f\u00fcr Kabel in Geh\u00e4use oder Ger\u00e4te und verhindern so das Eindringen von Staub, Feuchtigkeit und anderen Verunreinigungen.<\/span><\/li>\n<li><b><\/b><strong><b><span>Zugentlastung:<\/span><\/b><\/strong><span>\u00a0Diese Verschraubungen bieten mechanische Unterst\u00fctzung f\u00fcr Kabel, reduzieren die Belastung und verhindern \u00fcberm\u00e4\u00dfiges Biegen oder Ziehen an der Eintrittsstelle.<\/span><\/li>\n<\/ol>\n<p><strong><b><span>Verschiedene Gr\u00f6\u00dfen:<\/span><\/b><\/strong><span>\u00a0\u00a0PG-Kabelverschraubungen sind in verschiedenen Gr\u00f6\u00dfen erh\u00e4ltlich (PG7, PG9, PG11, PG13,5, PG16 usw.), die jeweils einer bestimmten Gewindegr\u00f6\u00dfe und einem bestimmten Kabeldurchmesser entsprechen. Dies erm\u00f6glicht die Anpassung an verschiedene Kabelgr\u00f6\u00dfen.<\/span><\/p>\n<p><strong><b><span>Dichtungselemente:<\/span><\/b><\/strong><span>\u00a0\u00a0PG-Kabelverschraubungen enthalten in der Regel Dichtungselemente wie Gummi- oder Elastomerdichtungen, die f\u00fcr wasser- und wetterfesten Schutz sorgen.<\/span><\/p>\n<p><strong><b><span>Anwendungen:<\/span><\/b><\/strong><span>\u00a0\u00a0Kabelverschraubungen vom Typ PG werden h\u00e4ufig in Branchen wie Fertigung, Maschinenbau, Automatisierung und Telekommunikation verwendet. Sie sind besonders wertvoll in Anwendungen, in denen Kabel vor rauen Umgebungsbedingungen gesch\u00fctzt werden m\u00fcssen.<\/span><\/p>\n<\/div>\n<\/div>\n<\/div>\n","protected":false},"featured_media":13289,"template":"","meta":[],"product_brand":[],"product_cat":[364],"product_tag":[],"class_list":{"0":"post-13471","1":"product","2":"type-product","3":"status-publish","4":"has-post-thumbnail","6":"product_cat-kabelverschraubungen","8":"first","9":"instock","10":"shipping-taxable","11":"product-type-simple"},"yoast_head":"<!-- This site is optimized with the Yoast SEO plugin v27.3 - https:\/\/yoast.com\/product\/yoast-seo-wordpress\/ -->\n<title>PG-Typ Kabelverschraubungen<\/title>\n<meta name=\"description\" content=\"Conex Metals ist ein f\u00fchrender Hersteller von PG-Typ Messing-Kabelverschraubungen und bietet eine breite Palette an PG-Gewindeoptionen, einschlie\u00dflich PG 7, PG 9, PG 11, PG 13.5 und PG 16. Unsere Messing-Kabelverschraubungen werden in Indien hergestellt und sind perfekt f\u00fcr Lieferanten und Exporteure, die nach PG21, PG29 Gr\u00f6\u00dfen und dar\u00fcber hinaus suchen.\" \/>\n<meta name=\"robots\" content=\"index, follow, max-snippet:-1, max-image-preview:large, max-video-preview:-1\" \/>\n<link rel=\"canonical\" href=\"https:\/\/conexmetals.com\/de\/produkt\/pg-typ-kabelverschraubungen\/\" \/>\n<script type=\"application\/ld+json\" class=\"yoast-schema-graph\">{\"@context\":\"https:\\\/\\\/schema.org\",\"@graph\":[{\"@type\":\"WebPage\",\"@id\":\"https:\\\/\\\/conexmetals.com\\\/de\\\/produkt\\\/pg-typ-kabelverschraubungen\\\/\",\"url\":\"https:\\\/\\\/conexmetals.com\\\/de\\\/produkt\\\/pg-typ-kabelverschraubungen\\\/\",\"name\":\"PG-Typ Kabelverschraubungen\",\"isPartOf\":{\"@id\":\"https:\\\/\\\/conexmetals.com\\\/de\\\/#website\"},\"primaryImageOfPage\":{\"@id\":\"https:\\\/\\\/conexmetals.com\\\/de\\\/produkt\\\/pg-typ-kabelverschraubungen\\\/#primaryimage\"},\"image\":{\"@id\":\"https:\\\/\\\/conexmetals.com\\\/de\\\/produkt\\\/pg-typ-kabelverschraubungen\\\/#primaryimage\"},\"thumbnailUrl\":\"https:\\\/\\\/conexmetals.com\\\/wp-content\\\/uploads\\\/2025\\\/01\\\/PG-Typ-Kabelverschraubungen.webp\",\"datePublished\":\"2023-08-18T07:24:18+00:00\",\"dateModified\":\"2025-01-21T11:52:47+00:00\",\"description\":\"Conex Metals ist ein f\u00fchrender Hersteller von PG-Typ Messing-Kabelverschraubungen und bietet eine breite Palette an PG-Gewindeoptionen, einschlie\u00dflich PG 7, PG 9, PG 11, PG 13.5 und PG 16. Unsere Messing-Kabelverschraubungen werden in Indien hergestellt und sind perfekt f\u00fcr Lieferanten und Exporteure, die nach PG21, PG29 Gr\u00f6\u00dfen und dar\u00fcber hinaus suchen.\",\"breadcrumb\":{\"@id\":\"https:\\\/\\\/conexmetals.com\\\/de\\\/produkt\\\/pg-typ-kabelverschraubungen\\\/#breadcrumb\"},\"inLanguage\":\"de\",\"potentialAction\":[{\"@type\":\"ReadAction\",\"target\":[\"https:\\\/\\\/conexmetals.com\\\/de\\\/produkt\\\/pg-typ-kabelverschraubungen\\\/\"]}]},{\"@type\":\"ImageObject\",\"inLanguage\":\"de\",\"@id\":\"https:\\\/\\\/conexmetals.com\\\/de\\\/produkt\\\/pg-typ-kabelverschraubungen\\\/#primaryimage\",\"url\":\"https:\\\/\\\/conexmetals.com\\\/wp-content\\\/uploads\\\/2025\\\/01\\\/PG-Typ-Kabelverschraubungen.webp\",\"contentUrl\":\"https:\\\/\\\/conexmetals.com\\\/wp-content\\\/uploads\\\/2025\\\/01\\\/PG-Typ-Kabelverschraubungen.webp\",\"width\":300,\"height\":300,\"caption\":\"PG-Typ Kabelverschraubungen\"},{\"@type\":\"BreadcrumbList\",\"@id\":\"https:\\\/\\\/conexmetals.com\\\/de\\\/produkt\\\/pg-typ-kabelverschraubungen\\\/#breadcrumb\",\"itemListElement\":[{\"@type\":\"ListItem\",\"position\":1,\"name\":\"Home\",\"item\":\"https:\\\/\\\/conexmetals.com\\\/de\\\/heim\\\/\"},{\"@type\":\"ListItem\",\"position\":2,\"name\":\"Products\",\"item\":\"https:\\\/\\\/conexmetals.com\\\/products\\\/\"},{\"@type\":\"ListItem\",\"position\":3,\"name\":\"PG-Typ Kabelverschraubungen\"}]},{\"@type\":\"WebSite\",\"@id\":\"https:\\\/\\\/conexmetals.com\\\/de\\\/#website\",\"url\":\"https:\\\/\\\/conexmetals.com\\\/de\\\/\",\"name\":\"Conex Metals Brass Fittings Brass Parts Copper Parts Brass Components Brass Plumbing Fittings India\",\"description\":\"Manufacturer of Bronze Fittings casting Copper Brass parts components\",\"publisher\":{\"@id\":\"https:\\\/\\\/conexmetals.com\\\/de\\\/#organization\"},\"potentialAction\":[{\"@type\":\"SearchAction\",\"target\":{\"@type\":\"EntryPoint\",\"urlTemplate\":\"https:\\\/\\\/conexmetals.com\\\/de\\\/?s={search_term_string}\"},\"query-input\":{\"@type\":\"PropertyValueSpecification\",\"valueRequired\":true,\"valueName\":\"search_term_string\"}}],\"inLanguage\":\"de\"},{\"@type\":\"Organization\",\"@id\":\"https:\\\/\\\/conexmetals.com\\\/de\\\/#organization\",\"name\":\"Conex Metals Brass Fittings Brass Parts Copper Parts Brass Components Brass Plumbing Fittings India\",\"url\":\"https:\\\/\\\/conexmetals.com\\\/de\\\/\",\"logo\":{\"@type\":\"ImageObject\",\"inLanguage\":\"de\",\"@id\":\"https:\\\/\\\/conexmetals.com\\\/de\\\/#\\\/schema\\\/logo\\\/image\\\/\",\"url\":\"https:\\\/\\\/conexmetals.com\\\/wp-content\\\/uploads\\\/2024\\\/03\\\/conex-metals-logo.webp\",\"contentUrl\":\"https:\\\/\\\/conexmetals.com\\\/wp-content\\\/uploads\\\/2024\\\/03\\\/conex-metals-logo.webp\",\"width\":300,\"height\":121,\"caption\":\"Conex Metals Brass Fittings Brass Parts Copper Parts Brass Components Brass Plumbing Fittings India\"},\"image\":{\"@id\":\"https:\\\/\\\/conexmetals.com\\\/de\\\/#\\\/schema\\\/logo\\\/image\\\/\"},\"sameAs\":[\"https:\\\/\\\/www.facebook.com\\\/conexbrass\",\"https:\\\/\\\/x.com\\\/conexindia\",\"https:\\\/\\\/www.linkedin.com\\\/company\\\/conex-metals-india\\\/\",\"https:\\\/\\\/www.instagram.com\\\/conexindia\\\/\"]}]}<\/script>\n<!-- \/ Yoast SEO plugin. -->","yoast_head_json":{"title":"PG-Typ Kabelverschraubungen","description":"Conex Metals ist ein f\u00fchrender Hersteller von PG-Typ Messing-Kabelverschraubungen und bietet eine breite Palette an PG-Gewindeoptionen, einschlie\u00dflich PG 7, PG 9, PG 11, PG 13.5 und PG 16. Unsere Messing-Kabelverschraubungen werden in Indien hergestellt und sind perfekt f\u00fcr Lieferanten und Exporteure, die nach PG21, PG29 Gr\u00f6\u00dfen und dar\u00fcber hinaus suchen.","robots":{"index":"index","follow":"follow","max-snippet":"max-snippet:-1","max-image-preview":"max-image-preview:large","max-video-preview":"max-video-preview:-1"},"canonical":"https:\/\/conexmetals.com\/de\/produkt\/pg-typ-kabelverschraubungen\/","schema":{"@context":"https:\/\/schema.org","@graph":[{"@type":"WebPage","@id":"https:\/\/conexmetals.com\/de\/produkt\/pg-typ-kabelverschraubungen\/","url":"https:\/\/conexmetals.com\/de\/produkt\/pg-typ-kabelverschraubungen\/","name":"PG-Typ Kabelverschraubungen","isPartOf":{"@id":"https:\/\/conexmetals.com\/de\/#website"},"primaryImageOfPage":{"@id":"https:\/\/conexmetals.com\/de\/produkt\/pg-typ-kabelverschraubungen\/#primaryimage"},"image":{"@id":"https:\/\/conexmetals.com\/de\/produkt\/pg-typ-kabelverschraubungen\/#primaryimage"},"thumbnailUrl":"https:\/\/conexmetals.com\/wp-content\/uploads\/2025\/01\/PG-Typ-Kabelverschraubungen.webp","datePublished":"2023-08-18T07:24:18+00:00","dateModified":"2025-01-21T11:52:47+00:00","description":"Conex Metals ist ein f\u00fchrender Hersteller von PG-Typ Messing-Kabelverschraubungen und bietet eine breite Palette an PG-Gewindeoptionen, einschlie\u00dflich PG 7, PG 9, PG 11, PG 13.5 und PG 16. Unsere Messing-Kabelverschraubungen werden in Indien hergestellt und sind perfekt f\u00fcr Lieferanten und Exporteure, die nach PG21, PG29 Gr\u00f6\u00dfen und dar\u00fcber hinaus suchen.","breadcrumb":{"@id":"https:\/\/conexmetals.com\/de\/produkt\/pg-typ-kabelverschraubungen\/#breadcrumb"},"inLanguage":"de","potentialAction":[{"@type":"ReadAction","target":["https:\/\/conexmetals.com\/de\/produkt\/pg-typ-kabelverschraubungen\/"]}]},{"@type":"ImageObject","inLanguage":"de","@id":"https:\/\/conexmetals.com\/de\/produkt\/pg-typ-kabelverschraubungen\/#primaryimage","url":"https:\/\/conexmetals.com\/wp-content\/uploads\/2025\/01\/PG-Typ-Kabelverschraubungen.webp","contentUrl":"https:\/\/conexmetals.com\/wp-content\/uploads\/2025\/01\/PG-Typ-Kabelverschraubungen.webp","width":300,"height":300,"caption":"PG-Typ Kabelverschraubungen"},{"@type":"BreadcrumbList","@id":"https:\/\/conexmetals.com\/de\/produkt\/pg-typ-kabelverschraubungen\/#breadcrumb","itemListElement":[{"@type":"ListItem","position":1,"name":"Home","item":"https:\/\/conexmetals.com\/de\/heim\/"},{"@type":"ListItem","position":2,"name":"Products","item":"https:\/\/conexmetals.com\/products\/"},{"@type":"ListItem","position":3,"name":"PG-Typ Kabelverschraubungen"}]},{"@type":"WebSite","@id":"https:\/\/conexmetals.com\/de\/#website","url":"https:\/\/conexmetals.com\/de\/","name":"Conex Metals Brass Fittings Brass Parts Copper Parts Brass Components Brass Plumbing Fittings India","description":"Manufacturer of Bronze Fittings casting Copper Brass parts components","publisher":{"@id":"https:\/\/conexmetals.com\/de\/#organization"},"potentialAction":[{"@type":"SearchAction","target":{"@type":"EntryPoint","urlTemplate":"https:\/\/conexmetals.com\/de\/?s={search_term_string}"},"query-input":{"@type":"PropertyValueSpecification","valueRequired":true,"valueName":"search_term_string"}}],"inLanguage":"de"},{"@type":"Organization","@id":"https:\/\/conexmetals.com\/de\/#organization","name":"Conex Metals Brass Fittings Brass Parts Copper Parts Brass Components Brass Plumbing Fittings India","url":"https:\/\/conexmetals.com\/de\/","logo":{"@type":"ImageObject","inLanguage":"de","@id":"https:\/\/conexmetals.com\/de\/#\/schema\/logo\/image\/","url":"https:\/\/conexmetals.com\/wp-content\/uploads\/2024\/03\/conex-metals-logo.webp","contentUrl":"https:\/\/conexmetals.com\/wp-content\/uploads\/2024\/03\/conex-metals-logo.webp","width":300,"height":121,"caption":"Conex Metals Brass Fittings Brass Parts Copper Parts Brass Components Brass Plumbing Fittings India"},"image":{"@id":"https:\/\/conexmetals.com\/de\/#\/schema\/logo\/image\/"},"sameAs":["https:\/\/www.facebook.com\/conexbrass","https:\/\/x.com\/conexindia","https:\/\/www.linkedin.com\/company\/conex-metals-india\/","https:\/\/www.instagram.com\/conexindia\/"]}]}},"_links":{"self":[{"href":"https:\/\/conexmetals.com\/de\/wp-json\/wp\/v2\/product\/13471","targetHints":{"allow":["GET"]}}],"collection":[{"href":"https:\/\/conexmetals.com\/de\/wp-json\/wp\/v2\/product"}],"about":[{"href":"https:\/\/conexmetals.com\/de\/wp-json\/wp\/v2\/types\/product"}],"wp:featuredmedia":[{"embeddable":true,"href":"https:\/\/conexmetals.com\/de\/wp-json\/wp\/v2\/media\/13289"}],"wp:attachment":[{"href":"https:\/\/conexmetals.com\/de\/wp-json\/wp\/v2\/media?parent=13471"}],"wp:term":[{"taxonomy":"product_brand","embeddable":true,"href":"https:\/\/conexmetals.com\/de\/wp-json\/wp\/v2\/product_brand?post=13471"},{"taxonomy":"product_cat","embeddable":true,"href":"https:\/\/conexmetals.com\/de\/wp-json\/wp\/v2\/product_cat?post=13471"},{"taxonomy":"product_tag","embeddable":true,"href":"https:\/\/conexmetals.com\/de\/wp-json\/wp\/v2\/product_tag?post=13471"}],"curies":[{"name":"wp","href":"https:\/\/api.w.org\/{rel}","templated":true}]}}