{"id":13481,"date":"2023-08-18T12:56:00","date_gmt":"2023-08-18T07:26:00","guid":{"rendered":"https:\/\/conexmetals.com\/?post_type=product&#038;p=13481"},"modified":"2025-01-21T17:45:14","modified_gmt":"2025-01-21T12:15:14","slug":"trs-stopfbuchsen-kabelverschraubungen","status":"publish","type":"product","link":"https:\/\/conexmetals.com\/de\/produkt\/trs-stopfbuchsen-kabelverschraubungen\/","title":{"rendered":"TRS Stopfbuchsen-Kabelverschraubungen"},"content":{"rendered":"","protected":false},"excerpt":{"rendered":"<table id=\"tablepress-421\" class=\"tablepress tablepress-id-421\">\n<caption>\u00a0<\/caption>\n<thead>\n<tr class=\"row-1 odd\">\n<th class=\"column-1\" colspan=\"2\"><strong><span>Technisches Datenblatt<\/span><\/strong><\/th>\n<\/tr>\n<\/thead>\n<tbody class=\"row-hover\">\n<tr class=\"row-2 even\">\n<td class=\"column-1\"><strong><span>Gr\u00f6\u00dfen<\/span><\/strong><\/td>\n<td class=\"column-2\"><span>16 mm bis 32 mm<\/span><\/td>\n<\/tr>\n<tr class=\"row-3 odd\">\n<td class=\"column-1\"><strong><span>Material<\/span><\/strong><\/td>\n<td class=\"column-2\"><span>Messing<\/span><\/td>\n<\/tr>\n<tr class=\"row-4 even\">\n<td class=\"column-1\"><strong><span>IP-Schutzart<\/span><\/strong><\/td>\n<td class=\"column-2\"><span>Schutzart: IP 56<\/span><\/td>\n<\/tr>\n<tr class=\"row-5 odd\">\n<td class=\"column-1\"><strong><span>Merkmale\u00a0<\/span><\/strong><\/td>\n<td class=\"column-2\"><span>Obwohl sie nicht nach einem bestimmten Standard hergestellt werden, werden sie von vielen Auftragnehmern und Benutzern als zufriedenstellende Methode zur Sicherung flexibler Kabel akzeptiert.<\/span><\/td>\n<\/tr>\n<\/tbody>\n<\/table>\n<p><span>TRS-Stopfkabelverschraubungen, auch bekannt als TRS-Kabelverschraubungen oder Kabelstopfverschraubungen, sind spezielle Kabelverschraubungen, die f\u00fcr die Kabeleinf\u00fchrung in industriellen und gewerblichen Anwendungen verwendet werden. Diese Verschraubungen sind so konzipiert, dass sie eine sichere und wasserdichte Abdichtung um Kabel herum gew\u00e4hrleisten, wenn diese durch Geh\u00e4use, Anschlussk\u00e4sten oder Ger\u00e4te gef\u00fchrt werden. Der Begriff \u201eTRS\u201c bezieht sich in diesem Zusammenhang auf einen bestimmten Typ oder ein bestimmtes Design einer Kabelverschraubung.<\/span><\/p>\n<p><span>Hier sind einige wichtige Punkte zum Verstopfen von Kabelverschraubungen durch TRS:<\/span><\/p>\n<p><strong><b><span>Funktion:<\/span><\/b><\/strong><span>\u00a0\u00a0TRS-Stopfkabelverschraubungen erf\u00fcllen \u00e4hnliche Funktionen wie andere Kabelverschraubungen:<\/span><\/p>\n<ol>\n<li><b><\/b><strong><b><span>Kabeleinf\u00fchrung:<\/span><\/b><\/strong><span>\u00a0Sie schaffen einen abgedichteten Eintrittspunkt f\u00fcr Kabel in Geh\u00e4use und verhindern so das Eindringen von Staub, Feuchtigkeit und Verunreinigungen.<\/span><\/li>\n<li><b><\/b><strong><b><span>Zugentlastung:<\/span><\/b><\/strong><span>\u00a0Diese Verschraubungen bieten mechanische Unterst\u00fctzung f\u00fcr Kabel, reduzieren die Belastung und verhindern \u00fcberm\u00e4\u00dfiges Biegen oder Ziehen an der Eintrittsstelle.<\/span><\/li>\n<\/ol>\n<p><strong><b><span>TRS-Design:<\/span><\/b><\/strong><span>\u00a0\u00a0Die Bezeichnung \u201eTRS\u201c bezieht sich wahrscheinlich auf das Design oder die Spezifikationen der Kabelverschraubung. Das Design kann Merkmale in Bezug auf Abdichtung, einfache Installation und Kompatibilit\u00e4t mit einer Reihe von Kabelgr\u00f6\u00dfen umfassen.<\/span><\/p>\n<p><strong><b><span>Merkmale:<\/span><\/b><\/strong><span>\u00a0\u00a0TRS-Stopfkabelverschraubungen verf\u00fcgen typischerweise \u00fcber folgende Merkmale:<\/span><\/p>\n<ol>\n<li><b><\/b><strong><b><span>Dichtungsmechanismus:<\/span><\/b><\/strong><span>\u00a0Diese Verschraubungen verf\u00fcgen \u00fcber Dichtungsmechanismen wie Gummidichtungen, O-Ringe oder andere Dichtungsmaterialien, um eine wasser- und wetterfeste Abdichtung um das Kabel herum zu schaffen.<\/span><\/li>\n<li><b><\/b><strong><b><span>Gro\u00dfe Auswahl an Gr\u00f6\u00dfen:<\/span><\/b><\/strong><span>\u00a0TRS-Kabelverschraubungen sind in verschiedenen Gr\u00f6\u00dfen f\u00fcr unterschiedliche Kabeldurchmesser erh\u00e4ltlich.<\/span><\/li>\n<li><b><\/b><strong><b><span>Einfache Installation:<\/span><\/b><\/strong><span>\u00a0Sie sind f\u00fcr eine unkomplizierte Installation konzipiert und erfordern oft nur minimale Werkzeuge.<\/span><\/li>\n<\/ol>\n<p><strong><b><span>Anwendungen:<\/span><\/b><\/strong><span>\u00a0\u00a0TRS-Stopfkabelverschraubungen werden in einer Vielzahl von Branchen eingesetzt, darunter Fertigung, Maschinenbau, Automatisierung und Telekommunikation. Sie sind wertvoll in Anwendungen, in denen Kabel vor rauen Umgebungsbedingungen gesch\u00fctzt werden m\u00fcssen und ein sicherer Kabeleinf\u00fchrungspunkt unerl\u00e4sslich ist.<\/span><\/p>\n","protected":false},"featured_media":13299,"template":"","meta":[],"product_brand":[],"product_cat":[364],"product_tag":[],"class_list":{"0":"post-13481","1":"product","2":"type-product","3":"status-publish","4":"has-post-thumbnail","6":"product_cat-kabelverschraubungen","8":"first","9":"instock","10":"shipping-taxable","11":"product-type-simple"},"yoast_head":"<!-- This site is optimized with the Yoast SEO plugin v27.3 - https:\/\/yoast.com\/product\/yoast-seo-wordpress\/ -->\n<title>TRS Stopfbuchsen-Kabelverschraubungen<\/title>\n<meta name=\"description\" content=\"Conex Metals bietet hochwertige TRS Stopfbuchsen-Kabelverschraubungen an, einschlie\u00dflich 16mm Kabelverschraubungen, Rohrleitungs-Kabelverschraubungen und elektrische geteilte Kabelverschraubungen. Als f\u00fchrende Hersteller, Exporteure und Lieferanten in Indien bieten wir ein umfassendes Sortiment an Messing-Kabelverschraubungen, SS Kabelverschraubungen und Flach-Kabelverschraubungen.\" \/>\n<meta name=\"robots\" content=\"index, follow, max-snippet:-1, max-image-preview:large, max-video-preview:-1\" \/>\n<link rel=\"canonical\" href=\"https:\/\/conexmetals.com\/de\/produkt\/trs-stopfbuchsen-kabelverschraubungen\/\" \/>\n<script type=\"application\/ld+json\" class=\"yoast-schema-graph\">{\"@context\":\"https:\\\/\\\/schema.org\",\"@graph\":[{\"@type\":\"WebPage\",\"@id\":\"https:\\\/\\\/conexmetals.com\\\/de\\\/produkt\\\/trs-stopfbuchsen-kabelverschraubungen\\\/\",\"url\":\"https:\\\/\\\/conexmetals.com\\\/de\\\/produkt\\\/trs-stopfbuchsen-kabelverschraubungen\\\/\",\"name\":\"TRS Stopfbuchsen-Kabelverschraubungen\",\"isPartOf\":{\"@id\":\"https:\\\/\\\/conexmetals.com\\\/de\\\/#website\"},\"primaryImageOfPage\":{\"@id\":\"https:\\\/\\\/conexmetals.com\\\/de\\\/produkt\\\/trs-stopfbuchsen-kabelverschraubungen\\\/#primaryimage\"},\"image\":{\"@id\":\"https:\\\/\\\/conexmetals.com\\\/de\\\/produkt\\\/trs-stopfbuchsen-kabelverschraubungen\\\/#primaryimage\"},\"thumbnailUrl\":\"https:\\\/\\\/conexmetals.com\\\/wp-content\\\/uploads\\\/2025\\\/01\\\/TRS-Stopfbuchsen-Kabelverschraubungen.webp\",\"datePublished\":\"2023-08-18T07:26:00+00:00\",\"dateModified\":\"2025-01-21T12:15:14+00:00\",\"description\":\"Conex Metals bietet hochwertige TRS Stopfbuchsen-Kabelverschraubungen an, einschlie\u00dflich 16mm Kabelverschraubungen, Rohrleitungs-Kabelverschraubungen und elektrische geteilte Kabelverschraubungen. Als f\u00fchrende Hersteller, Exporteure und Lieferanten in Indien bieten wir ein umfassendes Sortiment an Messing-Kabelverschraubungen, SS Kabelverschraubungen und Flach-Kabelverschraubungen.\",\"breadcrumb\":{\"@id\":\"https:\\\/\\\/conexmetals.com\\\/de\\\/produkt\\\/trs-stopfbuchsen-kabelverschraubungen\\\/#breadcrumb\"},\"inLanguage\":\"de\",\"potentialAction\":[{\"@type\":\"ReadAction\",\"target\":[\"https:\\\/\\\/conexmetals.com\\\/de\\\/produkt\\\/trs-stopfbuchsen-kabelverschraubungen\\\/\"]}]},{\"@type\":\"ImageObject\",\"inLanguage\":\"de\",\"@id\":\"https:\\\/\\\/conexmetals.com\\\/de\\\/produkt\\\/trs-stopfbuchsen-kabelverschraubungen\\\/#primaryimage\",\"url\":\"https:\\\/\\\/conexmetals.com\\\/wp-content\\\/uploads\\\/2025\\\/01\\\/TRS-Stopfbuchsen-Kabelverschraubungen.webp\",\"contentUrl\":\"https:\\\/\\\/conexmetals.com\\\/wp-content\\\/uploads\\\/2025\\\/01\\\/TRS-Stopfbuchsen-Kabelverschraubungen.webp\",\"width\":300,\"height\":300,\"caption\":\"TRS Stopfbuchsen-Kabelverschraubungen\"},{\"@type\":\"BreadcrumbList\",\"@id\":\"https:\\\/\\\/conexmetals.com\\\/de\\\/produkt\\\/trs-stopfbuchsen-kabelverschraubungen\\\/#breadcrumb\",\"itemListElement\":[{\"@type\":\"ListItem\",\"position\":1,\"name\":\"Home\",\"item\":\"https:\\\/\\\/conexmetals.com\\\/de\\\/heim\\\/\"},{\"@type\":\"ListItem\",\"position\":2,\"name\":\"Products\",\"item\":\"https:\\\/\\\/conexmetals.com\\\/products\\\/\"},{\"@type\":\"ListItem\",\"position\":3,\"name\":\"TRS Stopfbuchsen-Kabelverschraubungen\"}]},{\"@type\":\"WebSite\",\"@id\":\"https:\\\/\\\/conexmetals.com\\\/de\\\/#website\",\"url\":\"https:\\\/\\\/conexmetals.com\\\/de\\\/\",\"name\":\"Conex Metals Brass Fittings Brass Parts Copper Parts Brass Components Brass Plumbing Fittings India\",\"description\":\"Manufacturer of Bronze Fittings casting Copper Brass parts components\",\"publisher\":{\"@id\":\"https:\\\/\\\/conexmetals.com\\\/de\\\/#organization\"},\"potentialAction\":[{\"@type\":\"SearchAction\",\"target\":{\"@type\":\"EntryPoint\",\"urlTemplate\":\"https:\\\/\\\/conexmetals.com\\\/de\\\/?s={search_term_string}\"},\"query-input\":{\"@type\":\"PropertyValueSpecification\",\"valueRequired\":true,\"valueName\":\"search_term_string\"}}],\"inLanguage\":\"de\"},{\"@type\":\"Organization\",\"@id\":\"https:\\\/\\\/conexmetals.com\\\/de\\\/#organization\",\"name\":\"Conex Metals Brass Fittings Brass Parts Copper Parts Brass Components Brass Plumbing Fittings India\",\"url\":\"https:\\\/\\\/conexmetals.com\\\/de\\\/\",\"logo\":{\"@type\":\"ImageObject\",\"inLanguage\":\"de\",\"@id\":\"https:\\\/\\\/conexmetals.com\\\/de\\\/#\\\/schema\\\/logo\\\/image\\\/\",\"url\":\"https:\\\/\\\/conexmetals.com\\\/wp-content\\\/uploads\\\/2024\\\/03\\\/conex-metals-logo.webp\",\"contentUrl\":\"https:\\\/\\\/conexmetals.com\\\/wp-content\\\/uploads\\\/2024\\\/03\\\/conex-metals-logo.webp\",\"width\":300,\"height\":121,\"caption\":\"Conex Metals Brass Fittings Brass Parts Copper Parts Brass Components Brass Plumbing Fittings India\"},\"image\":{\"@id\":\"https:\\\/\\\/conexmetals.com\\\/de\\\/#\\\/schema\\\/logo\\\/image\\\/\"},\"sameAs\":[\"https:\\\/\\\/www.facebook.com\\\/conexbrass\",\"https:\\\/\\\/x.com\\\/conexindia\",\"https:\\\/\\\/www.linkedin.com\\\/company\\\/conex-metals-india\\\/\",\"https:\\\/\\\/www.instagram.com\\\/conexindia\\\/\"]}]}<\/script>\n<!-- \/ Yoast SEO plugin. -->","yoast_head_json":{"title":"TRS Stopfbuchsen-Kabelverschraubungen","description":"Conex Metals bietet hochwertige TRS Stopfbuchsen-Kabelverschraubungen an, einschlie\u00dflich 16mm Kabelverschraubungen, Rohrleitungs-Kabelverschraubungen und elektrische geteilte Kabelverschraubungen. Als f\u00fchrende Hersteller, Exporteure und Lieferanten in Indien bieten wir ein umfassendes Sortiment an Messing-Kabelverschraubungen, SS Kabelverschraubungen und Flach-Kabelverschraubungen.","robots":{"index":"index","follow":"follow","max-snippet":"max-snippet:-1","max-image-preview":"max-image-preview:large","max-video-preview":"max-video-preview:-1"},"canonical":"https:\/\/conexmetals.com\/de\/produkt\/trs-stopfbuchsen-kabelverschraubungen\/","schema":{"@context":"https:\/\/schema.org","@graph":[{"@type":"WebPage","@id":"https:\/\/conexmetals.com\/de\/produkt\/trs-stopfbuchsen-kabelverschraubungen\/","url":"https:\/\/conexmetals.com\/de\/produkt\/trs-stopfbuchsen-kabelverschraubungen\/","name":"TRS Stopfbuchsen-Kabelverschraubungen","isPartOf":{"@id":"https:\/\/conexmetals.com\/de\/#website"},"primaryImageOfPage":{"@id":"https:\/\/conexmetals.com\/de\/produkt\/trs-stopfbuchsen-kabelverschraubungen\/#primaryimage"},"image":{"@id":"https:\/\/conexmetals.com\/de\/produkt\/trs-stopfbuchsen-kabelverschraubungen\/#primaryimage"},"thumbnailUrl":"https:\/\/conexmetals.com\/wp-content\/uploads\/2025\/01\/TRS-Stopfbuchsen-Kabelverschraubungen.webp","datePublished":"2023-08-18T07:26:00+00:00","dateModified":"2025-01-21T12:15:14+00:00","description":"Conex Metals bietet hochwertige TRS Stopfbuchsen-Kabelverschraubungen an, einschlie\u00dflich 16mm Kabelverschraubungen, Rohrleitungs-Kabelverschraubungen und elektrische geteilte Kabelverschraubungen. Als f\u00fchrende Hersteller, Exporteure und Lieferanten in Indien bieten wir ein umfassendes Sortiment an Messing-Kabelverschraubungen, SS Kabelverschraubungen und Flach-Kabelverschraubungen.","breadcrumb":{"@id":"https:\/\/conexmetals.com\/de\/produkt\/trs-stopfbuchsen-kabelverschraubungen\/#breadcrumb"},"inLanguage":"de","potentialAction":[{"@type":"ReadAction","target":["https:\/\/conexmetals.com\/de\/produkt\/trs-stopfbuchsen-kabelverschraubungen\/"]}]},{"@type":"ImageObject","inLanguage":"de","@id":"https:\/\/conexmetals.com\/de\/produkt\/trs-stopfbuchsen-kabelverschraubungen\/#primaryimage","url":"https:\/\/conexmetals.com\/wp-content\/uploads\/2025\/01\/TRS-Stopfbuchsen-Kabelverschraubungen.webp","contentUrl":"https:\/\/conexmetals.com\/wp-content\/uploads\/2025\/01\/TRS-Stopfbuchsen-Kabelverschraubungen.webp","width":300,"height":300,"caption":"TRS Stopfbuchsen-Kabelverschraubungen"},{"@type":"BreadcrumbList","@id":"https:\/\/conexmetals.com\/de\/produkt\/trs-stopfbuchsen-kabelverschraubungen\/#breadcrumb","itemListElement":[{"@type":"ListItem","position":1,"name":"Home","item":"https:\/\/conexmetals.com\/de\/heim\/"},{"@type":"ListItem","position":2,"name":"Products","item":"https:\/\/conexmetals.com\/products\/"},{"@type":"ListItem","position":3,"name":"TRS Stopfbuchsen-Kabelverschraubungen"}]},{"@type":"WebSite","@id":"https:\/\/conexmetals.com\/de\/#website","url":"https:\/\/conexmetals.com\/de\/","name":"Conex Metals Brass Fittings Brass Parts Copper Parts Brass Components Brass Plumbing Fittings India","description":"Manufacturer of Bronze Fittings casting Copper Brass parts components","publisher":{"@id":"https:\/\/conexmetals.com\/de\/#organization"},"potentialAction":[{"@type":"SearchAction","target":{"@type":"EntryPoint","urlTemplate":"https:\/\/conexmetals.com\/de\/?s={search_term_string}"},"query-input":{"@type":"PropertyValueSpecification","valueRequired":true,"valueName":"search_term_string"}}],"inLanguage":"de"},{"@type":"Organization","@id":"https:\/\/conexmetals.com\/de\/#organization","name":"Conex Metals Brass Fittings Brass Parts Copper Parts Brass Components Brass Plumbing Fittings India","url":"https:\/\/conexmetals.com\/de\/","logo":{"@type":"ImageObject","inLanguage":"de","@id":"https:\/\/conexmetals.com\/de\/#\/schema\/logo\/image\/","url":"https:\/\/conexmetals.com\/wp-content\/uploads\/2024\/03\/conex-metals-logo.webp","contentUrl":"https:\/\/conexmetals.com\/wp-content\/uploads\/2024\/03\/conex-metals-logo.webp","width":300,"height":121,"caption":"Conex Metals Brass Fittings Brass Parts Copper Parts Brass Components Brass Plumbing Fittings India"},"image":{"@id":"https:\/\/conexmetals.com\/de\/#\/schema\/logo\/image\/"},"sameAs":["https:\/\/www.facebook.com\/conexbrass","https:\/\/x.com\/conexindia","https:\/\/www.linkedin.com\/company\/conex-metals-india\/","https:\/\/www.instagram.com\/conexindia\/"]}]}},"_links":{"self":[{"href":"https:\/\/conexmetals.com\/de\/wp-json\/wp\/v2\/product\/13481","targetHints":{"allow":["GET"]}}],"collection":[{"href":"https:\/\/conexmetals.com\/de\/wp-json\/wp\/v2\/product"}],"about":[{"href":"https:\/\/conexmetals.com\/de\/wp-json\/wp\/v2\/types\/product"}],"wp:featuredmedia":[{"embeddable":true,"href":"https:\/\/conexmetals.com\/de\/wp-json\/wp\/v2\/media\/13299"}],"wp:attachment":[{"href":"https:\/\/conexmetals.com\/de\/wp-json\/wp\/v2\/media?parent=13481"}],"wp:term":[{"taxonomy":"product_brand","embeddable":true,"href":"https:\/\/conexmetals.com\/de\/wp-json\/wp\/v2\/product_brand?post=13481"},{"taxonomy":"product_cat","embeddable":true,"href":"https:\/\/conexmetals.com\/de\/wp-json\/wp\/v2\/product_cat?post=13481"},{"taxonomy":"product_tag","embeddable":true,"href":"https:\/\/conexmetals.com\/de\/wp-json\/wp\/v2\/product_tag?post=13481"}],"curies":[{"name":"wp","href":"https:\/\/api.w.org\/{rel}","templated":true}]}}