{"id":13485,"date":"2023-08-18T12:56:40","date_gmt":"2023-08-18T07:26:40","guid":{"rendered":"https:\/\/conexmetals.com\/?post_type=product&#038;p=13485"},"modified":"2025-01-21T17:53:34","modified_gmt":"2025-01-21T12:23:34","slug":"abdichtungsdruesen","status":"publish","type":"product","link":"https:\/\/conexmetals.com\/de\/produkt\/abdichtungsdruesen\/","title":{"rendered":"Abdichtungsdr\u00fcsen"},"content":{"rendered":"","protected":false},"excerpt":{"rendered":"<p><img fetchpriority=\"high\" decoding=\"async\" class=\"alignnone wp-image-13045 size-full lazy loaded\" src=\"https:\/\/conexmetals.com\/wp-content\/uploads\/2023\/08\/BW2-Parts-Cable-Glands-2.webp\" alt=\"BW2-Teile-Kabelverschraubungen (2)\" width=\"863\" height=\"263\" data-src=\"https:\/\/conexmetals.com\/wp-content\/uploads\/2023\/08\/BW2-Parts-Cable-Glands-2.webp\" data-was-processed=\"true\" srcset=\"https:\/\/conexmetals.com\/wp-content\/uploads\/2023\/08\/BW2-Parts-Cable-Glands-2.webp 863w, https:\/\/conexmetals.com\/wp-content\/uploads\/2023\/08\/BW2-Parts-Cable-Glands-2-300x91.webp 300w, https:\/\/conexmetals.com\/wp-content\/uploads\/2023\/08\/BW2-Parts-Cable-Glands-2-768x234.webp 768w, https:\/\/conexmetals.com\/wp-content\/uploads\/2023\/08\/BW2-Parts-Cable-Glands-2-700x213.webp 700w\" sizes=\"(max-width: 863px) 100vw, 863px\" \/><\/p>\n<p><img decoding=\"async\" class=\"alignnone wp-image-13050 size-full lazy loaded\" src=\"https:\/\/conexmetals.com\/wp-content\/uploads\/2023\/08\/BW2-Parts-Cable-Glands-2-1.webp\" alt=\"BW2-Teile-Kabelverschraubungen 2 (1)\" width=\"863\" height=\"350\" data-src=\"https:\/\/conexmetals.com\/wp-content\/uploads\/2023\/08\/BW2-Parts-Cable-Glands-2-1.webp\" data-was-processed=\"true\" srcset=\"https:\/\/conexmetals.com\/wp-content\/uploads\/2023\/08\/BW2-Parts-Cable-Glands-2-1.webp 863w, https:\/\/conexmetals.com\/wp-content\/uploads\/2023\/08\/BW2-Parts-Cable-Glands-2-1-300x122.webp 300w, https:\/\/conexmetals.com\/wp-content\/uploads\/2023\/08\/BW2-Parts-Cable-Glands-2-1-768x311.webp 768w, https:\/\/conexmetals.com\/wp-content\/uploads\/2023\/08\/BW2-Parts-Cable-Glands-2-1-700x284.webp 700w\" sizes=\"(max-width: 863px) 100vw, 863px\" \/><\/p>\n<table id=\"tablepress-414\" class=\"tablepress tablepress-id-414\">\n<caption>\u00a0<\/caption>\n<thead>\n<tr class=\"row-1 odd\">\n<th class=\"column-1\" colspan=\"12\"><strong><span>Technisches Datenblatt<\/span><\/strong><\/th>\n<\/tr>\n<\/thead>\n<tbody class=\"row-hover\">\n<tr class=\"row-2 even\">\n<td class=\"column-1\" rowspan=\"2\"><strong><span>Stopfbuchsengr\u00f6\u00dfe (Typ)<\/span><\/strong><\/td>\n<td class=\"column-2\" rowspan=\"2\"><strong><span>DIA. \u00fcber Metallmantel des Kabels (mm)<\/span><\/strong><\/td>\n<td class=\"column-3\" colspan=\"10\"><strong><span>Gesamtdurchmesser \u201eA\u201c<\/span><\/strong><\/td>\n<\/tr>\n<tr class=\"row-3 odd\">\n<td class=\"column-3\"><strong><span>A<\/span><\/strong><\/td>\n<td class=\"column-4\"><strong><span>B<\/span><\/strong><\/td>\n<td class=\"column-5\"><strong><span>E<\/span><\/strong><\/td>\n<td class=\"column-6\"><strong><span>F<\/span><\/strong><\/td>\n<td class=\"column-7\"><strong><span>G<\/span><\/strong><\/td>\n<td class=\"column-8\"><strong><span>H<\/span><\/strong><\/td>\n<td class=\"column-9\"><strong><span>R<\/span><\/strong><\/td>\n<td class=\"column-10\"><strong><span>\u00d8C<\/span><\/strong><\/td>\n<td class=\"column-11\"><strong><span>\u00d8D<\/span><\/strong><\/td>\n<td class=\"column-12\"><strong><span>\u00d8J<\/span><\/strong><\/td>\n<\/tr>\n<tr class=\"row-4 even\">\n<td class=\"column-1\"><span>X<\/span><\/td>\n<td class=\"column-2\"><span>12 bis 51<\/span><\/td>\n<td class=\"column-3\"><span>137<\/span><\/td>\n<td class=\"column-4\"><span>90<\/span><\/td>\n<td class=\"column-5\"><span>90<\/span><\/td>\n<td class=\"column-6\"><span>90<\/span><\/td>\n<td class=\"column-7\"><span>66<\/span><\/td>\n<td class=\"column-8\"><span>66<\/span><\/td>\n<td class=\"column-9\"><span>12<\/span><\/td>\n<td class=\"column-10\"><span>60<\/span><\/td>\n<td class=\"column-11\"><span>19<\/span><\/td>\n<td class=\"column-12\"><span>12<\/span><\/td>\n<\/tr>\n<tr class=\"row-5 odd\">\n<td class=\"column-1\"><span>Y<\/span><\/td>\n<td class=\"column-2\"><span>25 bis 78<\/span><\/td>\n<td class=\"column-3\"><span>155<\/span><\/td>\n<td class=\"column-4\"><span>97<\/span><\/td>\n<td class=\"column-5\"><span>114<\/span><\/td>\n<td class=\"column-6\"><span>123<\/span><\/td>\n<td class=\"column-7\"><span>96<\/span><\/td>\n<td class=\"column-8\"><span>87<\/span><\/td>\n<td class=\"column-9\"><span>12<\/span><\/td>\n<td class=\"column-10\"><span>91<\/span><\/td>\n<td class=\"column-11\"><span>33<\/span><\/td>\n<td class=\"column-12\"><span>14<\/span><\/td>\n<\/tr>\n<tr class=\"row-6 even\">\n<td class=\"column-1\"><span>Z<\/span><\/td>\n<td class=\"column-2\"><span>25 bis 94<\/span><\/td>\n<td class=\"column-3\"><span>195<\/span><\/td>\n<td class=\"column-4\"><span>140<\/span><\/td>\n<td class=\"column-5\"><span>190<\/span><\/td>\n<td class=\"column-6\"><span>100<\/span><\/td>\n<td class=\"column-7\"><span>&#8211;<\/span><\/td>\n<td class=\"column-8\"><span>&#8211;<\/span><\/td>\n<td class=\"column-9\"><span>&#8211;<\/span><\/td>\n<td class=\"column-10\"><span>108<\/span><\/td>\n<td class=\"column-11\"><span>32<\/span><\/td>\n<td class=\"column-12\"><span>14<\/span><\/td>\n<\/tr>\n<\/tbody>\n<\/table>\n<p><span>Wischverschraubungen, auch Wischverschraubungen oder selbstreinigende Kabelverschraubungen genannt, sind eine Art von Kabelverschraubung, die f\u00fcr eine gr\u00fcndliche Reinigung beim Einf\u00fchren oder Herausziehen von Kabeln aus Geh\u00e4usen oder Ger\u00e4ten sorgt. Diese Verschraubungen werden h\u00e4ufig in Umgebungen verwendet, in denen sich Staub, Schmutz oder andere Verunreinigungen auf den Kabeln ansammeln und deren Leistung beeintr\u00e4chtigen k\u00f6nnen.<\/span><\/p>\n<p><span>Hier sind einige wichtige Punkte zu den Wischdr\u00fcsen:<\/span><\/p>\n<p><strong><b><span>Funktion:<\/span><\/b><\/strong><span>\u00a0\u00a0Wischdr\u00fcsen erf\u00fcllen mehrere Funktionen:<\/span><\/p>\n<ol>\n<li><b><\/b><strong><b><span>Kabeleinf\u00fchrung:<\/span><\/b><\/strong><span>\u00a0Wie andere Kabelverschraubungen auch, schaffen Wischverschraubungen einen abgedichteten Eintrittspunkt f\u00fcr Kabel in Geh\u00e4use und verhindern so das Eindringen von Staub, Feuchtigkeit und Verunreinigungen.<\/span><\/li>\n<li><b><\/b><strong><b><span>Selbstreinigende Wirkung:<\/span><\/b><\/strong><span>\u00a0Das einzigartige Merkmal von Abstreifverschraubungen ist ihre F\u00e4higkeit, das Kabel beim Einf\u00fchren oder Herausziehen zu reinigen. Die Verschraubung ist mit Abstreifelementen oder B\u00fcrsten ausgestattet, die Verunreinigungen von der Oberfl\u00e4che des Kabels entfernen, w\u00e4hrend es durch die Verschraubung l\u00e4uft.<\/span><\/li>\n<li><b><\/b><strong><b><span>Zugentlastung:<\/span><\/b><\/strong><span>\u00a0Abstreifverschraubungen bieten mechanische Unterst\u00fctzung f\u00fcr Kabel, reduzieren die Belastung und verhindern \u00fcberm\u00e4\u00dfiges Biegen oder Ziehen an der Eintrittsstelle.<\/span><\/li>\n<\/ol>\n<p><strong><b><span>Merkmale:<\/span><\/b><\/strong><span>\u00a0\u00a0Wischdr\u00fcsen weisen typischerweise folgende Merkmale auf:<\/span><\/p>\n<ol>\n<li><b><\/b><strong><b><span>Wischelemente:<\/span><\/b><\/strong><span>\u00a0Diese Verschraubungen enthalten Wischelemente wie B\u00fcrsten oder Wischer aus Materialien, die Verunreinigungen wirksam vom Kabel entfernen k\u00f6nnen.<\/span><\/li>\n<li><b><\/b><strong><b><span>Dichtungsmechanismus:<\/span><\/b><\/strong><span>\u00a0Wischverschraubungen umfassen auch Dichtungsmechanismen wie Gummidichtungen, O-Ringe oder andere Dichtungsmaterialien, um eine wasser- und wetterfeste Abdichtung um das Kabel herum zu schaffen.<\/span><\/li>\n<li><b><\/b><strong><b><span>Gro\u00dfe Auswahl an Gr\u00f6\u00dfen:<\/span><\/b><\/strong><span>\u00a0Wischverschraubungen sind in verschiedenen Gr\u00f6\u00dfen erh\u00e4ltlich, um verschiedenen Kabeldurchmessern gerecht zu werden.<\/span><\/li>\n<\/ol>\n<p><strong><b><span>Anwendungen:<\/span><\/b><\/strong><span>\u00a0\u00a0Wischverschraubungen werden h\u00e4ufig in Branchen eingesetzt, in denen die Sauberkeit der Kabel f\u00fcr die ordnungsgem\u00e4\u00dfe Funktion entscheidend ist, wie z. B. in der Lebensmittelverarbeitung, der Arzneimittelherstellung, in Reinr\u00e4umen und anderen sensiblen Umgebungen. Sie werden auch in Au\u00dfenanwendungen eingesetzt, in denen sich im Laufe der Zeit Schmutz in den Kabeln ansammeln kann.<\/span><\/p>\n","protected":false},"featured_media":13304,"template":"","meta":[],"product_brand":[],"product_cat":[364],"product_tag":[],"class_list":{"0":"post-13485","1":"product","2":"type-product","3":"status-publish","4":"has-post-thumbnail","6":"product_cat-kabelverschraubungen","8":"first","9":"instock","10":"shipping-taxable","11":"product-type-simple"},"yoast_head":"<!-- This site is optimized with the Yoast SEO plugin v27.3 - https:\/\/yoast.com\/product\/yoast-seo-wordpress\/ -->\n<title>Abdichtungsdr\u00fcsen<\/title>\n<meta name=\"description\" content=\"Conex Metals bietet \u00fcberlegene Abdichtungsdr\u00fcsen an, einschlie\u00dflich Messing-Abdichtungsdr\u00fcsen, elektrische Kabelverschraubungen, Doppel-Kompressions-Kabelverschraubungen und kleine Kabelverschraubungen. Als f\u00fchrende Hersteller, Exporteure und Lieferanten in Indien bieten wir erstklassige Kabelverschraubung Zubeh\u00f6rteile, Kontermuttern und PVC-Kabelverschraubungen.\" \/>\n<meta name=\"robots\" content=\"index, follow, max-snippet:-1, max-image-preview:large, max-video-preview:-1\" \/>\n<link rel=\"canonical\" href=\"https:\/\/conexmetals.com\/de\/produkt\/abdichtungsdruesen\/\" \/>\n<script type=\"application\/ld+json\" class=\"yoast-schema-graph\">{\"@context\":\"https:\\\/\\\/schema.org\",\"@graph\":[{\"@type\":\"WebPage\",\"@id\":\"https:\\\/\\\/conexmetals.com\\\/de\\\/produkt\\\/abdichtungsdruesen\\\/\",\"url\":\"https:\\\/\\\/conexmetals.com\\\/de\\\/produkt\\\/abdichtungsdruesen\\\/\",\"name\":\"Abdichtungsdr\u00fcsen\",\"isPartOf\":{\"@id\":\"https:\\\/\\\/conexmetals.com\\\/de\\\/#website\"},\"primaryImageOfPage\":{\"@id\":\"https:\\\/\\\/conexmetals.com\\\/de\\\/produkt\\\/abdichtungsdruesen\\\/#primaryimage\"},\"image\":{\"@id\":\"https:\\\/\\\/conexmetals.com\\\/de\\\/produkt\\\/abdichtungsdruesen\\\/#primaryimage\"},\"thumbnailUrl\":\"https:\\\/\\\/conexmetals.com\\\/wp-content\\\/uploads\\\/2025\\\/01\\\/Abdichtungsdrusen.webp\",\"datePublished\":\"2023-08-18T07:26:40+00:00\",\"dateModified\":\"2025-01-21T12:23:34+00:00\",\"description\":\"Conex Metals bietet \u00fcberlegene Abdichtungsdr\u00fcsen an, einschlie\u00dflich Messing-Abdichtungsdr\u00fcsen, elektrische Kabelverschraubungen, Doppel-Kompressions-Kabelverschraubungen und kleine Kabelverschraubungen. Als f\u00fchrende Hersteller, Exporteure und Lieferanten in Indien bieten wir erstklassige Kabelverschraubung Zubeh\u00f6rteile, Kontermuttern und PVC-Kabelverschraubungen.\",\"breadcrumb\":{\"@id\":\"https:\\\/\\\/conexmetals.com\\\/de\\\/produkt\\\/abdichtungsdruesen\\\/#breadcrumb\"},\"inLanguage\":\"de\",\"potentialAction\":[{\"@type\":\"ReadAction\",\"target\":[\"https:\\\/\\\/conexmetals.com\\\/de\\\/produkt\\\/abdichtungsdruesen\\\/\"]}]},{\"@type\":\"ImageObject\",\"inLanguage\":\"de\",\"@id\":\"https:\\\/\\\/conexmetals.com\\\/de\\\/produkt\\\/abdichtungsdruesen\\\/#primaryimage\",\"url\":\"https:\\\/\\\/conexmetals.com\\\/wp-content\\\/uploads\\\/2025\\\/01\\\/Abdichtungsdrusen.webp\",\"contentUrl\":\"https:\\\/\\\/conexmetals.com\\\/wp-content\\\/uploads\\\/2025\\\/01\\\/Abdichtungsdrusen.webp\",\"width\":350,\"height\":350,\"caption\":\"Abdichtungsdr\u00fcsen\"},{\"@type\":\"BreadcrumbList\",\"@id\":\"https:\\\/\\\/conexmetals.com\\\/de\\\/produkt\\\/abdichtungsdruesen\\\/#breadcrumb\",\"itemListElement\":[{\"@type\":\"ListItem\",\"position\":1,\"name\":\"Home\",\"item\":\"https:\\\/\\\/conexmetals.com\\\/de\\\/heim\\\/\"},{\"@type\":\"ListItem\",\"position\":2,\"name\":\"Products\",\"item\":\"https:\\\/\\\/conexmetals.com\\\/products\\\/\"},{\"@type\":\"ListItem\",\"position\":3,\"name\":\"Abdichtungsdr\u00fcsen\"}]},{\"@type\":\"WebSite\",\"@id\":\"https:\\\/\\\/conexmetals.com\\\/de\\\/#website\",\"url\":\"https:\\\/\\\/conexmetals.com\\\/de\\\/\",\"name\":\"Conex Metals Brass Fittings Brass Parts Copper Parts Brass Components Brass Plumbing Fittings India\",\"description\":\"Manufacturer of Bronze Fittings casting Copper Brass parts components\",\"publisher\":{\"@id\":\"https:\\\/\\\/conexmetals.com\\\/de\\\/#organization\"},\"potentialAction\":[{\"@type\":\"SearchAction\",\"target\":{\"@type\":\"EntryPoint\",\"urlTemplate\":\"https:\\\/\\\/conexmetals.com\\\/de\\\/?s={search_term_string}\"},\"query-input\":{\"@type\":\"PropertyValueSpecification\",\"valueRequired\":true,\"valueName\":\"search_term_string\"}}],\"inLanguage\":\"de\"},{\"@type\":\"Organization\",\"@id\":\"https:\\\/\\\/conexmetals.com\\\/de\\\/#organization\",\"name\":\"Conex Metals Brass Fittings Brass Parts Copper Parts Brass Components Brass Plumbing Fittings India\",\"url\":\"https:\\\/\\\/conexmetals.com\\\/de\\\/\",\"logo\":{\"@type\":\"ImageObject\",\"inLanguage\":\"de\",\"@id\":\"https:\\\/\\\/conexmetals.com\\\/de\\\/#\\\/schema\\\/logo\\\/image\\\/\",\"url\":\"https:\\\/\\\/conexmetals.com\\\/wp-content\\\/uploads\\\/2024\\\/03\\\/conex-metals-logo.webp\",\"contentUrl\":\"https:\\\/\\\/conexmetals.com\\\/wp-content\\\/uploads\\\/2024\\\/03\\\/conex-metals-logo.webp\",\"width\":300,\"height\":121,\"caption\":\"Conex Metals Brass Fittings Brass Parts Copper Parts Brass Components Brass Plumbing Fittings India\"},\"image\":{\"@id\":\"https:\\\/\\\/conexmetals.com\\\/de\\\/#\\\/schema\\\/logo\\\/image\\\/\"},\"sameAs\":[\"https:\\\/\\\/www.facebook.com\\\/conexbrass\",\"https:\\\/\\\/x.com\\\/conexindia\",\"https:\\\/\\\/www.linkedin.com\\\/company\\\/conex-metals-india\\\/\",\"https:\\\/\\\/www.instagram.com\\\/conexindia\\\/\"]}]}<\/script>\n<!-- \/ Yoast SEO plugin. -->","yoast_head_json":{"title":"Abdichtungsdr\u00fcsen","description":"Conex Metals bietet \u00fcberlegene Abdichtungsdr\u00fcsen an, einschlie\u00dflich Messing-Abdichtungsdr\u00fcsen, elektrische Kabelverschraubungen, Doppel-Kompressions-Kabelverschraubungen und kleine Kabelverschraubungen. Als f\u00fchrende Hersteller, Exporteure und Lieferanten in Indien bieten wir erstklassige Kabelverschraubung Zubeh\u00f6rteile, Kontermuttern und PVC-Kabelverschraubungen.","robots":{"index":"index","follow":"follow","max-snippet":"max-snippet:-1","max-image-preview":"max-image-preview:large","max-video-preview":"max-video-preview:-1"},"canonical":"https:\/\/conexmetals.com\/de\/produkt\/abdichtungsdruesen\/","schema":{"@context":"https:\/\/schema.org","@graph":[{"@type":"WebPage","@id":"https:\/\/conexmetals.com\/de\/produkt\/abdichtungsdruesen\/","url":"https:\/\/conexmetals.com\/de\/produkt\/abdichtungsdruesen\/","name":"Abdichtungsdr\u00fcsen","isPartOf":{"@id":"https:\/\/conexmetals.com\/de\/#website"},"primaryImageOfPage":{"@id":"https:\/\/conexmetals.com\/de\/produkt\/abdichtungsdruesen\/#primaryimage"},"image":{"@id":"https:\/\/conexmetals.com\/de\/produkt\/abdichtungsdruesen\/#primaryimage"},"thumbnailUrl":"https:\/\/conexmetals.com\/wp-content\/uploads\/2025\/01\/Abdichtungsdrusen.webp","datePublished":"2023-08-18T07:26:40+00:00","dateModified":"2025-01-21T12:23:34+00:00","description":"Conex Metals bietet \u00fcberlegene Abdichtungsdr\u00fcsen an, einschlie\u00dflich Messing-Abdichtungsdr\u00fcsen, elektrische Kabelverschraubungen, Doppel-Kompressions-Kabelverschraubungen und kleine Kabelverschraubungen. Als f\u00fchrende Hersteller, Exporteure und Lieferanten in Indien bieten wir erstklassige Kabelverschraubung Zubeh\u00f6rteile, Kontermuttern und PVC-Kabelverschraubungen.","breadcrumb":{"@id":"https:\/\/conexmetals.com\/de\/produkt\/abdichtungsdruesen\/#breadcrumb"},"inLanguage":"de","potentialAction":[{"@type":"ReadAction","target":["https:\/\/conexmetals.com\/de\/produkt\/abdichtungsdruesen\/"]}]},{"@type":"ImageObject","inLanguage":"de","@id":"https:\/\/conexmetals.com\/de\/produkt\/abdichtungsdruesen\/#primaryimage","url":"https:\/\/conexmetals.com\/wp-content\/uploads\/2025\/01\/Abdichtungsdrusen.webp","contentUrl":"https:\/\/conexmetals.com\/wp-content\/uploads\/2025\/01\/Abdichtungsdrusen.webp","width":350,"height":350,"caption":"Abdichtungsdr\u00fcsen"},{"@type":"BreadcrumbList","@id":"https:\/\/conexmetals.com\/de\/produkt\/abdichtungsdruesen\/#breadcrumb","itemListElement":[{"@type":"ListItem","position":1,"name":"Home","item":"https:\/\/conexmetals.com\/de\/heim\/"},{"@type":"ListItem","position":2,"name":"Products","item":"https:\/\/conexmetals.com\/products\/"},{"@type":"ListItem","position":3,"name":"Abdichtungsdr\u00fcsen"}]},{"@type":"WebSite","@id":"https:\/\/conexmetals.com\/de\/#website","url":"https:\/\/conexmetals.com\/de\/","name":"Conex Metals Brass Fittings Brass Parts Copper Parts Brass Components Brass Plumbing Fittings India","description":"Manufacturer of Bronze Fittings casting Copper Brass parts components","publisher":{"@id":"https:\/\/conexmetals.com\/de\/#organization"},"potentialAction":[{"@type":"SearchAction","target":{"@type":"EntryPoint","urlTemplate":"https:\/\/conexmetals.com\/de\/?s={search_term_string}"},"query-input":{"@type":"PropertyValueSpecification","valueRequired":true,"valueName":"search_term_string"}}],"inLanguage":"de"},{"@type":"Organization","@id":"https:\/\/conexmetals.com\/de\/#organization","name":"Conex Metals Brass Fittings Brass Parts Copper Parts Brass Components Brass Plumbing Fittings India","url":"https:\/\/conexmetals.com\/de\/","logo":{"@type":"ImageObject","inLanguage":"de","@id":"https:\/\/conexmetals.com\/de\/#\/schema\/logo\/image\/","url":"https:\/\/conexmetals.com\/wp-content\/uploads\/2024\/03\/conex-metals-logo.webp","contentUrl":"https:\/\/conexmetals.com\/wp-content\/uploads\/2024\/03\/conex-metals-logo.webp","width":300,"height":121,"caption":"Conex Metals Brass Fittings Brass Parts Copper Parts Brass Components Brass Plumbing Fittings India"},"image":{"@id":"https:\/\/conexmetals.com\/de\/#\/schema\/logo\/image\/"},"sameAs":["https:\/\/www.facebook.com\/conexbrass","https:\/\/x.com\/conexindia","https:\/\/www.linkedin.com\/company\/conex-metals-india\/","https:\/\/www.instagram.com\/conexindia\/"]}]}},"_links":{"self":[{"href":"https:\/\/conexmetals.com\/de\/wp-json\/wp\/v2\/product\/13485","targetHints":{"allow":["GET"]}}],"collection":[{"href":"https:\/\/conexmetals.com\/de\/wp-json\/wp\/v2\/product"}],"about":[{"href":"https:\/\/conexmetals.com\/de\/wp-json\/wp\/v2\/types\/product"}],"wp:featuredmedia":[{"embeddable":true,"href":"https:\/\/conexmetals.com\/de\/wp-json\/wp\/v2\/media\/13304"}],"wp:attachment":[{"href":"https:\/\/conexmetals.com\/de\/wp-json\/wp\/v2\/media?parent=13485"}],"wp:term":[{"taxonomy":"product_brand","embeddable":true,"href":"https:\/\/conexmetals.com\/de\/wp-json\/wp\/v2\/product_brand?post=13485"},{"taxonomy":"product_cat","embeddable":true,"href":"https:\/\/conexmetals.com\/de\/wp-json\/wp\/v2\/product_cat?post=13485"},{"taxonomy":"product_tag","embeddable":true,"href":"https:\/\/conexmetals.com\/de\/wp-json\/wp\/v2\/product_tag?post=13485"}],"curies":[{"name":"wp","href":"https:\/\/api.w.org\/{rel}","templated":true}]}}