{"id":14239,"date":"2023-08-18T08:16:14","date_gmt":"2023-08-18T02:46:14","guid":{"rendered":"https:\/\/conexmetals.com\/?post_type=product&#038;p=14239"},"modified":"2025-03-03T17:22:40","modified_gmt":"2025-03-03T11:52:40","slug":"eingegossene-messingeinsaetze","status":"publish","type":"product","link":"https:\/\/conexmetals.com\/de\/produkt\/eingegossene-messingeinsaetze\/","title":{"rendered":"Eingegossene Messingeins\u00e4tze"},"content":{"rendered":"","protected":false},"excerpt":{"rendered":"<div class=\"elementor-element elementor-element-672075d elementor-widget__width-initial e-transform elementor-widget-mobile__width-initial elementor-widget elementor-widget-woocommerce-product-images\" data-id=\"672075d\" data-element_type=\"widget\" data-settings=\"{&quot;_transform_scale_effect&quot;:{&quot;unit&quot;:&quot;px&quot;,&quot;size&quot;:1,&quot;sizes&quot;:[]},&quot;_transform_scale_effect_tablet&quot;:{&quot;unit&quot;:&quot;px&quot;,&quot;size&quot;:&quot;&quot;,&quot;sizes&quot;:[]},&quot;_transform_scale_effect_mobile&quot;:{&quot;unit&quot;:&quot;px&quot;,&quot;size&quot;:&quot;&quot;,&quot;sizes&quot;:[]}}\" data-widget_type=\"woocommerce-product-images.default\">\n<div class=\"elementor-widget-container\">\n<div class=\"woocommerce-product-gallery woocommerce-product-gallery--with-images woocommerce-product-gallery--columns-4 images\" data-columns=\"4\">\n<div class=\"woocommerce-product-gallery__wrapper\">\n<div class=\"woocommerce-product-gallery__image\" data-thumb=\"https:\/\/conexmetals.com\/wp-content\/uploads\/2023\/08\/Moulded-In-Inserts-100x100.webp\" data-thumb-alt=\"Moulded-In-Inserts\" data-thumb-srcset=\"https:\/\/conexmetals.com\/wp-content\/uploads\/2023\/08\/Moulded-In-Inserts-100x100.webp 100w, https:\/\/conexmetals.com\/wp-content\/uploads\/2023\/08\/Moulded-In-Inserts-300x300.webp 300w, https:\/\/conexmetals.com\/wp-content\/uploads\/2023\/08\/Moulded-In-Inserts-150x150.webp 150w, https:\/\/conexmetals.com\/wp-content\/uploads\/2023\/08\/Moulded-In-Inserts.webp 350w\"><\/div>\n<\/div>\n<\/div>\n<\/div>\n<\/div>\n<div class=\"elementor-element elementor-element-36d2ab8 elementor-widget elementor-widget-woocommerce-product-short-description\" data-id=\"36d2ab8\" data-element_type=\"widget\" data-widget_type=\"woocommerce-product-short-description.default\">\n<div class=\"elementor-widget-container\">\n<div class=\"woocommerce-product-details__short-description\">\n<table id=\"tablepress-444\" class=\"tablepress tablepress-id-444\">\n<caption>\u00a0<\/caption>\n<thead>\n<tr class=\"row-1 odd\">\n<th class=\"column-1\" colspan=\"2\"><strong><span>Datenblatt f\u00fcr eingegossenes Messing-Insert<\/span><\/strong><\/th>\n<\/tr>\n<\/thead>\n<tbody class=\"row-hover\">\n<tr class=\"row-2 even\">\n<td class=\"column-1\"><strong><span>Besonderheit<\/span><\/strong><\/td>\n<td class=\"column-2\"><strong><span>Details<\/span><\/strong><\/td>\n<\/tr>\n<tr class=\"row-3 odd\">\n<td class=\"column-1\"><strong><span>Hersteller &amp; Lieferant<\/span><\/strong><\/td>\n<td class=\"column-2\"><span>Auftragshersteller von Metalleins\u00e4tzen, spezialisiert auf Messingeins\u00e4tze.<\/span><\/td>\n<\/tr>\n<tr class=\"row-4 even\">\n<td class=\"column-1\"><strong><span>Einsatzarten<\/span><\/strong><\/td>\n<td class=\"column-2\"><span>Blind, eingeformt, eingepresst, offenes, geschlossenes und mit Bolzen versehenes Ende, Rotationsform, Schraubgewinde, selbstschneidend, Ultraschall, Gewindeantrieb, thermische und geflanschte Eins\u00e4tze.<\/span><\/td>\n<\/tr>\n<tr class=\"row-5 odd\">\n<td class=\"column-1\"><strong><span>Zertifizierung<\/span><\/strong><\/td>\n<td class=\"column-2\"><span>ISO\/TS 16949:2009 zertifiziert f\u00fcr Gewindeeins\u00e4tze aus Messing.<\/span><\/td>\n<\/tr>\n<tr class=\"row-6 even\">\n<td class=\"column-1\"><strong><span>Material<\/span><\/strong><\/td>\n<td class=\"column-2\"><span>Messing (auch kompatibel mit ABS, Aluminium, Keramik, Fiberglas, Schaumkunststoffen und mehr).<\/span><\/td>\n<\/tr>\n<tr class=\"row-7 odd\">\n<td class=\"column-1\"><strong><span>R\u00e4ndelarten<\/span><\/strong><\/td>\n<td class=\"column-2\"><span>R\u00e4ndelschrauben aus Messing, Sechskantschrauben aus Messing.<\/span><\/td>\n<\/tr>\n<tr class=\"row-8 even\">\n<td class=\"column-1\"><strong><span>Spezialeins\u00e4tze<\/span><\/strong><\/td>\n<td class=\"column-2\"><span>Eingeformte Eins\u00e4tze mit Schulter\/Fase\/Flansch, eingeformte Eins\u00e4tze mit Noppen, quadratische Eins\u00e4tze.<\/span><\/td>\n<\/tr>\n<tr class=\"row-9 odd\">\n<td class=\"column-1\"><strong><span>Anwendungen<\/span><\/strong><\/td>\n<td class=\"column-2\"><span>Kunststoffe, Thermoplaste, Duroplaste, Gummi, Weichmetalle, Spanplatten, Metallrohre, Holz usw.<\/span><\/td>\n<\/tr>\n<tr class=\"row-10 even\">\n<td class=\"column-1\"><strong><span>Gewindenormen<\/span><\/strong><\/td>\n<td class=\"column-2\"><span>UNC, UNEF, UNF, BSW, BSP, BSPP, NPT, NPSM, NPTF, Metrisch.<\/span><\/td>\n<\/tr>\n<\/tbody>\n<\/table>\n<p data-start=\"0\" data-end=\"316\"><img fetchpriority=\"high\" decoding=\"async\" class=\"size-full wp-image-14083 alignright lazy loaded\" src=\"https:\/\/conexmetals.com\/wp-content\/uploads\/2023\/08\/Brass-Moulded-In-Inserts.webp\" alt=\"Eingegossene Messingeins\u00e4tze\" width=\"300\" height=\"191\" data-src=\"https:\/\/conexmetals.com\/wp-content\/uploads\/2023\/08\/Brass-Moulded-In-Inserts.webp\" data-was-processed=\"true\" \/><span>Messing-Einsatzteile sind pr\u00e4zisionsgefertigte Gewindeeins\u00e4tze, die w\u00e4hrend des Formprozesses direkt in Kunststoff- oder Verbundkomponenten integriert werden. Conex Metals fertigt diese Eins\u00e4tze, um ein langlebiges Metallgewinde in Materialien zu bringen, die sonst zu weich oder d\u00fcnn sind, um herk\u00f6mmliche Gewinde zu tragen. Als einer der f\u00fchrenden Hersteller und Lieferanten Indiens produzieren wir hochwertige Einsatzteile in unserem hochmodernen Werk in Jamnagar. Unsere Eins\u00e4tze sind f\u00fcr ihre Pr\u00e4zision, Zuverl\u00e4ssigkeit und hervorragende Verarbeitung bekannt und erf\u00fcllen die h\u00f6chsten Industriestandards.<\/span><\/p>\n<div class=\"horizontal-scroll-wrapper\">\n<div class=\"table-block-component\">\n<div class=\"table-block\">\n<div class=\"table-content not-end-of-paragraph\">\n<table data-sourcepos=\"10:1-16:28\">\n<tbody>\n<tr data-sourcepos=\"10:1-10:63\">\n<th data-sourcepos=\"10:1-10:13\"><span>Gewindegr\u00f6\u00dfe<\/span><\/th>\n<th data-sourcepos=\"10:15-10:26\"><span>L (L\u00e4nge)<\/span><\/th>\n<th data-sourcepos=\"10:28-10:44\"><span>C (Kopfh\u00f6he)<\/span><\/th>\n<th data-sourcepos=\"10:46-10:61\"><span>E (Kopfbreite)<\/span><\/th>\n<\/tr>\n<tr data-sourcepos=\"12:1-12:28\">\n<td data-sourcepos=\"12:1-12:5\"><span>BMW M3<\/span><\/td>\n<td data-sourcepos=\"12:7-12:12\"><span>7.3<\/span><\/td>\n<td data-sourcepos=\"12:14-12:19\"><span>1.3<\/span><\/td>\n<td data-sourcepos=\"12:21-12:26\"><span>4.6<\/span><\/td>\n<\/tr>\n<tr data-sourcepos=\"13:1-13:28\">\n<td data-sourcepos=\"13:1-13:5\"><span>M4<\/span><\/td>\n<td data-sourcepos=\"13:7-13:12\"><span>10.2<\/span><\/td>\n<td data-sourcepos=\"13:14-13:19\"><span>1.8<\/span><\/td>\n<td data-sourcepos=\"13:21-13:26\"><span>6.7<\/span><\/td>\n<\/tr>\n<tr data-sourcepos=\"14:1-14:28\">\n<td data-sourcepos=\"14:1-14:5\"><span>BMW M5<\/span><\/td>\n<td data-sourcepos=\"14:7-14:12\"><span>11.2<\/span><\/td>\n<td data-sourcepos=\"14:14-14:19\"><span>2.0<\/span><\/td>\n<td data-sourcepos=\"14:21-14:26\"><span>7.4<\/span><\/td>\n<\/tr>\n<tr data-sourcepos=\"15:1-15:28\">\n<td data-sourcepos=\"15:1-15:5\"><span>M6<\/span><\/td>\n<td data-sourcepos=\"15:7-15:12\"><span>14.4<\/span><\/td>\n<td data-sourcepos=\"15:14-15:19\"><span>2.0<\/span><\/td>\n<td data-sourcepos=\"15:21-15:26\"><span>8.1<\/span><\/td>\n<\/tr>\n<tr data-sourcepos=\"16:1-16:28\">\n<td data-sourcepos=\"16:1-16:5\"><span>M8<\/span><\/td>\n<td data-sourcepos=\"16:7-16:12\"><span>16,5<\/span><\/td>\n<td data-sourcepos=\"16:14-16:19\"><span>2.3<\/span><\/td>\n<td data-sourcepos=\"16:21-16:26\"><span>11.1<\/span><\/td>\n<\/tr>\n<\/tbody>\n<\/table>\n<\/div>\n<\/div>\n<\/div>\n<\/div>\n<h3 data-start=\"323\" data-end=\"339\"><span>Hauptmerkmale von Messingeins\u00e4tzen<\/span><\/h3>\n<ul data-start=\"341\" data-end=\"1398\">\n<li data-start=\"341\" data-end=\"629\">\n<p data-start=\"343\" data-end=\"629\"><strong data-start=\"343\" data-end=\"365\"><span>Integriertes Design:<\/span><\/strong><br data-start=\"365\" data-end=\"368\" \/><span>Eingeformte Eins\u00e4tze werden vor dem Kunststoffeinspritzen in die Form eingelegt, wodurch sichergestellt wird, dass sie ein integraler Bestandteil des fertigen Bauteils werden. Diese Integration garantiert eine hervorragende Ausrichtung und gleichbleibende Gewindequalit\u00e4t, ohne dass eine nachtr\u00e4gliche Bearbeitung erforderlich ist.<\/span><\/p>\n<\/li>\n<li data-start=\"631\" data-end=\"926\">\n<p data-start=\"633\" data-end=\"926\"><strong data-start=\"633\" data-end=\"659\"><span>Hochwertiges Material:<\/span><\/strong><br data-start=\"659\" data-end=\"662\" \/><span>Diese Eins\u00e4tze werden normalerweise aus Messing (optional auch aus Edelstahl oder anderen Legierungen) hergestellt und bieten eine hervorragende Korrosionsbest\u00e4ndigkeit und thermische Stabilit\u00e4t. Daher sind sie ideal f\u00fcr Anwendungen von der Unterhaltungselektronik bis hin zu Automobil- und Industrieprodukten.<\/span><\/p>\n<\/li>\n<li data-start=\"928\" data-end=\"1168\">\n<p data-start=\"930\" data-end=\"1168\"><strong data-start=\"930\" data-end=\"954\"><span>Verbesserte Haltbarkeit:<\/span><\/strong><br data-start=\"954\" data-end=\"957\" \/><span>Durch das Einbetten eines Metalleinsatzes direkt in ein Formteil sind die entstehenden Gewinde weitaus robuster als solche, die direkt in Kunststoff geschnitten werden. Dies erh\u00f6ht die Langlebigkeit und Belastbarkeit des Bauteils.<\/span><\/p>\n<\/li>\n<li data-start=\"1170\" data-end=\"1398\">\n<p data-start=\"1172\" data-end=\"1398\"><strong data-start=\"1172\" data-end=\"1195\"><span>Designflexibilit\u00e4t:<\/span><\/strong><br data-start=\"1195\" data-end=\"1198\" \/><span>Ihr flaches Design erm\u00f6glicht d\u00fcnnwandigere Teile und bietet dennoch starke, zuverl\u00e4ssige Gewindeverbindungen. Dies macht sie besonders wertvoll bei kostensensiblen Anwendungen mit hohem Volumen.<\/span><\/p>\n<\/li>\n<\/ul>\n<h3 data-start=\"1405\" data-end=\"1450\"><span>Technische Daten (Beispielwerte)<\/span><\/h3>\n<table data-start=\"1452\" data-end=\"2028\">\n<thead data-start=\"1452\" data-end=\"1529\">\n<tr data-start=\"1452\" data-end=\"1529\">\n<th data-start=\"1452\" data-end=\"1479\"><strong data-start=\"1454\" data-end=\"1467\"><span>Parameter<\/span><\/strong><\/th>\n<th data-start=\"1479\" data-end=\"1529\"><strong data-start=\"1481\" data-end=\"1508\"><span>Spezifikation (typisch)<\/span><\/strong><\/th>\n<\/tr>\n<\/thead>\n<tbody data-start=\"1608\" data-end=\"2028\">\n<tr data-start=\"1608\" data-end=\"1685\">\n<td><strong data-start=\"1610\" data-end=\"1622\"><span>Material<\/span><\/strong><\/td>\n<td><span>Messing (Optionen in Edelstahl erh\u00e4ltlich)<\/span><\/td>\n<\/tr>\n<tr data-start=\"1686\" data-end=\"1765\">\n<td><strong data-start=\"1688\" data-end=\"1711\"><span>G\u00e4ngige Gewindegr\u00f6\u00dfen<\/span><\/strong><\/td>\n<td><span>Bereiche von M3 bis M12 (Sondergr\u00f6\u00dfen erh\u00e4ltlich)<\/span><\/td>\n<\/tr>\n<tr data-start=\"1766\" data-end=\"1845\">\n<td><strong data-start=\"1768\" data-end=\"1784\"><span>Gewindesteigung<\/span><\/strong><\/td>\n<td><span>Gem\u00e4\u00df metrischen ISO-Standards (z. B. M6 x 1,0)<\/span><\/td>\n<\/tr>\n<tr data-start=\"1846\" data-end=\"1925\">\n<td><strong data-start=\"1848\" data-end=\"1870\"><span>Integrationsmethode<\/span><\/strong><\/td>\n<td><span>Eingelegt w\u00e4hrend des Spritzgussprozesses<\/span><\/td>\n<\/tr>\n<tr data-start=\"1926\" data-end=\"2028\">\n<td><strong data-start=\"1928\" data-end=\"1953\"><span>Betriebstemperatur<\/span><\/strong><\/td>\n<td><span>Geeignet f\u00fcr Standard-Formteilumgebungen (z. B. -40 \u00b0C bis +100 \u00b0C)*<\/span><\/td>\n<\/tr>\n<\/tbody>\n<\/table>\n<p data-start=\"2030\" data-end=\"2134\"><span>*Hinweis: Die tats\u00e4chlichen Abmessungen und W\u00e4rmewerte h\u00e4ngen von der jeweiligen Anwendung und den Designanforderungen ab.<\/span><\/p>\n<h3 data-start=\"2141\" data-end=\"2157\"><span>Anwendungen von Messingeins\u00e4tzen<\/span><\/h3>\n<ul data-start=\"2159\" data-end=\"2679\">\n<li data-start=\"2159\" data-end=\"2276\">\n<p data-start=\"2161\" data-end=\"2276\"><strong data-start=\"2161\" data-end=\"2199\"><span>Unterhaltungselektronik und Haushaltsger\u00e4te:<\/span><\/strong><br data-start=\"2199\" data-end=\"2202\" \/><span>Ideal f\u00fcr Geh\u00e4use und Paneele, bei denen robuste, wiederverwendbare Gewinde ben\u00f6tigt werden.<\/span><\/p>\n<\/li>\n<li data-start=\"2280\" data-end=\"2398\">\n<p data-start=\"2282\" data-end=\"2398\"><strong data-start=\"2282\" data-end=\"2308\"><span>Automobilkomponenten:<\/span><\/strong><br data-start=\"2308\" data-end=\"2311\" \/><span>Werden in Teilen verwendet, die eine hochfeste Befestigung bei minimalem Gewicht erfordern.<\/span><\/p>\n<\/li>\n<li data-start=\"2402\" data-end=\"2551\">\n<p data-start=\"2404\" data-end=\"2551\"><strong data-start=\"2404\" data-end=\"2429\"><span>Industrieanlagen:<\/span><\/strong><br data-start=\"2429\" data-end=\"2432\" \/><span>Sorgen Sie f\u00fcr eine zuverl\u00e4ssige Gewindeschnittstelle in geformten Kunststoffkomponenten, die wiederholt zusammen- und auseinandergebaut werden.<\/span><\/p>\n<\/li>\n<li data-start=\"2555\" data-end=\"2679\">\n<p data-start=\"2557\" data-end=\"2679\"><strong data-start=\"2557\" data-end=\"2593\"><span>Medizinische und Freizeitprodukte:<\/span><\/strong><br data-start=\"2593\" data-end=\"2596\" \/><span>Sorgen Sie f\u00fcr eine sichere Befestigung von Artikeln, bei denen sowohl Hygiene als auch Haltbarkeit wichtig sind.<\/span><\/p>\n<\/li>\n<\/ul>\n<h3 data-start=\"2686\" data-end=\"2700\"><span>Vorteile von Messingeins\u00e4tzen<\/span><\/h3>\n<ul data-start=\"2702\" data-end=\"3283\">\n<li data-start=\"2702\" data-end=\"2853\">\n<p data-start=\"2704\" data-end=\"2853\"><strong data-start=\"2704\" data-end=\"2733\"><span>Verbesserte Gewindefestigkeit:<\/span><\/strong><br data-start=\"2733\" data-end=\"2736\" \/><span>Durch das Ersetzen oder Verst\u00e4rken von Kunststoffgewinden durch einen Metalleinsatz wird die Haltbarkeit der Komponenten deutlich verbessert.<\/span><\/p>\n<\/li>\n<li data-start=\"2857\" data-end=\"3001\">\n<p data-start=\"2859\" data-end=\"3001\"><strong data-start=\"2859\" data-end=\"2886\"><span>Gleichbleibende Leistung:<\/span><\/strong><br data-start=\"2886\" data-end=\"2889\" \/><span>Der Integrationsprozess stellt sicher, dass jeder Einsatz enge Ma\u00dftoleranzen einh\u00e4lt, um eine zuverl\u00e4ssige Leistung zu gew\u00e4hrleisten.<\/span><\/p>\n<\/li>\n<li data-start=\"3005\" data-end=\"3138\">\n<p data-start=\"3007\" data-end=\"3138\"><strong data-start=\"3007\" data-end=\"3027\"><span>Kosteneffizienz:<\/span><\/strong><br data-start=\"3027\" data-end=\"3030\" \/><span>Eliminiert zus\u00e4tzliche sekund\u00e4re Bearbeitungs- oder Einsatzinstallationsschritte und reduziert so die Gesamtproduktionskosten.<\/span><\/p>\n<\/li>\n<li data-start=\"3142\" data-end=\"3283\">\n<p data-start=\"3144\" data-end=\"3283\"><strong data-start=\"3144\" data-end=\"3167\"><span>Designvielseitigkeit:<\/span><\/strong><br data-start=\"3167\" data-end=\"3170\" \/><span>Erm\u00f6glicht Ingenieuren, Komponenten mit d\u00fcnneren W\u00e4nden zu konstruieren, ohne die Festigkeit der Gewindeverbindungen zu beeintr\u00e4chtigen.<\/span><\/p>\n<\/li>\n<\/ul>\n<p data-start=\"3290\" data-end=\"3595\"><span>Die Formeins\u00e4tze von Conex Metals bieten eine ideale L\u00f6sung f\u00fcr Anwendungen, die eine dauerhafte, robuste Gewindeverbindung in Formteilen erfordern. Sie kombinieren die Vorteile der Metallfestigkeit mit der Effizienz der Formintegration und gew\u00e4hrleisten so die hohe Qualit\u00e4t und langfristige Zuverl\u00e4ssigkeit Ihrer Produkte.<\/span><\/p>\n<\/div>\n<\/div>\n<\/div>\n","protected":false},"featured_media":13830,"template":"","meta":[],"product_brand":[],"product_cat":[416],"product_tag":[],"class_list":{"0":"post-14239","1":"product","2":"type-product","3":"status-publish","4":"has-post-thumbnail","6":"product_cat-messingeinsatze","8":"first","9":"instock","10":"shipping-taxable","11":"product-type-simple"},"yoast_head":"<!-- This site is optimized with the Yoast SEO plugin v27.3 - https:\/\/yoast.com\/product\/yoast-seo-wordpress\/ -->\n<title>Eingegossene Messingeins\u00e4tze<\/title>\n<meta name=\"description\" content=\"Conex Metals bietet Messing-Formeins\u00e4tze f\u00fcr Kunststoff-Spritzguss an, darunter auch Gewindeeins\u00e4tze f\u00fcr Kunststoff-Spritzguss. Unsere Produktpalette umfasst Kunststoff-Spritzgussmaschinen, Einlegeteile und das Spritzgussverfahren. Wir bieten auch Kunststoff-Forml\u00f6sungen an. Als f\u00fchrender Hersteller und Exporteur in Indien liefern wir hochwertige Formeins\u00e4tze f\u00fcr verschiedene Branchen.\" \/>\n<meta name=\"robots\" content=\"index, follow, max-snippet:-1, max-image-preview:large, max-video-preview:-1\" \/>\n<link rel=\"canonical\" href=\"https:\/\/conexmetals.com\/de\/produkt\/eingegossene-messingeinsaetze\/\" \/>\n<script type=\"application\/ld+json\" class=\"yoast-schema-graph\">{\"@context\":\"https:\\\/\\\/schema.org\",\"@graph\":[{\"@type\":\"WebPage\",\"@id\":\"https:\\\/\\\/conexmetals.com\\\/de\\\/produkt\\\/eingegossene-messingeinsaetze\\\/\",\"url\":\"https:\\\/\\\/conexmetals.com\\\/de\\\/produkt\\\/eingegossene-messingeinsaetze\\\/\",\"name\":\"Eingegossene Messingeins\u00e4tze\",\"isPartOf\":{\"@id\":\"https:\\\/\\\/conexmetals.com\\\/de\\\/#website\"},\"primaryImageOfPage\":{\"@id\":\"https:\\\/\\\/conexmetals.com\\\/de\\\/produkt\\\/eingegossene-messingeinsaetze\\\/#primaryimage\"},\"image\":{\"@id\":\"https:\\\/\\\/conexmetals.com\\\/de\\\/produkt\\\/eingegossene-messingeinsaetze\\\/#primaryimage\"},\"thumbnailUrl\":\"https:\\\/\\\/conexmetals.com\\\/wp-content\\\/uploads\\\/2023\\\/08\\\/Moulded-In-Inserts.webp\",\"datePublished\":\"2023-08-18T02:46:14+00:00\",\"dateModified\":\"2025-03-03T11:52:40+00:00\",\"description\":\"Conex Metals bietet Messing-Formeins\u00e4tze f\u00fcr Kunststoff-Spritzguss an, darunter auch Gewindeeins\u00e4tze f\u00fcr Kunststoff-Spritzguss. Unsere Produktpalette umfasst Kunststoff-Spritzgussmaschinen, Einlegeteile und das Spritzgussverfahren. Wir bieten auch Kunststoff-Forml\u00f6sungen an. Als f\u00fchrender Hersteller und Exporteur in Indien liefern wir hochwertige Formeins\u00e4tze f\u00fcr verschiedene Branchen.\",\"breadcrumb\":{\"@id\":\"https:\\\/\\\/conexmetals.com\\\/de\\\/produkt\\\/eingegossene-messingeinsaetze\\\/#breadcrumb\"},\"inLanguage\":\"de\",\"potentialAction\":[{\"@type\":\"ReadAction\",\"target\":[\"https:\\\/\\\/conexmetals.com\\\/de\\\/produkt\\\/eingegossene-messingeinsaetze\\\/\"]}]},{\"@type\":\"ImageObject\",\"inLanguage\":\"de\",\"@id\":\"https:\\\/\\\/conexmetals.com\\\/de\\\/produkt\\\/eingegossene-messingeinsaetze\\\/#primaryimage\",\"url\":\"https:\\\/\\\/conexmetals.com\\\/wp-content\\\/uploads\\\/2023\\\/08\\\/Moulded-In-Inserts.webp\",\"contentUrl\":\"https:\\\/\\\/conexmetals.com\\\/wp-content\\\/uploads\\\/2023\\\/08\\\/Moulded-In-Inserts.webp\",\"width\":350,\"height\":350,\"caption\":\"Moulded-In-Inserts\"},{\"@type\":\"BreadcrumbList\",\"@id\":\"https:\\\/\\\/conexmetals.com\\\/de\\\/produkt\\\/eingegossene-messingeinsaetze\\\/#breadcrumb\",\"itemListElement\":[{\"@type\":\"ListItem\",\"position\":1,\"name\":\"Home\",\"item\":\"https:\\\/\\\/conexmetals.com\\\/de\\\/heim\\\/\"},{\"@type\":\"ListItem\",\"position\":2,\"name\":\"Products\",\"item\":\"https:\\\/\\\/conexmetals.com\\\/products\\\/\"},{\"@type\":\"ListItem\",\"position\":3,\"name\":\"Eingegossene Messingeins\u00e4tze\"}]},{\"@type\":\"WebSite\",\"@id\":\"https:\\\/\\\/conexmetals.com\\\/de\\\/#website\",\"url\":\"https:\\\/\\\/conexmetals.com\\\/de\\\/\",\"name\":\"Conex Metals Brass Fittings Brass Parts Copper Parts Brass Components Brass Plumbing Fittings India\",\"description\":\"Manufacturer of Bronze Fittings casting Copper Brass parts components\",\"publisher\":{\"@id\":\"https:\\\/\\\/conexmetals.com\\\/de\\\/#organization\"},\"potentialAction\":[{\"@type\":\"SearchAction\",\"target\":{\"@type\":\"EntryPoint\",\"urlTemplate\":\"https:\\\/\\\/conexmetals.com\\\/de\\\/?s={search_term_string}\"},\"query-input\":{\"@type\":\"PropertyValueSpecification\",\"valueRequired\":true,\"valueName\":\"search_term_string\"}}],\"inLanguage\":\"de\"},{\"@type\":\"Organization\",\"@id\":\"https:\\\/\\\/conexmetals.com\\\/de\\\/#organization\",\"name\":\"Conex Metals Brass Fittings Brass Parts Copper Parts Brass Components Brass Plumbing Fittings India\",\"url\":\"https:\\\/\\\/conexmetals.com\\\/de\\\/\",\"logo\":{\"@type\":\"ImageObject\",\"inLanguage\":\"de\",\"@id\":\"https:\\\/\\\/conexmetals.com\\\/de\\\/#\\\/schema\\\/logo\\\/image\\\/\",\"url\":\"https:\\\/\\\/conexmetals.com\\\/wp-content\\\/uploads\\\/2024\\\/03\\\/conex-metals-logo.webp\",\"contentUrl\":\"https:\\\/\\\/conexmetals.com\\\/wp-content\\\/uploads\\\/2024\\\/03\\\/conex-metals-logo.webp\",\"width\":300,\"height\":121,\"caption\":\"Conex Metals Brass Fittings Brass Parts Copper Parts Brass Components Brass Plumbing Fittings India\"},\"image\":{\"@id\":\"https:\\\/\\\/conexmetals.com\\\/de\\\/#\\\/schema\\\/logo\\\/image\\\/\"},\"sameAs\":[\"https:\\\/\\\/www.facebook.com\\\/conexbrass\",\"https:\\\/\\\/x.com\\\/conexindia\",\"https:\\\/\\\/www.linkedin.com\\\/company\\\/conex-metals-india\\\/\",\"https:\\\/\\\/www.instagram.com\\\/conexindia\\\/\"]}]}<\/script>\n<!-- \/ Yoast SEO plugin. -->","yoast_head_json":{"title":"Eingegossene Messingeins\u00e4tze","description":"Conex Metals bietet Messing-Formeins\u00e4tze f\u00fcr Kunststoff-Spritzguss an, darunter auch Gewindeeins\u00e4tze f\u00fcr Kunststoff-Spritzguss. Unsere Produktpalette umfasst Kunststoff-Spritzgussmaschinen, Einlegeteile und das Spritzgussverfahren. Wir bieten auch Kunststoff-Forml\u00f6sungen an. Als f\u00fchrender Hersteller und Exporteur in Indien liefern wir hochwertige Formeins\u00e4tze f\u00fcr verschiedene Branchen.","robots":{"index":"index","follow":"follow","max-snippet":"max-snippet:-1","max-image-preview":"max-image-preview:large","max-video-preview":"max-video-preview:-1"},"canonical":"https:\/\/conexmetals.com\/de\/produkt\/eingegossene-messingeinsaetze\/","schema":{"@context":"https:\/\/schema.org","@graph":[{"@type":"WebPage","@id":"https:\/\/conexmetals.com\/de\/produkt\/eingegossene-messingeinsaetze\/","url":"https:\/\/conexmetals.com\/de\/produkt\/eingegossene-messingeinsaetze\/","name":"Eingegossene Messingeins\u00e4tze","isPartOf":{"@id":"https:\/\/conexmetals.com\/de\/#website"},"primaryImageOfPage":{"@id":"https:\/\/conexmetals.com\/de\/produkt\/eingegossene-messingeinsaetze\/#primaryimage"},"image":{"@id":"https:\/\/conexmetals.com\/de\/produkt\/eingegossene-messingeinsaetze\/#primaryimage"},"thumbnailUrl":"https:\/\/conexmetals.com\/wp-content\/uploads\/2023\/08\/Moulded-In-Inserts.webp","datePublished":"2023-08-18T02:46:14+00:00","dateModified":"2025-03-03T11:52:40+00:00","description":"Conex Metals bietet Messing-Formeins\u00e4tze f\u00fcr Kunststoff-Spritzguss an, darunter auch Gewindeeins\u00e4tze f\u00fcr Kunststoff-Spritzguss. Unsere Produktpalette umfasst Kunststoff-Spritzgussmaschinen, Einlegeteile und das Spritzgussverfahren. Wir bieten auch Kunststoff-Forml\u00f6sungen an. Als f\u00fchrender Hersteller und Exporteur in Indien liefern wir hochwertige Formeins\u00e4tze f\u00fcr verschiedene Branchen.","breadcrumb":{"@id":"https:\/\/conexmetals.com\/de\/produkt\/eingegossene-messingeinsaetze\/#breadcrumb"},"inLanguage":"de","potentialAction":[{"@type":"ReadAction","target":["https:\/\/conexmetals.com\/de\/produkt\/eingegossene-messingeinsaetze\/"]}]},{"@type":"ImageObject","inLanguage":"de","@id":"https:\/\/conexmetals.com\/de\/produkt\/eingegossene-messingeinsaetze\/#primaryimage","url":"https:\/\/conexmetals.com\/wp-content\/uploads\/2023\/08\/Moulded-In-Inserts.webp","contentUrl":"https:\/\/conexmetals.com\/wp-content\/uploads\/2023\/08\/Moulded-In-Inserts.webp","width":350,"height":350,"caption":"Moulded-In-Inserts"},{"@type":"BreadcrumbList","@id":"https:\/\/conexmetals.com\/de\/produkt\/eingegossene-messingeinsaetze\/#breadcrumb","itemListElement":[{"@type":"ListItem","position":1,"name":"Home","item":"https:\/\/conexmetals.com\/de\/heim\/"},{"@type":"ListItem","position":2,"name":"Products","item":"https:\/\/conexmetals.com\/products\/"},{"@type":"ListItem","position":3,"name":"Eingegossene Messingeins\u00e4tze"}]},{"@type":"WebSite","@id":"https:\/\/conexmetals.com\/de\/#website","url":"https:\/\/conexmetals.com\/de\/","name":"Conex Metals Brass Fittings Brass Parts Copper Parts Brass Components Brass Plumbing Fittings India","description":"Manufacturer of Bronze Fittings casting Copper Brass parts components","publisher":{"@id":"https:\/\/conexmetals.com\/de\/#organization"},"potentialAction":[{"@type":"SearchAction","target":{"@type":"EntryPoint","urlTemplate":"https:\/\/conexmetals.com\/de\/?s={search_term_string}"},"query-input":{"@type":"PropertyValueSpecification","valueRequired":true,"valueName":"search_term_string"}}],"inLanguage":"de"},{"@type":"Organization","@id":"https:\/\/conexmetals.com\/de\/#organization","name":"Conex Metals Brass Fittings Brass Parts Copper Parts Brass Components Brass Plumbing Fittings India","url":"https:\/\/conexmetals.com\/de\/","logo":{"@type":"ImageObject","inLanguage":"de","@id":"https:\/\/conexmetals.com\/de\/#\/schema\/logo\/image\/","url":"https:\/\/conexmetals.com\/wp-content\/uploads\/2024\/03\/conex-metals-logo.webp","contentUrl":"https:\/\/conexmetals.com\/wp-content\/uploads\/2024\/03\/conex-metals-logo.webp","width":300,"height":121,"caption":"Conex Metals Brass Fittings Brass Parts Copper Parts Brass Components Brass Plumbing Fittings India"},"image":{"@id":"https:\/\/conexmetals.com\/de\/#\/schema\/logo\/image\/"},"sameAs":["https:\/\/www.facebook.com\/conexbrass","https:\/\/x.com\/conexindia","https:\/\/www.linkedin.com\/company\/conex-metals-india\/","https:\/\/www.instagram.com\/conexindia\/"]}]}},"_links":{"self":[{"href":"https:\/\/conexmetals.com\/de\/wp-json\/wp\/v2\/product\/14239","targetHints":{"allow":["GET"]}}],"collection":[{"href":"https:\/\/conexmetals.com\/de\/wp-json\/wp\/v2\/product"}],"about":[{"href":"https:\/\/conexmetals.com\/de\/wp-json\/wp\/v2\/types\/product"}],"wp:featuredmedia":[{"embeddable":true,"href":"https:\/\/conexmetals.com\/de\/wp-json\/wp\/v2\/media\/13830"}],"wp:attachment":[{"href":"https:\/\/conexmetals.com\/de\/wp-json\/wp\/v2\/media?parent=14239"}],"wp:term":[{"taxonomy":"product_brand","embeddable":true,"href":"https:\/\/conexmetals.com\/de\/wp-json\/wp\/v2\/product_brand?post=14239"},{"taxonomy":"product_cat","embeddable":true,"href":"https:\/\/conexmetals.com\/de\/wp-json\/wp\/v2\/product_cat?post=14239"},{"taxonomy":"product_tag","embeddable":true,"href":"https:\/\/conexmetals.com\/de\/wp-json\/wp\/v2\/product_tag?post=14239"}],"curies":[{"name":"wp","href":"https:\/\/api.w.org\/{rel}","templated":true}]}}