{"id":15047,"date":"2025-04-02T17:13:56","date_gmt":"2025-04-02T11:43:56","guid":{"rendered":"https:\/\/conexmetals.com\/?post_type=product&#038;p=15047"},"modified":"2025-06-09T12:29:37","modified_gmt":"2025-06-09T06:59:37","slug":"edelstahl-rohrschellen-edelstahl-rohrsaettel","status":"publish","type":"product","link":"https:\/\/conexmetals.com\/de\/produkt\/edelstahl-rohrschellen-edelstahl-rohrsaettel\/","title":{"rendered":"Edelstahl-Rohrschellen | Edelstahl-Rohrs\u00e4ttel"},"content":{"rendered":"","protected":false},"excerpt":{"rendered":"<h3 data-pm-slice=\"1 1 []\"><img fetchpriority=\"high\" decoding=\"async\" class=\"size-medium wp-image-14551 alignright entered litespeed-loaded\" src=\"https:\/\/conexmetals.com\/wp-content\/uploads\/2025\/04\/Stainless-Steel-Pipe-Clamps-2-300x300.webp\" alt=\"Edelstahl-Rohrschellen 2\" width=\"300\" height=\"300\" data-lazyloaded=\"1\" data-placeholder-resp=\"300x300\" data-src=\"https:\/\/conexmetals.com\/wp-content\/uploads\/2025\/04\/Stainless-Steel-Pipe-Clamps-2-300x300.webp\" data-ll-status=\"loaded\" srcset=\"https:\/\/conexmetals.com\/wp-content\/uploads\/2025\/04\/Stainless-Steel-Pipe-Clamps-2-300x300.webp 300w, https:\/\/conexmetals.com\/wp-content\/uploads\/2025\/04\/Stainless-Steel-Pipe-Clamps-2-150x150.webp 150w, https:\/\/conexmetals.com\/wp-content\/uploads\/2025\/04\/Stainless-Steel-Pipe-Clamps-2-100x100.webp 100w, https:\/\/conexmetals.com\/wp-content\/uploads\/2025\/04\/Stainless-Steel-Pipe-Clamps-2.webp 500w\" sizes=\"(max-width: 300px) 100vw, 300px\" \/><span>Erstklassige Edelstahl-Rohrschellen, Rohrst\u00fctzsystem, Edelstahl-Rohrs\u00e4ttel aus Indien.<\/span><\/h3>\n<p><span>Wir sind einer der f\u00fchrenden Hersteller und Exporteure von\u00a0\u00a0<\/span><strong><span>Edelstahl-Rohrschellen und Edelstahl-Rohrs\u00e4tteln<\/span><\/strong><span>\u00a0\u00a0aus\u00a0\u00a0<\/span><strong><span>Indien<\/span><\/strong><span>\u00a0. Unser Sortiment an Edelstahl-Rohrschellen und Edelstahl-Rohrhalterungssystemen findet weltweit gro\u00dfen Anklang. Wir beliefern den Weltmarkt seit Jahrzehnten mit qualitativ hochwertigen Rohrhalterungssystemen. Unsere umfassende globale Pr\u00e4senz, flexiblen Produktionskapazit\u00e4ten und Verpflichtung zu internationalen Qualit\u00e4tsstandards machen uns zur bevorzugten Wahl f\u00fcr OEMs, Bauunternehmer und Industrievertriebsh\u00e4ndler. Unsere Edelstahls\u00e4ttel und -schellen sind auf Haltbarkeit, Zuverl\u00e4ssigkeit und Korrosionsbest\u00e4ndigkeit ausgelegt und eignen sich ideal f\u00fcr verschiedene Rohr- und Leitungsinstallationen in den Bereichen Sanit\u00e4r, Mechanik, Heizungs-, L\u00fcftungs- und Klimatechnik sowie Brandschutzsysteme. Unsere Produkte werden mithilfe modernster Technologie pr\u00e4zisionsgefertigt und gew\u00e4hrleisten optimale Leistung unter anspruchsvollen Bedingungen. Mit \u00fcber drei Jahrzehnten Fertigungserfahrung bieten wir kundenspezifische Anpassungen, schnellere Bearbeitungszeiten und personalisierte Verpackungen mit Kundenbranding f\u00fcr Gro\u00dfbestellungen.<\/span><\/p>\n<p><strong><span>\u00dcberblick<\/span><\/strong><\/p>\n<p><span>Unsere\u00a0\u00a0<\/span><strong><span>Edelstahl-Rohrschellen und Edelstahl-Rohrs\u00e4ttel<\/span><\/strong><span>\u00a0\u00a0bieten eine stabile und sichere Rohrhalterung in industriellen und gewerblichen Rohrleitungssystemen. Wir bieten auch Edelstahl-Rohrverschraubungen und -Schellen f\u00fcr Edelstahlrohre an. Diese Schellen gew\u00e4hrleisten eine sichere Lastverteilung, Vibrationskontrolle und effiziente Rohrausrichtung. Sie sind sowohl in\u00a0\u00a0<\/span><strong><span>metrischen Gr\u00f6\u00dfen (12 mm bis 100 mm)<\/span><\/strong><span>\u00a0\u00a0als auch\u00a0\u00a0<\/span><strong><span>in Zollgr\u00f6\u00dfen (1\/2\u2033 bis 4\u2033)<\/span><\/strong><span>\u00a0erh\u00e4ltlich und f\u00fcr eine Vielzahl von Rohr- und Leitungsgr\u00f6\u00dfen geeignet. Hergestellt aus korrosionsbest\u00e4ndigem Edelstahl eignen sich diese Schellen besonders f\u00fcr Anwendungen in korrosiven Umgebungen oder bei kritischen Hygieneanforderungen.<\/span><\/p>\n<p><strong><span>Materialqualit\u00e4ten und Eigenschaften Edelstahl-Rohrschellen | Edelstahl-Rohrs\u00e4ttel<\/span><\/strong><\/p>\n<p><span>Wir fertigen je nach Kundenwunsch unter Verwendung der folgenden Edelstahlsorten:<\/span><\/p>\n<table>\n<tbody>\n<tr>\n<th><span>Grad<\/span><\/th>\n<th><span>Standard\u00e4quivalent<\/span><\/th>\n<th><span>Eigenschaften<\/span><\/th>\n<\/tr>\n<tr>\n<td><span>SS 304<\/span><\/td>\n<td><span>ASTM A240, JIS SUS304<\/span><\/td>\n<td><span>Ausgezeichnete Korrosionsbest\u00e4ndigkeit, hohe Festigkeit<\/span><\/td>\n<\/tr>\n<tr>\n<td><span>SS 316<\/span><\/td>\n<td><span>ASTM A240, JIS SUS316<\/span><\/td>\n<td><span>\u00dcberlegene Korrosionsbest\u00e4ndigkeit im maritimen\/chemischen Umfeld<\/span><\/td>\n<\/tr>\n<tr>\n<td><span>SS 202<\/span><\/td>\n<td><span>ASTM A240<\/span><\/td>\n<td><span>Kosteng\u00fcnstig mit m\u00e4\u00dfiger Korrosionsbest\u00e4ndigkeit<\/span><\/td>\n<\/tr>\n<\/tbody>\n<\/table>\n<p><strong><span>Mechanische Eigenschaften von SS 304<\/span><\/strong><\/p>\n<table>\n<tbody>\n<tr>\n<td><span>Eigentum<\/span><\/td>\n<td><span>Wert<\/span><\/td>\n<\/tr>\n<tr>\n<td><span>Zugfestigkeit<\/span><\/td>\n<td><span>515 \u2013 620 MPa<\/span><\/td>\n<\/tr>\n<tr>\n<td><span>Streckgrenze<\/span><\/td>\n<td><span>\u2265 205 MPa<\/span><\/td>\n<\/tr>\n<tr>\n<td><span>Verl\u00e4ngerung<\/span><\/td>\n<td><span>\u2265 40 %<\/span><\/td>\n<\/tr>\n<tr>\n<td><span>H\u00e4rte<\/span><\/td>\n<td><span>\u2264 90 HRB<\/span><\/td>\n<\/tr>\n<tr>\n<td><span>Betriebstemperatur<\/span><\/td>\n<td><span>-190 \u00b0C bis +870 \u00b0C<\/span><\/td>\n<\/tr>\n<\/tbody>\n<\/table>\n<p><strong><span>Herstellungsverfahren f\u00fcr<\/span><\/strong><\/p>\n<p><span>Unsere Edelstahl-Rohrschellen werden unter Verwendung hochpr\u00e4ziser Fertigungstechniken hergestellt:<\/span><\/p>\n<ul data-spread=\"false\">\n<li><strong><span>Schneiden und Stanzen<\/span><\/strong><span>\u00a0\u00a0mit CNC-gesteuerten Revolverstanzpressen<\/span><\/li>\n<li><strong><span>Umformen<\/span><\/strong><span>\u00a0\u00a0mit automatisierten hydraulischen Abkantpressen f\u00fcr gleichm\u00e4\u00dfige Profile<\/span><\/li>\n<li><strong><span>Punktschwei\u00dfen<\/span><\/strong><span>\u00a0\u00a0und\u00a0\u00a0<\/span><strong><span>WIG-Schwei\u00dfen<\/span><\/strong><span>\u00a0\u00a0zur Verbindungsverst\u00e4rkung<\/span><\/li>\n<li><strong><span>Entgraten und Endbearbeitung<\/span><\/strong><span>\u00a0\u00a0durch Vibrations-Trommel- und Polierstationen<\/span><\/li>\n<\/ul>\n<p><strong><span>Verwendete Maschinen<\/span><\/strong><\/p>\n<ul data-spread=\"false\">\n<li><span>Hydraulische CNC-Abkantpressen<\/span><\/li>\n<li><span>CNC-Revolverstanzmaschinen<\/span><\/li>\n<li><span>Laserschneider (f\u00fcr individuelle Halterungen)<\/span><\/li>\n<li><span>Automatische Nietmaschinen<\/span><\/li>\n<li><span>Elektropolier- und Schwabbelanlagen<\/span><\/li>\n<\/ul>\n<p><strong><span>Branchen, die unsere Rohrs\u00e4ttel verwenden<\/span><\/strong><\/p>\n<p><span>Unsere Klemmen und S\u00e4ttel aus Edelstahl werden h\u00e4ufig verwendet in:<\/span><\/p>\n<ul data-spread=\"false\">\n<li><span>HLK-Systeme<\/span><\/li>\n<li><span>Brandschutzrohrleitungen<\/span><\/li>\n<li><span>Lebensmittel- und Getr\u00e4nkeverarbeitung<\/span><\/li>\n<li><span>Pharmazeutische und Reinrauminstallationen<\/span><\/li>\n<li><span>Chemie- und Petrochemieanlagen<\/span><\/li>\n<li><span>Wasseraufbereitung und Sanit\u00e4rinfrastruktur<\/span><\/li>\n<\/ul>\n<p><strong><span>Oberfl\u00e4chenoptionen f\u00fcr Edelstahl-Rohrschellen | Edelstahl-Rohrs\u00e4ttel<\/span><\/strong><\/p>\n<ul data-spread=\"false\">\n<li><span>Elektropoliert f\u00fcr \u00e4sthetische und hygienische Anwendung<\/span><\/li>\n<li><span>Poliertes Hochglanzfinish f\u00fcr dekorative Anwendungen<\/span><\/li>\n<li><span>Mattes\/satiniertes Finish f\u00fcr den industriellen Einsatz<\/span><\/li>\n<\/ul>\n<p><strong><span>Ma\u00dftabelle (metrische und imperiale Gr\u00f6\u00dfen)<\/span><\/strong><\/p>\n<table>\n<tbody>\n<tr>\n<td><span>Rohrgr\u00f6\u00dfe (Zoll)<\/span><\/td>\n<td><span>Metrisches \u00c4quivalent (mm)<\/span><\/td>\n<td><span>Klemmbreite (mm)<\/span><\/td>\n<td><span>Lochdurchmesser (mm)<\/span><\/td>\n<td><span>Materialst\u00e4rke (mm)<\/span><\/td>\n<\/tr>\n<tr>\n<td><span>1\/2\u2033<\/span><\/td>\n<td><span>12<\/span><\/td>\n<td><span>18<\/span><\/td>\n<td><span>6.5<\/span><\/td>\n<td><span>1.0<\/span><\/td>\n<\/tr>\n<tr>\n<td><span>3\/4\u2033<\/span><\/td>\n<td><span>19<\/span><\/td>\n<td><span>20<\/span><\/td>\n<td><span>6.5<\/span><\/td>\n<td><span>1.0<\/span><\/td>\n<\/tr>\n<tr>\n<td><span>1\u2033<\/span><\/td>\n<td><span>25<\/span><\/td>\n<td><span>20<\/span><\/td>\n<td><span>6.5<\/span><\/td>\n<td><span>1.2<\/span><\/td>\n<\/tr>\n<tr>\n<td><span>1 1\/4\u2033<\/span><\/td>\n<td><span>32<\/span><\/td>\n<td><span>22<\/span><\/td>\n<td><span>6.5<\/span><\/td>\n<td><span>1.2<\/span><\/td>\n<\/tr>\n<tr>\n<td><span>1 1\/2\u2033<\/span><\/td>\n<td><span>38<\/span><\/td>\n<td><span>24<\/span><\/td>\n<td><span>8,0<\/span><\/td>\n<td><span>1.2<\/span><\/td>\n<\/tr>\n<tr>\n<td><span>2\u2033<\/span><\/td>\n<td><span>50<\/span><\/td>\n<td><span>25<\/span><\/td>\n<td><span>8,0<\/span><\/td>\n<td><span>1,5<\/span><\/td>\n<\/tr>\n<tr>\n<td><span>2 1\/2\u2033<\/span><\/td>\n<td><span>63<\/span><\/td>\n<td><span>28<\/span><\/td>\n<td><span>8,0<\/span><\/td>\n<td><span>1,5<\/span><\/td>\n<\/tr>\n<tr>\n<td><span>3\u2033<\/span><\/td>\n<td><span>75<\/span><\/td>\n<td><span>30<\/span><\/td>\n<td><span>8,0<\/span><\/td>\n<td><span>2.0<\/span><\/td>\n<\/tr>\n<tr>\n<td><span>4\u2033<\/span><\/td>\n<td><span>100<\/span><\/td>\n<td><span>35<\/span><\/td>\n<td><span>8,0<\/span><\/td>\n<td><span>2.0<\/span><\/td>\n<\/tr>\n<\/tbody>\n<\/table>\n<p><strong><span>Toleranzen und Bearbeitungszeit<\/span><\/strong><\/p>\n<ul data-spread=\"false\">\n<li><span>Ma\u00dftoleranz: \u00b10,2 mm<\/span><\/li>\n<li><span>Toleranz der Lochposition: \u00b10,3 mm<\/span><\/li>\n<li><span>Oberfl\u00e4chenrauheit: \u2264 1,6 Ra (poliert)<\/span><\/li>\n<li><strong><span>Lieferzeit<\/span><\/strong><span>\u00a0: Standardlieferung innerhalb von\u00a0\u00a0<\/span><strong><span>4-6 Wochen<\/span><\/strong><span>\u00a0\u00a0nach Auftragsbest\u00e4tigung<\/span><\/li>\n<\/ul>\n<p><strong><span>Warum Uns W\u00e4hlen<\/span><\/strong><\/p>\n<p><span>Kunden w\u00e4hlen unsere Edelstahl-Rohrschellen aus:<\/span><\/p>\n<ul data-spread=\"false\">\n<li><span>Schnellere Bearbeitung und weltweite Lieferung<\/span><\/li>\n<li><span>Flexible Produktionspl\u00e4ne f\u00fcr gro\u00dfe und kleine Chargen<\/span><\/li>\n<li><span>Jahrzehntelange Erfahrung in Exportm\u00e4rkten<\/span><\/li>\n<li><span>Exzellenter Kundenservice und technischer Support<\/span><\/li>\n<li><span>Individuelle Etikettierungs- und Verpackungsoptionen<\/span><\/li>\n<li><span>Interne Qualit\u00e4tssicherung mit vollst\u00e4ndiger R\u00fcckverfolgbarkeit und Zertifizierung<\/span><\/li>\n<\/ul>\n<p><strong><span>FAQs (H\u00e4ufig gestellte Fragen)<\/span><\/strong><\/p>\n<ol start=\"1\" data-spread=\"true\">\n<li><strong><span>Sind diese Klemmen korrosionsbest\u00e4ndig?<\/span><\/strong><br \/>\n<span>Ja, wir verwenden SS 304 oder SS 316 f\u00fcr maximale Korrosionsbest\u00e4ndigkeit.<\/span><\/li>\n<li><strong><span>K\u00f6nnen Sie individuelle Gr\u00f6\u00dfen oder Formen herstellen?<\/span><\/strong><br \/>\n<span>Ja, wir bieten bei Gro\u00dfbestellungen eine vollst\u00e4ndige Anpassung an.<\/span><\/li>\n<li><strong><span>Wie lange dauert die Lieferung?<\/span><\/strong><br \/>\n<span>Normalerweise 4-6 Wochen, abh\u00e4ngig von der Menge.<\/span><\/li>\n<li><strong><span>Liefern Sie auch an internationale Kunden?<\/span><\/strong><br \/>\n<span>Ja, wir exportieren weltweit und verf\u00fcgen \u00fcber Erfahrung mit der Exportdokumentation.<\/span><\/li>\n<li><strong><span>Kann ich mein Firmenlogo auf dem Produkt anbringen?<\/span><\/strong><br \/>\n<span>Ja, wir bieten Branding und Private Labeling an.<\/span><\/li>\n<li><strong><span>Ist die Oberfl\u00e4che lebensmittelecht?<\/span><\/strong><br \/>\n<span>Ja, insbesondere bei Verwendung von elektropoliertem Edelstahl 304\/316.<\/span><\/li>\n<li><strong><span>Welche Pr\u00fcfungen werden durchgef\u00fchrt?<\/span><\/strong><br \/>\n<span>Wir f\u00fchren Ma\u00df-, Zugfestigkeits- und Oberfl\u00e4chenpr\u00fcfungen durch.<\/span><\/li>\n<li><strong><span>Werden Zertifikate bereitgestellt?<\/span><\/strong><br \/>\n<span>Ja, es sind Materialpr\u00fcfzeugnisse und Berichte zur Oberfl\u00e4chenbeschaffenheit verf\u00fcgbar.<\/span><\/li>\n<li><strong><span>Liefern Sie Montagezubeh\u00f6r?<\/span><\/strong><br \/>\n<span>Auf Anfrage liefern wir gerne Schrauben, Unterlegscheiben und D\u00fcbel.<\/span><\/li>\n<li><strong><span>Kann ich Ihre Fabrik besichtigen?<\/span><\/strong><br \/>\n<span>Selbstverst\u00e4ndlich. Wir begr\u00fc\u00dfen Kundenaudits und -inspektionen.<\/span><\/li>\n<\/ol>\n<p><strong><span>Kundenreferenz<\/span><\/strong><\/p>\n<p><span>\u201eWir beziehen seit f\u00fcnf Jahren Edelstahl-Rohrschellen von diesem Unternehmen. Qualit\u00e4t, Zuverl\u00e4ssigkeit und Support waren stets hervorragend. Bestellungen werden effizient bearbeitet, und das Team versteht die Exportlogistik bestens.\u201c \u2013\u00a0\u00a0<\/span><strong><span>John M., Florida, USA<\/span><\/strong><\/p>\n<p><strong><span>Glossar der Begriffe<\/span><\/strong><\/p>\n<ul data-spread=\"false\">\n<li><strong><span>Elektropolieren<\/span><\/strong><span>\u00a0: Ein Verfahren zur Verbesserung der Oberfl\u00e4chenbeschaffenheit und Korrosionsbest\u00e4ndigkeit.<\/span><\/li>\n<li><strong><span>Zugfestigkeit<\/span><\/strong><span>\u00a0: Die maximale Spannung, der ein Material beim Dehnen standhalten kann.<\/span><\/li>\n<li><strong><span>Ra (Durchschnittsrauheit)<\/span><\/strong><span>\u00a0: Ein Ma\u00df f\u00fcr die Oberfl\u00e4chenbeschaffenheit.<\/span><\/li>\n<li><strong><span>Sattelklemme<\/span><\/strong><span>\u00a0: Eine Rohrst\u00fctzklemme in Sattelform zum Befestigen von Rohren an Oberfl\u00e4chen.<\/span><\/li>\n<li><strong><span>ISO\/ASTM\/JIS<\/span><\/strong><span>\u00a0: Internationale Material- und Fertigungsstandards.<\/span><\/li>\n<\/ul>\n<p><strong><span>Verpackung &amp; Versand<\/span><\/strong><\/p>\n<ul data-spread=\"false\">\n<li><span>Standardm\u00e4\u00dfige Gro\u00dfverpackung in feuchtigkeitsbest\u00e4ndigen Kartons<\/span><\/li>\n<li><span>Individuelle Verpackung mit Etiketten und Barcodes f\u00fcr Gro\u00dfbestellungen<\/span><\/li>\n<li><span>Palettiert und in Schrumpffolie verpackt f\u00fcr den Export<\/span><\/li>\n<li><span>Versand per See-\/Luftfracht mit Unterst\u00fctzung aller Dokumente<\/span><\/li>\n<\/ul>\n<p><strong>\u00a0<\/strong><\/p>\n<p><span>M\u00f6chten Sie eine Bestellung aufgeben oder ben\u00f6tigen Sie technische Unterst\u00fctzung? \ud83d\udce9\u00a0\u00a0<\/span><strong><span>Senden Sie uns eine E-Mail<\/span><\/strong><span>\u00a0, eine WhatsApp oder fordern Sie unsere Brosch\u00fcre an.<\/span><\/p>\n","protected":false},"featured_media":14557,"template":"","meta":[],"product_brand":[],"product_cat":[304],"product_tag":[],"class_list":{"0":"post-15047","1":"product","2":"type-product","3":"status-publish","4":"has-post-thumbnail","6":"product_cat-unkategorisiert","8":"first","9":"instock","10":"shipping-taxable","11":"product-type-simple"},"yoast_head":"<!-- This site is optimized with the Yoast SEO plugin v25.9 - https:\/\/yoast.com\/wordpress\/plugins\/seo\/ -->\n<title>Edelstahl-Rohrschellen | Edelstahl-Rohrs\u00e4ttel<\/title>\n<meta name=\"description\" content=\"Conex ist ein Hersteller und Lieferant von Rohrschellen und Rohrst\u00fctzs\u00e4tteln aus Edelstahl sowie Kabelkanalklemmen aus Indien. Pr\u00e4zisionsgefertigte Halterschellen aus SS 304\/316. Gr\u00f6\u00dfen von 12\u202fmm bis 100\u202fmm und \u00bd&quot; bis 4&quot;. Schnelle Lieferung, weltweiter Export und individuelle Anpassung m\u00f6glich.\" \/>\n<meta name=\"robots\" content=\"index, follow, max-snippet:-1, max-image-preview:large, max-video-preview:-1\" \/>\n<link rel=\"canonical\" href=\"https:\/\/conexmetals.com\/de\/produkt\/edelstahl-rohrschellen-edelstahl-rohrsaettel\/\" \/>\n<script type=\"application\/ld+json\" class=\"yoast-schema-graph\">{\"@context\":\"https:\/\/schema.org\",\"@graph\":[{\"@type\":\"WebPage\",\"@id\":\"https:\/\/conexmetals.com\/de\/produkt\/edelstahl-rohrschellen-edelstahl-rohrsaettel\/\",\"url\":\"https:\/\/conexmetals.com\/de\/produkt\/edelstahl-rohrschellen-edelstahl-rohrsaettel\/\",\"name\":\"Edelstahl-Rohrschellen | Edelstahl-Rohrs\u00e4ttel\",\"isPartOf\":{\"@id\":\"https:\/\/conexmetals.com\/de\/#website\"},\"primaryImageOfPage\":{\"@id\":\"https:\/\/conexmetals.com\/de\/produkt\/edelstahl-rohrschellen-edelstahl-rohrsaettel\/#primaryimage\"},\"image\":{\"@id\":\"https:\/\/conexmetals.com\/de\/produkt\/edelstahl-rohrschellen-edelstahl-rohrsaettel\/#primaryimage\"},\"thumbnailUrl\":\"https:\/\/conexmetals.com\/wp-content\/uploads\/2025\/06\/Edelstahl-Rohrschellen.webp\",\"datePublished\":\"2025-04-02T11:43:56+00:00\",\"dateModified\":\"2025-06-09T06:59:37+00:00\",\"description\":\"Conex ist ein Hersteller und Lieferant von Rohrschellen und Rohrst\u00fctzs\u00e4tteln aus Edelstahl sowie Kabelkanalklemmen aus Indien. Pr\u00e4zisionsgefertigte Halterschellen aus SS 304\/316. Gr\u00f6\u00dfen von 12\u202fmm bis 100\u202fmm und \u00bd\\\" bis 4\\\". Schnelle Lieferung, weltweiter Export und individuelle Anpassung m\u00f6glich.\",\"breadcrumb\":{\"@id\":\"https:\/\/conexmetals.com\/de\/produkt\/edelstahl-rohrschellen-edelstahl-rohrsaettel\/#breadcrumb\"},\"inLanguage\":\"de\",\"potentialAction\":[{\"@type\":\"ReadAction\",\"target\":[\"https:\/\/conexmetals.com\/de\/produkt\/edelstahl-rohrschellen-edelstahl-rohrsaettel\/\"]}]},{\"@type\":\"ImageObject\",\"inLanguage\":\"de\",\"@id\":\"https:\/\/conexmetals.com\/de\/produkt\/edelstahl-rohrschellen-edelstahl-rohrsaettel\/#primaryimage\",\"url\":\"https:\/\/conexmetals.com\/wp-content\/uploads\/2025\/06\/Edelstahl-Rohrschellen.webp\",\"contentUrl\":\"https:\/\/conexmetals.com\/wp-content\/uploads\/2025\/06\/Edelstahl-Rohrschellen.webp\",\"width\":500,\"height\":500,\"caption\":\"Edelstahl-Rohrschellen\"},{\"@type\":\"BreadcrumbList\",\"@id\":\"https:\/\/conexmetals.com\/de\/produkt\/edelstahl-rohrschellen-edelstahl-rohrsaettel\/#breadcrumb\",\"itemListElement\":[{\"@type\":\"ListItem\",\"position\":1,\"name\":\"Home\",\"item\":\"https:\/\/conexmetals.com\/de\/\"},{\"@type\":\"ListItem\",\"position\":2,\"name\":\"Produkte\",\"item\":\"https:\/\/conexmetals.com\/de\/produkte\/\"},{\"@type\":\"ListItem\",\"position\":3,\"name\":\"Edelstahl-Rohrschellen | Edelstahl-Rohrs\u00e4ttel\"}]},{\"@type\":\"WebSite\",\"@id\":\"https:\/\/conexmetals.com\/de\/#website\",\"url\":\"https:\/\/conexmetals.com\/de\/\",\"name\":\"Conex Metals Brass Fittings Brass Parts Copper Parts Brass Components Brass Plumbing Fittings India\",\"description\":\"Manufacturer of Bronze Fittings casting Copper Brass parts components\",\"publisher\":{\"@id\":\"https:\/\/conexmetals.com\/de\/#organization\"},\"potentialAction\":[{\"@type\":\"SearchAction\",\"target\":{\"@type\":\"EntryPoint\",\"urlTemplate\":\"https:\/\/conexmetals.com\/de\/?s={search_term_string}\"},\"query-input\":{\"@type\":\"PropertyValueSpecification\",\"valueRequired\":true,\"valueName\":\"search_term_string\"}}],\"inLanguage\":\"de\"},{\"@type\":\"Organization\",\"@id\":\"https:\/\/conexmetals.com\/de\/#organization\",\"name\":\"Conex Metals Brass Fittings Brass Parts Copper Parts Brass Components Brass Plumbing Fittings India\",\"url\":\"https:\/\/conexmetals.com\/de\/\",\"logo\":{\"@type\":\"ImageObject\",\"inLanguage\":\"de\",\"@id\":\"https:\/\/conexmetals.com\/de\/#\/schema\/logo\/image\/\",\"url\":\"https:\/\/conexmetals.com\/wp-content\/uploads\/2025\/05\/conex-metals-logo.webp\",\"contentUrl\":\"https:\/\/conexmetals.com\/wp-content\/uploads\/2025\/05\/conex-metals-logo.webp\",\"width\":300,\"height\":121,\"caption\":\"Conex Metals Brass Fittings Brass Parts Copper Parts Brass Components Brass Plumbing Fittings India\"},\"image\":{\"@id\":\"https:\/\/conexmetals.com\/de\/#\/schema\/logo\/image\/\"},\"sameAs\":[\"https:\/\/www.facebook.com\/conexbrass\",\"https:\/\/x.com\/conexindia\",\"https:\/\/www.linkedin.com\/company\/conex-metals-india\/\",\"https:\/\/www.instagram.com\/conexindia\/\"]}]}<\/script>\n<!-- \/ Yoast SEO plugin. -->","yoast_head_json":{"title":"Edelstahl-Rohrschellen | Edelstahl-Rohrs\u00e4ttel","description":"Conex ist ein Hersteller und Lieferant von Rohrschellen und Rohrst\u00fctzs\u00e4tteln aus Edelstahl sowie Kabelkanalklemmen aus Indien. Pr\u00e4zisionsgefertigte Halterschellen aus SS 304\/316. Gr\u00f6\u00dfen von 12\u202fmm bis 100\u202fmm und \u00bd\" bis 4\". Schnelle Lieferung, weltweiter Export und individuelle Anpassung m\u00f6glich.","robots":{"index":"index","follow":"follow","max-snippet":"max-snippet:-1","max-image-preview":"max-image-preview:large","max-video-preview":"max-video-preview:-1"},"canonical":"https:\/\/conexmetals.com\/de\/produkt\/edelstahl-rohrschellen-edelstahl-rohrsaettel\/","schema":{"@context":"https:\/\/schema.org","@graph":[{"@type":"WebPage","@id":"https:\/\/conexmetals.com\/de\/produkt\/edelstahl-rohrschellen-edelstahl-rohrsaettel\/","url":"https:\/\/conexmetals.com\/de\/produkt\/edelstahl-rohrschellen-edelstahl-rohrsaettel\/","name":"Edelstahl-Rohrschellen | Edelstahl-Rohrs\u00e4ttel","isPartOf":{"@id":"https:\/\/conexmetals.com\/de\/#website"},"primaryImageOfPage":{"@id":"https:\/\/conexmetals.com\/de\/produkt\/edelstahl-rohrschellen-edelstahl-rohrsaettel\/#primaryimage"},"image":{"@id":"https:\/\/conexmetals.com\/de\/produkt\/edelstahl-rohrschellen-edelstahl-rohrsaettel\/#primaryimage"},"thumbnailUrl":"https:\/\/conexmetals.com\/wp-content\/uploads\/2025\/06\/Edelstahl-Rohrschellen.webp","datePublished":"2025-04-02T11:43:56+00:00","dateModified":"2025-06-09T06:59:37+00:00","description":"Conex ist ein Hersteller und Lieferant von Rohrschellen und Rohrst\u00fctzs\u00e4tteln aus Edelstahl sowie Kabelkanalklemmen aus Indien. Pr\u00e4zisionsgefertigte Halterschellen aus SS 304\/316. Gr\u00f6\u00dfen von 12\u202fmm bis 100\u202fmm und \u00bd\" bis 4\". Schnelle Lieferung, weltweiter Export und individuelle Anpassung m\u00f6glich.","breadcrumb":{"@id":"https:\/\/conexmetals.com\/de\/produkt\/edelstahl-rohrschellen-edelstahl-rohrsaettel\/#breadcrumb"},"inLanguage":"de","potentialAction":[{"@type":"ReadAction","target":["https:\/\/conexmetals.com\/de\/produkt\/edelstahl-rohrschellen-edelstahl-rohrsaettel\/"]}]},{"@type":"ImageObject","inLanguage":"de","@id":"https:\/\/conexmetals.com\/de\/produkt\/edelstahl-rohrschellen-edelstahl-rohrsaettel\/#primaryimage","url":"https:\/\/conexmetals.com\/wp-content\/uploads\/2025\/06\/Edelstahl-Rohrschellen.webp","contentUrl":"https:\/\/conexmetals.com\/wp-content\/uploads\/2025\/06\/Edelstahl-Rohrschellen.webp","width":500,"height":500,"caption":"Edelstahl-Rohrschellen"},{"@type":"BreadcrumbList","@id":"https:\/\/conexmetals.com\/de\/produkt\/edelstahl-rohrschellen-edelstahl-rohrsaettel\/#breadcrumb","itemListElement":[{"@type":"ListItem","position":1,"name":"Home","item":"https:\/\/conexmetals.com\/de\/"},{"@type":"ListItem","position":2,"name":"Produkte","item":"https:\/\/conexmetals.com\/de\/produkte\/"},{"@type":"ListItem","position":3,"name":"Edelstahl-Rohrschellen | Edelstahl-Rohrs\u00e4ttel"}]},{"@type":"WebSite","@id":"https:\/\/conexmetals.com\/de\/#website","url":"https:\/\/conexmetals.com\/de\/","name":"Conex Metals Brass Fittings Brass Parts Copper Parts Brass Components Brass Plumbing Fittings India","description":"Manufacturer of Bronze Fittings casting Copper Brass parts components","publisher":{"@id":"https:\/\/conexmetals.com\/de\/#organization"},"potentialAction":[{"@type":"SearchAction","target":{"@type":"EntryPoint","urlTemplate":"https:\/\/conexmetals.com\/de\/?s={search_term_string}"},"query-input":{"@type":"PropertyValueSpecification","valueRequired":true,"valueName":"search_term_string"}}],"inLanguage":"de"},{"@type":"Organization","@id":"https:\/\/conexmetals.com\/de\/#organization","name":"Conex Metals Brass Fittings Brass Parts Copper Parts Brass Components Brass Plumbing Fittings India","url":"https:\/\/conexmetals.com\/de\/","logo":{"@type":"ImageObject","inLanguage":"de","@id":"https:\/\/conexmetals.com\/de\/#\/schema\/logo\/image\/","url":"https:\/\/conexmetals.com\/wp-content\/uploads\/2025\/05\/conex-metals-logo.webp","contentUrl":"https:\/\/conexmetals.com\/wp-content\/uploads\/2025\/05\/conex-metals-logo.webp","width":300,"height":121,"caption":"Conex Metals Brass Fittings Brass Parts Copper Parts Brass Components Brass Plumbing Fittings India"},"image":{"@id":"https:\/\/conexmetals.com\/de\/#\/schema\/logo\/image\/"},"sameAs":["https:\/\/www.facebook.com\/conexbrass","https:\/\/x.com\/conexindia","https:\/\/www.linkedin.com\/company\/conex-metals-india\/","https:\/\/www.instagram.com\/conexindia\/"]}]}},"_links":{"self":[{"href":"https:\/\/conexmetals.com\/de\/wp-json\/wp\/v2\/product\/15047","targetHints":{"allow":["GET"]}}],"collection":[{"href":"https:\/\/conexmetals.com\/de\/wp-json\/wp\/v2\/product"}],"about":[{"href":"https:\/\/conexmetals.com\/de\/wp-json\/wp\/v2\/types\/product"}],"wp:featuredmedia":[{"embeddable":true,"href":"https:\/\/conexmetals.com\/de\/wp-json\/wp\/v2\/media\/14557"}],"wp:attachment":[{"href":"https:\/\/conexmetals.com\/de\/wp-json\/wp\/v2\/media?parent=15047"}],"wp:term":[{"taxonomy":"product_brand","embeddable":true,"href":"https:\/\/conexmetals.com\/de\/wp-json\/wp\/v2\/product_brand?post=15047"},{"taxonomy":"product_cat","embeddable":true,"href":"https:\/\/conexmetals.com\/de\/wp-json\/wp\/v2\/product_cat?post=15047"},{"taxonomy":"product_tag","embeddable":true,"href":"https:\/\/conexmetals.com\/de\/wp-json\/wp\/v2\/product_tag?post=15047"}],"curies":[{"name":"wp","href":"https:\/\/api.w.org\/{rel}","templated":true}]}}