{"id":9982,"date":"2024-07-29T19:36:19","date_gmt":"2024-07-29T14:06:19","guid":{"rendered":"https:\/\/conexmetals.com\/product\/erdungsstangenkupplungen-kompressionstyp\/"},"modified":"2024-12-19T18:15:03","modified_gmt":"2024-12-19T12:45:03","slug":"kompressionsmuffen-fuer-kupfererdungsstaebe","status":"publish","type":"product","link":"https:\/\/conexmetals.com\/de\/produkt\/kompressionsmuffen-fuer-kupfererdungsstaebe\/","title":{"rendered":"Kompressionsmuffen f\u00fcr Kupfererdungsst\u00e4be"},"content":{"rendered":"","protected":false},"excerpt":{"rendered":"<p>Dabei handelt es sich um gewindelose Kompressionsmuffen zur Verwendung mit spitzen, kupfergebundenen Erdungsst\u00e4ben.<\/p>\n<p>Kompressionserdungsmuffen spielen in elektrischen Erdungssystemen eine entscheidende Rolle, insbesondere bei der Arbeit mit Kupfererdungsst\u00e4ben. Diese wesentlichen Komponenten erm\u00f6glichen die Verl\u00e4ngerung von Erdungsst\u00e4ben und gew\u00e4hrleisten eine robuste und zuverl\u00e4ssige Erdungsl\u00f6sung f\u00fcr verschiedene elektrische Anwendungen.<\/p>\n<p>Die Innenseite der Erdungskupplung aus Bronze ist konisch, sodass der Erdungsstab w\u00e4hrend der Installation komprimiert wird und eine irreversible leitf\u00e4hige Verbindung entsteht.<\/p>\n<p>Die Erdungsstabkupplungen bestehen aus C95600 und anderen \u00e4hnlichen Sorten von Siliziumbronze.<\/p>\n<table id=\"tablepress-330\" class=\"tablepress tablepress-id-330\">\n<caption>\u00a0<\/caption>\n<thead>\n<tr class=\"row-1 odd\">\n<th class=\"column-1\" colspan=\"4\">Kompressionsmuffen f\u00fcr Kupfererdungsst\u00e4be<\/th>\n<\/tr>\n<\/thead>\n<tbody class=\"row-hover\">\n<tr class=\"row-2 even\">\n<td class=\"column-1\">Conex-Erdungsstangenkupplungen<\/td>\n<td class=\"column-2\">Nenndurchmesser des Erdungsstabs<\/td>\n<td class=\"column-3\">L\u00e4nge (L)<\/td>\n<td class=\"column-4\">St\u00fcckgewicht<\/td>\n<\/tr>\n<tr class=\"row-3 odd\">\n<td class=\"column-1\">CC12<\/td>\n<td class=\"column-2\">1\/2 Zoll<\/td>\n<td class=\"column-3\">2 3\/4 Zoll<\/td>\n<td class=\"column-4\">0,28 Pfund<\/td>\n<\/tr>\n<tr class=\"row-4 even\">\n<td class=\"column-1\">CC34<\/td>\n<td class=\"column-2\">3\/4 Zoll<\/td>\n<td class=\"column-3\">2 3\/4 Zoll<\/td>\n<td class=\"column-4\">0,45 Pfund<\/td>\n<\/tr>\n<tr class=\"row-5 odd\">\n<td class=\"column-1\">CC58<\/td>\n<td class=\"column-2\">5\/8 Zoll<\/td>\n<td class=\"column-3\">23\/4&#8243;<\/td>\n<td class=\"column-4\">0,30 Pfund<\/td>\n<\/tr>\n<\/tbody>\n<\/table>\n<p>Wir k\u00f6nnen auch Bronze-Kompressionskupplungen gem\u00e4\u00df Kundenentw\u00fcrfen und -aufdrucken anbieten.<\/p>\n","protected":false},"featured_media":9468,"template":"","meta":[],"product_brand":[],"product_cat":[489],"product_tag":[],"class_list":{"0":"post-9982","1":"product","2":"type-product","3":"status-publish","4":"has-post-thumbnail","6":"product_cat-kupplungen","8":"first","9":"instock","10":"shipping-taxable","11":"product-type-simple"},"yoast_head":"<!-- This site is optimized with the Yoast SEO plugin v27.3 - https:\/\/yoast.com\/product\/yoast-seo-wordpress\/ -->\n<title>Kompressionsmuffen f\u00fcr Kupfererdungsst\u00e4be<\/title>\n<meta name=\"description\" content=\"Kompressionskupplungen f\u00fcr Erdungsst\u00e4be von Conex Metals Indien. Unsere Bronze-Gie\u00dferei produziert hochwertige Erdungsstab-Kupplungen, die mit der Kompressions-Pressmethode verwendet werden. Wir sind f\u00fchrender Hersteller und Exporteur von Bronze-Erdungsstab-Kupplungen und anderen Erdungszubeh\u00f6rteilen\" \/>\n<meta name=\"robots\" content=\"index, follow, max-snippet:-1, max-image-preview:large, max-video-preview:-1\" \/>\n<link rel=\"canonical\" href=\"https:\/\/conexmetals.com\/de\/produkt\/kompressionsmuffen-fuer-kupfererdungsstaebe\/\" \/>\n<script type=\"application\/ld+json\" class=\"yoast-schema-graph\">{\"@context\":\"https:\\\/\\\/schema.org\",\"@graph\":[{\"@type\":\"WebPage\",\"@id\":\"https:\\\/\\\/conexmetals.com\\\/de\\\/produkt\\\/kompressionsmuffen-fuer-kupfererdungsstaebe\\\/\",\"url\":\"https:\\\/\\\/conexmetals.com\\\/de\\\/produkt\\\/kompressionsmuffen-fuer-kupfererdungsstaebe\\\/\",\"name\":\"Kompressionsmuffen f\u00fcr Kupfererdungsst\u00e4be\",\"isPartOf\":{\"@id\":\"https:\\\/\\\/conexmetals.com\\\/de\\\/#website\"},\"primaryImageOfPage\":{\"@id\":\"https:\\\/\\\/conexmetals.com\\\/de\\\/produkt\\\/kompressionsmuffen-fuer-kupfererdungsstaebe\\\/#primaryimage\"},\"image\":{\"@id\":\"https:\\\/\\\/conexmetals.com\\\/de\\\/produkt\\\/kompressionsmuffen-fuer-kupfererdungsstaebe\\\/#primaryimage\"},\"thumbnailUrl\":\"https:\\\/\\\/conexmetals.com\\\/wp-content\\\/uploads\\\/2024\\\/12\\\/Erdungsstab-Kupplungen-Kompressionstyp.webp\",\"datePublished\":\"2024-07-29T14:06:19+00:00\",\"dateModified\":\"2024-12-19T12:45:03+00:00\",\"description\":\"Kompressionskupplungen f\u00fcr Erdungsst\u00e4be von Conex Metals Indien. Unsere Bronze-Gie\u00dferei produziert hochwertige Erdungsstab-Kupplungen, die mit der Kompressions-Pressmethode verwendet werden. Wir sind f\u00fchrender Hersteller und Exporteur von Bronze-Erdungsstab-Kupplungen und anderen Erdungszubeh\u00f6rteilen\",\"breadcrumb\":{\"@id\":\"https:\\\/\\\/conexmetals.com\\\/de\\\/produkt\\\/kompressionsmuffen-fuer-kupfererdungsstaebe\\\/#breadcrumb\"},\"inLanguage\":\"de\",\"potentialAction\":[{\"@type\":\"ReadAction\",\"target\":[\"https:\\\/\\\/conexmetals.com\\\/de\\\/produkt\\\/kompressionsmuffen-fuer-kupfererdungsstaebe\\\/\"]}]},{\"@type\":\"ImageObject\",\"inLanguage\":\"de\",\"@id\":\"https:\\\/\\\/conexmetals.com\\\/de\\\/produkt\\\/kompressionsmuffen-fuer-kupfererdungsstaebe\\\/#primaryimage\",\"url\":\"https:\\\/\\\/conexmetals.com\\\/wp-content\\\/uploads\\\/2024\\\/12\\\/Erdungsstab-Kupplungen-Kompressionstyp.webp\",\"contentUrl\":\"https:\\\/\\\/conexmetals.com\\\/wp-content\\\/uploads\\\/2024\\\/12\\\/Erdungsstab-Kupplungen-Kompressionstyp.webp\",\"width\":800,\"height\":800,\"caption\":\"Erdungsstab-Kupplungen Kompressionstyp\"},{\"@type\":\"BreadcrumbList\",\"@id\":\"https:\\\/\\\/conexmetals.com\\\/de\\\/produkt\\\/kompressionsmuffen-fuer-kupfererdungsstaebe\\\/#breadcrumb\",\"itemListElement\":[{\"@type\":\"ListItem\",\"position\":1,\"name\":\"Home\",\"item\":\"https:\\\/\\\/conexmetals.com\\\/de\\\/heim\\\/\"},{\"@type\":\"ListItem\",\"position\":2,\"name\":\"Products\",\"item\":\"https:\\\/\\\/conexmetals.com\\\/products\\\/\"},{\"@type\":\"ListItem\",\"position\":3,\"name\":\"Kompressionsmuffen f\u00fcr Kupfererdungsst\u00e4be\"}]},{\"@type\":\"WebSite\",\"@id\":\"https:\\\/\\\/conexmetals.com\\\/de\\\/#website\",\"url\":\"https:\\\/\\\/conexmetals.com\\\/de\\\/\",\"name\":\"Conex Metals Brass Fittings Brass Parts Copper Parts Brass Components Brass Plumbing Fittings India\",\"description\":\"Manufacturer of Bronze Fittings casting Copper Brass parts components\",\"publisher\":{\"@id\":\"https:\\\/\\\/conexmetals.com\\\/de\\\/#organization\"},\"potentialAction\":[{\"@type\":\"SearchAction\",\"target\":{\"@type\":\"EntryPoint\",\"urlTemplate\":\"https:\\\/\\\/conexmetals.com\\\/de\\\/?s={search_term_string}\"},\"query-input\":{\"@type\":\"PropertyValueSpecification\",\"valueRequired\":true,\"valueName\":\"search_term_string\"}}],\"inLanguage\":\"de\"},{\"@type\":\"Organization\",\"@id\":\"https:\\\/\\\/conexmetals.com\\\/de\\\/#organization\",\"name\":\"Conex Metals Brass Fittings Brass Parts Copper Parts Brass Components Brass Plumbing Fittings India\",\"url\":\"https:\\\/\\\/conexmetals.com\\\/de\\\/\",\"logo\":{\"@type\":\"ImageObject\",\"inLanguage\":\"de\",\"@id\":\"https:\\\/\\\/conexmetals.com\\\/de\\\/#\\\/schema\\\/logo\\\/image\\\/\",\"url\":\"https:\\\/\\\/conexmetals.com\\\/wp-content\\\/uploads\\\/2024\\\/03\\\/conex-metals-logo.webp\",\"contentUrl\":\"https:\\\/\\\/conexmetals.com\\\/wp-content\\\/uploads\\\/2024\\\/03\\\/conex-metals-logo.webp\",\"width\":300,\"height\":121,\"caption\":\"Conex Metals Brass Fittings Brass Parts Copper Parts Brass Components Brass Plumbing Fittings India\"},\"image\":{\"@id\":\"https:\\\/\\\/conexmetals.com\\\/de\\\/#\\\/schema\\\/logo\\\/image\\\/\"},\"sameAs\":[\"https:\\\/\\\/www.facebook.com\\\/conexbrass\",\"https:\\\/\\\/x.com\\\/conexindia\",\"https:\\\/\\\/www.linkedin.com\\\/company\\\/conex-metals-india\\\/\",\"https:\\\/\\\/www.instagram.com\\\/conexindia\\\/\"]}]}<\/script>\n<!-- \/ Yoast SEO plugin. -->","yoast_head_json":{"title":"Kompressionsmuffen f\u00fcr Kupfererdungsst\u00e4be","description":"Kompressionskupplungen f\u00fcr Erdungsst\u00e4be von Conex Metals Indien. Unsere Bronze-Gie\u00dferei produziert hochwertige Erdungsstab-Kupplungen, die mit der Kompressions-Pressmethode verwendet werden. Wir sind f\u00fchrender Hersteller und Exporteur von Bronze-Erdungsstab-Kupplungen und anderen Erdungszubeh\u00f6rteilen","robots":{"index":"index","follow":"follow","max-snippet":"max-snippet:-1","max-image-preview":"max-image-preview:large","max-video-preview":"max-video-preview:-1"},"canonical":"https:\/\/conexmetals.com\/de\/produkt\/kompressionsmuffen-fuer-kupfererdungsstaebe\/","schema":{"@context":"https:\/\/schema.org","@graph":[{"@type":"WebPage","@id":"https:\/\/conexmetals.com\/de\/produkt\/kompressionsmuffen-fuer-kupfererdungsstaebe\/","url":"https:\/\/conexmetals.com\/de\/produkt\/kompressionsmuffen-fuer-kupfererdungsstaebe\/","name":"Kompressionsmuffen f\u00fcr Kupfererdungsst\u00e4be","isPartOf":{"@id":"https:\/\/conexmetals.com\/de\/#website"},"primaryImageOfPage":{"@id":"https:\/\/conexmetals.com\/de\/produkt\/kompressionsmuffen-fuer-kupfererdungsstaebe\/#primaryimage"},"image":{"@id":"https:\/\/conexmetals.com\/de\/produkt\/kompressionsmuffen-fuer-kupfererdungsstaebe\/#primaryimage"},"thumbnailUrl":"https:\/\/conexmetals.com\/wp-content\/uploads\/2024\/12\/Erdungsstab-Kupplungen-Kompressionstyp.webp","datePublished":"2024-07-29T14:06:19+00:00","dateModified":"2024-12-19T12:45:03+00:00","description":"Kompressionskupplungen f\u00fcr Erdungsst\u00e4be von Conex Metals Indien. Unsere Bronze-Gie\u00dferei produziert hochwertige Erdungsstab-Kupplungen, die mit der Kompressions-Pressmethode verwendet werden. Wir sind f\u00fchrender Hersteller und Exporteur von Bronze-Erdungsstab-Kupplungen und anderen Erdungszubeh\u00f6rteilen","breadcrumb":{"@id":"https:\/\/conexmetals.com\/de\/produkt\/kompressionsmuffen-fuer-kupfererdungsstaebe\/#breadcrumb"},"inLanguage":"de","potentialAction":[{"@type":"ReadAction","target":["https:\/\/conexmetals.com\/de\/produkt\/kompressionsmuffen-fuer-kupfererdungsstaebe\/"]}]},{"@type":"ImageObject","inLanguage":"de","@id":"https:\/\/conexmetals.com\/de\/produkt\/kompressionsmuffen-fuer-kupfererdungsstaebe\/#primaryimage","url":"https:\/\/conexmetals.com\/wp-content\/uploads\/2024\/12\/Erdungsstab-Kupplungen-Kompressionstyp.webp","contentUrl":"https:\/\/conexmetals.com\/wp-content\/uploads\/2024\/12\/Erdungsstab-Kupplungen-Kompressionstyp.webp","width":800,"height":800,"caption":"Erdungsstab-Kupplungen Kompressionstyp"},{"@type":"BreadcrumbList","@id":"https:\/\/conexmetals.com\/de\/produkt\/kompressionsmuffen-fuer-kupfererdungsstaebe\/#breadcrumb","itemListElement":[{"@type":"ListItem","position":1,"name":"Home","item":"https:\/\/conexmetals.com\/de\/heim\/"},{"@type":"ListItem","position":2,"name":"Products","item":"https:\/\/conexmetals.com\/products\/"},{"@type":"ListItem","position":3,"name":"Kompressionsmuffen f\u00fcr Kupfererdungsst\u00e4be"}]},{"@type":"WebSite","@id":"https:\/\/conexmetals.com\/de\/#website","url":"https:\/\/conexmetals.com\/de\/","name":"Conex Metals Brass Fittings Brass Parts Copper Parts Brass Components Brass Plumbing Fittings India","description":"Manufacturer of Bronze Fittings casting Copper Brass parts components","publisher":{"@id":"https:\/\/conexmetals.com\/de\/#organization"},"potentialAction":[{"@type":"SearchAction","target":{"@type":"EntryPoint","urlTemplate":"https:\/\/conexmetals.com\/de\/?s={search_term_string}"},"query-input":{"@type":"PropertyValueSpecification","valueRequired":true,"valueName":"search_term_string"}}],"inLanguage":"de"},{"@type":"Organization","@id":"https:\/\/conexmetals.com\/de\/#organization","name":"Conex Metals Brass Fittings Brass Parts Copper Parts Brass Components Brass Plumbing Fittings India","url":"https:\/\/conexmetals.com\/de\/","logo":{"@type":"ImageObject","inLanguage":"de","@id":"https:\/\/conexmetals.com\/de\/#\/schema\/logo\/image\/","url":"https:\/\/conexmetals.com\/wp-content\/uploads\/2024\/03\/conex-metals-logo.webp","contentUrl":"https:\/\/conexmetals.com\/wp-content\/uploads\/2024\/03\/conex-metals-logo.webp","width":300,"height":121,"caption":"Conex Metals Brass Fittings Brass Parts Copper Parts Brass Components Brass Plumbing Fittings India"},"image":{"@id":"https:\/\/conexmetals.com\/de\/#\/schema\/logo\/image\/"},"sameAs":["https:\/\/www.facebook.com\/conexbrass","https:\/\/x.com\/conexindia","https:\/\/www.linkedin.com\/company\/conex-metals-india\/","https:\/\/www.instagram.com\/conexindia\/"]}]}},"_links":{"self":[{"href":"https:\/\/conexmetals.com\/de\/wp-json\/wp\/v2\/product\/9982","targetHints":{"allow":["GET"]}}],"collection":[{"href":"https:\/\/conexmetals.com\/de\/wp-json\/wp\/v2\/product"}],"about":[{"href":"https:\/\/conexmetals.com\/de\/wp-json\/wp\/v2\/types\/product"}],"wp:featuredmedia":[{"embeddable":true,"href":"https:\/\/conexmetals.com\/de\/wp-json\/wp\/v2\/media\/9468"}],"wp:attachment":[{"href":"https:\/\/conexmetals.com\/de\/wp-json\/wp\/v2\/media?parent=9982"}],"wp:term":[{"taxonomy":"product_brand","embeddable":true,"href":"https:\/\/conexmetals.com\/de\/wp-json\/wp\/v2\/product_brand?post=9982"},{"taxonomy":"product_cat","embeddable":true,"href":"https:\/\/conexmetals.com\/de\/wp-json\/wp\/v2\/product_cat?post=9982"},{"taxonomy":"product_tag","embeddable":true,"href":"https:\/\/conexmetals.com\/de\/wp-json\/wp\/v2\/product_tag?post=9982"}],"curies":[{"name":"wp","href":"https:\/\/api.w.org\/{rel}","templated":true}]}}