{"id":9989,"date":"2024-08-17T15:29:23","date_gmt":"2024-08-17T09:59:23","guid":{"rendered":"https:\/\/conexmetals.com\/product\/bronze-sechskantmuttern-siliziumbronze-muttern\/"},"modified":"2024-09-16T12:11:30","modified_gmt":"2024-09-16T06:41:30","slug":"bronze-sechskantmuttern-siliziumbronze-muttern","status":"publish","type":"product","link":"https:\/\/conexmetals.com\/de\/produkt\/bronze-sechskantmuttern-siliziumbronze-muttern\/","title":{"rendered":"Bronze-Sechskantmuttern Siliziumbronze-Muttern"},"content":{"rendered":"","protected":false},"excerpt":{"rendered":"<p class=\"font-600 text-lg font-bold\">Sechskantmuttern aus Siliziumbronze, Bronzemuttern.<\/p>\n<p class=\"font-600 text-lg font-bold\">Unsere hochwertigen kaltgeschmiedeten Bronze-Sechskantmuttern bieten beispiellose Leistung in korrosiven Umgebungen. Diese auf St\u00e4rke und Langlebigkeit ausgelegten Muttern aus Siliziumbronze sind die ideale Wahl f\u00fcr Schiffsanwendungen, die chemische Verarbeitung und andere anspruchsvolle industrielle Anwendungen.<\/p>\n<p class=\"font-600 text-lg font-bold\"><strong>Detaillierte Gr\u00f6\u00dfenangaben:<\/strong><\/p>\n[table id=\"362\" \/]\n<pre><\/pre>\n<p class=\"whitespace-pre-wrap break-words\">Hinweis: Alle Ma\u00dfe sind in Zoll angegeben. Metrische und UNF-Gewinde (fein) sind ebenfalls verf\u00fcgbar. Bitte kontaktieren Sie uns f\u00fcr spezifische UNF-Gr\u00f6\u00dfendetails.<\/p>\n<p class=\"font-600 text-lg font-bold\"><strong>Hauptmerkmale von Sechskantmuttern aus Siliziumbronze:<\/strong><\/p>\n<ul class=\"-mt-1 list-disc space-y-2 pl-8\">\n<li class=\"whitespace-normal break-words\"><strong>Material<\/strong> : Hochwertige Bronzelegierung (C65500 Siliziumbronze)<\/li>\n<li class=\"whitespace-normal break-words\"><strong>Korrosionsbest\u00e4ndig<\/strong> : Hervorragende Leistung in Salzwasser und aggressiven chemischen Umgebungen<\/li>\n<li class=\"whitespace-normal break-words\"><strong>Festigkeit<\/strong> : \u00dcberlegene Zugfestigkeit und Streckgrenze im Vergleich zu Standard-Messingmuttern<\/li>\n<li class=\"whitespace-normal break-words\"><strong>Temperaturbereich<\/strong> : -65 \u00b0F bis 400 \u00b0F (-54 \u00b0C bis 204 \u00b0C)<\/li>\n<li class=\"whitespace-normal break-words\"><strong>Finish<\/strong> : Nat\u00fcrliche Bronze, keine zus\u00e4tzliche Beschichtung erforderlich<\/li>\n<li class=\"whitespace-normal break-words\"><strong>Standards<\/strong> : Erf\u00fcllt oder \u00fcbertrifft die ASTM B98\/B98M-Spezifikationen<\/li>\n<\/ul>\n<p>&nbsp;<\/p>\n<p class=\"font-600 text-xl font-bold\"><strong>Produktspezifikationen:<\/strong><\/p>\n<table class=\"bg-bg-100 min-w-full border-separate border-spacing-0 text-sm leading-[1.88888]\">\n<thead class=\"border-b-border-100\/50 border-b-[0.5px] text-left\">\n<tr class=\"[tbody&gt;&amp;]:odd:bg-bg-500\/10\">\n<th class=\"text-text-000 [&amp;:not(:first-child)]:-x-[hsla(var(--border-100) \/ 0.5)] font-400 px-2 [&amp;:not(:first-child)]:border-l-[0.5px]\">Gr\u00f6\u00dfenbereich<\/th>\n<th class=\"text-text-000 [&amp;:not(:first-child)]:-x-[hsla(var(--border-100) \/ 0.5)] font-400 px-2 [&amp;:not(:first-child)]:border-l-[0.5px]\">Gewindearten<\/th>\n<th class=\"text-text-000 [&amp;:not(:first-child)]:-x-[hsla(var(--border-100) \/ 0.5)] font-400 px-2 [&amp;:not(:first-child)]:border-l-[0.5px]\">Zugfestigkeit<\/th>\n<th class=\"text-text-000 [&amp;:not(:first-child)]:-x-[hsla(var(--border-100) \/ 0.5)] font-400 px-2 [&amp;:not(:first-child)]:border-l-[0.5px]\">H\u00e4rte<\/th>\n<\/tr>\n<\/thead>\n<tbody>\n<tr class=\"[tbody&gt;&amp;]:odd:bg-bg-500\/10\">\n<td class=\"border-t-border-100\/50 [&amp;:not(:first-child)]:-x-[hsla(var(--border-100) \/ 0.5)] border-t-[0.5px] px-2 [&amp;:not(:first-child)]:border-l-[0.5px]\">#4 bis 2&#8243;<\/td>\n<td class=\"border-t-border-100\/50 [&amp;:not(:first-child)]:-x-[hsla(var(--border-100) \/ 0.5)] border-t-[0.5px] px-2 [&amp;:not(:first-child)]:border-l-[0.5px]\">UNC, UNF<\/td>\n<td class=\"border-t-border-100\/50 [&amp;:not(:first-child)]:-x-[hsla(var(--border-100) \/ 0.5)] border-t-[0.5px] px-2 [&amp;:not(:first-child)]:border-l-[0.5px]\">90.000 PSI<\/td>\n<td class=\"border-t-border-100\/50 [&amp;:not(:first-child)]:-x-[hsla(var(--border-100) \/ 0.5)] border-t-[0.5px] px-2 [&amp;:not(:first-child)]:border-l-[0.5px]\">75-85 HRB<\/td>\n<\/tr>\n<\/tbody>\n<\/table>\n<pre><\/pre>\n<p class=\"font-600 text-xl font-bold\"><strong>Anwendung von Bronze-Sechskantmuttern, Sicherungsmuttern und Kontrollmuttern aus Siliziumbronze<\/strong><\/p>\n<ul class=\"-mt-1 list-disc space-y-2 pl-8\">\n<li class=\"whitespace-normal break-words\">Schiffszubeh\u00f6r und Bootsbau<\/li>\n<li class=\"whitespace-normal break-words\">Offshore-\u00d6l- und Gasplattformen<\/li>\n<li class=\"whitespace-normal break-words\">Chemische Verarbeitungsanlagen<\/li>\n<li class=\"whitespace-normal break-words\">Maschinen f\u00fcr die Lebensmittelverarbeitung<\/li>\n<li class=\"whitespace-normal break-words\">Zellstoff- und Papierindustrie<\/li>\n<li class=\"whitespace-normal break-words\">Abwasserbehandlungsanlagen<\/li>\n<\/ul>\n<p>&nbsp;<\/p>\n<p class=\"font-600 text-xl font-bold\"><strong>Warum sollten Sie sich f\u00fcr unsere Sechskantmuttern aus Bronze entscheiden?<\/strong><\/p>\n<ol class=\"-mt-1 list-decimal space-y-2 pl-8\">\n<li class=\"whitespace-normal break-words\"><strong>Langlebigkeit<\/strong> : H\u00e4lt l\u00e4nger als Standardmuttern in korrosiven Umgebungen<\/li>\n<li class=\"whitespace-normal break-words\"><strong>Kosteng\u00fcnstig<\/strong> : Reduzieren Sie die Austauschh\u00e4ufigkeit und die damit verbundenen Arbeitskosten<\/li>\n<li class=\"whitespace-normal break-words\"><strong>Vielseitig<\/strong> : Geeignet f\u00fcr eine breite Palette industrieller Anwendungen<\/li>\n<li class=\"whitespace-normal break-words\"><strong>Gesicherte Qualit\u00e4t<\/strong> : Strenge Tests gew\u00e4hrleisten gleichbleibende Leistung<\/li>\n<li class=\"whitespace-normal break-words\"><strong>Experten-Support<\/strong> : Unser Team bietet technische Unterst\u00fctzung f\u00fcr Ihre spezifischen Anforderungen<\/li>\n<\/ol>\n<p>&nbsp;<\/p>\n<p class=\"font-600 text-xl font-bold\"><strong>Installationstipps:<\/strong><\/p>\n<ul class=\"-mt-1 list-disc space-y-2 pl-8\">\n<li class=\"whitespace-normal break-words\">F\u00fcr optimale Korrosionsbest\u00e4ndigkeit mit Bronze- oder Edelstahlbolzen verwenden<\/li>\n<li class=\"whitespace-normal break-words\">Tragen Sie ein Festfressen verhinderndes Mittel auf, um Festfressen bei Hochtemperaturanwendungen zu verhindern<\/li>\n<li class=\"whitespace-normal break-words\">F\u00fcr optimale Leistung das Drehmoment gem\u00e4\u00df den Herstellerangaben einstellen<\/li>\n<\/ul>\n<p>&nbsp;<\/p>\n<p class=\"font-600 text-xl font-bold\"><strong>Bestellinformationen:<\/strong><\/p>\n<ul class=\"-mt-1 list-disc space-y-2 pl-8\">\n<li class=\"whitespace-normal break-words\">In gro\u00dfen Mengen erh\u00e4ltlich<\/li>\n<li class=\"whitespace-normal break-words\">Sondergr\u00f6\u00dfen und Gewindesteigungen auf Anfrage erh\u00e4ltlich<\/li>\n<li class=\"whitespace-normal break-words\">Schnelle Versandoptionen f\u00fcr dringende Bedarfe<\/li>\n<\/ul>\n<p>&nbsp;<\/p>\n<p class=\"font-600 text-xl font-bold\"><strong>Verwandte Produkte:<\/strong><\/p>\n<ul class=\"-mt-1 list-disc space-y-2 pl-8\">\n<li class=\"whitespace-normal break-words\">Bronzene Sechskantschrauben<\/li>\n<li class=\"whitespace-normal break-words\">Bronzescheiben<\/li>\n<li class=\"whitespace-normal break-words\">Bronze-Gewindestangen<\/li>\n<\/ul>\n<p>&nbsp;<\/p>\n<p class=\"font-600 text-xl font-bold\"><strong>Ben\u00f6tigen Sie weitere Informationen?<\/strong><\/p>\n<p class=\"whitespace-pre-wrap break-words\">Unser Expertenteam unterst\u00fctzt Sie gerne bei der Auswahl der richtigen Bronze-Sechskantmuttern f\u00fcr Ihre Anwendung. Kontaktieren Sie uns noch heute f\u00fcr pers\u00f6nliche Unterst\u00fctzung und Beratung.<\/p>\n<p><strong>Verwandte Begriffe:<\/strong><\/p>\n<ul>\n<li class=\"whitespace-normal break-words\">Korrosionsbest\u00e4ndige Sechskantmuttern<\/li>\n<li class=\"whitespace-normal break-words\">Befestigungselemente in Marinequalit\u00e4t<\/li>\n<li class=\"whitespace-normal break-words\">C65500 Siliziumbronzemuttern<\/li>\n<li class=\"whitespace-normal break-words\">Hardware aus Kupferlegierung<\/li>\n<li class=\"whitespace-normal break-words\">Hochfeste Bronzemuttern<\/li>\n<li class=\"whitespace-normal break-words\">Salzwasserresistente N\u00fcsse<\/li>\n<li class=\"whitespace-normal break-words\">Nicht magnetische Verbindungselemente<\/li>\n<li class=\"whitespace-normal break-words\">Bronzene Bootsbeschl\u00e4ge<\/li>\n<li class=\"whitespace-normal break-words\">Chemikalienbest\u00e4ndige Sechskantmuttern<\/li>\n<li class=\"whitespace-normal break-words\">Verbindungselemente f\u00fcr die Offshore-Industrie<\/li>\n<li class=\"whitespace-normal break-words\">Schiffsbeschl\u00e4ge aus Siliziumbronze<\/li>\n<li class=\"whitespace-normal break-words\">Rostfreie Sechskantmuttern<\/li>\n<li class=\"whitespace-normal break-words\">Bronzene Industriebefestigungen<\/li>\n<li class=\"whitespace-normal break-words\">Wetterfeste Muttern<\/li>\n<li class=\"whitespace-normal break-words\">Gewindebefestigungen aus Siliziumbronze<\/li>\n<li class=\"whitespace-normal break-words\">Hardware f\u00fcr die K\u00fcstenumgebung<\/li>\n<li class=\"whitespace-normal break-words\">Funkenfreie Sechskantmuttern<\/li>\n<li class=\"whitespace-normal break-words\">Verbindungselemente aus Bronze<\/li>\n<li class=\"whitespace-normal break-words\">Langlebige Bronzemuttern<\/li>\n<li class=\"whitespace-normal break-words\">Hitzebest\u00e4ndige Bronze-Verbindungselemente<\/li>\n<li class=\"whitespace-normal break-words\">Schiffsbeschl\u00e4ge aus Siliziumbronze<\/li>\n<li class=\"whitespace-normal break-words\">Muttern aus Architekturbronze<\/li>\n<li class=\"whitespace-normal break-words\">Lebensmittelechte Bronzeverschl\u00fcsse<\/li>\n<li class=\"whitespace-normal break-words\">Festfressende Sechskantmuttern<\/li>\n<li class=\"whitespace-normal break-words\">Muttern aus Hochtemperaturbronze<\/li>\n<li class=\"whitespace-normal break-words\">Umweltfreundliche Metallverschl\u00fcsse<\/li>\n<li class=\"whitespace-normal break-words\">Sanit\u00e4rbeschl\u00e4ge aus Bronze<\/li>\n<li class=\"whitespace-normal break-words\">Seewasserbest\u00e4ndige Verbindungselemente<\/li>\n<li class=\"whitespace-normal break-words\">Schiffsschrauben und -muttern aus Siliziumbronze<\/li>\n<li class=\"whitespace-normal break-words\">Antimikrobielle Bronzebeschl\u00e4ge<\/li>\n<\/ul>\n","protected":false},"featured_media":13720,"template":"","meta":[],"product_brand":[],"product_cat":[23],"product_tag":[],"class_list":{"0":"post-9989","1":"product","2":"type-product","3":"status-publish","4":"has-post-thumbnail","6":"product_cat-products","8":"first","9":"instock","10":"shipping-taxable","11":"product-type-simple"},"yoast_head":"<!-- This site is optimized with the Yoast SEO plugin v27.3 - https:\/\/yoast.com\/product\/yoast-seo-wordpress\/ -->\n<title>Bronze-Sechskantmuttern Siliziumbronze-Muttern<\/title>\n<meta name=\"description\" content=\"Conex Metals ist ein f\u00fchrender Hersteller und Lieferant aus Indien, der sich auf Bronzemuttern, Muttern aus Siliziumbronze und Bronze-Schiffsmuttern spezialisiert hat. Als f\u00fchrender Hersteller von Muttern aus Siliziumbronze und Bronzemuttern in Indien decken wir mit unseren hochwertigen metrischen Bronzemuttern, Bronzebefestigungen und Bronzekupfermuttern eine breite Palette von Anforderungen ab. Vertrauen Sie Conex Metals, Ihrem zuverl\u00e4ssigen indischen Lieferanten f\u00fcr erstklassige Sechskantmuttern aus Bronze und andere langlebige Befestigungselemente.\" \/>\n<meta name=\"robots\" content=\"index, follow, max-snippet:-1, max-image-preview:large, max-video-preview:-1\" \/>\n<link rel=\"canonical\" href=\"https:\/\/conexmetals.com\/de\/produkt\/bronze-sechskantmuttern-siliziumbronze-muttern\/\" \/>\n<script type=\"application\/ld+json\" class=\"yoast-schema-graph\">{\"@context\":\"https:\\\/\\\/schema.org\",\"@graph\":[{\"@type\":\"WebPage\",\"@id\":\"https:\\\/\\\/conexmetals.com\\\/de\\\/produkt\\\/bronze-sechskantmuttern-siliziumbronze-muttern\\\/\",\"url\":\"https:\\\/\\\/conexmetals.com\\\/de\\\/produkt\\\/bronze-sechskantmuttern-siliziumbronze-muttern\\\/\",\"name\":\"Bronze-Sechskantmuttern Siliziumbronze-Muttern\",\"isPartOf\":{\"@id\":\"https:\\\/\\\/conexmetals.com\\\/de\\\/#website\"},\"primaryImageOfPage\":{\"@id\":\"https:\\\/\\\/conexmetals.com\\\/de\\\/produkt\\\/bronze-sechskantmuttern-siliziumbronze-muttern\\\/#primaryimage\"},\"image\":{\"@id\":\"https:\\\/\\\/conexmetals.com\\\/de\\\/produkt\\\/bronze-sechskantmuttern-siliziumbronze-muttern\\\/#primaryimage\"},\"thumbnailUrl\":\"https:\\\/\\\/conexmetals.com\\\/wp-content\\\/uploads\\\/2024\\\/08\\\/Bronze-Hex-Nuts-Silicon-Bronze-Nuts-3.webp\",\"datePublished\":\"2024-08-17T09:59:23+00:00\",\"dateModified\":\"2024-09-16T06:41:30+00:00\",\"description\":\"Conex Metals ist ein f\u00fchrender Hersteller und Lieferant aus Indien, der sich auf Bronzemuttern, Muttern aus Siliziumbronze und Bronze-Schiffsmuttern spezialisiert hat. Als f\u00fchrender Hersteller von Muttern aus Siliziumbronze und Bronzemuttern in Indien decken wir mit unseren hochwertigen metrischen Bronzemuttern, Bronzebefestigungen und Bronzekupfermuttern eine breite Palette von Anforderungen ab. Vertrauen Sie Conex Metals, Ihrem zuverl\u00e4ssigen indischen Lieferanten f\u00fcr erstklassige Sechskantmuttern aus Bronze und andere langlebige Befestigungselemente.\",\"breadcrumb\":{\"@id\":\"https:\\\/\\\/conexmetals.com\\\/de\\\/produkt\\\/bronze-sechskantmuttern-siliziumbronze-muttern\\\/#breadcrumb\"},\"inLanguage\":\"de\",\"potentialAction\":[{\"@type\":\"ReadAction\",\"target\":[\"https:\\\/\\\/conexmetals.com\\\/de\\\/produkt\\\/bronze-sechskantmuttern-siliziumbronze-muttern\\\/\"]}]},{\"@type\":\"ImageObject\",\"inLanguage\":\"de\",\"@id\":\"https:\\\/\\\/conexmetals.com\\\/de\\\/produkt\\\/bronze-sechskantmuttern-siliziumbronze-muttern\\\/#primaryimage\",\"url\":\"https:\\\/\\\/conexmetals.com\\\/wp-content\\\/uploads\\\/2024\\\/08\\\/Bronze-Hex-Nuts-Silicon-Bronze-Nuts-3.webp\",\"contentUrl\":\"https:\\\/\\\/conexmetals.com\\\/wp-content\\\/uploads\\\/2024\\\/08\\\/Bronze-Hex-Nuts-Silicon-Bronze-Nuts-3.webp\",\"width\":350,\"height\":350,\"caption\":\"Bronze-Hex-Nuts-Silicon-Bronze-Nuts\"},{\"@type\":\"BreadcrumbList\",\"@id\":\"https:\\\/\\\/conexmetals.com\\\/de\\\/produkt\\\/bronze-sechskantmuttern-siliziumbronze-muttern\\\/#breadcrumb\",\"itemListElement\":[{\"@type\":\"ListItem\",\"position\":1,\"name\":\"Home\",\"item\":\"https:\\\/\\\/conexmetals.com\\\/de\\\/heim\\\/\"},{\"@type\":\"ListItem\",\"position\":2,\"name\":\"Products\",\"item\":\"https:\\\/\\\/conexmetals.com\\\/products\\\/\"},{\"@type\":\"ListItem\",\"position\":3,\"name\":\"Bronze-Sechskantmuttern Siliziumbronze-Muttern\"}]},{\"@type\":\"WebSite\",\"@id\":\"https:\\\/\\\/conexmetals.com\\\/de\\\/#website\",\"url\":\"https:\\\/\\\/conexmetals.com\\\/de\\\/\",\"name\":\"Conex Metals Brass Fittings Brass Parts Copper Parts Brass Components Brass Plumbing Fittings India\",\"description\":\"Manufacturer of Bronze Fittings casting Copper Brass parts components\",\"publisher\":{\"@id\":\"https:\\\/\\\/conexmetals.com\\\/de\\\/#organization\"},\"potentialAction\":[{\"@type\":\"SearchAction\",\"target\":{\"@type\":\"EntryPoint\",\"urlTemplate\":\"https:\\\/\\\/conexmetals.com\\\/de\\\/?s={search_term_string}\"},\"query-input\":{\"@type\":\"PropertyValueSpecification\",\"valueRequired\":true,\"valueName\":\"search_term_string\"}}],\"inLanguage\":\"de\"},{\"@type\":\"Organization\",\"@id\":\"https:\\\/\\\/conexmetals.com\\\/de\\\/#organization\",\"name\":\"Conex Metals Brass Fittings Brass Parts Copper Parts Brass Components Brass Plumbing Fittings India\",\"url\":\"https:\\\/\\\/conexmetals.com\\\/de\\\/\",\"logo\":{\"@type\":\"ImageObject\",\"inLanguage\":\"de\",\"@id\":\"https:\\\/\\\/conexmetals.com\\\/de\\\/#\\\/schema\\\/logo\\\/image\\\/\",\"url\":\"https:\\\/\\\/conexmetals.com\\\/wp-content\\\/uploads\\\/2024\\\/03\\\/conex-metals-logo.webp\",\"contentUrl\":\"https:\\\/\\\/conexmetals.com\\\/wp-content\\\/uploads\\\/2024\\\/03\\\/conex-metals-logo.webp\",\"width\":300,\"height\":121,\"caption\":\"Conex Metals Brass Fittings Brass Parts Copper Parts Brass Components Brass Plumbing Fittings India\"},\"image\":{\"@id\":\"https:\\\/\\\/conexmetals.com\\\/de\\\/#\\\/schema\\\/logo\\\/image\\\/\"},\"sameAs\":[\"https:\\\/\\\/www.facebook.com\\\/conexbrass\",\"https:\\\/\\\/x.com\\\/conexindia\",\"https:\\\/\\\/www.linkedin.com\\\/company\\\/conex-metals-india\\\/\",\"https:\\\/\\\/www.instagram.com\\\/conexindia\\\/\"]}]}<\/script>\n<!-- \/ Yoast SEO plugin. -->","yoast_head_json":{"title":"Bronze-Sechskantmuttern Siliziumbronze-Muttern","description":"Conex Metals ist ein f\u00fchrender Hersteller und Lieferant aus Indien, der sich auf Bronzemuttern, Muttern aus Siliziumbronze und Bronze-Schiffsmuttern spezialisiert hat. Als f\u00fchrender Hersteller von Muttern aus Siliziumbronze und Bronzemuttern in Indien decken wir mit unseren hochwertigen metrischen Bronzemuttern, Bronzebefestigungen und Bronzekupfermuttern eine breite Palette von Anforderungen ab. Vertrauen Sie Conex Metals, Ihrem zuverl\u00e4ssigen indischen Lieferanten f\u00fcr erstklassige Sechskantmuttern aus Bronze und andere langlebige Befestigungselemente.","robots":{"index":"index","follow":"follow","max-snippet":"max-snippet:-1","max-image-preview":"max-image-preview:large","max-video-preview":"max-video-preview:-1"},"canonical":"https:\/\/conexmetals.com\/de\/produkt\/bronze-sechskantmuttern-siliziumbronze-muttern\/","schema":{"@context":"https:\/\/schema.org","@graph":[{"@type":"WebPage","@id":"https:\/\/conexmetals.com\/de\/produkt\/bronze-sechskantmuttern-siliziumbronze-muttern\/","url":"https:\/\/conexmetals.com\/de\/produkt\/bronze-sechskantmuttern-siliziumbronze-muttern\/","name":"Bronze-Sechskantmuttern Siliziumbronze-Muttern","isPartOf":{"@id":"https:\/\/conexmetals.com\/de\/#website"},"primaryImageOfPage":{"@id":"https:\/\/conexmetals.com\/de\/produkt\/bronze-sechskantmuttern-siliziumbronze-muttern\/#primaryimage"},"image":{"@id":"https:\/\/conexmetals.com\/de\/produkt\/bronze-sechskantmuttern-siliziumbronze-muttern\/#primaryimage"},"thumbnailUrl":"https:\/\/conexmetals.com\/wp-content\/uploads\/2024\/08\/Bronze-Hex-Nuts-Silicon-Bronze-Nuts-3.webp","datePublished":"2024-08-17T09:59:23+00:00","dateModified":"2024-09-16T06:41:30+00:00","description":"Conex Metals ist ein f\u00fchrender Hersteller und Lieferant aus Indien, der sich auf Bronzemuttern, Muttern aus Siliziumbronze und Bronze-Schiffsmuttern spezialisiert hat. Als f\u00fchrender Hersteller von Muttern aus Siliziumbronze und Bronzemuttern in Indien decken wir mit unseren hochwertigen metrischen Bronzemuttern, Bronzebefestigungen und Bronzekupfermuttern eine breite Palette von Anforderungen ab. Vertrauen Sie Conex Metals, Ihrem zuverl\u00e4ssigen indischen Lieferanten f\u00fcr erstklassige Sechskantmuttern aus Bronze und andere langlebige Befestigungselemente.","breadcrumb":{"@id":"https:\/\/conexmetals.com\/de\/produkt\/bronze-sechskantmuttern-siliziumbronze-muttern\/#breadcrumb"},"inLanguage":"de","potentialAction":[{"@type":"ReadAction","target":["https:\/\/conexmetals.com\/de\/produkt\/bronze-sechskantmuttern-siliziumbronze-muttern\/"]}]},{"@type":"ImageObject","inLanguage":"de","@id":"https:\/\/conexmetals.com\/de\/produkt\/bronze-sechskantmuttern-siliziumbronze-muttern\/#primaryimage","url":"https:\/\/conexmetals.com\/wp-content\/uploads\/2024\/08\/Bronze-Hex-Nuts-Silicon-Bronze-Nuts-3.webp","contentUrl":"https:\/\/conexmetals.com\/wp-content\/uploads\/2024\/08\/Bronze-Hex-Nuts-Silicon-Bronze-Nuts-3.webp","width":350,"height":350,"caption":"Bronze-Hex-Nuts-Silicon-Bronze-Nuts"},{"@type":"BreadcrumbList","@id":"https:\/\/conexmetals.com\/de\/produkt\/bronze-sechskantmuttern-siliziumbronze-muttern\/#breadcrumb","itemListElement":[{"@type":"ListItem","position":1,"name":"Home","item":"https:\/\/conexmetals.com\/de\/heim\/"},{"@type":"ListItem","position":2,"name":"Products","item":"https:\/\/conexmetals.com\/products\/"},{"@type":"ListItem","position":3,"name":"Bronze-Sechskantmuttern Siliziumbronze-Muttern"}]},{"@type":"WebSite","@id":"https:\/\/conexmetals.com\/de\/#website","url":"https:\/\/conexmetals.com\/de\/","name":"Conex Metals Brass Fittings Brass Parts Copper Parts Brass Components Brass Plumbing Fittings India","description":"Manufacturer of Bronze Fittings casting Copper Brass parts components","publisher":{"@id":"https:\/\/conexmetals.com\/de\/#organization"},"potentialAction":[{"@type":"SearchAction","target":{"@type":"EntryPoint","urlTemplate":"https:\/\/conexmetals.com\/de\/?s={search_term_string}"},"query-input":{"@type":"PropertyValueSpecification","valueRequired":true,"valueName":"search_term_string"}}],"inLanguage":"de"},{"@type":"Organization","@id":"https:\/\/conexmetals.com\/de\/#organization","name":"Conex Metals Brass Fittings Brass Parts Copper Parts Brass Components Brass Plumbing Fittings India","url":"https:\/\/conexmetals.com\/de\/","logo":{"@type":"ImageObject","inLanguage":"de","@id":"https:\/\/conexmetals.com\/de\/#\/schema\/logo\/image\/","url":"https:\/\/conexmetals.com\/wp-content\/uploads\/2024\/03\/conex-metals-logo.webp","contentUrl":"https:\/\/conexmetals.com\/wp-content\/uploads\/2024\/03\/conex-metals-logo.webp","width":300,"height":121,"caption":"Conex Metals Brass Fittings Brass Parts Copper Parts Brass Components Brass Plumbing Fittings India"},"image":{"@id":"https:\/\/conexmetals.com\/de\/#\/schema\/logo\/image\/"},"sameAs":["https:\/\/www.facebook.com\/conexbrass","https:\/\/x.com\/conexindia","https:\/\/www.linkedin.com\/company\/conex-metals-india\/","https:\/\/www.instagram.com\/conexindia\/"]}]}},"_links":{"self":[{"href":"https:\/\/conexmetals.com\/de\/wp-json\/wp\/v2\/product\/9989","targetHints":{"allow":["GET"]}}],"collection":[{"href":"https:\/\/conexmetals.com\/de\/wp-json\/wp\/v2\/product"}],"about":[{"href":"https:\/\/conexmetals.com\/de\/wp-json\/wp\/v2\/types\/product"}],"wp:featuredmedia":[{"embeddable":true,"href":"https:\/\/conexmetals.com\/de\/wp-json\/wp\/v2\/media\/13720"}],"wp:attachment":[{"href":"https:\/\/conexmetals.com\/de\/wp-json\/wp\/v2\/media?parent=9989"}],"wp:term":[{"taxonomy":"product_brand","embeddable":true,"href":"https:\/\/conexmetals.com\/de\/wp-json\/wp\/v2\/product_brand?post=9989"},{"taxonomy":"product_cat","embeddable":true,"href":"https:\/\/conexmetals.com\/de\/wp-json\/wp\/v2\/product_cat?post=9989"},{"taxonomy":"product_tag","embeddable":true,"href":"https:\/\/conexmetals.com\/de\/wp-json\/wp\/v2\/product_tag?post=9989"}],"curies":[{"name":"wp","href":"https:\/\/api.w.org\/{rel}","templated":true}]}}