{"id":10011,"date":"2024-07-27T13:12:42","date_gmt":"2024-07-27T07:42:42","guid":{"rendered":"https:\/\/conexmetals.com\/product\/aluminio-en-las-orejetas\/"},"modified":"2024-09-16T12:03:46","modified_gmt":"2024-09-16T06:33:46","slug":"aluminio-en-las-orejetas","status":"publish","type":"product","link":"https:\/\/conexmetals.com\/es\/producto\/aluminio-en-las-orejetas\/","title":{"rendered":"Aluminio en las orejetas"},"content":{"rendered":"","protected":false},"excerpt":{"rendered":"<p><img fetchpriority=\"high\" decoding=\"async\" class=\"size-full wp-image-6333 alignright\" src=\"https:\/\/conexmetals.com\/wp-content\/uploads\/2023\/08\/background-2.jpg\" alt=\"Dibujo lineal de cobre colocado en orejetas\" width=\"295\" height=\"300\">  En Conex Metals, fabricamos conectores, terminales y abrazaderas de aluminio de alta calidad para enterramiento directo en instalaciones de paneles solares. Nuestros productos est\u00e1n dise\u00f1ados para m\u00e1xima resistencia y conductividad, asegurando soluciones de conexi\u00f3n a tierra confiables. <strong>Caracter\u00edsticas principales:<\/strong> &#8211; Fabricados con cobre electrol\u00edtico puro de alta resistencia para un rendimiento \u00f3ptimo &#8211; Homologado por UL467 para enterramiento directo en tierra u hormig\u00f3n &#8211; Dise\u00f1o de cara abierta para una colocaci\u00f3n r\u00e1pida y sencilla de conductores sin cortar ni romper &#8211; Admite cables de cobre n.\u00ba 14 a n.\u00ba 4 &#8211; Dise\u00f1o de entrada lateral para una r\u00e1pida instalaci\u00f3n de conductores continuos en m\u00faltiples ubicaciones &#8211; Fabricados con cobre electrol\u00edtico y acero inoxidable AISI 304 para mayor durabilidad &#8211; Cumplen con los est\u00e1ndares UL\/CSA <strong>Aplicaciones ideales:<\/strong> &#8211; Puesta a tierra de piscinas &#8211; Instalaciones de paneles solares Nuestros conectores de cobre Lay-In ofrecen una soluci\u00f3n confiable y eficiente para las necesidades de puesta a tierra. Con su dise\u00f1o de cara abierta y la caracter\u00edstica de entrada lateral, los instaladores pueden conectar conductores de manera r\u00e1pida y sencilla a m\u00faltiples ubicaciones sin interrupciones. Conf\u00ede en Conex Metals para conectores de cobre de alta calidad que cumplan con sus requisitos de conexi\u00f3n a tierra. <strong>Terminales de cobre de conexi\u00f3n a tierra<\/strong> : fabricados con aleaci\u00f3n de cobre de alta resistencia para una m\u00e1xima durabilidad. Aptos para enterramiento directo en tierra u hormig\u00f3n. Dise\u00f1ados para usar solo con conductores de cobre. Presentan un dise\u00f1o de conexi\u00f3n a tierra conveniente para una f\u00e1cil instalaci\u00f3n. Homologados por cULus 467 para cumplir con los est\u00e1ndares de seguridad.       [table id=\"329\" \/]<\/p>\n<p>&nbsp;<\/p>\n<p><strong><img decoding=\"async\" class=\"size-full wp-image-6341 alignleft\" src=\"https:\/\/conexmetals.com\/wp-content\/uploads\/2023\/08\/Bronze-hot-line-clamps-1-1.png\" alt=\"\" width=\"295\" height=\"300\">Orejetas de aluminio para colocar en el interior<\/strong>  &#8211; Construido con aleaci\u00f3n de aluminio extruido de alta resistencia para resistencia a la corrosi\u00f3n &#8211; Esta\u00f1ado Electra para una conductividad mejorada &#8211; Proporciona baja resistencia de contacto para conexiones confiables &#8211; Adecuado para usar con conductores de cobre o aluminio para aplicaciones de conexi\u00f3n a tierra y bucle continuo &#8211; Listado cULus 467 para cumplimiento con est\u00e1ndares de seguridad  &nbsp;<\/p>\n<p>&nbsp;<\/p>\n[table id=\"326\" \/]\n<p>&nbsp;<\/p>\n<p><strong><img decoding=\"async\" class=\"size-full wp-image-6342 alignright\" src=\"https:\/\/conexmetals.com\/wp-content\/uploads\/2023\/08\/Bronze-hot-line-clamps-2-1.png\" alt=\"\" width=\"295\" height=\"300\">Orejetas de aluminio para colocar en el interior<\/strong><\/p>\n<p><strong>Caracter\u00edsticas principales:<\/strong> &#8211; Construido con aleaci\u00f3n de aluminio extruido de alta resistencia para una durabilidad excepcional y resistencia a la corrosi\u00f3n &#8211; Esta\u00f1ado con tornillo de acero inoxidable para una conductividad mejorada y conexiones seguras &#8211; Proporciona baja resistencia de contacto para una conexi\u00f3n a tierra confiable y eficiente &#8211; Admite tama\u00f1os de conductor de 14 AWG a 6 AWG &#8211; Adecuado para usar con conductores de cobre o aluminio para aplicaciones de conexi\u00f3n a tierra y bucle continuo &#8211; Listado por cULus 467, lo que garantiza el cumplimiento de las normas de seguridad  [table id=\"327\" \/]<\/p>\n[table id=\"328\" \/]\n","protected":false},"featured_media":9462,"template":"","meta":[],"product_brand":[],"product_cat":[338],"product_tag":[],"class_list":{"0":"post-10011","1":"product","2":"type-product","3":"status-publish","4":"has-post-thumbnail","6":"product_cat-componentes-de-aluminio","8":"first","9":"instock","10":"shipping-taxable","11":"product-type-simple"},"yoast_head":"<!-- This site is optimized with the Yoast SEO plugin v27.3 - https:\/\/yoast.com\/product\/yoast-seo-wordpress\/ -->\n<title>Aluminio en las orejetas<\/title>\n<meta name=\"description\" content=\"Conex Metals ofrece una amplia gama de terminales de aluminio, incluidas las terminales de cobre, dise\u00f1adas para una f\u00e1cil instalaci\u00f3n y un rendimiento confiable. Nuestras terminales y conectores son adecuados para diversas aplicaciones, incluidas las terminales para enterramiento directo. Como fabricantes y exportadores l\u00edderes de la India, ofrecemos soluciones de terminales de alta calidad para sistemas de administraci\u00f3n de edificios. Explore nuestra colecci\u00f3n en Home Depot, que incluye terminales de 4\/0 y m\u00e1s.\" \/>\n<meta name=\"robots\" content=\"index, follow, max-snippet:-1, max-image-preview:large, max-video-preview:-1\" \/>\n<link rel=\"canonical\" href=\"https:\/\/conexmetals.com\/es\/producto\/aluminio-en-las-orejetas\/\" \/>\n<script type=\"application\/ld+json\" class=\"yoast-schema-graph\">{\"@context\":\"https:\\\/\\\/schema.org\",\"@graph\":[{\"@type\":\"WebPage\",\"@id\":\"https:\\\/\\\/conexmetals.com\\\/es\\\/producto\\\/aluminio-en-las-orejetas\\\/\",\"url\":\"https:\\\/\\\/conexmetals.com\\\/es\\\/producto\\\/aluminio-en-las-orejetas\\\/\",\"name\":\"Aluminio en las orejetas\",\"isPartOf\":{\"@id\":\"https:\\\/\\\/conexmetals.com\\\/es\\\/#website\"},\"primaryImageOfPage\":{\"@id\":\"https:\\\/\\\/conexmetals.com\\\/es\\\/producto\\\/aluminio-en-las-orejetas\\\/#primaryimage\"},\"image\":{\"@id\":\"https:\\\/\\\/conexmetals.com\\\/es\\\/producto\\\/aluminio-en-las-orejetas\\\/#primaryimage\"},\"thumbnailUrl\":\"https:\\\/\\\/conexmetals.com\\\/wp-content\\\/uploads\\\/2024\\\/07\\\/Aluminum-lay-in-Lugs.jpg\",\"datePublished\":\"2024-07-27T07:42:42+00:00\",\"dateModified\":\"2024-09-16T06:33:46+00:00\",\"description\":\"Conex Metals ofrece una amplia gama de terminales de aluminio, incluidas las terminales de cobre, dise\u00f1adas para una f\u00e1cil instalaci\u00f3n y un rendimiento confiable. Nuestras terminales y conectores son adecuados para diversas aplicaciones, incluidas las terminales para enterramiento directo. Como fabricantes y exportadores l\u00edderes de la India, ofrecemos soluciones de terminales de alta calidad para sistemas de administraci\u00f3n de edificios. Explore nuestra colecci\u00f3n en Home Depot, que incluye terminales de 4\\\/0 y m\u00e1s.\",\"breadcrumb\":{\"@id\":\"https:\\\/\\\/conexmetals.com\\\/es\\\/producto\\\/aluminio-en-las-orejetas\\\/#breadcrumb\"},\"inLanguage\":\"es\",\"potentialAction\":[{\"@type\":\"ReadAction\",\"target\":[\"https:\\\/\\\/conexmetals.com\\\/es\\\/producto\\\/aluminio-en-las-orejetas\\\/\"]}]},{\"@type\":\"ImageObject\",\"inLanguage\":\"es\",\"@id\":\"https:\\\/\\\/conexmetals.com\\\/es\\\/producto\\\/aluminio-en-las-orejetas\\\/#primaryimage\",\"url\":\"https:\\\/\\\/conexmetals.com\\\/wp-content\\\/uploads\\\/2024\\\/07\\\/Aluminum-lay-in-Lugs.jpg\",\"contentUrl\":\"https:\\\/\\\/conexmetals.com\\\/wp-content\\\/uploads\\\/2024\\\/07\\\/Aluminum-lay-in-Lugs.jpg\",\"width\":350,\"height\":350,\"caption\":\"Aluminio en las orejetas\"},{\"@type\":\"BreadcrumbList\",\"@id\":\"https:\\\/\\\/conexmetals.com\\\/es\\\/producto\\\/aluminio-en-las-orejetas\\\/#breadcrumb\",\"itemListElement\":[{\"@type\":\"ListItem\",\"position\":1,\"name\":\"Home\",\"item\":\"https:\\\/\\\/conexmetals.com\\\/es\\\/hogar\\\/\"},{\"@type\":\"ListItem\",\"position\":2,\"name\":\"Products\",\"item\":\"https:\\\/\\\/conexmetals.com\\\/products\\\/\"},{\"@type\":\"ListItem\",\"position\":3,\"name\":\"Aluminio en las orejetas\"}]},{\"@type\":\"WebSite\",\"@id\":\"https:\\\/\\\/conexmetals.com\\\/es\\\/#website\",\"url\":\"https:\\\/\\\/conexmetals.com\\\/es\\\/\",\"name\":\"Conex Metals Brass Fittings Brass Parts Copper Parts Brass Components Brass Plumbing Fittings India\",\"description\":\"Manufacturer of Bronze Fittings casting Copper Brass parts components\",\"publisher\":{\"@id\":\"https:\\\/\\\/conexmetals.com\\\/es\\\/#organization\"},\"potentialAction\":[{\"@type\":\"SearchAction\",\"target\":{\"@type\":\"EntryPoint\",\"urlTemplate\":\"https:\\\/\\\/conexmetals.com\\\/es\\\/?s={search_term_string}\"},\"query-input\":{\"@type\":\"PropertyValueSpecification\",\"valueRequired\":true,\"valueName\":\"search_term_string\"}}],\"inLanguage\":\"es\"},{\"@type\":\"Organization\",\"@id\":\"https:\\\/\\\/conexmetals.com\\\/es\\\/#organization\",\"name\":\"Conex Metals Brass Fittings Brass Parts Copper Parts Brass Components Brass Plumbing Fittings India\",\"url\":\"https:\\\/\\\/conexmetals.com\\\/es\\\/\",\"logo\":{\"@type\":\"ImageObject\",\"inLanguage\":\"es\",\"@id\":\"https:\\\/\\\/conexmetals.com\\\/es\\\/#\\\/schema\\\/logo\\\/image\\\/\",\"url\":\"https:\\\/\\\/conexmetals.com\\\/wp-content\\\/uploads\\\/2024\\\/03\\\/conex-metals-logo.webp\",\"contentUrl\":\"https:\\\/\\\/conexmetals.com\\\/wp-content\\\/uploads\\\/2024\\\/03\\\/conex-metals-logo.webp\",\"width\":300,\"height\":121,\"caption\":\"Conex Metals Brass Fittings Brass Parts Copper Parts Brass Components Brass Plumbing Fittings India\"},\"image\":{\"@id\":\"https:\\\/\\\/conexmetals.com\\\/es\\\/#\\\/schema\\\/logo\\\/image\\\/\"},\"sameAs\":[\"https:\\\/\\\/www.facebook.com\\\/conexbrass\",\"https:\\\/\\\/x.com\\\/conexindia\",\"https:\\\/\\\/www.linkedin.com\\\/company\\\/conex-metals-india\\\/\",\"https:\\\/\\\/www.instagram.com\\\/conexindia\\\/\"]}]}<\/script>\n<!-- \/ Yoast SEO plugin. -->","yoast_head_json":{"title":"Aluminio en las orejetas","description":"Conex Metals ofrece una amplia gama de terminales de aluminio, incluidas las terminales de cobre, dise\u00f1adas para una f\u00e1cil instalaci\u00f3n y un rendimiento confiable. Nuestras terminales y conectores son adecuados para diversas aplicaciones, incluidas las terminales para enterramiento directo. Como fabricantes y exportadores l\u00edderes de la India, ofrecemos soluciones de terminales de alta calidad para sistemas de administraci\u00f3n de edificios. Explore nuestra colecci\u00f3n en Home Depot, que incluye terminales de 4\/0 y m\u00e1s.","robots":{"index":"index","follow":"follow","max-snippet":"max-snippet:-1","max-image-preview":"max-image-preview:large","max-video-preview":"max-video-preview:-1"},"canonical":"https:\/\/conexmetals.com\/es\/producto\/aluminio-en-las-orejetas\/","schema":{"@context":"https:\/\/schema.org","@graph":[{"@type":"WebPage","@id":"https:\/\/conexmetals.com\/es\/producto\/aluminio-en-las-orejetas\/","url":"https:\/\/conexmetals.com\/es\/producto\/aluminio-en-las-orejetas\/","name":"Aluminio en las orejetas","isPartOf":{"@id":"https:\/\/conexmetals.com\/es\/#website"},"primaryImageOfPage":{"@id":"https:\/\/conexmetals.com\/es\/producto\/aluminio-en-las-orejetas\/#primaryimage"},"image":{"@id":"https:\/\/conexmetals.com\/es\/producto\/aluminio-en-las-orejetas\/#primaryimage"},"thumbnailUrl":"https:\/\/conexmetals.com\/wp-content\/uploads\/2024\/07\/Aluminum-lay-in-Lugs.jpg","datePublished":"2024-07-27T07:42:42+00:00","dateModified":"2024-09-16T06:33:46+00:00","description":"Conex Metals ofrece una amplia gama de terminales de aluminio, incluidas las terminales de cobre, dise\u00f1adas para una f\u00e1cil instalaci\u00f3n y un rendimiento confiable. Nuestras terminales y conectores son adecuados para diversas aplicaciones, incluidas las terminales para enterramiento directo. Como fabricantes y exportadores l\u00edderes de la India, ofrecemos soluciones de terminales de alta calidad para sistemas de administraci\u00f3n de edificios. Explore nuestra colecci\u00f3n en Home Depot, que incluye terminales de 4\/0 y m\u00e1s.","breadcrumb":{"@id":"https:\/\/conexmetals.com\/es\/producto\/aluminio-en-las-orejetas\/#breadcrumb"},"inLanguage":"es","potentialAction":[{"@type":"ReadAction","target":["https:\/\/conexmetals.com\/es\/producto\/aluminio-en-las-orejetas\/"]}]},{"@type":"ImageObject","inLanguage":"es","@id":"https:\/\/conexmetals.com\/es\/producto\/aluminio-en-las-orejetas\/#primaryimage","url":"https:\/\/conexmetals.com\/wp-content\/uploads\/2024\/07\/Aluminum-lay-in-Lugs.jpg","contentUrl":"https:\/\/conexmetals.com\/wp-content\/uploads\/2024\/07\/Aluminum-lay-in-Lugs.jpg","width":350,"height":350,"caption":"Aluminio en las orejetas"},{"@type":"BreadcrumbList","@id":"https:\/\/conexmetals.com\/es\/producto\/aluminio-en-las-orejetas\/#breadcrumb","itemListElement":[{"@type":"ListItem","position":1,"name":"Home","item":"https:\/\/conexmetals.com\/es\/hogar\/"},{"@type":"ListItem","position":2,"name":"Products","item":"https:\/\/conexmetals.com\/products\/"},{"@type":"ListItem","position":3,"name":"Aluminio en las orejetas"}]},{"@type":"WebSite","@id":"https:\/\/conexmetals.com\/es\/#website","url":"https:\/\/conexmetals.com\/es\/","name":"Conex Metals Brass Fittings Brass Parts Copper Parts Brass Components Brass Plumbing Fittings India","description":"Manufacturer of Bronze Fittings casting Copper Brass parts components","publisher":{"@id":"https:\/\/conexmetals.com\/es\/#organization"},"potentialAction":[{"@type":"SearchAction","target":{"@type":"EntryPoint","urlTemplate":"https:\/\/conexmetals.com\/es\/?s={search_term_string}"},"query-input":{"@type":"PropertyValueSpecification","valueRequired":true,"valueName":"search_term_string"}}],"inLanguage":"es"},{"@type":"Organization","@id":"https:\/\/conexmetals.com\/es\/#organization","name":"Conex Metals Brass Fittings Brass Parts Copper Parts Brass Components Brass Plumbing Fittings India","url":"https:\/\/conexmetals.com\/es\/","logo":{"@type":"ImageObject","inLanguage":"es","@id":"https:\/\/conexmetals.com\/es\/#\/schema\/logo\/image\/","url":"https:\/\/conexmetals.com\/wp-content\/uploads\/2024\/03\/conex-metals-logo.webp","contentUrl":"https:\/\/conexmetals.com\/wp-content\/uploads\/2024\/03\/conex-metals-logo.webp","width":300,"height":121,"caption":"Conex Metals Brass Fittings Brass Parts Copper Parts Brass Components Brass Plumbing Fittings India"},"image":{"@id":"https:\/\/conexmetals.com\/es\/#\/schema\/logo\/image\/"},"sameAs":["https:\/\/www.facebook.com\/conexbrass","https:\/\/x.com\/conexindia","https:\/\/www.linkedin.com\/company\/conex-metals-india\/","https:\/\/www.instagram.com\/conexindia\/"]}]}},"_links":{"self":[{"href":"https:\/\/conexmetals.com\/es\/wp-json\/wp\/v2\/product\/10011","targetHints":{"allow":["GET"]}}],"collection":[{"href":"https:\/\/conexmetals.com\/es\/wp-json\/wp\/v2\/product"}],"about":[{"href":"https:\/\/conexmetals.com\/es\/wp-json\/wp\/v2\/types\/product"}],"wp:featuredmedia":[{"embeddable":true,"href":"https:\/\/conexmetals.com\/es\/wp-json\/wp\/v2\/media\/9462"}],"wp:attachment":[{"href":"https:\/\/conexmetals.com\/es\/wp-json\/wp\/v2\/media?parent=10011"}],"wp:term":[{"taxonomy":"product_brand","embeddable":true,"href":"https:\/\/conexmetals.com\/es\/wp-json\/wp\/v2\/product_brand?post=10011"},{"taxonomy":"product_cat","embeddable":true,"href":"https:\/\/conexmetals.com\/es\/wp-json\/wp\/v2\/product_cat?post=10011"},{"taxonomy":"product_tag","embeddable":true,"href":"https:\/\/conexmetals.com\/es\/wp-json\/wp\/v2\/product_tag?post=10011"}],"curies":[{"name":"wp","href":"https:\/\/api.w.org\/{rel}","templated":true}]}}