{"id":10012,"date":"2024-07-15T17:28:50","date_gmt":"2024-07-15T11:58:50","guid":{"rendered":"https:\/\/conexmetals.com\/product\/c92200-bronce-al-estano-con-plomo-azul-marino-g-cda-922\/"},"modified":"2024-09-16T12:03:47","modified_gmt":"2024-09-16T06:33:47","slug":"c92200-bronce-al-estano-con-plomo-azul-marino-g-cda-922","status":"publish","type":"product","link":"https:\/\/conexmetals.com\/es\/producto\/c92200-bronce-al-estano-con-plomo-azul-marino-g-cda-922\/","title":{"rendered":"C92200 Bronce al esta\u00f1o con plomo azul marino G (CDA 922)"},"content":{"rendered":"","protected":false},"excerpt":{"rendered":"<p>C92200 (CDA 922) es una excelente aleaci\u00f3n de fundici\u00f3n de bronce de la India, reconocida por su maquinabilidad y resistencia en una variedad de aplicaciones de ingenier\u00eda. Conex Metals es su fuente de confianza para bronce al esta\u00f1o con plomo C92200, Navy G, que ofrece barras s\u00f3lidas (ASTM B505) y fundiciones a pedido tanto en m\u00e9todos de fundici\u00f3n centr\u00edfuga (ASTM B271) como en arena (ASTM B584). Ofrecemos opciones de fundici\u00f3n tanto est\u00e1ndar como especiales para satisfacer sus necesidades espec\u00edficas. Nuestro equipo de expertos determinar\u00e1 el m\u00e9todo de fundici\u00f3n \u00f3ptimo en funci\u00f3n de su tama\u00f1o, especificaci\u00f3n y cantidad deseada. El bronce al esta\u00f1o con plomo C92200 es una aleaci\u00f3n vers\u00e1til que se utiliza en varias aplicaciones exigentes, que incluyen:      <\/p>\n<ul>\n<li>V\u00e1lvulas<\/li>\n<li>Guarniciones<\/li>\n<li>Piezas que contienen presi\u00f3n<\/li>\n<li>Componentes de la bomba<\/li>\n<li>Ferreter\u00eda marina<\/li>\n<\/ul>\n<p>  Esta aleaci\u00f3n es adecuada para aplicaciones de hasta 550 \u00b0F (288 \u00b0C) <strong>Composici\u00f3n qu\u00edmica C92200:<\/strong> (% m\u00e1x., a menos que se muestre como rango o m\u00ednimo)[table id=\"312\" \/] (1) Para determinar el Cu m\u00edn., el Cu puede calcularse como Cu + Ni. (2) El valor de Ni incluye Co. (3) Para coladas continuas, P debe ser 1,5 %, m\u00e1x. Nota: Cu + suma de elementos nombrados, 99,3 % m\u00edn. <strong>Propiedades mec\u00e1nicas C92200:<\/strong> medidas a temperatura ambiente, 68 F (20 C)[table id=\"313\" \/] *Resistencia a la fatiga: 100 x 10 <sup>6<\/sup> ciclos, a menos que se indique como [N]X 10 <sup>6<\/sup> . <strong>Especificaciones aplicables C92200:<\/strong>  <\/p>\n[table id=\"314\" \/]\n<p><strong> <\/strong><\/p>\n","protected":false},"featured_media":0,"template":"","meta":[],"product_brand":[],"product_cat":[308],"product_tag":[],"class_list":{"0":"post-10012","1":"product","2":"type-product","3":"status-publish","5":"product_cat-sin-categorizar","7":"first","8":"instock","9":"shipping-taxable","10":"product-type-simple"},"yoast_head":"<!-- This site is optimized with the Yoast SEO plugin v27.3 - https:\/\/yoast.com\/product\/yoast-seo-wordpress\/ -->\n<title>C92200 Bronce al esta\u00f1o con plomo azul marino G (CDA 922)<\/title>\n<meta name=\"description\" content=\"Conex Metals es una fundici\u00f3n india consolidada que ofrece piezas fundidas de bronce y aleaci\u00f3n C92200 de alta calidad. Con experiencia en bronce y aleaci\u00f3n CDA 922 mecanizados con CNC, somos un proveedor l\u00edder de productos de bronce C92200 duraderos y precisos en India.\" \/>\n<meta name=\"robots\" content=\"index, follow, max-snippet:-1, max-image-preview:large, max-video-preview:-1\" \/>\n<link rel=\"canonical\" href=\"https:\/\/conexmetals.com\/es\/producto\/c92200-bronce-al-estano-con-plomo-azul-marino-g-cda-922\/\" \/>\n<script type=\"application\/ld+json\" class=\"yoast-schema-graph\">{\"@context\":\"https:\\\/\\\/schema.org\",\"@graph\":[{\"@type\":\"WebPage\",\"@id\":\"https:\\\/\\\/conexmetals.com\\\/es\\\/producto\\\/c92200-bronce-al-estano-con-plomo-azul-marino-g-cda-922\\\/\",\"url\":\"https:\\\/\\\/conexmetals.com\\\/es\\\/producto\\\/c92200-bronce-al-estano-con-plomo-azul-marino-g-cda-922\\\/\",\"name\":\"C92200 Bronce al esta\u00f1o con plomo azul marino G (CDA 922)\",\"isPartOf\":{\"@id\":\"https:\\\/\\\/conexmetals.com\\\/es\\\/#website\"},\"datePublished\":\"2024-07-15T11:58:50+00:00\",\"dateModified\":\"2024-09-16T06:33:47+00:00\",\"description\":\"Conex Metals es una fundici\u00f3n india consolidada que ofrece piezas fundidas de bronce y aleaci\u00f3n C92200 de alta calidad. Con experiencia en bronce y aleaci\u00f3n CDA 922 mecanizados con CNC, somos un proveedor l\u00edder de productos de bronce C92200 duraderos y precisos en India.\",\"breadcrumb\":{\"@id\":\"https:\\\/\\\/conexmetals.com\\\/es\\\/producto\\\/c92200-bronce-al-estano-con-plomo-azul-marino-g-cda-922\\\/#breadcrumb\"},\"inLanguage\":\"es\",\"potentialAction\":[{\"@type\":\"ReadAction\",\"target\":[\"https:\\\/\\\/conexmetals.com\\\/es\\\/producto\\\/c92200-bronce-al-estano-con-plomo-azul-marino-g-cda-922\\\/\"]}]},{\"@type\":\"BreadcrumbList\",\"@id\":\"https:\\\/\\\/conexmetals.com\\\/es\\\/producto\\\/c92200-bronce-al-estano-con-plomo-azul-marino-g-cda-922\\\/#breadcrumb\",\"itemListElement\":[{\"@type\":\"ListItem\",\"position\":1,\"name\":\"Home\",\"item\":\"https:\\\/\\\/conexmetals.com\\\/es\\\/hogar\\\/\"},{\"@type\":\"ListItem\",\"position\":2,\"name\":\"Products\",\"item\":\"https:\\\/\\\/conexmetals.com\\\/products\\\/\"},{\"@type\":\"ListItem\",\"position\":3,\"name\":\"C92200 Bronce al esta\u00f1o con plomo azul marino G (CDA 922)\"}]},{\"@type\":\"WebSite\",\"@id\":\"https:\\\/\\\/conexmetals.com\\\/es\\\/#website\",\"url\":\"https:\\\/\\\/conexmetals.com\\\/es\\\/\",\"name\":\"Conex Metals Brass Fittings Brass Parts Copper Parts Brass Components Brass Plumbing Fittings India\",\"description\":\"Manufacturer of Bronze Fittings casting Copper Brass parts components\",\"publisher\":{\"@id\":\"https:\\\/\\\/conexmetals.com\\\/es\\\/#organization\"},\"potentialAction\":[{\"@type\":\"SearchAction\",\"target\":{\"@type\":\"EntryPoint\",\"urlTemplate\":\"https:\\\/\\\/conexmetals.com\\\/es\\\/?s={search_term_string}\"},\"query-input\":{\"@type\":\"PropertyValueSpecification\",\"valueRequired\":true,\"valueName\":\"search_term_string\"}}],\"inLanguage\":\"es\"},{\"@type\":\"Organization\",\"@id\":\"https:\\\/\\\/conexmetals.com\\\/es\\\/#organization\",\"name\":\"Conex Metals Brass Fittings Brass Parts Copper Parts Brass Components Brass Plumbing Fittings India\",\"url\":\"https:\\\/\\\/conexmetals.com\\\/es\\\/\",\"logo\":{\"@type\":\"ImageObject\",\"inLanguage\":\"es\",\"@id\":\"https:\\\/\\\/conexmetals.com\\\/es\\\/#\\\/schema\\\/logo\\\/image\\\/\",\"url\":\"https:\\\/\\\/conexmetals.com\\\/wp-content\\\/uploads\\\/2024\\\/03\\\/conex-metals-logo.webp\",\"contentUrl\":\"https:\\\/\\\/conexmetals.com\\\/wp-content\\\/uploads\\\/2024\\\/03\\\/conex-metals-logo.webp\",\"width\":300,\"height\":121,\"caption\":\"Conex Metals Brass Fittings Brass Parts Copper Parts Brass Components Brass Plumbing Fittings India\"},\"image\":{\"@id\":\"https:\\\/\\\/conexmetals.com\\\/es\\\/#\\\/schema\\\/logo\\\/image\\\/\"},\"sameAs\":[\"https:\\\/\\\/www.facebook.com\\\/conexbrass\",\"https:\\\/\\\/x.com\\\/conexindia\",\"https:\\\/\\\/www.linkedin.com\\\/company\\\/conex-metals-india\\\/\",\"https:\\\/\\\/www.instagram.com\\\/conexindia\\\/\"]}]}<\/script>\n<!-- \/ Yoast SEO plugin. -->","yoast_head_json":{"title":"C92200 Bronce al esta\u00f1o con plomo azul marino G (CDA 922)","description":"Conex Metals es una fundici\u00f3n india consolidada que ofrece piezas fundidas de bronce y aleaci\u00f3n C92200 de alta calidad. Con experiencia en bronce y aleaci\u00f3n CDA 922 mecanizados con CNC, somos un proveedor l\u00edder de productos de bronce C92200 duraderos y precisos en India.","robots":{"index":"index","follow":"follow","max-snippet":"max-snippet:-1","max-image-preview":"max-image-preview:large","max-video-preview":"max-video-preview:-1"},"canonical":"https:\/\/conexmetals.com\/es\/producto\/c92200-bronce-al-estano-con-plomo-azul-marino-g-cda-922\/","schema":{"@context":"https:\/\/schema.org","@graph":[{"@type":"WebPage","@id":"https:\/\/conexmetals.com\/es\/producto\/c92200-bronce-al-estano-con-plomo-azul-marino-g-cda-922\/","url":"https:\/\/conexmetals.com\/es\/producto\/c92200-bronce-al-estano-con-plomo-azul-marino-g-cda-922\/","name":"C92200 Bronce al esta\u00f1o con plomo azul marino G (CDA 922)","isPartOf":{"@id":"https:\/\/conexmetals.com\/es\/#website"},"datePublished":"2024-07-15T11:58:50+00:00","dateModified":"2024-09-16T06:33:47+00:00","description":"Conex Metals es una fundici\u00f3n india consolidada que ofrece piezas fundidas de bronce y aleaci\u00f3n C92200 de alta calidad. Con experiencia en bronce y aleaci\u00f3n CDA 922 mecanizados con CNC, somos un proveedor l\u00edder de productos de bronce C92200 duraderos y precisos en India.","breadcrumb":{"@id":"https:\/\/conexmetals.com\/es\/producto\/c92200-bronce-al-estano-con-plomo-azul-marino-g-cda-922\/#breadcrumb"},"inLanguage":"es","potentialAction":[{"@type":"ReadAction","target":["https:\/\/conexmetals.com\/es\/producto\/c92200-bronce-al-estano-con-plomo-azul-marino-g-cda-922\/"]}]},{"@type":"BreadcrumbList","@id":"https:\/\/conexmetals.com\/es\/producto\/c92200-bronce-al-estano-con-plomo-azul-marino-g-cda-922\/#breadcrumb","itemListElement":[{"@type":"ListItem","position":1,"name":"Home","item":"https:\/\/conexmetals.com\/es\/hogar\/"},{"@type":"ListItem","position":2,"name":"Products","item":"https:\/\/conexmetals.com\/products\/"},{"@type":"ListItem","position":3,"name":"C92200 Bronce al esta\u00f1o con plomo azul marino G (CDA 922)"}]},{"@type":"WebSite","@id":"https:\/\/conexmetals.com\/es\/#website","url":"https:\/\/conexmetals.com\/es\/","name":"Conex Metals Brass Fittings Brass Parts Copper Parts Brass Components Brass Plumbing Fittings India","description":"Manufacturer of Bronze Fittings casting Copper Brass parts components","publisher":{"@id":"https:\/\/conexmetals.com\/es\/#organization"},"potentialAction":[{"@type":"SearchAction","target":{"@type":"EntryPoint","urlTemplate":"https:\/\/conexmetals.com\/es\/?s={search_term_string}"},"query-input":{"@type":"PropertyValueSpecification","valueRequired":true,"valueName":"search_term_string"}}],"inLanguage":"es"},{"@type":"Organization","@id":"https:\/\/conexmetals.com\/es\/#organization","name":"Conex Metals Brass Fittings Brass Parts Copper Parts Brass Components Brass Plumbing Fittings India","url":"https:\/\/conexmetals.com\/es\/","logo":{"@type":"ImageObject","inLanguage":"es","@id":"https:\/\/conexmetals.com\/es\/#\/schema\/logo\/image\/","url":"https:\/\/conexmetals.com\/wp-content\/uploads\/2024\/03\/conex-metals-logo.webp","contentUrl":"https:\/\/conexmetals.com\/wp-content\/uploads\/2024\/03\/conex-metals-logo.webp","width":300,"height":121,"caption":"Conex Metals Brass Fittings Brass Parts Copper Parts Brass Components Brass Plumbing Fittings India"},"image":{"@id":"https:\/\/conexmetals.com\/es\/#\/schema\/logo\/image\/"},"sameAs":["https:\/\/www.facebook.com\/conexbrass","https:\/\/x.com\/conexindia","https:\/\/www.linkedin.com\/company\/conex-metals-india\/","https:\/\/www.instagram.com\/conexindia\/"]}]}},"_links":{"self":[{"href":"https:\/\/conexmetals.com\/es\/wp-json\/wp\/v2\/product\/10012","targetHints":{"allow":["GET"]}}],"collection":[{"href":"https:\/\/conexmetals.com\/es\/wp-json\/wp\/v2\/product"}],"about":[{"href":"https:\/\/conexmetals.com\/es\/wp-json\/wp\/v2\/types\/product"}],"wp:attachment":[{"href":"https:\/\/conexmetals.com\/es\/wp-json\/wp\/v2\/media?parent=10012"}],"wp:term":[{"taxonomy":"product_brand","embeddable":true,"href":"https:\/\/conexmetals.com\/es\/wp-json\/wp\/v2\/product_brand?post=10012"},{"taxonomy":"product_cat","embeddable":true,"href":"https:\/\/conexmetals.com\/es\/wp-json\/wp\/v2\/product_cat?post=10012"},{"taxonomy":"product_tag","embeddable":true,"href":"https:\/\/conexmetals.com\/es\/wp-json\/wp\/v2\/product_tag?post=10012"}],"curies":[{"name":"wp","href":"https:\/\/api.w.org\/{rel}","templated":true}]}}