{"id":10019,"date":"2024-07-12T18:04:13","date_gmt":"2024-07-12T12:34:13","guid":{"rendered":"https:\/\/conexmetals.com\/product\/conectores-y-terminales-mecanicos-de-aluminio\/"},"modified":"2024-09-16T12:40:25","modified_gmt":"2024-09-16T07:10:25","slug":"conectores-y-terminales-mecanicos-de-aluminio","status":"publish","type":"product","link":"https:\/\/conexmetals.com\/es\/producto\/conectores-y-terminales-mecanicos-de-aluminio\/","title":{"rendered":"Conectores y terminales mec\u00e1nicos de aluminio"},"content":{"rendered":"","protected":false},"excerpt":{"rendered":"<p>&nbsp;<\/p>\n<p><span style=\"color: #000000;\"><strong>TERMINALES DE CABLE MECANICOS CON 2 TORNILLOS Y 4 TORNILLOS<\/strong><\/span> <\/p>\n<hr>\n<p><img fetchpriority=\"high\" decoding=\"async\" class=\"size-full wp-image-6147 alignleft\" src=\"https:\/\/conexmetals.com\/wp-content\/uploads\/2024\/07\/Aluminum-Mecanical-Lugs-Connectors-type1.png\" alt=\" Conectores de terminales mec\u00e1nicos de aluminio tipo 1\" width=\"300\" height=\"177\"><img decoding=\"async\" class=\"size-full wp-image-6148 alignleft\" src=\"https:\/\/conexmetals.com\/wp-content\/uploads\/2024\/07\/Aluminum-Mecanical-Lugs-Connectors-Type2.png\" alt=\"Conectores de terminales mec\u00e1nicos de aluminio tipo 2\" width=\"300\" height=\"197\">&nbsp;&nbsp;&nbsp;&nbsp;&nbsp;&nbsp;[table id=\"302\" \/] Conex Metals ofrece terminales y conectores mec\u00e1nicos de aluminio de alta calidad, dise\u00f1ados para garantizar conexiones el\u00e9ctricas seguras y confiables. Estas terminales se utilizan ampliamente en diversas industrias, incluidos los sectores industrial, comercial y residencial. Fabricadas con aluminio resistente a la corrosi\u00f3n, ofrecen una excelente conductividad el\u00e9ctrica y durabilidad.    <strong>Caracter\u00edsticas principales:<\/strong><\/p>\n<ol>\n<li><strong>Material<\/strong> : Construido con aluminio ligero y resistente a la corrosi\u00f3n.<\/li>\n<li><strong>Tipos<\/strong> :\n<ul>\n<li><strong>Tipo I<\/strong> : Equipado con 2 tornillos.<\/li>\n<li><strong>Tipo II<\/strong> : Equipado con 4 tornillos.<\/li>\n<\/ul>\n<\/li>\n<li><strong>Tornillos<\/strong> : Tornillos de cabeza hexagonal (M-5, M-6, M-8, M-10) para una fijaci\u00f3n segura del cable.<\/li>\n<li><strong>Dimensiones<\/strong> : Disponible en varios tama\u00f1os para adaptarse a diferentes especificaciones de cable.<\/li>\n<li><strong>Tama\u00f1os de cables<\/strong> : Compatible con una amplia gama de tama\u00f1os de cables, normalmente medidos en mil\u00edmetros cuadrados (mm\u00b2).<\/li>\n<\/ol>\n<p><strong>Casos de uso:<\/strong><\/p>\n<ol>\n<li><strong>Paneles el\u00e9ctricos<\/strong> : facilita conexiones de cables seguras dentro de paneles el\u00e9ctricos.<\/li>\n<li><strong>Distribuci\u00f3n de energ\u00eda<\/strong> : garantiza conexiones robustas en los sistemas de distribuci\u00f3n de energ\u00eda.<\/li>\n<li><strong>Equipo industrial<\/strong> : com\u00fanmente utilizado en maquinaria y configuraciones industriales.<\/li>\n<li><strong>Cableado residencial<\/strong> : proporciona conexiones seguras en sistemas el\u00e9ctricos residenciales.<\/li>\n<li><strong>Aparatos de conmutaci\u00f3n y control<\/strong> : esenciales en conjuntos de aparamenta y control para una gesti\u00f3n eficiente de circuitos el\u00e9ctricos.<\/li>\n<\/ol>\n<p> <strong>Especificaciones:<\/strong> <strong>Tipo I (2 tornillos):<\/strong><\/p>\n<ul>\n<li><strong>H2B 10<\/strong> : Para cables de 10 mm\u00b2, dimensiones: A=4, G=6, D=15, J=32,5, Tornillo=M-5<\/li>\n<li><strong>H2B 16<\/strong> : Para cables de 16 mm\u00b2, dimensiones: A=5,1, G=8,5, D=17, J=37, Tornillo=M-5<\/li>\n<li><strong>H2B 25<\/strong> : Para cables de 25 mm\u00b2, dimensiones: A=6,3, G=8,5, D=18,75, J=42, Tornillo=M-5<\/li>\n<li><strong>H2B 35<\/strong> : Para cables de 35 mm\u00b2, dimensiones: A=7,5, G=10,5, D=21,5, J=4, Tornillo=M-5<\/li>\n<\/ul>\n<p><strong>Tipo II (4 tornillos):<\/strong><\/p>\n<ul>\n<li><strong>H4B 50<\/strong> : Para cables de 50 mm\u00b2, dimensiones: A=9,5, G=10,5, D=23, J=56,5, Tornillo=M-6<\/li>\n<li><strong>H4B 75<\/strong> : Para cables de 75 mm\u00b2, dimensiones: A=11, G=13,25, D=26, J=61, Tornillo=M-6<\/li>\n<li><strong>H4B 100<\/strong> : Para cables de 100 mm\u00b2, dimensiones: A=13, G=14,3, D=29, J=65, Tornillo=M-6<\/li>\n<li><strong>H4B 120<\/strong> : Para cables de 120 mm\u00b2, dimensiones: A=14, G=14,8, D=32, J=71, Tornillo=M-6<\/li>\n<li><strong>H4B 170<\/strong> : Para cables de 170 mm\u00b2, dimensiones: A=16, G=16, D=33, J=81, Tornillo=M-8<\/li>\n<li><strong>H4B 200<\/strong> : Para cables de 200 mm\u00b2, dimensiones: A=17, G=17, D=35, J=85, Tornillo=M-8<\/li>\n<li><strong>H4B 250<\/strong> : Para cables de 250 mm\u00b2, dimensiones: A=18, G=17, D=38, J=87,5, Tornillo=M-8<\/li>\n<li><strong>H4B 300<\/strong> : Para cables de 300 mm\u00b2, dimensiones: A=21, G=19,8, D=45, J=118, Tornillo=M-10<\/li>\n<li><strong>H4B 400\/500<\/strong> : Para cables de 400\/500 mm\u00b2, dimensiones: A=25,5, G=22, D=53, J=132, Tornillo=M-10<\/li>\n<li><strong>H4B 700<\/strong> : Para cables de 700 mm\u00b2, dimensiones: A=34, G=22, D=60, J=150, Tornillo=M-10<\/li>\n<\/ul>\n<p>  Las terminales y conectores mec\u00e1nicos de aluminio de Conex Metals est\u00e1n dise\u00f1ados para cumplir con los m\u00e1s altos est\u00e1ndares de calidad y confiabilidad, garantizando un rendimiento \u00f3ptimo en todas las aplicaciones el\u00e9ctricas.<\/p>\n","protected":false},"featured_media":9342,"template":"","meta":[],"product_brand":[],"product_cat":[338],"product_tag":[],"class_list":{"0":"post-10019","1":"product","2":"type-product","3":"status-publish","4":"has-post-thumbnail","6":"product_cat-componentes-de-aluminio","8":"first","9":"instock","10":"shipping-taxable","11":"product-type-simple"},"yoast_head":"<!-- This site is optimized with the Yoast SEO plugin v27.3 - https:\/\/yoast.com\/product\/yoast-seo-wordpress\/ -->\n<title>Conectores y terminales mec\u00e1nicos de aluminio<\/title>\n<meta name=\"description\" content=\"Conex Metals ofrece terminales de aluminio, conectores mec\u00e1nicos y terminales el\u00e9ctricos de alta calidad para conexiones el\u00e9ctricas seguras y confiables. Ideales para aplicaciones de distribuci\u00f3n de energ\u00eda, puesta a tierra y transformadores, nuestros productos est\u00e1n hechos de aleaci\u00f3n de aluminio de alta resistencia que garantiza resistencia a la corrosi\u00f3n y conductividad \u00f3ptima. Perfectos para instalaciones el\u00e9ctricas profesionales, incluidos terminales de conductores, terminales atornillados, conectores de barras colectoras y conectores de cables. Elija Conex Metals para conectores el\u00e9ctricos mec\u00e1nicos resistentes a la corrosi\u00f3n y de alta resistencia.\" \/>\n<meta name=\"robots\" content=\"index, follow, max-snippet:-1, max-image-preview:large, max-video-preview:-1\" \/>\n<link rel=\"canonical\" href=\"https:\/\/conexmetals.com\/es\/producto\/conectores-y-terminales-mecanicos-de-aluminio\/\" \/>\n<script type=\"application\/ld+json\" class=\"yoast-schema-graph\">{\"@context\":\"https:\\\/\\\/schema.org\",\"@graph\":[{\"@type\":\"WebPage\",\"@id\":\"https:\\\/\\\/conexmetals.com\\\/es\\\/producto\\\/conectores-y-terminales-mecanicos-de-aluminio\\\/\",\"url\":\"https:\\\/\\\/conexmetals.com\\\/es\\\/producto\\\/conectores-y-terminales-mecanicos-de-aluminio\\\/\",\"name\":\"Conectores y terminales mec\u00e1nicos de aluminio\",\"isPartOf\":{\"@id\":\"https:\\\/\\\/conexmetals.com\\\/es\\\/#website\"},\"primaryImageOfPage\":{\"@id\":\"https:\\\/\\\/conexmetals.com\\\/es\\\/producto\\\/conectores-y-terminales-mecanicos-de-aluminio\\\/#primaryimage\"},\"image\":{\"@id\":\"https:\\\/\\\/conexmetals.com\\\/es\\\/producto\\\/conectores-y-terminales-mecanicos-de-aluminio\\\/#primaryimage\"},\"thumbnailUrl\":\"https:\\\/\\\/conexmetals.com\\\/wp-content\\\/uploads\\\/2024\\\/07\\\/Brass-Electrical-Accessories.jpg\",\"datePublished\":\"2024-07-12T12:34:13+00:00\",\"dateModified\":\"2024-09-16T07:10:25+00:00\",\"description\":\"Conex Metals ofrece terminales de aluminio, conectores mec\u00e1nicos y terminales el\u00e9ctricos de alta calidad para conexiones el\u00e9ctricas seguras y confiables. Ideales para aplicaciones de distribuci\u00f3n de energ\u00eda, puesta a tierra y transformadores, nuestros productos est\u00e1n hechos de aleaci\u00f3n de aluminio de alta resistencia que garantiza resistencia a la corrosi\u00f3n y conductividad \u00f3ptima. Perfectos para instalaciones el\u00e9ctricas profesionales, incluidos terminales de conductores, terminales atornillados, conectores de barras colectoras y conectores de cables. Elija Conex Metals para conectores el\u00e9ctricos mec\u00e1nicos resistentes a la corrosi\u00f3n y de alta resistencia.\",\"breadcrumb\":{\"@id\":\"https:\\\/\\\/conexmetals.com\\\/es\\\/producto\\\/conectores-y-terminales-mecanicos-de-aluminio\\\/#breadcrumb\"},\"inLanguage\":\"es\",\"potentialAction\":[{\"@type\":\"ReadAction\",\"target\":[\"https:\\\/\\\/conexmetals.com\\\/es\\\/producto\\\/conectores-y-terminales-mecanicos-de-aluminio\\\/\"]}]},{\"@type\":\"ImageObject\",\"inLanguage\":\"es\",\"@id\":\"https:\\\/\\\/conexmetals.com\\\/es\\\/producto\\\/conectores-y-terminales-mecanicos-de-aluminio\\\/#primaryimage\",\"url\":\"https:\\\/\\\/conexmetals.com\\\/wp-content\\\/uploads\\\/2024\\\/07\\\/Brass-Electrical-Accessories.jpg\",\"contentUrl\":\"https:\\\/\\\/conexmetals.com\\\/wp-content\\\/uploads\\\/2024\\\/07\\\/Brass-Electrical-Accessories.jpg\",\"width\":350,\"height\":350,\"caption\":\"Accesorios el\u00e9ctricos de lat\u00f3n\"},{\"@type\":\"BreadcrumbList\",\"@id\":\"https:\\\/\\\/conexmetals.com\\\/es\\\/producto\\\/conectores-y-terminales-mecanicos-de-aluminio\\\/#breadcrumb\",\"itemListElement\":[{\"@type\":\"ListItem\",\"position\":1,\"name\":\"Home\",\"item\":\"https:\\\/\\\/conexmetals.com\\\/es\\\/hogar\\\/\"},{\"@type\":\"ListItem\",\"position\":2,\"name\":\"Products\",\"item\":\"https:\\\/\\\/conexmetals.com\\\/products\\\/\"},{\"@type\":\"ListItem\",\"position\":3,\"name\":\"Conectores y terminales mec\u00e1nicos de aluminio\"}]},{\"@type\":\"WebSite\",\"@id\":\"https:\\\/\\\/conexmetals.com\\\/es\\\/#website\",\"url\":\"https:\\\/\\\/conexmetals.com\\\/es\\\/\",\"name\":\"Conex Metals Brass Fittings Brass Parts Copper Parts Brass Components Brass Plumbing Fittings India\",\"description\":\"Manufacturer of Bronze Fittings casting Copper Brass parts components\",\"publisher\":{\"@id\":\"https:\\\/\\\/conexmetals.com\\\/es\\\/#organization\"},\"potentialAction\":[{\"@type\":\"SearchAction\",\"target\":{\"@type\":\"EntryPoint\",\"urlTemplate\":\"https:\\\/\\\/conexmetals.com\\\/es\\\/?s={search_term_string}\"},\"query-input\":{\"@type\":\"PropertyValueSpecification\",\"valueRequired\":true,\"valueName\":\"search_term_string\"}}],\"inLanguage\":\"es\"},{\"@type\":\"Organization\",\"@id\":\"https:\\\/\\\/conexmetals.com\\\/es\\\/#organization\",\"name\":\"Conex Metals Brass Fittings Brass Parts Copper Parts Brass Components Brass Plumbing Fittings India\",\"url\":\"https:\\\/\\\/conexmetals.com\\\/es\\\/\",\"logo\":{\"@type\":\"ImageObject\",\"inLanguage\":\"es\",\"@id\":\"https:\\\/\\\/conexmetals.com\\\/es\\\/#\\\/schema\\\/logo\\\/image\\\/\",\"url\":\"https:\\\/\\\/conexmetals.com\\\/wp-content\\\/uploads\\\/2024\\\/03\\\/conex-metals-logo.webp\",\"contentUrl\":\"https:\\\/\\\/conexmetals.com\\\/wp-content\\\/uploads\\\/2024\\\/03\\\/conex-metals-logo.webp\",\"width\":300,\"height\":121,\"caption\":\"Conex Metals Brass Fittings Brass Parts Copper Parts Brass Components Brass Plumbing Fittings India\"},\"image\":{\"@id\":\"https:\\\/\\\/conexmetals.com\\\/es\\\/#\\\/schema\\\/logo\\\/image\\\/\"},\"sameAs\":[\"https:\\\/\\\/www.facebook.com\\\/conexbrass\",\"https:\\\/\\\/x.com\\\/conexindia\",\"https:\\\/\\\/www.linkedin.com\\\/company\\\/conex-metals-india\\\/\",\"https:\\\/\\\/www.instagram.com\\\/conexindia\\\/\"]}]}<\/script>\n<!-- \/ Yoast SEO plugin. -->","yoast_head_json":{"title":"Conectores y terminales mec\u00e1nicos de aluminio","description":"Conex Metals ofrece terminales de aluminio, conectores mec\u00e1nicos y terminales el\u00e9ctricos de alta calidad para conexiones el\u00e9ctricas seguras y confiables. Ideales para aplicaciones de distribuci\u00f3n de energ\u00eda, puesta a tierra y transformadores, nuestros productos est\u00e1n hechos de aleaci\u00f3n de aluminio de alta resistencia que garantiza resistencia a la corrosi\u00f3n y conductividad \u00f3ptima. Perfectos para instalaciones el\u00e9ctricas profesionales, incluidos terminales de conductores, terminales atornillados, conectores de barras colectoras y conectores de cables. Elija Conex Metals para conectores el\u00e9ctricos mec\u00e1nicos resistentes a la corrosi\u00f3n y de alta resistencia.","robots":{"index":"index","follow":"follow","max-snippet":"max-snippet:-1","max-image-preview":"max-image-preview:large","max-video-preview":"max-video-preview:-1"},"canonical":"https:\/\/conexmetals.com\/es\/producto\/conectores-y-terminales-mecanicos-de-aluminio\/","schema":{"@context":"https:\/\/schema.org","@graph":[{"@type":"WebPage","@id":"https:\/\/conexmetals.com\/es\/producto\/conectores-y-terminales-mecanicos-de-aluminio\/","url":"https:\/\/conexmetals.com\/es\/producto\/conectores-y-terminales-mecanicos-de-aluminio\/","name":"Conectores y terminales mec\u00e1nicos de aluminio","isPartOf":{"@id":"https:\/\/conexmetals.com\/es\/#website"},"primaryImageOfPage":{"@id":"https:\/\/conexmetals.com\/es\/producto\/conectores-y-terminales-mecanicos-de-aluminio\/#primaryimage"},"image":{"@id":"https:\/\/conexmetals.com\/es\/producto\/conectores-y-terminales-mecanicos-de-aluminio\/#primaryimage"},"thumbnailUrl":"https:\/\/conexmetals.com\/wp-content\/uploads\/2024\/07\/Brass-Electrical-Accessories.jpg","datePublished":"2024-07-12T12:34:13+00:00","dateModified":"2024-09-16T07:10:25+00:00","description":"Conex Metals ofrece terminales de aluminio, conectores mec\u00e1nicos y terminales el\u00e9ctricos de alta calidad para conexiones el\u00e9ctricas seguras y confiables. Ideales para aplicaciones de distribuci\u00f3n de energ\u00eda, puesta a tierra y transformadores, nuestros productos est\u00e1n hechos de aleaci\u00f3n de aluminio de alta resistencia que garantiza resistencia a la corrosi\u00f3n y conductividad \u00f3ptima. Perfectos para instalaciones el\u00e9ctricas profesionales, incluidos terminales de conductores, terminales atornillados, conectores de barras colectoras y conectores de cables. Elija Conex Metals para conectores el\u00e9ctricos mec\u00e1nicos resistentes a la corrosi\u00f3n y de alta resistencia.","breadcrumb":{"@id":"https:\/\/conexmetals.com\/es\/producto\/conectores-y-terminales-mecanicos-de-aluminio\/#breadcrumb"},"inLanguage":"es","potentialAction":[{"@type":"ReadAction","target":["https:\/\/conexmetals.com\/es\/producto\/conectores-y-terminales-mecanicos-de-aluminio\/"]}]},{"@type":"ImageObject","inLanguage":"es","@id":"https:\/\/conexmetals.com\/es\/producto\/conectores-y-terminales-mecanicos-de-aluminio\/#primaryimage","url":"https:\/\/conexmetals.com\/wp-content\/uploads\/2024\/07\/Brass-Electrical-Accessories.jpg","contentUrl":"https:\/\/conexmetals.com\/wp-content\/uploads\/2024\/07\/Brass-Electrical-Accessories.jpg","width":350,"height":350,"caption":"Accesorios el\u00e9ctricos de lat\u00f3n"},{"@type":"BreadcrumbList","@id":"https:\/\/conexmetals.com\/es\/producto\/conectores-y-terminales-mecanicos-de-aluminio\/#breadcrumb","itemListElement":[{"@type":"ListItem","position":1,"name":"Home","item":"https:\/\/conexmetals.com\/es\/hogar\/"},{"@type":"ListItem","position":2,"name":"Products","item":"https:\/\/conexmetals.com\/products\/"},{"@type":"ListItem","position":3,"name":"Conectores y terminales mec\u00e1nicos de aluminio"}]},{"@type":"WebSite","@id":"https:\/\/conexmetals.com\/es\/#website","url":"https:\/\/conexmetals.com\/es\/","name":"Conex Metals Brass Fittings Brass Parts Copper Parts Brass Components Brass Plumbing Fittings India","description":"Manufacturer of Bronze Fittings casting Copper Brass parts components","publisher":{"@id":"https:\/\/conexmetals.com\/es\/#organization"},"potentialAction":[{"@type":"SearchAction","target":{"@type":"EntryPoint","urlTemplate":"https:\/\/conexmetals.com\/es\/?s={search_term_string}"},"query-input":{"@type":"PropertyValueSpecification","valueRequired":true,"valueName":"search_term_string"}}],"inLanguage":"es"},{"@type":"Organization","@id":"https:\/\/conexmetals.com\/es\/#organization","name":"Conex Metals Brass Fittings Brass Parts Copper Parts Brass Components Brass Plumbing Fittings India","url":"https:\/\/conexmetals.com\/es\/","logo":{"@type":"ImageObject","inLanguage":"es","@id":"https:\/\/conexmetals.com\/es\/#\/schema\/logo\/image\/","url":"https:\/\/conexmetals.com\/wp-content\/uploads\/2024\/03\/conex-metals-logo.webp","contentUrl":"https:\/\/conexmetals.com\/wp-content\/uploads\/2024\/03\/conex-metals-logo.webp","width":300,"height":121,"caption":"Conex Metals Brass Fittings Brass Parts Copper Parts Brass Components Brass Plumbing Fittings India"},"image":{"@id":"https:\/\/conexmetals.com\/es\/#\/schema\/logo\/image\/"},"sameAs":["https:\/\/www.facebook.com\/conexbrass","https:\/\/x.com\/conexindia","https:\/\/www.linkedin.com\/company\/conex-metals-india\/","https:\/\/www.instagram.com\/conexindia\/"]}]}},"_links":{"self":[{"href":"https:\/\/conexmetals.com\/es\/wp-json\/wp\/v2\/product\/10019","targetHints":{"allow":["GET"]}}],"collection":[{"href":"https:\/\/conexmetals.com\/es\/wp-json\/wp\/v2\/product"}],"about":[{"href":"https:\/\/conexmetals.com\/es\/wp-json\/wp\/v2\/types\/product"}],"wp:featuredmedia":[{"embeddable":true,"href":"https:\/\/conexmetals.com\/es\/wp-json\/wp\/v2\/media\/9342"}],"wp:attachment":[{"href":"https:\/\/conexmetals.com\/es\/wp-json\/wp\/v2\/media?parent=10019"}],"wp:term":[{"taxonomy":"product_brand","embeddable":true,"href":"https:\/\/conexmetals.com\/es\/wp-json\/wp\/v2\/product_brand?post=10019"},{"taxonomy":"product_cat","embeddable":true,"href":"https:\/\/conexmetals.com\/es\/wp-json\/wp\/v2\/product_cat?post=10019"},{"taxonomy":"product_tag","embeddable":true,"href":"https:\/\/conexmetals.com\/es\/wp-json\/wp\/v2\/product_tag?post=10019"}],"curies":[{"name":"wp","href":"https:\/\/api.w.org\/{rel}","templated":true}]}}