{"id":10022,"date":"2024-07-13T15:50:12","date_gmt":"2024-07-13T10:20:12","guid":{"rendered":"https:\/\/conexmetals.com\/product\/c90700-bronce-al-estano-sae-65-cda-907\/"},"modified":"2024-09-16T12:40:25","modified_gmt":"2024-09-16T07:10:25","slug":"c90700-bronce-al-estano-sae-65-cda-907","status":"publish","type":"product","link":"https:\/\/conexmetals.com\/es\/producto\/c90700-bronce-al-estano-sae-65-cda-907\/","title":{"rendered":"C90700 Bronce al esta\u00f1o, SAE 65 (CDA 907)"},"content":{"rendered":"","protected":false},"excerpt":{"rendered":"<p>C90700 (CDA 907) es una aleaci\u00f3n de fundici\u00f3n de bronce de alta resistencia de la India, ideal para componentes de servicio pesado en entornos marinos e industriales. Conex Metals es su fuente de confianza para C90700 Tin Bronze, SAE 65, que ofrece piezas s\u00f3lidas y piezas fundidas a pedido tanto en m\u00e9todos de fundici\u00f3n centr\u00edfuga (ASTM B271) como en arena (ASTM B584). Ofrecemos opciones de fundici\u00f3n tanto est\u00e1ndar como especiales para satisfacer sus necesidades espec\u00edficas. Nuestro equipo de expertos determinar\u00e1 el m\u00e9todo de fundici\u00f3n \u00f3ptimo en funci\u00f3n de su tama\u00f1o, especificaci\u00f3n y cantidad deseada. C90700 Tin Bronze es una aleaci\u00f3n vers\u00e1til que se utiliza en diversas aplicaciones exigentes, entre ellas:      <\/p>\n<ul>\n<li><strong>Engranajes<\/strong> : Debido a su alta resistencia y resistencia al desgaste, el C90700 es adecuado para la fabricaci\u00f3n de engranajes que necesitan soportar un estr\u00e9s mec\u00e1nico y una fricci\u00f3n significativos.<\/li>\n<li><strong>Engranajes helicoidales<\/strong> : la alta resistencia de la aleaci\u00f3n y su excelente resistencia al desgaste la hacen ideal para engranajes helicoidales, que se utilizan en aplicaciones que requieren alto torque y movimiento suave.<\/li>\n<li><strong>Bujes de cojinetes<\/strong> : la buena lubricidad de la aleaci\u00f3n y su resistencia al desgaste la hacen ideal para bujes de cojinetes, que requieren baja fricci\u00f3n y durabilidad para funcionar de manera eficiente a lo largo del tiempo.<\/li>\n<li><strong>Componentes de la v\u00e1lvula<\/strong> : La resistencia a la corrosi\u00f3n y la durabilidad del C90700 son beneficiosas para los componentes de la v\u00e1lvula, que deben soportar diversos entornos de fluidos y presiones sin degradarse.<\/li>\n<\/ul>\n<p>  Conf\u00ede en Conex Metals para ofrecer productos de bronce al esta\u00f1o C90700 de alta calidad que cumplan con sus especificaciones exactas. <strong>Composici\u00f3n qu\u00edmica del bronce al esta\u00f1o C90700:<\/strong> (% m\u00e1x., a menos que se muestre como rango o m\u00edn.)[table id=\"306\" \/] (1) Para determinar el Cu m\u00edn., el Cu puede calcularse como Cu + Ni. (2) El valor de Ni incluye Co. (3) Para coladas continuas, P debe ser 1,5 %, m\u00e1x. Nota: Cu + suma de elementos nombrados, 99,4 % m\u00edn. <strong>Propiedades mec\u00e1nicas C90700<\/strong> (medidas a temperatura ambiente, 68 F (20 C)  <strong><br \/>\n<\/strong>[table id=\"307\" \/]  *Resistencia a la fatiga: 100 x 10 <sup>6<\/sup> ciclos, a menos que se indique como [N]X 10 <sup>6<\/sup> .<strong><br \/>\n<\/strong><\/p>\n<p><strong>C90700 Especificaciones aplicables  <\/strong>[table id=\"308\" \/]<strong><br \/>\n<\/strong><\/p>\n<p>&nbsp;<\/p>\n","protected":false},"featured_media":0,"template":"","meta":[],"product_brand":[],"product_cat":[23],"product_tag":[],"class_list":{"0":"post-10022","1":"product","2":"type-product","3":"status-publish","5":"product_cat-products","7":"first","8":"instock","9":"shipping-taxable","10":"product-type-simple"},"yoast_head":"<!-- This site is optimized with the Yoast SEO plugin v27.3 - https:\/\/yoast.com\/product\/yoast-seo-wordpress\/ -->\n<title>C90700 Bronce al esta\u00f1o, SAE 65 (CDA 907)<\/title>\n<meta name=\"description\" content=\"Conex Metals ofrece soluciones de fundici\u00f3n especializadas para aleaci\u00f3n C90700 y bronce C90700, incluidas piezas fundidas de aleaci\u00f3n de bronce CDA 907 mecanizadas con precisi\u00f3n por CNC. Con un fuerte enfoque en el bronce al manganeso, nuestra fundici\u00f3n india ofrece productos de bronce C90700 de primera calidad para satisfacer diversas necesidades de la industria en India.\" \/>\n<meta name=\"robots\" content=\"index, follow, max-snippet:-1, max-image-preview:large, max-video-preview:-1\" \/>\n<link rel=\"canonical\" href=\"https:\/\/conexmetals.com\/es\/producto\/c90700-bronce-al-estano-sae-65-cda-907\/\" \/>\n<script type=\"application\/ld+json\" class=\"yoast-schema-graph\">{\"@context\":\"https:\\\/\\\/schema.org\",\"@graph\":[{\"@type\":\"WebPage\",\"@id\":\"https:\\\/\\\/conexmetals.com\\\/es\\\/producto\\\/c90700-bronce-al-estano-sae-65-cda-907\\\/\",\"url\":\"https:\\\/\\\/conexmetals.com\\\/es\\\/producto\\\/c90700-bronce-al-estano-sae-65-cda-907\\\/\",\"name\":\"C90700 Bronce al esta\u00f1o, SAE 65 (CDA 907)\",\"isPartOf\":{\"@id\":\"https:\\\/\\\/conexmetals.com\\\/es\\\/#website\"},\"datePublished\":\"2024-07-13T10:20:12+00:00\",\"dateModified\":\"2024-09-16T07:10:25+00:00\",\"description\":\"Conex Metals ofrece soluciones de fundici\u00f3n especializadas para aleaci\u00f3n C90700 y bronce C90700, incluidas piezas fundidas de aleaci\u00f3n de bronce CDA 907 mecanizadas con precisi\u00f3n por CNC. Con un fuerte enfoque en el bronce al manganeso, nuestra fundici\u00f3n india ofrece productos de bronce C90700 de primera calidad para satisfacer diversas necesidades de la industria en India.\",\"breadcrumb\":{\"@id\":\"https:\\\/\\\/conexmetals.com\\\/es\\\/producto\\\/c90700-bronce-al-estano-sae-65-cda-907\\\/#breadcrumb\"},\"inLanguage\":\"es\",\"potentialAction\":[{\"@type\":\"ReadAction\",\"target\":[\"https:\\\/\\\/conexmetals.com\\\/es\\\/producto\\\/c90700-bronce-al-estano-sae-65-cda-907\\\/\"]}]},{\"@type\":\"BreadcrumbList\",\"@id\":\"https:\\\/\\\/conexmetals.com\\\/es\\\/producto\\\/c90700-bronce-al-estano-sae-65-cda-907\\\/#breadcrumb\",\"itemListElement\":[{\"@type\":\"ListItem\",\"position\":1,\"name\":\"Home\",\"item\":\"https:\\\/\\\/conexmetals.com\\\/es\\\/hogar\\\/\"},{\"@type\":\"ListItem\",\"position\":2,\"name\":\"Products\",\"item\":\"https:\\\/\\\/conexmetals.com\\\/products\\\/\"},{\"@type\":\"ListItem\",\"position\":3,\"name\":\"C90700 Bronce al esta\u00f1o, SAE 65 (CDA 907)\"}]},{\"@type\":\"WebSite\",\"@id\":\"https:\\\/\\\/conexmetals.com\\\/es\\\/#website\",\"url\":\"https:\\\/\\\/conexmetals.com\\\/es\\\/\",\"name\":\"Conex Metals Brass Fittings Brass Parts Copper Parts Brass Components Brass Plumbing Fittings India\",\"description\":\"Manufacturer of Bronze Fittings casting Copper Brass parts components\",\"publisher\":{\"@id\":\"https:\\\/\\\/conexmetals.com\\\/es\\\/#organization\"},\"potentialAction\":[{\"@type\":\"SearchAction\",\"target\":{\"@type\":\"EntryPoint\",\"urlTemplate\":\"https:\\\/\\\/conexmetals.com\\\/es\\\/?s={search_term_string}\"},\"query-input\":{\"@type\":\"PropertyValueSpecification\",\"valueRequired\":true,\"valueName\":\"search_term_string\"}}],\"inLanguage\":\"es\"},{\"@type\":\"Organization\",\"@id\":\"https:\\\/\\\/conexmetals.com\\\/es\\\/#organization\",\"name\":\"Conex Metals Brass Fittings Brass Parts Copper Parts Brass Components Brass Plumbing Fittings India\",\"url\":\"https:\\\/\\\/conexmetals.com\\\/es\\\/\",\"logo\":{\"@type\":\"ImageObject\",\"inLanguage\":\"es\",\"@id\":\"https:\\\/\\\/conexmetals.com\\\/es\\\/#\\\/schema\\\/logo\\\/image\\\/\",\"url\":\"https:\\\/\\\/conexmetals.com\\\/wp-content\\\/uploads\\\/2024\\\/03\\\/conex-metals-logo.webp\",\"contentUrl\":\"https:\\\/\\\/conexmetals.com\\\/wp-content\\\/uploads\\\/2024\\\/03\\\/conex-metals-logo.webp\",\"width\":300,\"height\":121,\"caption\":\"Conex Metals Brass Fittings Brass Parts Copper Parts Brass Components Brass Plumbing Fittings India\"},\"image\":{\"@id\":\"https:\\\/\\\/conexmetals.com\\\/es\\\/#\\\/schema\\\/logo\\\/image\\\/\"},\"sameAs\":[\"https:\\\/\\\/www.facebook.com\\\/conexbrass\",\"https:\\\/\\\/x.com\\\/conexindia\",\"https:\\\/\\\/www.linkedin.com\\\/company\\\/conex-metals-india\\\/\",\"https:\\\/\\\/www.instagram.com\\\/conexindia\\\/\"]}]}<\/script>\n<!-- \/ Yoast SEO plugin. -->","yoast_head_json":{"title":"C90700 Bronce al esta\u00f1o, SAE 65 (CDA 907)","description":"Conex Metals ofrece soluciones de fundici\u00f3n especializadas para aleaci\u00f3n C90700 y bronce C90700, incluidas piezas fundidas de aleaci\u00f3n de bronce CDA 907 mecanizadas con precisi\u00f3n por CNC. Con un fuerte enfoque en el bronce al manganeso, nuestra fundici\u00f3n india ofrece productos de bronce C90700 de primera calidad para satisfacer diversas necesidades de la industria en India.","robots":{"index":"index","follow":"follow","max-snippet":"max-snippet:-1","max-image-preview":"max-image-preview:large","max-video-preview":"max-video-preview:-1"},"canonical":"https:\/\/conexmetals.com\/es\/producto\/c90700-bronce-al-estano-sae-65-cda-907\/","schema":{"@context":"https:\/\/schema.org","@graph":[{"@type":"WebPage","@id":"https:\/\/conexmetals.com\/es\/producto\/c90700-bronce-al-estano-sae-65-cda-907\/","url":"https:\/\/conexmetals.com\/es\/producto\/c90700-bronce-al-estano-sae-65-cda-907\/","name":"C90700 Bronce al esta\u00f1o, SAE 65 (CDA 907)","isPartOf":{"@id":"https:\/\/conexmetals.com\/es\/#website"},"datePublished":"2024-07-13T10:20:12+00:00","dateModified":"2024-09-16T07:10:25+00:00","description":"Conex Metals ofrece soluciones de fundici\u00f3n especializadas para aleaci\u00f3n C90700 y bronce C90700, incluidas piezas fundidas de aleaci\u00f3n de bronce CDA 907 mecanizadas con precisi\u00f3n por CNC. Con un fuerte enfoque en el bronce al manganeso, nuestra fundici\u00f3n india ofrece productos de bronce C90700 de primera calidad para satisfacer diversas necesidades de la industria en India.","breadcrumb":{"@id":"https:\/\/conexmetals.com\/es\/producto\/c90700-bronce-al-estano-sae-65-cda-907\/#breadcrumb"},"inLanguage":"es","potentialAction":[{"@type":"ReadAction","target":["https:\/\/conexmetals.com\/es\/producto\/c90700-bronce-al-estano-sae-65-cda-907\/"]}]},{"@type":"BreadcrumbList","@id":"https:\/\/conexmetals.com\/es\/producto\/c90700-bronce-al-estano-sae-65-cda-907\/#breadcrumb","itemListElement":[{"@type":"ListItem","position":1,"name":"Home","item":"https:\/\/conexmetals.com\/es\/hogar\/"},{"@type":"ListItem","position":2,"name":"Products","item":"https:\/\/conexmetals.com\/products\/"},{"@type":"ListItem","position":3,"name":"C90700 Bronce al esta\u00f1o, SAE 65 (CDA 907)"}]},{"@type":"WebSite","@id":"https:\/\/conexmetals.com\/es\/#website","url":"https:\/\/conexmetals.com\/es\/","name":"Conex Metals Brass Fittings Brass Parts Copper Parts Brass Components Brass Plumbing Fittings India","description":"Manufacturer of Bronze Fittings casting Copper Brass parts components","publisher":{"@id":"https:\/\/conexmetals.com\/es\/#organization"},"potentialAction":[{"@type":"SearchAction","target":{"@type":"EntryPoint","urlTemplate":"https:\/\/conexmetals.com\/es\/?s={search_term_string}"},"query-input":{"@type":"PropertyValueSpecification","valueRequired":true,"valueName":"search_term_string"}}],"inLanguage":"es"},{"@type":"Organization","@id":"https:\/\/conexmetals.com\/es\/#organization","name":"Conex Metals Brass Fittings Brass Parts Copper Parts Brass Components Brass Plumbing Fittings India","url":"https:\/\/conexmetals.com\/es\/","logo":{"@type":"ImageObject","inLanguage":"es","@id":"https:\/\/conexmetals.com\/es\/#\/schema\/logo\/image\/","url":"https:\/\/conexmetals.com\/wp-content\/uploads\/2024\/03\/conex-metals-logo.webp","contentUrl":"https:\/\/conexmetals.com\/wp-content\/uploads\/2024\/03\/conex-metals-logo.webp","width":300,"height":121,"caption":"Conex Metals Brass Fittings Brass Parts Copper Parts Brass Components Brass Plumbing Fittings India"},"image":{"@id":"https:\/\/conexmetals.com\/es\/#\/schema\/logo\/image\/"},"sameAs":["https:\/\/www.facebook.com\/conexbrass","https:\/\/x.com\/conexindia","https:\/\/www.linkedin.com\/company\/conex-metals-india\/","https:\/\/www.instagram.com\/conexindia\/"]}]}},"_links":{"self":[{"href":"https:\/\/conexmetals.com\/es\/wp-json\/wp\/v2\/product\/10022","targetHints":{"allow":["GET"]}}],"collection":[{"href":"https:\/\/conexmetals.com\/es\/wp-json\/wp\/v2\/product"}],"about":[{"href":"https:\/\/conexmetals.com\/es\/wp-json\/wp\/v2\/types\/product"}],"wp:attachment":[{"href":"https:\/\/conexmetals.com\/es\/wp-json\/wp\/v2\/media?parent=10022"}],"wp:term":[{"taxonomy":"product_brand","embeddable":true,"href":"https:\/\/conexmetals.com\/es\/wp-json\/wp\/v2\/product_brand?post=10022"},{"taxonomy":"product_cat","embeddable":true,"href":"https:\/\/conexmetals.com\/es\/wp-json\/wp\/v2\/product_cat?post=10022"},{"taxonomy":"product_tag","embeddable":true,"href":"https:\/\/conexmetals.com\/es\/wp-json\/wp\/v2\/product_tag?post=10022"}],"curies":[{"name":"wp","href":"https:\/\/api.w.org\/{rel}","templated":true}]}}