{"id":10028,"date":"2024-07-13T14:28:20","date_gmt":"2024-07-13T08:58:20","guid":{"rendered":"https:\/\/conexmetals.com\/product\/c90500-bronce-al-estano-cda-905\/"},"modified":"2024-09-16T12:40:25","modified_gmt":"2024-09-16T07:10:25","slug":"c90500-bronce-al-estano-cda-905","status":"publish","type":"product","link":"https:\/\/conexmetals.com\/es\/producto\/c90500-bronce-al-estano-cda-905\/","title":{"rendered":"C90500 Bronce al esta\u00f1o (CDA 905)"},"content":{"rendered":"","protected":false},"excerpt":{"rendered":"<p>C90500 (CDA 905) es una aleaci\u00f3n de fundici\u00f3n de bronce reconocida producida en India, celebrada por su excelente resistencia a la corrosi\u00f3n y versatilidad en aplicaciones industriales. Conex Metals es su fuente confiable de bronce de esta\u00f1o C90500, tambi\u00e9n conocido como Gun Metal SAE 62, que ofrece s\u00f3lidos, barras con n\u00facleo y fundiciones hechas a pedido. Ofrecemos opciones de fundici\u00f3n tanto est\u00e1ndar como especiales para satisfacer sus necesidades espec\u00edficas. Nuestro equipo de expertos determinar\u00e1 el m\u00e9todo de fundici\u00f3n \u00f3ptimo seg\u00fan su tama\u00f1o, especificaci\u00f3n y cantidad deseada. <strong>El bronce de esta\u00f1o C90500 es una aleaci\u00f3n vers\u00e1til que se utiliza en varias aplicaciones exigentes, que incluyen:<\/strong> &#8211; Cojinetes y bujes &#8211; Componentes de v\u00e1lvulas &#8211; Accesorios de vapor &#8211; Impulsores de bombas &#8211; Anillos de sello &#8211; Engranajes <strong>Composici\u00f3n qu\u00edmica del bronce de esta\u00f1o C90500:<\/strong> (% m\u00e1x., a menos que se muestre como rango o m\u00edn.)[table id=\"303\" \/] (1) Para determinar el Cu m\u00edn., el Cu puede calcularse como Cu + Ni. (2) El valor de Ni incluye Co. (3) Para fundiciones continuas, P debe ser 1,5 %, m\u00e1x. Nota: Cu + Suma de elementos nombrados, 99,7 % m\u00edn. <strong>Propiedades mec\u00e1nicas del bronce al esta\u00f1o C90500:<\/strong> (medido a temperatura ambiente, 68 F (20 C)[table id=\"304\" \/] *Resistencia a la fatiga: 100 x 10 <sup>6<\/sup> ciclos, a menos que se indique como [N]X 10 <sup>6<\/sup> . <strong>Especificaciones aplicables del bronce al esta\u00f1o C90500:<\/strong>      [table id=\"305\" \/]<strong><br \/>\n<\/strong><\/p>\n<p>&nbsp;<\/p>\n","protected":false},"featured_media":0,"template":"","meta":[],"product_brand":[],"product_cat":[308],"product_tag":[],"class_list":{"0":"post-10028","1":"product","2":"type-product","3":"status-publish","5":"product_cat-sin-categorizar","7":"first","8":"instock","9":"shipping-taxable","10":"product-type-simple"},"yoast_head":"<!-- This site is optimized with the Yoast SEO plugin v27.3 - https:\/\/yoast.com\/product\/yoast-seo-wordpress\/ -->\n<title>C90500 Bronce al esta\u00f1o (CDA 905)<\/title>\n<meta name=\"description\" content=\"Conex Metals es un importante fabricante indio de piezas fundidas de aleaci\u00f3n C90500 y bronce C90500. Nuestra fundici\u00f3n india produce piezas fundidas de aleaci\u00f3n de bronce CDA 905 mecanizadas con CNC de alta calidad, centr\u00e1ndose en la precisi\u00f3n y durabilidad en la fundici\u00f3n de bronce al manganeso. El\u00edjanos para obtener productos de bronce C90500 confiables en India.\" \/>\n<meta name=\"robots\" content=\"index, follow, max-snippet:-1, max-image-preview:large, max-video-preview:-1\" \/>\n<link rel=\"canonical\" href=\"https:\/\/conexmetals.com\/es\/producto\/c90500-bronce-al-estano-cda-905\/\" \/>\n<script type=\"application\/ld+json\" class=\"yoast-schema-graph\">{\"@context\":\"https:\\\/\\\/schema.org\",\"@graph\":[{\"@type\":\"WebPage\",\"@id\":\"https:\\\/\\\/conexmetals.com\\\/es\\\/producto\\\/c90500-bronce-al-estano-cda-905\\\/\",\"url\":\"https:\\\/\\\/conexmetals.com\\\/es\\\/producto\\\/c90500-bronce-al-estano-cda-905\\\/\",\"name\":\"C90500 Bronce al esta\u00f1o (CDA 905)\",\"isPartOf\":{\"@id\":\"https:\\\/\\\/conexmetals.com\\\/es\\\/#website\"},\"datePublished\":\"2024-07-13T08:58:20+00:00\",\"dateModified\":\"2024-09-16T07:10:25+00:00\",\"description\":\"Conex Metals es un importante fabricante indio de piezas fundidas de aleaci\u00f3n C90500 y bronce C90500. Nuestra fundici\u00f3n india produce piezas fundidas de aleaci\u00f3n de bronce CDA 905 mecanizadas con CNC de alta calidad, centr\u00e1ndose en la precisi\u00f3n y durabilidad en la fundici\u00f3n de bronce al manganeso. El\u00edjanos para obtener productos de bronce C90500 confiables en India.\",\"breadcrumb\":{\"@id\":\"https:\\\/\\\/conexmetals.com\\\/es\\\/producto\\\/c90500-bronce-al-estano-cda-905\\\/#breadcrumb\"},\"inLanguage\":\"es\",\"potentialAction\":[{\"@type\":\"ReadAction\",\"target\":[\"https:\\\/\\\/conexmetals.com\\\/es\\\/producto\\\/c90500-bronce-al-estano-cda-905\\\/\"]}]},{\"@type\":\"BreadcrumbList\",\"@id\":\"https:\\\/\\\/conexmetals.com\\\/es\\\/producto\\\/c90500-bronce-al-estano-cda-905\\\/#breadcrumb\",\"itemListElement\":[{\"@type\":\"ListItem\",\"position\":1,\"name\":\"Home\",\"item\":\"https:\\\/\\\/conexmetals.com\\\/es\\\/hogar\\\/\"},{\"@type\":\"ListItem\",\"position\":2,\"name\":\"Products\",\"item\":\"https:\\\/\\\/conexmetals.com\\\/products\\\/\"},{\"@type\":\"ListItem\",\"position\":3,\"name\":\"C90500 Bronce al esta\u00f1o (CDA 905)\"}]},{\"@type\":\"WebSite\",\"@id\":\"https:\\\/\\\/conexmetals.com\\\/es\\\/#website\",\"url\":\"https:\\\/\\\/conexmetals.com\\\/es\\\/\",\"name\":\"Conex Metals Brass Fittings Brass Parts Copper Parts Brass Components Brass Plumbing Fittings India\",\"description\":\"Manufacturer of Bronze Fittings casting Copper Brass parts components\",\"publisher\":{\"@id\":\"https:\\\/\\\/conexmetals.com\\\/es\\\/#organization\"},\"potentialAction\":[{\"@type\":\"SearchAction\",\"target\":{\"@type\":\"EntryPoint\",\"urlTemplate\":\"https:\\\/\\\/conexmetals.com\\\/es\\\/?s={search_term_string}\"},\"query-input\":{\"@type\":\"PropertyValueSpecification\",\"valueRequired\":true,\"valueName\":\"search_term_string\"}}],\"inLanguage\":\"es\"},{\"@type\":\"Organization\",\"@id\":\"https:\\\/\\\/conexmetals.com\\\/es\\\/#organization\",\"name\":\"Conex Metals Brass Fittings Brass Parts Copper Parts Brass Components Brass Plumbing Fittings India\",\"url\":\"https:\\\/\\\/conexmetals.com\\\/es\\\/\",\"logo\":{\"@type\":\"ImageObject\",\"inLanguage\":\"es\",\"@id\":\"https:\\\/\\\/conexmetals.com\\\/es\\\/#\\\/schema\\\/logo\\\/image\\\/\",\"url\":\"https:\\\/\\\/conexmetals.com\\\/wp-content\\\/uploads\\\/2024\\\/03\\\/conex-metals-logo.webp\",\"contentUrl\":\"https:\\\/\\\/conexmetals.com\\\/wp-content\\\/uploads\\\/2024\\\/03\\\/conex-metals-logo.webp\",\"width\":300,\"height\":121,\"caption\":\"Conex Metals Brass Fittings Brass Parts Copper Parts Brass Components Brass Plumbing Fittings India\"},\"image\":{\"@id\":\"https:\\\/\\\/conexmetals.com\\\/es\\\/#\\\/schema\\\/logo\\\/image\\\/\"},\"sameAs\":[\"https:\\\/\\\/www.facebook.com\\\/conexbrass\",\"https:\\\/\\\/x.com\\\/conexindia\",\"https:\\\/\\\/www.linkedin.com\\\/company\\\/conex-metals-india\\\/\",\"https:\\\/\\\/www.instagram.com\\\/conexindia\\\/\"]}]}<\/script>\n<!-- \/ Yoast SEO plugin. -->","yoast_head_json":{"title":"C90500 Bronce al esta\u00f1o (CDA 905)","description":"Conex Metals es un importante fabricante indio de piezas fundidas de aleaci\u00f3n C90500 y bronce C90500. Nuestra fundici\u00f3n india produce piezas fundidas de aleaci\u00f3n de bronce CDA 905 mecanizadas con CNC de alta calidad, centr\u00e1ndose en la precisi\u00f3n y durabilidad en la fundici\u00f3n de bronce al manganeso. El\u00edjanos para obtener productos de bronce C90500 confiables en India.","robots":{"index":"index","follow":"follow","max-snippet":"max-snippet:-1","max-image-preview":"max-image-preview:large","max-video-preview":"max-video-preview:-1"},"canonical":"https:\/\/conexmetals.com\/es\/producto\/c90500-bronce-al-estano-cda-905\/","schema":{"@context":"https:\/\/schema.org","@graph":[{"@type":"WebPage","@id":"https:\/\/conexmetals.com\/es\/producto\/c90500-bronce-al-estano-cda-905\/","url":"https:\/\/conexmetals.com\/es\/producto\/c90500-bronce-al-estano-cda-905\/","name":"C90500 Bronce al esta\u00f1o (CDA 905)","isPartOf":{"@id":"https:\/\/conexmetals.com\/es\/#website"},"datePublished":"2024-07-13T08:58:20+00:00","dateModified":"2024-09-16T07:10:25+00:00","description":"Conex Metals es un importante fabricante indio de piezas fundidas de aleaci\u00f3n C90500 y bronce C90500. Nuestra fundici\u00f3n india produce piezas fundidas de aleaci\u00f3n de bronce CDA 905 mecanizadas con CNC de alta calidad, centr\u00e1ndose en la precisi\u00f3n y durabilidad en la fundici\u00f3n de bronce al manganeso. El\u00edjanos para obtener productos de bronce C90500 confiables en India.","breadcrumb":{"@id":"https:\/\/conexmetals.com\/es\/producto\/c90500-bronce-al-estano-cda-905\/#breadcrumb"},"inLanguage":"es","potentialAction":[{"@type":"ReadAction","target":["https:\/\/conexmetals.com\/es\/producto\/c90500-bronce-al-estano-cda-905\/"]}]},{"@type":"BreadcrumbList","@id":"https:\/\/conexmetals.com\/es\/producto\/c90500-bronce-al-estano-cda-905\/#breadcrumb","itemListElement":[{"@type":"ListItem","position":1,"name":"Home","item":"https:\/\/conexmetals.com\/es\/hogar\/"},{"@type":"ListItem","position":2,"name":"Products","item":"https:\/\/conexmetals.com\/products\/"},{"@type":"ListItem","position":3,"name":"C90500 Bronce al esta\u00f1o (CDA 905)"}]},{"@type":"WebSite","@id":"https:\/\/conexmetals.com\/es\/#website","url":"https:\/\/conexmetals.com\/es\/","name":"Conex Metals Brass Fittings Brass Parts Copper Parts Brass Components Brass Plumbing Fittings India","description":"Manufacturer of Bronze Fittings casting Copper Brass parts components","publisher":{"@id":"https:\/\/conexmetals.com\/es\/#organization"},"potentialAction":[{"@type":"SearchAction","target":{"@type":"EntryPoint","urlTemplate":"https:\/\/conexmetals.com\/es\/?s={search_term_string}"},"query-input":{"@type":"PropertyValueSpecification","valueRequired":true,"valueName":"search_term_string"}}],"inLanguage":"es"},{"@type":"Organization","@id":"https:\/\/conexmetals.com\/es\/#organization","name":"Conex Metals Brass Fittings Brass Parts Copper Parts Brass Components Brass Plumbing Fittings India","url":"https:\/\/conexmetals.com\/es\/","logo":{"@type":"ImageObject","inLanguage":"es","@id":"https:\/\/conexmetals.com\/es\/#\/schema\/logo\/image\/","url":"https:\/\/conexmetals.com\/wp-content\/uploads\/2024\/03\/conex-metals-logo.webp","contentUrl":"https:\/\/conexmetals.com\/wp-content\/uploads\/2024\/03\/conex-metals-logo.webp","width":300,"height":121,"caption":"Conex Metals Brass Fittings Brass Parts Copper Parts Brass Components Brass Plumbing Fittings India"},"image":{"@id":"https:\/\/conexmetals.com\/es\/#\/schema\/logo\/image\/"},"sameAs":["https:\/\/www.facebook.com\/conexbrass","https:\/\/x.com\/conexindia","https:\/\/www.linkedin.com\/company\/conex-metals-india\/","https:\/\/www.instagram.com\/conexindia\/"]}]}},"_links":{"self":[{"href":"https:\/\/conexmetals.com\/es\/wp-json\/wp\/v2\/product\/10028","targetHints":{"allow":["GET"]}}],"collection":[{"href":"https:\/\/conexmetals.com\/es\/wp-json\/wp\/v2\/product"}],"about":[{"href":"https:\/\/conexmetals.com\/es\/wp-json\/wp\/v2\/types\/product"}],"wp:attachment":[{"href":"https:\/\/conexmetals.com\/es\/wp-json\/wp\/v2\/media?parent=10028"}],"wp:term":[{"taxonomy":"product_brand","embeddable":true,"href":"https:\/\/conexmetals.com\/es\/wp-json\/wp\/v2\/product_brand?post=10028"},{"taxonomy":"product_cat","embeddable":true,"href":"https:\/\/conexmetals.com\/es\/wp-json\/wp\/v2\/product_cat?post=10028"},{"taxonomy":"product_tag","embeddable":true,"href":"https:\/\/conexmetals.com\/es\/wp-json\/wp\/v2\/product_tag?post=10028"}],"curies":[{"name":"wp","href":"https:\/\/api.w.org\/{rel}","templated":true}]}}