{"id":10032,"date":"2024-07-15T12:19:27","date_gmt":"2024-07-15T06:49:27","guid":{"rendered":"https:\/\/conexmetals.com\/product\/c86500-bronce-amarillo-de-alta-resistencia-cda-865\/"},"modified":"2024-09-16T12:40:25","modified_gmt":"2024-09-16T07:10:25","slug":"c86500-bronce-amarillo-de-alta-resistencia-cda-865","status":"publish","type":"product","link":"https:\/\/conexmetals.com\/es\/producto\/c86500-bronce-amarillo-de-alta-resistencia-cda-865\/","title":{"rendered":"C86500 Bronce amarillo de alta resistencia (CDA 865)"},"content":{"rendered":"","protected":false},"excerpt":{"rendered":"<p>C86500 (CDA 865) es una aleaci\u00f3n de bronce para fundici\u00f3n duradera producida en India, reconocida por su resistencia superior al desgaste en aplicaciones industriales de alta resistencia. Conex Metals es su fuente de confianza para bronce amarillo de alta resistencia C86500, que ofrece piezas fundidas a pedido adaptadas a sus necesidades espec\u00edficas. Si bien esta aleaci\u00f3n no est\u00e1 disponible en el mercado, nuestro equipo de expertos trabajar\u00e1 en estrecha colaboraci\u00f3n con usted para ofrecer piezas fundidas de alta calidad que cumplan con sus especificaciones exactas. Ofrecemos varios m\u00e9todos de fundici\u00f3n, que incluyen fundici\u00f3n en arena (ASTM B584), fundici\u00f3n centr\u00edfuga (ASTM B271) y fundici\u00f3n continua (ASTM B505), para garantizar el producto \u00f3ptimo para su aplicaci\u00f3n. Nuestro equipo lo guiar\u00e1 en la selecci\u00f3n del mejor m\u00e9todo de fundici\u00f3n seg\u00fan sus especificaciones y la cantidad deseada. <strong>El bronce amarillo de alta resistencia C86500 es una aleaci\u00f3n vers\u00e1til que se utiliza en diversas aplicaciones exigentes, entre las que se incluyen:<\/strong> &#8211; Engranajes &#8211; V\u00e1stagos de v\u00e1lvulas &#8211; Brazos de palanca &#8211; Piezas de maquinaria que requieren resistencia y dureza &#8211; Muchas otras aplicaciones donde la resistencia y la durabilidad son cruciales Conf\u00ede en Conex Metals para entregar fundiciones de bronce amarillo de alta resistencia C86500 de alta calidad que cumplan con sus especificaciones exactas. <strong>Composici\u00f3n qu\u00edmica de C86500:<\/strong> (% m\u00e1x., a menos que se muestre como rango o m\u00edn.)[table id=\"288\" \/] (1) Para determinar el Cu m\u00edn., Cu puede calcularse como Cu + Ni. (2) El valor de Ni incluye Co. Nota: Cu + Suma de elementos nombrados, 99,0 % m\u00edn. <strong>Propiedades mec\u00e1nicas C86500:<\/strong> (medido a temperatura ambiente, 68 F (20 C)      <strong><br \/>\n<\/strong><\/p>\n<p>[table id=\"289\" \/]  *Resistencia a la fatiga: 100 x 10 <sup>6<\/sup> ciclos, a menos que se indique como [N]X 10 <sup>6<\/sup> .&nbsp; <strong>C86500 Especificaciones aplicables:<\/strong> [table id=\"290\" \/]<\/p>\n","protected":false},"featured_media":0,"template":"","meta":[],"product_brand":[],"product_cat":[308],"product_tag":[],"class_list":{"0":"post-10032","1":"product","2":"type-product","3":"status-publish","5":"product_cat-sin-categorizar","7":"first","8":"instock","9":"shipping-taxable","10":"product-type-simple"},"yoast_head":"<!-- This site is optimized with the Yoast SEO plugin v27.3 - https:\/\/yoast.com\/product\/yoast-seo-wordpress\/ -->\n<title>C86500 Bronce amarillo de alta resistencia (CDA 865)<\/title>\n<meta name=\"description\" content=\"Conex Metals es una fundici\u00f3n l\u00edder en la India especializada en fundici\u00f3n de aleaciones C86500 y bronce C86500. Como proveedor y fabricante l\u00edder en la India, ofrecemos fundici\u00f3n de aleaciones de bronce al manganeso de alta calidad, incluida la CDA 865. Nuestras fundiciones de aleaciones de bronce C86500 mecanizadas por CNC garantizan precisi\u00f3n y rendimiento. Elija Conex Metals para obtener soluciones superiores de fundici\u00f3n de bronce C86500 y bronce al manganeso de una fundici\u00f3n de confianza en la India.\" \/>\n<meta name=\"robots\" content=\"index, follow, max-snippet:-1, max-image-preview:large, max-video-preview:-1\" \/>\n<link rel=\"canonical\" href=\"https:\/\/conexmetals.com\/es\/producto\/c86500-bronce-amarillo-de-alta-resistencia-cda-865\/\" \/>\n<script type=\"application\/ld+json\" class=\"yoast-schema-graph\">{\"@context\":\"https:\\\/\\\/schema.org\",\"@graph\":[{\"@type\":\"WebPage\",\"@id\":\"https:\\\/\\\/conexmetals.com\\\/es\\\/producto\\\/c86500-bronce-amarillo-de-alta-resistencia-cda-865\\\/\",\"url\":\"https:\\\/\\\/conexmetals.com\\\/es\\\/producto\\\/c86500-bronce-amarillo-de-alta-resistencia-cda-865\\\/\",\"name\":\"C86500 Bronce amarillo de alta resistencia (CDA 865)\",\"isPartOf\":{\"@id\":\"https:\\\/\\\/conexmetals.com\\\/es\\\/#website\"},\"datePublished\":\"2024-07-15T06:49:27+00:00\",\"dateModified\":\"2024-09-16T07:10:25+00:00\",\"description\":\"Conex Metals es una fundici\u00f3n l\u00edder en la India especializada en fundici\u00f3n de aleaciones C86500 y bronce C86500. Como proveedor y fabricante l\u00edder en la India, ofrecemos fundici\u00f3n de aleaciones de bronce al manganeso de alta calidad, incluida la CDA 865. Nuestras fundiciones de aleaciones de bronce C86500 mecanizadas por CNC garantizan precisi\u00f3n y rendimiento. Elija Conex Metals para obtener soluciones superiores de fundici\u00f3n de bronce C86500 y bronce al manganeso de una fundici\u00f3n de confianza en la India.\",\"breadcrumb\":{\"@id\":\"https:\\\/\\\/conexmetals.com\\\/es\\\/producto\\\/c86500-bronce-amarillo-de-alta-resistencia-cda-865\\\/#breadcrumb\"},\"inLanguage\":\"es\",\"potentialAction\":[{\"@type\":\"ReadAction\",\"target\":[\"https:\\\/\\\/conexmetals.com\\\/es\\\/producto\\\/c86500-bronce-amarillo-de-alta-resistencia-cda-865\\\/\"]}]},{\"@type\":\"BreadcrumbList\",\"@id\":\"https:\\\/\\\/conexmetals.com\\\/es\\\/producto\\\/c86500-bronce-amarillo-de-alta-resistencia-cda-865\\\/#breadcrumb\",\"itemListElement\":[{\"@type\":\"ListItem\",\"position\":1,\"name\":\"Home\",\"item\":\"https:\\\/\\\/conexmetals.com\\\/es\\\/hogar\\\/\"},{\"@type\":\"ListItem\",\"position\":2,\"name\":\"Products\",\"item\":\"https:\\\/\\\/conexmetals.com\\\/products\\\/\"},{\"@type\":\"ListItem\",\"position\":3,\"name\":\"C86500 Bronce amarillo de alta resistencia (CDA 865)\"}]},{\"@type\":\"WebSite\",\"@id\":\"https:\\\/\\\/conexmetals.com\\\/es\\\/#website\",\"url\":\"https:\\\/\\\/conexmetals.com\\\/es\\\/\",\"name\":\"Conex Metals Brass Fittings Brass Parts Copper Parts Brass Components Brass Plumbing Fittings India\",\"description\":\"Manufacturer of Bronze Fittings casting Copper Brass parts components\",\"publisher\":{\"@id\":\"https:\\\/\\\/conexmetals.com\\\/es\\\/#organization\"},\"potentialAction\":[{\"@type\":\"SearchAction\",\"target\":{\"@type\":\"EntryPoint\",\"urlTemplate\":\"https:\\\/\\\/conexmetals.com\\\/es\\\/?s={search_term_string}\"},\"query-input\":{\"@type\":\"PropertyValueSpecification\",\"valueRequired\":true,\"valueName\":\"search_term_string\"}}],\"inLanguage\":\"es\"},{\"@type\":\"Organization\",\"@id\":\"https:\\\/\\\/conexmetals.com\\\/es\\\/#organization\",\"name\":\"Conex Metals Brass Fittings Brass Parts Copper Parts Brass Components Brass Plumbing Fittings India\",\"url\":\"https:\\\/\\\/conexmetals.com\\\/es\\\/\",\"logo\":{\"@type\":\"ImageObject\",\"inLanguage\":\"es\",\"@id\":\"https:\\\/\\\/conexmetals.com\\\/es\\\/#\\\/schema\\\/logo\\\/image\\\/\",\"url\":\"https:\\\/\\\/conexmetals.com\\\/wp-content\\\/uploads\\\/2024\\\/03\\\/conex-metals-logo.webp\",\"contentUrl\":\"https:\\\/\\\/conexmetals.com\\\/wp-content\\\/uploads\\\/2024\\\/03\\\/conex-metals-logo.webp\",\"width\":300,\"height\":121,\"caption\":\"Conex Metals Brass Fittings Brass Parts Copper Parts Brass Components Brass Plumbing Fittings India\"},\"image\":{\"@id\":\"https:\\\/\\\/conexmetals.com\\\/es\\\/#\\\/schema\\\/logo\\\/image\\\/\"},\"sameAs\":[\"https:\\\/\\\/www.facebook.com\\\/conexbrass\",\"https:\\\/\\\/x.com\\\/conexindia\",\"https:\\\/\\\/www.linkedin.com\\\/company\\\/conex-metals-india\\\/\",\"https:\\\/\\\/www.instagram.com\\\/conexindia\\\/\"]}]}<\/script>\n<!-- \/ Yoast SEO plugin. -->","yoast_head_json":{"title":"C86500 Bronce amarillo de alta resistencia (CDA 865)","description":"Conex Metals es una fundici\u00f3n l\u00edder en la India especializada en fundici\u00f3n de aleaciones C86500 y bronce C86500. Como proveedor y fabricante l\u00edder en la India, ofrecemos fundici\u00f3n de aleaciones de bronce al manganeso de alta calidad, incluida la CDA 865. Nuestras fundiciones de aleaciones de bronce C86500 mecanizadas por CNC garantizan precisi\u00f3n y rendimiento. Elija Conex Metals para obtener soluciones superiores de fundici\u00f3n de bronce C86500 y bronce al manganeso de una fundici\u00f3n de confianza en la India.","robots":{"index":"index","follow":"follow","max-snippet":"max-snippet:-1","max-image-preview":"max-image-preview:large","max-video-preview":"max-video-preview:-1"},"canonical":"https:\/\/conexmetals.com\/es\/producto\/c86500-bronce-amarillo-de-alta-resistencia-cda-865\/","schema":{"@context":"https:\/\/schema.org","@graph":[{"@type":"WebPage","@id":"https:\/\/conexmetals.com\/es\/producto\/c86500-bronce-amarillo-de-alta-resistencia-cda-865\/","url":"https:\/\/conexmetals.com\/es\/producto\/c86500-bronce-amarillo-de-alta-resistencia-cda-865\/","name":"C86500 Bronce amarillo de alta resistencia (CDA 865)","isPartOf":{"@id":"https:\/\/conexmetals.com\/es\/#website"},"datePublished":"2024-07-15T06:49:27+00:00","dateModified":"2024-09-16T07:10:25+00:00","description":"Conex Metals es una fundici\u00f3n l\u00edder en la India especializada en fundici\u00f3n de aleaciones C86500 y bronce C86500. Como proveedor y fabricante l\u00edder en la India, ofrecemos fundici\u00f3n de aleaciones de bronce al manganeso de alta calidad, incluida la CDA 865. Nuestras fundiciones de aleaciones de bronce C86500 mecanizadas por CNC garantizan precisi\u00f3n y rendimiento. Elija Conex Metals para obtener soluciones superiores de fundici\u00f3n de bronce C86500 y bronce al manganeso de una fundici\u00f3n de confianza en la India.","breadcrumb":{"@id":"https:\/\/conexmetals.com\/es\/producto\/c86500-bronce-amarillo-de-alta-resistencia-cda-865\/#breadcrumb"},"inLanguage":"es","potentialAction":[{"@type":"ReadAction","target":["https:\/\/conexmetals.com\/es\/producto\/c86500-bronce-amarillo-de-alta-resistencia-cda-865\/"]}]},{"@type":"BreadcrumbList","@id":"https:\/\/conexmetals.com\/es\/producto\/c86500-bronce-amarillo-de-alta-resistencia-cda-865\/#breadcrumb","itemListElement":[{"@type":"ListItem","position":1,"name":"Home","item":"https:\/\/conexmetals.com\/es\/hogar\/"},{"@type":"ListItem","position":2,"name":"Products","item":"https:\/\/conexmetals.com\/products\/"},{"@type":"ListItem","position":3,"name":"C86500 Bronce amarillo de alta resistencia (CDA 865)"}]},{"@type":"WebSite","@id":"https:\/\/conexmetals.com\/es\/#website","url":"https:\/\/conexmetals.com\/es\/","name":"Conex Metals Brass Fittings Brass Parts Copper Parts Brass Components Brass Plumbing Fittings India","description":"Manufacturer of Bronze Fittings casting Copper Brass parts components","publisher":{"@id":"https:\/\/conexmetals.com\/es\/#organization"},"potentialAction":[{"@type":"SearchAction","target":{"@type":"EntryPoint","urlTemplate":"https:\/\/conexmetals.com\/es\/?s={search_term_string}"},"query-input":{"@type":"PropertyValueSpecification","valueRequired":true,"valueName":"search_term_string"}}],"inLanguage":"es"},{"@type":"Organization","@id":"https:\/\/conexmetals.com\/es\/#organization","name":"Conex Metals Brass Fittings Brass Parts Copper Parts Brass Components Brass Plumbing Fittings India","url":"https:\/\/conexmetals.com\/es\/","logo":{"@type":"ImageObject","inLanguage":"es","@id":"https:\/\/conexmetals.com\/es\/#\/schema\/logo\/image\/","url":"https:\/\/conexmetals.com\/wp-content\/uploads\/2024\/03\/conex-metals-logo.webp","contentUrl":"https:\/\/conexmetals.com\/wp-content\/uploads\/2024\/03\/conex-metals-logo.webp","width":300,"height":121,"caption":"Conex Metals Brass Fittings Brass Parts Copper Parts Brass Components Brass Plumbing Fittings India"},"image":{"@id":"https:\/\/conexmetals.com\/es\/#\/schema\/logo\/image\/"},"sameAs":["https:\/\/www.facebook.com\/conexbrass","https:\/\/x.com\/conexindia","https:\/\/www.linkedin.com\/company\/conex-metals-india\/","https:\/\/www.instagram.com\/conexindia\/"]}]}},"_links":{"self":[{"href":"https:\/\/conexmetals.com\/es\/wp-json\/wp\/v2\/product\/10032","targetHints":{"allow":["GET"]}}],"collection":[{"href":"https:\/\/conexmetals.com\/es\/wp-json\/wp\/v2\/product"}],"about":[{"href":"https:\/\/conexmetals.com\/es\/wp-json\/wp\/v2\/types\/product"}],"wp:attachment":[{"href":"https:\/\/conexmetals.com\/es\/wp-json\/wp\/v2\/media?parent=10032"}],"wp:term":[{"taxonomy":"product_brand","embeddable":true,"href":"https:\/\/conexmetals.com\/es\/wp-json\/wp\/v2\/product_brand?post=10032"},{"taxonomy":"product_cat","embeddable":true,"href":"https:\/\/conexmetals.com\/es\/wp-json\/wp\/v2\/product_cat?post=10032"},{"taxonomy":"product_tag","embeddable":true,"href":"https:\/\/conexmetals.com\/es\/wp-json\/wp\/v2\/product_tag?post=10032"}],"curies":[{"name":"wp","href":"https:\/\/api.w.org\/{rel}","templated":true}]}}