{"id":10037,"date":"2024-07-11T18:58:07","date_gmt":"2024-07-11T13:28:07","guid":{"rendered":"https:\/\/conexmetals.com\/product\/c93500-bronce-al-estano-con-alto-contenido-de-plomo-sae-66-cda-935\/"},"modified":"2024-09-16T12:40:26","modified_gmt":"2024-09-16T07:10:26","slug":"c93500-bronce-al-estano-con-alto-contenido-de-plomo-sae-66-cda-935","status":"publish","type":"product","link":"https:\/\/conexmetals.com\/es\/producto\/c93500-bronce-al-estano-con-alto-contenido-de-plomo-sae-66-cda-935\/","title":{"rendered":"C93500 Bronce al esta\u00f1o con alto contenido de plomo, SAE 66 (CDA 935)"},"content":{"rendered":"","protected":false},"excerpt":{"rendered":"<p>C93500 (CDA 935) es una aleaci\u00f3n de fundici\u00f3n de bronce especializada de la India, dise\u00f1ada para aplicaciones que requieren una resistencia al desgaste y una resistencia mec\u00e1nica superiores. Conex Metals es su fuente de confianza de bronce de esta\u00f1o con alto contenido de plomo C93500, SAE 66, que ofrece fundiciones centr\u00edfugas y fundiciones en arena adaptadas a sus necesidades espec\u00edficas. Si bien esta aleaci\u00f3n no est\u00e1 disponible como un producto listo para usar, nuestro equipo de expertos trabajar\u00e1 en estrecha colaboraci\u00f3n con usted para entregar fundiciones especiales que cumplan con sus especificaciones exactas. El m\u00e9todo de fundici\u00f3n depender\u00e1 de su tama\u00f1o, especificaci\u00f3n y cantidad deseada, lo que garantiza que su producto final cumpla con los m\u00e1s altos est\u00e1ndares de calidad y rendimiento. El bronce de esta\u00f1o con alto contenido de plomo C93500, SAE 66 es una aleaci\u00f3n vers\u00e1til que se utiliza en varias aplicaciones exigentes, que incluyen: &#8211; Cojinetes y bujes peque\u00f1os &#8211; Respaldo de bronce para cojinetes automotrices revestidos de babbitt Conf\u00ede en Conex Metals para entregar productos de bronce de esta\u00f1o con alto contenido de plomo C93500 de alta calidad que cumplan con sus especificaciones exactas, respaldados por nuestra experiencia y dedicaci\u00f3n a su \u00e9xito. Cont\u00e1ctenos hoy para discutir sus necesidades espec\u00edficas y perm\u00edtanos ayudarlo a encontrar la soluci\u00f3n perfecta.       [table id=\"281\" \/]  (1) Para determinar el Cu m\u00edn., el Cu puede calcularse como Cu + Ni. (2) El valor de Ni incluye Co. (3) Para coladas continuas, P debe ser 1,5 %, m\u00e1x. Nota: Cu + Suma de elementos nombrados, 99,0 % m\u00edn. Propiedades mec\u00e1nicas C93500: (medidas a temperatura ambiente, 68 F (20 C)[table id=\"282\" \/]&nbsp; C93500 Especificaciones aplicables:     [table id=\"283\" \/]<\/p>\n","protected":false},"featured_media":0,"template":"","meta":[],"product_brand":[],"product_cat":[308],"product_tag":[],"class_list":{"0":"post-10037","1":"product","2":"type-product","3":"status-publish","5":"product_cat-sin-categorizar","7":"first","8":"instock","9":"shipping-taxable","10":"product-type-simple"},"yoast_head":"<!-- This site is optimized with the Yoast SEO plugin v27.3 - https:\/\/yoast.com\/product\/yoast-seo-wordpress\/ -->\n<title>C93500 Bronce al esta\u00f1o con alto contenido de plomo, SAE 66 (CDA 935)<\/title>\n<meta name=\"description\" content=\"Conex Metals es un fabricante y proveedor indio de confianza de piezas fundidas de aleaci\u00f3n C93500 y bronce C93500. Con experiencia en aleaci\u00f3n de bronce CDA 935 y bronce al manganeso, nuestra fundici\u00f3n india ofrece piezas fundidas mecanizadas con CNC de primera calidad, lo que garantiza durabilidad y precisi\u00f3n en cada pieza fundida de aleaci\u00f3n de bronce C93500.\" \/>\n<meta name=\"robots\" content=\"index, follow, max-snippet:-1, max-image-preview:large, max-video-preview:-1\" \/>\n<link rel=\"canonical\" href=\"https:\/\/conexmetals.com\/es\/producto\/c93500-bronce-al-estano-con-alto-contenido-de-plomo-sae-66-cda-935\/\" \/>\n<script type=\"application\/ld+json\" class=\"yoast-schema-graph\">{\"@context\":\"https:\\\/\\\/schema.org\",\"@graph\":[{\"@type\":\"WebPage\",\"@id\":\"https:\\\/\\\/conexmetals.com\\\/es\\\/producto\\\/c93500-bronce-al-estano-con-alto-contenido-de-plomo-sae-66-cda-935\\\/\",\"url\":\"https:\\\/\\\/conexmetals.com\\\/es\\\/producto\\\/c93500-bronce-al-estano-con-alto-contenido-de-plomo-sae-66-cda-935\\\/\",\"name\":\"C93500 Bronce al esta\u00f1o con alto contenido de plomo, SAE 66 (CDA 935)\",\"isPartOf\":{\"@id\":\"https:\\\/\\\/conexmetals.com\\\/es\\\/#website\"},\"datePublished\":\"2024-07-11T13:28:07+00:00\",\"dateModified\":\"2024-09-16T07:10:26+00:00\",\"description\":\"Conex Metals es un fabricante y proveedor indio de confianza de piezas fundidas de aleaci\u00f3n C93500 y bronce C93500. Con experiencia en aleaci\u00f3n de bronce CDA 935 y bronce al manganeso, nuestra fundici\u00f3n india ofrece piezas fundidas mecanizadas con CNC de primera calidad, lo que garantiza durabilidad y precisi\u00f3n en cada pieza fundida de aleaci\u00f3n de bronce C93500.\",\"breadcrumb\":{\"@id\":\"https:\\\/\\\/conexmetals.com\\\/es\\\/producto\\\/c93500-bronce-al-estano-con-alto-contenido-de-plomo-sae-66-cda-935\\\/#breadcrumb\"},\"inLanguage\":\"es\",\"potentialAction\":[{\"@type\":\"ReadAction\",\"target\":[\"https:\\\/\\\/conexmetals.com\\\/es\\\/producto\\\/c93500-bronce-al-estano-con-alto-contenido-de-plomo-sae-66-cda-935\\\/\"]}]},{\"@type\":\"BreadcrumbList\",\"@id\":\"https:\\\/\\\/conexmetals.com\\\/es\\\/producto\\\/c93500-bronce-al-estano-con-alto-contenido-de-plomo-sae-66-cda-935\\\/#breadcrumb\",\"itemListElement\":[{\"@type\":\"ListItem\",\"position\":1,\"name\":\"Home\",\"item\":\"https:\\\/\\\/conexmetals.com\\\/es\\\/hogar\\\/\"},{\"@type\":\"ListItem\",\"position\":2,\"name\":\"Products\",\"item\":\"https:\\\/\\\/conexmetals.com\\\/products\\\/\"},{\"@type\":\"ListItem\",\"position\":3,\"name\":\"C93500 Bronce al esta\u00f1o con alto contenido de plomo, SAE 66 (CDA 935)\"}]},{\"@type\":\"WebSite\",\"@id\":\"https:\\\/\\\/conexmetals.com\\\/es\\\/#website\",\"url\":\"https:\\\/\\\/conexmetals.com\\\/es\\\/\",\"name\":\"Conex Metals Brass Fittings Brass Parts Copper Parts Brass Components Brass Plumbing Fittings India\",\"description\":\"Manufacturer of Bronze Fittings casting Copper Brass parts components\",\"publisher\":{\"@id\":\"https:\\\/\\\/conexmetals.com\\\/es\\\/#organization\"},\"potentialAction\":[{\"@type\":\"SearchAction\",\"target\":{\"@type\":\"EntryPoint\",\"urlTemplate\":\"https:\\\/\\\/conexmetals.com\\\/es\\\/?s={search_term_string}\"},\"query-input\":{\"@type\":\"PropertyValueSpecification\",\"valueRequired\":true,\"valueName\":\"search_term_string\"}}],\"inLanguage\":\"es\"},{\"@type\":\"Organization\",\"@id\":\"https:\\\/\\\/conexmetals.com\\\/es\\\/#organization\",\"name\":\"Conex Metals Brass Fittings Brass Parts Copper Parts Brass Components Brass Plumbing Fittings India\",\"url\":\"https:\\\/\\\/conexmetals.com\\\/es\\\/\",\"logo\":{\"@type\":\"ImageObject\",\"inLanguage\":\"es\",\"@id\":\"https:\\\/\\\/conexmetals.com\\\/es\\\/#\\\/schema\\\/logo\\\/image\\\/\",\"url\":\"https:\\\/\\\/conexmetals.com\\\/wp-content\\\/uploads\\\/2024\\\/03\\\/conex-metals-logo.webp\",\"contentUrl\":\"https:\\\/\\\/conexmetals.com\\\/wp-content\\\/uploads\\\/2024\\\/03\\\/conex-metals-logo.webp\",\"width\":300,\"height\":121,\"caption\":\"Conex Metals Brass Fittings Brass Parts Copper Parts Brass Components Brass Plumbing Fittings India\"},\"image\":{\"@id\":\"https:\\\/\\\/conexmetals.com\\\/es\\\/#\\\/schema\\\/logo\\\/image\\\/\"},\"sameAs\":[\"https:\\\/\\\/www.facebook.com\\\/conexbrass\",\"https:\\\/\\\/x.com\\\/conexindia\",\"https:\\\/\\\/www.linkedin.com\\\/company\\\/conex-metals-india\\\/\",\"https:\\\/\\\/www.instagram.com\\\/conexindia\\\/\"]}]}<\/script>\n<!-- \/ Yoast SEO plugin. -->","yoast_head_json":{"title":"C93500 Bronce al esta\u00f1o con alto contenido de plomo, SAE 66 (CDA 935)","description":"Conex Metals es un fabricante y proveedor indio de confianza de piezas fundidas de aleaci\u00f3n C93500 y bronce C93500. Con experiencia en aleaci\u00f3n de bronce CDA 935 y bronce al manganeso, nuestra fundici\u00f3n india ofrece piezas fundidas mecanizadas con CNC de primera calidad, lo que garantiza durabilidad y precisi\u00f3n en cada pieza fundida de aleaci\u00f3n de bronce C93500.","robots":{"index":"index","follow":"follow","max-snippet":"max-snippet:-1","max-image-preview":"max-image-preview:large","max-video-preview":"max-video-preview:-1"},"canonical":"https:\/\/conexmetals.com\/es\/producto\/c93500-bronce-al-estano-con-alto-contenido-de-plomo-sae-66-cda-935\/","schema":{"@context":"https:\/\/schema.org","@graph":[{"@type":"WebPage","@id":"https:\/\/conexmetals.com\/es\/producto\/c93500-bronce-al-estano-con-alto-contenido-de-plomo-sae-66-cda-935\/","url":"https:\/\/conexmetals.com\/es\/producto\/c93500-bronce-al-estano-con-alto-contenido-de-plomo-sae-66-cda-935\/","name":"C93500 Bronce al esta\u00f1o con alto contenido de plomo, SAE 66 (CDA 935)","isPartOf":{"@id":"https:\/\/conexmetals.com\/es\/#website"},"datePublished":"2024-07-11T13:28:07+00:00","dateModified":"2024-09-16T07:10:26+00:00","description":"Conex Metals es un fabricante y proveedor indio de confianza de piezas fundidas de aleaci\u00f3n C93500 y bronce C93500. Con experiencia en aleaci\u00f3n de bronce CDA 935 y bronce al manganeso, nuestra fundici\u00f3n india ofrece piezas fundidas mecanizadas con CNC de primera calidad, lo que garantiza durabilidad y precisi\u00f3n en cada pieza fundida de aleaci\u00f3n de bronce C93500.","breadcrumb":{"@id":"https:\/\/conexmetals.com\/es\/producto\/c93500-bronce-al-estano-con-alto-contenido-de-plomo-sae-66-cda-935\/#breadcrumb"},"inLanguage":"es","potentialAction":[{"@type":"ReadAction","target":["https:\/\/conexmetals.com\/es\/producto\/c93500-bronce-al-estano-con-alto-contenido-de-plomo-sae-66-cda-935\/"]}]},{"@type":"BreadcrumbList","@id":"https:\/\/conexmetals.com\/es\/producto\/c93500-bronce-al-estano-con-alto-contenido-de-plomo-sae-66-cda-935\/#breadcrumb","itemListElement":[{"@type":"ListItem","position":1,"name":"Home","item":"https:\/\/conexmetals.com\/es\/hogar\/"},{"@type":"ListItem","position":2,"name":"Products","item":"https:\/\/conexmetals.com\/products\/"},{"@type":"ListItem","position":3,"name":"C93500 Bronce al esta\u00f1o con alto contenido de plomo, SAE 66 (CDA 935)"}]},{"@type":"WebSite","@id":"https:\/\/conexmetals.com\/es\/#website","url":"https:\/\/conexmetals.com\/es\/","name":"Conex Metals Brass Fittings Brass Parts Copper Parts Brass Components Brass Plumbing Fittings India","description":"Manufacturer of Bronze Fittings casting Copper Brass parts components","publisher":{"@id":"https:\/\/conexmetals.com\/es\/#organization"},"potentialAction":[{"@type":"SearchAction","target":{"@type":"EntryPoint","urlTemplate":"https:\/\/conexmetals.com\/es\/?s={search_term_string}"},"query-input":{"@type":"PropertyValueSpecification","valueRequired":true,"valueName":"search_term_string"}}],"inLanguage":"es"},{"@type":"Organization","@id":"https:\/\/conexmetals.com\/es\/#organization","name":"Conex Metals Brass Fittings Brass Parts Copper Parts Brass Components Brass Plumbing Fittings India","url":"https:\/\/conexmetals.com\/es\/","logo":{"@type":"ImageObject","inLanguage":"es","@id":"https:\/\/conexmetals.com\/es\/#\/schema\/logo\/image\/","url":"https:\/\/conexmetals.com\/wp-content\/uploads\/2024\/03\/conex-metals-logo.webp","contentUrl":"https:\/\/conexmetals.com\/wp-content\/uploads\/2024\/03\/conex-metals-logo.webp","width":300,"height":121,"caption":"Conex Metals Brass Fittings Brass Parts Copper Parts Brass Components Brass Plumbing Fittings India"},"image":{"@id":"https:\/\/conexmetals.com\/es\/#\/schema\/logo\/image\/"},"sameAs":["https:\/\/www.facebook.com\/conexbrass","https:\/\/x.com\/conexindia","https:\/\/www.linkedin.com\/company\/conex-metals-india\/","https:\/\/www.instagram.com\/conexindia\/"]}]}},"_links":{"self":[{"href":"https:\/\/conexmetals.com\/es\/wp-json\/wp\/v2\/product\/10037","targetHints":{"allow":["GET"]}}],"collection":[{"href":"https:\/\/conexmetals.com\/es\/wp-json\/wp\/v2\/product"}],"about":[{"href":"https:\/\/conexmetals.com\/es\/wp-json\/wp\/v2\/types\/product"}],"wp:attachment":[{"href":"https:\/\/conexmetals.com\/es\/wp-json\/wp\/v2\/media?parent=10037"}],"wp:term":[{"taxonomy":"product_brand","embeddable":true,"href":"https:\/\/conexmetals.com\/es\/wp-json\/wp\/v2\/product_brand?post=10037"},{"taxonomy":"product_cat","embeddable":true,"href":"https:\/\/conexmetals.com\/es\/wp-json\/wp\/v2\/product_cat?post=10037"},{"taxonomy":"product_tag","embeddable":true,"href":"https:\/\/conexmetals.com\/es\/wp-json\/wp\/v2\/product_tag?post=10037"}],"curies":[{"name":"wp","href":"https:\/\/api.w.org\/{rel}","templated":true}]}}