{"id":10043,"date":"2024-07-12T12:37:07","date_gmt":"2024-07-12T07:07:07","guid":{"rendered":"https:\/\/conexmetals.com\/product\/c95510-bronce-de-niquel-y-aluminio-ams-4880-cda-9551\/"},"modified":"2024-09-16T12:40:26","modified_gmt":"2024-09-16T07:10:26","slug":"c95510-bronce-de-niquel-y-aluminio-ams-4880-cda-9551","status":"publish","type":"product","link":"https:\/\/conexmetals.com\/es\/producto\/c95510-bronce-de-niquel-y-aluminio-ams-4880-cda-9551\/","title":{"rendered":"C95510 Bronce de n\u00edquel y aluminio, AMS 4880 (CDA 9551)"},"content":{"rendered":"","protected":false},"excerpt":{"rendered":"<p>C95510 (CDA 95510) es una aleaci\u00f3n de fundici\u00f3n de bronce producida en la India, que ofrece una resistencia a la corrosi\u00f3n excepcional para entornos marinos e industriales. Conex Metals es su fuente de confianza para C95510 n\u00edquel aluminio bronce, AMS 4880, que ofrece fundiciones centr\u00edfugas hechas a pedido adaptadas a sus necesidades espec\u00edficas. Para garantizar un ajuste preciso y un rendimiento \u00f3ptimo, ind\u00edquenos su tama\u00f1o, especificaci\u00f3n y cantidad deseada. <strong>C95510 n\u00edquel aluminio bronce, AMS 4880 es una aleaci\u00f3n vers\u00e1til que se utiliza en varias aplicaciones exigentes, que incluyen:<\/strong> &#8211; Bujes &#8211; Cojinetes &#8211; Engranajes &#8211; Tornillos sin fin &#8211; Casquillos &#8211; Ruedas helicoidales &#8211; Piezas de maquinaria &#8211; Moldes de vidrio &#8211; Mordazas de soldadura &#8211; Piezas de tren de aterrizaje &#8211; Placas de desgaste &#8211; Componentes de aeronaves &#8211; Equipos de decapado &#8211; Gu\u00edas de laminado en caliente &#8211; Asientos de v\u00e1lvulas &#8211; Extremos de fluidos de bombas Conf\u00ede en Conex Metals para entregar fundiciones de bronce de n\u00edquel aluminio C95510 de alta calidad que cumplan con sus especificaciones exactas. Comun\u00edquese con nosotros hoy para analizar sus necesidades espec\u00edficas y perm\u00edtanos ayudarlo a encontrar la soluci\u00f3n perfecta. <strong>C95510 Composici\u00f3n qu\u00edmica:<\/strong> (% m\u00e1x., a menos que se muestre como rango o m\u00ednimo)[table id=\"291\" \/] (1) El valor de Ni incluye Co. Nota: Cu + Suma de elementos nombrados, 99,8 % m\u00edn.      <strong>C95510 Especificaciones aplicables:  <\/strong>[table id=\"292\" \/]<strong><br \/>\n<\/strong><\/p>\n<p>&nbsp;<\/p>\n","protected":false},"featured_media":0,"template":"","meta":[],"product_brand":[],"product_cat":[308],"product_tag":[],"class_list":{"0":"post-10043","1":"product","2":"type-product","3":"status-publish","5":"product_cat-sin-categorizar","7":"first","8":"instock","9":"shipping-taxable","10":"product-type-simple"},"yoast_head":"<!-- This site is optimized with the Yoast SEO plugin v27.3 - https:\/\/yoast.com\/product\/yoast-seo-wordpress\/ -->\n<title>C95510 Bronce de n\u00edquel y aluminio, AMS 4880 (CDA 9551)<\/title>\n<meta name=\"description\" content=\"Conex Metals es un proveedor l\u00edder de fundici\u00f3n de aleaci\u00f3n C95510 y bronce C95510 en India. Con experiencia en fundiciones de aleaci\u00f3n de bronce CDA 95510 mecanizadas con CNC, ofrecemos productos de bronce al manganeso de calidad superior. Conf\u00ede en nuestra fundici\u00f3n india para fundiciones de aleaci\u00f3n de bronce C95510 de alto rendimiento y soluciones de fundici\u00f3n personalizadas.\" \/>\n<meta name=\"robots\" content=\"index, follow, max-snippet:-1, max-image-preview:large, max-video-preview:-1\" \/>\n<link rel=\"canonical\" href=\"https:\/\/conexmetals.com\/es\/producto\/c95510-bronce-de-niquel-y-aluminio-ams-4880-cda-9551\/\" \/>\n<script type=\"application\/ld+json\" class=\"yoast-schema-graph\">{\"@context\":\"https:\\\/\\\/schema.org\",\"@graph\":[{\"@type\":\"WebPage\",\"@id\":\"https:\\\/\\\/conexmetals.com\\\/es\\\/producto\\\/c95510-bronce-de-niquel-y-aluminio-ams-4880-cda-9551\\\/\",\"url\":\"https:\\\/\\\/conexmetals.com\\\/es\\\/producto\\\/c95510-bronce-de-niquel-y-aluminio-ams-4880-cda-9551\\\/\",\"name\":\"C95510 Bronce de n\u00edquel y aluminio, AMS 4880 (CDA 9551)\",\"isPartOf\":{\"@id\":\"https:\\\/\\\/conexmetals.com\\\/es\\\/#website\"},\"datePublished\":\"2024-07-12T07:07:07+00:00\",\"dateModified\":\"2024-09-16T07:10:26+00:00\",\"description\":\"Conex Metals es un proveedor l\u00edder de fundici\u00f3n de aleaci\u00f3n C95510 y bronce C95510 en India. Con experiencia en fundiciones de aleaci\u00f3n de bronce CDA 95510 mecanizadas con CNC, ofrecemos productos de bronce al manganeso de calidad superior. Conf\u00ede en nuestra fundici\u00f3n india para fundiciones de aleaci\u00f3n de bronce C95510 de alto rendimiento y soluciones de fundici\u00f3n personalizadas.\",\"breadcrumb\":{\"@id\":\"https:\\\/\\\/conexmetals.com\\\/es\\\/producto\\\/c95510-bronce-de-niquel-y-aluminio-ams-4880-cda-9551\\\/#breadcrumb\"},\"inLanguage\":\"es\",\"potentialAction\":[{\"@type\":\"ReadAction\",\"target\":[\"https:\\\/\\\/conexmetals.com\\\/es\\\/producto\\\/c95510-bronce-de-niquel-y-aluminio-ams-4880-cda-9551\\\/\"]}]},{\"@type\":\"BreadcrumbList\",\"@id\":\"https:\\\/\\\/conexmetals.com\\\/es\\\/producto\\\/c95510-bronce-de-niquel-y-aluminio-ams-4880-cda-9551\\\/#breadcrumb\",\"itemListElement\":[{\"@type\":\"ListItem\",\"position\":1,\"name\":\"Home\",\"item\":\"https:\\\/\\\/conexmetals.com\\\/es\\\/hogar\\\/\"},{\"@type\":\"ListItem\",\"position\":2,\"name\":\"Products\",\"item\":\"https:\\\/\\\/conexmetals.com\\\/products\\\/\"},{\"@type\":\"ListItem\",\"position\":3,\"name\":\"C95510 Bronce de n\u00edquel y aluminio, AMS 4880 (CDA 9551)\"}]},{\"@type\":\"WebSite\",\"@id\":\"https:\\\/\\\/conexmetals.com\\\/es\\\/#website\",\"url\":\"https:\\\/\\\/conexmetals.com\\\/es\\\/\",\"name\":\"Conex Metals Brass Fittings Brass Parts Copper Parts Brass Components Brass Plumbing Fittings India\",\"description\":\"Manufacturer of Bronze Fittings casting Copper Brass parts components\",\"publisher\":{\"@id\":\"https:\\\/\\\/conexmetals.com\\\/es\\\/#organization\"},\"potentialAction\":[{\"@type\":\"SearchAction\",\"target\":{\"@type\":\"EntryPoint\",\"urlTemplate\":\"https:\\\/\\\/conexmetals.com\\\/es\\\/?s={search_term_string}\"},\"query-input\":{\"@type\":\"PropertyValueSpecification\",\"valueRequired\":true,\"valueName\":\"search_term_string\"}}],\"inLanguage\":\"es\"},{\"@type\":\"Organization\",\"@id\":\"https:\\\/\\\/conexmetals.com\\\/es\\\/#organization\",\"name\":\"Conex Metals Brass Fittings Brass Parts Copper Parts Brass Components Brass Plumbing Fittings India\",\"url\":\"https:\\\/\\\/conexmetals.com\\\/es\\\/\",\"logo\":{\"@type\":\"ImageObject\",\"inLanguage\":\"es\",\"@id\":\"https:\\\/\\\/conexmetals.com\\\/es\\\/#\\\/schema\\\/logo\\\/image\\\/\",\"url\":\"https:\\\/\\\/conexmetals.com\\\/wp-content\\\/uploads\\\/2024\\\/03\\\/conex-metals-logo.webp\",\"contentUrl\":\"https:\\\/\\\/conexmetals.com\\\/wp-content\\\/uploads\\\/2024\\\/03\\\/conex-metals-logo.webp\",\"width\":300,\"height\":121,\"caption\":\"Conex Metals Brass Fittings Brass Parts Copper Parts Brass Components Brass Plumbing Fittings India\"},\"image\":{\"@id\":\"https:\\\/\\\/conexmetals.com\\\/es\\\/#\\\/schema\\\/logo\\\/image\\\/\"},\"sameAs\":[\"https:\\\/\\\/www.facebook.com\\\/conexbrass\",\"https:\\\/\\\/x.com\\\/conexindia\",\"https:\\\/\\\/www.linkedin.com\\\/company\\\/conex-metals-india\\\/\",\"https:\\\/\\\/www.instagram.com\\\/conexindia\\\/\"]}]}<\/script>\n<!-- \/ Yoast SEO plugin. -->","yoast_head_json":{"title":"C95510 Bronce de n\u00edquel y aluminio, AMS 4880 (CDA 9551)","description":"Conex Metals es un proveedor l\u00edder de fundici\u00f3n de aleaci\u00f3n C95510 y bronce C95510 en India. Con experiencia en fundiciones de aleaci\u00f3n de bronce CDA 95510 mecanizadas con CNC, ofrecemos productos de bronce al manganeso de calidad superior. Conf\u00ede en nuestra fundici\u00f3n india para fundiciones de aleaci\u00f3n de bronce C95510 de alto rendimiento y soluciones de fundici\u00f3n personalizadas.","robots":{"index":"index","follow":"follow","max-snippet":"max-snippet:-1","max-image-preview":"max-image-preview:large","max-video-preview":"max-video-preview:-1"},"canonical":"https:\/\/conexmetals.com\/es\/producto\/c95510-bronce-de-niquel-y-aluminio-ams-4880-cda-9551\/","schema":{"@context":"https:\/\/schema.org","@graph":[{"@type":"WebPage","@id":"https:\/\/conexmetals.com\/es\/producto\/c95510-bronce-de-niquel-y-aluminio-ams-4880-cda-9551\/","url":"https:\/\/conexmetals.com\/es\/producto\/c95510-bronce-de-niquel-y-aluminio-ams-4880-cda-9551\/","name":"C95510 Bronce de n\u00edquel y aluminio, AMS 4880 (CDA 9551)","isPartOf":{"@id":"https:\/\/conexmetals.com\/es\/#website"},"datePublished":"2024-07-12T07:07:07+00:00","dateModified":"2024-09-16T07:10:26+00:00","description":"Conex Metals es un proveedor l\u00edder de fundici\u00f3n de aleaci\u00f3n C95510 y bronce C95510 en India. Con experiencia en fundiciones de aleaci\u00f3n de bronce CDA 95510 mecanizadas con CNC, ofrecemos productos de bronce al manganeso de calidad superior. Conf\u00ede en nuestra fundici\u00f3n india para fundiciones de aleaci\u00f3n de bronce C95510 de alto rendimiento y soluciones de fundici\u00f3n personalizadas.","breadcrumb":{"@id":"https:\/\/conexmetals.com\/es\/producto\/c95510-bronce-de-niquel-y-aluminio-ams-4880-cda-9551\/#breadcrumb"},"inLanguage":"es","potentialAction":[{"@type":"ReadAction","target":["https:\/\/conexmetals.com\/es\/producto\/c95510-bronce-de-niquel-y-aluminio-ams-4880-cda-9551\/"]}]},{"@type":"BreadcrumbList","@id":"https:\/\/conexmetals.com\/es\/producto\/c95510-bronce-de-niquel-y-aluminio-ams-4880-cda-9551\/#breadcrumb","itemListElement":[{"@type":"ListItem","position":1,"name":"Home","item":"https:\/\/conexmetals.com\/es\/hogar\/"},{"@type":"ListItem","position":2,"name":"Products","item":"https:\/\/conexmetals.com\/products\/"},{"@type":"ListItem","position":3,"name":"C95510 Bronce de n\u00edquel y aluminio, AMS 4880 (CDA 9551)"}]},{"@type":"WebSite","@id":"https:\/\/conexmetals.com\/es\/#website","url":"https:\/\/conexmetals.com\/es\/","name":"Conex Metals Brass Fittings Brass Parts Copper Parts Brass Components Brass Plumbing Fittings India","description":"Manufacturer of Bronze Fittings casting Copper Brass parts components","publisher":{"@id":"https:\/\/conexmetals.com\/es\/#organization"},"potentialAction":[{"@type":"SearchAction","target":{"@type":"EntryPoint","urlTemplate":"https:\/\/conexmetals.com\/es\/?s={search_term_string}"},"query-input":{"@type":"PropertyValueSpecification","valueRequired":true,"valueName":"search_term_string"}}],"inLanguage":"es"},{"@type":"Organization","@id":"https:\/\/conexmetals.com\/es\/#organization","name":"Conex Metals Brass Fittings Brass Parts Copper Parts Brass Components Brass Plumbing Fittings India","url":"https:\/\/conexmetals.com\/es\/","logo":{"@type":"ImageObject","inLanguage":"es","@id":"https:\/\/conexmetals.com\/es\/#\/schema\/logo\/image\/","url":"https:\/\/conexmetals.com\/wp-content\/uploads\/2024\/03\/conex-metals-logo.webp","contentUrl":"https:\/\/conexmetals.com\/wp-content\/uploads\/2024\/03\/conex-metals-logo.webp","width":300,"height":121,"caption":"Conex Metals Brass Fittings Brass Parts Copper Parts Brass Components Brass Plumbing Fittings India"},"image":{"@id":"https:\/\/conexmetals.com\/es\/#\/schema\/logo\/image\/"},"sameAs":["https:\/\/www.facebook.com\/conexbrass","https:\/\/x.com\/conexindia","https:\/\/www.linkedin.com\/company\/conex-metals-india\/","https:\/\/www.instagram.com\/conexindia\/"]}]}},"_links":{"self":[{"href":"https:\/\/conexmetals.com\/es\/wp-json\/wp\/v2\/product\/10043","targetHints":{"allow":["GET"]}}],"collection":[{"href":"https:\/\/conexmetals.com\/es\/wp-json\/wp\/v2\/product"}],"about":[{"href":"https:\/\/conexmetals.com\/es\/wp-json\/wp\/v2\/types\/product"}],"wp:attachment":[{"href":"https:\/\/conexmetals.com\/es\/wp-json\/wp\/v2\/media?parent=10043"}],"wp:term":[{"taxonomy":"product_brand","embeddable":true,"href":"https:\/\/conexmetals.com\/es\/wp-json\/wp\/v2\/product_brand?post=10043"},{"taxonomy":"product_cat","embeddable":true,"href":"https:\/\/conexmetals.com\/es\/wp-json\/wp\/v2\/product_cat?post=10043"},{"taxonomy":"product_tag","embeddable":true,"href":"https:\/\/conexmetals.com\/es\/wp-json\/wp\/v2\/product_tag?post=10043"}],"curies":[{"name":"wp","href":"https:\/\/api.w.org\/{rel}","templated":true}]}}