{"id":10045,"date":"2024-07-12T12:17:08","date_gmt":"2024-07-12T06:47:08","guid":{"rendered":"https:\/\/conexmetals.com\/product\/c86300-sae-430b-bronce-al-manganeso-cda-863\/"},"modified":"2024-09-16T12:40:26","modified_gmt":"2024-09-16T07:10:26","slug":"c86300-sae-430b-bronce-al-manganeso-cda-863","status":"publish","type":"product","link":"https:\/\/conexmetals.com\/es\/producto\/c86300-sae-430b-bronce-al-manganeso-cda-863\/","title":{"rendered":"C86300 (SAE 430B) Bronce al manganeso (CDA 863)"},"content":{"rendered":"","protected":false},"excerpt":{"rendered":"<p>C86300 (CDA 863) es una aleaci\u00f3n de bronce resistente para fundici\u00f3n de la India, popular por su combinaci\u00f3n de resistencia y maquinabilidad en componentes de ingenier\u00eda complejos. Conex Metals es su fuente de confianza para el bronce de manganeso C86300, que ofrece una amplia gama de formas de productos, que incluyen s\u00f3lidos, tubos, barras con n\u00facleo, placas, rect\u00e1ngulos y piezas fundidas. Esta aleaci\u00f3n de alta resistencia est\u00e1 disponible tanto en forma est\u00e1ndar como en piezas fundidas especiales, lo que garantiza flexibilidad y conveniencia para sus necesidades espec\u00edficas. Tambi\u00e9n ofrecemos placas de puente (seg\u00fan ASTM B22) como un producto especial, dise\u00f1ado para cumplir con sus especificaciones exactas. Nuestro equipo de expertos trabajar\u00e1 en estrecha colaboraci\u00f3n con usted para determinar el m\u00e9todo de fundici\u00f3n \u00f3ptimo en funci\u00f3n de su tama\u00f1o, especificaci\u00f3n y cantidad deseada. <strong>El bronce de manganeso C86300 es una aleaci\u00f3n vers\u00e1til que se utiliza en diversas aplicaciones exigentes, entre las que se incluyen:<\/strong> &#8211; V\u00e1stagos de v\u00e1lvulas grandes &#8211; Engranajes &#8211; Levas &#8211; Tuercas atornilladas &#8211; Piezas de cilindros hidr\u00e1ulicos &#8211; Aplicaciones de alta resistencia y servicio extra pesado &#8211; Cojinetes de carga pesada de baja velocidad <strong>Composici\u00f3n qu\u00edmica C86300:<\/strong> (% m\u00e1x., a menos que se muestre como rango o m\u00edn.)[table id=\"284\" \/] (1) Para determinar el Cu m\u00edn., el Cu puede calcularse como Cu + Ni. (2) El valor de Ni incluye Co. Nota: Cu + Suma de elementos nombrados, 99,0 % m\u00edn. <strong>Propiedades mec\u00e1nicas de C86300:<\/strong>[table id=\"285\" \/] gth: 100 x 10 <sup>6<\/sup> ciclos, a menos que se indique como [N]X 10 <sup>6<\/sup> . <strong>C86300 Especificaciones aplicables:<\/strong>[table id=\"286\" \/] <strong>C86300 Propiedades f\u00edsicas:<\/strong>       [table id=\"287\" \/]<strong><br \/>\n<\/strong><\/p>\n<h3><\/h3>\n<p>&nbsp;<\/p>\n<p>&nbsp;<\/p>\n<p>&nbsp;<\/p>\n","protected":false},"featured_media":0,"template":"","meta":[],"product_brand":[],"product_cat":[308],"product_tag":[],"class_list":{"0":"post-10045","1":"product","2":"type-product","3":"status-publish","5":"product_cat-sin-categorizar","7":"first","8":"instock","9":"shipping-taxable","10":"product-type-simple"},"yoast_head":"<!-- This site is optimized with the Yoast SEO plugin v27.3 - https:\/\/yoast.com\/product\/yoast-seo-wordpress\/ -->\n<title>C86300 (SAE 430B) Bronce al manganeso (CDA 863)<\/title>\n<meta name=\"description\" content=\"Conex Metals es una fundici\u00f3n l\u00edder en la India especializada en fundici\u00f3n de aleaci\u00f3n C86300 y bronce C86300. Como proveedor y fabricante l\u00edder en la India, ofrecemos fundici\u00f3n de aleaci\u00f3n de bronce al manganeso de alta calidad, incluida la CDA 863. Nuestras fundiciones de aleaci\u00f3n de bronce C86300 mecanizadas por CNC son conocidas por su precisi\u00f3n y durabilidad. Conf\u00ede en Conex Metals para todas sus necesidades de fundici\u00f3n de bronce C86300 y bronce al manganeso.\" \/>\n<meta name=\"robots\" content=\"index, follow, max-snippet:-1, max-image-preview:large, max-video-preview:-1\" \/>\n<link rel=\"canonical\" href=\"https:\/\/conexmetals.com\/es\/producto\/c86300-sae-430b-bronce-al-manganeso-cda-863\/\" \/>\n<script type=\"application\/ld+json\" class=\"yoast-schema-graph\">{\"@context\":\"https:\\\/\\\/schema.org\",\"@graph\":[{\"@type\":\"WebPage\",\"@id\":\"https:\\\/\\\/conexmetals.com\\\/es\\\/producto\\\/c86300-sae-430b-bronce-al-manganeso-cda-863\\\/\",\"url\":\"https:\\\/\\\/conexmetals.com\\\/es\\\/producto\\\/c86300-sae-430b-bronce-al-manganeso-cda-863\\\/\",\"name\":\"C86300 (SAE 430B) Bronce al manganeso (CDA 863)\",\"isPartOf\":{\"@id\":\"https:\\\/\\\/conexmetals.com\\\/es\\\/#website\"},\"datePublished\":\"2024-07-12T06:47:08+00:00\",\"dateModified\":\"2024-09-16T07:10:26+00:00\",\"description\":\"Conex Metals es una fundici\u00f3n l\u00edder en la India especializada en fundici\u00f3n de aleaci\u00f3n C86300 y bronce C86300. Como proveedor y fabricante l\u00edder en la India, ofrecemos fundici\u00f3n de aleaci\u00f3n de bronce al manganeso de alta calidad, incluida la CDA 863. Nuestras fundiciones de aleaci\u00f3n de bronce C86300 mecanizadas por CNC son conocidas por su precisi\u00f3n y durabilidad. Conf\u00ede en Conex Metals para todas sus necesidades de fundici\u00f3n de bronce C86300 y bronce al manganeso.\",\"breadcrumb\":{\"@id\":\"https:\\\/\\\/conexmetals.com\\\/es\\\/producto\\\/c86300-sae-430b-bronce-al-manganeso-cda-863\\\/#breadcrumb\"},\"inLanguage\":\"es\",\"potentialAction\":[{\"@type\":\"ReadAction\",\"target\":[\"https:\\\/\\\/conexmetals.com\\\/es\\\/producto\\\/c86300-sae-430b-bronce-al-manganeso-cda-863\\\/\"]}]},{\"@type\":\"BreadcrumbList\",\"@id\":\"https:\\\/\\\/conexmetals.com\\\/es\\\/producto\\\/c86300-sae-430b-bronce-al-manganeso-cda-863\\\/#breadcrumb\",\"itemListElement\":[{\"@type\":\"ListItem\",\"position\":1,\"name\":\"Home\",\"item\":\"https:\\\/\\\/conexmetals.com\\\/es\\\/hogar\\\/\"},{\"@type\":\"ListItem\",\"position\":2,\"name\":\"Products\",\"item\":\"https:\\\/\\\/conexmetals.com\\\/products\\\/\"},{\"@type\":\"ListItem\",\"position\":3,\"name\":\"C86300 (SAE 430B) Bronce al manganeso (CDA 863)\"}]},{\"@type\":\"WebSite\",\"@id\":\"https:\\\/\\\/conexmetals.com\\\/es\\\/#website\",\"url\":\"https:\\\/\\\/conexmetals.com\\\/es\\\/\",\"name\":\"Conex Metals Brass Fittings Brass Parts Copper Parts Brass Components Brass Plumbing Fittings India\",\"description\":\"Manufacturer of Bronze Fittings casting Copper Brass parts components\",\"publisher\":{\"@id\":\"https:\\\/\\\/conexmetals.com\\\/es\\\/#organization\"},\"potentialAction\":[{\"@type\":\"SearchAction\",\"target\":{\"@type\":\"EntryPoint\",\"urlTemplate\":\"https:\\\/\\\/conexmetals.com\\\/es\\\/?s={search_term_string}\"},\"query-input\":{\"@type\":\"PropertyValueSpecification\",\"valueRequired\":true,\"valueName\":\"search_term_string\"}}],\"inLanguage\":\"es\"},{\"@type\":\"Organization\",\"@id\":\"https:\\\/\\\/conexmetals.com\\\/es\\\/#organization\",\"name\":\"Conex Metals Brass Fittings Brass Parts Copper Parts Brass Components Brass Plumbing Fittings India\",\"url\":\"https:\\\/\\\/conexmetals.com\\\/es\\\/\",\"logo\":{\"@type\":\"ImageObject\",\"inLanguage\":\"es\",\"@id\":\"https:\\\/\\\/conexmetals.com\\\/es\\\/#\\\/schema\\\/logo\\\/image\\\/\",\"url\":\"https:\\\/\\\/conexmetals.com\\\/wp-content\\\/uploads\\\/2024\\\/03\\\/conex-metals-logo.webp\",\"contentUrl\":\"https:\\\/\\\/conexmetals.com\\\/wp-content\\\/uploads\\\/2024\\\/03\\\/conex-metals-logo.webp\",\"width\":300,\"height\":121,\"caption\":\"Conex Metals Brass Fittings Brass Parts Copper Parts Brass Components Brass Plumbing Fittings India\"},\"image\":{\"@id\":\"https:\\\/\\\/conexmetals.com\\\/es\\\/#\\\/schema\\\/logo\\\/image\\\/\"},\"sameAs\":[\"https:\\\/\\\/www.facebook.com\\\/conexbrass\",\"https:\\\/\\\/x.com\\\/conexindia\",\"https:\\\/\\\/www.linkedin.com\\\/company\\\/conex-metals-india\\\/\",\"https:\\\/\\\/www.instagram.com\\\/conexindia\\\/\"]}]}<\/script>\n<!-- \/ Yoast SEO plugin. -->","yoast_head_json":{"title":"C86300 (SAE 430B) Bronce al manganeso (CDA 863)","description":"Conex Metals es una fundici\u00f3n l\u00edder en la India especializada en fundici\u00f3n de aleaci\u00f3n C86300 y bronce C86300. Como proveedor y fabricante l\u00edder en la India, ofrecemos fundici\u00f3n de aleaci\u00f3n de bronce al manganeso de alta calidad, incluida la CDA 863. Nuestras fundiciones de aleaci\u00f3n de bronce C86300 mecanizadas por CNC son conocidas por su precisi\u00f3n y durabilidad. Conf\u00ede en Conex Metals para todas sus necesidades de fundici\u00f3n de bronce C86300 y bronce al manganeso.","robots":{"index":"index","follow":"follow","max-snippet":"max-snippet:-1","max-image-preview":"max-image-preview:large","max-video-preview":"max-video-preview:-1"},"canonical":"https:\/\/conexmetals.com\/es\/producto\/c86300-sae-430b-bronce-al-manganeso-cda-863\/","schema":{"@context":"https:\/\/schema.org","@graph":[{"@type":"WebPage","@id":"https:\/\/conexmetals.com\/es\/producto\/c86300-sae-430b-bronce-al-manganeso-cda-863\/","url":"https:\/\/conexmetals.com\/es\/producto\/c86300-sae-430b-bronce-al-manganeso-cda-863\/","name":"C86300 (SAE 430B) Bronce al manganeso (CDA 863)","isPartOf":{"@id":"https:\/\/conexmetals.com\/es\/#website"},"datePublished":"2024-07-12T06:47:08+00:00","dateModified":"2024-09-16T07:10:26+00:00","description":"Conex Metals es una fundici\u00f3n l\u00edder en la India especializada en fundici\u00f3n de aleaci\u00f3n C86300 y bronce C86300. Como proveedor y fabricante l\u00edder en la India, ofrecemos fundici\u00f3n de aleaci\u00f3n de bronce al manganeso de alta calidad, incluida la CDA 863. Nuestras fundiciones de aleaci\u00f3n de bronce C86300 mecanizadas por CNC son conocidas por su precisi\u00f3n y durabilidad. Conf\u00ede en Conex Metals para todas sus necesidades de fundici\u00f3n de bronce C86300 y bronce al manganeso.","breadcrumb":{"@id":"https:\/\/conexmetals.com\/es\/producto\/c86300-sae-430b-bronce-al-manganeso-cda-863\/#breadcrumb"},"inLanguage":"es","potentialAction":[{"@type":"ReadAction","target":["https:\/\/conexmetals.com\/es\/producto\/c86300-sae-430b-bronce-al-manganeso-cda-863\/"]}]},{"@type":"BreadcrumbList","@id":"https:\/\/conexmetals.com\/es\/producto\/c86300-sae-430b-bronce-al-manganeso-cda-863\/#breadcrumb","itemListElement":[{"@type":"ListItem","position":1,"name":"Home","item":"https:\/\/conexmetals.com\/es\/hogar\/"},{"@type":"ListItem","position":2,"name":"Products","item":"https:\/\/conexmetals.com\/products\/"},{"@type":"ListItem","position":3,"name":"C86300 (SAE 430B) Bronce al manganeso (CDA 863)"}]},{"@type":"WebSite","@id":"https:\/\/conexmetals.com\/es\/#website","url":"https:\/\/conexmetals.com\/es\/","name":"Conex Metals Brass Fittings Brass Parts Copper Parts Brass Components Brass Plumbing Fittings India","description":"Manufacturer of Bronze Fittings casting Copper Brass parts components","publisher":{"@id":"https:\/\/conexmetals.com\/es\/#organization"},"potentialAction":[{"@type":"SearchAction","target":{"@type":"EntryPoint","urlTemplate":"https:\/\/conexmetals.com\/es\/?s={search_term_string}"},"query-input":{"@type":"PropertyValueSpecification","valueRequired":true,"valueName":"search_term_string"}}],"inLanguage":"es"},{"@type":"Organization","@id":"https:\/\/conexmetals.com\/es\/#organization","name":"Conex Metals Brass Fittings Brass Parts Copper Parts Brass Components Brass Plumbing Fittings India","url":"https:\/\/conexmetals.com\/es\/","logo":{"@type":"ImageObject","inLanguage":"es","@id":"https:\/\/conexmetals.com\/es\/#\/schema\/logo\/image\/","url":"https:\/\/conexmetals.com\/wp-content\/uploads\/2024\/03\/conex-metals-logo.webp","contentUrl":"https:\/\/conexmetals.com\/wp-content\/uploads\/2024\/03\/conex-metals-logo.webp","width":300,"height":121,"caption":"Conex Metals Brass Fittings Brass Parts Copper Parts Brass Components Brass Plumbing Fittings India"},"image":{"@id":"https:\/\/conexmetals.com\/es\/#\/schema\/logo\/image\/"},"sameAs":["https:\/\/www.facebook.com\/conexbrass","https:\/\/x.com\/conexindia","https:\/\/www.linkedin.com\/company\/conex-metals-india\/","https:\/\/www.instagram.com\/conexindia\/"]}]}},"_links":{"self":[{"href":"https:\/\/conexmetals.com\/es\/wp-json\/wp\/v2\/product\/10045","targetHints":{"allow":["GET"]}}],"collection":[{"href":"https:\/\/conexmetals.com\/es\/wp-json\/wp\/v2\/product"}],"about":[{"href":"https:\/\/conexmetals.com\/es\/wp-json\/wp\/v2\/types\/product"}],"wp:attachment":[{"href":"https:\/\/conexmetals.com\/es\/wp-json\/wp\/v2\/media?parent=10045"}],"wp:term":[{"taxonomy":"product_brand","embeddable":true,"href":"https:\/\/conexmetals.com\/es\/wp-json\/wp\/v2\/product_brand?post=10045"},{"taxonomy":"product_cat","embeddable":true,"href":"https:\/\/conexmetals.com\/es\/wp-json\/wp\/v2\/product_cat?post=10045"},{"taxonomy":"product_tag","embeddable":true,"href":"https:\/\/conexmetals.com\/es\/wp-json\/wp\/v2\/product_tag?post=10045"}],"curies":[{"name":"wp","href":"https:\/\/api.w.org\/{rel}","templated":true}]}}