{"id":10049,"date":"2024-07-12T14:34:18","date_gmt":"2024-07-12T09:04:18","guid":{"rendered":"https:\/\/conexmetals.com\/product\/c93200-cojinete-de-bronce-sae-660-cda-932\/"},"modified":"2024-09-16T12:40:26","modified_gmt":"2024-09-16T07:10:26","slug":"c93200-cojinete-de-bronce-sae-660-cda-932","status":"publish","type":"product","link":"https:\/\/conexmetals.com\/es\/producto\/c93200-cojinete-de-bronce-sae-660-cda-932\/","title":{"rendered":"c93200 Cojinete de bronce &#8211; SAE 660 (CDA 932)"},"content":{"rendered":"","protected":false},"excerpt":{"rendered":"<p>C93200 (CDA 932) es una aleaci\u00f3n de bronce para fundici\u00f3n vers\u00e1til fabricada en India, conocida por sus excelentes propiedades de soporte y durabilidad industrial. Conex Metals ofrece bronce para cojinetes C93200, SAE 660 en varias formas, incluidos s\u00f3lidos, tubos, barras con n\u00facleo, placas, rect\u00e1ngulos y piezas fundidas. Ofrecemos barras listas para usar, piezas fundidas centr\u00edfugas (ASTM B271), piezas fundidas en arena (ASTM B584) y productos hechos a pedido seg\u00fan sus especificaciones. Nuestro producto especial, PLACA DE BLOQUE GRANDE, est\u00e1 disponible en tama\u00f1os de hasta 10&#8243; de espesor x 18&#8243; de ancho. El m\u00e9todo de fundici\u00f3n depende de sus especificaciones y necesidades de cantidad. <strong>El bronce para cojinetes C93200 es una aleaci\u00f3n vers\u00e1til que se utiliza en diversas aplicaciones, entre las que se incluyen:<\/strong> &#8211; Cojinetes &#8211; Bujes &#8211; Bombas &#8211; Piezas de m\u00e1quinas &#8211; Accesorios &#8211; Cojinetes de m\u00e1quinas herramientas &#8211; Accesorios de bombas &#8211; Bujes de bombas de combustible &#8211; Bujes de bombas de agua &#8211; Bujes de uso general &#8211; Prensaestopas de prensa hidr\u00e1ulica &#8211; Cojinetes de inserci\u00f3n <strong>Composici\u00f3n qu\u00edmica C93200:<\/strong> (% m\u00e1x., a menos que se muestre como rango o m\u00edn.)[table id=\"296\" \/] (1) Para determinar el Cu m\u00edn., el Cu puede calcularse como Cu + Ni. (2) El valor de Ni incluye Co. (3) Para fundiciones continuas, P debe ser 1,5 %, m\u00e1x. Nota: Cu + suma de elementos nombrados, 99,0 % m\u00edn. <strong>Propiedades mec\u00e1nicas C93200:<\/strong> (medidas a temperatura ambiente, 68 F (20 C)[table id=\"297\" \/] *Resistencia a la fatiga: 100 x 10 <sup>6<\/sup> ciclos, a menos que se indique como [N]X 10 <sup>6<\/sup> . <strong>Especificaciones aplicables C93200:<\/strong>       [table id=\"298\" \/]<strong><br \/>\n<\/strong><\/p>\n","protected":false},"featured_media":0,"template":"","meta":[],"product_brand":[],"product_cat":[308],"product_tag":[],"class_list":{"0":"post-10049","1":"product","2":"type-product","3":"status-publish","5":"product_cat-sin-categorizar","7":"first","8":"instock","9":"shipping-taxable","10":"product-type-simple"},"yoast_head":"<!-- This site is optimized with the Yoast SEO plugin v27.3 - https:\/\/yoast.com\/product\/yoast-seo-wordpress\/ -->\n<title>c93200 Cojinete de bronce - SAE 660 (CDA 932)<\/title>\n<meta name=\"description\" content=\"Conex Metals ofrece soluciones de fundici\u00f3n de precisi\u00f3n de aleaci\u00f3n C93200 y bronce C93200 desde nuestra fundici\u00f3n india. Como proveedor l\u00edder en India, ofrecemos piezas fundidas de aleaci\u00f3n de bronce CDA 932 mecanizadas con CNC de alta calidad, y nos especializamos en bronce al manganeso. Cuente con nosotros para obtener productos de bronce C93200 de primera calidad y servicios de fabricaci\u00f3n confiables.\" \/>\n<meta name=\"robots\" content=\"index, follow, max-snippet:-1, max-image-preview:large, max-video-preview:-1\" \/>\n<link rel=\"canonical\" href=\"https:\/\/conexmetals.com\/es\/producto\/c93200-cojinete-de-bronce-sae-660-cda-932\/\" \/>\n<script type=\"application\/ld+json\" class=\"yoast-schema-graph\">{\"@context\":\"https:\\\/\\\/schema.org\",\"@graph\":[{\"@type\":\"WebPage\",\"@id\":\"https:\\\/\\\/conexmetals.com\\\/es\\\/producto\\\/c93200-cojinete-de-bronce-sae-660-cda-932\\\/\",\"url\":\"https:\\\/\\\/conexmetals.com\\\/es\\\/producto\\\/c93200-cojinete-de-bronce-sae-660-cda-932\\\/\",\"name\":\"c93200 Cojinete de bronce - SAE 660 (CDA 932)\",\"isPartOf\":{\"@id\":\"https:\\\/\\\/conexmetals.com\\\/es\\\/#website\"},\"datePublished\":\"2024-07-12T09:04:18+00:00\",\"dateModified\":\"2024-09-16T07:10:26+00:00\",\"description\":\"Conex Metals ofrece soluciones de fundici\u00f3n de precisi\u00f3n de aleaci\u00f3n C93200 y bronce C93200 desde nuestra fundici\u00f3n india. Como proveedor l\u00edder en India, ofrecemos piezas fundidas de aleaci\u00f3n de bronce CDA 932 mecanizadas con CNC de alta calidad, y nos especializamos en bronce al manganeso. Cuente con nosotros para obtener productos de bronce C93200 de primera calidad y servicios de fabricaci\u00f3n confiables.\",\"breadcrumb\":{\"@id\":\"https:\\\/\\\/conexmetals.com\\\/es\\\/producto\\\/c93200-cojinete-de-bronce-sae-660-cda-932\\\/#breadcrumb\"},\"inLanguage\":\"es\",\"potentialAction\":[{\"@type\":\"ReadAction\",\"target\":[\"https:\\\/\\\/conexmetals.com\\\/es\\\/producto\\\/c93200-cojinete-de-bronce-sae-660-cda-932\\\/\"]}]},{\"@type\":\"BreadcrumbList\",\"@id\":\"https:\\\/\\\/conexmetals.com\\\/es\\\/producto\\\/c93200-cojinete-de-bronce-sae-660-cda-932\\\/#breadcrumb\",\"itemListElement\":[{\"@type\":\"ListItem\",\"position\":1,\"name\":\"Home\",\"item\":\"https:\\\/\\\/conexmetals.com\\\/es\\\/hogar\\\/\"},{\"@type\":\"ListItem\",\"position\":2,\"name\":\"Products\",\"item\":\"https:\\\/\\\/conexmetals.com\\\/products\\\/\"},{\"@type\":\"ListItem\",\"position\":3,\"name\":\"c93200 Cojinete de bronce &#8211; SAE 660 (CDA 932)\"}]},{\"@type\":\"WebSite\",\"@id\":\"https:\\\/\\\/conexmetals.com\\\/es\\\/#website\",\"url\":\"https:\\\/\\\/conexmetals.com\\\/es\\\/\",\"name\":\"Conex Metals Brass Fittings Brass Parts Copper Parts Brass Components Brass Plumbing Fittings India\",\"description\":\"Manufacturer of Bronze Fittings casting Copper Brass parts components\",\"publisher\":{\"@id\":\"https:\\\/\\\/conexmetals.com\\\/es\\\/#organization\"},\"potentialAction\":[{\"@type\":\"SearchAction\",\"target\":{\"@type\":\"EntryPoint\",\"urlTemplate\":\"https:\\\/\\\/conexmetals.com\\\/es\\\/?s={search_term_string}\"},\"query-input\":{\"@type\":\"PropertyValueSpecification\",\"valueRequired\":true,\"valueName\":\"search_term_string\"}}],\"inLanguage\":\"es\"},{\"@type\":\"Organization\",\"@id\":\"https:\\\/\\\/conexmetals.com\\\/es\\\/#organization\",\"name\":\"Conex Metals Brass Fittings Brass Parts Copper Parts Brass Components Brass Plumbing Fittings India\",\"url\":\"https:\\\/\\\/conexmetals.com\\\/es\\\/\",\"logo\":{\"@type\":\"ImageObject\",\"inLanguage\":\"es\",\"@id\":\"https:\\\/\\\/conexmetals.com\\\/es\\\/#\\\/schema\\\/logo\\\/image\\\/\",\"url\":\"https:\\\/\\\/conexmetals.com\\\/wp-content\\\/uploads\\\/2024\\\/03\\\/conex-metals-logo.webp\",\"contentUrl\":\"https:\\\/\\\/conexmetals.com\\\/wp-content\\\/uploads\\\/2024\\\/03\\\/conex-metals-logo.webp\",\"width\":300,\"height\":121,\"caption\":\"Conex Metals Brass Fittings Brass Parts Copper Parts Brass Components Brass Plumbing Fittings India\"},\"image\":{\"@id\":\"https:\\\/\\\/conexmetals.com\\\/es\\\/#\\\/schema\\\/logo\\\/image\\\/\"},\"sameAs\":[\"https:\\\/\\\/www.facebook.com\\\/conexbrass\",\"https:\\\/\\\/x.com\\\/conexindia\",\"https:\\\/\\\/www.linkedin.com\\\/company\\\/conex-metals-india\\\/\",\"https:\\\/\\\/www.instagram.com\\\/conexindia\\\/\"]}]}<\/script>\n<!-- \/ Yoast SEO plugin. -->","yoast_head_json":{"title":"c93200 Cojinete de bronce - SAE 660 (CDA 932)","description":"Conex Metals ofrece soluciones de fundici\u00f3n de precisi\u00f3n de aleaci\u00f3n C93200 y bronce C93200 desde nuestra fundici\u00f3n india. Como proveedor l\u00edder en India, ofrecemos piezas fundidas de aleaci\u00f3n de bronce CDA 932 mecanizadas con CNC de alta calidad, y nos especializamos en bronce al manganeso. Cuente con nosotros para obtener productos de bronce C93200 de primera calidad y servicios de fabricaci\u00f3n confiables.","robots":{"index":"index","follow":"follow","max-snippet":"max-snippet:-1","max-image-preview":"max-image-preview:large","max-video-preview":"max-video-preview:-1"},"canonical":"https:\/\/conexmetals.com\/es\/producto\/c93200-cojinete-de-bronce-sae-660-cda-932\/","schema":{"@context":"https:\/\/schema.org","@graph":[{"@type":"WebPage","@id":"https:\/\/conexmetals.com\/es\/producto\/c93200-cojinete-de-bronce-sae-660-cda-932\/","url":"https:\/\/conexmetals.com\/es\/producto\/c93200-cojinete-de-bronce-sae-660-cda-932\/","name":"c93200 Cojinete de bronce - SAE 660 (CDA 932)","isPartOf":{"@id":"https:\/\/conexmetals.com\/es\/#website"},"datePublished":"2024-07-12T09:04:18+00:00","dateModified":"2024-09-16T07:10:26+00:00","description":"Conex Metals ofrece soluciones de fundici\u00f3n de precisi\u00f3n de aleaci\u00f3n C93200 y bronce C93200 desde nuestra fundici\u00f3n india. Como proveedor l\u00edder en India, ofrecemos piezas fundidas de aleaci\u00f3n de bronce CDA 932 mecanizadas con CNC de alta calidad, y nos especializamos en bronce al manganeso. Cuente con nosotros para obtener productos de bronce C93200 de primera calidad y servicios de fabricaci\u00f3n confiables.","breadcrumb":{"@id":"https:\/\/conexmetals.com\/es\/producto\/c93200-cojinete-de-bronce-sae-660-cda-932\/#breadcrumb"},"inLanguage":"es","potentialAction":[{"@type":"ReadAction","target":["https:\/\/conexmetals.com\/es\/producto\/c93200-cojinete-de-bronce-sae-660-cda-932\/"]}]},{"@type":"BreadcrumbList","@id":"https:\/\/conexmetals.com\/es\/producto\/c93200-cojinete-de-bronce-sae-660-cda-932\/#breadcrumb","itemListElement":[{"@type":"ListItem","position":1,"name":"Home","item":"https:\/\/conexmetals.com\/es\/hogar\/"},{"@type":"ListItem","position":2,"name":"Products","item":"https:\/\/conexmetals.com\/products\/"},{"@type":"ListItem","position":3,"name":"c93200 Cojinete de bronce &#8211; SAE 660 (CDA 932)"}]},{"@type":"WebSite","@id":"https:\/\/conexmetals.com\/es\/#website","url":"https:\/\/conexmetals.com\/es\/","name":"Conex Metals Brass Fittings Brass Parts Copper Parts Brass Components Brass Plumbing Fittings India","description":"Manufacturer of Bronze Fittings casting Copper Brass parts components","publisher":{"@id":"https:\/\/conexmetals.com\/es\/#organization"},"potentialAction":[{"@type":"SearchAction","target":{"@type":"EntryPoint","urlTemplate":"https:\/\/conexmetals.com\/es\/?s={search_term_string}"},"query-input":{"@type":"PropertyValueSpecification","valueRequired":true,"valueName":"search_term_string"}}],"inLanguage":"es"},{"@type":"Organization","@id":"https:\/\/conexmetals.com\/es\/#organization","name":"Conex Metals Brass Fittings Brass Parts Copper Parts Brass Components Brass Plumbing Fittings India","url":"https:\/\/conexmetals.com\/es\/","logo":{"@type":"ImageObject","inLanguage":"es","@id":"https:\/\/conexmetals.com\/es\/#\/schema\/logo\/image\/","url":"https:\/\/conexmetals.com\/wp-content\/uploads\/2024\/03\/conex-metals-logo.webp","contentUrl":"https:\/\/conexmetals.com\/wp-content\/uploads\/2024\/03\/conex-metals-logo.webp","width":300,"height":121,"caption":"Conex Metals Brass Fittings Brass Parts Copper Parts Brass Components Brass Plumbing Fittings India"},"image":{"@id":"https:\/\/conexmetals.com\/es\/#\/schema\/logo\/image\/"},"sameAs":["https:\/\/www.facebook.com\/conexbrass","https:\/\/x.com\/conexindia","https:\/\/www.linkedin.com\/company\/conex-metals-india\/","https:\/\/www.instagram.com\/conexindia\/"]}]}},"_links":{"self":[{"href":"https:\/\/conexmetals.com\/es\/wp-json\/wp\/v2\/product\/10049","targetHints":{"allow":["GET"]}}],"collection":[{"href":"https:\/\/conexmetals.com\/es\/wp-json\/wp\/v2\/product"}],"about":[{"href":"https:\/\/conexmetals.com\/es\/wp-json\/wp\/v2\/types\/product"}],"wp:attachment":[{"href":"https:\/\/conexmetals.com\/es\/wp-json\/wp\/v2\/media?parent=10049"}],"wp:term":[{"taxonomy":"product_brand","embeddable":true,"href":"https:\/\/conexmetals.com\/es\/wp-json\/wp\/v2\/product_brand?post=10049"},{"taxonomy":"product_cat","embeddable":true,"href":"https:\/\/conexmetals.com\/es\/wp-json\/wp\/v2\/product_cat?post=10049"},{"taxonomy":"product_tag","embeddable":true,"href":"https:\/\/conexmetals.com\/es\/wp-json\/wp\/v2\/product_tag?post=10049"}],"curies":[{"name":"wp","href":"https:\/\/api.w.org\/{rel}","templated":true}]}}