{"id":10052,"date":"2024-07-12T12:45:07","date_gmt":"2024-07-12T07:15:07","guid":{"rendered":"https:\/\/conexmetals.com\/product\/c95800-bronce-de-niquel-y-aluminio-cda-958\/"},"modified":"2024-09-16T12:40:26","modified_gmt":"2024-09-16T07:10:26","slug":"c95800-bronce-de-niquel-y-aluminio-cda-958","status":"publish","type":"product","link":"https:\/\/conexmetals.com\/es\/producto\/c95800-bronce-de-niquel-y-aluminio-cda-958\/","title":{"rendered":"C95800 Bronce de n\u00edquel y aluminio (CDA 958)"},"content":{"rendered":"","protected":false},"excerpt":{"rendered":"<p>C95800 (CDA 958) es una aleaci\u00f3n de fundici\u00f3n de bronce resistente de la India, que se utiliza con frecuencia en aplicaciones que requieren una alta resistencia al impacto. Conex Metals es su fuente de confianza para el bronce de n\u00edquel y aluminio C95800, que ofrece s\u00f3lidos y rect\u00e1ngulos tanto en fundiciones est\u00e1ndar como especiales. Esta aleaci\u00f3n para cojinetes de alta resistencia se destaca en aplicaciones exigentes, proporcionando una resistencia y durabilidad excepcionales. Tenga en cuenta que C95800 requiere una alineaci\u00f3n adecuada y lubricantes limpios para funcionar de manera \u00f3ptima. Para obtener mejores resultados, util\u00edcelo contra ejes de acero endurecido con acabados de superficie mecanizados con precisi\u00f3n. El bronce de n\u00edquel y aluminio C95800 es vers\u00e1til y se utiliza ampliamente en varias industrias, que incluyen: &#8211; Tuercas y bujes &#8211; Engranajes y maquinaria &#8211; Equipos de decapado &#8211; Palas y ejes de bujes de h\u00e9lice &#8211; Cuerpos de v\u00e1lvulas y placas de desgaste &#8211; Ruedas helicoidales y cubiertas &#8211; Hardware marino y construcci\u00f3n naval &#8211; V\u00e1lvulas y codos de agua de mar <strong>Composici\u00f3n qu\u00edmica de C95800:<\/strong> (% m\u00e1x., a menos que se muestre como rango o m\u00edn.[table id=\"293\" \/] (1) El valor de Ni incluye Co. Nota: Cu + suma de elementos nombrados, 99,5 % m\u00edn. <strong>Propiedades mec\u00e1nicas C95800:<\/strong> (medidas a temperatura ambiente, 68 \u00b0F (20 \u00b0C))[table id=\"294\" \/] *Resistencia a la fatiga: 100 x 10 <sup>6<\/sup> ciclos, a menos que se indique como [N]X 10 <sup>6<\/sup> . <strong>Especificaciones aplicables C95800:<\/strong>       [table id=\"295\" \/]<strong><br \/>\n<\/strong><\/p>\n","protected":false},"featured_media":0,"template":"","meta":[],"product_brand":[],"product_cat":[308],"product_tag":[],"class_list":{"0":"post-10052","1":"product","2":"type-product","3":"status-publish","5":"product_cat-sin-categorizar","7":"first","8":"instock","9":"shipping-taxable","10":"product-type-simple"},"yoast_head":"<!-- This site is optimized with the Yoast SEO plugin v27.3 - https:\/\/yoast.com\/product\/yoast-seo-wordpress\/ -->\n<title>C95800 Bronce de n\u00edquel y aluminio (CDA 958)<\/title>\n<meta name=\"description\" content=\"Conex Metals es una fundici\u00f3n india de primer nivel, especializada en fundici\u00f3n de aleaci\u00f3n C95800 y bronce C95800. Ofrecemos piezas fundidas mecanizadas con CNC en aleaci\u00f3n de bronce CDA 958, lo que garantiza una excelente calidad. Como proveedor l\u00edder en India, nuestros servicios de fundici\u00f3n de aleaci\u00f3n de bronce al manganeso cumplen con los est\u00e1ndares m\u00e1s altos de la industria.\" \/>\n<meta name=\"robots\" content=\"index, follow, max-snippet:-1, max-image-preview:large, max-video-preview:-1\" \/>\n<link rel=\"canonical\" href=\"https:\/\/conexmetals.com\/es\/producto\/c95800-bronce-de-niquel-y-aluminio-cda-958\/\" \/>\n<script type=\"application\/ld+json\" class=\"yoast-schema-graph\">{\"@context\":\"https:\\\/\\\/schema.org\",\"@graph\":[{\"@type\":\"WebPage\",\"@id\":\"https:\\\/\\\/conexmetals.com\\\/es\\\/producto\\\/c95800-bronce-de-niquel-y-aluminio-cda-958\\\/\",\"url\":\"https:\\\/\\\/conexmetals.com\\\/es\\\/producto\\\/c95800-bronce-de-niquel-y-aluminio-cda-958\\\/\",\"name\":\"C95800 Bronce de n\u00edquel y aluminio (CDA 958)\",\"isPartOf\":{\"@id\":\"https:\\\/\\\/conexmetals.com\\\/es\\\/#website\"},\"datePublished\":\"2024-07-12T07:15:07+00:00\",\"dateModified\":\"2024-09-16T07:10:26+00:00\",\"description\":\"Conex Metals es una fundici\u00f3n india de primer nivel, especializada en fundici\u00f3n de aleaci\u00f3n C95800 y bronce C95800. Ofrecemos piezas fundidas mecanizadas con CNC en aleaci\u00f3n de bronce CDA 958, lo que garantiza una excelente calidad. Como proveedor l\u00edder en India, nuestros servicios de fundici\u00f3n de aleaci\u00f3n de bronce al manganeso cumplen con los est\u00e1ndares m\u00e1s altos de la industria.\",\"breadcrumb\":{\"@id\":\"https:\\\/\\\/conexmetals.com\\\/es\\\/producto\\\/c95800-bronce-de-niquel-y-aluminio-cda-958\\\/#breadcrumb\"},\"inLanguage\":\"es\",\"potentialAction\":[{\"@type\":\"ReadAction\",\"target\":[\"https:\\\/\\\/conexmetals.com\\\/es\\\/producto\\\/c95800-bronce-de-niquel-y-aluminio-cda-958\\\/\"]}]},{\"@type\":\"BreadcrumbList\",\"@id\":\"https:\\\/\\\/conexmetals.com\\\/es\\\/producto\\\/c95800-bronce-de-niquel-y-aluminio-cda-958\\\/#breadcrumb\",\"itemListElement\":[{\"@type\":\"ListItem\",\"position\":1,\"name\":\"Home\",\"item\":\"https:\\\/\\\/conexmetals.com\\\/es\\\/hogar\\\/\"},{\"@type\":\"ListItem\",\"position\":2,\"name\":\"Products\",\"item\":\"https:\\\/\\\/conexmetals.com\\\/products\\\/\"},{\"@type\":\"ListItem\",\"position\":3,\"name\":\"C95800 Bronce de n\u00edquel y aluminio (CDA 958)\"}]},{\"@type\":\"WebSite\",\"@id\":\"https:\\\/\\\/conexmetals.com\\\/es\\\/#website\",\"url\":\"https:\\\/\\\/conexmetals.com\\\/es\\\/\",\"name\":\"Conex Metals Brass Fittings Brass Parts Copper Parts Brass Components Brass Plumbing Fittings India\",\"description\":\"Manufacturer of Bronze Fittings casting Copper Brass parts components\",\"publisher\":{\"@id\":\"https:\\\/\\\/conexmetals.com\\\/es\\\/#organization\"},\"potentialAction\":[{\"@type\":\"SearchAction\",\"target\":{\"@type\":\"EntryPoint\",\"urlTemplate\":\"https:\\\/\\\/conexmetals.com\\\/es\\\/?s={search_term_string}\"},\"query-input\":{\"@type\":\"PropertyValueSpecification\",\"valueRequired\":true,\"valueName\":\"search_term_string\"}}],\"inLanguage\":\"es\"},{\"@type\":\"Organization\",\"@id\":\"https:\\\/\\\/conexmetals.com\\\/es\\\/#organization\",\"name\":\"Conex Metals Brass Fittings Brass Parts Copper Parts Brass Components Brass Plumbing Fittings India\",\"url\":\"https:\\\/\\\/conexmetals.com\\\/es\\\/\",\"logo\":{\"@type\":\"ImageObject\",\"inLanguage\":\"es\",\"@id\":\"https:\\\/\\\/conexmetals.com\\\/es\\\/#\\\/schema\\\/logo\\\/image\\\/\",\"url\":\"https:\\\/\\\/conexmetals.com\\\/wp-content\\\/uploads\\\/2024\\\/03\\\/conex-metals-logo.webp\",\"contentUrl\":\"https:\\\/\\\/conexmetals.com\\\/wp-content\\\/uploads\\\/2024\\\/03\\\/conex-metals-logo.webp\",\"width\":300,\"height\":121,\"caption\":\"Conex Metals Brass Fittings Brass Parts Copper Parts Brass Components Brass Plumbing Fittings India\"},\"image\":{\"@id\":\"https:\\\/\\\/conexmetals.com\\\/es\\\/#\\\/schema\\\/logo\\\/image\\\/\"},\"sameAs\":[\"https:\\\/\\\/www.facebook.com\\\/conexbrass\",\"https:\\\/\\\/x.com\\\/conexindia\",\"https:\\\/\\\/www.linkedin.com\\\/company\\\/conex-metals-india\\\/\",\"https:\\\/\\\/www.instagram.com\\\/conexindia\\\/\"]}]}<\/script>\n<!-- \/ Yoast SEO plugin. -->","yoast_head_json":{"title":"C95800 Bronce de n\u00edquel y aluminio (CDA 958)","description":"Conex Metals es una fundici\u00f3n india de primer nivel, especializada en fundici\u00f3n de aleaci\u00f3n C95800 y bronce C95800. Ofrecemos piezas fundidas mecanizadas con CNC en aleaci\u00f3n de bronce CDA 958, lo que garantiza una excelente calidad. Como proveedor l\u00edder en India, nuestros servicios de fundici\u00f3n de aleaci\u00f3n de bronce al manganeso cumplen con los est\u00e1ndares m\u00e1s altos de la industria.","robots":{"index":"index","follow":"follow","max-snippet":"max-snippet:-1","max-image-preview":"max-image-preview:large","max-video-preview":"max-video-preview:-1"},"canonical":"https:\/\/conexmetals.com\/es\/producto\/c95800-bronce-de-niquel-y-aluminio-cda-958\/","schema":{"@context":"https:\/\/schema.org","@graph":[{"@type":"WebPage","@id":"https:\/\/conexmetals.com\/es\/producto\/c95800-bronce-de-niquel-y-aluminio-cda-958\/","url":"https:\/\/conexmetals.com\/es\/producto\/c95800-bronce-de-niquel-y-aluminio-cda-958\/","name":"C95800 Bronce de n\u00edquel y aluminio (CDA 958)","isPartOf":{"@id":"https:\/\/conexmetals.com\/es\/#website"},"datePublished":"2024-07-12T07:15:07+00:00","dateModified":"2024-09-16T07:10:26+00:00","description":"Conex Metals es una fundici\u00f3n india de primer nivel, especializada en fundici\u00f3n de aleaci\u00f3n C95800 y bronce C95800. Ofrecemos piezas fundidas mecanizadas con CNC en aleaci\u00f3n de bronce CDA 958, lo que garantiza una excelente calidad. Como proveedor l\u00edder en India, nuestros servicios de fundici\u00f3n de aleaci\u00f3n de bronce al manganeso cumplen con los est\u00e1ndares m\u00e1s altos de la industria.","breadcrumb":{"@id":"https:\/\/conexmetals.com\/es\/producto\/c95800-bronce-de-niquel-y-aluminio-cda-958\/#breadcrumb"},"inLanguage":"es","potentialAction":[{"@type":"ReadAction","target":["https:\/\/conexmetals.com\/es\/producto\/c95800-bronce-de-niquel-y-aluminio-cda-958\/"]}]},{"@type":"BreadcrumbList","@id":"https:\/\/conexmetals.com\/es\/producto\/c95800-bronce-de-niquel-y-aluminio-cda-958\/#breadcrumb","itemListElement":[{"@type":"ListItem","position":1,"name":"Home","item":"https:\/\/conexmetals.com\/es\/hogar\/"},{"@type":"ListItem","position":2,"name":"Products","item":"https:\/\/conexmetals.com\/products\/"},{"@type":"ListItem","position":3,"name":"C95800 Bronce de n\u00edquel y aluminio (CDA 958)"}]},{"@type":"WebSite","@id":"https:\/\/conexmetals.com\/es\/#website","url":"https:\/\/conexmetals.com\/es\/","name":"Conex Metals Brass Fittings Brass Parts Copper Parts Brass Components Brass Plumbing Fittings India","description":"Manufacturer of Bronze Fittings casting Copper Brass parts components","publisher":{"@id":"https:\/\/conexmetals.com\/es\/#organization"},"potentialAction":[{"@type":"SearchAction","target":{"@type":"EntryPoint","urlTemplate":"https:\/\/conexmetals.com\/es\/?s={search_term_string}"},"query-input":{"@type":"PropertyValueSpecification","valueRequired":true,"valueName":"search_term_string"}}],"inLanguage":"es"},{"@type":"Organization","@id":"https:\/\/conexmetals.com\/es\/#organization","name":"Conex Metals Brass Fittings Brass Parts Copper Parts Brass Components Brass Plumbing Fittings India","url":"https:\/\/conexmetals.com\/es\/","logo":{"@type":"ImageObject","inLanguage":"es","@id":"https:\/\/conexmetals.com\/es\/#\/schema\/logo\/image\/","url":"https:\/\/conexmetals.com\/wp-content\/uploads\/2024\/03\/conex-metals-logo.webp","contentUrl":"https:\/\/conexmetals.com\/wp-content\/uploads\/2024\/03\/conex-metals-logo.webp","width":300,"height":121,"caption":"Conex Metals Brass Fittings Brass Parts Copper Parts Brass Components Brass Plumbing Fittings India"},"image":{"@id":"https:\/\/conexmetals.com\/es\/#\/schema\/logo\/image\/"},"sameAs":["https:\/\/www.facebook.com\/conexbrass","https:\/\/x.com\/conexindia","https:\/\/www.linkedin.com\/company\/conex-metals-india\/","https:\/\/www.instagram.com\/conexindia\/"]}]}},"_links":{"self":[{"href":"https:\/\/conexmetals.com\/es\/wp-json\/wp\/v2\/product\/10052","targetHints":{"allow":["GET"]}}],"collection":[{"href":"https:\/\/conexmetals.com\/es\/wp-json\/wp\/v2\/product"}],"about":[{"href":"https:\/\/conexmetals.com\/es\/wp-json\/wp\/v2\/types\/product"}],"wp:attachment":[{"href":"https:\/\/conexmetals.com\/es\/wp-json\/wp\/v2\/media?parent=10052"}],"wp:term":[{"taxonomy":"product_brand","embeddable":true,"href":"https:\/\/conexmetals.com\/es\/wp-json\/wp\/v2\/product_brand?post=10052"},{"taxonomy":"product_cat","embeddable":true,"href":"https:\/\/conexmetals.com\/es\/wp-json\/wp\/v2\/product_cat?post=10052"},{"taxonomy":"product_tag","embeddable":true,"href":"https:\/\/conexmetals.com\/es\/wp-json\/wp\/v2\/product_tag?post=10052"}],"curies":[{"name":"wp","href":"https:\/\/api.w.org\/{rel}","templated":true}]}}