{"id":10057,"date":"2024-07-12T15:31:56","date_gmt":"2024-07-12T10:01:56","guid":{"rendered":"https:\/\/conexmetals.com\/product\/c93700-bronce-al-estano-cda-937\/"},"modified":"2024-09-16T12:40:25","modified_gmt":"2024-09-16T07:10:25","slug":"c93700-bronce-al-estano-cda-937","status":"publish","type":"product","link":"https:\/\/conexmetals.com\/es\/producto\/c93700-bronce-al-estano-cda-937\/","title":{"rendered":"C93700 Bronce al esta\u00f1o (CDA 937)"},"content":{"rendered":"","protected":false},"excerpt":{"rendered":"<p>C93700 (CDA 937) es una aleaci\u00f3n de bronce fundido de alta resistencia de la India, conocida por su conductividad t\u00e9rmica, ideal para intercambiadores de calor y aplicaciones t\u00e9rmicas. Conex Metals es su fuente de confianza para bronce esta\u00f1ado C93700, que ofrece una variedad de formas de productos, que incluyen s\u00f3lidos, placas, rect\u00e1ngulos y piezas fundidas. Mantenemos un inventario selecto de placas de puente (seg\u00fan ASTM B22) en varios tama\u00f1os, con algunas formas y tama\u00f1os disponibles listos para usar. Para otros tama\u00f1os, ofrecemos piezas fundidas a pedido adaptadas a sus necesidades espec\u00edficas. Tenga en cuenta que el m\u00e9todo de fundici\u00f3n depender\u00e1 de su tama\u00f1o, especificaci\u00f3n y cantidad deseada. Nuestro equipo de expertos trabajar\u00e1 en estrecha colaboraci\u00f3n con usted para determinar el m\u00e9todo de fundici\u00f3n \u00f3ptimo para su aplicaci\u00f3n. <strong>El bronce al esta\u00f1o C93700 es una aleaci\u00f3n vers\u00e1til que se utiliza en diversas aplicaciones exigentes, entre las que se incluyen:<\/strong> &#8211; Cojinetes &#8211; Placas de cojinetes &#8211; Marina: Cojinetes grandes para barcos &#8211; Bombas &#8211; Fundiciones herm\u00e9ticas &#8211; Sujetadores: Arandelas para motores &#8211; Impulsores &#8211; Cojinetes de alta velocidad y carga pesada &#8211; Industrial: Cig\u00fce\u00f1ales, bujes, piezas de maquinaria &#8211; Piezas para mantenimiento de acer\u00edas &#8211; Bujes para aplicaciones de alta velocidad y alta presi\u00f3n <strong>Composici\u00f3n qu\u00edmica:<\/strong> %m\u00e1x., a menos que se muestre como rango o m\u00edn.)        [table id=\"299\" \/]  (1) El Fe debe ser 0,35 % como m\u00e1ximo cuando se utiliza para acero con respaldo (2) El valor de Ni incluye Co. (3) Para fundiciones continuas, P debe ser 1,5 % como m\u00e1ximo. Nota: Cu + Suma de elementos nombrados, 99,0 % como m\u00ednimo. <strong>Propiedades mec\u00e1nicas:<\/strong> (medidas a temperatura ambiente, 68 F (20 C)   [table id=\"300\" \/]  *Resistencia a la fatiga: 100 x 10 <sup>6<\/sup> ciclos, a menos que se indique como [N]X 10 <sup>6<\/sup> .  <strong>Especificaciones aplicables:  <\/strong>[table id=\"301\" \/]<strong><br \/>\n<\/strong><\/p>\n<p>&nbsp;<\/p>\n","protected":false},"featured_media":0,"template":"","meta":[],"product_brand":[],"product_cat":[308],"product_tag":[],"class_list":{"0":"post-10057","1":"product","2":"type-product","3":"status-publish","5":"product_cat-sin-categorizar","7":"first","8":"instock","9":"shipping-taxable","10":"product-type-simple"},"yoast_head":"<!-- This site is optimized with the Yoast SEO plugin v27.3 - https:\/\/yoast.com\/product\/yoast-seo-wordpress\/ -->\n<title>C93700 Bronce al esta\u00f1o (CDA 937)<\/title>\n<meta name=\"description\" content=\"Conex Metals se destaca en la producci\u00f3n de aleaciones C93700 y piezas fundidas de bronce C93700. Con un enfoque en la aleaci\u00f3n de bronce CDA 937 mecanizada por CNC, nuestra fundici\u00f3n india ofrece precisi\u00f3n en cada pieza fundida de bronce al manganeso. Somos un proveedor y fabricante l\u00edder de piezas fundidas de aleaciones de bronce C93700 en la India.\" \/>\n<meta name=\"robots\" content=\"index, follow, max-snippet:-1, max-image-preview:large, max-video-preview:-1\" \/>\n<link rel=\"canonical\" href=\"https:\/\/conexmetals.com\/es\/producto\/c93700-bronce-al-estano-cda-937\/\" \/>\n<script type=\"application\/ld+json\" class=\"yoast-schema-graph\">{\"@context\":\"https:\\\/\\\/schema.org\",\"@graph\":[{\"@type\":\"WebPage\",\"@id\":\"https:\\\/\\\/conexmetals.com\\\/es\\\/producto\\\/c93700-bronce-al-estano-cda-937\\\/\",\"url\":\"https:\\\/\\\/conexmetals.com\\\/es\\\/producto\\\/c93700-bronce-al-estano-cda-937\\\/\",\"name\":\"C93700 Bronce al esta\u00f1o (CDA 937)\",\"isPartOf\":{\"@id\":\"https:\\\/\\\/conexmetals.com\\\/es\\\/#website\"},\"datePublished\":\"2024-07-12T10:01:56+00:00\",\"dateModified\":\"2024-09-16T07:10:25+00:00\",\"description\":\"Conex Metals se destaca en la producci\u00f3n de aleaciones C93700 y piezas fundidas de bronce C93700. Con un enfoque en la aleaci\u00f3n de bronce CDA 937 mecanizada por CNC, nuestra fundici\u00f3n india ofrece precisi\u00f3n en cada pieza fundida de bronce al manganeso. Somos un proveedor y fabricante l\u00edder de piezas fundidas de aleaciones de bronce C93700 en la India.\",\"breadcrumb\":{\"@id\":\"https:\\\/\\\/conexmetals.com\\\/es\\\/producto\\\/c93700-bronce-al-estano-cda-937\\\/#breadcrumb\"},\"inLanguage\":\"es\",\"potentialAction\":[{\"@type\":\"ReadAction\",\"target\":[\"https:\\\/\\\/conexmetals.com\\\/es\\\/producto\\\/c93700-bronce-al-estano-cda-937\\\/\"]}]},{\"@type\":\"BreadcrumbList\",\"@id\":\"https:\\\/\\\/conexmetals.com\\\/es\\\/producto\\\/c93700-bronce-al-estano-cda-937\\\/#breadcrumb\",\"itemListElement\":[{\"@type\":\"ListItem\",\"position\":1,\"name\":\"Home\",\"item\":\"https:\\\/\\\/conexmetals.com\\\/es\\\/hogar\\\/\"},{\"@type\":\"ListItem\",\"position\":2,\"name\":\"Products\",\"item\":\"https:\\\/\\\/conexmetals.com\\\/products\\\/\"},{\"@type\":\"ListItem\",\"position\":3,\"name\":\"C93700 Bronce al esta\u00f1o (CDA 937)\"}]},{\"@type\":\"WebSite\",\"@id\":\"https:\\\/\\\/conexmetals.com\\\/es\\\/#website\",\"url\":\"https:\\\/\\\/conexmetals.com\\\/es\\\/\",\"name\":\"Conex Metals Brass Fittings Brass Parts Copper Parts Brass Components Brass Plumbing Fittings India\",\"description\":\"Manufacturer of Bronze Fittings casting Copper Brass parts components\",\"publisher\":{\"@id\":\"https:\\\/\\\/conexmetals.com\\\/es\\\/#organization\"},\"potentialAction\":[{\"@type\":\"SearchAction\",\"target\":{\"@type\":\"EntryPoint\",\"urlTemplate\":\"https:\\\/\\\/conexmetals.com\\\/es\\\/?s={search_term_string}\"},\"query-input\":{\"@type\":\"PropertyValueSpecification\",\"valueRequired\":true,\"valueName\":\"search_term_string\"}}],\"inLanguage\":\"es\"},{\"@type\":\"Organization\",\"@id\":\"https:\\\/\\\/conexmetals.com\\\/es\\\/#organization\",\"name\":\"Conex Metals Brass Fittings Brass Parts Copper Parts Brass Components Brass Plumbing Fittings India\",\"url\":\"https:\\\/\\\/conexmetals.com\\\/es\\\/\",\"logo\":{\"@type\":\"ImageObject\",\"inLanguage\":\"es\",\"@id\":\"https:\\\/\\\/conexmetals.com\\\/es\\\/#\\\/schema\\\/logo\\\/image\\\/\",\"url\":\"https:\\\/\\\/conexmetals.com\\\/wp-content\\\/uploads\\\/2024\\\/03\\\/conex-metals-logo.webp\",\"contentUrl\":\"https:\\\/\\\/conexmetals.com\\\/wp-content\\\/uploads\\\/2024\\\/03\\\/conex-metals-logo.webp\",\"width\":300,\"height\":121,\"caption\":\"Conex Metals Brass Fittings Brass Parts Copper Parts Brass Components Brass Plumbing Fittings India\"},\"image\":{\"@id\":\"https:\\\/\\\/conexmetals.com\\\/es\\\/#\\\/schema\\\/logo\\\/image\\\/\"},\"sameAs\":[\"https:\\\/\\\/www.facebook.com\\\/conexbrass\",\"https:\\\/\\\/x.com\\\/conexindia\",\"https:\\\/\\\/www.linkedin.com\\\/company\\\/conex-metals-india\\\/\",\"https:\\\/\\\/www.instagram.com\\\/conexindia\\\/\"]}]}<\/script>\n<!-- \/ Yoast SEO plugin. -->","yoast_head_json":{"title":"C93700 Bronce al esta\u00f1o (CDA 937)","description":"Conex Metals se destaca en la producci\u00f3n de aleaciones C93700 y piezas fundidas de bronce C93700. Con un enfoque en la aleaci\u00f3n de bronce CDA 937 mecanizada por CNC, nuestra fundici\u00f3n india ofrece precisi\u00f3n en cada pieza fundida de bronce al manganeso. Somos un proveedor y fabricante l\u00edder de piezas fundidas de aleaciones de bronce C93700 en la India.","robots":{"index":"index","follow":"follow","max-snippet":"max-snippet:-1","max-image-preview":"max-image-preview:large","max-video-preview":"max-video-preview:-1"},"canonical":"https:\/\/conexmetals.com\/es\/producto\/c93700-bronce-al-estano-cda-937\/","schema":{"@context":"https:\/\/schema.org","@graph":[{"@type":"WebPage","@id":"https:\/\/conexmetals.com\/es\/producto\/c93700-bronce-al-estano-cda-937\/","url":"https:\/\/conexmetals.com\/es\/producto\/c93700-bronce-al-estano-cda-937\/","name":"C93700 Bronce al esta\u00f1o (CDA 937)","isPartOf":{"@id":"https:\/\/conexmetals.com\/es\/#website"},"datePublished":"2024-07-12T10:01:56+00:00","dateModified":"2024-09-16T07:10:25+00:00","description":"Conex Metals se destaca en la producci\u00f3n de aleaciones C93700 y piezas fundidas de bronce C93700. Con un enfoque en la aleaci\u00f3n de bronce CDA 937 mecanizada por CNC, nuestra fundici\u00f3n india ofrece precisi\u00f3n en cada pieza fundida de bronce al manganeso. Somos un proveedor y fabricante l\u00edder de piezas fundidas de aleaciones de bronce C93700 en la India.","breadcrumb":{"@id":"https:\/\/conexmetals.com\/es\/producto\/c93700-bronce-al-estano-cda-937\/#breadcrumb"},"inLanguage":"es","potentialAction":[{"@type":"ReadAction","target":["https:\/\/conexmetals.com\/es\/producto\/c93700-bronce-al-estano-cda-937\/"]}]},{"@type":"BreadcrumbList","@id":"https:\/\/conexmetals.com\/es\/producto\/c93700-bronce-al-estano-cda-937\/#breadcrumb","itemListElement":[{"@type":"ListItem","position":1,"name":"Home","item":"https:\/\/conexmetals.com\/es\/hogar\/"},{"@type":"ListItem","position":2,"name":"Products","item":"https:\/\/conexmetals.com\/products\/"},{"@type":"ListItem","position":3,"name":"C93700 Bronce al esta\u00f1o (CDA 937)"}]},{"@type":"WebSite","@id":"https:\/\/conexmetals.com\/es\/#website","url":"https:\/\/conexmetals.com\/es\/","name":"Conex Metals Brass Fittings Brass Parts Copper Parts Brass Components Brass Plumbing Fittings India","description":"Manufacturer of Bronze Fittings casting Copper Brass parts components","publisher":{"@id":"https:\/\/conexmetals.com\/es\/#organization"},"potentialAction":[{"@type":"SearchAction","target":{"@type":"EntryPoint","urlTemplate":"https:\/\/conexmetals.com\/es\/?s={search_term_string}"},"query-input":{"@type":"PropertyValueSpecification","valueRequired":true,"valueName":"search_term_string"}}],"inLanguage":"es"},{"@type":"Organization","@id":"https:\/\/conexmetals.com\/es\/#organization","name":"Conex Metals Brass Fittings Brass Parts Copper Parts Brass Components Brass Plumbing Fittings India","url":"https:\/\/conexmetals.com\/es\/","logo":{"@type":"ImageObject","inLanguage":"es","@id":"https:\/\/conexmetals.com\/es\/#\/schema\/logo\/image\/","url":"https:\/\/conexmetals.com\/wp-content\/uploads\/2024\/03\/conex-metals-logo.webp","contentUrl":"https:\/\/conexmetals.com\/wp-content\/uploads\/2024\/03\/conex-metals-logo.webp","width":300,"height":121,"caption":"Conex Metals Brass Fittings Brass Parts Copper Parts Brass Components Brass Plumbing Fittings India"},"image":{"@id":"https:\/\/conexmetals.com\/es\/#\/schema\/logo\/image\/"},"sameAs":["https:\/\/www.facebook.com\/conexbrass","https:\/\/x.com\/conexindia","https:\/\/www.linkedin.com\/company\/conex-metals-india\/","https:\/\/www.instagram.com\/conexindia\/"]}]}},"_links":{"self":[{"href":"https:\/\/conexmetals.com\/es\/wp-json\/wp\/v2\/product\/10057","targetHints":{"allow":["GET"]}}],"collection":[{"href":"https:\/\/conexmetals.com\/es\/wp-json\/wp\/v2\/product"}],"about":[{"href":"https:\/\/conexmetals.com\/es\/wp-json\/wp\/v2\/types\/product"}],"wp:attachment":[{"href":"https:\/\/conexmetals.com\/es\/wp-json\/wp\/v2\/media?parent=10057"}],"wp:term":[{"taxonomy":"product_brand","embeddable":true,"href":"https:\/\/conexmetals.com\/es\/wp-json\/wp\/v2\/product_brand?post=10057"},{"taxonomy":"product_cat","embeddable":true,"href":"https:\/\/conexmetals.com\/es\/wp-json\/wp\/v2\/product_cat?post=10057"},{"taxonomy":"product_tag","embeddable":true,"href":"https:\/\/conexmetals.com\/es\/wp-json\/wp\/v2\/product_tag?post=10057"}],"curies":[{"name":"wp","href":"https:\/\/api.w.org\/{rel}","templated":true}]}}