{"id":10967,"date":"2023-08-16T09:09:31","date_gmt":"2023-08-16T03:39:31","guid":{"rendered":"https:\/\/conexmetals.com\/?post_type=product&#038;p=10967"},"modified":"2024-10-16T12:41:19","modified_gmt":"2024-10-16T07:11:19","slug":"fundicion-de-laton","status":"publish","type":"product","link":"https:\/\/conexmetals.com\/es\/producto\/fundicion-de-laton\/","title":{"rendered":"fundici\u00f3n de lat\u00f3n"},"content":{"rendered":"","protected":false},"excerpt":{"rendered":"<p>Las fundiciones de lat\u00f3n son un tipo espec\u00edfico de fundici\u00f3n de metal que utiliza el lat\u00f3n como material principal. El lat\u00f3n es una aleaci\u00f3n compuesta de cobre y zinc, con otros elementos que a veces se a\u00f1aden para lograr propiedades espec\u00edficas. Es conocido por su apariencia dorada, su bajo punto de fusi\u00f3n, excelente maquinabilidad y resistencia a la corrosi\u00f3n. Estas cualidades hacen que el lat\u00f3n sea una opci\u00f3n popular para una amplia gama de aplicaciones.<\/p>\n<p>El proceso de fundici\u00f3n de lat\u00f3n es similar al proceso general de fundici\u00f3n de metales mencionado anteriormente, pero con el uso espec\u00edfico de lat\u00f3n como el metal fundido.<\/p>\n<p>Tenemos la capacidad de realizar fundici\u00f3n en arena, as\u00ed como fundici\u00f3n en molde de resina.<\/p>\n<p>Las fundiciones de lat\u00f3n se aplican en diversas industrias, incluyendo:<\/p>\n<p><strong>Automotriz:<\/strong> Las fundiciones de lat\u00f3n se utilizan en componentes de motores, accesorios y piezas decorativas. <strong>Fontaner\u00eda:<\/strong> Las fundiciones de lat\u00f3n se utilizan para grifos, v\u00e1lvulas, accesorios de tuber\u00edas y otros elementos de fontaner\u00eda. <strong>El\u00e9ctrico:<\/strong> Las piezas de lat\u00f3n se utilizan para conectores.<\/p>\n<p>El proceso de fundici\u00f3n de lat\u00f3n permite la producci\u00f3n de componentes intrincados y detallados con la apariencia y propiedades distintivas del lat\u00f3n, lo que lo convierte en un m\u00e9todo de fabricaci\u00f3n valioso en diversas industrias.<\/p>\n<p>Ofrecemos instalaciones de fundici\u00f3n de lat\u00f3n de hasta 40 kg de peso y fundiciones de lat\u00f3n de hasta 1 metro de longitud. Nuestra instalaci\u00f3n de fundici\u00f3n en arena est\u00e1 bien equipada para abordar cualquier trabajo desafiante de fundici\u00f3n de lat\u00f3n o consulta de fundici\u00f3n de lat\u00f3n.<\/p>\n<p>Proporcionamos fundiciones de:<\/p>\n<ul>\n<li>Lat\u00f3n<\/li>\n<li>Metal de armas<\/li>\n<li>Bronce f\u00f3sforo<\/li>\n<li>Lat\u00f3n de alta resistencia<\/li>\n<li>Bronce de aluminio<\/li>\n<li>Bronce de manganeso<\/li>\n<li>Bronce de silicio<\/li>\n<li>Bronce de plomo<\/li>\n<\/ul>\n<p><strong>Material<\/strong> Todas las calidades de lat\u00f3n, como CZ121, C358, C360, C377 y C8750.<\/p>\n<p><strong>Fundici\u00f3n de lat\u00f3n<\/strong> (de 10 gramos a 40 kg): Podemos ofrecer fundiciones mecanizadas de lat\u00f3n.<\/p>\n<p><strong>Tama\u00f1o<\/strong> Especificaci\u00f3n o seg\u00fan dise\u00f1o o requisito personalizado.<\/p>\n<p><strong>Acabado y recubrimiento<\/strong> Natural, niquelado, niquelado o cualquier recubrimiento seg\u00fan especificaci\u00f3n del cliente.<\/p>\n<p><strong>Desarrollo personalizado<\/strong><\/p>\n<p>Nos complace desarrollar fundiciones de lat\u00f3n no est\u00e1ndar y piezas fundidas de lat\u00f3n seg\u00fan requisitos espec\u00edficos.<\/p>\n<p><strong>Materiales:<\/strong> Lat\u00f3n seg\u00fan BS 2874 \/ 2872 <strong>Acabado:<\/strong> Lat\u00f3n natural, electro-esta\u00f1ado, n\u00edquel, etc.<\/p>\n<p>&nbsp;<\/p>\n<table id=\"tablepress-227\" class=\"tablepress tablepress-id-227\">\n<caption>\u00a0<\/caption>\n<thead>\n<tr class=\"row-1 odd\">\n<th class=\"column-1\" colspan=\"7\">Fundici\u00f3n de lat\u00f3n Fundici\u00f3n de lat\u00f3n<\/th>\n<\/tr>\n<\/thead>\n<tbody class=\"row-hover\">\n<tr class=\"row-2 even\">\n<td class=\"column-1\">Jap\u00f3n<\/td>\n<td class=\"column-2\" colspan=\"3\">EE.UU<\/td>\n<td class=\"column-5\">Reino Unido<\/td>\n<td class=\"column-6\">Alemania<\/td>\n<td class=\"column-7\">Norma internacional<\/td>\n<\/tr>\n<tr class=\"row-3 odd\">\n<td class=\"column-1\">JIS<\/td>\n<td class=\"column-2\" colspan=\"2\">Norma ASTM<\/td>\n<td class=\"column-4\">SAE<\/td>\n<td class=\"column-5\">Licenciatura en Ciencias<\/td>\n<td class=\"column-6\">ESTRUENDO<\/td>\n<td class=\"column-7\">YO ASI<\/td>\n<\/tr>\n<tr class=\"row-4 even\">\n<td class=\"column-1\">H 5111 &#8211; 79<\/td>\n<td class=\"column-2\">B 584 &#8211; 82<\/td>\n<td class=\"column-3\">B 504 &#8211; 82<\/td>\n<td class=\"column-4\">J 462 B-80<\/td>\n<td class=\"column-5\">1400 &#8211; 73<\/td>\n<td class=\"column-6\">1705 &#8211; 81<\/td>\n<td class=\"column-7\">1338 &#8211; 77<\/td>\n<\/tr>\n<tr class=\"row-5 odd\">\n<td class=\"column-1\">Fundiciones de bronce<\/td>\n<td class=\"column-2\">Fundiciones en arena de aleaciones de cobre<br \/>\npara<br \/>\naplicaciones generales.<\/td>\n<td class=\"column-3\">Coladas continuas de aleaciones base cobre<br \/>\n.<\/td>\n<td class=\"column-4\">Lingotes de aleaci\u00f3n de cobre<br \/>\ny piezas fundidas de aleaci\u00f3n de cobre.<\/td>\n<td class=\"column-5\">Lingotes de aleaci\u00f3n de cobre<br \/>\ny piezas fundidas de aleaci\u00f3n de cobre.<\/td>\n<td class=\"column-6\">Fundiciones de aleaciones de cobre y esta\u00f1o (fundiciones de bronce al esta\u00f1o y de metal para armas)<\/td>\n<td class=\"column-7\">Aleaciones de cobre fundido<\/td>\n<\/tr>\n<tr class=\"row-6 even\">\n<td class=\"column-1\">1 antes de Cristo<\/td>\n<td class=\"column-2\">C844<\/td>\n<td class=\"column-3\">&#8211;<\/td>\n<td class=\"column-4\">&#8211;<\/td>\n<td class=\"column-5\">LG1<\/td>\n<td class=\"column-6\">CuSn2ZnPb<\/td>\n<td class=\"column-7\">&#8211;<\/td>\n<\/tr>\n<tr class=\"row-7 odd\">\n<td class=\"column-1\">1C antes de Cristo<\/td>\n<td class=\"column-2\">&#8211;<\/td>\n<td class=\"column-3\">C844<\/td>\n<td class=\"column-4\">&#8211;<\/td>\n<td class=\"column-5\">&#8211;<\/td>\n<td class=\"column-6\">&#8211;<\/td>\n<td class=\"column-7\">&#8211;<\/td>\n<\/tr>\n<tr class=\"row-8 even\">\n<td class=\"column-1\">2 antes de Cristo<\/td>\n<td class=\"column-2\">C 903<\/td>\n<td class=\"column-3\">&#8211;<\/td>\n<td class=\"column-4\">C 90300<\/td>\n<td class=\"column-5\">&#8211;<\/td>\n<td class=\"column-6\">&#8211;<\/td>\n<td class=\"column-7\">&#8211;<\/td>\n<\/tr>\n<tr class=\"row-9 odd\">\n<td class=\"column-1\">2C antes de Cristo<\/td>\n<td class=\"column-2\">&#8211;<\/td>\n<td class=\"column-3\">C 903<\/td>\n<td class=\"column-4\">&#8211;<\/td>\n<td class=\"column-5\">&#8211;<\/td>\n<td class=\"column-6\">&#8211;<\/td>\n<td class=\"column-7\">&#8211;<\/td>\n<\/tr>\n<tr class=\"row-10 even\">\n<td class=\"column-1\">3 antes de Cristo<\/td>\n<td class=\"column-2\">C 905<\/td>\n<td class=\"column-3\">&#8211;<\/td>\n<td class=\"column-4\">C 90500<\/td>\n<td class=\"column-5\">G1<\/td>\n<td class=\"column-6\">CuSn10Zn<\/td>\n<td class=\"column-7\">CuSn10Zn2<\/td>\n<\/tr>\n<tr class=\"row-11 odd\">\n<td class=\"column-1\">BC3C<\/td>\n<td class=\"column-2\">&#8211;<\/td>\n<td class=\"column-3\">C 905<\/td>\n<td class=\"column-4\">&#8211;<\/td>\n<td class=\"column-5\">&#8211;<\/td>\n<td class=\"column-6\">&#8211;<\/td>\n<td class=\"column-7\">CuSn10Zn2<\/td>\n<\/tr>\n<tr class=\"row-12 even\">\n<td class=\"column-1\">6 antes de Cristo<\/td>\n<td class=\"column-2\">C836<\/td>\n<td class=\"column-3\">&#8211;<\/td>\n<td class=\"column-4\">C83600<\/td>\n<td class=\"column-5\">LG2<\/td>\n<td class=\"column-6\">CuSn5ZnPb<\/td>\n<td class=\"column-7\">CuPb5Sn5Zn5<\/td>\n<\/tr>\n<tr class=\"row-13 odd\">\n<td class=\"column-1\">6C antes de Cristo<\/td>\n<td class=\"column-2\">&#8211;<\/td>\n<td class=\"column-3\">C836<\/td>\n<td class=\"column-4\">&#8211;<\/td>\n<td class=\"column-5\">&#8211;<\/td>\n<td class=\"column-6\">&#8211;<\/td>\n<td class=\"column-7\">CuPb5Sn5Zn5<\/td>\n<\/tr>\n<\/tbody>\n<\/table>\n","protected":false},"featured_media":11616,"template":"","meta":[],"product_brand":[],"product_cat":[375],"product_tag":[],"class_list":{"0":"post-10967","1":"product","2":"type-product","3":"status-publish","4":"has-post-thumbnail","6":"product_cat-fundiciones","8":"first","9":"instock","10":"shipping-taxable","11":"product-type-simple"},"yoast_head":"<!-- This site is optimized with the Yoast SEO plugin v27.3 - https:\/\/yoast.com\/product\/yoast-seo-wordpress\/ -->\n<title>fundici\u00f3n de lat\u00f3n<\/title>\n<meta name=\"description\" content=\"Conex es un fabricante y exportador indio de fundiciones de lat\u00f3n, fundiciones de lat\u00f3n CDA 360, etc. Somos una fundici\u00f3n de lat\u00f3n y fabricamos fundiciones de lat\u00f3n en India. Somos un proveedor l\u00edder de fundiciones de lat\u00f3n. Ofrecemos grados como CDA 360, lat\u00f3n rojo, CDA 955, CDA 855, CDA 856, CDA 833, CDA 836, CDA 844, C956, etc. Conex utiliza fundici\u00f3n en molde de resina, fundici\u00f3n en arena, fundici\u00f3n por gravedad, fundici\u00f3n por cera perdida, etc.\" \/>\n<meta name=\"robots\" content=\"index, follow, max-snippet:-1, max-image-preview:large, max-video-preview:-1\" \/>\n<link rel=\"canonical\" href=\"https:\/\/conexmetals.com\/es\/producto\/fundicion-de-laton\/\" \/>\n<script type=\"application\/ld+json\" class=\"yoast-schema-graph\">{\"@context\":\"https:\\\/\\\/schema.org\",\"@graph\":[{\"@type\":\"WebPage\",\"@id\":\"https:\\\/\\\/conexmetals.com\\\/es\\\/producto\\\/fundicion-de-laton\\\/\",\"url\":\"https:\\\/\\\/conexmetals.com\\\/es\\\/producto\\\/fundicion-de-laton\\\/\",\"name\":\"fundici\u00f3n de lat\u00f3n\",\"isPartOf\":{\"@id\":\"https:\\\/\\\/conexmetals.com\\\/es\\\/#website\"},\"primaryImageOfPage\":{\"@id\":\"https:\\\/\\\/conexmetals.com\\\/es\\\/producto\\\/fundicion-de-laton\\\/#primaryimage\"},\"image\":{\"@id\":\"https:\\\/\\\/conexmetals.com\\\/es\\\/producto\\\/fundicion-de-laton\\\/#primaryimage\"},\"thumbnailUrl\":\"https:\\\/\\\/conexmetals.com\\\/wp-content\\\/uploads\\\/2024\\\/10\\\/fundicion-de-laton.png\",\"datePublished\":\"2023-08-16T03:39:31+00:00\",\"dateModified\":\"2024-10-16T07:11:19+00:00\",\"description\":\"Conex es un fabricante y exportador indio de fundiciones de lat\u00f3n, fundiciones de lat\u00f3n CDA 360, etc. Somos una fundici\u00f3n de lat\u00f3n y fabricamos fundiciones de lat\u00f3n en India. Somos un proveedor l\u00edder de fundiciones de lat\u00f3n. Ofrecemos grados como CDA 360, lat\u00f3n rojo, CDA 955, CDA 855, CDA 856, CDA 833, CDA 836, CDA 844, C956, etc. Conex utiliza fundici\u00f3n en molde de resina, fundici\u00f3n en arena, fundici\u00f3n por gravedad, fundici\u00f3n por cera perdida, etc.\",\"breadcrumb\":{\"@id\":\"https:\\\/\\\/conexmetals.com\\\/es\\\/producto\\\/fundicion-de-laton\\\/#breadcrumb\"},\"inLanguage\":\"es\",\"potentialAction\":[{\"@type\":\"ReadAction\",\"target\":[\"https:\\\/\\\/conexmetals.com\\\/es\\\/producto\\\/fundicion-de-laton\\\/\"]}]},{\"@type\":\"ImageObject\",\"inLanguage\":\"es\",\"@id\":\"https:\\\/\\\/conexmetals.com\\\/es\\\/producto\\\/fundicion-de-laton\\\/#primaryimage\",\"url\":\"https:\\\/\\\/conexmetals.com\\\/wp-content\\\/uploads\\\/2024\\\/10\\\/fundicion-de-laton.png\",\"contentUrl\":\"https:\\\/\\\/conexmetals.com\\\/wp-content\\\/uploads\\\/2024\\\/10\\\/fundicion-de-laton.png\",\"width\":350,\"height\":350,\"caption\":\"fundici\u00f3n de lat\u00f3n\"},{\"@type\":\"BreadcrumbList\",\"@id\":\"https:\\\/\\\/conexmetals.com\\\/es\\\/producto\\\/fundicion-de-laton\\\/#breadcrumb\",\"itemListElement\":[{\"@type\":\"ListItem\",\"position\":1,\"name\":\"Home\",\"item\":\"https:\\\/\\\/conexmetals.com\\\/es\\\/hogar\\\/\"},{\"@type\":\"ListItem\",\"position\":2,\"name\":\"Products\",\"item\":\"https:\\\/\\\/conexmetals.com\\\/products\\\/\"},{\"@type\":\"ListItem\",\"position\":3,\"name\":\"fundici\u00f3n de lat\u00f3n\"}]},{\"@type\":\"WebSite\",\"@id\":\"https:\\\/\\\/conexmetals.com\\\/es\\\/#website\",\"url\":\"https:\\\/\\\/conexmetals.com\\\/es\\\/\",\"name\":\"Conex Metals Brass Fittings Brass Parts Copper Parts Brass Components Brass Plumbing Fittings India\",\"description\":\"Manufacturer of Bronze Fittings casting Copper Brass parts components\",\"publisher\":{\"@id\":\"https:\\\/\\\/conexmetals.com\\\/es\\\/#organization\"},\"potentialAction\":[{\"@type\":\"SearchAction\",\"target\":{\"@type\":\"EntryPoint\",\"urlTemplate\":\"https:\\\/\\\/conexmetals.com\\\/es\\\/?s={search_term_string}\"},\"query-input\":{\"@type\":\"PropertyValueSpecification\",\"valueRequired\":true,\"valueName\":\"search_term_string\"}}],\"inLanguage\":\"es\"},{\"@type\":\"Organization\",\"@id\":\"https:\\\/\\\/conexmetals.com\\\/es\\\/#organization\",\"name\":\"Conex Metals Brass Fittings Brass Parts Copper Parts Brass Components Brass Plumbing Fittings India\",\"url\":\"https:\\\/\\\/conexmetals.com\\\/es\\\/\",\"logo\":{\"@type\":\"ImageObject\",\"inLanguage\":\"es\",\"@id\":\"https:\\\/\\\/conexmetals.com\\\/es\\\/#\\\/schema\\\/logo\\\/image\\\/\",\"url\":\"https:\\\/\\\/conexmetals.com\\\/wp-content\\\/uploads\\\/2024\\\/03\\\/conex-metals-logo.webp\",\"contentUrl\":\"https:\\\/\\\/conexmetals.com\\\/wp-content\\\/uploads\\\/2024\\\/03\\\/conex-metals-logo.webp\",\"width\":300,\"height\":121,\"caption\":\"Conex Metals Brass Fittings Brass Parts Copper Parts Brass Components Brass Plumbing Fittings India\"},\"image\":{\"@id\":\"https:\\\/\\\/conexmetals.com\\\/es\\\/#\\\/schema\\\/logo\\\/image\\\/\"},\"sameAs\":[\"https:\\\/\\\/www.facebook.com\\\/conexbrass\",\"https:\\\/\\\/x.com\\\/conexindia\",\"https:\\\/\\\/www.linkedin.com\\\/company\\\/conex-metals-india\\\/\",\"https:\\\/\\\/www.instagram.com\\\/conexindia\\\/\"]}]}<\/script>\n<!-- \/ Yoast SEO plugin. -->","yoast_head_json":{"title":"fundici\u00f3n de lat\u00f3n","description":"Conex es un fabricante y exportador indio de fundiciones de lat\u00f3n, fundiciones de lat\u00f3n CDA 360, etc. Somos una fundici\u00f3n de lat\u00f3n y fabricamos fundiciones de lat\u00f3n en India. Somos un proveedor l\u00edder de fundiciones de lat\u00f3n. Ofrecemos grados como CDA 360, lat\u00f3n rojo, CDA 955, CDA 855, CDA 856, CDA 833, CDA 836, CDA 844, C956, etc. Conex utiliza fundici\u00f3n en molde de resina, fundici\u00f3n en arena, fundici\u00f3n por gravedad, fundici\u00f3n por cera perdida, etc.","robots":{"index":"index","follow":"follow","max-snippet":"max-snippet:-1","max-image-preview":"max-image-preview:large","max-video-preview":"max-video-preview:-1"},"canonical":"https:\/\/conexmetals.com\/es\/producto\/fundicion-de-laton\/","schema":{"@context":"https:\/\/schema.org","@graph":[{"@type":"WebPage","@id":"https:\/\/conexmetals.com\/es\/producto\/fundicion-de-laton\/","url":"https:\/\/conexmetals.com\/es\/producto\/fundicion-de-laton\/","name":"fundici\u00f3n de lat\u00f3n","isPartOf":{"@id":"https:\/\/conexmetals.com\/es\/#website"},"primaryImageOfPage":{"@id":"https:\/\/conexmetals.com\/es\/producto\/fundicion-de-laton\/#primaryimage"},"image":{"@id":"https:\/\/conexmetals.com\/es\/producto\/fundicion-de-laton\/#primaryimage"},"thumbnailUrl":"https:\/\/conexmetals.com\/wp-content\/uploads\/2024\/10\/fundicion-de-laton.png","datePublished":"2023-08-16T03:39:31+00:00","dateModified":"2024-10-16T07:11:19+00:00","description":"Conex es un fabricante y exportador indio de fundiciones de lat\u00f3n, fundiciones de lat\u00f3n CDA 360, etc. Somos una fundici\u00f3n de lat\u00f3n y fabricamos fundiciones de lat\u00f3n en India. Somos un proveedor l\u00edder de fundiciones de lat\u00f3n. Ofrecemos grados como CDA 360, lat\u00f3n rojo, CDA 955, CDA 855, CDA 856, CDA 833, CDA 836, CDA 844, C956, etc. Conex utiliza fundici\u00f3n en molde de resina, fundici\u00f3n en arena, fundici\u00f3n por gravedad, fundici\u00f3n por cera perdida, etc.","breadcrumb":{"@id":"https:\/\/conexmetals.com\/es\/producto\/fundicion-de-laton\/#breadcrumb"},"inLanguage":"es","potentialAction":[{"@type":"ReadAction","target":["https:\/\/conexmetals.com\/es\/producto\/fundicion-de-laton\/"]}]},{"@type":"ImageObject","inLanguage":"es","@id":"https:\/\/conexmetals.com\/es\/producto\/fundicion-de-laton\/#primaryimage","url":"https:\/\/conexmetals.com\/wp-content\/uploads\/2024\/10\/fundicion-de-laton.png","contentUrl":"https:\/\/conexmetals.com\/wp-content\/uploads\/2024\/10\/fundicion-de-laton.png","width":350,"height":350,"caption":"fundici\u00f3n de lat\u00f3n"},{"@type":"BreadcrumbList","@id":"https:\/\/conexmetals.com\/es\/producto\/fundicion-de-laton\/#breadcrumb","itemListElement":[{"@type":"ListItem","position":1,"name":"Home","item":"https:\/\/conexmetals.com\/es\/hogar\/"},{"@type":"ListItem","position":2,"name":"Products","item":"https:\/\/conexmetals.com\/products\/"},{"@type":"ListItem","position":3,"name":"fundici\u00f3n de lat\u00f3n"}]},{"@type":"WebSite","@id":"https:\/\/conexmetals.com\/es\/#website","url":"https:\/\/conexmetals.com\/es\/","name":"Conex Metals Brass Fittings Brass Parts Copper Parts Brass Components Brass Plumbing Fittings India","description":"Manufacturer of Bronze Fittings casting Copper Brass parts components","publisher":{"@id":"https:\/\/conexmetals.com\/es\/#organization"},"potentialAction":[{"@type":"SearchAction","target":{"@type":"EntryPoint","urlTemplate":"https:\/\/conexmetals.com\/es\/?s={search_term_string}"},"query-input":{"@type":"PropertyValueSpecification","valueRequired":true,"valueName":"search_term_string"}}],"inLanguage":"es"},{"@type":"Organization","@id":"https:\/\/conexmetals.com\/es\/#organization","name":"Conex Metals Brass Fittings Brass Parts Copper Parts Brass Components Brass Plumbing Fittings India","url":"https:\/\/conexmetals.com\/es\/","logo":{"@type":"ImageObject","inLanguage":"es","@id":"https:\/\/conexmetals.com\/es\/#\/schema\/logo\/image\/","url":"https:\/\/conexmetals.com\/wp-content\/uploads\/2024\/03\/conex-metals-logo.webp","contentUrl":"https:\/\/conexmetals.com\/wp-content\/uploads\/2024\/03\/conex-metals-logo.webp","width":300,"height":121,"caption":"Conex Metals Brass Fittings Brass Parts Copper Parts Brass Components Brass Plumbing Fittings India"},"image":{"@id":"https:\/\/conexmetals.com\/es\/#\/schema\/logo\/image\/"},"sameAs":["https:\/\/www.facebook.com\/conexbrass","https:\/\/x.com\/conexindia","https:\/\/www.linkedin.com\/company\/conex-metals-india\/","https:\/\/www.instagram.com\/conexindia\/"]}]}},"_links":{"self":[{"href":"https:\/\/conexmetals.com\/es\/wp-json\/wp\/v2\/product\/10967","targetHints":{"allow":["GET"]}}],"collection":[{"href":"https:\/\/conexmetals.com\/es\/wp-json\/wp\/v2\/product"}],"about":[{"href":"https:\/\/conexmetals.com\/es\/wp-json\/wp\/v2\/types\/product"}],"wp:featuredmedia":[{"embeddable":true,"href":"https:\/\/conexmetals.com\/es\/wp-json\/wp\/v2\/media\/11616"}],"wp:attachment":[{"href":"https:\/\/conexmetals.com\/es\/wp-json\/wp\/v2\/media?parent=10967"}],"wp:term":[{"taxonomy":"product_brand","embeddable":true,"href":"https:\/\/conexmetals.com\/es\/wp-json\/wp\/v2\/product_brand?post=10967"},{"taxonomy":"product_cat","embeddable":true,"href":"https:\/\/conexmetals.com\/es\/wp-json\/wp\/v2\/product_cat?post=10967"},{"taxonomy":"product_tag","embeddable":true,"href":"https:\/\/conexmetals.com\/es\/wp-json\/wp\/v2\/product_tag?post=10967"}],"curies":[{"name":"wp","href":"https:\/\/api.w.org\/{rel}","templated":true}]}}