{"id":11054,"date":"2023-08-16T08:13:51","date_gmt":"2023-08-16T02:43:51","guid":{"rendered":"https:\/\/conexmetals.com\/product\/fundiciones-de-bronce-2\/"},"modified":"2024-10-16T12:40:55","modified_gmt":"2024-10-16T07:10:55","slug":"casting-de-bronce","status":"publish","type":"product","link":"https:\/\/conexmetals.com\/es\/producto\/casting-de-bronce\/","title":{"rendered":"Casting de bronce"},"content":{"rendered":"","protected":false},"excerpt":{"rendered":"<p>Conex, una empresa india, se especializa en la fabricaci\u00f3n y exportaci\u00f3n de fundiciones de bronce. Operando como una fundici\u00f3n de bronce en la India, somos uno de los principales proveedores de piezas fundidas de bronce. Nuestra gama de productos incluye una variedad de grados, como fundici\u00f3n de bronce de aluminio, CDA 955, CDA 956, CDA 833, CDA 836 y CDA 844, adem\u00e1s de diferentes grados de bronce y fundici\u00f3n de bronce. Las piezas fundidas de bronce, al igual que las de lat\u00f3n, implican el uso de una aleaci\u00f3n de cobre como material principal. El bronce es una aleaci\u00f3n compuesta principalmente de cobre, con cantidades variables de esta\u00f1o y otros elementos, como aluminio, manganeso o zinc. La composici\u00f3n espec\u00edfica del bronce se puede ajustar para lograr las propiedades deseadas, como mayor resistencia, dureza y resistencia a la corrosi\u00f3n. El proceso de fundici\u00f3n de bronce es similar a otros m\u00e9todos de fundici\u00f3n de metales, pero con el bronce como metal fundido. Las piezas fundidas de bronce se han utilizado durante siglos y tienen una amplia gama de aplicaciones, que incluyen:<\/p>\n<ul>\n<li><strong>Componentes industriales:<\/strong> Las piezas fundidas de bronce se utilizan en varias industrias para la fabricaci\u00f3n de engranajes, cojinetes, v\u00e1lvulas, bujes y otras piezas de maquinaria.<\/li>\n<li><strong>Aplicaciones marinas:<\/strong> El bronce es resistente a la corrosi\u00f3n en el agua de mar, lo que lo hace adecuado para hardware marino, h\u00e9lices y accesorios de barcos.<\/li>\n<li><strong>Aplicaciones el\u00e9ctricas: <\/strong><\/li>\n<\/ul>\n<p>La fundici\u00f3n de bronce permite la creaci\u00f3n de componentes duraderos, lo que lo convierte en un proceso valioso en aplicaciones industriales. Ofrecemos fundici\u00f3n de bronce Fundici\u00f3n de bronce Fundici\u00f3n de bronce Fundici\u00f3n de bronce Fundici\u00f3n de bronce Instalaci\u00f3n de fundici\u00f3n de hasta 40 kg de peso y fundici\u00f3n de lat\u00f3n de hasta 1 metro de longitud. Nuestra fundici\u00f3n india de fundici\u00f3n en arena, as\u00ed como moldeo en concha, est\u00e1 bien equipada para abordar cualquier trabajo desafiante de fundici\u00f3n de lat\u00f3n o consulta de fundici\u00f3n de bronce Fundici\u00f3n de bronce Fundici\u00f3n de bronce Fundici\u00f3n de bronce. Especificaci\u00f3n de tama\u00f1o o <strong>seg\u00fan<\/strong> dise\u00f1o personalizado o requisito. Podemos hacer desde 10 gramos hasta 40 kg. <strong>Acabado y revestimiento<\/strong>: Natural, niquelado, esta\u00f1ado, plateado o cualquier revestimiento seg\u00fan la especificaci\u00f3n del cliente. Estaremos encantados de desarrollar fundiciones no est\u00e1ndar Fundici\u00f3n de lat\u00f3n Fundici\u00f3n de cobre Fundici\u00f3n de bronce seg\u00fan requisitos espec\u00edficos. <strong>Materiales<\/strong> Bronce al aluminio, bronce al silicio, bronce de ca\u00f1\u00f3n, lat\u00f3n rojo y CDA 955, CDA 956, CDA 833, CDA 836 y CDA 844, entre otros.<\/p>\n","protected":false},"featured_media":14156,"template":"","meta":[],"product_brand":[],"product_cat":[375],"product_tag":[],"class_list":{"0":"post-11054","1":"product","2":"type-product","3":"status-publish","4":"has-post-thumbnail","6":"product_cat-fundiciones","8":"first","9":"instock","10":"shipping-taxable","11":"product-type-simple"},"yoast_head":"<!-- This site is optimized with the Yoast SEO plugin v27.3 - https:\/\/yoast.com\/product\/yoast-seo-wordpress\/ -->\n<title>Fundici\u00f3n de bronce Fundici\u00f3n de bronce de aluminio de India.<\/title>\n<meta name=\"description\" content=\"Conex es un fabricante y exportador indio de fundici\u00f3n de bronce, Fundici\u00f3n de bronce, etc. Somos una fundici\u00f3n de fundici\u00f3n de bronce y fabricamos fundiciones de bronce en India, somos un proveedor l\u00edder de fundici\u00f3n de bronce. Ofrecemos grados como fundici\u00f3n de bronce de aluminio, CDA 855, CDA 856, CDA 833, CDA 836, CDA 844, Grados de bronce, Fundici\u00f3n de bronce, etc\" \/>\n<meta name=\"robots\" content=\"index, follow, max-snippet:-1, max-image-preview:large, max-video-preview:-1\" \/>\n<link rel=\"canonical\" href=\"https:\/\/conexmetals.com\/es\/producto\/casting-de-bronce\/\" \/>\n<script type=\"application\/ld+json\" class=\"yoast-schema-graph\">{\"@context\":\"https:\\\/\\\/schema.org\",\"@graph\":[{\"@type\":\"WebPage\",\"@id\":\"https:\\\/\\\/conexmetals.com\\\/es\\\/producto\\\/casting-de-bronce\\\/\",\"url\":\"https:\\\/\\\/conexmetals.com\\\/es\\\/producto\\\/casting-de-bronce\\\/\",\"name\":\"Fundici\u00f3n de bronce Fundici\u00f3n de bronce de aluminio de India.\",\"isPartOf\":{\"@id\":\"https:\\\/\\\/conexmetals.com\\\/es\\\/#website\"},\"primaryImageOfPage\":{\"@id\":\"https:\\\/\\\/conexmetals.com\\\/es\\\/producto\\\/casting-de-bronce\\\/#primaryimage\"},\"image\":{\"@id\":\"https:\\\/\\\/conexmetals.com\\\/es\\\/producto\\\/casting-de-bronce\\\/#primaryimage\"},\"thumbnailUrl\":\"https:\\\/\\\/conexmetals.com\\\/wp-content\\\/uploads\\\/2023\\\/08\\\/Bronze-Castings.webp\",\"datePublished\":\"2023-08-16T02:43:51+00:00\",\"dateModified\":\"2024-10-16T07:10:55+00:00\",\"description\":\"Conex es un fabricante y exportador indio de fundici\u00f3n de bronce, Fundici\u00f3n de bronce, etc. Somos una fundici\u00f3n de fundici\u00f3n de bronce y fabricamos fundiciones de bronce en India, somos un proveedor l\u00edder de fundici\u00f3n de bronce. Ofrecemos grados como fundici\u00f3n de bronce de aluminio, CDA 855, CDA 856, CDA 833, CDA 836, CDA 844, Grados de bronce, Fundici\u00f3n de bronce, etc\",\"breadcrumb\":{\"@id\":\"https:\\\/\\\/conexmetals.com\\\/es\\\/producto\\\/casting-de-bronce\\\/#breadcrumb\"},\"inLanguage\":\"es\",\"potentialAction\":[{\"@type\":\"ReadAction\",\"target\":[\"https:\\\/\\\/conexmetals.com\\\/es\\\/producto\\\/casting-de-bronce\\\/\"]}]},{\"@type\":\"ImageObject\",\"inLanguage\":\"es\",\"@id\":\"https:\\\/\\\/conexmetals.com\\\/es\\\/producto\\\/casting-de-bronce\\\/#primaryimage\",\"url\":\"https:\\\/\\\/conexmetals.com\\\/wp-content\\\/uploads\\\/2023\\\/08\\\/Bronze-Castings.webp\",\"contentUrl\":\"https:\\\/\\\/conexmetals.com\\\/wp-content\\\/uploads\\\/2023\\\/08\\\/Bronze-Castings.webp\",\"width\":512,\"height\":512,\"caption\":\"Bronze Castings\"},{\"@type\":\"BreadcrumbList\",\"@id\":\"https:\\\/\\\/conexmetals.com\\\/es\\\/producto\\\/casting-de-bronce\\\/#breadcrumb\",\"itemListElement\":[{\"@type\":\"ListItem\",\"position\":1,\"name\":\"Home\",\"item\":\"https:\\\/\\\/conexmetals.com\\\/es\\\/hogar\\\/\"},{\"@type\":\"ListItem\",\"position\":2,\"name\":\"Products\",\"item\":\"https:\\\/\\\/conexmetals.com\\\/products\\\/\"},{\"@type\":\"ListItem\",\"position\":3,\"name\":\"Casting de bronce\"}]},{\"@type\":\"WebSite\",\"@id\":\"https:\\\/\\\/conexmetals.com\\\/es\\\/#website\",\"url\":\"https:\\\/\\\/conexmetals.com\\\/es\\\/\",\"name\":\"Conex Metals Brass Fittings Brass Parts Copper Parts Brass Components Brass Plumbing Fittings India\",\"description\":\"Manufacturer of Bronze Fittings casting Copper Brass parts components\",\"publisher\":{\"@id\":\"https:\\\/\\\/conexmetals.com\\\/es\\\/#organization\"},\"potentialAction\":[{\"@type\":\"SearchAction\",\"target\":{\"@type\":\"EntryPoint\",\"urlTemplate\":\"https:\\\/\\\/conexmetals.com\\\/es\\\/?s={search_term_string}\"},\"query-input\":{\"@type\":\"PropertyValueSpecification\",\"valueRequired\":true,\"valueName\":\"search_term_string\"}}],\"inLanguage\":\"es\"},{\"@type\":\"Organization\",\"@id\":\"https:\\\/\\\/conexmetals.com\\\/es\\\/#organization\",\"name\":\"Conex Metals Brass Fittings Brass Parts Copper Parts Brass Components Brass Plumbing Fittings India\",\"url\":\"https:\\\/\\\/conexmetals.com\\\/es\\\/\",\"logo\":{\"@type\":\"ImageObject\",\"inLanguage\":\"es\",\"@id\":\"https:\\\/\\\/conexmetals.com\\\/es\\\/#\\\/schema\\\/logo\\\/image\\\/\",\"url\":\"https:\\\/\\\/conexmetals.com\\\/wp-content\\\/uploads\\\/2024\\\/03\\\/conex-metals-logo.webp\",\"contentUrl\":\"https:\\\/\\\/conexmetals.com\\\/wp-content\\\/uploads\\\/2024\\\/03\\\/conex-metals-logo.webp\",\"width\":300,\"height\":121,\"caption\":\"Conex Metals Brass Fittings Brass Parts Copper Parts Brass Components Brass Plumbing Fittings India\"},\"image\":{\"@id\":\"https:\\\/\\\/conexmetals.com\\\/es\\\/#\\\/schema\\\/logo\\\/image\\\/\"},\"sameAs\":[\"https:\\\/\\\/www.facebook.com\\\/conexbrass\",\"https:\\\/\\\/x.com\\\/conexindia\",\"https:\\\/\\\/www.linkedin.com\\\/company\\\/conex-metals-india\\\/\",\"https:\\\/\\\/www.instagram.com\\\/conexindia\\\/\"]}]}<\/script>\n<!-- \/ Yoast SEO plugin. -->","yoast_head_json":{"title":"Fundici\u00f3n de bronce Fundici\u00f3n de bronce de aluminio de India.","description":"Conex es un fabricante y exportador indio de fundici\u00f3n de bronce, Fundici\u00f3n de bronce, etc. Somos una fundici\u00f3n de fundici\u00f3n de bronce y fabricamos fundiciones de bronce en India, somos un proveedor l\u00edder de fundici\u00f3n de bronce. Ofrecemos grados como fundici\u00f3n de bronce de aluminio, CDA 855, CDA 856, CDA 833, CDA 836, CDA 844, Grados de bronce, Fundici\u00f3n de bronce, etc","robots":{"index":"index","follow":"follow","max-snippet":"max-snippet:-1","max-image-preview":"max-image-preview:large","max-video-preview":"max-video-preview:-1"},"canonical":"https:\/\/conexmetals.com\/es\/producto\/casting-de-bronce\/","schema":{"@context":"https:\/\/schema.org","@graph":[{"@type":"WebPage","@id":"https:\/\/conexmetals.com\/es\/producto\/casting-de-bronce\/","url":"https:\/\/conexmetals.com\/es\/producto\/casting-de-bronce\/","name":"Fundici\u00f3n de bronce Fundici\u00f3n de bronce de aluminio de India.","isPartOf":{"@id":"https:\/\/conexmetals.com\/es\/#website"},"primaryImageOfPage":{"@id":"https:\/\/conexmetals.com\/es\/producto\/casting-de-bronce\/#primaryimage"},"image":{"@id":"https:\/\/conexmetals.com\/es\/producto\/casting-de-bronce\/#primaryimage"},"thumbnailUrl":"https:\/\/conexmetals.com\/wp-content\/uploads\/2023\/08\/Bronze-Castings.webp","datePublished":"2023-08-16T02:43:51+00:00","dateModified":"2024-10-16T07:10:55+00:00","description":"Conex es un fabricante y exportador indio de fundici\u00f3n de bronce, Fundici\u00f3n de bronce, etc. Somos una fundici\u00f3n de fundici\u00f3n de bronce y fabricamos fundiciones de bronce en India, somos un proveedor l\u00edder de fundici\u00f3n de bronce. Ofrecemos grados como fundici\u00f3n de bronce de aluminio, CDA 855, CDA 856, CDA 833, CDA 836, CDA 844, Grados de bronce, Fundici\u00f3n de bronce, etc","breadcrumb":{"@id":"https:\/\/conexmetals.com\/es\/producto\/casting-de-bronce\/#breadcrumb"},"inLanguage":"es","potentialAction":[{"@type":"ReadAction","target":["https:\/\/conexmetals.com\/es\/producto\/casting-de-bronce\/"]}]},{"@type":"ImageObject","inLanguage":"es","@id":"https:\/\/conexmetals.com\/es\/producto\/casting-de-bronce\/#primaryimage","url":"https:\/\/conexmetals.com\/wp-content\/uploads\/2023\/08\/Bronze-Castings.webp","contentUrl":"https:\/\/conexmetals.com\/wp-content\/uploads\/2023\/08\/Bronze-Castings.webp","width":512,"height":512,"caption":"Bronze Castings"},{"@type":"BreadcrumbList","@id":"https:\/\/conexmetals.com\/es\/producto\/casting-de-bronce\/#breadcrumb","itemListElement":[{"@type":"ListItem","position":1,"name":"Home","item":"https:\/\/conexmetals.com\/es\/hogar\/"},{"@type":"ListItem","position":2,"name":"Products","item":"https:\/\/conexmetals.com\/products\/"},{"@type":"ListItem","position":3,"name":"Casting de bronce"}]},{"@type":"WebSite","@id":"https:\/\/conexmetals.com\/es\/#website","url":"https:\/\/conexmetals.com\/es\/","name":"Conex Metals Brass Fittings Brass Parts Copper Parts Brass Components Brass Plumbing Fittings India","description":"Manufacturer of Bronze Fittings casting Copper Brass parts components","publisher":{"@id":"https:\/\/conexmetals.com\/es\/#organization"},"potentialAction":[{"@type":"SearchAction","target":{"@type":"EntryPoint","urlTemplate":"https:\/\/conexmetals.com\/es\/?s={search_term_string}"},"query-input":{"@type":"PropertyValueSpecification","valueRequired":true,"valueName":"search_term_string"}}],"inLanguage":"es"},{"@type":"Organization","@id":"https:\/\/conexmetals.com\/es\/#organization","name":"Conex Metals Brass Fittings Brass Parts Copper Parts Brass Components Brass Plumbing Fittings India","url":"https:\/\/conexmetals.com\/es\/","logo":{"@type":"ImageObject","inLanguage":"es","@id":"https:\/\/conexmetals.com\/es\/#\/schema\/logo\/image\/","url":"https:\/\/conexmetals.com\/wp-content\/uploads\/2024\/03\/conex-metals-logo.webp","contentUrl":"https:\/\/conexmetals.com\/wp-content\/uploads\/2024\/03\/conex-metals-logo.webp","width":300,"height":121,"caption":"Conex Metals Brass Fittings Brass Parts Copper Parts Brass Components Brass Plumbing Fittings India"},"image":{"@id":"https:\/\/conexmetals.com\/es\/#\/schema\/logo\/image\/"},"sameAs":["https:\/\/www.facebook.com\/conexbrass","https:\/\/x.com\/conexindia","https:\/\/www.linkedin.com\/company\/conex-metals-india\/","https:\/\/www.instagram.com\/conexindia\/"]}]}},"_links":{"self":[{"href":"https:\/\/conexmetals.com\/es\/wp-json\/wp\/v2\/product\/11054","targetHints":{"allow":["GET"]}}],"collection":[{"href":"https:\/\/conexmetals.com\/es\/wp-json\/wp\/v2\/product"}],"about":[{"href":"https:\/\/conexmetals.com\/es\/wp-json\/wp\/v2\/types\/product"}],"wp:featuredmedia":[{"embeddable":true,"href":"https:\/\/conexmetals.com\/es\/wp-json\/wp\/v2\/media\/14156"}],"wp:attachment":[{"href":"https:\/\/conexmetals.com\/es\/wp-json\/wp\/v2\/media?parent=11054"}],"wp:term":[{"taxonomy":"product_brand","embeddable":true,"href":"https:\/\/conexmetals.com\/es\/wp-json\/wp\/v2\/product_brand?post=11054"},{"taxonomy":"product_cat","embeddable":true,"href":"https:\/\/conexmetals.com\/es\/wp-json\/wp\/v2\/product_cat?post=11054"},{"taxonomy":"product_tag","embeddable":true,"href":"https:\/\/conexmetals.com\/es\/wp-json\/wp\/v2\/product_tag?post=11054"}],"curies":[{"name":"wp","href":"https:\/\/api.w.org\/{rel}","templated":true}]}}