{"id":11177,"date":"2023-08-16T12:06:20","date_gmt":"2023-08-16T06:36:20","guid":{"rendered":"https:\/\/conexmetals.com\/?post_type=product&#038;p=11177"},"modified":"2024-10-17T18:11:01","modified_gmt":"2024-10-17T12:41:01","slug":"terminales-mecanicos-atornillados-de-bronce","status":"publish","type":"product","link":"https:\/\/conexmetals.com\/es\/producto\/terminales-mecanicos-atornillados-de-bronce\/","title":{"rendered":"Terminales Mec\u00e1nicos Atornillados de Bronce"},"content":{"rendered":"","protected":false},"excerpt":{"rendered":"<div class=\"elementor-element elementor-element-672075d elementor-widget__width-initial e-transform elementor-widget-mobile__width-initial elementor-widget elementor-widget-woocommerce-product-images\" data-id=\"672075d\" data-element_type=\"widget\" data-settings=\"{&quot;_transform_scale_effect&quot;:{&quot;unit&quot;:&quot;px&quot;,&quot;size&quot;:1,&quot;sizes&quot;:[]},&quot;_transform_scale_effect_tablet&quot;:{&quot;unit&quot;:&quot;px&quot;,&quot;size&quot;:&quot;&quot;,&quot;sizes&quot;:[]},&quot;_transform_scale_effect_mobile&quot;:{&quot;unit&quot;:&quot;px&quot;,&quot;size&quot;:&quot;&quot;,&quot;sizes&quot;:[]}}\" data-widget_type=\"woocommerce-product-images.default\">\n<div class=\"elementor-widget-container\">\n<div class=\"woocommerce-product-gallery woocommerce-product-gallery--with-images woocommerce-product-gallery--columns-4 images\" data-columns=\"4\">\n<div class=\"woocommerce-product-gallery__wrapper\">\n<div class=\"woocommerce-product-gallery__image\" data-thumb=\"https:\/\/conexmetals.com\/wp-content\/uploads\/2023\/11\/Bolted-Lugs-100x100.png\" data-thumb-alt=\"Brass Mechanical Bolted Lugs\" data-thumb-srcset=\"https:\/\/conexmetals.com\/wp-content\/uploads\/2023\/11\/Bolted-Lugs-100x100.png 100w, https:\/\/conexmetals.com\/wp-content\/uploads\/2023\/11\/Bolted-Lugs-300x300.png 300w, https:\/\/conexmetals.com\/wp-content\/uploads\/2023\/11\/Bolted-Lugs-150x150.png 150w, https:\/\/conexmetals.com\/wp-content\/uploads\/2023\/11\/Bolted-Lugs.png 350w\"><\/div>\n<\/div>\n<\/div>\n<\/div>\n<\/div>\n<div class=\"elementor-element elementor-element-36d2ab8 elementor-widget elementor-widget-woocommerce-product-short-description\" data-id=\"36d2ab8\" data-element_type=\"widget\" data-widget_type=\"woocommerce-product-short-description.default\">\n<div class=\"elementor-widget-container\">\n<div class=\"woocommerce-product-details__short-description\">\n<table id=\"tablepress-371\" class=\"tablepress tablepress-id-371\">\n<caption>\u00a0<\/caption>\n<thead>\n<tr class=\"row-1 odd\">\n<th class=\"column-1\" colspan=\"8\"><strong><span>Dimensiones (mm)<\/span><\/strong><\/th>\n<\/tr>\n<\/thead>\n<tbody class=\"row-hover\">\n<tr class=\"row-2 even\">\n<td class=\"column-1\"><strong><span>Nro. de serie<\/span><\/strong><\/td>\n<td class=\"column-2\"><strong><span>Tama\u00f1o del conductor (mm\u00b2)<\/span><\/strong><\/td>\n<td class=\"column-3\"><strong><span>Conductor no flexible<\/span><\/strong><\/td>\n<td class=\"column-4\"><strong><span>Tama\u00f1o del perno<\/span><\/strong><\/td>\n<td class=\"column-5\"><strong><span>A<\/span><\/strong><\/td>\n<td class=\"column-6\"><strong><span>B<\/span><\/strong><\/td>\n<td class=\"column-7\"><strong><span>do<\/span><\/strong><\/td>\n<td class=\"column-8\"><strong><span>GRAMO<\/span><\/strong><\/td>\n<\/tr>\n<tr class=\"row-3 odd\">\n<td class=\"column-1\"><span>1<\/span><\/td>\n<td class=\"column-2\"><span>4-10<\/span><\/td>\n<td class=\"column-3\"><span>7\/.085, 7\/1.04, 7\/1.35<\/span><\/td>\n<td class=\"column-4\"><span>M6<\/span><\/td>\n<td class=\"column-5\"><span>34<\/span><\/td>\n<td class=\"column-6\"><span>14<\/span><\/td>\n<td class=\"column-7\"><span>5.5<\/span><\/td>\n<td class=\"column-8\"><span>17<\/span><\/td>\n<\/tr>\n<tr class=\"row-4 even\">\n<td class=\"column-1\"><span>2<\/span><\/td>\n<td class=\"column-2\"><span>16<\/span><\/td>\n<td class=\"column-3\"><span>7\/1,70<\/span><\/td>\n<td class=\"column-4\"><span>M8<\/span><\/td>\n<td class=\"column-5\"><span>44<\/span><\/td>\n<td class=\"column-6\"><span>19<\/span><\/td>\n<td class=\"column-7\"><span>5.5<\/span><\/td>\n<td class=\"column-8\"><span>23<\/span><\/td>\n<\/tr>\n<tr class=\"row-5 odd\">\n<td class=\"column-1\"><span>3<\/span><\/td>\n<td class=\"column-2\"><span>25-35<\/span><\/td>\n<td class=\"column-3\"><span>7\/2.14, 19\/1.53<\/span><\/td>\n<td class=\"column-4\"><span>M10<\/span><\/td>\n<td class=\"column-5\"><span>53<\/span><\/td>\n<td class=\"column-6\"><span>25<\/span><\/td>\n<td class=\"column-7\"><span>5.5<\/span><\/td>\n<td class=\"column-8\"><span>27<\/span><\/td>\n<\/tr>\n<tr class=\"row-6 even\">\n<td class=\"column-1\"><span>4<\/span><\/td>\n<td class=\"column-2\"><span>25-35<\/span><\/td>\n<td class=\"column-3\"><span>7\/2.14, 19\/1.53<\/span><\/td>\n<td class=\"column-4\"><span>M12<\/span><\/td>\n<td class=\"column-5\"><span>53<\/span><\/td>\n<td class=\"column-6\"><span>25<\/span><\/td>\n<td class=\"column-7\"><span>5.5<\/span><\/td>\n<td class=\"column-8\"><span>27<\/span><\/td>\n<\/tr>\n<tr class=\"row-7 odd\">\n<td class=\"column-1\"><span>5<\/span><\/td>\n<td class=\"column-2\"><span>50-70<\/span><\/td>\n<td class=\"column-3\"><span>19\/1,78, 19\/2,14<\/span><\/td>\n<td class=\"column-4\"><span>M12<\/span><\/td>\n<td class=\"column-5\"><span>60<\/span><\/td>\n<td class=\"column-6\"><span>32<\/span><\/td>\n<td class=\"column-7\"><span>6.4<\/span><\/td>\n<td class=\"column-8\"><span>34<\/span><\/td>\n<\/tr>\n<tr class=\"row-8 even\">\n<td class=\"column-1\"><span>6<\/span><\/td>\n<td class=\"column-2\"><span>95<\/span><\/td>\n<td class=\"column-3\"><span>37\/1,78<\/span><\/td>\n<td class=\"column-4\"><span>M12<\/span><\/td>\n<td class=\"column-5\"><span>65<\/span><\/td>\n<td class=\"column-6\"><span>32<\/span><\/td>\n<td class=\"column-7\"><span>7.9<\/span><\/td>\n<td class=\"column-8\"><span>38<\/span><\/td>\n<\/tr>\n<tr class=\"row-9 odd\">\n<td class=\"column-1\"><span>7<\/span><\/td>\n<td class=\"column-2\"><span>150-185<\/span><\/td>\n<td class=\"column-3\"><span>37\/2,25, 37\/2,52<\/span><\/td>\n<td class=\"column-4\"><span>M16<\/span><\/td>\n<td class=\"column-5\"><span>76<\/span><\/td>\n<td class=\"column-6\"><span>38<\/span><\/td>\n<td class=\"column-7\"><span>8.7<\/span><\/td>\n<td class=\"column-8\"><span>45<\/span><\/td>\n<\/tr>\n<\/tbody>\n<\/table>\n<p><img fetchpriority=\"high\" decoding=\"async\" class=\"size-full wp-image-6931 alignright\" src=\"https:\/\/conexmetals.com\/wp-content\/uploads\/2023\/08\/bolted-cable-lugs.png\" alt=\"Dibujo lineal de terminales de cable atornillados\" width=\"250\" height=\"247\" srcset=\"https:\/\/conexmetals.com\/wp-content\/uploads\/2023\/08\/bolted-cable-lugs.png 250w, https:\/\/conexmetals.com\/wp-content\/uploads\/2023\/08\/bolted-cable-lugs-100x100.png 100w\" sizes=\"(max-width: 250px) 100vw, 250px\" \/><\/p>\n<p><span>Las terminales atornilladas mec\u00e1nicas de lat\u00f3n y bronce son conectores el\u00e9ctricos que se utilizan para establecer conexiones seguras y confiables entre conductores de cobre y equipos el\u00e9ctricos. Estas terminales se utilizan com\u00fanmente en diversas aplicaciones el\u00e9ctricas donde los conductores de cobre deben terminarse o conectarse a componentes como interruptores, disyuntores o tableros de distribuci\u00f3n.<\/span><\/p>\n<p><span>La construcci\u00f3n de terminales atornillados mec\u00e1nicos de lat\u00f3n y bronce generalmente implica un cuerpo tubular o plano hecho de lat\u00f3n, con un orificio para perno en un extremo y un perno o tornillo de fijaci\u00f3n en el otro extremo. El conductor de cobre se inserta en el orificio de la terminal y el perno o tornillo de fijaci\u00f3n se aprieta para crear una conexi\u00f3n mec\u00e1nica entre la terminal y el conductor.<\/span><\/p>\n<p><span>Las principales caracter\u00edsticas y ventajas de las orejetas atornilladas mec\u00e1nicas de lat\u00f3n incluyen:<\/span><\/p>\n<ol>\n<li><strong><span>Conductividad el\u00e9ctrica<\/span><\/strong><span>\u00a0: El lat\u00f3n es un conductor de electricidad relativamente bueno, lo que garantiza una transferencia de energ\u00eda eficiente a trav\u00e9s del terminal y el conductor.<\/span><\/li>\n<li><strong><span>Resistencia a la corrosi\u00f3n<\/span><\/strong><span>\u00a0: Las orejetas de lat\u00f3n est\u00e1n dise\u00f1adas para ser resistentes a la corrosi\u00f3n, lo que las hace adecuadas para aplicaciones tanto en interiores como en exteriores.<\/span><\/li>\n<li><strong><span>Resistencia mec\u00e1nica<\/span><\/strong><span>\u00a0: el lat\u00f3n proporciona conexiones mec\u00e1nicas robustas, lo que garantiza conexiones el\u00e9ctricas duraderas y confiables.<\/span><\/li>\n<li><strong><span>Versatilidad<\/span><\/strong><span>\u00a0: Las terminales atornilladas mec\u00e1nicas de lat\u00f3n est\u00e1n disponibles en varios tama\u00f1os y configuraciones para adaptarse a diferentes tama\u00f1os y tipos de conductores.<\/span><\/li>\n<li><strong><span>Resistencia a la temperatura<\/span><\/strong><span>\u00a0: Las orejetas de lat\u00f3n pueden soportar altas temperaturas, lo que las hace adecuadas para aplicaciones con temperaturas ambiente elevadas.<\/span><\/li>\n<li><strong><span>F\u00e1cil instalaci\u00f3n<\/span><\/strong><span>\u00a0: Las orejetas atornilladas de lat\u00f3n generalmente son f\u00e1ciles de instalar y requieren herramientas manuales est\u00e1ndar para su conexi\u00f3n.<\/span><\/li>\n<\/ol>\n<p><span>Las orejetas mec\u00e1nicas atornilladas de lat\u00f3n y bronce se utilizan ampliamente en diversos sistemas e instalaciones el\u00e9ctricas, entre ellos:<\/span><\/p>\n<ul>\n<li><span>Conexi\u00f3n de cables de alimentaci\u00f3n de cobre a disyuntores o paneles el\u00e9ctricos.<\/span><\/li>\n<li><span>Uni\u00f3n de conductores de cobre en sistemas de distribuci\u00f3n de energ\u00eda.<\/span><\/li>\n<li><span>Conexi\u00f3n de equipos y dispositivos el\u00e9ctricos que utilizan conductores de cobre.<\/span><\/li>\n<\/ul>\n<p>&nbsp;<\/p>\n<p><strong><span>Material: Fabricado con diferentes grados de lat\u00f3n y bronce, como C37700, C83600 y C84400.<\/span><\/strong><\/p>\n<\/div>\n<\/div>\n<\/div>\n","protected":false},"featured_media":7117,"template":"","meta":[],"product_brand":[],"product_cat":[391],"product_tag":[],"class_list":{"0":"post-11177","1":"product","2":"type-product","3":"status-publish","4":"has-post-thumbnail","6":"product_cat-accesorios-electricos","8":"first","9":"instock","10":"shipping-taxable","11":"product-type-simple"},"yoast_head":"<!-- This site is optimized with the Yoast SEO plugin v27.3 - https:\/\/yoast.com\/product\/yoast-seo-wordpress\/ -->\n<title>Terminales Mec\u00e1nicos Atornillados de Bronce<\/title>\n<meta name=\"description\" content=\"Conex ofrece una amplia variedad de terminales mec\u00e1nicos de lat\u00f3n atornillados, incluidos terminales de cable, hilo y terminales. Conocidos por su construcci\u00f3n robusta y rendimiento fiable, nuestra gama incluye terminales de compresi\u00f3n de lat\u00f3n, terminales de crimpado, conectores de terminales, terminales de potencia y terminales de puesta a tierra para conexiones el\u00e9ctricas seguras.\" \/>\n<meta name=\"robots\" content=\"index, follow, max-snippet:-1, max-image-preview:large, max-video-preview:-1\" \/>\n<link rel=\"canonical\" href=\"https:\/\/conexmetals.com\/es\/producto\/terminales-mecanicos-atornillados-de-bronce\/\" \/>\n<script type=\"application\/ld+json\" class=\"yoast-schema-graph\">{\"@context\":\"https:\\\/\\\/schema.org\",\"@graph\":[{\"@type\":\"WebPage\",\"@id\":\"https:\\\/\\\/conexmetals.com\\\/es\\\/producto\\\/terminales-mecanicos-atornillados-de-bronce\\\/\",\"url\":\"https:\\\/\\\/conexmetals.com\\\/es\\\/producto\\\/terminales-mecanicos-atornillados-de-bronce\\\/\",\"name\":\"Terminales Mec\u00e1nicos Atornillados de Bronce\",\"isPartOf\":{\"@id\":\"https:\\\/\\\/conexmetals.com\\\/es\\\/#website\"},\"primaryImageOfPage\":{\"@id\":\"https:\\\/\\\/conexmetals.com\\\/es\\\/producto\\\/terminales-mecanicos-atornillados-de-bronce\\\/#primaryimage\"},\"image\":{\"@id\":\"https:\\\/\\\/conexmetals.com\\\/es\\\/producto\\\/terminales-mecanicos-atornillados-de-bronce\\\/#primaryimage\"},\"thumbnailUrl\":\"https:\\\/\\\/conexmetals.com\\\/wp-content\\\/uploads\\\/2024\\\/12\\\/Orejas-mecanicas-atornilladas-de-bronce.png\",\"datePublished\":\"2023-08-16T06:36:20+00:00\",\"dateModified\":\"2024-10-17T12:41:01+00:00\",\"description\":\"Conex ofrece una amplia variedad de terminales mec\u00e1nicos de lat\u00f3n atornillados, incluidos terminales de cable, hilo y terminales. Conocidos por su construcci\u00f3n robusta y rendimiento fiable, nuestra gama incluye terminales de compresi\u00f3n de lat\u00f3n, terminales de crimpado, conectores de terminales, terminales de potencia y terminales de puesta a tierra para conexiones el\u00e9ctricas seguras.\",\"breadcrumb\":{\"@id\":\"https:\\\/\\\/conexmetals.com\\\/es\\\/producto\\\/terminales-mecanicos-atornillados-de-bronce\\\/#breadcrumb\"},\"inLanguage\":\"es\",\"potentialAction\":[{\"@type\":\"ReadAction\",\"target\":[\"https:\\\/\\\/conexmetals.com\\\/es\\\/producto\\\/terminales-mecanicos-atornillados-de-bronce\\\/\"]}]},{\"@type\":\"ImageObject\",\"inLanguage\":\"es\",\"@id\":\"https:\\\/\\\/conexmetals.com\\\/es\\\/producto\\\/terminales-mecanicos-atornillados-de-bronce\\\/#primaryimage\",\"url\":\"https:\\\/\\\/conexmetals.com\\\/wp-content\\\/uploads\\\/2024\\\/12\\\/Orejas-mecanicas-atornilladas-de-bronce.png\",\"contentUrl\":\"https:\\\/\\\/conexmetals.com\\\/wp-content\\\/uploads\\\/2024\\\/12\\\/Orejas-mecanicas-atornilladas-de-bronce.png\",\"width\":300,\"height\":300,\"caption\":\"Orejas mec\u00e1nicas atornilladas de bronce\"},{\"@type\":\"BreadcrumbList\",\"@id\":\"https:\\\/\\\/conexmetals.com\\\/es\\\/producto\\\/terminales-mecanicos-atornillados-de-bronce\\\/#breadcrumb\",\"itemListElement\":[{\"@type\":\"ListItem\",\"position\":1,\"name\":\"Home\",\"item\":\"https:\\\/\\\/conexmetals.com\\\/es\\\/hogar\\\/\"},{\"@type\":\"ListItem\",\"position\":2,\"name\":\"Products\",\"item\":\"https:\\\/\\\/conexmetals.com\\\/products\\\/\"},{\"@type\":\"ListItem\",\"position\":3,\"name\":\"Terminales Mec\u00e1nicos Atornillados de Bronce\"}]},{\"@type\":\"WebSite\",\"@id\":\"https:\\\/\\\/conexmetals.com\\\/es\\\/#website\",\"url\":\"https:\\\/\\\/conexmetals.com\\\/es\\\/\",\"name\":\"Conex Metals Brass Fittings Brass Parts Copper Parts Brass Components Brass Plumbing Fittings India\",\"description\":\"Manufacturer of Bronze Fittings casting Copper Brass parts components\",\"publisher\":{\"@id\":\"https:\\\/\\\/conexmetals.com\\\/es\\\/#organization\"},\"potentialAction\":[{\"@type\":\"SearchAction\",\"target\":{\"@type\":\"EntryPoint\",\"urlTemplate\":\"https:\\\/\\\/conexmetals.com\\\/es\\\/?s={search_term_string}\"},\"query-input\":{\"@type\":\"PropertyValueSpecification\",\"valueRequired\":true,\"valueName\":\"search_term_string\"}}],\"inLanguage\":\"es\"},{\"@type\":\"Organization\",\"@id\":\"https:\\\/\\\/conexmetals.com\\\/es\\\/#organization\",\"name\":\"Conex Metals Brass Fittings Brass Parts Copper Parts Brass Components Brass Plumbing Fittings India\",\"url\":\"https:\\\/\\\/conexmetals.com\\\/es\\\/\",\"logo\":{\"@type\":\"ImageObject\",\"inLanguage\":\"es\",\"@id\":\"https:\\\/\\\/conexmetals.com\\\/es\\\/#\\\/schema\\\/logo\\\/image\\\/\",\"url\":\"https:\\\/\\\/conexmetals.com\\\/wp-content\\\/uploads\\\/2024\\\/03\\\/conex-metals-logo.webp\",\"contentUrl\":\"https:\\\/\\\/conexmetals.com\\\/wp-content\\\/uploads\\\/2024\\\/03\\\/conex-metals-logo.webp\",\"width\":300,\"height\":121,\"caption\":\"Conex Metals Brass Fittings Brass Parts Copper Parts Brass Components Brass Plumbing Fittings India\"},\"image\":{\"@id\":\"https:\\\/\\\/conexmetals.com\\\/es\\\/#\\\/schema\\\/logo\\\/image\\\/\"},\"sameAs\":[\"https:\\\/\\\/www.facebook.com\\\/conexbrass\",\"https:\\\/\\\/x.com\\\/conexindia\",\"https:\\\/\\\/www.linkedin.com\\\/company\\\/conex-metals-india\\\/\",\"https:\\\/\\\/www.instagram.com\\\/conexindia\\\/\"]}]}<\/script>\n<!-- \/ Yoast SEO plugin. -->","yoast_head_json":{"title":"Terminales Mec\u00e1nicos Atornillados de Bronce","description":"Conex ofrece una amplia variedad de terminales mec\u00e1nicos de lat\u00f3n atornillados, incluidos terminales de cable, hilo y terminales. Conocidos por su construcci\u00f3n robusta y rendimiento fiable, nuestra gama incluye terminales de compresi\u00f3n de lat\u00f3n, terminales de crimpado, conectores de terminales, terminales de potencia y terminales de puesta a tierra para conexiones el\u00e9ctricas seguras.","robots":{"index":"index","follow":"follow","max-snippet":"max-snippet:-1","max-image-preview":"max-image-preview:large","max-video-preview":"max-video-preview:-1"},"canonical":"https:\/\/conexmetals.com\/es\/producto\/terminales-mecanicos-atornillados-de-bronce\/","schema":{"@context":"https:\/\/schema.org","@graph":[{"@type":"WebPage","@id":"https:\/\/conexmetals.com\/es\/producto\/terminales-mecanicos-atornillados-de-bronce\/","url":"https:\/\/conexmetals.com\/es\/producto\/terminales-mecanicos-atornillados-de-bronce\/","name":"Terminales Mec\u00e1nicos Atornillados de Bronce","isPartOf":{"@id":"https:\/\/conexmetals.com\/es\/#website"},"primaryImageOfPage":{"@id":"https:\/\/conexmetals.com\/es\/producto\/terminales-mecanicos-atornillados-de-bronce\/#primaryimage"},"image":{"@id":"https:\/\/conexmetals.com\/es\/producto\/terminales-mecanicos-atornillados-de-bronce\/#primaryimage"},"thumbnailUrl":"https:\/\/conexmetals.com\/wp-content\/uploads\/2024\/12\/Orejas-mecanicas-atornilladas-de-bronce.png","datePublished":"2023-08-16T06:36:20+00:00","dateModified":"2024-10-17T12:41:01+00:00","description":"Conex ofrece una amplia variedad de terminales mec\u00e1nicos de lat\u00f3n atornillados, incluidos terminales de cable, hilo y terminales. Conocidos por su construcci\u00f3n robusta y rendimiento fiable, nuestra gama incluye terminales de compresi\u00f3n de lat\u00f3n, terminales de crimpado, conectores de terminales, terminales de potencia y terminales de puesta a tierra para conexiones el\u00e9ctricas seguras.","breadcrumb":{"@id":"https:\/\/conexmetals.com\/es\/producto\/terminales-mecanicos-atornillados-de-bronce\/#breadcrumb"},"inLanguage":"es","potentialAction":[{"@type":"ReadAction","target":["https:\/\/conexmetals.com\/es\/producto\/terminales-mecanicos-atornillados-de-bronce\/"]}]},{"@type":"ImageObject","inLanguage":"es","@id":"https:\/\/conexmetals.com\/es\/producto\/terminales-mecanicos-atornillados-de-bronce\/#primaryimage","url":"https:\/\/conexmetals.com\/wp-content\/uploads\/2024\/12\/Orejas-mecanicas-atornilladas-de-bronce.png","contentUrl":"https:\/\/conexmetals.com\/wp-content\/uploads\/2024\/12\/Orejas-mecanicas-atornilladas-de-bronce.png","width":300,"height":300,"caption":"Orejas mec\u00e1nicas atornilladas de bronce"},{"@type":"BreadcrumbList","@id":"https:\/\/conexmetals.com\/es\/producto\/terminales-mecanicos-atornillados-de-bronce\/#breadcrumb","itemListElement":[{"@type":"ListItem","position":1,"name":"Home","item":"https:\/\/conexmetals.com\/es\/hogar\/"},{"@type":"ListItem","position":2,"name":"Products","item":"https:\/\/conexmetals.com\/products\/"},{"@type":"ListItem","position":3,"name":"Terminales Mec\u00e1nicos Atornillados de Bronce"}]},{"@type":"WebSite","@id":"https:\/\/conexmetals.com\/es\/#website","url":"https:\/\/conexmetals.com\/es\/","name":"Conex Metals Brass Fittings Brass Parts Copper Parts Brass Components Brass Plumbing Fittings India","description":"Manufacturer of Bronze Fittings casting Copper Brass parts components","publisher":{"@id":"https:\/\/conexmetals.com\/es\/#organization"},"potentialAction":[{"@type":"SearchAction","target":{"@type":"EntryPoint","urlTemplate":"https:\/\/conexmetals.com\/es\/?s={search_term_string}"},"query-input":{"@type":"PropertyValueSpecification","valueRequired":true,"valueName":"search_term_string"}}],"inLanguage":"es"},{"@type":"Organization","@id":"https:\/\/conexmetals.com\/es\/#organization","name":"Conex Metals Brass Fittings Brass Parts Copper Parts Brass Components Brass Plumbing Fittings India","url":"https:\/\/conexmetals.com\/es\/","logo":{"@type":"ImageObject","inLanguage":"es","@id":"https:\/\/conexmetals.com\/es\/#\/schema\/logo\/image\/","url":"https:\/\/conexmetals.com\/wp-content\/uploads\/2024\/03\/conex-metals-logo.webp","contentUrl":"https:\/\/conexmetals.com\/wp-content\/uploads\/2024\/03\/conex-metals-logo.webp","width":300,"height":121,"caption":"Conex Metals Brass Fittings Brass Parts Copper Parts Brass Components Brass Plumbing Fittings India"},"image":{"@id":"https:\/\/conexmetals.com\/es\/#\/schema\/logo\/image\/"},"sameAs":["https:\/\/www.facebook.com\/conexbrass","https:\/\/x.com\/conexindia","https:\/\/www.linkedin.com\/company\/conex-metals-india\/","https:\/\/www.instagram.com\/conexindia\/"]}]}},"_links":{"self":[{"href":"https:\/\/conexmetals.com\/es\/wp-json\/wp\/v2\/product\/11177","targetHints":{"allow":["GET"]}}],"collection":[{"href":"https:\/\/conexmetals.com\/es\/wp-json\/wp\/v2\/product"}],"about":[{"href":"https:\/\/conexmetals.com\/es\/wp-json\/wp\/v2\/types\/product"}],"wp:featuredmedia":[{"embeddable":true,"href":"https:\/\/conexmetals.com\/es\/wp-json\/wp\/v2\/media\/7117"}],"wp:attachment":[{"href":"https:\/\/conexmetals.com\/es\/wp-json\/wp\/v2\/media?parent=11177"}],"wp:term":[{"taxonomy":"product_brand","embeddable":true,"href":"https:\/\/conexmetals.com\/es\/wp-json\/wp\/v2\/product_brand?post=11177"},{"taxonomy":"product_cat","embeddable":true,"href":"https:\/\/conexmetals.com\/es\/wp-json\/wp\/v2\/product_cat?post=11177"},{"taxonomy":"product_tag","embeddable":true,"href":"https:\/\/conexmetals.com\/es\/wp-json\/wp\/v2\/product_tag?post=11177"}],"curies":[{"name":"wp","href":"https:\/\/api.w.org\/{rel}","templated":true}]}}