{"id":11181,"date":"2023-08-16T12:16:51","date_gmt":"2023-08-16T06:46:51","guid":{"rendered":"https:\/\/conexmetals.com\/?post_type=product&#038;p=11181"},"modified":"2024-10-17T18:27:39","modified_gmt":"2024-10-17T12:57:39","slug":"pernos-divididos-de-laton","status":"publish","type":"product","link":"https:\/\/conexmetals.com\/es\/producto\/pernos-divididos-de-laton\/","title":{"rendered":"Pernos Divididos de Lat\u00f3n"},"content":{"rendered":"","protected":false},"excerpt":{"rendered":"<div class=\"elementor-element elementor-element-672075d elementor-widget__width-initial e-transform elementor-widget-mobile__width-initial elementor-widget elementor-widget-woocommerce-product-images\" data-id=\"672075d\" data-element_type=\"widget\" data-settings=\"{&quot;_transform_scale_effect&quot;:{&quot;unit&quot;:&quot;px&quot;,&quot;size&quot;:1,&quot;sizes&quot;:[]},&quot;_transform_scale_effect_tablet&quot;:{&quot;unit&quot;:&quot;px&quot;,&quot;size&quot;:&quot;&quot;,&quot;sizes&quot;:[]},&quot;_transform_scale_effect_mobile&quot;:{&quot;unit&quot;:&quot;px&quot;,&quot;size&quot;:&quot;&quot;,&quot;sizes&quot;:[]}}\" data-widget_type=\"woocommerce-product-images.default\">\n<div class=\"elementor-widget-container\">\n<div class=\"woocommerce-product-gallery woocommerce-product-gallery--with-images woocommerce-product-gallery--columns-4 images\" data-columns=\"4\">\n<div class=\"woocommerce-product-gallery__wrapper\">\n<div class=\"woocommerce-product-gallery__image\" data-thumb=\"https:\/\/conexmetals.com\/wp-content\/uploads\/2023\/08\/Line-Taps-or-Split-Bolt-Connectors-1-100x100.png\" data-thumb-alt=\"Brass Split Bolts\" data-thumb-srcset=\"https:\/\/conexmetals.com\/wp-content\/uploads\/2023\/08\/Line-Taps-or-Split-Bolt-Connectors-1-100x100.png 100w, https:\/\/conexmetals.com\/wp-content\/uploads\/2023\/08\/Line-Taps-or-Split-Bolt-Connectors-1-300x300.png 300w, https:\/\/conexmetals.com\/wp-content\/uploads\/2023\/08\/Line-Taps-or-Split-Bolt-Connectors-1-150x150.png 150w, https:\/\/conexmetals.com\/wp-content\/uploads\/2023\/08\/Line-Taps-or-Split-Bolt-Connectors-1.png 350w\"><\/div>\n<\/div>\n<\/div>\n<\/div>\n<\/div>\n<div class=\"elementor-element elementor-element-36d2ab8 elementor-widget elementor-widget-woocommerce-product-short-description\" data-id=\"36d2ab8\" data-element_type=\"widget\" data-widget_type=\"woocommerce-product-short-description.default\">\n<div class=\"elementor-widget-container\">\n<div class=\"woocommerce-product-details__short-description\">\n<p>&nbsp;<\/p>\n<table id=\"tablepress-367\" class=\"tablepress tablepress-id-367\">\n<caption>\u00a0<\/caption>\n<thead>\n<tr class=\"row-1 odd\">\n<th class=\"column-1\" colspan=\"5\"><span>Pernos partidos de lat\u00f3n<\/span><\/th>\n<\/tr>\n<\/thead>\n<tbody class=\"row-hover\">\n<tr class=\"row-2 even\">\n<td class=\"column-1\"><strong><span>Conductor principal A\u00a0<\/span><sup><span>mm2<\/span><\/sup><\/strong><\/td>\n<td class=\"column-2\"><strong><span>Conductor superior B mm\u00a0<\/span><sup><span>2<\/span><\/sup><\/strong><\/td>\n<td class=\"column-3\"><strong><span>Mmm<\/span><\/strong><\/td>\n<td class=\"column-4\"><strong><span>Ancho mm<\/span><\/strong><\/td>\n<td class=\"column-5\"><strong><span>Peso unitario Kg<\/span><\/strong><\/td>\n<\/tr>\n<tr class=\"row-3 odd\">\n<td class=\"column-1\"><span>10<\/span><\/td>\n<td class=\"column-2\"><span>1,5-10<\/span><\/td>\n<td class=\"column-3\"><span>20<\/span><\/td>\n<td class=\"column-4\"><span>4.1<\/span><\/td>\n<td class=\"column-5\"><span>0,02<\/span><\/td>\n<\/tr>\n<tr class=\"row-4 even\">\n<td class=\"column-1\"><span>16<\/span><\/td>\n<td class=\"column-2\"><span>2.5-16<\/span><\/td>\n<td class=\"column-3\"><span>23<\/span><\/td>\n<td class=\"column-4\"><span>5.3<\/span><\/td>\n<td class=\"column-5\"><span>0,03<\/span><\/td>\n<\/tr>\n<tr class=\"row-5 odd\">\n<td class=\"column-1\"><span>25<\/span><\/td>\n<td class=\"column-2\"><span>2,5-25<\/span><\/td>\n<td class=\"column-3\"><span>28<\/span><\/td>\n<td class=\"column-4\"><span>6.8<\/span><\/td>\n<td class=\"column-5\"><span>0,04<\/span><\/td>\n<\/tr>\n<tr class=\"row-6 even\">\n<td class=\"column-1\"><span>35<\/span><\/td>\n<td class=\"column-2\"><span>2.5-35<\/span><\/td>\n<td class=\"column-3\"><span>29<\/span><\/td>\n<td class=\"column-4\"><span>7.9<\/span><\/td>\n<td class=\"column-5\"><span>0,05<\/span><\/td>\n<\/tr>\n<tr class=\"row-7 odd\">\n<td class=\"column-1\"><span>50<\/span><\/td>\n<td class=\"column-2\"><span>2,5-50<\/span><\/td>\n<td class=\"column-3\"><span>35<\/span><\/td>\n<td class=\"column-4\"><span>9.5<\/span><\/td>\n<td class=\"column-5\"><span>0,08<\/span><\/td>\n<\/tr>\n<tr class=\"row-8 even\">\n<td class=\"column-1\"><span>70<\/span><\/td>\n<td class=\"column-2\"><span>2.5-70<\/span><\/td>\n<td class=\"column-3\"><span>39<\/span><\/td>\n<td class=\"column-4\"><span>10.7<\/span><\/td>\n<td class=\"column-5\"><span>0,12<\/span><\/td>\n<\/tr>\n<tr class=\"row-9 odd\">\n<td class=\"column-1\"><span>95<\/span><\/td>\n<td class=\"column-2\"><span>2.5-95<\/span><\/td>\n<td class=\"column-3\"><span>45<\/span><\/td>\n<td class=\"column-4\"><span>13.5<\/span><\/td>\n<td class=\"column-5\"><span>0,15<\/span><\/td>\n<\/tr>\n<tr class=\"row-10 even\">\n<td class=\"column-1\"><span>120<\/span><\/td>\n<td class=\"column-2\"><span>10-120<\/span><\/td>\n<td class=\"column-3\"><span>47<\/span><\/td>\n<td class=\"column-4\"><span>14.7<\/span><\/td>\n<td class=\"column-5\"><span>0,18<\/span><\/td>\n<\/tr>\n<tr class=\"row-11 odd\">\n<td class=\"column-1\"><span>150<\/span><\/td>\n<td class=\"column-2\"><span>10-150<\/span><\/td>\n<td class=\"column-3\"><span>51<\/span><\/td>\n<td class=\"column-4\"><span>16.2<\/span><\/td>\n<td class=\"column-5\"><span>0,23<\/span><\/td>\n<\/tr>\n<tr class=\"row-12 even\">\n<td class=\"column-1\"><span>185<\/span><\/td>\n<td class=\"column-2\"><span>50-185<\/span><\/td>\n<td class=\"column-3\"><span>57<\/span><\/td>\n<td class=\"column-4\"><span>17.8<\/span><\/td>\n<td class=\"column-5\"><span>0,35<\/span><\/td>\n<\/tr>\n<tr class=\"row-13 odd\">\n<td class=\"column-1\"><span>240<\/span><\/td>\n<td class=\"column-2\"><span>95-240<\/span><\/td>\n<td class=\"column-3\"><span>64<\/span><\/td>\n<td class=\"column-4\"><span>19<\/span><\/td>\n<td class=\"column-5\"><span>0,46<\/span><\/td>\n<\/tr>\n<tr class=\"row-14 even\">\n<td class=\"column-1\" colspan=\"5\"><span>Material: Bronce<\/span><\/td>\n<\/tr>\n<\/tbody>\n<\/table>\n<p><img fetchpriority=\"high\" decoding=\"async\" class=\"alignnone wp-image-6923 size-full\" src=\"https:\/\/conexmetals.com\/wp-content\/uploads\/2023\/08\/Split-Bolt-Connectors.jpg\" alt=\"Dibujo lineal de conectores de pernos divididos\" width=\"714\" height=\"300\" srcset=\"https:\/\/conexmetals.com\/wp-content\/uploads\/2023\/08\/Split-Bolt-Connectors.jpg 714w, https:\/\/conexmetals.com\/wp-content\/uploads\/2023\/08\/Split-Bolt-Connectors-300x126.jpg 300w, https:\/\/conexmetals.com\/wp-content\/uploads\/2023\/08\/Split-Bolt-Connectors-700x294.jpg 700w\" sizes=\"(max-width: 714px) 100vw, 714px\" \/>&nbsp;<\/p>\n<p>&nbsp;<\/p>\n<p><span>Los pernos partidos de lat\u00f3n, tambi\u00e9n conocidos como derivaciones de l\u00ednea de lat\u00f3n o conectores de perno partido, son conectores el\u00e9ctricos especializados que se utilizan para unir o empalmar dos o m\u00e1s conductores el\u00e9ctricos. Estos conectores se utilizan com\u00fanmente en aplicaciones donde se requiere una conexi\u00f3n el\u00e9ctrica confiable y segura.<\/span><\/p>\n<p><span>El dise\u00f1o de los pernos partidos de lat\u00f3n consiste t\u00edpicamente en un cuerpo cil\u00edndrico con una hendidura a lo largo de su longitud. Tambi\u00e9n tienen un orificio central roscado donde se insertan los conductores y un perno o tornillo de fijaci\u00f3n para apretar y asegurar la conexi\u00f3n.<\/span><\/p>\n<p><span>As\u00ed es como funcionan los pernos partidos de lat\u00f3n:<\/span><\/p>\n<ol>\n<li><strong><span>Inserci\u00f3n de los conductores<\/span><\/strong><span>\u00a0: Los conductores que se van a conectar se colocan en la abertura central del perno hendido. La hendidura del perno permite insertar los conductores f\u00e1cilmente sin necesidad de enhebrarlos.<\/span><\/li>\n<li><strong><span>Ajuste<\/span><\/strong><span>\u00a0: una vez que se insertan los conductores, se aprieta el perno o el tornillo de fijaci\u00f3n. A medida que se aprieta el perno, comprime los lados del perno partido, sujetando los conductores de forma segura en su lugar.<\/span><\/li>\n<\/ol>\n<p>&nbsp;<\/p>\n<p><strong><span>Los pernos partidos de lat\u00f3n se utilizan com\u00fanmente en diversas aplicaciones el\u00e9ctricas, entre ellas:<\/span><\/strong><\/p>\n<ul>\n<li><span>Uni\u00f3n o empalme de cables el\u00e9ctricos a\u00e9reos en sistemas de servicios p\u00fablicos y distribuci\u00f3n de energ\u00eda.<\/span><\/li>\n<li><span>Conexi\u00f3n de cables y conductores de puesta a tierra el\u00e9ctricos.<\/span><\/li>\n<li><span>Empalme de conductores en cuadros el\u00e9ctricos o cajas de conexiones.<\/span><\/li>\n<li><span>Conexi\u00f3n de conductores de puesta a tierra a equipos o estructuras.<\/span><\/li>\n<\/ul>\n<p>&nbsp;<\/p>\n<p><strong><span>Las ventajas de utilizar pernos partidos de lat\u00f3n incluyen:<\/span><\/strong><\/p>\n<ol>\n<li><strong><span>Conductividad el\u00e9ctrica<\/span><\/strong><span>\u00a0: el lat\u00f3n es un buen conductor de electricidad, lo que garantiza una transferencia de energ\u00eda eficiente a trav\u00e9s del conector.<\/span><\/li>\n<li><strong><span>Resistencia a la corrosi\u00f3n<\/span><\/strong><span>\u00a0: Los pernos partidos de lat\u00f3n son resistentes a la corrosi\u00f3n, lo que los hace adecuados para exteriores y entornos hostiles.<\/span><\/li>\n<li><strong><span>Resistencia mec\u00e1nica\/strong&gt;: El lat\u00f3n proporciona conexiones resistentes y confiables, lo que garantiza un rendimiento duradero.<\/span><\/strong><\/li>\n<li><strong><span>Versatilidad<\/span><\/strong><span>\u00a0: Los pernos partidos de lat\u00f3n est\u00e1n disponibles en varios tama\u00f1os para adaptarse a diferentes tama\u00f1os de conductores.<\/span><\/li>\n<li><strong><span>F\u00e1cil instalaci\u00f3n<\/span><\/strong><span>\u00a0: Los pernos divididos son f\u00e1ciles de instalar y no requieren herramientas especiales para la conexi\u00f3n.<\/span><\/li>\n<\/ol>\n<p><span>Al igual que con cualquier conexi\u00f3n el\u00e9ctrica, es fundamental garantizar que se utilice el tama\u00f1o y el tipo de perno partido de lat\u00f3n adecuados seg\u00fan el tama\u00f1o del conductor y los requisitos de la aplicaci\u00f3n espec\u00edfica.<\/span><\/p>\n<p><span>CONEX fabrica una amplia gama de conectores de pernos partidos y grifos de l\u00ednea para cumplir con las especificaciones de material y dimensiones establecidas por diferentes est\u00e1ndares internacionales.<\/span><\/p>\n<ul>\n<li><span>Los pernos partidos de los grifos de l\u00ednea de lat\u00f3n est\u00e1n hechos con lat\u00f3n de alta resistencia seg\u00fan BS 2874 -CZ 112. Las roscas se forman mediante un proceso de laminado que le da a la tuerca una fuerza de sujeci\u00f3n adicional.<\/span><\/li>\n<li><span>Las almohadillas de presi\u00f3n est\u00e1n hechas de barras extruidas (NO FUNDIDAS), lo que evita que las almohadillas se agrieten.<\/span><\/li>\n<li><span>Grifos de l\u00ednea de cobre de lat\u00f3n Pernos partidos Los conectores partidos son de lat\u00f3n natural y acabado electro-esta\u00f1ado.<\/span><\/li>\n<li><span>Conectores de perno dividido de lat\u00f3n Tomas de l\u00ednea Pernos divididos Tambi\u00e9n se suministran en cobre de alta conductividad.<\/span><\/li>\n<\/ul>\n<table id=\"tablepress-229\" class=\"tablepress tablepress-id-229\">\n<caption>\u00a0<\/caption>\n<thead>\n<tr class=\"row-1 odd\">\n<th class=\"column-1\" colspan=\"3\"><strong><span>Pernos partidos de lat\u00f3n<\/span><\/strong><\/th>\n<\/tr>\n<\/thead>\n<tbody class=\"row-hover\">\n<tr class=\"row-2 even\">\n<td class=\"column-1\"><strong><span>Conductor mm2<\/span><\/strong><\/td>\n<td class=\"column-2\"><strong><span>Cmm<\/span><\/strong><\/td>\n<td class=\"column-3\"><strong><span>C\u00f3digo del producto No.<\/span><\/strong><\/td>\n<\/tr>\n<tr class=\"row-3 odd\">\n<td class=\"column-1\"><span>10<\/span><\/td>\n<td class=\"column-2\"><span>4.5<\/span><\/td>\n<td class=\"column-3\"><span>SBC-10<\/span><\/td>\n<\/tr>\n<tr class=\"row-4 even\">\n<td class=\"column-1\"><span>16<\/span><\/td>\n<td class=\"column-2\"><span>6<\/span><\/td>\n<td class=\"column-3\"><span>SBC-16<\/span><\/td>\n<\/tr>\n<tr class=\"row-5 odd\">\n<td class=\"column-1\"><span>25<\/span><\/td>\n<td class=\"column-2\"><span>6.9<\/span><\/td>\n<td class=\"column-3\"><span>SBC-25<\/span><\/td>\n<\/tr>\n<tr class=\"row-6 even\">\n<td class=\"column-1\"><span>32-35<\/span><\/td>\n<td class=\"column-2\"><span>8.1<\/span><\/td>\n<td class=\"column-3\"><span>SBC-32<\/span><\/td>\n<\/tr>\n<tr class=\"row-7 odd\">\n<td class=\"column-1\"><span>50<\/span><\/td>\n<td class=\"column-2\"><span>9.7<\/span><\/td>\n<td class=\"column-3\"><span>SBC-50<\/span><\/td>\n<\/tr>\n<tr class=\"row-8 even\">\n<td class=\"column-1\"><span>70<\/span><\/td>\n<td class=\"column-2\"><span>11.2<\/span><\/td>\n<td class=\"column-3\"><span>SBC-70<\/span><\/td>\n<\/tr>\n<tr class=\"row-9 odd\">\n<td class=\"column-1\"><span>95<\/span><\/td>\n<td class=\"column-2\"><span>13.6<\/span><\/td>\n<td class=\"column-3\"><span>SBC-95<\/span><\/td>\n<\/tr>\n<tr class=\"row-10 even\">\n<td class=\"column-1\"><span>100<\/span><\/td>\n<td class=\"column-2\"><span>14<\/span><\/td>\n<td class=\"column-3\"><span>SBC-100<\/span><\/td>\n<\/tr>\n<tr class=\"row-11 odd\">\n<td class=\"column-1\"><span>120<\/span><\/td>\n<td class=\"column-2\"><span>15<\/span><\/td>\n<td class=\"column-3\"><span>SBC-120<\/span><\/td>\n<\/tr>\n<tr class=\"row-12 even\">\n<td class=\"column-1\"><span>150<\/span><\/td>\n<td class=\"column-2\"><span>16.6<\/span><\/td>\n<td class=\"column-3\"><span>SBC-150<\/span><\/td>\n<\/tr>\n<tr class=\"row-13 odd\">\n<td class=\"column-1\"><span>185<\/span><\/td>\n<td class=\"column-2\"><span>18.2<\/span><\/td>\n<td class=\"column-3\"><span>SBC-185<\/span><\/td>\n<\/tr>\n<tr class=\"row-14 even\">\n<td class=\"column-1\"><span>240<\/span><\/td>\n<td class=\"column-2\"><span>21.4<\/span><\/td>\n<td class=\"column-3\"><span>SBC-240<\/span><\/td>\n<\/tr>\n<tr class=\"row-15 odd\">\n<td class=\"column-1\"><span>300<\/span><\/td>\n<td class=\"column-2\"><span>23.7<\/span><\/td>\n<td class=\"column-3\"><span>SBC-300<\/span><\/td>\n<\/tr>\n<tr class=\"row-16 even\">\n<td class=\"column-1\"><span>400<\/span><\/td>\n<td class=\"column-2\"><span>26.2<\/span><\/td>\n<td class=\"column-3\"><span>SBC-400<\/span><\/td>\n<\/tr>\n<tr class=\"row-17 odd\">\n<td class=\"column-1\"><span>500<\/span><\/td>\n<td class=\"column-2\"><span>30.1<\/span><\/td>\n<td class=\"column-3\"><span>SBC-500<\/span><\/td>\n<\/tr>\n<\/tbody>\n<\/table>\n<\/div>\n<\/div>\n<\/div>\n","protected":false},"featured_media":7862,"template":"","meta":[],"product_brand":[],"product_cat":[391],"product_tag":[],"class_list":{"0":"post-11181","1":"product","2":"type-product","3":"status-publish","4":"has-post-thumbnail","6":"product_cat-accesorios-electricos","8":"first","9":"instock","10":"shipping-taxable","11":"product-type-simple"},"yoast_head":"<!-- This site is optimized with the Yoast SEO plugin v27.3 - https:\/\/yoast.com\/product\/yoast-seo-wordpress\/ -->\n<title>Pernos Divididos de Lat\u00f3n<\/title>\n<meta name=\"description\" content=\"Conex es un fabricante y exportador l\u00edder de pernos y conectores de lat\u00f3n. Nuestros productos, que incluyen conectores de perno dividido de lat\u00f3n, derivaciones de l\u00ednea de lat\u00f3n y conectores de perno dividido de cobre, garantizan conexiones el\u00e9ctricas fiables y eficientes, cumpliendo con altos est\u00e1ndares de calidad para diversas aplicaciones industriales.\" \/>\n<meta name=\"robots\" content=\"index, follow, max-snippet:-1, max-image-preview:large, max-video-preview:-1\" \/>\n<link rel=\"canonical\" href=\"https:\/\/conexmetals.com\/es\/producto\/pernos-divididos-de-laton\/\" \/>\n<script type=\"application\/ld+json\" class=\"yoast-schema-graph\">{\"@context\":\"https:\\\/\\\/schema.org\",\"@graph\":[{\"@type\":\"WebPage\",\"@id\":\"https:\\\/\\\/conexmetals.com\\\/es\\\/producto\\\/pernos-divididos-de-laton\\\/\",\"url\":\"https:\\\/\\\/conexmetals.com\\\/es\\\/producto\\\/pernos-divididos-de-laton\\\/\",\"name\":\"Pernos Divididos de Lat\u00f3n\",\"isPartOf\":{\"@id\":\"https:\\\/\\\/conexmetals.com\\\/es\\\/#website\"},\"primaryImageOfPage\":{\"@id\":\"https:\\\/\\\/conexmetals.com\\\/es\\\/producto\\\/pernos-divididos-de-laton\\\/#primaryimage\"},\"image\":{\"@id\":\"https:\\\/\\\/conexmetals.com\\\/es\\\/producto\\\/pernos-divididos-de-laton\\\/#primaryimage\"},\"thumbnailUrl\":\"https:\\\/\\\/conexmetals.com\\\/wp-content\\\/uploads\\\/2024\\\/10\\\/Pernos-Divididos-de-Laton.png\",\"datePublished\":\"2023-08-16T06:46:51+00:00\",\"dateModified\":\"2024-10-17T12:57:39+00:00\",\"description\":\"Conex es un fabricante y exportador l\u00edder de pernos y conectores de lat\u00f3n. Nuestros productos, que incluyen conectores de perno dividido de lat\u00f3n, derivaciones de l\u00ednea de lat\u00f3n y conectores de perno dividido de cobre, garantizan conexiones el\u00e9ctricas fiables y eficientes, cumpliendo con altos est\u00e1ndares de calidad para diversas aplicaciones industriales.\",\"breadcrumb\":{\"@id\":\"https:\\\/\\\/conexmetals.com\\\/es\\\/producto\\\/pernos-divididos-de-laton\\\/#breadcrumb\"},\"inLanguage\":\"es\",\"potentialAction\":[{\"@type\":\"ReadAction\",\"target\":[\"https:\\\/\\\/conexmetals.com\\\/es\\\/producto\\\/pernos-divididos-de-laton\\\/\"]}]},{\"@type\":\"ImageObject\",\"inLanguage\":\"es\",\"@id\":\"https:\\\/\\\/conexmetals.com\\\/es\\\/producto\\\/pernos-divididos-de-laton\\\/#primaryimage\",\"url\":\"https:\\\/\\\/conexmetals.com\\\/wp-content\\\/uploads\\\/2024\\\/10\\\/Pernos-Divididos-de-Laton.png\",\"contentUrl\":\"https:\\\/\\\/conexmetals.com\\\/wp-content\\\/uploads\\\/2024\\\/10\\\/Pernos-Divididos-de-Laton.png\",\"width\":350,\"height\":350,\"caption\":\"Pernos Divididos de Lat\u00f3n\"},{\"@type\":\"BreadcrumbList\",\"@id\":\"https:\\\/\\\/conexmetals.com\\\/es\\\/producto\\\/pernos-divididos-de-laton\\\/#breadcrumb\",\"itemListElement\":[{\"@type\":\"ListItem\",\"position\":1,\"name\":\"Home\",\"item\":\"https:\\\/\\\/conexmetals.com\\\/es\\\/hogar\\\/\"},{\"@type\":\"ListItem\",\"position\":2,\"name\":\"Products\",\"item\":\"https:\\\/\\\/conexmetals.com\\\/products\\\/\"},{\"@type\":\"ListItem\",\"position\":3,\"name\":\"Pernos Divididos de Lat\u00f3n\"}]},{\"@type\":\"WebSite\",\"@id\":\"https:\\\/\\\/conexmetals.com\\\/es\\\/#website\",\"url\":\"https:\\\/\\\/conexmetals.com\\\/es\\\/\",\"name\":\"Conex Metals Brass Fittings Brass Parts Copper Parts Brass Components Brass Plumbing Fittings India\",\"description\":\"Manufacturer of Bronze Fittings casting Copper Brass parts components\",\"publisher\":{\"@id\":\"https:\\\/\\\/conexmetals.com\\\/es\\\/#organization\"},\"potentialAction\":[{\"@type\":\"SearchAction\",\"target\":{\"@type\":\"EntryPoint\",\"urlTemplate\":\"https:\\\/\\\/conexmetals.com\\\/es\\\/?s={search_term_string}\"},\"query-input\":{\"@type\":\"PropertyValueSpecification\",\"valueRequired\":true,\"valueName\":\"search_term_string\"}}],\"inLanguage\":\"es\"},{\"@type\":\"Organization\",\"@id\":\"https:\\\/\\\/conexmetals.com\\\/es\\\/#organization\",\"name\":\"Conex Metals Brass Fittings Brass Parts Copper Parts Brass Components Brass Plumbing Fittings India\",\"url\":\"https:\\\/\\\/conexmetals.com\\\/es\\\/\",\"logo\":{\"@type\":\"ImageObject\",\"inLanguage\":\"es\",\"@id\":\"https:\\\/\\\/conexmetals.com\\\/es\\\/#\\\/schema\\\/logo\\\/image\\\/\",\"url\":\"https:\\\/\\\/conexmetals.com\\\/wp-content\\\/uploads\\\/2024\\\/03\\\/conex-metals-logo.webp\",\"contentUrl\":\"https:\\\/\\\/conexmetals.com\\\/wp-content\\\/uploads\\\/2024\\\/03\\\/conex-metals-logo.webp\",\"width\":300,\"height\":121,\"caption\":\"Conex Metals Brass Fittings Brass Parts Copper Parts Brass Components Brass Plumbing Fittings India\"},\"image\":{\"@id\":\"https:\\\/\\\/conexmetals.com\\\/es\\\/#\\\/schema\\\/logo\\\/image\\\/\"},\"sameAs\":[\"https:\\\/\\\/www.facebook.com\\\/conexbrass\",\"https:\\\/\\\/x.com\\\/conexindia\",\"https:\\\/\\\/www.linkedin.com\\\/company\\\/conex-metals-india\\\/\",\"https:\\\/\\\/www.instagram.com\\\/conexindia\\\/\"]}]}<\/script>\n<!-- \/ Yoast SEO plugin. -->","yoast_head_json":{"title":"Pernos Divididos de Lat\u00f3n","description":"Conex es un fabricante y exportador l\u00edder de pernos y conectores de lat\u00f3n. Nuestros productos, que incluyen conectores de perno dividido de lat\u00f3n, derivaciones de l\u00ednea de lat\u00f3n y conectores de perno dividido de cobre, garantizan conexiones el\u00e9ctricas fiables y eficientes, cumpliendo con altos est\u00e1ndares de calidad para diversas aplicaciones industriales.","robots":{"index":"index","follow":"follow","max-snippet":"max-snippet:-1","max-image-preview":"max-image-preview:large","max-video-preview":"max-video-preview:-1"},"canonical":"https:\/\/conexmetals.com\/es\/producto\/pernos-divididos-de-laton\/","schema":{"@context":"https:\/\/schema.org","@graph":[{"@type":"WebPage","@id":"https:\/\/conexmetals.com\/es\/producto\/pernos-divididos-de-laton\/","url":"https:\/\/conexmetals.com\/es\/producto\/pernos-divididos-de-laton\/","name":"Pernos Divididos de Lat\u00f3n","isPartOf":{"@id":"https:\/\/conexmetals.com\/es\/#website"},"primaryImageOfPage":{"@id":"https:\/\/conexmetals.com\/es\/producto\/pernos-divididos-de-laton\/#primaryimage"},"image":{"@id":"https:\/\/conexmetals.com\/es\/producto\/pernos-divididos-de-laton\/#primaryimage"},"thumbnailUrl":"https:\/\/conexmetals.com\/wp-content\/uploads\/2024\/10\/Pernos-Divididos-de-Laton.png","datePublished":"2023-08-16T06:46:51+00:00","dateModified":"2024-10-17T12:57:39+00:00","description":"Conex es un fabricante y exportador l\u00edder de pernos y conectores de lat\u00f3n. Nuestros productos, que incluyen conectores de perno dividido de lat\u00f3n, derivaciones de l\u00ednea de lat\u00f3n y conectores de perno dividido de cobre, garantizan conexiones el\u00e9ctricas fiables y eficientes, cumpliendo con altos est\u00e1ndares de calidad para diversas aplicaciones industriales.","breadcrumb":{"@id":"https:\/\/conexmetals.com\/es\/producto\/pernos-divididos-de-laton\/#breadcrumb"},"inLanguage":"es","potentialAction":[{"@type":"ReadAction","target":["https:\/\/conexmetals.com\/es\/producto\/pernos-divididos-de-laton\/"]}]},{"@type":"ImageObject","inLanguage":"es","@id":"https:\/\/conexmetals.com\/es\/producto\/pernos-divididos-de-laton\/#primaryimage","url":"https:\/\/conexmetals.com\/wp-content\/uploads\/2024\/10\/Pernos-Divididos-de-Laton.png","contentUrl":"https:\/\/conexmetals.com\/wp-content\/uploads\/2024\/10\/Pernos-Divididos-de-Laton.png","width":350,"height":350,"caption":"Pernos Divididos de Lat\u00f3n"},{"@type":"BreadcrumbList","@id":"https:\/\/conexmetals.com\/es\/producto\/pernos-divididos-de-laton\/#breadcrumb","itemListElement":[{"@type":"ListItem","position":1,"name":"Home","item":"https:\/\/conexmetals.com\/es\/hogar\/"},{"@type":"ListItem","position":2,"name":"Products","item":"https:\/\/conexmetals.com\/products\/"},{"@type":"ListItem","position":3,"name":"Pernos Divididos de Lat\u00f3n"}]},{"@type":"WebSite","@id":"https:\/\/conexmetals.com\/es\/#website","url":"https:\/\/conexmetals.com\/es\/","name":"Conex Metals Brass Fittings Brass Parts Copper Parts Brass Components Brass Plumbing Fittings India","description":"Manufacturer of Bronze Fittings casting Copper Brass parts components","publisher":{"@id":"https:\/\/conexmetals.com\/es\/#organization"},"potentialAction":[{"@type":"SearchAction","target":{"@type":"EntryPoint","urlTemplate":"https:\/\/conexmetals.com\/es\/?s={search_term_string}"},"query-input":{"@type":"PropertyValueSpecification","valueRequired":true,"valueName":"search_term_string"}}],"inLanguage":"es"},{"@type":"Organization","@id":"https:\/\/conexmetals.com\/es\/#organization","name":"Conex Metals Brass Fittings Brass Parts Copper Parts Brass Components Brass Plumbing Fittings India","url":"https:\/\/conexmetals.com\/es\/","logo":{"@type":"ImageObject","inLanguage":"es","@id":"https:\/\/conexmetals.com\/es\/#\/schema\/logo\/image\/","url":"https:\/\/conexmetals.com\/wp-content\/uploads\/2024\/03\/conex-metals-logo.webp","contentUrl":"https:\/\/conexmetals.com\/wp-content\/uploads\/2024\/03\/conex-metals-logo.webp","width":300,"height":121,"caption":"Conex Metals Brass Fittings Brass Parts Copper Parts Brass Components Brass Plumbing Fittings India"},"image":{"@id":"https:\/\/conexmetals.com\/es\/#\/schema\/logo\/image\/"},"sameAs":["https:\/\/www.facebook.com\/conexbrass","https:\/\/x.com\/conexindia","https:\/\/www.linkedin.com\/company\/conex-metals-india\/","https:\/\/www.instagram.com\/conexindia\/"]}]}},"_links":{"self":[{"href":"https:\/\/conexmetals.com\/es\/wp-json\/wp\/v2\/product\/11181","targetHints":{"allow":["GET"]}}],"collection":[{"href":"https:\/\/conexmetals.com\/es\/wp-json\/wp\/v2\/product"}],"about":[{"href":"https:\/\/conexmetals.com\/es\/wp-json\/wp\/v2\/types\/product"}],"wp:featuredmedia":[{"embeddable":true,"href":"https:\/\/conexmetals.com\/es\/wp-json\/wp\/v2\/media\/7862"}],"wp:attachment":[{"href":"https:\/\/conexmetals.com\/es\/wp-json\/wp\/v2\/media?parent=11181"}],"wp:term":[{"taxonomy":"product_brand","embeddable":true,"href":"https:\/\/conexmetals.com\/es\/wp-json\/wp\/v2\/product_brand?post=11181"},{"taxonomy":"product_cat","embeddable":true,"href":"https:\/\/conexmetals.com\/es\/wp-json\/wp\/v2\/product_cat?post=11181"},{"taxonomy":"product_tag","embeddable":true,"href":"https:\/\/conexmetals.com\/es\/wp-json\/wp\/v2\/product_tag?post=11181"}],"curies":[{"name":"wp","href":"https:\/\/api.w.org\/{rel}","templated":true}]}}