{"id":11215,"date":"2023-08-16T13:52:38","date_gmt":"2023-08-16T08:22:38","guid":{"rendered":"https:\/\/conexmetals.com\/?post_type=product&#038;p=11215"},"modified":"2024-10-18T12:06:23","modified_gmt":"2024-10-18T06:36:23","slug":"abrazaderas-de-tierra-tipo-ec-14","status":"publish","type":"product","link":"https:\/\/conexmetals.com\/es\/producto\/abrazaderas-de-tierra-tipo-ec-14\/","title":{"rendered":"Abrazaderas de Tierra Tipo EC 14"},"content":{"rendered":"","protected":false},"excerpt":{"rendered":"<div class=\"elementor-element elementor-element-672075d elementor-widget__width-initial e-transform elementor-widget-mobile__width-initial elementor-widget elementor-widget-woocommerce-product-images\" data-id=\"672075d\" data-element_type=\"widget\" data-settings=\"{&quot;_transform_scale_effect&quot;:{&quot;unit&quot;:&quot;px&quot;,&quot;size&quot;:1,&quot;sizes&quot;:[]},&quot;_transform_scale_effect_tablet&quot;:{&quot;unit&quot;:&quot;px&quot;,&quot;size&quot;:&quot;&quot;,&quot;sizes&quot;:[]},&quot;_transform_scale_effect_mobile&quot;:{&quot;unit&quot;:&quot;px&quot;,&quot;size&quot;:&quot;&quot;,&quot;sizes&quot;:[]}}\" data-widget_type=\"woocommerce-product-images.default\">\n<div class=\"elementor-widget-container\">\n<div class=\"woocommerce-product-gallery woocommerce-product-gallery--with-images woocommerce-product-gallery--columns-4 images\" data-columns=\"4\">\n<div class=\"woocommerce-product-gallery__wrapper\">\n<div class=\"woocommerce-product-gallery__image\" data-thumb=\"https:\/\/conexmetals.com\/wp-content\/uploads\/2023\/11\/Earth-Clamps-Ec-14-Type-100x100.png\" data-thumb-alt=\"Earth Clamps EC 14 Type\" data-thumb-srcset=\"https:\/\/conexmetals.com\/wp-content\/uploads\/2023\/11\/Earth-Clamps-Ec-14-Type-100x100.png 100w, https:\/\/conexmetals.com\/wp-content\/uploads\/2023\/11\/Earth-Clamps-Ec-14-Type-300x300.png 300w, https:\/\/conexmetals.com\/wp-content\/uploads\/2023\/11\/Earth-Clamps-Ec-14-Type-150x150.png 150w, https:\/\/conexmetals.com\/wp-content\/uploads\/2023\/11\/Earth-Clamps-Ec-14-Type.png 350w\">\n<table id=\"tablepress-368\" class=\"tablepress tablepress-id-368\">\n<caption>\u00a0<\/caption>\n<thead>\n<tr class=\"row-1 odd\">\n<th class=\"column-1\" colspan=\"6\"><strong>EC16 para atm\u00f3sferas exteriores, h\u00famedas y corrosivas (AE)<\/strong><\/th>\n<\/tr>\n<\/thead>\n<tbody class=\"row-hover\">\n<tr class=\"row-2 even\">\n<td class=\"column-1\"><strong>No<\/strong><\/td>\n<td class=\"column-2\"><strong>Pieza Nro.<\/strong><\/td>\n<td class=\"column-3\"><strong>Di\u00e1metro de la tuber\u00eda<\/strong><\/td>\n<td class=\"column-4\"><strong>Tama\u00f1o del terminal<\/strong><\/td>\n<td class=\"column-5\"><strong>Longitud<\/strong><\/td>\n<td class=\"column-6\"><strong>Color de la etiqueta de seguridad<\/strong><\/td>\n<\/tr>\n<tr class=\"row-3 odd\">\n<td class=\"column-1\">1<\/td>\n<td class=\"column-2\">CE16\/1<\/td>\n<td class=\"column-3\">12-32 mil\u00edmetros<\/td>\n<td class=\"column-4\">2,5-16 mm cuadrados<\/td>\n<td class=\"column-5\">164 mil\u00edmetros<\/td>\n<td class=\"column-6\">Verde \/ Plata<\/td>\n<\/tr>\n<tr class=\"row-4 even\">\n<td class=\"column-1\">2<\/td>\n<td class=\"column-2\">CE16\/2<\/td>\n<td class=\"column-3\">32-50 mil\u00edmetros<\/td>\n<td class=\"column-4\">2,5-16 mm cuadrados<\/td>\n<td class=\"column-5\">214 mil\u00edmetros<\/td>\n<td class=\"column-6\">Verde \/ Plata<\/td>\n<\/tr>\n<tr class=\"row-5 odd\">\n<td class=\"column-1\">3<\/td>\n<td class=\"column-2\">CE16\/3<\/td>\n<td class=\"column-3\">50-75 mil\u00edmetros<\/td>\n<td class=\"column-4\">2,5-16 mm cuadrados<\/td>\n<td class=\"column-5\">285 mil\u00edmetros<\/td>\n<td class=\"column-6\">Verde \/ Plata<\/td>\n<\/tr>\n<\/tbody>\n<\/table>\n<\/div>\n<\/div>\n<\/div>\n<\/div>\n<\/div>\n<div class=\"elementor-element elementor-element-36d2ab8 elementor-widget elementor-widget-woocommerce-product-short-description\" data-id=\"36d2ab8\" data-element_type=\"widget\" data-widget_type=\"woocommerce-product-short-description.default\">\n<div class=\"elementor-widget-container\">\n<div class=\"woocommerce-product-details__short-description\">\n<p>&nbsp;<\/p>\n<table id=\"tablepress-369\" class=\"tablepress tablepress-id-369\">\n<caption>\u00a0<\/caption>\n<thead>\n<tr class=\"row-1 odd\">\n<th class=\"column-1\" colspan=\"6\"><strong>EC15 para atm\u00f3sferas exteriores, h\u00famedas y corrosivas (AD)<\/strong><\/th>\n<\/tr>\n<\/thead>\n<tbody class=\"row-hover\">\n<tr class=\"row-2 even\">\n<td class=\"column-1\">No<\/td>\n<td class=\"column-2\">Pieza Nro.<\/td>\n<td class=\"column-3\">Di\u00e1metro de la tuber\u00eda<\/td>\n<td class=\"column-4\">Tama\u00f1o del terminal<\/td>\n<td class=\"column-5\">Longitud<\/td>\n<td class=\"column-6\">Color de la etiqueta de seguridad<\/td>\n<\/tr>\n<tr class=\"row-3 odd\">\n<td class=\"column-1\">1<\/td>\n<td class=\"column-2\">CE15\/1<\/td>\n<td class=\"column-3\">12-32 mil\u00edmetros<\/td>\n<td class=\"column-4\">2,5-10 mm cuadrados<\/td>\n<td class=\"column-5\">164 mil\u00edmetros<\/td>\n<td class=\"column-6\">Azul \/ Plata<\/td>\n<\/tr>\n<tr class=\"row-4 even\">\n<td class=\"column-1\">2<\/td>\n<td class=\"column-2\">CE15\/2<\/td>\n<td class=\"column-3\">32-50 mil\u00edmetros<\/td>\n<td class=\"column-4\">2,5-10 mm cuadrados<\/td>\n<td class=\"column-5\">214 mil\u00edmetros<\/td>\n<td class=\"column-6\">Azul \/ Plata<\/td>\n<\/tr>\n<tr class=\"row-5 odd\">\n<td class=\"column-1\">3<\/td>\n<td class=\"column-2\">CE15\/3<\/td>\n<td class=\"column-3\">50-75 mil\u00edmetros<\/td>\n<td class=\"column-4\">2,5-10 mm cuadrados<\/td>\n<td class=\"column-5\">285 mil\u00edmetros<\/td>\n<td class=\"column-6\">Azul \/ Plata<\/td>\n<\/tr>\n<\/tbody>\n<\/table>\n<p>&nbsp;<\/p>\n<table id=\"tablepress-370\" class=\"tablepress tablepress-id-370\">\n<caption>\u00a0<\/caption>\n<thead>\n<tr class=\"row-1 odd\">\n<th class=\"column-1\" colspan=\"6\"><strong>EC14 para atm\u00f3sferas interiores, h\u00famedas y corrosivas (AD)<\/strong><\/th>\n<\/tr>\n<\/thead>\n<tbody class=\"row-hover\">\n<tr class=\"row-2 even\">\n<td class=\"column-1\"><strong>\u00a0No<\/strong><\/td>\n<td class=\"column-2\"><strong>Pieza Nro.<\/strong><\/td>\n<td class=\"column-3\"><strong>Di\u00e1metro de la tuber\u00eda<\/strong><\/td>\n<td class=\"column-4\"><strong>Tama\u00f1o del terminal<\/strong><\/td>\n<td class=\"column-5\"><strong>Longitud<\/strong><\/td>\n<td class=\"column-6\"><strong>Color de la etiqueta de seguridad<\/strong><\/td>\n<\/tr>\n<tr class=\"row-3 odd\">\n<td class=\"column-1\">1<\/td>\n<td class=\"column-2\">CE14\/1<\/td>\n<td class=\"column-3\">12-32 mil\u00edmetros<\/td>\n<td class=\"column-4\">2,5-10 mm cuadrados<\/td>\n<td class=\"column-5\">164 mil\u00edmetros<\/td>\n<td class=\"column-6\">Rojo \/ Plata<\/td>\n<\/tr>\n<tr class=\"row-4 even\">\n<td class=\"column-1\">2<\/td>\n<td class=\"column-2\">CE14\/2<\/td>\n<td class=\"column-3\">32-50 mil\u00edmetros<\/td>\n<td class=\"column-4\">2,5-10 mm cuadrados<\/td>\n<td class=\"column-5\">214 mil\u00edmetros<\/td>\n<td class=\"column-6\">Rojo \/ Plata<\/td>\n<\/tr>\n<tr class=\"row-5 odd\">\n<td class=\"column-1\">3<\/td>\n<td class=\"column-2\">CE14\/3<\/td>\n<td class=\"column-3\">50-75 mil\u00edmetros<\/td>\n<td class=\"column-4\">2,5-10 mm cuadrados<\/td>\n<td class=\"column-5\">285 mil\u00edmetros<\/td>\n<td class=\"column-6\">Rojo \/ Plata<\/td>\n<\/tr>\n<\/tbody>\n<\/table>\n<p>Una pinza de puesta a tierra tipo EC 14 es un tipo espec\u00edfico de pinza de puesta a tierra el\u00e9ctrica que se utiliza para crear una conexi\u00f3n segura entre un conductor el\u00e9ctrico y un electrodo de puesta a tierra. Estas pinzas se utilizan com\u00fanmente en sistemas de puesta a tierra el\u00e9ctrica para proporcionar una ruta segura para que las corrientes de falla fluyan hacia el suelo, protegiendo el equipo el\u00e9ctrico y garantizando la seguridad del personal.<\/p>\n<p>La pinza de tierra tipo EC 14 est\u00e1 dise\u00f1ada con caracter\u00edsticas espec\u00edficas para facilitar una instalaci\u00f3n f\u00e1cil y confiable. Su dise\u00f1o puede variar seg\u00fan el fabricante, pero algunas caracter\u00edsticas comunes incluyen:<\/p>\n<ol>\n<li><strong>Material<\/strong>\u00a0: Las pinzas de tierra suelen estar hechas de materiales duraderos y resistentes a la corrosi\u00f3n, como lat\u00f3n, cobre o bronce. Estos materiales se eligen por su excelente conductividad el\u00e9ctrica y su capacidad para soportar las condiciones ambientales exteriores.<\/li>\n<li><strong>Mecanismo de sujeci\u00f3n<\/strong>\u00a0: La pinza de tierra tipo EC 14 suele tener un mecanismo de sujeci\u00f3n de tipo tornillo o perno. Esto permite que la pinza sujete firmemente el conductor de puesta a tierra y el electrodo de tierra, creando una conexi\u00f3n de baja resistencia.<\/li>\n<li><strong>Mordazas<\/strong>\u00a0: Las mordazas de sujeci\u00f3n est\u00e1n dise\u00f1adas para adaptarse a conductores de puesta a tierra y electrodos de distintos tama\u00f1os. Garantizan una conexi\u00f3n firme y fiable entre el conductor y el electrodo.<\/li>\n<li><strong>Montaje<\/strong>\u00a0: La abrazadera de tierra tipo EC 14 puede tener orificios u otras disposiciones para su montaje en una superficie adecuada o en un electrodo de puesta a tierra.<\/li>\n<li><strong>Fijaci\u00f3n del electrodo<\/strong>\u00a0: 5. El dise\u00f1o de la pinza de tierra permite conectarla directamente a un electrodo de conexi\u00f3n a tierra, como una varilla de tierra o una placa de tierra, lo que proporciona una conexi\u00f3n el\u00e9ctrica eficiente.<\/li>\n<\/ol>\n<p>Las pinzas de puesta a tierra tipo EC 14 se utilizan com\u00fanmente en diversas aplicaciones, incluidos los sistemas de puesta a tierra el\u00e9ctricos residenciales, comerciales e industriales. Son componentes esenciales para establecer un sistema de puesta a tierra adecuado y eficaz, lo cual es crucial para la seguridad el\u00e9ctrica.<\/p>\n<\/div>\n<\/div>\n<\/div>\n","protected":false},"featured_media":7242,"template":"","meta":[],"product_brand":[],"product_cat":[391],"product_tag":[],"class_list":{"0":"post-11215","1":"product","2":"type-product","3":"status-publish","4":"has-post-thumbnail","6":"product_cat-accesorios-electricos","8":"first","9":"instock","10":"shipping-taxable","11":"product-type-simple"},"yoast_head":"<!-- This site is optimized with the Yoast SEO plugin v27.3 - https:\/\/yoast.com\/product\/yoast-seo-wordpress\/ -->\n<title>Abrazaderas de Tierra Tipo EC 14<\/title>\n<meta name=\"description\" content=\"Las abrazaderas de tierra EC 14 est\u00e1n dise\u00f1adas para aplicaciones de puesta a tierra y uni\u00f3n, fabricadas seg\u00fan las normas BS 951:1986 (cuando sea aplicable). Estas abrazaderas cuentan con una etiqueta de seguridad conforme a la 15\u00aa edici\u00f3n de los Reglamentos IEE. Cada abrazadera est\u00e1 marcada para indicar los tama\u00f1os de terminales de A a D, acomodando cables de 2,5 mm\u00b2 a 10 mm\u00b2.\" \/>\n<meta name=\"robots\" content=\"index, follow, max-snippet:-1, max-image-preview:large, max-video-preview:-1\" \/>\n<link rel=\"canonical\" href=\"https:\/\/conexmetals.com\/es\/producto\/abrazaderas-de-tierra-tipo-ec-14\/\" \/>\n<script type=\"application\/ld+json\" class=\"yoast-schema-graph\">{\"@context\":\"https:\\\/\\\/schema.org\",\"@graph\":[{\"@type\":\"WebPage\",\"@id\":\"https:\\\/\\\/conexmetals.com\\\/es\\\/producto\\\/abrazaderas-de-tierra-tipo-ec-14\\\/\",\"url\":\"https:\\\/\\\/conexmetals.com\\\/es\\\/producto\\\/abrazaderas-de-tierra-tipo-ec-14\\\/\",\"name\":\"Abrazaderas de Tierra Tipo EC 14\",\"isPartOf\":{\"@id\":\"https:\\\/\\\/conexmetals.com\\\/es\\\/#website\"},\"primaryImageOfPage\":{\"@id\":\"https:\\\/\\\/conexmetals.com\\\/es\\\/producto\\\/abrazaderas-de-tierra-tipo-ec-14\\\/#primaryimage\"},\"image\":{\"@id\":\"https:\\\/\\\/conexmetals.com\\\/es\\\/producto\\\/abrazaderas-de-tierra-tipo-ec-14\\\/#primaryimage\"},\"thumbnailUrl\":\"https:\\\/\\\/conexmetals.com\\\/wp-content\\\/uploads\\\/2024\\\/10\\\/Abrazaderas-de-Tierra-Tipo-EC-14.png\",\"datePublished\":\"2023-08-16T08:22:38+00:00\",\"dateModified\":\"2024-10-18T06:36:23+00:00\",\"description\":\"Las abrazaderas de tierra EC 14 est\u00e1n dise\u00f1adas para aplicaciones de puesta a tierra y uni\u00f3n, fabricadas seg\u00fan las normas BS 951:1986 (cuando sea aplicable). Estas abrazaderas cuentan con una etiqueta de seguridad conforme a la 15\u00aa edici\u00f3n de los Reglamentos IEE. Cada abrazadera est\u00e1 marcada para indicar los tama\u00f1os de terminales de A a D, acomodando cables de 2,5 mm\u00b2 a 10 mm\u00b2.\",\"breadcrumb\":{\"@id\":\"https:\\\/\\\/conexmetals.com\\\/es\\\/producto\\\/abrazaderas-de-tierra-tipo-ec-14\\\/#breadcrumb\"},\"inLanguage\":\"es\",\"potentialAction\":[{\"@type\":\"ReadAction\",\"target\":[\"https:\\\/\\\/conexmetals.com\\\/es\\\/producto\\\/abrazaderas-de-tierra-tipo-ec-14\\\/\"]}]},{\"@type\":\"ImageObject\",\"inLanguage\":\"es\",\"@id\":\"https:\\\/\\\/conexmetals.com\\\/es\\\/producto\\\/abrazaderas-de-tierra-tipo-ec-14\\\/#primaryimage\",\"url\":\"https:\\\/\\\/conexmetals.com\\\/wp-content\\\/uploads\\\/2024\\\/10\\\/Abrazaderas-de-Tierra-Tipo-EC-14.png\",\"contentUrl\":\"https:\\\/\\\/conexmetals.com\\\/wp-content\\\/uploads\\\/2024\\\/10\\\/Abrazaderas-de-Tierra-Tipo-EC-14.png\",\"width\":350,\"height\":350,\"caption\":\"Abrazaderas de Tierra Tipo EC 14\"},{\"@type\":\"BreadcrumbList\",\"@id\":\"https:\\\/\\\/conexmetals.com\\\/es\\\/producto\\\/abrazaderas-de-tierra-tipo-ec-14\\\/#breadcrumb\",\"itemListElement\":[{\"@type\":\"ListItem\",\"position\":1,\"name\":\"Home\",\"item\":\"https:\\\/\\\/conexmetals.com\\\/es\\\/hogar\\\/\"},{\"@type\":\"ListItem\",\"position\":2,\"name\":\"Products\",\"item\":\"https:\\\/\\\/conexmetals.com\\\/products\\\/\"},{\"@type\":\"ListItem\",\"position\":3,\"name\":\"Abrazaderas de Tierra Tipo EC 14\"}]},{\"@type\":\"WebSite\",\"@id\":\"https:\\\/\\\/conexmetals.com\\\/es\\\/#website\",\"url\":\"https:\\\/\\\/conexmetals.com\\\/es\\\/\",\"name\":\"Conex Metals Brass Fittings Brass Parts Copper Parts Brass Components Brass Plumbing Fittings India\",\"description\":\"Manufacturer of Bronze Fittings casting Copper Brass parts components\",\"publisher\":{\"@id\":\"https:\\\/\\\/conexmetals.com\\\/es\\\/#organization\"},\"potentialAction\":[{\"@type\":\"SearchAction\",\"target\":{\"@type\":\"EntryPoint\",\"urlTemplate\":\"https:\\\/\\\/conexmetals.com\\\/es\\\/?s={search_term_string}\"},\"query-input\":{\"@type\":\"PropertyValueSpecification\",\"valueRequired\":true,\"valueName\":\"search_term_string\"}}],\"inLanguage\":\"es\"},{\"@type\":\"Organization\",\"@id\":\"https:\\\/\\\/conexmetals.com\\\/es\\\/#organization\",\"name\":\"Conex Metals Brass Fittings Brass Parts Copper Parts Brass Components Brass Plumbing Fittings India\",\"url\":\"https:\\\/\\\/conexmetals.com\\\/es\\\/\",\"logo\":{\"@type\":\"ImageObject\",\"inLanguage\":\"es\",\"@id\":\"https:\\\/\\\/conexmetals.com\\\/es\\\/#\\\/schema\\\/logo\\\/image\\\/\",\"url\":\"https:\\\/\\\/conexmetals.com\\\/wp-content\\\/uploads\\\/2024\\\/03\\\/conex-metals-logo.webp\",\"contentUrl\":\"https:\\\/\\\/conexmetals.com\\\/wp-content\\\/uploads\\\/2024\\\/03\\\/conex-metals-logo.webp\",\"width\":300,\"height\":121,\"caption\":\"Conex Metals Brass Fittings Brass Parts Copper Parts Brass Components Brass Plumbing Fittings India\"},\"image\":{\"@id\":\"https:\\\/\\\/conexmetals.com\\\/es\\\/#\\\/schema\\\/logo\\\/image\\\/\"},\"sameAs\":[\"https:\\\/\\\/www.facebook.com\\\/conexbrass\",\"https:\\\/\\\/x.com\\\/conexindia\",\"https:\\\/\\\/www.linkedin.com\\\/company\\\/conex-metals-india\\\/\",\"https:\\\/\\\/www.instagram.com\\\/conexindia\\\/\"]}]}<\/script>\n<!-- \/ Yoast SEO plugin. -->","yoast_head_json":{"title":"Abrazaderas de Tierra Tipo EC 14","description":"Las abrazaderas de tierra EC 14 est\u00e1n dise\u00f1adas para aplicaciones de puesta a tierra y uni\u00f3n, fabricadas seg\u00fan las normas BS 951:1986 (cuando sea aplicable). Estas abrazaderas cuentan con una etiqueta de seguridad conforme a la 15\u00aa edici\u00f3n de los Reglamentos IEE. Cada abrazadera est\u00e1 marcada para indicar los tama\u00f1os de terminales de A a D, acomodando cables de 2,5 mm\u00b2 a 10 mm\u00b2.","robots":{"index":"index","follow":"follow","max-snippet":"max-snippet:-1","max-image-preview":"max-image-preview:large","max-video-preview":"max-video-preview:-1"},"canonical":"https:\/\/conexmetals.com\/es\/producto\/abrazaderas-de-tierra-tipo-ec-14\/","schema":{"@context":"https:\/\/schema.org","@graph":[{"@type":"WebPage","@id":"https:\/\/conexmetals.com\/es\/producto\/abrazaderas-de-tierra-tipo-ec-14\/","url":"https:\/\/conexmetals.com\/es\/producto\/abrazaderas-de-tierra-tipo-ec-14\/","name":"Abrazaderas de Tierra Tipo EC 14","isPartOf":{"@id":"https:\/\/conexmetals.com\/es\/#website"},"primaryImageOfPage":{"@id":"https:\/\/conexmetals.com\/es\/producto\/abrazaderas-de-tierra-tipo-ec-14\/#primaryimage"},"image":{"@id":"https:\/\/conexmetals.com\/es\/producto\/abrazaderas-de-tierra-tipo-ec-14\/#primaryimage"},"thumbnailUrl":"https:\/\/conexmetals.com\/wp-content\/uploads\/2024\/10\/Abrazaderas-de-Tierra-Tipo-EC-14.png","datePublished":"2023-08-16T08:22:38+00:00","dateModified":"2024-10-18T06:36:23+00:00","description":"Las abrazaderas de tierra EC 14 est\u00e1n dise\u00f1adas para aplicaciones de puesta a tierra y uni\u00f3n, fabricadas seg\u00fan las normas BS 951:1986 (cuando sea aplicable). Estas abrazaderas cuentan con una etiqueta de seguridad conforme a la 15\u00aa edici\u00f3n de los Reglamentos IEE. Cada abrazadera est\u00e1 marcada para indicar los tama\u00f1os de terminales de A a D, acomodando cables de 2,5 mm\u00b2 a 10 mm\u00b2.","breadcrumb":{"@id":"https:\/\/conexmetals.com\/es\/producto\/abrazaderas-de-tierra-tipo-ec-14\/#breadcrumb"},"inLanguage":"es","potentialAction":[{"@type":"ReadAction","target":["https:\/\/conexmetals.com\/es\/producto\/abrazaderas-de-tierra-tipo-ec-14\/"]}]},{"@type":"ImageObject","inLanguage":"es","@id":"https:\/\/conexmetals.com\/es\/producto\/abrazaderas-de-tierra-tipo-ec-14\/#primaryimage","url":"https:\/\/conexmetals.com\/wp-content\/uploads\/2024\/10\/Abrazaderas-de-Tierra-Tipo-EC-14.png","contentUrl":"https:\/\/conexmetals.com\/wp-content\/uploads\/2024\/10\/Abrazaderas-de-Tierra-Tipo-EC-14.png","width":350,"height":350,"caption":"Abrazaderas de Tierra Tipo EC 14"},{"@type":"BreadcrumbList","@id":"https:\/\/conexmetals.com\/es\/producto\/abrazaderas-de-tierra-tipo-ec-14\/#breadcrumb","itemListElement":[{"@type":"ListItem","position":1,"name":"Home","item":"https:\/\/conexmetals.com\/es\/hogar\/"},{"@type":"ListItem","position":2,"name":"Products","item":"https:\/\/conexmetals.com\/products\/"},{"@type":"ListItem","position":3,"name":"Abrazaderas de Tierra Tipo EC 14"}]},{"@type":"WebSite","@id":"https:\/\/conexmetals.com\/es\/#website","url":"https:\/\/conexmetals.com\/es\/","name":"Conex Metals Brass Fittings Brass Parts Copper Parts Brass Components Brass Plumbing Fittings India","description":"Manufacturer of Bronze Fittings casting Copper Brass parts components","publisher":{"@id":"https:\/\/conexmetals.com\/es\/#organization"},"potentialAction":[{"@type":"SearchAction","target":{"@type":"EntryPoint","urlTemplate":"https:\/\/conexmetals.com\/es\/?s={search_term_string}"},"query-input":{"@type":"PropertyValueSpecification","valueRequired":true,"valueName":"search_term_string"}}],"inLanguage":"es"},{"@type":"Organization","@id":"https:\/\/conexmetals.com\/es\/#organization","name":"Conex Metals Brass Fittings Brass Parts Copper Parts Brass Components Brass Plumbing Fittings India","url":"https:\/\/conexmetals.com\/es\/","logo":{"@type":"ImageObject","inLanguage":"es","@id":"https:\/\/conexmetals.com\/es\/#\/schema\/logo\/image\/","url":"https:\/\/conexmetals.com\/wp-content\/uploads\/2024\/03\/conex-metals-logo.webp","contentUrl":"https:\/\/conexmetals.com\/wp-content\/uploads\/2024\/03\/conex-metals-logo.webp","width":300,"height":121,"caption":"Conex Metals Brass Fittings Brass Parts Copper Parts Brass Components Brass Plumbing Fittings India"},"image":{"@id":"https:\/\/conexmetals.com\/es\/#\/schema\/logo\/image\/"},"sameAs":["https:\/\/www.facebook.com\/conexbrass","https:\/\/x.com\/conexindia","https:\/\/www.linkedin.com\/company\/conex-metals-india\/","https:\/\/www.instagram.com\/conexindia\/"]}]}},"_links":{"self":[{"href":"https:\/\/conexmetals.com\/es\/wp-json\/wp\/v2\/product\/11215","targetHints":{"allow":["GET"]}}],"collection":[{"href":"https:\/\/conexmetals.com\/es\/wp-json\/wp\/v2\/product"}],"about":[{"href":"https:\/\/conexmetals.com\/es\/wp-json\/wp\/v2\/types\/product"}],"wp:featuredmedia":[{"embeddable":true,"href":"https:\/\/conexmetals.com\/es\/wp-json\/wp\/v2\/media\/7242"}],"wp:attachment":[{"href":"https:\/\/conexmetals.com\/es\/wp-json\/wp\/v2\/media?parent=11215"}],"wp:term":[{"taxonomy":"product_brand","embeddable":true,"href":"https:\/\/conexmetals.com\/es\/wp-json\/wp\/v2\/product_brand?post=11215"},{"taxonomy":"product_cat","embeddable":true,"href":"https:\/\/conexmetals.com\/es\/wp-json\/wp\/v2\/product_cat?post=11215"},{"taxonomy":"product_tag","embeddable":true,"href":"https:\/\/conexmetals.com\/es\/wp-json\/wp\/v2\/product_tag?post=11215"}],"curies":[{"name":"wp","href":"https:\/\/api.w.org\/{rel}","templated":true}]}}