{"id":11220,"date":"2023-08-16T14:00:00","date_gmt":"2023-08-16T08:30:00","guid":{"rendered":"https:\/\/conexmetals.com\/?post_type=product&#038;p=11220"},"modified":"2024-10-18T12:21:25","modified_gmt":"2024-10-18T06:51:25","slug":"portalamparas-partes-de-iluminacion","status":"publish","type":"product","link":"https:\/\/conexmetals.com\/es\/producto\/portalamparas-partes-de-iluminacion\/","title":{"rendered":"Portal\u00e1mparas &#8211; Partes de Iluminaci\u00f3n"},"content":{"rendered":"","protected":false},"excerpt":{"rendered":"<div class=\"elementor-element elementor-element-672075d elementor-widget__width-initial e-transform elementor-widget-mobile__width-initial elementor-widget elementor-widget-woocommerce-product-images\" data-id=\"672075d\" data-element_type=\"widget\" data-settings=\"{&quot;_transform_scale_effect&quot;:{&quot;unit&quot;:&quot;px&quot;,&quot;size&quot;:1,&quot;sizes&quot;:[]},&quot;_transform_scale_effect_tablet&quot;:{&quot;unit&quot;:&quot;px&quot;,&quot;size&quot;:&quot;&quot;,&quot;sizes&quot;:[]},&quot;_transform_scale_effect_mobile&quot;:{&quot;unit&quot;:&quot;px&quot;,&quot;size&quot;:&quot;&quot;,&quot;sizes&quot;:[]}}\" data-widget_type=\"woocommerce-product-images.default\">\n<div class=\"elementor-widget-container\">\n<div class=\"woocommerce-product-gallery woocommerce-product-gallery--with-images woocommerce-product-gallery--columns-4 images\" data-columns=\"4\">\n<div class=\"woocommerce-product-gallery__wrapper\">\n<div class=\"woocommerce-product-gallery__image\" data-thumb=\"https:\/\/conexmetals.com\/wp-content\/uploads\/2023\/08\/Lamp-Holders-Lighting-Parts-And-Accessories-100x100.png\" data-thumb-alt=\"Lamp Holders Lighting Parts And Accessories\" data-thumb-srcset=\"https:\/\/conexmetals.com\/wp-content\/uploads\/2023\/08\/Lamp-Holders-Lighting-Parts-And-Accessories-100x100.png 100w, https:\/\/conexmetals.com\/wp-content\/uploads\/2023\/08\/Lamp-Holders-Lighting-Parts-And-Accessories-300x300.png 300w, https:\/\/conexmetals.com\/wp-content\/uploads\/2023\/08\/Lamp-Holders-Lighting-Parts-And-Accessories-150x150.png 150w, https:\/\/conexmetals.com\/wp-content\/uploads\/2023\/08\/Lamp-Holders-Lighting-Parts-And-Accessories.png 350w\"><\/div>\n<\/div>\n<\/div>\n<\/div>\n<\/div>\n<div class=\"elementor-element elementor-element-36d2ab8 elementor-widget elementor-widget-woocommerce-product-short-description\" data-id=\"36d2ab8\" data-element_type=\"widget\" data-widget_type=\"woocommerce-product-short-description.default\">\n<div class=\"elementor-widget-container\">\n<div class=\"woocommerce-product-details__short-description\">\n<p><span>Los portal\u00e1mparas, tambi\u00e9n conocidos como casquillos para bombillas o portal\u00e1mparas, son componentes esenciales de la iluminaci\u00f3n que proporcionan una conexi\u00f3n segura entre la bombilla y el circuito el\u00e9ctrico. Se utilizan para sostener y mantener la bombilla en su lugar al tiempo que permiten el contacto el\u00e9ctrico para alimentarla. Los portal\u00e1mparas vienen en varios tipos y configuraciones, dise\u00f1ados para adaptarse a diferentes tipos de bombillas y artefactos de iluminaci\u00f3n espec\u00edficos.<\/span><\/p>\n<p><span>Algunos tipos comunes de portal\u00e1mparas incluyen:<\/span><\/p>\n<ol>\n<li><strong><span>Portal\u00e1mparas de rosca Edison (E26\/E27)<\/span><\/strong><span>\u00a0: son uno de los portal\u00e1mparas m\u00e1s utilizados y est\u00e1n dise\u00f1ados para bombillas incandescentes, LED y fluorescentes compactas est\u00e1ndar. Tienen una base atornillada y se encuentran com\u00fanmente en l\u00e1mparas de mesa, luminarias de techo y muchas otras aplicaciones de iluminaci\u00f3n.<\/span><\/li>\n<li><strong><span>Portal\u00e1mparas con casquillo de bayoneta (B22)<\/span><\/strong><span>\u00a0: Los portal\u00e1mparas con casquillo de bayoneta cuentan con un mecanismo de presi\u00f3n y giro para fijar la bombilla en su lugar. Se utilizan com\u00fanmente en el Reino Unido y otras regiones y son compatibles con las bombillas con casquillo de bayoneta.<\/span><\/li>\n<li><strong><span>Portal\u00e1mparas GU10<\/span><\/strong><span>\u00a0: Los portal\u00e1mparas GU10 est\u00e1n dise\u00f1ados espec\u00edficamente para bombillas con base GU10, que se utilizan com\u00fanmente en iluminaci\u00f3n de riel, focos y luces empotradas.<\/span><\/li>\n<li><strong><span>Portal\u00e1mparas G9<\/span><\/strong><span>\u00a0: Los portal\u00e1mparas G9 se utilizan para bombillas con base G9, que a menudo se encuentran en accesorios m\u00e1s peque\u00f1os y compactos, como apliques de pared y candelabros.<\/span><\/li>\n<li><strong><span>Portal\u00e1mparas de dos pines (G4\/G5.3\/G8\/GY6.35)<\/span><\/strong><span>\u00a0: Los portal\u00e1mparas de dos pines se utilizan para diversas bombillas hal\u00f3genas o LED peque\u00f1as con dos pines, como G4, G5.3, G8 y GY6.35.<\/span><\/li>\n<li><strong><span>Portal\u00e1mparas fluorescentes (T8\/T5\/T12)<\/span><\/strong><span>\u00a0: Son portal\u00e1mparas dise\u00f1ados espec\u00edficamente para tubos fluorescentes de varios di\u00e1metros, como T8, T5 y T12.<\/span><\/li>\n<li><strong><span>Portal\u00e1mparas tipo candelabro (E12)<\/span><\/strong><span>\u00a0: Los portal\u00e1mparas tipo candelabro se utilizan para bombillas de base peque\u00f1a como las que se encuentran en candelabros y artefactos de iluminaci\u00f3n decorativos.<\/span><\/li>\n<\/ol>\n<p><span>Los portal\u00e1mparas suelen estar fabricados con materiales que pueden soportar el calor generado por la bombilla, como porcelana, pl\u00e1stico o materiales termopl\u00e1sticos. Algunos portal\u00e1mparas tambi\u00e9n tienen caracter\u00edsticas adicionales, como interruptores de encendido y apagado o funciones de regulaci\u00f3n de intensidad.<\/span><\/p>\n<p><span>Disponible una amplia gama de portal\u00e1mparas Portal\u00e1mparas de cer\u00e1mica de lat\u00f3n Piezas de l\u00e1mpara Componentes de l\u00e1mpara Piezas de l\u00e1mpara de lat\u00f3n Accesorios de iluminaci\u00f3n de lat\u00f3n Componentes de iluminaci\u00f3n Componentes de l\u00e1mpara y accesorios de portal\u00e1mparas en diferentes roscas como remates de lat\u00f3n tuercas de seguridad anillos, portal\u00e1mparas, acopladores, ganchos macho hembra conectores placa de gancho de techo, casquillo, reductores, boquillas de trompeta, boquillas de placa de madera, tuercas hexagonales, tuercas redondas, anillos, tuercas de anillo, tuercas de anillo escalonadas, tuercas de anillo biselado, arandelas, tuercas de soldadura fuerte, arandelas de seguridad dentadas, arandelas lisas, bolas de 2 v\u00edas, adaptador de brazo, junta articulada de lat\u00f3n, juntas giratorias, junta macho a hembra, placas de techo clips tubos curvos tubos rectos, espaciadores, Todas las roscas,<\/span><\/p>\n<p>&nbsp;<\/p>\n<p><strong><span>Hilo<\/span><\/strong><\/p>\n<p><span>M10 x 1 m\u00e9trico, M13 x 1, 1\/2\u2033, 3\/8\u2033, 5\/8\u2033 x 26 TPI<\/span><\/p>\n<p>&nbsp;<\/p>\n<p><span>Portal\u00e1mparas especiales Portal\u00e1mparas cer\u00e1mico de lat\u00f3n Piezas de l\u00e1mparas Componentes de l\u00e1mparas Accesorios de l\u00e1mparas de lat\u00f3n Componentes Componentes de lat\u00f3n Componentes de iluminaci\u00f3n Piezas de iluminaci\u00f3n de lat\u00f3n Componentes de iluminaci\u00f3n de lat\u00f3n Portal\u00e1mparas Piezas de l\u00e1mparas Portal\u00e1mparas el\u00e9ctricos Accesorios de iluminaci\u00f3n<\/span><\/p>\n<p><span>Estaremos encantados de desarrollar componentes de lat\u00f3n no est\u00e1ndar, tuercas, tornillos, esp\u00e1rragos, fijaciones, tornillos para madera, tornillos para m\u00e1quinas y sujetadores seg\u00fan requisitos espec\u00edficos.<\/span><\/p>\n<p><strong><span>Materiales<\/span><\/strong><\/p>\n<p><span>Lat\u00f3n seg\u00fan BS 2874 \/ 2872<\/span><\/p>\n<p><strong><span>Finalizar<\/span><\/strong><\/p>\n<p><span>Lat\u00f3n natural, electroesta\u00f1ado, niquelado, etc.<\/span><\/p>\n<p><strong><span>Trapos<\/span><\/strong><\/p>\n<p><span>ISO M\u00e9trico, BSW, BA, BSF, UNC, UNF UNEF, etc.<\/span><\/p>\n<p>&nbsp;<\/p>\n<p><strong><span>Trapos<\/span><\/strong><\/p>\n<p><span>2 mm, 3 mm, 4 mm, 5 mm, 6 mm, 8 mm, 10 mm, 12 mm, 16 mm, 20 mm, 25 mm, 32 mm<\/span><\/p>\n<p><span>1\/8\u2033 5\/32\u2033 3\/16\u2033 1\/4\u2033 5\/16\u2033 3\/8\u2033 1\/2\u2033 5\/8\u2033 3\/4\u2033 1\u2033 11\/8\u2033 11\/4\u2033 11\/2\u2033 13\/4\u2033 2\u2033<\/span><\/p>\n<\/div>\n<\/div>\n<\/div>\n","protected":false},"featured_media":0,"template":"","meta":[],"product_brand":[],"product_cat":[391],"product_tag":[],"class_list":{"0":"post-11220","1":"product","2":"type-product","3":"status-publish","5":"product_cat-accesorios-electricos","7":"first","8":"instock","9":"shipping-taxable","10":"product-type-simple"},"yoast_head":"<!-- This site is optimized with the Yoast SEO plugin v27.3 - https:\/\/yoast.com\/product\/yoast-seo-wordpress\/ -->\n<title>Portal\u00e1mparas - Partes de Iluminaci\u00f3n<\/title>\n<meta name=\"description\" content=\"Conex ofrece una amplia gama de porta l\u00e1mparas de lat\u00f3n y cer\u00e1mica junto con componentes de iluminaci\u00f3n, como terminales, tuercas de seguridad, anillos, acopladores, ganchos, conectores, placas de gancho para techo, reductores y varios tipos de tuercas y arandelas. Estos componentes de precisi\u00f3n est\u00e1n dise\u00f1ados para satisfacer todas sus necesidades de iluminaci\u00f3n.\" \/>\n<meta name=\"robots\" content=\"index, follow, max-snippet:-1, max-image-preview:large, max-video-preview:-1\" \/>\n<link rel=\"canonical\" href=\"https:\/\/conexmetals.com\/es\/producto\/portalamparas-partes-de-iluminacion\/\" \/>\n<script type=\"application\/ld+json\" class=\"yoast-schema-graph\">{\"@context\":\"https:\\\/\\\/schema.org\",\"@graph\":[{\"@type\":\"WebPage\",\"@id\":\"https:\\\/\\\/conexmetals.com\\\/es\\\/producto\\\/portalamparas-partes-de-iluminacion\\\/\",\"url\":\"https:\\\/\\\/conexmetals.com\\\/es\\\/producto\\\/portalamparas-partes-de-iluminacion\\\/\",\"name\":\"Portal\u00e1mparas - Partes de Iluminaci\u00f3n\",\"isPartOf\":{\"@id\":\"https:\\\/\\\/conexmetals.com\\\/es\\\/#website\"},\"datePublished\":\"2023-08-16T08:30:00+00:00\",\"dateModified\":\"2024-10-18T06:51:25+00:00\",\"description\":\"Conex ofrece una amplia gama de porta l\u00e1mparas de lat\u00f3n y cer\u00e1mica junto con componentes de iluminaci\u00f3n, como terminales, tuercas de seguridad, anillos, acopladores, ganchos, conectores, placas de gancho para techo, reductores y varios tipos de tuercas y arandelas. Estos componentes de precisi\u00f3n est\u00e1n dise\u00f1ados para satisfacer todas sus necesidades de iluminaci\u00f3n.\",\"breadcrumb\":{\"@id\":\"https:\\\/\\\/conexmetals.com\\\/es\\\/producto\\\/portalamparas-partes-de-iluminacion\\\/#breadcrumb\"},\"inLanguage\":\"es\",\"potentialAction\":[{\"@type\":\"ReadAction\",\"target\":[\"https:\\\/\\\/conexmetals.com\\\/es\\\/producto\\\/portalamparas-partes-de-iluminacion\\\/\"]}]},{\"@type\":\"BreadcrumbList\",\"@id\":\"https:\\\/\\\/conexmetals.com\\\/es\\\/producto\\\/portalamparas-partes-de-iluminacion\\\/#breadcrumb\",\"itemListElement\":[{\"@type\":\"ListItem\",\"position\":1,\"name\":\"Home\",\"item\":\"https:\\\/\\\/conexmetals.com\\\/es\\\/hogar\\\/\"},{\"@type\":\"ListItem\",\"position\":2,\"name\":\"Products\",\"item\":\"https:\\\/\\\/conexmetals.com\\\/products\\\/\"},{\"@type\":\"ListItem\",\"position\":3,\"name\":\"Portal\u00e1mparas &#8211; Partes de Iluminaci\u00f3n\"}]},{\"@type\":\"WebSite\",\"@id\":\"https:\\\/\\\/conexmetals.com\\\/es\\\/#website\",\"url\":\"https:\\\/\\\/conexmetals.com\\\/es\\\/\",\"name\":\"Conex Metals Brass Fittings Brass Parts Copper Parts Brass Components Brass Plumbing Fittings India\",\"description\":\"Manufacturer of Bronze Fittings casting Copper Brass parts components\",\"publisher\":{\"@id\":\"https:\\\/\\\/conexmetals.com\\\/es\\\/#organization\"},\"potentialAction\":[{\"@type\":\"SearchAction\",\"target\":{\"@type\":\"EntryPoint\",\"urlTemplate\":\"https:\\\/\\\/conexmetals.com\\\/es\\\/?s={search_term_string}\"},\"query-input\":{\"@type\":\"PropertyValueSpecification\",\"valueRequired\":true,\"valueName\":\"search_term_string\"}}],\"inLanguage\":\"es\"},{\"@type\":\"Organization\",\"@id\":\"https:\\\/\\\/conexmetals.com\\\/es\\\/#organization\",\"name\":\"Conex Metals Brass Fittings Brass Parts Copper Parts Brass Components Brass Plumbing Fittings India\",\"url\":\"https:\\\/\\\/conexmetals.com\\\/es\\\/\",\"logo\":{\"@type\":\"ImageObject\",\"inLanguage\":\"es\",\"@id\":\"https:\\\/\\\/conexmetals.com\\\/es\\\/#\\\/schema\\\/logo\\\/image\\\/\",\"url\":\"https:\\\/\\\/conexmetals.com\\\/wp-content\\\/uploads\\\/2024\\\/03\\\/conex-metals-logo.webp\",\"contentUrl\":\"https:\\\/\\\/conexmetals.com\\\/wp-content\\\/uploads\\\/2024\\\/03\\\/conex-metals-logo.webp\",\"width\":300,\"height\":121,\"caption\":\"Conex Metals Brass Fittings Brass Parts Copper Parts Brass Components Brass Plumbing Fittings India\"},\"image\":{\"@id\":\"https:\\\/\\\/conexmetals.com\\\/es\\\/#\\\/schema\\\/logo\\\/image\\\/\"},\"sameAs\":[\"https:\\\/\\\/www.facebook.com\\\/conexbrass\",\"https:\\\/\\\/x.com\\\/conexindia\",\"https:\\\/\\\/www.linkedin.com\\\/company\\\/conex-metals-india\\\/\",\"https:\\\/\\\/www.instagram.com\\\/conexindia\\\/\"]}]}<\/script>\n<!-- \/ Yoast SEO plugin. -->","yoast_head_json":{"title":"Portal\u00e1mparas - Partes de Iluminaci\u00f3n","description":"Conex ofrece una amplia gama de porta l\u00e1mparas de lat\u00f3n y cer\u00e1mica junto con componentes de iluminaci\u00f3n, como terminales, tuercas de seguridad, anillos, acopladores, ganchos, conectores, placas de gancho para techo, reductores y varios tipos de tuercas y arandelas. Estos componentes de precisi\u00f3n est\u00e1n dise\u00f1ados para satisfacer todas sus necesidades de iluminaci\u00f3n.","robots":{"index":"index","follow":"follow","max-snippet":"max-snippet:-1","max-image-preview":"max-image-preview:large","max-video-preview":"max-video-preview:-1"},"canonical":"https:\/\/conexmetals.com\/es\/producto\/portalamparas-partes-de-iluminacion\/","schema":{"@context":"https:\/\/schema.org","@graph":[{"@type":"WebPage","@id":"https:\/\/conexmetals.com\/es\/producto\/portalamparas-partes-de-iluminacion\/","url":"https:\/\/conexmetals.com\/es\/producto\/portalamparas-partes-de-iluminacion\/","name":"Portal\u00e1mparas - Partes de Iluminaci\u00f3n","isPartOf":{"@id":"https:\/\/conexmetals.com\/es\/#website"},"datePublished":"2023-08-16T08:30:00+00:00","dateModified":"2024-10-18T06:51:25+00:00","description":"Conex ofrece una amplia gama de porta l\u00e1mparas de lat\u00f3n y cer\u00e1mica junto con componentes de iluminaci\u00f3n, como terminales, tuercas de seguridad, anillos, acopladores, ganchos, conectores, placas de gancho para techo, reductores y varios tipos de tuercas y arandelas. Estos componentes de precisi\u00f3n est\u00e1n dise\u00f1ados para satisfacer todas sus necesidades de iluminaci\u00f3n.","breadcrumb":{"@id":"https:\/\/conexmetals.com\/es\/producto\/portalamparas-partes-de-iluminacion\/#breadcrumb"},"inLanguage":"es","potentialAction":[{"@type":"ReadAction","target":["https:\/\/conexmetals.com\/es\/producto\/portalamparas-partes-de-iluminacion\/"]}]},{"@type":"BreadcrumbList","@id":"https:\/\/conexmetals.com\/es\/producto\/portalamparas-partes-de-iluminacion\/#breadcrumb","itemListElement":[{"@type":"ListItem","position":1,"name":"Home","item":"https:\/\/conexmetals.com\/es\/hogar\/"},{"@type":"ListItem","position":2,"name":"Products","item":"https:\/\/conexmetals.com\/products\/"},{"@type":"ListItem","position":3,"name":"Portal\u00e1mparas &#8211; Partes de Iluminaci\u00f3n"}]},{"@type":"WebSite","@id":"https:\/\/conexmetals.com\/es\/#website","url":"https:\/\/conexmetals.com\/es\/","name":"Conex Metals Brass Fittings Brass Parts Copper Parts Brass Components Brass Plumbing Fittings India","description":"Manufacturer of Bronze Fittings casting Copper Brass parts components","publisher":{"@id":"https:\/\/conexmetals.com\/es\/#organization"},"potentialAction":[{"@type":"SearchAction","target":{"@type":"EntryPoint","urlTemplate":"https:\/\/conexmetals.com\/es\/?s={search_term_string}"},"query-input":{"@type":"PropertyValueSpecification","valueRequired":true,"valueName":"search_term_string"}}],"inLanguage":"es"},{"@type":"Organization","@id":"https:\/\/conexmetals.com\/es\/#organization","name":"Conex Metals Brass Fittings Brass Parts Copper Parts Brass Components Brass Plumbing Fittings India","url":"https:\/\/conexmetals.com\/es\/","logo":{"@type":"ImageObject","inLanguage":"es","@id":"https:\/\/conexmetals.com\/es\/#\/schema\/logo\/image\/","url":"https:\/\/conexmetals.com\/wp-content\/uploads\/2024\/03\/conex-metals-logo.webp","contentUrl":"https:\/\/conexmetals.com\/wp-content\/uploads\/2024\/03\/conex-metals-logo.webp","width":300,"height":121,"caption":"Conex Metals Brass Fittings Brass Parts Copper Parts Brass Components Brass Plumbing Fittings India"},"image":{"@id":"https:\/\/conexmetals.com\/es\/#\/schema\/logo\/image\/"},"sameAs":["https:\/\/www.facebook.com\/conexbrass","https:\/\/x.com\/conexindia","https:\/\/www.linkedin.com\/company\/conex-metals-india\/","https:\/\/www.instagram.com\/conexindia\/"]}]}},"_links":{"self":[{"href":"https:\/\/conexmetals.com\/es\/wp-json\/wp\/v2\/product\/11220","targetHints":{"allow":["GET"]}}],"collection":[{"href":"https:\/\/conexmetals.com\/es\/wp-json\/wp\/v2\/product"}],"about":[{"href":"https:\/\/conexmetals.com\/es\/wp-json\/wp\/v2\/types\/product"}],"wp:attachment":[{"href":"https:\/\/conexmetals.com\/es\/wp-json\/wp\/v2\/media?parent=11220"}],"wp:term":[{"taxonomy":"product_brand","embeddable":true,"href":"https:\/\/conexmetals.com\/es\/wp-json\/wp\/v2\/product_brand?post=11220"},{"taxonomy":"product_cat","embeddable":true,"href":"https:\/\/conexmetals.com\/es\/wp-json\/wp\/v2\/product_cat?post=11220"},{"taxonomy":"product_tag","embeddable":true,"href":"https:\/\/conexmetals.com\/es\/wp-json\/wp\/v2\/product_tag?post=11220"}],"curies":[{"name":"wp","href":"https:\/\/api.w.org\/{rel}","templated":true}]}}