{"id":11252,"date":"2023-08-16T12:41:34","date_gmt":"2023-08-16T07:11:34","guid":{"rendered":"https:\/\/conexmetals.com\/?post_type=product&#038;p=11252"},"modified":"2024-10-19T14:36:27","modified_gmt":"2024-10-19T09:06:27","slug":"terminales-de-contacto-de-laton","status":"publish","type":"product","link":"https:\/\/conexmetals.com\/es\/producto\/terminales-de-contacto-de-laton\/","title":{"rendered":"Terminales de Contacto de Lat\u00f3n"},"content":{"rendered":"","protected":false},"excerpt":{"rendered":"<div class=\"elementor-element elementor-element-672075d elementor-widget__width-initial e-transform elementor-widget-mobile__width-initial elementor-widget elementor-widget-woocommerce-product-images\" data-id=\"672075d\" data-element_type=\"widget\" data-settings=\"{&quot;_transform_scale_effect&quot;:{&quot;unit&quot;:&quot;px&quot;,&quot;size&quot;:1,&quot;sizes&quot;:[]},&quot;_transform_scale_effect_tablet&quot;:{&quot;unit&quot;:&quot;px&quot;,&quot;size&quot;:&quot;&quot;,&quot;sizes&quot;:[]},&quot;_transform_scale_effect_mobile&quot;:{&quot;unit&quot;:&quot;px&quot;,&quot;size&quot;:&quot;&quot;,&quot;sizes&quot;:[]}}\" data-widget_type=\"woocommerce-product-images.default\">\n<div class=\"elementor-widget-container\">\n<div class=\"woocommerce-product-gallery woocommerce-product-gallery--with-images woocommerce-product-gallery--columns-4 images\" data-columns=\"4\">\n<div class=\"woocommerce-product-gallery__wrapper\">\n<div class=\"woocommerce-product-gallery__image\" data-thumb=\"https:\/\/conexmetals.com\/wp-content\/uploads\/2023\/12\/Brass-Terminals-Contacts-100x100.png\" data-thumb-alt=\"Brass Contact Terminals\" data-thumb-srcset=\"https:\/\/conexmetals.com\/wp-content\/uploads\/2023\/12\/Brass-Terminals-Contacts-100x100.png 100w, https:\/\/conexmetals.com\/wp-content\/uploads\/2023\/12\/Brass-Terminals-Contacts-300x300.png 300w, https:\/\/conexmetals.com\/wp-content\/uploads\/2023\/12\/Brass-Terminals-Contacts-150x150.png 150w, https:\/\/conexmetals.com\/wp-content\/uploads\/2023\/12\/Brass-Terminals-Contacts.png 350w\"><\/div>\n<\/div>\n<\/div>\n<\/div>\n<\/div>\n<div class=\"elementor-element elementor-element-36d2ab8 elementor-widget elementor-widget-woocommerce-product-short-description\" data-id=\"36d2ab8\" data-element_type=\"widget\" data-widget_type=\"woocommerce-product-short-description.default\">\n<div class=\"elementor-widget-container\">\n<div class=\"woocommerce-product-details__short-description\">\n<p><span>En Conex Metals, nos especializamos en proporcionar terminales de contacto de lat\u00f3n de alta calidad, tambi\u00e9n conocidos como contactos el\u00e9ctricos de lat\u00f3n o conectores de lat\u00f3n. Estos componentes son esenciales en los dispositivos y equipos el\u00e9ctricos, ya que facilitan conexiones el\u00e9ctricas seguras y confiables con otros componentes o conductores. El lat\u00f3n, conocido por su conductividad el\u00e9ctrica superior, resistencia a la corrosi\u00f3n y resistencia mec\u00e1nica, hace que nuestros terminales de contacto sean una opci\u00f3n confiable para diversas aplicaciones.<\/span><\/p>\n<p><span>Nuestros terminales de contacto de lat\u00f3n vienen en varios dise\u00f1os adaptados a aplicaciones espec\u00edficas, lo que garantiza que cumplan con las demandas \u00fanicas de diferentes dispositivos el\u00e9ctricos.<\/span><\/p>\n<p><strong><span>Tipos de terminales de contacto de lat\u00f3n<\/span><\/strong><span>\u00a0:<\/span><\/p>\n<ul>\n<li><strong><span>Contactos de clavija<\/span><\/strong><span>\u00a0: son terminales cil\u00edndricos con una protuberancia similar a una clavija en un extremo, que se utilizan com\u00fanmente en conectores y enchufes. Garantizan conexiones confiables cuando se insertan en los enchufes o recept\u00e1culos correspondientes.<\/span><\/li>\n<li><strong><span>Contactos de enchufe<\/span><\/strong><span>\u00a0: dise\u00f1ados para aceptar contactos de clavija, estos terminales proporcionan la parte hembra de una conexi\u00f3n el\u00e9ctrica en conectores y recept\u00e1culos.<\/span><\/li>\n<li><strong><span>Terminales de anillo<\/span><\/strong><span>\u00a0: tambi\u00e9n conocidos como terminales de anillo o conectores de anillo, estos terminales tienen un extremo circular que se puede engarzar o atornillar a un cable o alambre, y el otro extremo tiene un orificio para sujetarlo a un perno o bloque de terminales.<\/span><\/li>\n<\/ul>\n<p>&nbsp;<\/p>\n<p><strong><span>Especificaciones del material<\/span><\/strong><span>\u00a0:<\/span><\/p>\n<ul>\n<li><span>Lat\u00f3n de alta calidad de f\u00e1cil mecanizaci\u00f3n<\/span><\/li>\n<li><span>Aleaciones de lat\u00f3n: CuZn39Pb3, CuZn39Pb2, CuZn38Pb1.5, CuZn37Pb2, CuZn40Pb2, MS 58, BS2874, IS 319 (Tipo I y II)<\/span><\/li>\n<li><span>Normas ASTM: C35300, C35330 DZR, C36000 (CDA 360), C36500, C37000, C37100, C37700, C37710, C38500<\/span><\/li>\n<li><span>Normas BS: CZ121, CZ122, CZ124, CZ128, CZ131, CZ132<\/span><\/li>\n<li><span>Normas EN: CW602N, CW603N, CW606N, CW608N, CW612N, CW614N, CW617N<\/span><\/li>\n<li><span>Normas JIS: C3601, C3602, C3603, C3604, C3605, C3712, C3771<\/span><\/li>\n<li><span>Composiciones de materiales de lat\u00f3n personalizados est\u00e1n disponibles a pedido.<\/span><\/li>\n<\/ul>\n<p>&nbsp;<\/p>\n<p><strong><span>Gama de productos<\/span><\/strong><span>\u00a0:<\/span><\/p>\n<ul>\n<li><span>Terminales de contacto de lat\u00f3n disponibles en varias configuraciones, dise\u00f1ados para adaptarse a dispositivos y aplicaciones el\u00e9ctricas espec\u00edficas.<\/span><\/li>\n<li><span>Disponemos de tama\u00f1os est\u00e1ndar y personalizados para satisfacer diversas necesidades industriales.<\/span><\/li>\n<\/ul>\n<p>&nbsp;<\/p>\n<p><strong><span>Especificaciones del hilo<\/span><\/strong><span>\u00a0:<\/span><\/p>\n<ul>\n<li><span>Los tipos de rosca disponibles incluyen ISO M\u00e9trica (MM), BA, BSW, BSP, BSPT, BSF, BSB, UNC, UNF, UNEF, NPT, NPS y cualquier otra rosca especificada seg\u00fan los requisitos del cliente.<\/span><\/li>\n<\/ul>\n<p>&nbsp;<\/p>\n<p><strong><span>Accesorios<\/span><\/strong><span>\u00a0:<\/span><\/p>\n<ul>\n<li><span>Ofrecemos una gama completa de accesorios, incluidos tornillos (lat\u00f3n\/acero), arandelas, tuercas y placas de conexi\u00f3n, as\u00ed como componentes de pl\u00e1stico y caucho, lo que garantiza un montaje completo seg\u00fan las especificaciones del cliente.<\/span><\/li>\n<\/ul>\n<p>&nbsp;<\/p>\n<p><strong><span>Aplicaciones<\/span><\/strong><span>\u00a0:<\/span><\/p>\n<ul>\n<li><strong><span>Conectores y enchufes el\u00e9ctricos<\/span><\/strong><span>\u00a0: se utilizan en electrodom\u00e9sticos, productos electr\u00f3nicos y equipos industriales y proporcionan conexiones seguras.<\/span><\/li>\n<li><strong><span>Bloques de terminales<\/span><\/strong><span>\u00a0: se utilizan en paneles el\u00e9ctricos para conectar y distribuir conductores el\u00e9ctricos.<\/span><\/li>\n<li><strong><span>Interruptores y disyuntores<\/span><\/strong><span>\u00a0: Los contactos de lat\u00f3n permiten la apertura y el cierre confiables de circuitos el\u00e9ctricos, minimizando la acumulaci\u00f3n de calor.<\/span><\/li>\n<\/ul>\n<p>&nbsp;<\/p>\n<p><strong><span>Opciones de acabado y revestimiento<\/span><\/strong><span>\u00a0:<\/span><\/p>\n<ul>\n<li><span>Nuestros terminales de contacto de lat\u00f3n pueden tener acabado natural limpio, niquelado, esta\u00f1ado electrol\u00edtico, plateado, cobreado, galvanizado, cromado o cualquier otro acabado de superficie especificado.<\/span><\/li>\n<\/ul>\n<p>&nbsp;<\/p>\n<p><span>Conex Metals se compromete a ofrecer terminales de contacto de lat\u00f3n de primera calidad que cumplan con los est\u00e1ndares m\u00e1s altos de la industria. Comun\u00edquese con nosotros para obtener una cotizaci\u00f3n r\u00e1pida o para analizar sus requisitos espec\u00edficos.<\/span><\/p>\n<\/div>\n<\/div>\n<\/div>\n","protected":false},"featured_media":7977,"template":"","meta":[],"product_brand":[],"product_cat":[411],"product_tag":[],"class_list":{"0":"post-11252","1":"product","2":"type-product","3":"status-publish","4":"has-post-thumbnail","6":"product_cat-accesorios-para-tableros-electricos","8":"first","9":"instock","10":"shipping-taxable","11":"product-type-simple"},"yoast_head":"<!-- This site is optimized with the Yoast SEO plugin v27.3 - https:\/\/yoast.com\/product\/yoast-seo-wordpress\/ -->\n<title>Terminales de Contacto de Lat\u00f3n<\/title>\n<meta name=\"description\" content=\"Conex es un fabricante y exportador l\u00edder de terminales de contacto de lat\u00f3n y contactos el\u00e9ctricos. Nuestra gama de productos incluye conectores de lat\u00f3n, accesorios de tubo, accesorios en T, accesorios de manguera y fittings especializados como conectores r\u00e1pidos y accesorios de propano. Nuestros terminales y accesorios de lat\u00f3n de alta calidad garantizan conexiones fiables en diversas aplicaciones industriales y dom\u00e9sticas.\" \/>\n<meta name=\"robots\" content=\"index, follow, max-snippet:-1, max-image-preview:large, max-video-preview:-1\" \/>\n<link rel=\"canonical\" href=\"https:\/\/conexmetals.com\/es\/producto\/terminales-de-contacto-de-laton\/\" \/>\n<script type=\"application\/ld+json\" class=\"yoast-schema-graph\">{\"@context\":\"https:\\\/\\\/schema.org\",\"@graph\":[{\"@type\":\"WebPage\",\"@id\":\"https:\\\/\\\/conexmetals.com\\\/es\\\/producto\\\/terminales-de-contacto-de-laton\\\/\",\"url\":\"https:\\\/\\\/conexmetals.com\\\/es\\\/producto\\\/terminales-de-contacto-de-laton\\\/\",\"name\":\"Terminales de Contacto de Lat\u00f3n\",\"isPartOf\":{\"@id\":\"https:\\\/\\\/conexmetals.com\\\/es\\\/#website\"},\"primaryImageOfPage\":{\"@id\":\"https:\\\/\\\/conexmetals.com\\\/es\\\/producto\\\/terminales-de-contacto-de-laton\\\/#primaryimage\"},\"image\":{\"@id\":\"https:\\\/\\\/conexmetals.com\\\/es\\\/producto\\\/terminales-de-contacto-de-laton\\\/#primaryimage\"},\"thumbnailUrl\":\"https:\\\/\\\/conexmetals.com\\\/wp-content\\\/uploads\\\/2024\\\/10\\\/Terminales-de-Contacto-de-Laton.png\",\"datePublished\":\"2023-08-16T07:11:34+00:00\",\"dateModified\":\"2024-10-19T09:06:27+00:00\",\"description\":\"Conex es un fabricante y exportador l\u00edder de terminales de contacto de lat\u00f3n y contactos el\u00e9ctricos. Nuestra gama de productos incluye conectores de lat\u00f3n, accesorios de tubo, accesorios en T, accesorios de manguera y fittings especializados como conectores r\u00e1pidos y accesorios de propano. Nuestros terminales y accesorios de lat\u00f3n de alta calidad garantizan conexiones fiables en diversas aplicaciones industriales y dom\u00e9sticas.\",\"breadcrumb\":{\"@id\":\"https:\\\/\\\/conexmetals.com\\\/es\\\/producto\\\/terminales-de-contacto-de-laton\\\/#breadcrumb\"},\"inLanguage\":\"es\",\"potentialAction\":[{\"@type\":\"ReadAction\",\"target\":[\"https:\\\/\\\/conexmetals.com\\\/es\\\/producto\\\/terminales-de-contacto-de-laton\\\/\"]}]},{\"@type\":\"ImageObject\",\"inLanguage\":\"es\",\"@id\":\"https:\\\/\\\/conexmetals.com\\\/es\\\/producto\\\/terminales-de-contacto-de-laton\\\/#primaryimage\",\"url\":\"https:\\\/\\\/conexmetals.com\\\/wp-content\\\/uploads\\\/2024\\\/10\\\/Terminales-de-Contacto-de-Laton.png\",\"contentUrl\":\"https:\\\/\\\/conexmetals.com\\\/wp-content\\\/uploads\\\/2024\\\/10\\\/Terminales-de-Contacto-de-Laton.png\",\"width\":350,\"height\":350,\"caption\":\"Terminales de Contacto de Lat\u00f3n\"},{\"@type\":\"BreadcrumbList\",\"@id\":\"https:\\\/\\\/conexmetals.com\\\/es\\\/producto\\\/terminales-de-contacto-de-laton\\\/#breadcrumb\",\"itemListElement\":[{\"@type\":\"ListItem\",\"position\":1,\"name\":\"Home\",\"item\":\"https:\\\/\\\/conexmetals.com\\\/es\\\/hogar\\\/\"},{\"@type\":\"ListItem\",\"position\":2,\"name\":\"Products\",\"item\":\"https:\\\/\\\/conexmetals.com\\\/products\\\/\"},{\"@type\":\"ListItem\",\"position\":3,\"name\":\"Terminales de Contacto de Lat\u00f3n\"}]},{\"@type\":\"WebSite\",\"@id\":\"https:\\\/\\\/conexmetals.com\\\/es\\\/#website\",\"url\":\"https:\\\/\\\/conexmetals.com\\\/es\\\/\",\"name\":\"Conex Metals Brass Fittings Brass Parts Copper Parts Brass Components Brass Plumbing Fittings India\",\"description\":\"Manufacturer of Bronze Fittings casting Copper Brass parts components\",\"publisher\":{\"@id\":\"https:\\\/\\\/conexmetals.com\\\/es\\\/#organization\"},\"potentialAction\":[{\"@type\":\"SearchAction\",\"target\":{\"@type\":\"EntryPoint\",\"urlTemplate\":\"https:\\\/\\\/conexmetals.com\\\/es\\\/?s={search_term_string}\"},\"query-input\":{\"@type\":\"PropertyValueSpecification\",\"valueRequired\":true,\"valueName\":\"search_term_string\"}}],\"inLanguage\":\"es\"},{\"@type\":\"Organization\",\"@id\":\"https:\\\/\\\/conexmetals.com\\\/es\\\/#organization\",\"name\":\"Conex Metals Brass Fittings Brass Parts Copper Parts Brass Components Brass Plumbing Fittings India\",\"url\":\"https:\\\/\\\/conexmetals.com\\\/es\\\/\",\"logo\":{\"@type\":\"ImageObject\",\"inLanguage\":\"es\",\"@id\":\"https:\\\/\\\/conexmetals.com\\\/es\\\/#\\\/schema\\\/logo\\\/image\\\/\",\"url\":\"https:\\\/\\\/conexmetals.com\\\/wp-content\\\/uploads\\\/2024\\\/03\\\/conex-metals-logo.webp\",\"contentUrl\":\"https:\\\/\\\/conexmetals.com\\\/wp-content\\\/uploads\\\/2024\\\/03\\\/conex-metals-logo.webp\",\"width\":300,\"height\":121,\"caption\":\"Conex Metals Brass Fittings Brass Parts Copper Parts Brass Components Brass Plumbing Fittings India\"},\"image\":{\"@id\":\"https:\\\/\\\/conexmetals.com\\\/es\\\/#\\\/schema\\\/logo\\\/image\\\/\"},\"sameAs\":[\"https:\\\/\\\/www.facebook.com\\\/conexbrass\",\"https:\\\/\\\/x.com\\\/conexindia\",\"https:\\\/\\\/www.linkedin.com\\\/company\\\/conex-metals-india\\\/\",\"https:\\\/\\\/www.instagram.com\\\/conexindia\\\/\"]}]}<\/script>\n<!-- \/ Yoast SEO plugin. -->","yoast_head_json":{"title":"Terminales de Contacto de Lat\u00f3n","description":"Conex es un fabricante y exportador l\u00edder de terminales de contacto de lat\u00f3n y contactos el\u00e9ctricos. Nuestra gama de productos incluye conectores de lat\u00f3n, accesorios de tubo, accesorios en T, accesorios de manguera y fittings especializados como conectores r\u00e1pidos y accesorios de propano. Nuestros terminales y accesorios de lat\u00f3n de alta calidad garantizan conexiones fiables en diversas aplicaciones industriales y dom\u00e9sticas.","robots":{"index":"index","follow":"follow","max-snippet":"max-snippet:-1","max-image-preview":"max-image-preview:large","max-video-preview":"max-video-preview:-1"},"canonical":"https:\/\/conexmetals.com\/es\/producto\/terminales-de-contacto-de-laton\/","schema":{"@context":"https:\/\/schema.org","@graph":[{"@type":"WebPage","@id":"https:\/\/conexmetals.com\/es\/producto\/terminales-de-contacto-de-laton\/","url":"https:\/\/conexmetals.com\/es\/producto\/terminales-de-contacto-de-laton\/","name":"Terminales de Contacto de Lat\u00f3n","isPartOf":{"@id":"https:\/\/conexmetals.com\/es\/#website"},"primaryImageOfPage":{"@id":"https:\/\/conexmetals.com\/es\/producto\/terminales-de-contacto-de-laton\/#primaryimage"},"image":{"@id":"https:\/\/conexmetals.com\/es\/producto\/terminales-de-contacto-de-laton\/#primaryimage"},"thumbnailUrl":"https:\/\/conexmetals.com\/wp-content\/uploads\/2024\/10\/Terminales-de-Contacto-de-Laton.png","datePublished":"2023-08-16T07:11:34+00:00","dateModified":"2024-10-19T09:06:27+00:00","description":"Conex es un fabricante y exportador l\u00edder de terminales de contacto de lat\u00f3n y contactos el\u00e9ctricos. Nuestra gama de productos incluye conectores de lat\u00f3n, accesorios de tubo, accesorios en T, accesorios de manguera y fittings especializados como conectores r\u00e1pidos y accesorios de propano. Nuestros terminales y accesorios de lat\u00f3n de alta calidad garantizan conexiones fiables en diversas aplicaciones industriales y dom\u00e9sticas.","breadcrumb":{"@id":"https:\/\/conexmetals.com\/es\/producto\/terminales-de-contacto-de-laton\/#breadcrumb"},"inLanguage":"es","potentialAction":[{"@type":"ReadAction","target":["https:\/\/conexmetals.com\/es\/producto\/terminales-de-contacto-de-laton\/"]}]},{"@type":"ImageObject","inLanguage":"es","@id":"https:\/\/conexmetals.com\/es\/producto\/terminales-de-contacto-de-laton\/#primaryimage","url":"https:\/\/conexmetals.com\/wp-content\/uploads\/2024\/10\/Terminales-de-Contacto-de-Laton.png","contentUrl":"https:\/\/conexmetals.com\/wp-content\/uploads\/2024\/10\/Terminales-de-Contacto-de-Laton.png","width":350,"height":350,"caption":"Terminales de Contacto de Lat\u00f3n"},{"@type":"BreadcrumbList","@id":"https:\/\/conexmetals.com\/es\/producto\/terminales-de-contacto-de-laton\/#breadcrumb","itemListElement":[{"@type":"ListItem","position":1,"name":"Home","item":"https:\/\/conexmetals.com\/es\/hogar\/"},{"@type":"ListItem","position":2,"name":"Products","item":"https:\/\/conexmetals.com\/products\/"},{"@type":"ListItem","position":3,"name":"Terminales de Contacto de Lat\u00f3n"}]},{"@type":"WebSite","@id":"https:\/\/conexmetals.com\/es\/#website","url":"https:\/\/conexmetals.com\/es\/","name":"Conex Metals Brass Fittings Brass Parts Copper Parts Brass Components Brass Plumbing Fittings India","description":"Manufacturer of Bronze Fittings casting Copper Brass parts components","publisher":{"@id":"https:\/\/conexmetals.com\/es\/#organization"},"potentialAction":[{"@type":"SearchAction","target":{"@type":"EntryPoint","urlTemplate":"https:\/\/conexmetals.com\/es\/?s={search_term_string}"},"query-input":{"@type":"PropertyValueSpecification","valueRequired":true,"valueName":"search_term_string"}}],"inLanguage":"es"},{"@type":"Organization","@id":"https:\/\/conexmetals.com\/es\/#organization","name":"Conex Metals Brass Fittings Brass Parts Copper Parts Brass Components Brass Plumbing Fittings India","url":"https:\/\/conexmetals.com\/es\/","logo":{"@type":"ImageObject","inLanguage":"es","@id":"https:\/\/conexmetals.com\/es\/#\/schema\/logo\/image\/","url":"https:\/\/conexmetals.com\/wp-content\/uploads\/2024\/03\/conex-metals-logo.webp","contentUrl":"https:\/\/conexmetals.com\/wp-content\/uploads\/2024\/03\/conex-metals-logo.webp","width":300,"height":121,"caption":"Conex Metals Brass Fittings Brass Parts Copper Parts Brass Components Brass Plumbing Fittings India"},"image":{"@id":"https:\/\/conexmetals.com\/es\/#\/schema\/logo\/image\/"},"sameAs":["https:\/\/www.facebook.com\/conexbrass","https:\/\/x.com\/conexindia","https:\/\/www.linkedin.com\/company\/conex-metals-india\/","https:\/\/www.instagram.com\/conexindia\/"]}]}},"_links":{"self":[{"href":"https:\/\/conexmetals.com\/es\/wp-json\/wp\/v2\/product\/11252","targetHints":{"allow":["GET"]}}],"collection":[{"href":"https:\/\/conexmetals.com\/es\/wp-json\/wp\/v2\/product"}],"about":[{"href":"https:\/\/conexmetals.com\/es\/wp-json\/wp\/v2\/types\/product"}],"wp:featuredmedia":[{"embeddable":true,"href":"https:\/\/conexmetals.com\/es\/wp-json\/wp\/v2\/media\/7977"}],"wp:attachment":[{"href":"https:\/\/conexmetals.com\/es\/wp-json\/wp\/v2\/media?parent=11252"}],"wp:term":[{"taxonomy":"product_brand","embeddable":true,"href":"https:\/\/conexmetals.com\/es\/wp-json\/wp\/v2\/product_brand?post=11252"},{"taxonomy":"product_cat","embeddable":true,"href":"https:\/\/conexmetals.com\/es\/wp-json\/wp\/v2\/product_cat?post=11252"},{"taxonomy":"product_tag","embeddable":true,"href":"https:\/\/conexmetals.com\/es\/wp-json\/wp\/v2\/product_tag?post=11252"}],"curies":[{"name":"wp","href":"https:\/\/api.w.org\/{rel}","templated":true}]}}