{"id":11275,"date":"2023-08-16T12:26:01","date_gmt":"2023-08-16T06:56:01","guid":{"rendered":"https:\/\/conexmetals.com\/?post_type=product&#038;p=11275"},"modified":"2024-10-22T12:31:27","modified_gmt":"2024-10-22T07:01:27","slug":"conectores-neutros-de-laton","status":"publish","type":"product","link":"https:\/\/conexmetals.com\/es\/producto\/conectores-neutros-de-laton\/","title":{"rendered":"Conectores Neutros de Lat\u00f3n"},"content":{"rendered":"","protected":false},"excerpt":{"rendered":"<p><span>En Conex Metals, ofrecemos una amplia selecci\u00f3n de barras de conexi\u00f3n neutra de lat\u00f3n, barras de conexi\u00f3n a tierra neutra y bloques de terminales de lat\u00f3n, dise\u00f1ados para satisfacer las diversas necesidades de las industrias el\u00e9ctrica, electr\u00f3nica y de telecomunicaciones. Nuestros productos est\u00e1n fabricados con precisi\u00f3n y se ofrecen a precios competitivos, acompa\u00f1ados de un servicio al cliente excepcional. Cumplimos con los est\u00e1ndares internacionales y tolerancias estrictas en la fabricaci\u00f3n de nuestras barras de conexi\u00f3n neutra y terminales de conexi\u00f3n a tierra.<\/span><\/p>\n<p><span>Nuestros enlaces neutros, barras de tierra y bloques terminales de lat\u00f3n vienen en varios tama\u00f1os y configuraciones, incluidas opciones como 4 v\u00edas, 8 v\u00edas, 12 v\u00edas, 26 v\u00edas e incluso longitudes de 1 metro. Estos productos est\u00e1n disponibles con acabado esta\u00f1ado o niquelado, y tambi\u00e9n podemos personalizar las barras de neutro a tierra para cumplir con los requisitos espec\u00edficos del cliente.<\/span><\/p>\n<p><span>Nuestras barras de conexi\u00f3n neutra de lat\u00f3n est\u00e1n dise\u00f1adas para usarse en todo tipo de tableros de distribuci\u00f3n, cuadros de distribuci\u00f3n y cuadros el\u00e9ctricos. Se utilizan com\u00fanmente en paneles el\u00e9ctricos principales, acometidas o medidores de la calle y en el transformador reductor final de la cadena de suministro.<\/span><\/p>\n<p><strong><span>Especificaciones del material<\/span><\/strong><span>\u00a0:<\/span><\/p>\n<ul>\n<li><span>Lat\u00f3n de alta calidad de f\u00e1cil mecanizaci\u00f3n<\/span><\/li>\n<li><span>Aleaciones de lat\u00f3n: CuZn39Pb3, CuZn39Pb2, CuZn38Pb1.5, CuZn37Pb2, CuZn40Pb2, MS 58, BS2874, IS 319 (Tipo I y II)<\/span><\/li>\n<li><span>Normas ASTM: C35300, C35330 DZR, C36000 (CDA 360), C36500, C37000, C37100, C37700, C37710, C38500<\/span><\/li>\n<li><span>Normas BS: CZ121, CZ122, CZ124, CZ128, CZ131, CZ132<\/span><\/li>\n<li><span>Normas EN: CW602N, CW603N, CW606N, CW608N, CW612N, CW614N, CW617N<\/span><\/li>\n<li><span>Normas JIS: C3601, C3602, C3603, C3604, C3605, C3712, C3771<\/span><\/li>\n<li><span>Composiciones especiales de material de lat\u00f3n est\u00e1n disponibles bajo pedido.<\/span><\/li>\n<\/ul>\n<p>&nbsp;<\/p>\n<p><strong><span>Gama de productos<\/span><\/strong><span>\u00a0:<\/span><\/p>\n<ul>\n<li><span>Disponible en configuraciones de 2 v\u00edas a 108 v\u00edas, con longitudes de hasta 1,5 metros.<\/span><\/li>\n<li><span>Los tama\u00f1os var\u00edan de M2 \u200b\u200ba M30, con tama\u00f1os especiales hasta M36 y tama\u00f1os est\u00e1ndar que incluyen 1\/8\u00bb, 5\/32\u00bb, 3\/16\u00bb, 1\/4\u00bb, 5\/16\u00bb, 3\/8\u00bb, 1\/2\u00bb, 3\/4\u00bb, 1\u00bb, 1-1\/2\u201d, 2\u201d, o dise\u00f1os personalizados seg\u00fan sus requisitos.<\/span><\/li>\n<\/ul>\n<p>&nbsp;<\/p>\n<p><strong><span>Especificaciones del hilo<\/span><\/strong><span>\u00a0:<\/span><\/p>\n<ul>\n<li><span>Las roscas incluyen ISO Metric (MM), BA, BSW, BSP, BSPT, BSF, BSB, UNC, UNF, UNEF, NPT, NPS y cualquier otra rosca especificada seg\u00fan los requisitos del cliente.<\/span><\/li>\n<\/ul>\n<p>&nbsp;<\/p>\n<p><strong><span>Accesorios<\/span><\/strong><span>\u00a0:<\/span><\/p>\n<ul>\n<li><span>Proporcionamos conjuntos completos con tornillos (lat\u00f3n\/acero), arandelas, tuercas, placas de conexi\u00f3n y cualquier componente de pl\u00e1stico o caucho necesario seg\u00fan las necesidades del cliente.<\/span><\/li>\n<\/ul>\n<p>&nbsp;<\/p>\n<p><strong><span>Aplicaciones<\/span><\/strong><span>\u00a0:<\/span><\/p>\n<ul>\n<li><span>Nuestros productos son ampliamente utilizados como componentes esenciales en tableros el\u00e9ctricos, tableros el\u00e9ctricos y en las industrias de electr\u00f3nica y telecomunicaciones.<\/span><\/li>\n<\/ul>\n<p>&nbsp;<\/p>\n<p><strong><span>Opciones de acabado y revestimiento<\/span><\/strong><span>\u00a0:<\/span><\/p>\n<ul>\n<li><span>Limpio natural, niquelado, esta\u00f1ado electrol\u00edtico, plateado, cobreado, cincado, cromado o cualquier acabado de superficie especificado.<\/span><\/li>\n<\/ul>\n<p><span>Para cualquier necesidad espec\u00edfica relacionada con Neutral Links, Conex Metals est\u00e1 aqu\u00ed para ofrecer soluciones de alta calidad adaptadas a sus especificaciones exactas. \u00a1Cont\u00e1ctenos para obtener una cotizaci\u00f3n r\u00e1pida!<\/span><\/p>\n","protected":false},"featured_media":7972,"template":"","meta":[],"product_brand":[],"product_cat":[411],"product_tag":[],"class_list":{"0":"post-11275","1":"product","2":"type-product","3":"status-publish","4":"has-post-thumbnail","6":"product_cat-accesorios-para-tableros-electricos","8":"first","9":"instock","10":"shipping-taxable","11":"product-type-simple"},"yoast_head":"<!-- This site is optimized with the Yoast SEO plugin v27.3 - https:\/\/yoast.com\/product\/yoast-seo-wordpress\/ -->\n<title>Conectores Neutros de Lat\u00f3n<\/title>\n<meta name=\"description\" content=\"Conex ofrece una variedad de Conexiones Neutras de Lat\u00f3n, incluidas barras y bloques neutros para aplicaciones el\u00e9ctricas. Nuestros productos est\u00e1n dise\u00f1ados para una conductividad y durabilidad \u00f3ptimas, garantizando conexiones seguras en paneles y sistemas el\u00e9ctricos. Como fabricante de confianza, exportamos conexiones neutras de lat\u00f3n de alta calidad a nivel mundial.\" \/>\n<meta name=\"robots\" content=\"index, follow, max-snippet:-1, max-image-preview:large, max-video-preview:-1\" \/>\n<link rel=\"canonical\" href=\"https:\/\/conexmetals.com\/es\/producto\/conectores-neutros-de-laton\/\" \/>\n<script type=\"application\/ld+json\" class=\"yoast-schema-graph\">{\"@context\":\"https:\\\/\\\/schema.org\",\"@graph\":[{\"@type\":\"WebPage\",\"@id\":\"https:\\\/\\\/conexmetals.com\\\/es\\\/producto\\\/conectores-neutros-de-laton\\\/\",\"url\":\"https:\\\/\\\/conexmetals.com\\\/es\\\/producto\\\/conectores-neutros-de-laton\\\/\",\"name\":\"Conectores Neutros de Lat\u00f3n\",\"isPartOf\":{\"@id\":\"https:\\\/\\\/conexmetals.com\\\/es\\\/#website\"},\"primaryImageOfPage\":{\"@id\":\"https:\\\/\\\/conexmetals.com\\\/es\\\/producto\\\/conectores-neutros-de-laton\\\/#primaryimage\"},\"image\":{\"@id\":\"https:\\\/\\\/conexmetals.com\\\/es\\\/producto\\\/conectores-neutros-de-laton\\\/#primaryimage\"},\"thumbnailUrl\":\"https:\\\/\\\/conexmetals.com\\\/wp-content\\\/uploads\\\/2024\\\/10\\\/Conectores-Neutros-de-Laton.png\",\"datePublished\":\"2023-08-16T06:56:01+00:00\",\"dateModified\":\"2024-10-22T07:01:27+00:00\",\"description\":\"Conex ofrece una variedad de Conexiones Neutras de Lat\u00f3n, incluidas barras y bloques neutros para aplicaciones el\u00e9ctricas. Nuestros productos est\u00e1n dise\u00f1ados para una conductividad y durabilidad \u00f3ptimas, garantizando conexiones seguras en paneles y sistemas el\u00e9ctricos. Como fabricante de confianza, exportamos conexiones neutras de lat\u00f3n de alta calidad a nivel mundial.\",\"breadcrumb\":{\"@id\":\"https:\\\/\\\/conexmetals.com\\\/es\\\/producto\\\/conectores-neutros-de-laton\\\/#breadcrumb\"},\"inLanguage\":\"es\",\"potentialAction\":[{\"@type\":\"ReadAction\",\"target\":[\"https:\\\/\\\/conexmetals.com\\\/es\\\/producto\\\/conectores-neutros-de-laton\\\/\"]}]},{\"@type\":\"ImageObject\",\"inLanguage\":\"es\",\"@id\":\"https:\\\/\\\/conexmetals.com\\\/es\\\/producto\\\/conectores-neutros-de-laton\\\/#primaryimage\",\"url\":\"https:\\\/\\\/conexmetals.com\\\/wp-content\\\/uploads\\\/2024\\\/10\\\/Conectores-Neutros-de-Laton.png\",\"contentUrl\":\"https:\\\/\\\/conexmetals.com\\\/wp-content\\\/uploads\\\/2024\\\/10\\\/Conectores-Neutros-de-Laton.png\",\"width\":350,\"height\":350,\"caption\":\"Conectores Neutros de Lat\u00f3n\"},{\"@type\":\"BreadcrumbList\",\"@id\":\"https:\\\/\\\/conexmetals.com\\\/es\\\/producto\\\/conectores-neutros-de-laton\\\/#breadcrumb\",\"itemListElement\":[{\"@type\":\"ListItem\",\"position\":1,\"name\":\"Home\",\"item\":\"https:\\\/\\\/conexmetals.com\\\/es\\\/hogar\\\/\"},{\"@type\":\"ListItem\",\"position\":2,\"name\":\"Products\",\"item\":\"https:\\\/\\\/conexmetals.com\\\/products\\\/\"},{\"@type\":\"ListItem\",\"position\":3,\"name\":\"Conectores Neutros de Lat\u00f3n\"}]},{\"@type\":\"WebSite\",\"@id\":\"https:\\\/\\\/conexmetals.com\\\/es\\\/#website\",\"url\":\"https:\\\/\\\/conexmetals.com\\\/es\\\/\",\"name\":\"Conex Metals Brass Fittings Brass Parts Copper Parts Brass Components Brass Plumbing Fittings India\",\"description\":\"Manufacturer of Bronze Fittings casting Copper Brass parts components\",\"publisher\":{\"@id\":\"https:\\\/\\\/conexmetals.com\\\/es\\\/#organization\"},\"potentialAction\":[{\"@type\":\"SearchAction\",\"target\":{\"@type\":\"EntryPoint\",\"urlTemplate\":\"https:\\\/\\\/conexmetals.com\\\/es\\\/?s={search_term_string}\"},\"query-input\":{\"@type\":\"PropertyValueSpecification\",\"valueRequired\":true,\"valueName\":\"search_term_string\"}}],\"inLanguage\":\"es\"},{\"@type\":\"Organization\",\"@id\":\"https:\\\/\\\/conexmetals.com\\\/es\\\/#organization\",\"name\":\"Conex Metals Brass Fittings Brass Parts Copper Parts Brass Components Brass Plumbing Fittings India\",\"url\":\"https:\\\/\\\/conexmetals.com\\\/es\\\/\",\"logo\":{\"@type\":\"ImageObject\",\"inLanguage\":\"es\",\"@id\":\"https:\\\/\\\/conexmetals.com\\\/es\\\/#\\\/schema\\\/logo\\\/image\\\/\",\"url\":\"https:\\\/\\\/conexmetals.com\\\/wp-content\\\/uploads\\\/2024\\\/03\\\/conex-metals-logo.webp\",\"contentUrl\":\"https:\\\/\\\/conexmetals.com\\\/wp-content\\\/uploads\\\/2024\\\/03\\\/conex-metals-logo.webp\",\"width\":300,\"height\":121,\"caption\":\"Conex Metals Brass Fittings Brass Parts Copper Parts Brass Components Brass Plumbing Fittings India\"},\"image\":{\"@id\":\"https:\\\/\\\/conexmetals.com\\\/es\\\/#\\\/schema\\\/logo\\\/image\\\/\"},\"sameAs\":[\"https:\\\/\\\/www.facebook.com\\\/conexbrass\",\"https:\\\/\\\/x.com\\\/conexindia\",\"https:\\\/\\\/www.linkedin.com\\\/company\\\/conex-metals-india\\\/\",\"https:\\\/\\\/www.instagram.com\\\/conexindia\\\/\"]}]}<\/script>\n<!-- \/ Yoast SEO plugin. -->","yoast_head_json":{"title":"Conectores Neutros de Lat\u00f3n","description":"Conex ofrece una variedad de Conexiones Neutras de Lat\u00f3n, incluidas barras y bloques neutros para aplicaciones el\u00e9ctricas. Nuestros productos est\u00e1n dise\u00f1ados para una conductividad y durabilidad \u00f3ptimas, garantizando conexiones seguras en paneles y sistemas el\u00e9ctricos. Como fabricante de confianza, exportamos conexiones neutras de lat\u00f3n de alta calidad a nivel mundial.","robots":{"index":"index","follow":"follow","max-snippet":"max-snippet:-1","max-image-preview":"max-image-preview:large","max-video-preview":"max-video-preview:-1"},"canonical":"https:\/\/conexmetals.com\/es\/producto\/conectores-neutros-de-laton\/","schema":{"@context":"https:\/\/schema.org","@graph":[{"@type":"WebPage","@id":"https:\/\/conexmetals.com\/es\/producto\/conectores-neutros-de-laton\/","url":"https:\/\/conexmetals.com\/es\/producto\/conectores-neutros-de-laton\/","name":"Conectores Neutros de Lat\u00f3n","isPartOf":{"@id":"https:\/\/conexmetals.com\/es\/#website"},"primaryImageOfPage":{"@id":"https:\/\/conexmetals.com\/es\/producto\/conectores-neutros-de-laton\/#primaryimage"},"image":{"@id":"https:\/\/conexmetals.com\/es\/producto\/conectores-neutros-de-laton\/#primaryimage"},"thumbnailUrl":"https:\/\/conexmetals.com\/wp-content\/uploads\/2024\/10\/Conectores-Neutros-de-Laton.png","datePublished":"2023-08-16T06:56:01+00:00","dateModified":"2024-10-22T07:01:27+00:00","description":"Conex ofrece una variedad de Conexiones Neutras de Lat\u00f3n, incluidas barras y bloques neutros para aplicaciones el\u00e9ctricas. Nuestros productos est\u00e1n dise\u00f1ados para una conductividad y durabilidad \u00f3ptimas, garantizando conexiones seguras en paneles y sistemas el\u00e9ctricos. Como fabricante de confianza, exportamos conexiones neutras de lat\u00f3n de alta calidad a nivel mundial.","breadcrumb":{"@id":"https:\/\/conexmetals.com\/es\/producto\/conectores-neutros-de-laton\/#breadcrumb"},"inLanguage":"es","potentialAction":[{"@type":"ReadAction","target":["https:\/\/conexmetals.com\/es\/producto\/conectores-neutros-de-laton\/"]}]},{"@type":"ImageObject","inLanguage":"es","@id":"https:\/\/conexmetals.com\/es\/producto\/conectores-neutros-de-laton\/#primaryimage","url":"https:\/\/conexmetals.com\/wp-content\/uploads\/2024\/10\/Conectores-Neutros-de-Laton.png","contentUrl":"https:\/\/conexmetals.com\/wp-content\/uploads\/2024\/10\/Conectores-Neutros-de-Laton.png","width":350,"height":350,"caption":"Conectores Neutros de Lat\u00f3n"},{"@type":"BreadcrumbList","@id":"https:\/\/conexmetals.com\/es\/producto\/conectores-neutros-de-laton\/#breadcrumb","itemListElement":[{"@type":"ListItem","position":1,"name":"Home","item":"https:\/\/conexmetals.com\/es\/hogar\/"},{"@type":"ListItem","position":2,"name":"Products","item":"https:\/\/conexmetals.com\/products\/"},{"@type":"ListItem","position":3,"name":"Conectores Neutros de Lat\u00f3n"}]},{"@type":"WebSite","@id":"https:\/\/conexmetals.com\/es\/#website","url":"https:\/\/conexmetals.com\/es\/","name":"Conex Metals Brass Fittings Brass Parts Copper Parts Brass Components Brass Plumbing Fittings India","description":"Manufacturer of Bronze Fittings casting Copper Brass parts components","publisher":{"@id":"https:\/\/conexmetals.com\/es\/#organization"},"potentialAction":[{"@type":"SearchAction","target":{"@type":"EntryPoint","urlTemplate":"https:\/\/conexmetals.com\/es\/?s={search_term_string}"},"query-input":{"@type":"PropertyValueSpecification","valueRequired":true,"valueName":"search_term_string"}}],"inLanguage":"es"},{"@type":"Organization","@id":"https:\/\/conexmetals.com\/es\/#organization","name":"Conex Metals Brass Fittings Brass Parts Copper Parts Brass Components Brass Plumbing Fittings India","url":"https:\/\/conexmetals.com\/es\/","logo":{"@type":"ImageObject","inLanguage":"es","@id":"https:\/\/conexmetals.com\/es\/#\/schema\/logo\/image\/","url":"https:\/\/conexmetals.com\/wp-content\/uploads\/2024\/03\/conex-metals-logo.webp","contentUrl":"https:\/\/conexmetals.com\/wp-content\/uploads\/2024\/03\/conex-metals-logo.webp","width":300,"height":121,"caption":"Conex Metals Brass Fittings Brass Parts Copper Parts Brass Components Brass Plumbing Fittings India"},"image":{"@id":"https:\/\/conexmetals.com\/es\/#\/schema\/logo\/image\/"},"sameAs":["https:\/\/www.facebook.com\/conexbrass","https:\/\/x.com\/conexindia","https:\/\/www.linkedin.com\/company\/conex-metals-india\/","https:\/\/www.instagram.com\/conexindia\/"]}]}},"_links":{"self":[{"href":"https:\/\/conexmetals.com\/es\/wp-json\/wp\/v2\/product\/11275","targetHints":{"allow":["GET"]}}],"collection":[{"href":"https:\/\/conexmetals.com\/es\/wp-json\/wp\/v2\/product"}],"about":[{"href":"https:\/\/conexmetals.com\/es\/wp-json\/wp\/v2\/types\/product"}],"wp:featuredmedia":[{"embeddable":true,"href":"https:\/\/conexmetals.com\/es\/wp-json\/wp\/v2\/media\/7972"}],"wp:attachment":[{"href":"https:\/\/conexmetals.com\/es\/wp-json\/wp\/v2\/media?parent=11275"}],"wp:term":[{"taxonomy":"product_brand","embeddable":true,"href":"https:\/\/conexmetals.com\/es\/wp-json\/wp\/v2\/product_brand?post=11275"},{"taxonomy":"product_cat","embeddable":true,"href":"https:\/\/conexmetals.com\/es\/wp-json\/wp\/v2\/product_cat?post=11275"},{"taxonomy":"product_tag","embeddable":true,"href":"https:\/\/conexmetals.com\/es\/wp-json\/wp\/v2\/product_tag?post=11275"}],"curies":[{"name":"wp","href":"https:\/\/api.w.org\/{rel}","templated":true}]}}