{"id":11921,"date":"2023-08-17T11:31:35","date_gmt":"2023-08-17T06:01:35","guid":{"rendered":"https:\/\/conexmetals.com\/?post_type=product&#038;p=11921"},"modified":"2024-10-24T14:20:42","modified_gmt":"2024-10-24T08:50:42","slug":"codos-de-conducto-de-laton","status":"publish","type":"product","link":"https:\/\/conexmetals.com\/es\/producto\/codos-de-conducto-de-laton\/","title":{"rendered":"Codos de Conducto de Lat\u00f3n"},"content":{"rendered":"","protected":false},"excerpt":{"rendered":"<div class=\"elementor-element elementor-element-672075d elementor-widget__width-initial e-transform elementor-widget-mobile__width-initial elementor-widget elementor-widget-woocommerce-product-images\" data-id=\"672075d\" data-element_type=\"widget\" data-settings=\"{&quot;_transform_scale_effect&quot;:{&quot;unit&quot;:&quot;px&quot;,&quot;size&quot;:1,&quot;sizes&quot;:[]},&quot;_transform_scale_effect_tablet&quot;:{&quot;unit&quot;:&quot;px&quot;,&quot;size&quot;:&quot;&quot;,&quot;sizes&quot;:[]},&quot;_transform_scale_effect_mobile&quot;:{&quot;unit&quot;:&quot;px&quot;,&quot;size&quot;:&quot;&quot;,&quot;sizes&quot;:[]}}\" data-widget_type=\"woocommerce-product-images.default\">\n<div class=\"elementor-widget-container\">\n<div class=\"woocommerce-product-gallery woocommerce-product-gallery--with-images woocommerce-product-gallery--columns-4 images\" data-columns=\"4\">\n<div class=\"woocommerce-product-gallery__wrapper\">\n<div class=\"woocommerce-product-gallery__image\" data-thumb=\"https:\/\/conexmetals.com\/wp-content\/uploads\/2023\/11\/Brass-Conduit-Elbows-100x100.png\" data-thumb-alt=\"Brass Conduit Elbows\" data-thumb-srcset=\"https:\/\/conexmetals.com\/wp-content\/uploads\/2023\/11\/Brass-Conduit-Elbows-100x100.png 100w, https:\/\/conexmetals.com\/wp-content\/uploads\/2023\/11\/Brass-Conduit-Elbows-300x300.png 300w, https:\/\/conexmetals.com\/wp-content\/uploads\/2023\/11\/Brass-Conduit-Elbows-150x150.png 150w, https:\/\/conexmetals.com\/wp-content\/uploads\/2023\/11\/Brass-Conduit-Elbows.png 350w\"><\/div>\n<\/div>\n<\/div>\n<\/div>\n<\/div>\n<div class=\"elementor-element elementor-element-36d2ab8 elementor-widget elementor-widget-woocommerce-product-short-description\" data-id=\"36d2ab8\" data-element_type=\"widget\" data-widget_type=\"woocommerce-product-short-description.default\">\n<div class=\"elementor-widget-container\">\n<div class=\"woocommerce-product-details__short-description\">\n<table id=\"tablepress-379\" class=\"tablepress tablepress-id-379\">\n<caption>\u00a0<\/caption>\n<thead>\n<tr class=\"row-1 odd\">\n<th class=\"column-1\" colspan=\"5\"><strong><span>Codos de conducto de lat\u00f3n<\/span><\/strong><\/th>\n<\/tr>\n<\/thead>\n<tbody class=\"row-hover\">\n<tr class=\"row-2 even\">\n<td class=\"column-1\"><strong><span>Tama\u00f1o de conducto de EE. UU.<\/span><\/strong><\/td>\n<td class=\"column-2\"><strong><span>Tama\u00f1o nominal del conducto<\/span><\/strong><\/td>\n<td class=\"column-3\"><strong><span>Di\u00e1metro externo<\/span><\/strong><\/td>\n<td class=\"column-4\"><strong><span>Di\u00e1metro interior<\/span><\/strong><\/td>\n<td class=\"column-5\"><strong><span>Longitudes de bobina (m)<\/span><\/strong><\/td>\n<\/tr>\n<tr class=\"row-3 odd\">\n<td class=\"column-1\"><span>3\/8\u201d<\/span><\/td>\n<td class=\"column-2\"><span>16 mm<\/span><\/td>\n<td class=\"column-3\"><span>17,8 mm<\/span><\/td>\n<td class=\"column-4\"><span>12,5 mm<\/span><\/td>\n<td class=\"column-5\"><span>10<\/span><\/td>\n<\/tr>\n<tr class=\"row-4 even\">\n<td class=\"column-1\"><span>3\/8\u201d<\/span><\/td>\n<td class=\"column-2\"><span>16 mm<\/span><\/td>\n<td class=\"column-3\"><span>17,8 mm<\/span><\/td>\n<td class=\"column-4\"><span>12,5 mm<\/span><\/td>\n<td class=\"column-5\"><span>30<\/span><\/td>\n<\/tr>\n<tr class=\"row-5 odd\">\n<td class=\"column-1\"><span>1\/2\u201d<\/span><\/td>\n<td class=\"column-2\"><span>20 mm<\/span><\/td>\n<td class=\"column-3\"><span>21,1 mm<\/span><\/td>\n<td class=\"column-4\"><span>15,9 mm<\/span><\/td>\n<td class=\"column-5\"><span>10<\/span><\/td>\n<\/tr>\n<tr class=\"row-6 even\">\n<td class=\"column-1\"><span>1\/2\u201d<\/span><\/td>\n<td class=\"column-2\"><span>20 mm<\/span><\/td>\n<td class=\"column-3\"><span>21,1 mm<\/span><\/td>\n<td class=\"column-4\"><span>15,9 mm<\/span><\/td>\n<td class=\"column-5\"><span>30<\/span><\/td>\n<\/tr>\n<tr class=\"row-7 odd\">\n<td class=\"column-1\"><span>3\/4\u201d<\/span><\/td>\n<td class=\"column-2\"><span>25 mm<\/span><\/td>\n<td class=\"column-3\"><span>26,4 mm<\/span><\/td>\n<td class=\"column-4\"><span>21,0 mm<\/span><\/td>\n<td class=\"column-5\"><span>10<\/span><\/td>\n<\/tr>\n<tr class=\"row-8 even\">\n<td class=\"column-1\"><span>3\/4\u201d<\/span><\/td>\n<td class=\"column-2\"><span>25 mm<\/span><\/td>\n<td class=\"column-3\"><span>26,4 mm<\/span><\/td>\n<td class=\"column-4\"><span>21,0 mm<\/span><\/td>\n<td class=\"column-5\"><span>30<\/span><\/td>\n<\/tr>\n<tr class=\"row-9 odd\">\n<td class=\"column-1\"><span>1\u201d<\/span><\/td>\n<td class=\"column-2\"><span>32 mm<\/span><\/td>\n<td class=\"column-3\"><span>33,1 mm<\/span><\/td>\n<td class=\"column-4\"><span>26,4 mm<\/span><\/td>\n<td class=\"column-5\"><span>10<\/span><\/td>\n<\/tr>\n<tr class=\"row-10 even\">\n<td class=\"column-1\"><span>1\u201d<\/span><\/td>\n<td class=\"column-2\"><span>32 mm<\/span><\/td>\n<td class=\"column-3\"><span>33,1 mm<\/span><\/td>\n<td class=\"column-4\"><span>26,4 mm<\/span><\/td>\n<td class=\"column-5\"><span>20<\/span><\/td>\n<\/tr>\n<tr class=\"row-11 odd\">\n<td class=\"column-1\"><span>1 1\/4\u201d<\/span><\/td>\n<td class=\"column-2\"><span>40 mm<\/span><\/td>\n<td class=\"column-3\"><span>41,8 mm<\/span><\/td>\n<td class=\"column-4\"><span>35,4 mm<\/span><\/td>\n<td class=\"column-5\"><span>10<\/span><\/td>\n<\/tr>\n<tr class=\"row-12 even\">\n<td class=\"column-1\"><span>1 1\/4\u201d<\/span><\/td>\n<td class=\"column-2\"><span>40 mm<\/span><\/td>\n<td class=\"column-3\"><span>41,8 mm<\/span><\/td>\n<td class=\"column-4\"><span>35,4 mm<\/span><\/td>\n<td class=\"column-5\"><span>20<\/span><\/td>\n<\/tr>\n<tr class=\"row-13 odd\">\n<td class=\"column-1\"><span>1 1\/2\u201d<\/span><\/td>\n<td class=\"column-2\"><span>50 mm<\/span><\/td>\n<td class=\"column-3\"><span>47,5 mm<\/span><\/td>\n<td class=\"column-4\"><span>40,4 mm<\/span><\/td>\n<td class=\"column-5\"><span>10<\/span><\/td>\n<\/tr>\n<tr class=\"row-14 even\">\n<td class=\"column-1\"><span>1 1\/2\u201d<\/span><\/td>\n<td class=\"column-2\"><span>50 mm<\/span><\/td>\n<td class=\"column-3\"><span>47,5 mm<\/span><\/td>\n<td class=\"column-4\"><span>40,4 mm<\/span><\/td>\n<td class=\"column-5\"><span>20<\/span><\/td>\n<\/tr>\n<tr class=\"row-15 odd\">\n<td class=\"column-1\"><span>2\u201d<\/span><\/td>\n<td class=\"column-2\"><span>63 mm<\/span><\/td>\n<td class=\"column-3\"><span>59,7 mm<\/span><\/td>\n<td class=\"column-4\"><span>51,6 mm<\/span><\/td>\n<td class=\"column-5\"><span>10<\/span><\/td>\n<\/tr>\n<tr class=\"row-16 even\">\n<td class=\"column-1\"><span>2\u201d<\/span><\/td>\n<td class=\"column-2\"><span>63 mm<\/span><\/td>\n<td class=\"column-3\"><span>59,7 mm<\/span><\/td>\n<td class=\"column-4\"><span>51,6 mm<\/span><\/td>\n<td class=\"column-5\"><span>20<\/span><\/td>\n<\/tr>\n<\/tbody>\n<\/table>\n<p><span>Los codos de lat\u00f3n para conductos son accesorios especializados que se utilizan en instalaciones el\u00e9ctricas para cambiar la direcci\u00f3n de los conductos. Est\u00e1n dise\u00f1ados para permitir que los conductos el\u00e9ctricos realicen giros suaves y eficientes en varios \u00e1ngulos, lo que proporciona una v\u00eda m\u00e1s flexible y organizada para los conductores el\u00e9ctricos. Los codos de lat\u00f3n para conductos est\u00e1n hechos de lat\u00f3n, un metal conocido por su excelente conductividad el\u00e9ctrica, resistencia a la corrosi\u00f3n y durabilidad.<\/span><\/p>\n<p><span>El dise\u00f1o de los codos de lat\u00f3n para conductos suele tener una forma curva o doblada, lo que permite que el conducto gire sin crear curvas pronunciadas que puedan da\u00f1ar o doblar los conductores el\u00e9ctricos en el interior. Estos codos tienen roscas macho en cada extremo, lo que permite conectarlos f\u00e1cilmente a accesorios de conductos con rosca hembra o cajas de conexiones.<\/span><\/p>\n<p><span>Las principales caracter\u00edsticas y ventajas de los codos de conducto de lat\u00f3n incluyen:<\/span><\/p>\n<ol>\n<li><b><\/b><strong><b><span>Conductividad el\u00e9ctrica:<\/span><\/b><\/strong><span>\u00a0El lat\u00f3n es un buen conductor de electricidad, lo que garantiza que se mantenga la continuidad el\u00e9ctrica a trav\u00e9s del sistema de conductos.<\/span><\/li>\n<li><b><\/b><strong><b><span>Resistencia a la corrosi\u00f3n:<\/span><\/b><\/strong><span>\u00a0Los codos de conducto de lat\u00f3n est\u00e1n dise\u00f1ados para ser resistentes a la corrosi\u00f3n, lo que los hace adecuados para aplicaciones tanto en interiores como en exteriores.<\/span><\/li>\n<li><b><\/b><strong><b><span>Curvas suaves:<\/span><\/b><\/strong><span>\u00a0El dise\u00f1o curvo de los codos de conducto de lat\u00f3n permite giros suaves y graduales, lo que reduce el riesgo de da\u00f1ar o deformar los conductores el\u00e9ctricos dentro del conducto.<\/span><\/li>\n<li><b><\/b><strong><b><span>Resistencia mec\u00e1nica:<\/span><\/b><\/strong><span>\u00a0El lat\u00f3n proporciona conexiones resistentes y confiables, lo que garantiza la longevidad y la integridad del sistema de conductos.<\/span><\/li>\n<li><b><\/b><strong><b><span>Versatilidad:<\/span><\/b><\/strong><span>\u00a0Los codos de conductos de lat\u00f3n est\u00e1n disponibles en varios \u00e1ngulos, como 45 grados y 90 grados, para adaptarse a diferentes requisitos de enrutamiento de conductos.<\/span><\/li>\n<\/ol>\n<p><span>Los codos de lat\u00f3n para conductos se utilizan habitualmente en diversas instalaciones el\u00e9ctricas, incluidas las residenciales, comerciales e industriales. Son especialmente \u00fatiles cuando los conductos el\u00e9ctricos deben sortear obst\u00e1culos o cambiar de direcci\u00f3n para llegar a dispositivos o equipos el\u00e9ctricos espec\u00edficos.<\/span><\/p>\n<\/div>\n<\/div>\n<\/div>\n","protected":false},"featured_media":7132,"template":"","meta":[],"product_brand":[],"product_cat":[399],"product_tag":[],"class_list":{"0":"post-11921","1":"product","2":"type-product","3":"status-publish","4":"has-post-thumbnail","6":"product_cat-accesorios-de-conductos-de-laton","8":"first","9":"instock","10":"shipping-taxable","11":"product-type-simple"},"yoast_head":"<!-- This site is optimized with the Yoast SEO plugin v27.3 - https:\/\/yoast.com\/product\/yoast-seo-wordpress\/ -->\n<title>Codos de Conducto de Lat\u00f3n<\/title>\n<meta name=\"description\" content=\"Conex ofrece una gama de Codos de Conducci\u00f3n de Lat\u00f3n, incluidos codos de 90 grados y 45 grados en varios tama\u00f1os. Nuestra l\u00ednea de productos incluye codos de tracci\u00f3n y codos EMT, dise\u00f1ados para una eficiente gesti\u00f3n e instalaci\u00f3n de cables. Proporcionamos codos de conducto de lat\u00f3n de alta calidad para crear sistemas de conducto seguros y confiables en instalaciones el\u00e9ctricas.\" \/>\n<meta name=\"robots\" content=\"index, follow, max-snippet:-1, max-image-preview:large, max-video-preview:-1\" \/>\n<link rel=\"canonical\" href=\"https:\/\/conexmetals.com\/es\/producto\/codos-de-conducto-de-laton\/\" \/>\n<script type=\"application\/ld+json\" class=\"yoast-schema-graph\">{\"@context\":\"https:\\\/\\\/schema.org\",\"@graph\":[{\"@type\":\"WebPage\",\"@id\":\"https:\\\/\\\/conexmetals.com\\\/es\\\/producto\\\/codos-de-conducto-de-laton\\\/\",\"url\":\"https:\\\/\\\/conexmetals.com\\\/es\\\/producto\\\/codos-de-conducto-de-laton\\\/\",\"name\":\"Codos de Conducto de Lat\u00f3n\",\"isPartOf\":{\"@id\":\"https:\\\/\\\/conexmetals.com\\\/es\\\/#website\"},\"primaryImageOfPage\":{\"@id\":\"https:\\\/\\\/conexmetals.com\\\/es\\\/producto\\\/codos-de-conducto-de-laton\\\/#primaryimage\"},\"image\":{\"@id\":\"https:\\\/\\\/conexmetals.com\\\/es\\\/producto\\\/codos-de-conducto-de-laton\\\/#primaryimage\"},\"thumbnailUrl\":\"https:\\\/\\\/conexmetals.com\\\/wp-content\\\/uploads\\\/2024\\\/12\\\/Codos-de-conducto-de-laton.png\",\"datePublished\":\"2023-08-17T06:01:35+00:00\",\"dateModified\":\"2024-10-24T08:50:42+00:00\",\"description\":\"Conex ofrece una gama de Codos de Conducci\u00f3n de Lat\u00f3n, incluidos codos de 90 grados y 45 grados en varios tama\u00f1os. Nuestra l\u00ednea de productos incluye codos de tracci\u00f3n y codos EMT, dise\u00f1ados para una eficiente gesti\u00f3n e instalaci\u00f3n de cables. Proporcionamos codos de conducto de lat\u00f3n de alta calidad para crear sistemas de conducto seguros y confiables en instalaciones el\u00e9ctricas.\",\"breadcrumb\":{\"@id\":\"https:\\\/\\\/conexmetals.com\\\/es\\\/producto\\\/codos-de-conducto-de-laton\\\/#breadcrumb\"},\"inLanguage\":\"es\",\"potentialAction\":[{\"@type\":\"ReadAction\",\"target\":[\"https:\\\/\\\/conexmetals.com\\\/es\\\/producto\\\/codos-de-conducto-de-laton\\\/\"]}]},{\"@type\":\"ImageObject\",\"inLanguage\":\"es\",\"@id\":\"https:\\\/\\\/conexmetals.com\\\/es\\\/producto\\\/codos-de-conducto-de-laton\\\/#primaryimage\",\"url\":\"https:\\\/\\\/conexmetals.com\\\/wp-content\\\/uploads\\\/2024\\\/12\\\/Codos-de-conducto-de-laton.png\",\"contentUrl\":\"https:\\\/\\\/conexmetals.com\\\/wp-content\\\/uploads\\\/2024\\\/12\\\/Codos-de-conducto-de-laton.png\",\"width\":300,\"height\":300,\"caption\":\"Codos de conducto de lat\u00f3n\"},{\"@type\":\"BreadcrumbList\",\"@id\":\"https:\\\/\\\/conexmetals.com\\\/es\\\/producto\\\/codos-de-conducto-de-laton\\\/#breadcrumb\",\"itemListElement\":[{\"@type\":\"ListItem\",\"position\":1,\"name\":\"Home\",\"item\":\"https:\\\/\\\/conexmetals.com\\\/es\\\/hogar\\\/\"},{\"@type\":\"ListItem\",\"position\":2,\"name\":\"Products\",\"item\":\"https:\\\/\\\/conexmetals.com\\\/products\\\/\"},{\"@type\":\"ListItem\",\"position\":3,\"name\":\"Codos de Conducto de Lat\u00f3n\"}]},{\"@type\":\"WebSite\",\"@id\":\"https:\\\/\\\/conexmetals.com\\\/es\\\/#website\",\"url\":\"https:\\\/\\\/conexmetals.com\\\/es\\\/\",\"name\":\"Conex Metals Brass Fittings Brass Parts Copper Parts Brass Components Brass Plumbing Fittings India\",\"description\":\"Manufacturer of Bronze Fittings casting Copper Brass parts components\",\"publisher\":{\"@id\":\"https:\\\/\\\/conexmetals.com\\\/es\\\/#organization\"},\"potentialAction\":[{\"@type\":\"SearchAction\",\"target\":{\"@type\":\"EntryPoint\",\"urlTemplate\":\"https:\\\/\\\/conexmetals.com\\\/es\\\/?s={search_term_string}\"},\"query-input\":{\"@type\":\"PropertyValueSpecification\",\"valueRequired\":true,\"valueName\":\"search_term_string\"}}],\"inLanguage\":\"es\"},{\"@type\":\"Organization\",\"@id\":\"https:\\\/\\\/conexmetals.com\\\/es\\\/#organization\",\"name\":\"Conex Metals Brass Fittings Brass Parts Copper Parts Brass Components Brass Plumbing Fittings India\",\"url\":\"https:\\\/\\\/conexmetals.com\\\/es\\\/\",\"logo\":{\"@type\":\"ImageObject\",\"inLanguage\":\"es\",\"@id\":\"https:\\\/\\\/conexmetals.com\\\/es\\\/#\\\/schema\\\/logo\\\/image\\\/\",\"url\":\"https:\\\/\\\/conexmetals.com\\\/wp-content\\\/uploads\\\/2024\\\/03\\\/conex-metals-logo.webp\",\"contentUrl\":\"https:\\\/\\\/conexmetals.com\\\/wp-content\\\/uploads\\\/2024\\\/03\\\/conex-metals-logo.webp\",\"width\":300,\"height\":121,\"caption\":\"Conex Metals Brass Fittings Brass Parts Copper Parts Brass Components Brass Plumbing Fittings India\"},\"image\":{\"@id\":\"https:\\\/\\\/conexmetals.com\\\/es\\\/#\\\/schema\\\/logo\\\/image\\\/\"},\"sameAs\":[\"https:\\\/\\\/www.facebook.com\\\/conexbrass\",\"https:\\\/\\\/x.com\\\/conexindia\",\"https:\\\/\\\/www.linkedin.com\\\/company\\\/conex-metals-india\\\/\",\"https:\\\/\\\/www.instagram.com\\\/conexindia\\\/\"]}]}<\/script>\n<!-- \/ Yoast SEO plugin. -->","yoast_head_json":{"title":"Codos de Conducto de Lat\u00f3n","description":"Conex ofrece una gama de Codos de Conducci\u00f3n de Lat\u00f3n, incluidos codos de 90 grados y 45 grados en varios tama\u00f1os. Nuestra l\u00ednea de productos incluye codos de tracci\u00f3n y codos EMT, dise\u00f1ados para una eficiente gesti\u00f3n e instalaci\u00f3n de cables. Proporcionamos codos de conducto de lat\u00f3n de alta calidad para crear sistemas de conducto seguros y confiables en instalaciones el\u00e9ctricas.","robots":{"index":"index","follow":"follow","max-snippet":"max-snippet:-1","max-image-preview":"max-image-preview:large","max-video-preview":"max-video-preview:-1"},"canonical":"https:\/\/conexmetals.com\/es\/producto\/codos-de-conducto-de-laton\/","schema":{"@context":"https:\/\/schema.org","@graph":[{"@type":"WebPage","@id":"https:\/\/conexmetals.com\/es\/producto\/codos-de-conducto-de-laton\/","url":"https:\/\/conexmetals.com\/es\/producto\/codos-de-conducto-de-laton\/","name":"Codos de Conducto de Lat\u00f3n","isPartOf":{"@id":"https:\/\/conexmetals.com\/es\/#website"},"primaryImageOfPage":{"@id":"https:\/\/conexmetals.com\/es\/producto\/codos-de-conducto-de-laton\/#primaryimage"},"image":{"@id":"https:\/\/conexmetals.com\/es\/producto\/codos-de-conducto-de-laton\/#primaryimage"},"thumbnailUrl":"https:\/\/conexmetals.com\/wp-content\/uploads\/2024\/12\/Codos-de-conducto-de-laton.png","datePublished":"2023-08-17T06:01:35+00:00","dateModified":"2024-10-24T08:50:42+00:00","description":"Conex ofrece una gama de Codos de Conducci\u00f3n de Lat\u00f3n, incluidos codos de 90 grados y 45 grados en varios tama\u00f1os. Nuestra l\u00ednea de productos incluye codos de tracci\u00f3n y codos EMT, dise\u00f1ados para una eficiente gesti\u00f3n e instalaci\u00f3n de cables. Proporcionamos codos de conducto de lat\u00f3n de alta calidad para crear sistemas de conducto seguros y confiables en instalaciones el\u00e9ctricas.","breadcrumb":{"@id":"https:\/\/conexmetals.com\/es\/producto\/codos-de-conducto-de-laton\/#breadcrumb"},"inLanguage":"es","potentialAction":[{"@type":"ReadAction","target":["https:\/\/conexmetals.com\/es\/producto\/codos-de-conducto-de-laton\/"]}]},{"@type":"ImageObject","inLanguage":"es","@id":"https:\/\/conexmetals.com\/es\/producto\/codos-de-conducto-de-laton\/#primaryimage","url":"https:\/\/conexmetals.com\/wp-content\/uploads\/2024\/12\/Codos-de-conducto-de-laton.png","contentUrl":"https:\/\/conexmetals.com\/wp-content\/uploads\/2024\/12\/Codos-de-conducto-de-laton.png","width":300,"height":300,"caption":"Codos de conducto de lat\u00f3n"},{"@type":"BreadcrumbList","@id":"https:\/\/conexmetals.com\/es\/producto\/codos-de-conducto-de-laton\/#breadcrumb","itemListElement":[{"@type":"ListItem","position":1,"name":"Home","item":"https:\/\/conexmetals.com\/es\/hogar\/"},{"@type":"ListItem","position":2,"name":"Products","item":"https:\/\/conexmetals.com\/products\/"},{"@type":"ListItem","position":3,"name":"Codos de Conducto de Lat\u00f3n"}]},{"@type":"WebSite","@id":"https:\/\/conexmetals.com\/es\/#website","url":"https:\/\/conexmetals.com\/es\/","name":"Conex Metals Brass Fittings Brass Parts Copper Parts Brass Components Brass Plumbing Fittings India","description":"Manufacturer of Bronze Fittings casting Copper Brass parts components","publisher":{"@id":"https:\/\/conexmetals.com\/es\/#organization"},"potentialAction":[{"@type":"SearchAction","target":{"@type":"EntryPoint","urlTemplate":"https:\/\/conexmetals.com\/es\/?s={search_term_string}"},"query-input":{"@type":"PropertyValueSpecification","valueRequired":true,"valueName":"search_term_string"}}],"inLanguage":"es"},{"@type":"Organization","@id":"https:\/\/conexmetals.com\/es\/#organization","name":"Conex Metals Brass Fittings Brass Parts Copper Parts Brass Components Brass Plumbing Fittings India","url":"https:\/\/conexmetals.com\/es\/","logo":{"@type":"ImageObject","inLanguage":"es","@id":"https:\/\/conexmetals.com\/es\/#\/schema\/logo\/image\/","url":"https:\/\/conexmetals.com\/wp-content\/uploads\/2024\/03\/conex-metals-logo.webp","contentUrl":"https:\/\/conexmetals.com\/wp-content\/uploads\/2024\/03\/conex-metals-logo.webp","width":300,"height":121,"caption":"Conex Metals Brass Fittings Brass Parts Copper Parts Brass Components Brass Plumbing Fittings India"},"image":{"@id":"https:\/\/conexmetals.com\/es\/#\/schema\/logo\/image\/"},"sameAs":["https:\/\/www.facebook.com\/conexbrass","https:\/\/x.com\/conexindia","https:\/\/www.linkedin.com\/company\/conex-metals-india\/","https:\/\/www.instagram.com\/conexindia\/"]}]}},"_links":{"self":[{"href":"https:\/\/conexmetals.com\/es\/wp-json\/wp\/v2\/product\/11921","targetHints":{"allow":["GET"]}}],"collection":[{"href":"https:\/\/conexmetals.com\/es\/wp-json\/wp\/v2\/product"}],"about":[{"href":"https:\/\/conexmetals.com\/es\/wp-json\/wp\/v2\/types\/product"}],"wp:featuredmedia":[{"embeddable":true,"href":"https:\/\/conexmetals.com\/es\/wp-json\/wp\/v2\/media\/7132"}],"wp:attachment":[{"href":"https:\/\/conexmetals.com\/es\/wp-json\/wp\/v2\/media?parent=11921"}],"wp:term":[{"taxonomy":"product_brand","embeddable":true,"href":"https:\/\/conexmetals.com\/es\/wp-json\/wp\/v2\/product_brand?post=11921"},{"taxonomy":"product_cat","embeddable":true,"href":"https:\/\/conexmetals.com\/es\/wp-json\/wp\/v2\/product_cat?post=11921"},{"taxonomy":"product_tag","embeddable":true,"href":"https:\/\/conexmetals.com\/es\/wp-json\/wp\/v2\/product_tag?post=11921"}],"curies":[{"name":"wp","href":"https:\/\/api.w.org\/{rel}","templated":true}]}}