{"id":11926,"date":"2023-08-17T12:09:13","date_gmt":"2023-08-17T06:39:13","guid":{"rendered":"https:\/\/conexmetals.com\/?post_type=product&#038;p=11926"},"modified":"2024-10-24T14:57:38","modified_gmt":"2024-10-24T09:27:38","slug":"convertidores-adaptadores-de-rosca","status":"publish","type":"product","link":"https:\/\/conexmetals.com\/es\/producto\/convertidores-adaptadores-de-rosca\/","title":{"rendered":"Convertidores\/Adaptadores de Rosca"},"content":{"rendered":"","protected":false},"excerpt":{"rendered":"<p><span>Los convertidores\/adaptadores de rosca son accesorios especializados que se utilizan en instalaciones el\u00e9ctricas para unir componentes de conductos con distintos tipos o tama\u00f1os de rosca. Estos convertidores permiten una conexi\u00f3n segura y sin fisuras entre accesorios de conductos, cajas de conexiones u otros componentes el\u00e9ctricos que pueden tener roscas incompatibles.<\/span><\/p>\n<p><strong><span>Est\u00e1ndares de subprocesos<\/span><\/strong><\/p>\n<ul>\n<li><strong><span>Sistema m\u00e9trico ISO<\/span><\/strong><span>\u00a0: BS 3643 1981, ISO 965 \/ DIN EN 50262 (12 mm a 75 mm)<\/span><\/li>\n<li><strong><span>Imperial (ET)<\/span><\/strong><span>\u00a0: ES 31: 1979 (3\/8\u2033 a 3\u2033)<\/span><\/li>\n<li><strong><span>NPT<\/span><\/strong><span>\u00a0: ANSI \/ ASME: 1983 (1\/8\u2033 a 3\u2033)<\/span><\/li>\n<li><strong><span>BSP (G)<\/span><\/strong><span>\u00a0: 21:1985<\/span><\/li>\n<li><strong><span>PG seg\u00fan DIN 40430<\/span><\/strong><span>\u00a0:1971<\/span><\/li>\n<li><strong><span>Otros hilos<\/span><\/strong><span>\u00a0: NPTF, BSP, UNF, UNC, UNEF, BSPP, GHT, m\u00e9trico.<\/span><\/li>\n<\/ul>\n<p><strong><span>Tama\u00f1os de rosca<\/span><\/strong><\/p>\n<ul>\n<li><strong><span>Tama\u00f1os m\u00e9tricos<\/span><\/strong><span>\u00a0:<\/span><br \/>\n<span>3 mm, 4 mm, 5 mm, 6 mm, 8 mm, 10 mm, 12 mm, 16 mm, 20 mm, 25 mm, 32 mm, 40 mm, 50 mm<\/span><\/li>\n<li><strong><span>Tama\u00f1os imperiales<\/span><\/strong><span>\u00a0:<\/span><br \/>\n<span>1\/8\u2033, 1\/4\u2033, 5\/16\u2033, 3\/8\u2033, 1\/2\u2033, 3\/4\u2033, 5\/8\u2033, 1\u2033, 1-1\/4\u2033, 1-1\/2\u2033, 2\u2033, 2-1\/2\u2033, 3\u2033<\/span><\/li>\n<li><strong><span>Accesorios<\/span><\/strong><span>\u00a0:<\/span><br \/>\n<span>insertos ANPT, tuercas, tornillos, sujetadores, tuercas de moldeo, insertos PPR<\/span><\/li>\n<\/ul>\n<p><strong><span>Opciones de acabado<\/span><\/strong><\/p>\n<ul>\n<li><span>Lat\u00f3n natural<\/span><\/li>\n<li><span>Niquelado<\/span><\/li>\n<li><span>Cromado<\/span><\/li>\n<\/ul>\n<p><span>El dise\u00f1o de los convertidores\/adaptadores de rosca generalmente implica un extremo con rosca macho en un lado y un extremo con rosca hembra en el otro lado. El extremo con rosca macho est\u00e1 dise\u00f1ado para encajar en las roscas hembra de un componente de conducto, mientras que el extremo con rosca hembra se adapta a las roscas macho de otro componente con un tama\u00f1o o rosca diferente.<\/span><\/p>\n<p><strong><span>Caracter\u00edsticas y ventajas principales de los convertidores\/adaptadores de rosca para conductos de lat\u00f3n:<\/span><\/strong><\/p>\n<ul>\n<li><strong><span>Conductividad el\u00e9ctrica<\/span><\/strong><span>\u00a0: El lat\u00f3n es un excelente conductor de electricidad, lo que garantiza la continuidad el\u00e9ctrica en el sistema de conductos.<\/span><\/li>\n<li><strong><span>Resistencia a la corrosi\u00f3n<\/span><\/strong><span>\u00a0: Los convertidores\/adaptadores de rosca de lat\u00f3n est\u00e1n dise\u00f1ados para resistir la corrosi\u00f3n, lo que los hace adecuados para instalaciones el\u00e9ctricas en interiores y exteriores.<\/span><\/li>\n<li><strong><span>Resistencia mec\u00e1nica<\/span><\/strong><span>\u00a0: el lat\u00f3n proporciona conexiones resistentes y confiables, lo que garantiza la longevidad y la integridad del sistema de conductos el\u00e9ctricos.<\/span><\/li>\n<li><strong><span>Compatibilidad<\/span><\/strong><span>\u00a0: Los convertidores\/adaptadores de rosca de conducto de lat\u00f3n permiten la conexi\u00f3n de varios componentes de conducto, como conectores, acoplamientos y boquillas, con diferentes tipos o tama\u00f1os de rosca.<\/span><\/li>\n<\/ul>\n<p><strong><span>Aplicaciones comunes de los adaptadores\/convertidores de rosca para accesorios de conductos de lat\u00f3n:<\/span><\/strong><\/p>\n<ul>\n<li><span>Conexi\u00f3n de conectores de conductos o acoplamientos con diferentes tama\u00f1os de rosca.<\/span><\/li>\n<li><span>Adaptaci\u00f3n de accesorios de conductos a cajas de conexiones o armarios el\u00e9ctricos con distintos tipos de rosca.<\/span><\/li>\n<li><span>Uni\u00f3n de componentes de conductos de diferentes fabricantes con roscas incompatibles.<\/span><\/li>\n<\/ul>\n<p><span>Al utilizar adaptadores\/convertidores de rosca para conexiones de conductos de lat\u00f3n, es fundamental seleccionar el convertidor adecuado que coincida con los tipos y tama\u00f1os de rosca espec\u00edficos de los componentes del conducto que se van a conectar. Los adaptadores\/convertidores de rosca que no coincidan correctamente pueden provocar conexiones flojas o posibles peligros.<\/span><\/p>\n<p><span>Los adaptadores\/reductores de roscas de lat\u00f3n y acero inoxidable ayudan a los usuarios con tama\u00f1os de rosca diferentes. Los tapones de obturaci\u00f3n se utilizan para detener y sellar conductos y tuber\u00edas. Tambi\u00e9n se puede proporcionar una gama de accesorios para roscas, como arandelas y sellos de fibra o caucho.<\/span><\/p>\n","protected":false},"featured_media":7957,"template":"","meta":[],"product_brand":[],"product_cat":[399],"product_tag":[],"class_list":{"0":"post-11926","1":"product","2":"type-product","3":"status-publish","4":"has-post-thumbnail","6":"product_cat-accesorios-de-conductos-de-laton","8":"first","9":"instock","10":"shipping-taxable","11":"product-type-simple"},"yoast_head":"<!-- This site is optimized with the Yoast SEO plugin v27.3 - https:\/\/yoast.com\/product\/yoast-seo-wordpress\/ -->\n<title>Convertidores\/Adaptadores de Rosca<\/title>\n<meta name=\"description\" content=\"Conex se especializa en Convertidores y Adaptadores de Rosca, proporcionando soluciones esenciales para las necesidades de conversi\u00f3n de rosca. Nuestra gama de productos incluye adaptadores y convertidores de rosca en varios tama\u00f1os, garantizando la compatibilidad con diferentes sistemas y aplicaciones. Fabricados con precisi\u00f3n, nuestros adaptadores de rosca aseguran una conexi\u00f3n confiable y continua, apoyando diversos requisitos industriales y mejorando la eficiencia de los sistemas mec\u00e1nicos.\" \/>\n<meta name=\"robots\" content=\"index, follow, max-snippet:-1, max-image-preview:large, max-video-preview:-1\" \/>\n<link rel=\"canonical\" href=\"https:\/\/conexmetals.com\/es\/producto\/convertidores-adaptadores-de-rosca\/\" \/>\n<script type=\"application\/ld+json\" class=\"yoast-schema-graph\">{\"@context\":\"https:\\\/\\\/schema.org\",\"@graph\":[{\"@type\":\"WebPage\",\"@id\":\"https:\\\/\\\/conexmetals.com\\\/es\\\/producto\\\/convertidores-adaptadores-de-rosca\\\/\",\"url\":\"https:\\\/\\\/conexmetals.com\\\/es\\\/producto\\\/convertidores-adaptadores-de-rosca\\\/\",\"name\":\"Convertidores\\\/Adaptadores de Rosca\",\"isPartOf\":{\"@id\":\"https:\\\/\\\/conexmetals.com\\\/es\\\/#website\"},\"primaryImageOfPage\":{\"@id\":\"https:\\\/\\\/conexmetals.com\\\/es\\\/producto\\\/convertidores-adaptadores-de-rosca\\\/#primaryimage\"},\"image\":{\"@id\":\"https:\\\/\\\/conexmetals.com\\\/es\\\/producto\\\/convertidores-adaptadores-de-rosca\\\/#primaryimage\"},\"thumbnailUrl\":\"https:\\\/\\\/conexmetals.com\\\/wp-content\\\/uploads\\\/2024\\\/12\\\/Convertidores-de-rosca-adaptadores-y-tapones.png\",\"datePublished\":\"2023-08-17T06:39:13+00:00\",\"dateModified\":\"2024-10-24T09:27:38+00:00\",\"description\":\"Conex se especializa en Convertidores y Adaptadores de Rosca, proporcionando soluciones esenciales para las necesidades de conversi\u00f3n de rosca. Nuestra gama de productos incluye adaptadores y convertidores de rosca en varios tama\u00f1os, garantizando la compatibilidad con diferentes sistemas y aplicaciones. Fabricados con precisi\u00f3n, nuestros adaptadores de rosca aseguran una conexi\u00f3n confiable y continua, apoyando diversos requisitos industriales y mejorando la eficiencia de los sistemas mec\u00e1nicos.\",\"breadcrumb\":{\"@id\":\"https:\\\/\\\/conexmetals.com\\\/es\\\/producto\\\/convertidores-adaptadores-de-rosca\\\/#breadcrumb\"},\"inLanguage\":\"es\",\"potentialAction\":[{\"@type\":\"ReadAction\",\"target\":[\"https:\\\/\\\/conexmetals.com\\\/es\\\/producto\\\/convertidores-adaptadores-de-rosca\\\/\"]}]},{\"@type\":\"ImageObject\",\"inLanguage\":\"es\",\"@id\":\"https:\\\/\\\/conexmetals.com\\\/es\\\/producto\\\/convertidores-adaptadores-de-rosca\\\/#primaryimage\",\"url\":\"https:\\\/\\\/conexmetals.com\\\/wp-content\\\/uploads\\\/2024\\\/12\\\/Convertidores-de-rosca-adaptadores-y-tapones.png\",\"contentUrl\":\"https:\\\/\\\/conexmetals.com\\\/wp-content\\\/uploads\\\/2024\\\/12\\\/Convertidores-de-rosca-adaptadores-y-tapones.png\",\"width\":300,\"height\":300,\"caption\":\"Convertidores de rosca, adaptadores y tapones\"},{\"@type\":\"BreadcrumbList\",\"@id\":\"https:\\\/\\\/conexmetals.com\\\/es\\\/producto\\\/convertidores-adaptadores-de-rosca\\\/#breadcrumb\",\"itemListElement\":[{\"@type\":\"ListItem\",\"position\":1,\"name\":\"Home\",\"item\":\"https:\\\/\\\/conexmetals.com\\\/es\\\/hogar\\\/\"},{\"@type\":\"ListItem\",\"position\":2,\"name\":\"Products\",\"item\":\"https:\\\/\\\/conexmetals.com\\\/products\\\/\"},{\"@type\":\"ListItem\",\"position\":3,\"name\":\"Convertidores\\\/Adaptadores de Rosca\"}]},{\"@type\":\"WebSite\",\"@id\":\"https:\\\/\\\/conexmetals.com\\\/es\\\/#website\",\"url\":\"https:\\\/\\\/conexmetals.com\\\/es\\\/\",\"name\":\"Conex Metals Brass Fittings Brass Parts Copper Parts Brass Components Brass Plumbing Fittings India\",\"description\":\"Manufacturer of Bronze Fittings casting Copper Brass parts components\",\"publisher\":{\"@id\":\"https:\\\/\\\/conexmetals.com\\\/es\\\/#organization\"},\"potentialAction\":[{\"@type\":\"SearchAction\",\"target\":{\"@type\":\"EntryPoint\",\"urlTemplate\":\"https:\\\/\\\/conexmetals.com\\\/es\\\/?s={search_term_string}\"},\"query-input\":{\"@type\":\"PropertyValueSpecification\",\"valueRequired\":true,\"valueName\":\"search_term_string\"}}],\"inLanguage\":\"es\"},{\"@type\":\"Organization\",\"@id\":\"https:\\\/\\\/conexmetals.com\\\/es\\\/#organization\",\"name\":\"Conex Metals Brass Fittings Brass Parts Copper Parts Brass Components Brass Plumbing Fittings India\",\"url\":\"https:\\\/\\\/conexmetals.com\\\/es\\\/\",\"logo\":{\"@type\":\"ImageObject\",\"inLanguage\":\"es\",\"@id\":\"https:\\\/\\\/conexmetals.com\\\/es\\\/#\\\/schema\\\/logo\\\/image\\\/\",\"url\":\"https:\\\/\\\/conexmetals.com\\\/wp-content\\\/uploads\\\/2024\\\/03\\\/conex-metals-logo.webp\",\"contentUrl\":\"https:\\\/\\\/conexmetals.com\\\/wp-content\\\/uploads\\\/2024\\\/03\\\/conex-metals-logo.webp\",\"width\":300,\"height\":121,\"caption\":\"Conex Metals Brass Fittings Brass Parts Copper Parts Brass Components Brass Plumbing Fittings India\"},\"image\":{\"@id\":\"https:\\\/\\\/conexmetals.com\\\/es\\\/#\\\/schema\\\/logo\\\/image\\\/\"},\"sameAs\":[\"https:\\\/\\\/www.facebook.com\\\/conexbrass\",\"https:\\\/\\\/x.com\\\/conexindia\",\"https:\\\/\\\/www.linkedin.com\\\/company\\\/conex-metals-india\\\/\",\"https:\\\/\\\/www.instagram.com\\\/conexindia\\\/\"]}]}<\/script>\n<!-- \/ Yoast SEO plugin. -->","yoast_head_json":{"title":"Convertidores\/Adaptadores de Rosca","description":"Conex se especializa en Convertidores y Adaptadores de Rosca, proporcionando soluciones esenciales para las necesidades de conversi\u00f3n de rosca. Nuestra gama de productos incluye adaptadores y convertidores de rosca en varios tama\u00f1os, garantizando la compatibilidad con diferentes sistemas y aplicaciones. Fabricados con precisi\u00f3n, nuestros adaptadores de rosca aseguran una conexi\u00f3n confiable y continua, apoyando diversos requisitos industriales y mejorando la eficiencia de los sistemas mec\u00e1nicos.","robots":{"index":"index","follow":"follow","max-snippet":"max-snippet:-1","max-image-preview":"max-image-preview:large","max-video-preview":"max-video-preview:-1"},"canonical":"https:\/\/conexmetals.com\/es\/producto\/convertidores-adaptadores-de-rosca\/","schema":{"@context":"https:\/\/schema.org","@graph":[{"@type":"WebPage","@id":"https:\/\/conexmetals.com\/es\/producto\/convertidores-adaptadores-de-rosca\/","url":"https:\/\/conexmetals.com\/es\/producto\/convertidores-adaptadores-de-rosca\/","name":"Convertidores\/Adaptadores de Rosca","isPartOf":{"@id":"https:\/\/conexmetals.com\/es\/#website"},"primaryImageOfPage":{"@id":"https:\/\/conexmetals.com\/es\/producto\/convertidores-adaptadores-de-rosca\/#primaryimage"},"image":{"@id":"https:\/\/conexmetals.com\/es\/producto\/convertidores-adaptadores-de-rosca\/#primaryimage"},"thumbnailUrl":"https:\/\/conexmetals.com\/wp-content\/uploads\/2024\/12\/Convertidores-de-rosca-adaptadores-y-tapones.png","datePublished":"2023-08-17T06:39:13+00:00","dateModified":"2024-10-24T09:27:38+00:00","description":"Conex se especializa en Convertidores y Adaptadores de Rosca, proporcionando soluciones esenciales para las necesidades de conversi\u00f3n de rosca. Nuestra gama de productos incluye adaptadores y convertidores de rosca en varios tama\u00f1os, garantizando la compatibilidad con diferentes sistemas y aplicaciones. Fabricados con precisi\u00f3n, nuestros adaptadores de rosca aseguran una conexi\u00f3n confiable y continua, apoyando diversos requisitos industriales y mejorando la eficiencia de los sistemas mec\u00e1nicos.","breadcrumb":{"@id":"https:\/\/conexmetals.com\/es\/producto\/convertidores-adaptadores-de-rosca\/#breadcrumb"},"inLanguage":"es","potentialAction":[{"@type":"ReadAction","target":["https:\/\/conexmetals.com\/es\/producto\/convertidores-adaptadores-de-rosca\/"]}]},{"@type":"ImageObject","inLanguage":"es","@id":"https:\/\/conexmetals.com\/es\/producto\/convertidores-adaptadores-de-rosca\/#primaryimage","url":"https:\/\/conexmetals.com\/wp-content\/uploads\/2024\/12\/Convertidores-de-rosca-adaptadores-y-tapones.png","contentUrl":"https:\/\/conexmetals.com\/wp-content\/uploads\/2024\/12\/Convertidores-de-rosca-adaptadores-y-tapones.png","width":300,"height":300,"caption":"Convertidores de rosca, adaptadores y tapones"},{"@type":"BreadcrumbList","@id":"https:\/\/conexmetals.com\/es\/producto\/convertidores-adaptadores-de-rosca\/#breadcrumb","itemListElement":[{"@type":"ListItem","position":1,"name":"Home","item":"https:\/\/conexmetals.com\/es\/hogar\/"},{"@type":"ListItem","position":2,"name":"Products","item":"https:\/\/conexmetals.com\/products\/"},{"@type":"ListItem","position":3,"name":"Convertidores\/Adaptadores de Rosca"}]},{"@type":"WebSite","@id":"https:\/\/conexmetals.com\/es\/#website","url":"https:\/\/conexmetals.com\/es\/","name":"Conex Metals Brass Fittings Brass Parts Copper Parts Brass Components Brass Plumbing Fittings India","description":"Manufacturer of Bronze Fittings casting Copper Brass parts components","publisher":{"@id":"https:\/\/conexmetals.com\/es\/#organization"},"potentialAction":[{"@type":"SearchAction","target":{"@type":"EntryPoint","urlTemplate":"https:\/\/conexmetals.com\/es\/?s={search_term_string}"},"query-input":{"@type":"PropertyValueSpecification","valueRequired":true,"valueName":"search_term_string"}}],"inLanguage":"es"},{"@type":"Organization","@id":"https:\/\/conexmetals.com\/es\/#organization","name":"Conex Metals Brass Fittings Brass Parts Copper Parts Brass Components Brass Plumbing Fittings India","url":"https:\/\/conexmetals.com\/es\/","logo":{"@type":"ImageObject","inLanguage":"es","@id":"https:\/\/conexmetals.com\/es\/#\/schema\/logo\/image\/","url":"https:\/\/conexmetals.com\/wp-content\/uploads\/2024\/03\/conex-metals-logo.webp","contentUrl":"https:\/\/conexmetals.com\/wp-content\/uploads\/2024\/03\/conex-metals-logo.webp","width":300,"height":121,"caption":"Conex Metals Brass Fittings Brass Parts Copper Parts Brass Components Brass Plumbing Fittings India"},"image":{"@id":"https:\/\/conexmetals.com\/es\/#\/schema\/logo\/image\/"},"sameAs":["https:\/\/www.facebook.com\/conexbrass","https:\/\/x.com\/conexindia","https:\/\/www.linkedin.com\/company\/conex-metals-india\/","https:\/\/www.instagram.com\/conexindia\/"]}]}},"_links":{"self":[{"href":"https:\/\/conexmetals.com\/es\/wp-json\/wp\/v2\/product\/11926","targetHints":{"allow":["GET"]}}],"collection":[{"href":"https:\/\/conexmetals.com\/es\/wp-json\/wp\/v2\/product"}],"about":[{"href":"https:\/\/conexmetals.com\/es\/wp-json\/wp\/v2\/types\/product"}],"wp:featuredmedia":[{"embeddable":true,"href":"https:\/\/conexmetals.com\/es\/wp-json\/wp\/v2\/media\/7957"}],"wp:attachment":[{"href":"https:\/\/conexmetals.com\/es\/wp-json\/wp\/v2\/media?parent=11926"}],"wp:term":[{"taxonomy":"product_brand","embeddable":true,"href":"https:\/\/conexmetals.com\/es\/wp-json\/wp\/v2\/product_brand?post=11926"},{"taxonomy":"product_cat","embeddable":true,"href":"https:\/\/conexmetals.com\/es\/wp-json\/wp\/v2\/product_cat?post=11926"},{"taxonomy":"product_tag","embeddable":true,"href":"https:\/\/conexmetals.com\/es\/wp-json\/wp\/v2\/product_tag?post=11926"}],"curies":[{"name":"wp","href":"https:\/\/api.w.org\/{rel}","templated":true}]}}