{"id":11946,"date":"2023-08-17T12:16:44","date_gmt":"2023-08-17T06:46:44","guid":{"rendered":"https:\/\/conexmetals.com\/?post_type=product&#038;p=11946"},"modified":"2024-10-25T15:03:29","modified_gmt":"2024-10-25T09:33:29","slug":"accesorios-de-laton-para-conductos-flexibles","status":"publish","type":"product","link":"https:\/\/conexmetals.com\/es\/producto\/accesorios-de-laton-para-conductos-flexibles\/","title":{"rendered":"Accesorios de Lat\u00f3n para Conductos Flexibles"},"content":{"rendered":"","protected":false},"excerpt":{"rendered":"<div class=\"elementor-element elementor-element-672075d elementor-widget__width-initial e-transform elementor-widget-mobile__width-initial elementor-widget elementor-widget-woocommerce-product-images\" data-id=\"672075d\" data-element_type=\"widget\" data-settings=\"{&quot;_transform_scale_effect&quot;:{&quot;unit&quot;:&quot;px&quot;,&quot;size&quot;:1,&quot;sizes&quot;:[]},&quot;_transform_scale_effect_tablet&quot;:{&quot;unit&quot;:&quot;px&quot;,&quot;size&quot;:&quot;&quot;,&quot;sizes&quot;:[]},&quot;_transform_scale_effect_mobile&quot;:{&quot;unit&quot;:&quot;px&quot;,&quot;size&quot;:&quot;&quot;,&quot;sizes&quot;:[]}}\" data-widget_type=\"woocommerce-product-images.default\">\n<div class=\"elementor-widget-container\">\n<div class=\"woocommerce-product-gallery woocommerce-product-gallery--with-images woocommerce-product-gallery--columns-4 images\" data-columns=\"4\">\n<div class=\"woocommerce-product-gallery__wrapper\">\n<div class=\"woocommerce-product-gallery__image\" data-thumb=\"https:\/\/conexmetals.com\/wp-content\/uploads\/2023\/08\/Brass-Conduit-Fittings-100x100.png\" data-thumb-alt=\"Brass Fittings for Flexible Conduits\" data-thumb-srcset=\"https:\/\/conexmetals.com\/wp-content\/uploads\/2023\/08\/Brass-Conduit-Fittings-100x100.png 100w, https:\/\/conexmetals.com\/wp-content\/uploads\/2023\/08\/Brass-Conduit-Fittings-300x300.png 300w, https:\/\/conexmetals.com\/wp-content\/uploads\/2023\/08\/Brass-Conduit-Fittings-150x150.png 150w, https:\/\/conexmetals.com\/wp-content\/uploads\/2023\/08\/Brass-Conduit-Fittings.png 350w\"><\/div>\n<\/div>\n<\/div>\n<\/div>\n<\/div>\n<div class=\"elementor-element elementor-element-36d2ab8 elementor-widget elementor-widget-woocommerce-product-short-description\" data-id=\"36d2ab8\" data-element_type=\"widget\" data-widget_type=\"woocommerce-product-short-description.default\">\n<div class=\"elementor-widget-container\">\n<div class=\"woocommerce-product-details__short-description\">\n<p><span>Los accesorios de lat\u00f3n para conductos flexibles son componentes especializados que se utilizan en instalaciones el\u00e9ctricas para conectar y asegurar conductos flexibles. Estos accesorios est\u00e1n dise\u00f1ados espec\u00edficamente para su uso con conductos flexibles, que son m\u00e1s flexibles y adaptables en comparaci\u00f3n con los conductos met\u00e1licos r\u00edgidos. El lat\u00f3n se elige como material para estos accesorios debido a su excelente conductividad el\u00e9ctrica, resistencia a la corrosi\u00f3n y resistencia mec\u00e1nica.<\/span><\/p>\n<p><span>Algunos tipos comunes de accesorios de conductos de lat\u00f3n para conductos flexibles incluyen:<\/span><\/p>\n<ol>\n<li><b><\/b><strong><b><span>Conectores de conductos de lat\u00f3n:<\/span><\/b><\/strong><span>\u00a0estos accesorios se utilizan para conectar los extremos de conductos flexibles entre s\u00ed o a cajas de conexiones, cajas u otros dispositivos el\u00e9ctricos. Proporcionan una conexi\u00f3n segura y confiable, lo que garantiza que el conducto permanezca correctamente enrutado y protegido.<\/span><\/li>\n<li><b><\/b><strong><b><span>Adaptadores de conductos de lat\u00f3n:<\/span><\/b><\/strong><span>\u00a0los adaptadores de lat\u00f3n se utilizan para realizar la transici\u00f3n entre distintos tama\u00f1os o tipos de conductos flexibles o para conectar conductos flexibles a accesorios de conductos r\u00edgidos. Permiten flexibilidad en el sistema de conductos y, al mismo tiempo, mantienen la compatibilidad con varios componentes.<\/span><\/li>\n<li><b><\/b><strong><b><span>Codos de lat\u00f3n para conductos:<\/span><\/b><\/strong><span>\u00a0estos accesorios est\u00e1n dise\u00f1ados para cambiar la direcci\u00f3n del conducto flexible, lo que le permite sortear obst\u00e1culos o realizar curvas suaves. Los codos de lat\u00f3n para conductos garantizan que el conducto mantenga su flexibilidad y, al mismo tiempo, proporcione una conexi\u00f3n segura.<\/span><\/li>\n<li><b><\/b><strong><b><span>Acoplamientos de lat\u00f3n para conductos:<\/span><\/b><\/strong><span>\u00a0los acoplamientos se utilizan para unir dos piezas de conducto flexible del mismo tama\u00f1o. Proporcionan una conexi\u00f3n segura que mantiene la continuidad del sistema de conductos.<\/span><\/li>\n<li><b><\/b><strong><b><span>Contratuercas de lat\u00f3n para conductos:<\/span><\/b><\/strong><span>\u00a0las contratuercas se utilizan para asegurar los conectores de conductos flexibles a las cajas de conexiones o los gabinetes. Garantizan que las conexiones permanezcan firmemente en su lugar.<\/span><\/li>\n<li><b><\/b><strong><b><span>Bujes de lat\u00f3n para conductos:<\/span><\/b><\/strong><span>\u00a0los bujes se utilizan para proteger los bordes de los conductos flexibles y los cables cuando ingresan a las cajas de conexiones o los gabinetes. Evitan que los bordes filosos da\u00f1en el aislamiento de los cables.<\/span><\/li>\n<\/ol>\n<p><span>Los accesorios de lat\u00f3n para conductos flexibles se utilizan com\u00fanmente en diversas instalaciones el\u00e9ctricas, incluidas aplicaciones residenciales, comerciales e industriales. Ofrecen flexibilidad y facilidad de instalaci\u00f3n, lo que los hace adecuados para aplicaciones en las que los conductos met\u00e1licos r\u00edgidos pueden resultar dif\u00edciles de usar.<\/span><\/p>\n<p><span>Al utilizar accesorios de lat\u00f3n para conductos flexibles, es importante seleccionar el accesorio adecuado que coincida con el tama\u00f1o y el tipo del conducto flexible que se est\u00e9 utilizando.<\/span><\/p>\n<p>&nbsp;<\/p>\n<p><span>Conectores de conductos flexibles de lat\u00f3n y adaptadores de conductos<\/span><\/p>\n<p><span>(Conectores internos y externos de conductos macho y hembra)<\/span><\/p>\n<p><strong><span>Material<\/span><\/strong><br \/>\n<span>Lat\u00f3n seg\u00fan BS 2874.<\/span><\/p>\n<p><strong><span>Acabado Niquelado<\/span><br \/>\n<\/strong><span>.<\/span><\/p>\n<p><strong><span>Roscas<\/span><br \/>\n<\/strong><span>M\u00e9tricas \/ PG \/ Imperiales.<\/span><\/p>\n<p>&nbsp;<\/p>\n<p><strong><span>Conectores de conductos flexibles de lat\u00f3n (macho y hembra)\u00a0 \u00a0 \u00a0 \u00a0<\/span><\/strong><\/p>\n<p><span>Conectores niquelados de 2 piezas aptos para conductos de PVC\/acero. Disponibles en forma fija y giratoria.<\/span><\/p>\n<table id=\"tablepress-231\" class=\"tablepress tablepress-id-231\">\n<caption>\u00a0<\/caption>\n<thead>\n<tr class=\"row-1 odd\">\n<th class=\"column-1\" colspan=\"2\"><span>Conectores de conductos flexibles de lat\u00f3n (macho y hembra)<\/span><\/th>\n<\/tr>\n<\/thead>\n<tbody class=\"row-hover\">\n<tr class=\"row-2 even\">\n<td class=\"column-1\"><strong><span>Conducto flexible<\/span><\/strong><\/td>\n<td class=\"column-2\"><strong><span>Conducto r\u00edgido<\/span><\/strong><\/td>\n<\/tr>\n<tr class=\"row-3 odd\">\n<td class=\"column-1\"><span>12 mm x 16 mm<\/span><\/td>\n<td class=\"column-2\"><span>CF 12 \/ CS 12<\/span><\/td>\n<\/tr>\n<tr class=\"row-4 even\">\n<td class=\"column-1\"><span>16 mm x 20 mm<\/span><\/td>\n<td class=\"column-2\"><span>CF 13 \/ CS 13<\/span><\/td>\n<\/tr>\n<tr class=\"row-5 odd\">\n<td class=\"column-1\"><span>20 mm x 20 mm<\/span><\/td>\n<td class=\"column-2\"><span>CF 14 \/ CS 14<\/span><\/td>\n<\/tr>\n<tr class=\"row-6 even\">\n<td class=\"column-1\"><span>25 mm x 25 mm<\/span><\/td>\n<td class=\"column-2\"><span>CF 15 \/ CS 15<\/span><\/td>\n<\/tr>\n<tr class=\"row-7 odd\">\n<td class=\"column-1\"><span>32 mm x 32 mm<\/span><\/td>\n<td class=\"column-2\"><span>CF 16 \/ CS 16<\/span><\/td>\n<\/tr>\n<tr class=\"row-8 even\">\n<td class=\"column-1\"><span>40 mm x 40 mm<\/span><\/td>\n<td class=\"column-2\"><span>CF 17 \/ CS 17<\/span><\/td>\n<\/tr>\n<tr class=\"row-9 odd\">\n<td class=\"column-1\"><span>50 mm x 50 mm<\/span><\/td>\n<td class=\"column-2\"><span>CF 18 \/ CS 18<\/span><\/td>\n<\/tr>\n<\/tbody>\n<\/table>\n<p><strong><span>Adaptadores de conducto flexible de lat\u00f3n (macho y hembra)\u00a0\u00a0\u00a0\u00a0<\/span><\/strong><\/p>\n<p><span>Una pieza de adaptadores de lat\u00f3n adecuados para conductos de acero \/ PVC.<\/span><\/p>\n<table id=\"tablepress-230\" class=\"tablepress tablepress-id-230\">\n<caption>\u00a0<\/caption>\n<thead>\n<tr class=\"row-1 odd\">\n<th class=\"column-1\" colspan=\"3\"><span>Adaptadores de conducto flexible de lat\u00f3n (macho y hembra)<\/span><\/th>\n<\/tr>\n<\/thead>\n<tbody class=\"row-hover\">\n<tr class=\"row-2 even\">\n<td class=\"column-1\"><strong><span>Conducto flexible<\/span><\/strong><\/td>\n<td class=\"column-2\"><strong><span>Conducto r\u00edgido<\/span><\/strong><\/td>\n<td class=\"column-3\"><strong><span>C\u00f3digo No.<\/span><\/strong><\/td>\n<\/tr>\n<tr class=\"row-3 odd\">\n<td class=\"column-1\"><span>5\/8&#8243; (16 mm)<\/span><\/td>\n<td class=\"column-2\"><span>3\/4&#8243; (20 mm)<\/span><\/td>\n<td class=\"column-3\"><span>CA 12<\/span><\/td>\n<\/tr>\n<tr class=\"row-4 even\">\n<td class=\"column-1\"><span>3\/4&#8243; (20 mm)<\/span><\/td>\n<td class=\"column-2\"><span>3\/4&#8243; (20 mm)<\/span><\/td>\n<td class=\"column-3\"><span>CA 13<\/span><\/td>\n<\/tr>\n<tr class=\"row-5 odd\">\n<td class=\"column-1\"><span>3\/4&#8243; (20 mm)<\/span><\/td>\n<td class=\"column-2\"><span>1 pulgada (25 mm)<\/span><\/td>\n<td class=\"column-3\"><span>CA 14<\/span><\/td>\n<\/tr>\n<tr class=\"row-6 even\">\n<td class=\"column-1\"><span>1 pulgada (25 mm)<\/span><\/td>\n<td class=\"column-2\"><span>1 pulgada (25 mm)<\/span><\/td>\n<td class=\"column-3\"><span>CA 15<\/span><\/td>\n<\/tr>\n<tr class=\"row-7 odd\">\n<td class=\"column-1\"><span>1 1\/4&#8243; (32 mm)<\/span><\/td>\n<td class=\"column-2\"><span>1 1\/4&#8243; (32 mm)<\/span><\/td>\n<td class=\"column-3\"><span>CA 16<\/span><\/td>\n<\/tr>\n<tr class=\"row-8 even\">\n<td class=\"column-1\"><span>1 1\/2&#8243; (40 mm)<\/span><\/td>\n<td class=\"column-2\"><span>1 1\/2&#8243; (40 mm)<\/span><\/td>\n<td class=\"column-3\"><span>CA 17<\/span><\/td>\n<\/tr>\n<tr class=\"row-9 odd\">\n<td class=\"column-1\"><span>2&#8243; (50 mm)<\/span><\/td>\n<td class=\"column-2\"><span>2&#8243; (50 mm)<\/span><\/td>\n<td class=\"column-3\"><span>CA 18<\/span><\/td>\n<\/tr>\n<\/tbody>\n<\/table>\n<p>&nbsp;<\/p>\n<p><strong><span>Tapones ranurados macho y hembra de lat\u00f3n<\/span><\/strong><\/p>\n<p><strong><span>Material<\/span><br \/>\n<\/strong><span>Lat\u00f3n seg\u00fan BS 2874.<\/span><\/p>\n<p><strong><span>Acabado\u00a0\u00a0<\/span><\/strong><br \/>\n<span>Lat\u00f3n como natural.<\/span><\/p>\n<p><strong><span>Tama\u00f1os\u00a0\u00a0<\/span><\/strong><br \/>\n<span>m\u00e9tricos de 20 mm a 50 mm (patr\u00f3n corto y largo)<\/span><\/p>\n<p><strong><span>Imperial<\/span><br \/>\n<\/strong><span>3\/4 a 2\u2033 (patr\u00f3n corto y largo)<\/span><\/p>\n<p><strong><span>Roscas\u00a0\u00a0\u00a0\u00a0\u00a0\u00a0\u00a0\u00a0\u00a0\u00a0<\/span><\/strong><br \/>\n<span>M\u00e9tricas \/ PG \/ Imperiales.<\/span><\/p>\n<p>&nbsp;<\/p>\n<p><strong><span>Accesorios de 45\u00b0 y 90\u00b0 para conductos de lat\u00f3n flexibles, en espiral y herm\u00e9ticos<\/span><\/strong><\/p>\n<p><strong><span>Caracter\u00edsticas<\/span><\/strong><span>\u00a0\u00a0 Fundici\u00f3n a presi\u00f3n de una sola pieza y mecanizado con o sin sello de pl\u00e1stico para garantizar una clasificaci\u00f3n IP m\u00e1s alta. Los tama\u00f1os var\u00edan y podemos fabricarlos espec\u00edficamente seg\u00fan los requisitos del cliente, disponibles con tuercas de seguridad.<\/span><\/p>\n<p><strong><span>Acabado<\/span><\/strong><br \/>\n<span>niquelado o cromado.<\/span><\/p>\n<\/div>\n<\/div>\n<\/div>\n","protected":false},"featured_media":7622,"template":"","meta":[],"product_brand":[],"product_cat":[399],"product_tag":[],"class_list":{"0":"post-11946","1":"product","2":"type-product","3":"status-publish","4":"has-post-thumbnail","6":"product_cat-accesorios-de-conductos-de-laton","8":"first","9":"instock","10":"shipping-taxable","11":"product-type-simple"},"yoast_head":"<!-- This site is optimized with the Yoast SEO plugin v27.3 - https:\/\/yoast.com\/product\/yoast-seo-wordpress\/ -->\n<title>Accesorios de Lat\u00f3n para Conductos Flexibles<\/title>\n<meta name=\"description\" content=\"Conex fabrica y exporta Accesorios de Lat\u00f3n para Conductos Flexibles, incluyendo sistemas de conductos de metal y PVC. Nuestra gama de productos incluye tuber\u00edas el\u00e9ctricas flexibles, conducto flexible GI y conductos herm\u00e9ticos. Dise\u00f1ados para durabilidad y facilidad de instalaci\u00f3n, nuestros accesorios garantizan conexiones seguras para sistemas de conducto flexible.\" \/>\n<meta name=\"robots\" content=\"index, follow, max-snippet:-1, max-image-preview:large, max-video-preview:-1\" \/>\n<link rel=\"canonical\" href=\"https:\/\/conexmetals.com\/es\/producto\/accesorios-de-laton-para-conductos-flexibles\/\" \/>\n<script type=\"application\/ld+json\" class=\"yoast-schema-graph\">{\"@context\":\"https:\\\/\\\/schema.org\",\"@graph\":[{\"@type\":\"WebPage\",\"@id\":\"https:\\\/\\\/conexmetals.com\\\/es\\\/producto\\\/accesorios-de-laton-para-conductos-flexibles\\\/\",\"url\":\"https:\\\/\\\/conexmetals.com\\\/es\\\/producto\\\/accesorios-de-laton-para-conductos-flexibles\\\/\",\"name\":\"Accesorios de Lat\u00f3n para Conductos Flexibles\",\"isPartOf\":{\"@id\":\"https:\\\/\\\/conexmetals.com\\\/es\\\/#website\"},\"primaryImageOfPage\":{\"@id\":\"https:\\\/\\\/conexmetals.com\\\/es\\\/producto\\\/accesorios-de-laton-para-conductos-flexibles\\\/#primaryimage\"},\"image\":{\"@id\":\"https:\\\/\\\/conexmetals.com\\\/es\\\/producto\\\/accesorios-de-laton-para-conductos-flexibles\\\/#primaryimage\"},\"thumbnailUrl\":\"https:\\\/\\\/conexmetals.com\\\/wp-content\\\/uploads\\\/2024\\\/10\\\/Accesorios-de-Conducto-de-Laton.png\",\"datePublished\":\"2023-08-17T06:46:44+00:00\",\"dateModified\":\"2024-10-25T09:33:29+00:00\",\"description\":\"Conex fabrica y exporta Accesorios de Lat\u00f3n para Conductos Flexibles, incluyendo sistemas de conductos de metal y PVC. Nuestra gama de productos incluye tuber\u00edas el\u00e9ctricas flexibles, conducto flexible GI y conductos herm\u00e9ticos. Dise\u00f1ados para durabilidad y facilidad de instalaci\u00f3n, nuestros accesorios garantizan conexiones seguras para sistemas de conducto flexible.\",\"breadcrumb\":{\"@id\":\"https:\\\/\\\/conexmetals.com\\\/es\\\/producto\\\/accesorios-de-laton-para-conductos-flexibles\\\/#breadcrumb\"},\"inLanguage\":\"es\",\"potentialAction\":[{\"@type\":\"ReadAction\",\"target\":[\"https:\\\/\\\/conexmetals.com\\\/es\\\/producto\\\/accesorios-de-laton-para-conductos-flexibles\\\/\"]}]},{\"@type\":\"ImageObject\",\"inLanguage\":\"es\",\"@id\":\"https:\\\/\\\/conexmetals.com\\\/es\\\/producto\\\/accesorios-de-laton-para-conductos-flexibles\\\/#primaryimage\",\"url\":\"https:\\\/\\\/conexmetals.com\\\/wp-content\\\/uploads\\\/2024\\\/10\\\/Accesorios-de-Conducto-de-Laton.png\",\"contentUrl\":\"https:\\\/\\\/conexmetals.com\\\/wp-content\\\/uploads\\\/2024\\\/10\\\/Accesorios-de-Conducto-de-Laton.png\",\"width\":300,\"height\":300,\"caption\":\"Accesorios de Conducto de Lat\u00f3n\"},{\"@type\":\"BreadcrumbList\",\"@id\":\"https:\\\/\\\/conexmetals.com\\\/es\\\/producto\\\/accesorios-de-laton-para-conductos-flexibles\\\/#breadcrumb\",\"itemListElement\":[{\"@type\":\"ListItem\",\"position\":1,\"name\":\"Home\",\"item\":\"https:\\\/\\\/conexmetals.com\\\/es\\\/hogar\\\/\"},{\"@type\":\"ListItem\",\"position\":2,\"name\":\"Products\",\"item\":\"https:\\\/\\\/conexmetals.com\\\/products\\\/\"},{\"@type\":\"ListItem\",\"position\":3,\"name\":\"Accesorios de Lat\u00f3n para Conductos Flexibles\"}]},{\"@type\":\"WebSite\",\"@id\":\"https:\\\/\\\/conexmetals.com\\\/es\\\/#website\",\"url\":\"https:\\\/\\\/conexmetals.com\\\/es\\\/\",\"name\":\"Conex Metals Brass Fittings Brass Parts Copper Parts Brass Components Brass Plumbing Fittings India\",\"description\":\"Manufacturer of Bronze Fittings casting Copper Brass parts components\",\"publisher\":{\"@id\":\"https:\\\/\\\/conexmetals.com\\\/es\\\/#organization\"},\"potentialAction\":[{\"@type\":\"SearchAction\",\"target\":{\"@type\":\"EntryPoint\",\"urlTemplate\":\"https:\\\/\\\/conexmetals.com\\\/es\\\/?s={search_term_string}\"},\"query-input\":{\"@type\":\"PropertyValueSpecification\",\"valueRequired\":true,\"valueName\":\"search_term_string\"}}],\"inLanguage\":\"es\"},{\"@type\":\"Organization\",\"@id\":\"https:\\\/\\\/conexmetals.com\\\/es\\\/#organization\",\"name\":\"Conex Metals Brass Fittings Brass Parts Copper Parts Brass Components Brass Plumbing Fittings India\",\"url\":\"https:\\\/\\\/conexmetals.com\\\/es\\\/\",\"logo\":{\"@type\":\"ImageObject\",\"inLanguage\":\"es\",\"@id\":\"https:\\\/\\\/conexmetals.com\\\/es\\\/#\\\/schema\\\/logo\\\/image\\\/\",\"url\":\"https:\\\/\\\/conexmetals.com\\\/wp-content\\\/uploads\\\/2024\\\/03\\\/conex-metals-logo.webp\",\"contentUrl\":\"https:\\\/\\\/conexmetals.com\\\/wp-content\\\/uploads\\\/2024\\\/03\\\/conex-metals-logo.webp\",\"width\":300,\"height\":121,\"caption\":\"Conex Metals Brass Fittings Brass Parts Copper Parts Brass Components Brass Plumbing Fittings India\"},\"image\":{\"@id\":\"https:\\\/\\\/conexmetals.com\\\/es\\\/#\\\/schema\\\/logo\\\/image\\\/\"},\"sameAs\":[\"https:\\\/\\\/www.facebook.com\\\/conexbrass\",\"https:\\\/\\\/x.com\\\/conexindia\",\"https:\\\/\\\/www.linkedin.com\\\/company\\\/conex-metals-india\\\/\",\"https:\\\/\\\/www.instagram.com\\\/conexindia\\\/\"]}]}<\/script>\n<!-- \/ Yoast SEO plugin. -->","yoast_head_json":{"title":"Accesorios de Lat\u00f3n para Conductos Flexibles","description":"Conex fabrica y exporta Accesorios de Lat\u00f3n para Conductos Flexibles, incluyendo sistemas de conductos de metal y PVC. Nuestra gama de productos incluye tuber\u00edas el\u00e9ctricas flexibles, conducto flexible GI y conductos herm\u00e9ticos. Dise\u00f1ados para durabilidad y facilidad de instalaci\u00f3n, nuestros accesorios garantizan conexiones seguras para sistemas de conducto flexible.","robots":{"index":"index","follow":"follow","max-snippet":"max-snippet:-1","max-image-preview":"max-image-preview:large","max-video-preview":"max-video-preview:-1"},"canonical":"https:\/\/conexmetals.com\/es\/producto\/accesorios-de-laton-para-conductos-flexibles\/","schema":{"@context":"https:\/\/schema.org","@graph":[{"@type":"WebPage","@id":"https:\/\/conexmetals.com\/es\/producto\/accesorios-de-laton-para-conductos-flexibles\/","url":"https:\/\/conexmetals.com\/es\/producto\/accesorios-de-laton-para-conductos-flexibles\/","name":"Accesorios de Lat\u00f3n para Conductos Flexibles","isPartOf":{"@id":"https:\/\/conexmetals.com\/es\/#website"},"primaryImageOfPage":{"@id":"https:\/\/conexmetals.com\/es\/producto\/accesorios-de-laton-para-conductos-flexibles\/#primaryimage"},"image":{"@id":"https:\/\/conexmetals.com\/es\/producto\/accesorios-de-laton-para-conductos-flexibles\/#primaryimage"},"thumbnailUrl":"https:\/\/conexmetals.com\/wp-content\/uploads\/2024\/10\/Accesorios-de-Conducto-de-Laton.png","datePublished":"2023-08-17T06:46:44+00:00","dateModified":"2024-10-25T09:33:29+00:00","description":"Conex fabrica y exporta Accesorios de Lat\u00f3n para Conductos Flexibles, incluyendo sistemas de conductos de metal y PVC. Nuestra gama de productos incluye tuber\u00edas el\u00e9ctricas flexibles, conducto flexible GI y conductos herm\u00e9ticos. Dise\u00f1ados para durabilidad y facilidad de instalaci\u00f3n, nuestros accesorios garantizan conexiones seguras para sistemas de conducto flexible.","breadcrumb":{"@id":"https:\/\/conexmetals.com\/es\/producto\/accesorios-de-laton-para-conductos-flexibles\/#breadcrumb"},"inLanguage":"es","potentialAction":[{"@type":"ReadAction","target":["https:\/\/conexmetals.com\/es\/producto\/accesorios-de-laton-para-conductos-flexibles\/"]}]},{"@type":"ImageObject","inLanguage":"es","@id":"https:\/\/conexmetals.com\/es\/producto\/accesorios-de-laton-para-conductos-flexibles\/#primaryimage","url":"https:\/\/conexmetals.com\/wp-content\/uploads\/2024\/10\/Accesorios-de-Conducto-de-Laton.png","contentUrl":"https:\/\/conexmetals.com\/wp-content\/uploads\/2024\/10\/Accesorios-de-Conducto-de-Laton.png","width":300,"height":300,"caption":"Accesorios de Conducto de Lat\u00f3n"},{"@type":"BreadcrumbList","@id":"https:\/\/conexmetals.com\/es\/producto\/accesorios-de-laton-para-conductos-flexibles\/#breadcrumb","itemListElement":[{"@type":"ListItem","position":1,"name":"Home","item":"https:\/\/conexmetals.com\/es\/hogar\/"},{"@type":"ListItem","position":2,"name":"Products","item":"https:\/\/conexmetals.com\/products\/"},{"@type":"ListItem","position":3,"name":"Accesorios de Lat\u00f3n para Conductos Flexibles"}]},{"@type":"WebSite","@id":"https:\/\/conexmetals.com\/es\/#website","url":"https:\/\/conexmetals.com\/es\/","name":"Conex Metals Brass Fittings Brass Parts Copper Parts Brass Components Brass Plumbing Fittings India","description":"Manufacturer of Bronze Fittings casting Copper Brass parts components","publisher":{"@id":"https:\/\/conexmetals.com\/es\/#organization"},"potentialAction":[{"@type":"SearchAction","target":{"@type":"EntryPoint","urlTemplate":"https:\/\/conexmetals.com\/es\/?s={search_term_string}"},"query-input":{"@type":"PropertyValueSpecification","valueRequired":true,"valueName":"search_term_string"}}],"inLanguage":"es"},{"@type":"Organization","@id":"https:\/\/conexmetals.com\/es\/#organization","name":"Conex Metals Brass Fittings Brass Parts Copper Parts Brass Components Brass Plumbing Fittings India","url":"https:\/\/conexmetals.com\/es\/","logo":{"@type":"ImageObject","inLanguage":"es","@id":"https:\/\/conexmetals.com\/es\/#\/schema\/logo\/image\/","url":"https:\/\/conexmetals.com\/wp-content\/uploads\/2024\/03\/conex-metals-logo.webp","contentUrl":"https:\/\/conexmetals.com\/wp-content\/uploads\/2024\/03\/conex-metals-logo.webp","width":300,"height":121,"caption":"Conex Metals Brass Fittings Brass Parts Copper Parts Brass Components Brass Plumbing Fittings India"},"image":{"@id":"https:\/\/conexmetals.com\/es\/#\/schema\/logo\/image\/"},"sameAs":["https:\/\/www.facebook.com\/conexbrass","https:\/\/x.com\/conexindia","https:\/\/www.linkedin.com\/company\/conex-metals-india\/","https:\/\/www.instagram.com\/conexindia\/"]}]}},"_links":{"self":[{"href":"https:\/\/conexmetals.com\/es\/wp-json\/wp\/v2\/product\/11946","targetHints":{"allow":["GET"]}}],"collection":[{"href":"https:\/\/conexmetals.com\/es\/wp-json\/wp\/v2\/product"}],"about":[{"href":"https:\/\/conexmetals.com\/es\/wp-json\/wp\/v2\/types\/product"}],"wp:featuredmedia":[{"embeddable":true,"href":"https:\/\/conexmetals.com\/es\/wp-json\/wp\/v2\/media\/7622"}],"wp:attachment":[{"href":"https:\/\/conexmetals.com\/es\/wp-json\/wp\/v2\/media?parent=11946"}],"wp:term":[{"taxonomy":"product_brand","embeddable":true,"href":"https:\/\/conexmetals.com\/es\/wp-json\/wp\/v2\/product_brand?post=11946"},{"taxonomy":"product_cat","embeddable":true,"href":"https:\/\/conexmetals.com\/es\/wp-json\/wp\/v2\/product_cat?post=11946"},{"taxonomy":"product_tag","embeddable":true,"href":"https:\/\/conexmetals.com\/es\/wp-json\/wp\/v2\/product_tag?post=11946"}],"curies":[{"name":"wp","href":"https:\/\/api.w.org\/{rel}","templated":true}]}}