{"id":11951,"date":"2023-08-17T12:12:14","date_gmt":"2023-08-17T06:42:14","guid":{"rendered":"https:\/\/conexmetals.com\/?post_type=product&#038;p=11951"},"modified":"2024-10-25T15:48:52","modified_gmt":"2024-10-25T10:18:52","slug":"casquillos-macho-y-hembra-de-laton-con-tapones-ranurados","status":"publish","type":"product","link":"https:\/\/conexmetals.com\/es\/producto\/casquillos-macho-y-hembra-de-laton-con-tapones-ranurados\/","title":{"rendered":"Casquillos Macho y Hembra de Lat\u00f3n con Tapones Ranurados"},"content":{"rendered":"","protected":false},"excerpt":{"rendered":"<table id=\"tablepress-380\" class=\"tablepress tablepress-id-380\">\n<caption>\u00a0<\/caption>\n<thead>\n<tr class=\"row-1 odd\">\n<th class=\"column-1\" colspan=\"2\"><strong><span>Tapones ranurados macho y hembra de lat\u00f3n<\/span><\/strong><\/th>\n<\/tr>\n<\/thead>\n<tbody class=\"row-hover\">\n<tr class=\"row-2 even\">\n<td class=\"column-1\"><strong><span>Material\u00a0\u00a0<\/span><\/strong><\/td>\n<td class=\"column-2\"><span>Lat\u00f3n seg\u00fan BS 2874<\/span><\/td>\n<\/tr>\n<tr class=\"row-3 odd\">\n<td class=\"column-1\"><strong><span>Finalizar<\/span><\/strong><\/td>\n<td class=\"column-2\"><span>Casquillos macho hembra de lat\u00f3n y conectores ranurados de lat\u00f3n para conductos disponibles en acabado natural<\/span><\/td>\n<\/tr>\n<tr class=\"row-4 even\">\n<td class=\"column-1\"><strong><span>Tallas<\/span><\/strong><\/td>\n<td class=\"column-2\"><span>M\u00e9trico 20 mm 25 mm 32 mm 40 mm 50 mm 11\/2\u2033 2\u2033 (patr\u00f3n corto y largo)<\/span><\/td>\n<\/tr>\n<tr class=\"row-5 odd\">\n<td class=\"column-1\"><strong><span>Trapos<\/span><\/strong><\/td>\n<td class=\"column-2\"><span>Accesorios de casquillos roscados para conductos BS m\u00e9tricos\/PG\/imperiales disponibles en accesorios de casquillos macho y hembra de lat\u00f3n para conductos<\/span><\/td>\n<\/tr>\n<\/tbody>\n<\/table>\n<p><span>Los tapones ranurados macho y hembra de lat\u00f3n son accesorios especializados que se utilizan en sistemas de conductos el\u00e9ctricos para terminar o cerrar los extremos de los conductos. Est\u00e1n hechos de lat\u00f3n, un metal conocido por su excelente conductividad el\u00e9ctrica, resistencia a la corrosi\u00f3n y resistencia mec\u00e1nica.<\/span><\/p>\n<p><span>Analicemos cada componente:<\/span><\/p>\n<ol>\n<li><b><\/b><strong><b><span>Casquillos macho y hembra para conductos de lat\u00f3n:<\/span><\/b><\/strong><span>\u00a0los casquillos para conductos de lat\u00f3n son accesorios que se utilizan para proporcionar un punto de entrada suave y redondeado para cables el\u00e9ctricos en un conducto. Se instalan al final del conducto, lo que ayuda a proteger los cables de los bordes afilados y evita que se da\u00f1e el aislamiento durante la inserci\u00f3n.<\/span>\n<ul>\n<li><b><\/b><strong><b><span>Casquillos macho para conductos de lat\u00f3n:<\/span><\/b><\/strong><span>\u00a0son accesorios con roscas externas dise\u00f1ados para insertarse en las roscas hembra del conducto. El casquillo macho proporciona una abertura roscada para conectar conectores de conductos, acoplamientos u otros accesorios.<\/span><\/li>\n<li><b><\/b><strong><b><span>Casquillos hembra de lat\u00f3n para conductos:<\/span><\/b><\/strong><span>\u00a0son accesorios con roscas internas dise\u00f1ados para recibir las roscas macho de los conductos u otros accesorios. El casquillo hembra proporciona una conexi\u00f3n roscada segura para conectar conectores de conductos, acoplamientos u otros componentes.<\/span><\/li>\n<\/ul>\n<\/li>\n<li><b><\/b><strong><b><span>Tapones ranurados de lat\u00f3n para conductos:<\/span><\/b><\/strong><span>\u00a0los tapones ranurados de lat\u00f3n para conductos se utilizan para tapar los extremos de los conductos y evitar la entrada de polvo, residuos o humedad. Estos tapones tienen una cabeza ranurada o plana que se puede apretar o quitar f\u00e1cilmente con un destornillador.<\/span><\/li>\n<\/ol>\n<p><span>Estos accesorios de lat\u00f3n para conductos se utilizan com\u00fanmente en sistemas de conductos el\u00e9ctricos para aplicaciones tanto interiores como exteriores. Ayudan a mantener la integridad del conducto al proporcionar puntos de entrada seguros y protegidos para cables y al sellar los extremos abiertos del conducto para evitar la entrada de contaminantes.<\/span><\/p>\n<p><span>Al instalar casquillos macho y hembra y tapones ranurados de conductos de lat\u00f3n, es importante garantizar el tama\u00f1o adecuado y la compatibilidad con el conducto que se utiliza.<\/span><\/p>\n","protected":false},"featured_media":7952,"template":"","meta":[],"product_brand":[],"product_cat":[399],"product_tag":[],"class_list":{"0":"post-11951","1":"product","2":"type-product","3":"status-publish","4":"has-post-thumbnail","6":"product_cat-accesorios-de-conductos-de-laton","8":"first","9":"instock","10":"shipping-taxable","11":"product-type-simple"},"yoast_head":"<!-- This site is optimized with the Yoast SEO plugin v27.3 - https:\/\/yoast.com\/product\/yoast-seo-wordpress\/ -->\n<title>Casquillos Macho y Hembra de Lat\u00f3n con Tapones Ranurados<\/title>\n<meta name=\"description\" content=\"Conex ofrece Bujes de Lat\u00f3n Masculinos y Femeninos y Tapones Ranurados para sistemas de condu\u00edte. Nuestra l\u00ednea de productos incluye diversos tipos de tapones y bujes, garantizando conexiones seguras y fiables. Estos accesorios de lat\u00f3n de alta calidad mantienen la integridad y el rendimiento de los sistemas de condu\u00edte el\u00e9ctricos.\" \/>\n<meta name=\"robots\" content=\"index, follow, max-snippet:-1, max-image-preview:large, max-video-preview:-1\" \/>\n<link rel=\"canonical\" href=\"https:\/\/conexmetals.com\/es\/producto\/casquillos-macho-y-hembra-de-laton-con-tapones-ranurados\/\" \/>\n<script type=\"application\/ld+json\" class=\"yoast-schema-graph\">{\"@context\":\"https:\\\/\\\/schema.org\",\"@graph\":[{\"@type\":\"WebPage\",\"@id\":\"https:\\\/\\\/conexmetals.com\\\/es\\\/producto\\\/casquillos-macho-y-hembra-de-laton-con-tapones-ranurados\\\/\",\"url\":\"https:\\\/\\\/conexmetals.com\\\/es\\\/producto\\\/casquillos-macho-y-hembra-de-laton-con-tapones-ranurados\\\/\",\"name\":\"Casquillos Macho y Hembra de Lat\u00f3n con Tapones Ranurados\",\"isPartOf\":{\"@id\":\"https:\\\/\\\/conexmetals.com\\\/es\\\/#website\"},\"primaryImageOfPage\":{\"@id\":\"https:\\\/\\\/conexmetals.com\\\/es\\\/producto\\\/casquillos-macho-y-hembra-de-laton-con-tapones-ranurados\\\/#primaryimage\"},\"image\":{\"@id\":\"https:\\\/\\\/conexmetals.com\\\/es\\\/producto\\\/casquillos-macho-y-hembra-de-laton-con-tapones-ranurados\\\/#primaryimage\"},\"thumbnailUrl\":\"https:\\\/\\\/conexmetals.com\\\/wp-content\\\/uploads\\\/2024\\\/10\\\/Casquillos-Macho-y-Hembra-de-Laton-con-Tapones-Ranurados.png\",\"datePublished\":\"2023-08-17T06:42:14+00:00\",\"dateModified\":\"2024-10-25T10:18:52+00:00\",\"description\":\"Conex ofrece Bujes de Lat\u00f3n Masculinos y Femeninos y Tapones Ranurados para sistemas de condu\u00edte. Nuestra l\u00ednea de productos incluye diversos tipos de tapones y bujes, garantizando conexiones seguras y fiables. Estos accesorios de lat\u00f3n de alta calidad mantienen la integridad y el rendimiento de los sistemas de condu\u00edte el\u00e9ctricos.\",\"breadcrumb\":{\"@id\":\"https:\\\/\\\/conexmetals.com\\\/es\\\/producto\\\/casquillos-macho-y-hembra-de-laton-con-tapones-ranurados\\\/#breadcrumb\"},\"inLanguage\":\"es\",\"potentialAction\":[{\"@type\":\"ReadAction\",\"target\":[\"https:\\\/\\\/conexmetals.com\\\/es\\\/producto\\\/casquillos-macho-y-hembra-de-laton-con-tapones-ranurados\\\/\"]}]},{\"@type\":\"ImageObject\",\"inLanguage\":\"es\",\"@id\":\"https:\\\/\\\/conexmetals.com\\\/es\\\/producto\\\/casquillos-macho-y-hembra-de-laton-con-tapones-ranurados\\\/#primaryimage\",\"url\":\"https:\\\/\\\/conexmetals.com\\\/wp-content\\\/uploads\\\/2024\\\/10\\\/Casquillos-Macho-y-Hembra-de-Laton-con-Tapones-Ranurados.png\",\"contentUrl\":\"https:\\\/\\\/conexmetals.com\\\/wp-content\\\/uploads\\\/2024\\\/10\\\/Casquillos-Macho-y-Hembra-de-Laton-con-Tapones-Ranurados.png\",\"width\":300,\"height\":300,\"caption\":\"Casquillos Macho y Hembra de Lat\u00f3n con Tapones Ranurados\"},{\"@type\":\"BreadcrumbList\",\"@id\":\"https:\\\/\\\/conexmetals.com\\\/es\\\/producto\\\/casquillos-macho-y-hembra-de-laton-con-tapones-ranurados\\\/#breadcrumb\",\"itemListElement\":[{\"@type\":\"ListItem\",\"position\":1,\"name\":\"Home\",\"item\":\"https:\\\/\\\/conexmetals.com\\\/es\\\/hogar\\\/\"},{\"@type\":\"ListItem\",\"position\":2,\"name\":\"Products\",\"item\":\"https:\\\/\\\/conexmetals.com\\\/products\\\/\"},{\"@type\":\"ListItem\",\"position\":3,\"name\":\"Casquillos Macho y Hembra de Lat\u00f3n con Tapones Ranurados\"}]},{\"@type\":\"WebSite\",\"@id\":\"https:\\\/\\\/conexmetals.com\\\/es\\\/#website\",\"url\":\"https:\\\/\\\/conexmetals.com\\\/es\\\/\",\"name\":\"Conex Metals Brass Fittings Brass Parts Copper Parts Brass Components Brass Plumbing Fittings India\",\"description\":\"Manufacturer of Bronze Fittings casting Copper Brass parts components\",\"publisher\":{\"@id\":\"https:\\\/\\\/conexmetals.com\\\/es\\\/#organization\"},\"potentialAction\":[{\"@type\":\"SearchAction\",\"target\":{\"@type\":\"EntryPoint\",\"urlTemplate\":\"https:\\\/\\\/conexmetals.com\\\/es\\\/?s={search_term_string}\"},\"query-input\":{\"@type\":\"PropertyValueSpecification\",\"valueRequired\":true,\"valueName\":\"search_term_string\"}}],\"inLanguage\":\"es\"},{\"@type\":\"Organization\",\"@id\":\"https:\\\/\\\/conexmetals.com\\\/es\\\/#organization\",\"name\":\"Conex Metals Brass Fittings Brass Parts Copper Parts Brass Components Brass Plumbing Fittings India\",\"url\":\"https:\\\/\\\/conexmetals.com\\\/es\\\/\",\"logo\":{\"@type\":\"ImageObject\",\"inLanguage\":\"es\",\"@id\":\"https:\\\/\\\/conexmetals.com\\\/es\\\/#\\\/schema\\\/logo\\\/image\\\/\",\"url\":\"https:\\\/\\\/conexmetals.com\\\/wp-content\\\/uploads\\\/2024\\\/03\\\/conex-metals-logo.webp\",\"contentUrl\":\"https:\\\/\\\/conexmetals.com\\\/wp-content\\\/uploads\\\/2024\\\/03\\\/conex-metals-logo.webp\",\"width\":300,\"height\":121,\"caption\":\"Conex Metals Brass Fittings Brass Parts Copper Parts Brass Components Brass Plumbing Fittings India\"},\"image\":{\"@id\":\"https:\\\/\\\/conexmetals.com\\\/es\\\/#\\\/schema\\\/logo\\\/image\\\/\"},\"sameAs\":[\"https:\\\/\\\/www.facebook.com\\\/conexbrass\",\"https:\\\/\\\/x.com\\\/conexindia\",\"https:\\\/\\\/www.linkedin.com\\\/company\\\/conex-metals-india\\\/\",\"https:\\\/\\\/www.instagram.com\\\/conexindia\\\/\"]}]}<\/script>\n<!-- \/ Yoast SEO plugin. -->","yoast_head_json":{"title":"Casquillos Macho y Hembra de Lat\u00f3n con Tapones Ranurados","description":"Conex ofrece Bujes de Lat\u00f3n Masculinos y Femeninos y Tapones Ranurados para sistemas de condu\u00edte. Nuestra l\u00ednea de productos incluye diversos tipos de tapones y bujes, garantizando conexiones seguras y fiables. Estos accesorios de lat\u00f3n de alta calidad mantienen la integridad y el rendimiento de los sistemas de condu\u00edte el\u00e9ctricos.","robots":{"index":"index","follow":"follow","max-snippet":"max-snippet:-1","max-image-preview":"max-image-preview:large","max-video-preview":"max-video-preview:-1"},"canonical":"https:\/\/conexmetals.com\/es\/producto\/casquillos-macho-y-hembra-de-laton-con-tapones-ranurados\/","schema":{"@context":"https:\/\/schema.org","@graph":[{"@type":"WebPage","@id":"https:\/\/conexmetals.com\/es\/producto\/casquillos-macho-y-hembra-de-laton-con-tapones-ranurados\/","url":"https:\/\/conexmetals.com\/es\/producto\/casquillos-macho-y-hembra-de-laton-con-tapones-ranurados\/","name":"Casquillos Macho y Hembra de Lat\u00f3n con Tapones Ranurados","isPartOf":{"@id":"https:\/\/conexmetals.com\/es\/#website"},"primaryImageOfPage":{"@id":"https:\/\/conexmetals.com\/es\/producto\/casquillos-macho-y-hembra-de-laton-con-tapones-ranurados\/#primaryimage"},"image":{"@id":"https:\/\/conexmetals.com\/es\/producto\/casquillos-macho-y-hembra-de-laton-con-tapones-ranurados\/#primaryimage"},"thumbnailUrl":"https:\/\/conexmetals.com\/wp-content\/uploads\/2024\/10\/Casquillos-Macho-y-Hembra-de-Laton-con-Tapones-Ranurados.png","datePublished":"2023-08-17T06:42:14+00:00","dateModified":"2024-10-25T10:18:52+00:00","description":"Conex ofrece Bujes de Lat\u00f3n Masculinos y Femeninos y Tapones Ranurados para sistemas de condu\u00edte. Nuestra l\u00ednea de productos incluye diversos tipos de tapones y bujes, garantizando conexiones seguras y fiables. Estos accesorios de lat\u00f3n de alta calidad mantienen la integridad y el rendimiento de los sistemas de condu\u00edte el\u00e9ctricos.","breadcrumb":{"@id":"https:\/\/conexmetals.com\/es\/producto\/casquillos-macho-y-hembra-de-laton-con-tapones-ranurados\/#breadcrumb"},"inLanguage":"es","potentialAction":[{"@type":"ReadAction","target":["https:\/\/conexmetals.com\/es\/producto\/casquillos-macho-y-hembra-de-laton-con-tapones-ranurados\/"]}]},{"@type":"ImageObject","inLanguage":"es","@id":"https:\/\/conexmetals.com\/es\/producto\/casquillos-macho-y-hembra-de-laton-con-tapones-ranurados\/#primaryimage","url":"https:\/\/conexmetals.com\/wp-content\/uploads\/2024\/10\/Casquillos-Macho-y-Hembra-de-Laton-con-Tapones-Ranurados.png","contentUrl":"https:\/\/conexmetals.com\/wp-content\/uploads\/2024\/10\/Casquillos-Macho-y-Hembra-de-Laton-con-Tapones-Ranurados.png","width":300,"height":300,"caption":"Casquillos Macho y Hembra de Lat\u00f3n con Tapones Ranurados"},{"@type":"BreadcrumbList","@id":"https:\/\/conexmetals.com\/es\/producto\/casquillos-macho-y-hembra-de-laton-con-tapones-ranurados\/#breadcrumb","itemListElement":[{"@type":"ListItem","position":1,"name":"Home","item":"https:\/\/conexmetals.com\/es\/hogar\/"},{"@type":"ListItem","position":2,"name":"Products","item":"https:\/\/conexmetals.com\/products\/"},{"@type":"ListItem","position":3,"name":"Casquillos Macho y Hembra de Lat\u00f3n con Tapones Ranurados"}]},{"@type":"WebSite","@id":"https:\/\/conexmetals.com\/es\/#website","url":"https:\/\/conexmetals.com\/es\/","name":"Conex Metals Brass Fittings Brass Parts Copper Parts Brass Components Brass Plumbing Fittings India","description":"Manufacturer of Bronze Fittings casting Copper Brass parts components","publisher":{"@id":"https:\/\/conexmetals.com\/es\/#organization"},"potentialAction":[{"@type":"SearchAction","target":{"@type":"EntryPoint","urlTemplate":"https:\/\/conexmetals.com\/es\/?s={search_term_string}"},"query-input":{"@type":"PropertyValueSpecification","valueRequired":true,"valueName":"search_term_string"}}],"inLanguage":"es"},{"@type":"Organization","@id":"https:\/\/conexmetals.com\/es\/#organization","name":"Conex Metals Brass Fittings Brass Parts Copper Parts Brass Components Brass Plumbing Fittings India","url":"https:\/\/conexmetals.com\/es\/","logo":{"@type":"ImageObject","inLanguage":"es","@id":"https:\/\/conexmetals.com\/es\/#\/schema\/logo\/image\/","url":"https:\/\/conexmetals.com\/wp-content\/uploads\/2024\/03\/conex-metals-logo.webp","contentUrl":"https:\/\/conexmetals.com\/wp-content\/uploads\/2024\/03\/conex-metals-logo.webp","width":300,"height":121,"caption":"Conex Metals Brass Fittings Brass Parts Copper Parts Brass Components Brass Plumbing Fittings India"},"image":{"@id":"https:\/\/conexmetals.com\/es\/#\/schema\/logo\/image\/"},"sameAs":["https:\/\/www.facebook.com\/conexbrass","https:\/\/x.com\/conexindia","https:\/\/www.linkedin.com\/company\/conex-metals-india\/","https:\/\/www.instagram.com\/conexindia\/"]}]}},"_links":{"self":[{"href":"https:\/\/conexmetals.com\/es\/wp-json\/wp\/v2\/product\/11951","targetHints":{"allow":["GET"]}}],"collection":[{"href":"https:\/\/conexmetals.com\/es\/wp-json\/wp\/v2\/product"}],"about":[{"href":"https:\/\/conexmetals.com\/es\/wp-json\/wp\/v2\/types\/product"}],"wp:featuredmedia":[{"embeddable":true,"href":"https:\/\/conexmetals.com\/es\/wp-json\/wp\/v2\/media\/7952"}],"wp:attachment":[{"href":"https:\/\/conexmetals.com\/es\/wp-json\/wp\/v2\/media?parent=11951"}],"wp:term":[{"taxonomy":"product_brand","embeddable":true,"href":"https:\/\/conexmetals.com\/es\/wp-json\/wp\/v2\/product_brand?post=11951"},{"taxonomy":"product_cat","embeddable":true,"href":"https:\/\/conexmetals.com\/es\/wp-json\/wp\/v2\/product_cat?post=11951"},{"taxonomy":"product_tag","embeddable":true,"href":"https:\/\/conexmetals.com\/es\/wp-json\/wp\/v2\/product_tag?post=11951"}],"curies":[{"name":"wp","href":"https:\/\/api.w.org\/{rel}","templated":true}]}}