{"id":12219,"date":"2023-08-18T10:43:57","date_gmt":"2023-08-18T05:13:57","guid":{"rendered":"https:\/\/conexmetals.com\/?post_type=product&#038;p=12219"},"modified":"2024-12-19T11:07:53","modified_gmt":"2024-12-19T05:37:53","slug":"terminales-bimetalicos-de-cobre-y-aluminio","status":"publish","type":"product","link":"https:\/\/conexmetals.com\/es\/producto\/terminales-bimetalicos-de-cobre-y-aluminio\/","title":{"rendered":"Terminales bimet\u00e1licos de cobre y aluminio"},"content":{"rendered":"","protected":false},"excerpt":{"rendered":"<table id=\"tablepress-384\" class=\"tablepress tablepress-id-384\">\n<caption>\u00a0<\/caption>\n<thead>\n<tr class=\"row-1 odd\">\n<th class=\"column-1\" colspan=\"6\"><strong><span>Hoja de dimensiones<\/span><\/strong><\/th>\n<\/tr>\n<\/thead>\n<tbody class=\"row-hover\">\n<tr class=\"row-2 even\">\n<td class=\"column-1\" rowspan=\"2\"><strong><span>N\u00famero de serie<\/span><\/strong><\/td>\n<td class=\"column-2\" rowspan=\"2\"><strong><span>\u00c1rea\u00a0<\/span><sup><span>mm2<\/span><\/sup><\/strong><\/td>\n<td class=\"column-3\" rowspan=\"2\"><strong><span>\u00d8E (Tama\u00f1o del perno)<\/span><\/strong><\/td>\n<td class=\"column-4\" colspan=\"3\"><strong><span>Dimensiones en mm<\/span><\/strong><\/td>\n<\/tr>\n<tr class=\"row-3 odd\">\n<td class=\"column-4\"><strong><span>O Un<\/span><\/strong><\/td>\n<td class=\"column-5\"><strong><span>D<\/span><\/strong><\/td>\n<td class=\"column-6\"><strong><span>Yo<\/span><\/strong><\/td>\n<\/tr>\n<tr class=\"row-4 even\">\n<td class=\"column-1\"><span>1<\/span><\/td>\n<td class=\"column-2\"><span>25<\/span><\/td>\n<td class=\"column-3\"><span>M8\/10<\/span><\/td>\n<td class=\"column-4\"><span>6.5<\/span><\/td>\n<td class=\"column-5\"><span>20<\/span><\/td>\n<td class=\"column-6\"><span>79<\/span><\/td>\n<\/tr>\n<tr class=\"row-5 odd\">\n<td class=\"column-1\"><span>2<\/span><\/td>\n<td class=\"column-2\"><span>35<\/span><\/td>\n<td class=\"column-3\"><span>M8\/10<\/span><\/td>\n<td class=\"column-4\"><span>8<\/span><\/td>\n<td class=\"column-5\"><span>20<\/span><\/td>\n<td class=\"column-6\"><span>79<\/span><\/td>\n<\/tr>\n<tr class=\"row-6 even\">\n<td class=\"column-1\"><span>3<\/span><\/td>\n<td class=\"column-2\"><span>50<\/span><\/td>\n<td class=\"column-3\"><span>14\/12\/10<\/span><\/td>\n<td class=\"column-4\"><span>9<\/span><\/td>\n<td class=\"column-5\"><span>24<\/span><\/td>\n<td class=\"column-6\"><span>88<\/span><\/td>\n<\/tr>\n<tr class=\"row-7 odd\">\n<td class=\"column-1\"><span>4<\/span><\/td>\n<td class=\"column-2\"><span>70<\/span><\/td>\n<td class=\"column-3\"><span>14\/12\/10<\/span><\/td>\n<td class=\"column-4\"><span>11<\/span><\/td>\n<td class=\"column-5\"><span>24<\/span><\/td>\n<td class=\"column-6\"><span>88<\/span><\/td>\n<\/tr>\n<tr class=\"row-8 even\">\n<td class=\"column-1\"><span>5<\/span><\/td>\n<td class=\"column-2\"><span>95<\/span><\/td>\n<td class=\"column-3\"><span>14\/12\/10<\/span><\/td>\n<td class=\"column-4\"><span>12<\/span><\/td>\n<td class=\"column-5\"><span>24<\/span><\/td>\n<td class=\"column-6\"><span>88<\/span><\/td>\n<\/tr>\n<tr class=\"row-9 odd\">\n<td class=\"column-1\"><span>6<\/span><\/td>\n<td class=\"column-2\"><span>120<\/span><\/td>\n<td class=\"column-3\"><span>14\/12\/10<\/span><\/td>\n<td class=\"column-4\"><span>14<\/span><\/td>\n<td class=\"column-5\"><span>30<\/span><\/td>\n<td class=\"column-6\"><span>110<\/span><\/td>\n<\/tr>\n<tr class=\"row-10 even\">\n<td class=\"column-1\"><span>7<\/span><\/td>\n<td class=\"column-2\"><span>150<\/span><\/td>\n<td class=\"column-3\"><span>14\/12\/10<\/span><\/td>\n<td class=\"column-4\"><span>15.5<\/span><\/td>\n<td class=\"column-5\"><span>30<\/span><\/td>\n<td class=\"column-6\"><span>110<\/span><\/td>\n<\/tr>\n<tr class=\"row-11 odd\">\n<td class=\"column-1\"><span>8<\/span><\/td>\n<td class=\"column-2\"><span>185<\/span><\/td>\n<td class=\"column-3\"><span>14\/12\/10<\/span><\/td>\n<td class=\"column-4\"><span>17<\/span><\/td>\n<td class=\"column-5\"><span>35<\/span><\/td>\n<td class=\"column-6\"><span>116<\/span><\/td>\n<\/tr>\n<tr class=\"row-12 even\">\n<td class=\"column-1\"><span>9<\/span><\/td>\n<td class=\"column-2\"><span>240<\/span><\/td>\n<td class=\"column-3\"><span>16\/12\/10<\/span><\/td>\n<td class=\"column-4\"><span>19.5<\/span><\/td>\n<td class=\"column-5\"><span>35<\/span><\/td>\n<td class=\"column-6\"><span>116<\/span><\/td>\n<\/tr>\n<tr class=\"row-13 odd\">\n<td class=\"column-1\"><span>10<\/span><\/td>\n<td class=\"column-2\"><span>300<\/span><\/td>\n<td class=\"column-3\"><span>16\/12\/10<\/span><\/td>\n<td class=\"column-4\"><span>23<\/span><\/td>\n<td class=\"column-5\"><span>36<\/span><\/td>\n<td class=\"column-6\"><span>130<\/span><\/td>\n<\/tr>\n<tr class=\"row-14 even\">\n<td class=\"column-1\"><span>11<\/span><\/td>\n<td class=\"column-2\"><span>400<\/span><\/td>\n<td class=\"column-3\"><span>16\/12\/10<\/span><\/td>\n<td class=\"column-4\"><span>26<\/span><\/td>\n<td class=\"column-5\"><span>36<\/span><\/td>\n<td class=\"column-6\"><span>150<\/span><\/td>\n<\/tr>\n<tr class=\"row-15 odd\">\n<td class=\"column-1\"><span>13<\/span><\/td>\n<td class=\"column-2\"><span>500<\/span><\/td>\n<td class=\"column-3\"><span>16\/12\/10<\/span><\/td>\n<td class=\"column-4\"><span>29<\/span><\/td>\n<td class=\"column-5\"><span>36<\/span><\/td>\n<td class=\"column-6\"><span>150<\/span><\/td>\n<\/tr>\n<tr class=\"row-16 even\">\n<td class=\"column-1\"><\/td>\n<td class=\"column-2\"><span>630<\/span><\/td>\n<td class=\"column-3\"><span>&#8211;<\/span><\/td>\n<td class=\"column-4\"><span>32<\/span><\/td>\n<td class=\"column-5\"><span>36<\/span><\/td>\n<td class=\"column-6\"><span>150<\/span><\/td>\n<\/tr>\n<\/tbody>\n<\/table>\n<p><img fetchpriority=\"high\" decoding=\"async\" class=\"alignnone size-full wp-image-12143 lazy loaded\" src=\"https:\/\/conexmetals.com\/wp-content\/uploads\/2023\/08\/Bi-Metallic-Copper-and-Aluminium-Terminals.webp\" alt=\"Terminales bimet\u00e1licos de cobre y aluminio\" width=\"300\" height=\"187\" data-src=\"https:\/\/conexmetals.com\/wp-content\/uploads\/2023\/08\/Bi-Metallic-Copper-and-Aluminium-Terminals.webp\" data-was-processed=\"true\" \/><span>Los terminales bimet\u00e1licos de cobre y aluminio, tambi\u00e9n conocidos como terminales bimet\u00e1licos o conectores bimet\u00e1licos, son conectores el\u00e9ctricos especializados dise\u00f1ados para crear conexiones el\u00e9ctricas confiables entre conductores de cobre y aluminio. Estos conectores se utilizan para conectar cables de cobre a cables de aluminio, uniendo metales diferentes en aplicaciones el\u00e9ctricas.<\/span><\/p>\n<p>&nbsp;<\/p>\n<p><span>Las caracter\u00edsticas y usos clave de los terminales bimet\u00e1licos de cobre y aluminio incluyen:<\/span><\/p>\n<ol>\n<li><span>Material: Los terminales bimet\u00e1licos constan de dos partes principales: una parte de cobre y una parte de aluminio. La parte de cobre est\u00e1 hecha de cobre de alta conductividad y la parte de aluminio est\u00e1 hecha de aluminio de alta calidad.<\/span><\/li>\n<li><span>Dise\u00f1o de transici\u00f3n: Los terminales bimet\u00e1licos est\u00e1n dise\u00f1ados para alojar conductores de cobre y aluminio. Los dos metales est\u00e1n unidos metal\u00fargicamente o fijados mec\u00e1nicamente para garantizar una conexi\u00f3n confiable y de baja resistencia.<\/span><\/li>\n<li><span>C\u00f3mo evitar la corrosi\u00f3n galv\u00e1nica: cuando el cobre y el aluminio entran en contacto directo sin una transici\u00f3n adecuada, puede producirse corrosi\u00f3n galv\u00e1nica debido a las diferentes propiedades electroqu\u00edmicas de los metales. Los terminales bimet\u00e1licos ayudan a prevenir este problema de corrosi\u00f3n.<\/span><\/li>\n<li><span>Tama\u00f1o: Los terminales bimet\u00e1licos vienen en varios tama\u00f1os para adaptarse a diferentes di\u00e1metros de cables de cobre y aluminio, lo que permite una amplia gama de aplicaciones de terminaci\u00f3n de cables.<\/span><\/li>\n<li><span>Terminaci\u00f3n: Generalmente se unen a los extremos del cable mediante m\u00e9todos de compresi\u00f3n o engarce, creando una conexi\u00f3n el\u00e9ctrica confiable y permanente.<\/span><\/li>\n<li><span>Aplicaciones: Los terminales bimet\u00e1licos de cobre y aluminio se utilizan en diversos sistemas el\u00e9ctricos donde se requieren conexiones entre conductores de cobre y aluminio, como distribuci\u00f3n de energ\u00eda, paneles el\u00e9ctricos y transformadores.<\/span><\/li>\n<li><span>Seguridad el\u00e9ctrica: Los terminales bimet\u00e1licos garantizan una conexi\u00f3n el\u00e9ctrica segura al tiempo que mitigan el riesgo de corrosi\u00f3n galv\u00e1nica y mantienen la seguridad el\u00e9ctrica.<\/span><\/li>\n<li><span>Durabilidad: La uni\u00f3n metal\u00fargica o sujeci\u00f3n mec\u00e1nica del Cobre y Aluminio en los terminales bimet\u00e1licos proporciona durabilidad y resistencia a los factores ambientales.<\/span><\/li>\n<\/ol>\n<p><span>Al trabajar con conexiones de cobre y aluminio, es fundamental utilizar terminales bimet\u00e1licos de cobre y aluminio para evitar los posibles riesgos asociados a la corrosi\u00f3n galv\u00e1nica. La selecci\u00f3n e instalaci\u00f3n adecuadas de estos terminales son cruciales para garantizar una conexi\u00f3n el\u00e9ctrica fiable, duradera y segura.<\/span><\/p>\n","protected":false},"featured_media":7112,"template":"","meta":[],"product_brand":[],"product_cat":[407],"product_tag":[],"class_list":{"0":"post-12219","1":"product","2":"type-product","3":"status-publish","4":"has-post-thumbnail","6":"product_cat-terminales-y-anillas-de-cable","8":"first","9":"instock","10":"shipping-taxable","11":"product-type-simple"},"yoast_head":"<!-- This site is optimized with the Yoast SEO plugin v27.3 - https:\/\/yoast.com\/product\/yoast-seo-wordpress\/ -->\n<title>Terminales bimet\u00e1licos de cobre y aluminio<\/title>\n<meta name=\"description\" content=\"Conex Metals ofrece terminales bimet\u00e1licos de cobre y aluminio de alta calidad, incluyendo terminales bimet\u00e1licos y terminales de crimpado. Nuestros terminales bimet\u00e1licos de grado electrol\u00edtico y terminales de cable soldados por fricci\u00f3n garantizan alta conductividad y resistencia a la corrosi\u00f3n. Principal fabricante, exportador y proveedor de India.\" \/>\n<meta name=\"robots\" content=\"index, follow, max-snippet:-1, max-image-preview:large, max-video-preview:-1\" \/>\n<link rel=\"canonical\" href=\"https:\/\/conexmetals.com\/es\/producto\/terminales-bimetalicos-de-cobre-y-aluminio\/\" \/>\n<script type=\"application\/ld+json\" class=\"yoast-schema-graph\">{\"@context\":\"https:\\\/\\\/schema.org\",\"@graph\":[{\"@type\":\"WebPage\",\"@id\":\"https:\\\/\\\/conexmetals.com\\\/es\\\/producto\\\/terminales-bimetalicos-de-cobre-y-aluminio\\\/\",\"url\":\"https:\\\/\\\/conexmetals.com\\\/es\\\/producto\\\/terminales-bimetalicos-de-cobre-y-aluminio\\\/\",\"name\":\"Terminales bimet\u00e1licos de cobre y aluminio\",\"isPartOf\":{\"@id\":\"https:\\\/\\\/conexmetals.com\\\/es\\\/#website\"},\"primaryImageOfPage\":{\"@id\":\"https:\\\/\\\/conexmetals.com\\\/es\\\/producto\\\/terminales-bimetalicos-de-cobre-y-aluminio\\\/#primaryimage\"},\"image\":{\"@id\":\"https:\\\/\\\/conexmetals.com\\\/es\\\/producto\\\/terminales-bimetalicos-de-cobre-y-aluminio\\\/#primaryimage\"},\"thumbnailUrl\":\"https:\\\/\\\/conexmetals.com\\\/wp-content\\\/uploads\\\/2024\\\/12\\\/Terminales-bimetalicos-de-cobre-y-aluminio.webp\",\"datePublished\":\"2023-08-18T05:13:57+00:00\",\"dateModified\":\"2024-12-19T05:37:53+00:00\",\"description\":\"Conex Metals ofrece terminales bimet\u00e1licos de cobre y aluminio de alta calidad, incluyendo terminales bimet\u00e1licos y terminales de crimpado. Nuestros terminales bimet\u00e1licos de grado electrol\u00edtico y terminales de cable soldados por fricci\u00f3n garantizan alta conductividad y resistencia a la corrosi\u00f3n. Principal fabricante, exportador y proveedor de India.\",\"breadcrumb\":{\"@id\":\"https:\\\/\\\/conexmetals.com\\\/es\\\/producto\\\/terminales-bimetalicos-de-cobre-y-aluminio\\\/#breadcrumb\"},\"inLanguage\":\"es\",\"potentialAction\":[{\"@type\":\"ReadAction\",\"target\":[\"https:\\\/\\\/conexmetals.com\\\/es\\\/producto\\\/terminales-bimetalicos-de-cobre-y-aluminio\\\/\"]}]},{\"@type\":\"ImageObject\",\"inLanguage\":\"es\",\"@id\":\"https:\\\/\\\/conexmetals.com\\\/es\\\/producto\\\/terminales-bimetalicos-de-cobre-y-aluminio\\\/#primaryimage\",\"url\":\"https:\\\/\\\/conexmetals.com\\\/wp-content\\\/uploads\\\/2024\\\/12\\\/Terminales-bimetalicos-de-cobre-y-aluminio.webp\",\"contentUrl\":\"https:\\\/\\\/conexmetals.com\\\/wp-content\\\/uploads\\\/2024\\\/12\\\/Terminales-bimetalicos-de-cobre-y-aluminio.webp\",\"width\":350,\"height\":350,\"caption\":\"Terminales bimet\u00e1licos de cobre y aluminio\"},{\"@type\":\"BreadcrumbList\",\"@id\":\"https:\\\/\\\/conexmetals.com\\\/es\\\/producto\\\/terminales-bimetalicos-de-cobre-y-aluminio\\\/#breadcrumb\",\"itemListElement\":[{\"@type\":\"ListItem\",\"position\":1,\"name\":\"Home\",\"item\":\"https:\\\/\\\/conexmetals.com\\\/es\\\/hogar\\\/\"},{\"@type\":\"ListItem\",\"position\":2,\"name\":\"Products\",\"item\":\"https:\\\/\\\/conexmetals.com\\\/products\\\/\"},{\"@type\":\"ListItem\",\"position\":3,\"name\":\"Terminales bimet\u00e1licos de cobre y aluminio\"}]},{\"@type\":\"WebSite\",\"@id\":\"https:\\\/\\\/conexmetals.com\\\/es\\\/#website\",\"url\":\"https:\\\/\\\/conexmetals.com\\\/es\\\/\",\"name\":\"Conex Metals Brass Fittings Brass Parts Copper Parts Brass Components Brass Plumbing Fittings India\",\"description\":\"Manufacturer of Bronze Fittings casting Copper Brass parts components\",\"publisher\":{\"@id\":\"https:\\\/\\\/conexmetals.com\\\/es\\\/#organization\"},\"potentialAction\":[{\"@type\":\"SearchAction\",\"target\":{\"@type\":\"EntryPoint\",\"urlTemplate\":\"https:\\\/\\\/conexmetals.com\\\/es\\\/?s={search_term_string}\"},\"query-input\":{\"@type\":\"PropertyValueSpecification\",\"valueRequired\":true,\"valueName\":\"search_term_string\"}}],\"inLanguage\":\"es\"},{\"@type\":\"Organization\",\"@id\":\"https:\\\/\\\/conexmetals.com\\\/es\\\/#organization\",\"name\":\"Conex Metals Brass Fittings Brass Parts Copper Parts Brass Components Brass Plumbing Fittings India\",\"url\":\"https:\\\/\\\/conexmetals.com\\\/es\\\/\",\"logo\":{\"@type\":\"ImageObject\",\"inLanguage\":\"es\",\"@id\":\"https:\\\/\\\/conexmetals.com\\\/es\\\/#\\\/schema\\\/logo\\\/image\\\/\",\"url\":\"https:\\\/\\\/conexmetals.com\\\/wp-content\\\/uploads\\\/2024\\\/03\\\/conex-metals-logo.webp\",\"contentUrl\":\"https:\\\/\\\/conexmetals.com\\\/wp-content\\\/uploads\\\/2024\\\/03\\\/conex-metals-logo.webp\",\"width\":300,\"height\":121,\"caption\":\"Conex Metals Brass Fittings Brass Parts Copper Parts Brass Components Brass Plumbing Fittings India\"},\"image\":{\"@id\":\"https:\\\/\\\/conexmetals.com\\\/es\\\/#\\\/schema\\\/logo\\\/image\\\/\"},\"sameAs\":[\"https:\\\/\\\/www.facebook.com\\\/conexbrass\",\"https:\\\/\\\/x.com\\\/conexindia\",\"https:\\\/\\\/www.linkedin.com\\\/company\\\/conex-metals-india\\\/\",\"https:\\\/\\\/www.instagram.com\\\/conexindia\\\/\"]}]}<\/script>\n<!-- \/ Yoast SEO plugin. -->","yoast_head_json":{"title":"Terminales bimet\u00e1licos de cobre y aluminio","description":"Conex Metals ofrece terminales bimet\u00e1licos de cobre y aluminio de alta calidad, incluyendo terminales bimet\u00e1licos y terminales de crimpado. Nuestros terminales bimet\u00e1licos de grado electrol\u00edtico y terminales de cable soldados por fricci\u00f3n garantizan alta conductividad y resistencia a la corrosi\u00f3n. Principal fabricante, exportador y proveedor de India.","robots":{"index":"index","follow":"follow","max-snippet":"max-snippet:-1","max-image-preview":"max-image-preview:large","max-video-preview":"max-video-preview:-1"},"canonical":"https:\/\/conexmetals.com\/es\/producto\/terminales-bimetalicos-de-cobre-y-aluminio\/","schema":{"@context":"https:\/\/schema.org","@graph":[{"@type":"WebPage","@id":"https:\/\/conexmetals.com\/es\/producto\/terminales-bimetalicos-de-cobre-y-aluminio\/","url":"https:\/\/conexmetals.com\/es\/producto\/terminales-bimetalicos-de-cobre-y-aluminio\/","name":"Terminales bimet\u00e1licos de cobre y aluminio","isPartOf":{"@id":"https:\/\/conexmetals.com\/es\/#website"},"primaryImageOfPage":{"@id":"https:\/\/conexmetals.com\/es\/producto\/terminales-bimetalicos-de-cobre-y-aluminio\/#primaryimage"},"image":{"@id":"https:\/\/conexmetals.com\/es\/producto\/terminales-bimetalicos-de-cobre-y-aluminio\/#primaryimage"},"thumbnailUrl":"https:\/\/conexmetals.com\/wp-content\/uploads\/2024\/12\/Terminales-bimetalicos-de-cobre-y-aluminio.webp","datePublished":"2023-08-18T05:13:57+00:00","dateModified":"2024-12-19T05:37:53+00:00","description":"Conex Metals ofrece terminales bimet\u00e1licos de cobre y aluminio de alta calidad, incluyendo terminales bimet\u00e1licos y terminales de crimpado. Nuestros terminales bimet\u00e1licos de grado electrol\u00edtico y terminales de cable soldados por fricci\u00f3n garantizan alta conductividad y resistencia a la corrosi\u00f3n. Principal fabricante, exportador y proveedor de India.","breadcrumb":{"@id":"https:\/\/conexmetals.com\/es\/producto\/terminales-bimetalicos-de-cobre-y-aluminio\/#breadcrumb"},"inLanguage":"es","potentialAction":[{"@type":"ReadAction","target":["https:\/\/conexmetals.com\/es\/producto\/terminales-bimetalicos-de-cobre-y-aluminio\/"]}]},{"@type":"ImageObject","inLanguage":"es","@id":"https:\/\/conexmetals.com\/es\/producto\/terminales-bimetalicos-de-cobre-y-aluminio\/#primaryimage","url":"https:\/\/conexmetals.com\/wp-content\/uploads\/2024\/12\/Terminales-bimetalicos-de-cobre-y-aluminio.webp","contentUrl":"https:\/\/conexmetals.com\/wp-content\/uploads\/2024\/12\/Terminales-bimetalicos-de-cobre-y-aluminio.webp","width":350,"height":350,"caption":"Terminales bimet\u00e1licos de cobre y aluminio"},{"@type":"BreadcrumbList","@id":"https:\/\/conexmetals.com\/es\/producto\/terminales-bimetalicos-de-cobre-y-aluminio\/#breadcrumb","itemListElement":[{"@type":"ListItem","position":1,"name":"Home","item":"https:\/\/conexmetals.com\/es\/hogar\/"},{"@type":"ListItem","position":2,"name":"Products","item":"https:\/\/conexmetals.com\/products\/"},{"@type":"ListItem","position":3,"name":"Terminales bimet\u00e1licos de cobre y aluminio"}]},{"@type":"WebSite","@id":"https:\/\/conexmetals.com\/es\/#website","url":"https:\/\/conexmetals.com\/es\/","name":"Conex Metals Brass Fittings Brass Parts Copper Parts Brass Components Brass Plumbing Fittings India","description":"Manufacturer of Bronze Fittings casting Copper Brass parts components","publisher":{"@id":"https:\/\/conexmetals.com\/es\/#organization"},"potentialAction":[{"@type":"SearchAction","target":{"@type":"EntryPoint","urlTemplate":"https:\/\/conexmetals.com\/es\/?s={search_term_string}"},"query-input":{"@type":"PropertyValueSpecification","valueRequired":true,"valueName":"search_term_string"}}],"inLanguage":"es"},{"@type":"Organization","@id":"https:\/\/conexmetals.com\/es\/#organization","name":"Conex Metals Brass Fittings Brass Parts Copper Parts Brass Components Brass Plumbing Fittings India","url":"https:\/\/conexmetals.com\/es\/","logo":{"@type":"ImageObject","inLanguage":"es","@id":"https:\/\/conexmetals.com\/es\/#\/schema\/logo\/image\/","url":"https:\/\/conexmetals.com\/wp-content\/uploads\/2024\/03\/conex-metals-logo.webp","contentUrl":"https:\/\/conexmetals.com\/wp-content\/uploads\/2024\/03\/conex-metals-logo.webp","width":300,"height":121,"caption":"Conex Metals Brass Fittings Brass Parts Copper Parts Brass Components Brass Plumbing Fittings India"},"image":{"@id":"https:\/\/conexmetals.com\/es\/#\/schema\/logo\/image\/"},"sameAs":["https:\/\/www.facebook.com\/conexbrass","https:\/\/x.com\/conexindia","https:\/\/www.linkedin.com\/company\/conex-metals-india\/","https:\/\/www.instagram.com\/conexindia\/"]}]}},"_links":{"self":[{"href":"https:\/\/conexmetals.com\/es\/wp-json\/wp\/v2\/product\/12219","targetHints":{"allow":["GET"]}}],"collection":[{"href":"https:\/\/conexmetals.com\/es\/wp-json\/wp\/v2\/product"}],"about":[{"href":"https:\/\/conexmetals.com\/es\/wp-json\/wp\/v2\/types\/product"}],"wp:featuredmedia":[{"embeddable":true,"href":"https:\/\/conexmetals.com\/es\/wp-json\/wp\/v2\/media\/7112"}],"wp:attachment":[{"href":"https:\/\/conexmetals.com\/es\/wp-json\/wp\/v2\/media?parent=12219"}],"wp:term":[{"taxonomy":"product_brand","embeddable":true,"href":"https:\/\/conexmetals.com\/es\/wp-json\/wp\/v2\/product_brand?post=12219"},{"taxonomy":"product_cat","embeddable":true,"href":"https:\/\/conexmetals.com\/es\/wp-json\/wp\/v2\/product_cat?post=12219"},{"taxonomy":"product_tag","embeddable":true,"href":"https:\/\/conexmetals.com\/es\/wp-json\/wp\/v2\/product_tag?post=12219"}],"curies":[{"name":"wp","href":"https:\/\/api.w.org\/{rel}","templated":true}]}}